{"id":6,"date":"2023-10-31T15:24:45","date_gmt":"2023-10-31T15:24:45","guid":{"rendered":"https:\/\/liveunlimitedpku-dev-001.azurewebsites.net\/pt-pt\/?page_id=6"},"modified":"2025-02-18T20:04:28","modified_gmt":"2025-02-18T20:04:28","slug":"home","status":"publish","type":"page","link":"https:\/\/pku.biomarin.com\/pt-pt\/liveunlimited\/","title":{"rendered":"P\u00e1gina inicial"},"content":{"rendered":"<div id=\"acf-block-65411c3dc9a10\" class=\"hero hero-no-overlay\">\n            <div class=\"hero-background-image hero-background-image-desktop\" style=\"background-image: url(https:\/\/pku.biomarin.com\/pt-pt\/liveunlimited\/wp-content\/uploads\/sites\/16\/2023\/12\/PKU_POSTER_BACKBROUNDS_LANDSCAPE2B.jpg?v=0.74);\"><\/div>\n\t    <div class=\"hero-background-image hero-background-image-mobile\" style=\"background-image: url(https:\/\/pku.biomarin.com\/pt-pt\/liveunlimited\/wp-content\/uploads\/sites\/16\/2023\/11\/Paint.png?v=0.74);\"><\/div>\n    \t<div class=\"overlay\"><\/div>\n\t<div class=\"wrapper\">\n\t\t<div class=\"inner-wrapper\">\n\t\t\t<div class=\"hero-content\">\n\t\t\t    \t\t\t\t\t\t\t\t\t\t\t\t    <h1>A VIDA \u00c9 COMPLICADA QUANDO N\u00c3O TEM AS FERRAMENTAS DE QUE PRECISA.\n<\/h1>\n\t\t\t\t\t\t\t\t\t\t\t\t\n                <p class=\"inline-buttons\">\n                                                        <\/p>\n\t\t\t\t\t\t\t<\/div>\n\t\t<\/div>\n\t<\/div>\n<\/div>\n\n\n<div id=\"acf-block-6548cf57e0f85\" class=\"block wrapped-content\">\n    <div class=\"wrapper\">\n        <div class=\"inner-wrapper\">\n                \n<div id=\"acf-block-6548cf57e10fd\" class=\"block-wysiwyg\">\n            <h2>Apenas 12% dos adultos com PKU t\u00eam acesso \u00e0s ferramentas multidisciplinares e ao apoio de que precisam<sup>3<\/sup>\u2013 estamos a fazer esta campanha para mudar isto.<\/h2>\n    <\/div>\n        <\/div>\n    <\/div>\n<\/div>\n\n<div id=\"acf-block-6548cf57e1d5b\" class=\"block split-content equal-bias block-tight-bottom\" data-muted-autoplay=\"false\">\n\t<div class=\"wrapper\">\n\t\t<div class=\"inner-wrapper\">\n\t\t                                                                <div class=\"content-block first-block\">\n                                                                                                <h3>A fenilceton\u00faria (phenylketonuria, PKU) \u00e9 uma condi\u00e7\u00e3o metab\u00f3lica rara para toda a vida que limita a capacidade de uma pessoa de decompor prote\u00ednas e que pode causar efeitos t\u00f3xicos cumulativos no c\u00e9rebro<sup>1<\/sup>.<\/h3>\n<p>Cerca de 1 em cada 10.000 beb\u00e9s na Europa nascem com esta condi\u00e7\u00e3o gen\u00e9tica, que \u00e9 rastreada atrav\u00e9s do teste do pezinho, realizado com uma amostra de sangue obtida atrav\u00e9s de uma picada no calcanhar do rec\u00e9m-nascido.<\/p>\n<p>Mas a PKU n\u00e3o \u00e9 apenas uma doen\u00e7a infantil. Os adultos com esta condi\u00e7\u00e3o devem seguir o tratamento e uma dieta sem ou com muito pouca prote\u00edna para minimizar os sintomas e evitar danos no c\u00e9rebro<sup>1,2<\/sup>. Pode descobrir mais sobre a PKU <a href=\"https:\/\/pku.biomarin.com\/pt-pt\/liveunlimited\/o-que-e-a-pku\/\">aqui<\/a>.<\/p>\n                                                                                    <\/div>\n                    \n                                            <div class=\"content-block second-block\">\n                                                                                                                                                                                                                                                                                    \n                                    \n                                                                                                                \n                                    \n                                    <figure>\n                                        <div class=\"image image-rounded\">\n                                                                                            <img decoding=\"async\" class=\"\" src=\"https:\/\/pku.biomarin.com\/pt-pt\/liveunlimited\/wp-content\/uploads\/sites\/16\/2023\/12\/GettyImages-658442986-B.jpg?v=0.74\" alt=\"\" \/>                                                                                    <\/div>\n                                                                            <\/figure>\n                                                                                    <\/div>\n                                                \t\t<\/div>\n\t<\/div>\n<\/div>\n\n<div id=\"acf-block-658313fee96b6\" class=\"block boxed-content\">\n\t<div class=\"wrapper\">\n\t\t<div class=\"inner-wrapper\">\n\t\t\t<div class=\"box\">\n\t\t\t\t\t\t\t\t\n<div id=\"acf-block-658313fee97fa\" class=\"block-wysiwyg\">\n            <h2 class=\"h3\" style=\"text-align: center\">Viver sem as ferramentas necess\u00e1rias \u00e9 uma realidade di\u00e1ria para adultos com PKU em toda a Europa.<\/h2>\n    <\/div>\n\t\t\t<\/div>\n\t\t<\/div>\n\t<\/div>\n<\/div>\n\n<div id=\"acf-block-6548cf57e2279\" class=\"block split-content equal-bias block-tight-top block-tight-bottom\" data-muted-autoplay=\"false\">\n\t<div class=\"wrapper\">\n\t\t<div class=\"inner-wrapper\">\n\t\t                                                                <div class=\"content-block first-block\">\n                                                                                                                                                                                                                                                                                    \n                                    \n                                                                                                                \n                                    \n                                    <figure>\n                                        <div class=\"image image-rounded\">\n                                                                                            <img decoding=\"async\" class=\"\" src=\"https:\/\/pku.biomarin.com\/pt-pt\/liveunlimited\/wp-content\/uploads\/sites\/16\/2023\/11\/2.1_Desktop_GetStarted.jpg?v=0.74\" alt=\"Image of patient and doctor in office\" \/>                                                                                    <\/div>\n                                                                            <\/figure>\n                                                                                    <\/div>\n                    \n                                            <div class=\"content-block second-block\">\n                                                                                                <h3>Os cuidados de adultos com PKU variam consideravelmente em toda a Europa em termos de diagn\u00f3stico, tratamento e gest\u00e3o ao longo da vida<sup>3<\/sup>.<\/h3>\n<p>Apesar dos efeitos neurol\u00f3gicos da condi\u00e7\u00e3o e das dificuldades decorrentes de uma dieta pobre em prote\u00ednas, apenas\u00a0<strong>12% dos adultos<\/strong>\u00a0com PKU t\u00eam acesso \u00e0s ferramentas multidisciplinares e ao apoio de que precisam<sup>3<\/sup>. Alguns adultos precisam de ir \u00e0s enfermarias pedi\u00e1tricas para receber tratamento especializado.<\/p>\n                                                                                    <\/div>\n                                                \t\t<\/div>\n\t<\/div>\n<\/div>\n\n<div id=\"acf-block-65831a007e40b\" class=\"block cards cards-3-col bg-band bg-band-secondary block-zero-bottom\">\n\t<div class=\"wrapper\">\n\t\t<div class=\"inner-wrapper\">\n\t\t\t<div class=\"cards-title\">\n\t\t\t    \t\t\t\t    <h2>A gest\u00e3o da PKU ao longo da vida adulta pode ser muito dif\u00edcil e torna-se mais desafiante sem os servi\u00e7os de apoio adequados<sup>4<\/sup>.\n&nbsp;\n<\/h2>\n\t\t\t\t\t\t\t\t\t\t\t<\/div>\n\t\t\t<div class=\"cards-wrapper\">\n\t\t\t    \n<div id=\"acf-block-65831a007e9b3\" class=\"card card-centered\" data-muted-autoplay=\"false\">\n    \t    \n\n                    <img decoding=\"async\" class=\"card-image\" src=\"https:\/\/pku.biomarin.com\/pt-pt\/liveunlimited\/wp-content\/uploads\/sites\/16\/2024\/01\/86_orange.png?v=0.74\" alt=\"\" \/>        \n\t    <div class=\"card-content\">\n                            <h4>relatam que a ades\u00e3o \u00e0 dieta rigorosa exigia \u201cesfor\u00e7o significativo\u201d\n<\/h4>\n        \n                                                            <\/div>\n<\/div>\n\n<div id=\"acf-block-65831a007ea41\" class=\"card card-centered\" data-muted-autoplay=\"false\">\n    \t    \n\n                    <img decoding=\"async\" class=\"card-image\" src=\"https:\/\/pku.biomarin.com\/pt-pt\/liveunlimited\/wp-content\/uploads\/sites\/16\/2024\/01\/34_orange.png?v=0.74\" alt=\"\" \/>        \n\t    <div class=\"card-content\">\n                            <h4>relatam dificuldades de relacionamento com amigos, familiares ou parceiros\n<\/h4>\n        \n                                                            <\/div>\n<\/div>\n\n<div id=\"acf-block-65831a007ea9e\" class=\"card card-centered\" data-muted-autoplay=\"false\">\n    \t    \n\n                    <img decoding=\"async\" class=\"card-image\" src=\"https:\/\/pku.biomarin.com\/pt-pt\/liveunlimited\/wp-content\/uploads\/sites\/16\/2024\/01\/44_orange.png?v=0.74\" alt=\"\" \/>        \n\t    <div class=\"card-content\">\n                            <h4>sofrem exclus\u00e3o social\n<\/h4>\n        \n                                                            <\/div>\n<\/div>\n\t\t\t<\/div>\n\t\t<\/div>\n\t<\/div>\n<\/div>\n\n<div id=\"acf-block-65831a007ed45\" class=\"block wrapped-content bg-band bg-band-secondary block-zero-top\">\n    <div class=\"wrapper\">\n        <div class=\"inner-wrapper\">\n                \n<div id=\"acf-block-65831a007ee95\" class=\"block-wysiwyg\">\n            <h4 style=\"text-align: center\">Se tem PKU, pode encontrar mais servi\u00e7os de apoio ao doente <a href=\"https:\/\/pku.biomarin.com\/pt-pt\/liveunlimited\/apoio-ao-doente\/\">aqui<\/a><\/h4>\n    <\/div>\n        <\/div>\n    <\/div>\n<\/div>\n\n<div id=\"acf-block-66983249841d5\" class=\"block wrapped-content\">\n    <div class=\"wrapper\">\n        <div class=\"inner-wrapper\">\n                \n<div id=\"acf-block-6698324984316\" class=\"block-wysiwyg\">\n            <h2>Isto precisa de mudar.<\/h2>\n<p>A campanha Live Unlimited tem como objetivo aumentar a consciencializa\u00e7\u00e3o sobre a PKU como uma condi\u00e7\u00e3o para a vida e apoiar todos os que vivem com a condi\u00e7\u00e3o a pedir aos decisores pol\u00edticos\/legisladores que disponibilizem aos adultos melhor e mais frequente acesso a cuidados especializados.<\/p>\n<p>Estamos a trabalhar com grupos de doentes em toda a Europa para solicitar o acesso consistente a especialistas metab\u00f3licos, nutricionistas e apoio psicol\u00f3gico para todos os adultos com PKU na Europa \u2013 conforme estabelecido nas Diretrizes europeias para PKU de 2017<sup>1<\/sup>.<\/p>\n    <\/div>\n        <\/div>\n    <\/div>\n<\/div>\n\n<div id=\"acf-block-6548cf57e2c9b\" class=\"block references\">\n    <div class=\"wrapper\">\n\t\t<div class=\"inner-wrapper\">\n\t\t    \t\t\t    <h4>Refer\u00eancias\n<\/h4>\n\t\t\t\t\t\t                <ol>\n                                                                                                                        <li><span>Wegberg AMJ, MacDonald A, Ahring K, et al. The complete European guidelines on phenylketonuria: diagnosis and treatment. Orphanet J Rare Dis. 2017;12(1):162. October 2017.\n<\/span><\/li>\n                                                                                                                                                <li><span>Bilder DA et Al. Systematic Review and Meta-Analysis of Neuropsychiatric Symptoms and Executive Functioning in Adults With Phenylketonuria. Dev Neuropsychol<a href=\"https:\/\/www.ncbi.nlm.nih.gov\/pubmed\/27805419\">.<\/a> 2016 May-Jun;41(4):245-260.\n<\/span><\/li>\n                                                                                                                                                <li><span>Blau et Al. Management of phenylketonuria in Europe: Survey results from 19 countries. Molecular Genetics and Metabolism 99 (2010) 109\u2013115\n<\/span><\/li>\n                                                                                                                                                <li><span>Ford, S. et Al. Living with Phenylketonuria: Lessons from the PKU community. Molecular Genetics and Metabolism Report. 2018\n<\/span><\/li>\n                                                                                                                                                <li><span>A BioMarin contratou a empresa de pesquisas Alligator para realizar um inqu\u00e9rito online de seis perguntas entre amostras nacionalmente representativas do Reino Unido, Fran\u00e7a, Alemanha, It\u00e1lia, Espanha, Su\u00e9cia, Pa\u00edses Baixos e Turquia, com 4.151 entrevistados no total.* O inqu\u00e9rito foi conclu\u00eddo entre 1 e 6 de junho de 2019. Foi solicitado aos entrevistados que classificassem seis marcos da vida numa escala de 5 pontos, de \u201cNada stressante\u201d a \u201cextremamente stressante\u201d. N\u00famero total de entrevistados com uma condi\u00e7\u00e3o de sa\u00fade subjacente: 1.932. Dados de um total de 112 doentes com PKU foram recolhidos separadamente em parceria com grupos de doentes em It\u00e1lia, Su\u00e9cia, Espanha, Turquia e Pa\u00edses Baixos.\n<\/span><\/li>\n                                                            <\/ol>\n\t\t\t\t\t<\/div>\n\t<\/div>\n<\/div>","protected":false},"excerpt":{"rendered":"","protected":false},"author":1,"featured_media":0,"parent":0,"menu_order":0,"comment_status":"closed","ping_status":"closed","template":"","meta":{"_acf_changed":false,"inline_featured_image":false,"footnotes":""},"class_list":["post-6","page","type-page","status-publish","hentry"],"acf":[],"yoast_head":"<!-- This site is optimized with the Yoast SEO plugin v27.4 - https:\/\/yoast.com\/product\/yoast-seo-wordpress\/ -->\n<title>Home | Live Unlimited PKU<\/title>\n<meta name=\"description\" content=\"A campanha Live Unlimited PKU est\u00e1 a ser lan\u00e7ada para aumentar a consciencializa\u00e7\u00e3o sobre a PKU e os desafios que os adultos que vivem com a doen\u00e7a enfrentam diariamente.\" \/>\n<meta name=\"robots\" content=\"index, follow, max-snippet:-1, max-image-preview:large, max-video-preview:-1\" \/>\n<link rel=\"canonical\" href=\"https:\/\/pku.biomarin.com\/pt-pt\/liveunlimited\/\" \/>\n<meta property=\"og:locale\" content=\"pt_PT\" \/>\n<meta property=\"og:type\" content=\"article\" \/>\n<meta property=\"og:title\" content=\"Home | Live Unlimited PKU\" \/>\n<meta property=\"og:description\" content=\"A campanha Live Unlimited PKU est\u00e1 a ser lan\u00e7ada para aumentar a consciencializa\u00e7\u00e3o sobre a PKU e os desafios que os adultos que vivem com a doen\u00e7a enfrentam diariamente.\" \/>\n<meta property=\"og:url\" content=\"https:\/\/pku.biomarin.com\/pt-pt\/liveunlimited\/\" \/>\n<meta property=\"og:site_name\" content=\"BioMarin Live Unlimited PT-PT\" \/>\n<meta property=\"article:modified_time\" content=\"2025-02-18T20:04:28+00:00\" \/>\n<meta name=\"twitter:card\" content=\"summary_large_image\" \/>\n<script type=\"application\/ld+json\" class=\"yoast-schema-graph\">{\"@context\":\"https:\\\/\\\/schema.org\",\"@graph\":[{\"@type\":\"WebPage\",\"@id\":\"https:\\\/\\\/pku.biomarin.com\\\/pt-pt\\\/liveunlimited\\\/\",\"url\":\"https:\\\/\\\/pku.biomarin.com\\\/pt-pt\\\/liveunlimited\\\/\",\"name\":\"Home | Live Unlimited PKU\",\"isPartOf\":{\"@id\":\"https:\\\/\\\/pku.biomarin.com\\\/pt-pt\\\/liveunlimited\\\/#website\"},\"datePublished\":\"2023-10-31T15:24:45+00:00\",\"dateModified\":\"2025-02-18T20:04:28+00:00\",\"description\":\"A campanha Live Unlimited PKU est\u00e1 a ser lan\u00e7ada para aumentar a consciencializa\u00e7\u00e3o sobre a PKU e os desafios que os adultos que vivem com a doen\u00e7a enfrentam diariamente.\",\"breadcrumb\":{\"@id\":\"https:\\\/\\\/pku.biomarin.com\\\/pt-pt\\\/liveunlimited\\\/#breadcrumb\"},\"inLanguage\":\"pt-PT\",\"potentialAction\":[{\"@type\":\"ReadAction\",\"target\":[\"https:\\\/\\\/pku.biomarin.com\\\/pt-pt\\\/liveunlimited\\\/\"]}]},{\"@type\":\"BreadcrumbList\",\"@id\":\"https:\\\/\\\/pku.biomarin.com\\\/pt-pt\\\/liveunlimited\\\/#breadcrumb\",\"itemListElement\":[{\"@type\":\"ListItem\",\"position\":1,\"name\":\"Home\",\"item\":\"https:\\\/\\\/pku.biomarin.com\\\/pt-pt\\\/liveunlimited\\\/\"},{\"@type\":\"ListItem\",\"position\":2,\"name\":\"P\u00e1gina inicial\"}]},{\"@type\":\"WebSite\",\"@id\":\"https:\\\/\\\/pku.biomarin.com\\\/pt-pt\\\/liveunlimited\\\/#website\",\"url\":\"https:\\\/\\\/pku.biomarin.com\\\/pt-pt\\\/liveunlimited\\\/\",\"name\":\"BioMarin Live Unlimited PT-PT\",\"description\":\"\",\"potentialAction\":[{\"@type\":\"SearchAction\",\"target\":{\"@type\":\"EntryPoint\",\"urlTemplate\":\"https:\\\/\\\/pku.biomarin.com\\\/pt-pt\\\/liveunlimited\\\/?s={search_term_string}\"},\"query-input\":{\"@type\":\"PropertyValueSpecification\",\"valueRequired\":true,\"valueName\":\"search_term_string\"}}],\"inLanguage\":\"pt-PT\"}]}<\/script>\n<!-- \/ Yoast SEO plugin. -->","yoast_head_json":{"title":"Home | Live Unlimited PKU","description":"A campanha Live Unlimited PKU est\u00e1 a ser lan\u00e7ada para aumentar a consciencializa\u00e7\u00e3o sobre a PKU e os desafios que os adultos que vivem com a doen\u00e7a enfrentam diariamente.","robots":{"index":"index","follow":"follow","max-snippet":"max-snippet:-1","max-image-preview":"max-image-preview:large","max-video-preview":"max-video-preview:-1"},"canonical":"https:\/\/pku.biomarin.com\/pt-pt\/liveunlimited\/","og_locale":"pt_PT","og_type":"article","og_title":"Home | Live Unlimited PKU","og_description":"A campanha Live Unlimited PKU est\u00e1 a ser lan\u00e7ada para aumentar a consciencializa\u00e7\u00e3o sobre a PKU e os desafios que os adultos que vivem com a doen\u00e7a enfrentam diariamente.","og_url":"https:\/\/pku.biomarin.com\/pt-pt\/liveunlimited\/","og_site_name":"BioMarin Live Unlimited PT-PT","article_modified_time":"2025-02-18T20:04:28+00:00","twitter_card":"summary_large_image","schema":{"@context":"https:\/\/schema.org","@graph":[{"@type":"WebPage","@id":"https:\/\/pku.biomarin.com\/pt-pt\/liveunlimited\/","url":"https:\/\/pku.biomarin.com\/pt-pt\/liveunlimited\/","name":"Home | Live Unlimited PKU","isPartOf":{"@id":"https:\/\/pku.biomarin.com\/pt-pt\/liveunlimited\/#website"},"datePublished":"2023-10-31T15:24:45+00:00","dateModified":"2025-02-18T20:04:28+00:00","description":"A campanha Live Unlimited PKU est\u00e1 a ser lan\u00e7ada para aumentar a consciencializa\u00e7\u00e3o sobre a PKU e os desafios que os adultos que vivem com a doen\u00e7a enfrentam diariamente.","breadcrumb":{"@id":"https:\/\/pku.biomarin.com\/pt-pt\/liveunlimited\/#breadcrumb"},"inLanguage":"pt-PT","potentialAction":[{"@type":"ReadAction","target":["https:\/\/pku.biomarin.com\/pt-pt\/liveunlimited\/"]}]},{"@type":"BreadcrumbList","@id":"https:\/\/pku.biomarin.com\/pt-pt\/liveunlimited\/#breadcrumb","itemListElement":[{"@type":"ListItem","position":1,"name":"Home","item":"https:\/\/pku.biomarin.com\/pt-pt\/liveunlimited\/"},{"@type":"ListItem","position":2,"name":"P\u00e1gina inicial"}]},{"@type":"WebSite","@id":"https:\/\/pku.biomarin.com\/pt-pt\/liveunlimited\/#website","url":"https:\/\/pku.biomarin.com\/pt-pt\/liveunlimited\/","name":"BioMarin Live Unlimited PT-PT","description":"","potentialAction":[{"@type":"SearchAction","target":{"@type":"EntryPoint","urlTemplate":"https:\/\/pku.biomarin.com\/pt-pt\/liveunlimited\/?s={search_term_string}"},"query-input":{"@type":"PropertyValueSpecification","valueRequired":true,"valueName":"search_term_string"}}],"inLanguage":"pt-PT"}]}},"_links":{"self":[{"href":"https:\/\/pku.biomarin.com\/pt-pt\/liveunlimited\/wp-json\/wp\/v2\/pages\/6","targetHints":{"allow":["GET"]}}],"collection":[{"href":"https:\/\/pku.biomarin.com\/pt-pt\/liveunlimited\/wp-json\/wp\/v2\/pages"}],"about":[{"href":"https:\/\/pku.biomarin.com\/pt-pt\/liveunlimited\/wp-json\/wp\/v2\/types\/page"}],"author":[{"embeddable":true,"href":"https:\/\/pku.biomarin.com\/pt-pt\/liveunlimited\/wp-json\/wp\/v2\/users\/1"}],"replies":[{"embeddable":true,"href":"https:\/\/pku.biomarin.com\/pt-pt\/liveunlimited\/wp-json\/wp\/v2\/comments?post=6"}],"version-history":[{"count":153,"href":"https:\/\/pku.biomarin.com\/pt-pt\/liveunlimited\/wp-json\/wp\/v2\/pages\/6\/revisions"}],"predecessor-version":[{"id":1600,"href":"https:\/\/pku.biomarin.com\/pt-pt\/liveunlimited\/wp-json\/wp\/v2\/pages\/6\/revisions\/1600"}],"wp:attachment":[{"href":"https:\/\/pku.biomarin.com\/pt-pt\/liveunlimited\/wp-json\/wp\/v2\/media?parent=6"}],"curies":[{"name":"wp","href":"https:\/\/api.w.org\/{rel}","templated":true}]}}