{"id":55,"date":"2023-11-06T10:45:50","date_gmt":"2023-11-06T10:45:50","guid":{"rendered":"https:\/\/liveunlimitedpku-dev-001.azurewebsites.net\/pt-pt\/?page_id=55"},"modified":"2025-02-18T20:07:46","modified_gmt":"2025-02-18T20:07:46","slug":"o-que-posso-fazer","status":"publish","type":"page","link":"https:\/\/pku.biomarin.com\/pt-pt\/liveunlimited\/o-que-posso-fazer\/","title":{"rendered":"O que posso fazer?"},"content":{"rendered":"<div id=\"acf-block-654a10d2ac6e4\" class=\"hero hero-no-overlay\">\n            <div class=\"hero-background-image hero-background-image-desktop\" style=\"background-image: url(https:\/\/pku.biomarin.com\/pt-pt\/liveunlimited\/wp-content\/uploads\/sites\/16\/2023\/11\/tup.png?v=0.74);\"><\/div>\n\t    <div class=\"hero-background-image hero-background-image-mobile\" style=\"background-image: url(https:\/\/pku.biomarin.com\/pt-pt\/liveunlimited\/wp-content\/uploads\/sites\/16\/2023\/11\/Tupperware.png?v=0.74);\"><\/div>\n    \t<div class=\"overlay\"><\/div>\n\t<div class=\"wrapper\">\n\t\t<div class=\"inner-wrapper\">\n\t\t\t<div class=\"hero-content\">\n\t\t\t    \t\t\t\t    <span class=\"section-title\">A vida \u00e9 complicada quando n\u00e3o tem as ferramentas de que precisa<\/span>\n\t\t\t\t\t\t\t\t\t\t\t\t\t\t\t\t    <h1>O QUE POSSO FAZER?\n<\/h1>\n\t\t\t\t\t\t\t\t\t\t\t\t\n                <p class=\"inline-buttons\">\n                                                        <\/p>\n\t\t\t\t\t\t\t<\/div>\n\t\t<\/div>\n\t<\/div>\n<\/div>\n\n\n<div id=\"acf-block-654a10d2acb11\" class=\"block accordion\">\n\t<div class=\"wrapper\">\n\t\t<div class=\"inner-wrapper\">\n\t\t                                                                                <div class=\"accordion-item\">\n                        <div class=\"accordion-title\">\n                            <div class=\"accordion-trigger\">\n                                <span><\/span>\n                                <span><\/span>\n                            <\/div>\n                            <h2>Como posso apoiar a campanha Live Unlimited nas redes sociais?\n<\/h2>\n                        <\/div>\n                        <div class=\"accordion-content\">\n                                                            <p>Pode:<\/p>\n<ul>\n<li>Publicar a campanha e sobre PKU nas redes sociais dos decisores pol\u00edticos nacionais<\/li>\n<li>Partilhar e gostar dos v\u00eddeos no nosso canal do YouTube<\/li>\n<li>Partilhar conte\u00fado da campanha no Facebook, Twitter e Instagram e partilhar conte\u00fado de outras pessoas na comunidade PKU<\/li>\n<li>Partilhar o link do nosso site nas suas pr\u00f3prias publica\u00e7\u00f5es nas redes sociais<\/li>\n<li>Fazer o download de uma vers\u00e3o assinada do cartaz da nossa campanha <a href=\"https:\/\/pku.biomarin.com\/pt-pt\/liveunlimited\/\">aqui<\/a><\/li>\n<\/ul>\n                                                    <\/div>\n                    <\/div>\n                                                                            <div class=\"accordion-item\">\n                        <div class=\"accordion-title\">\n                            <div class=\"accordion-trigger\">\n                                <span><\/span>\n                                <span><\/span>\n                            <\/div>\n                            <h2>De que outra forma posso ajudar?\n<\/h2>\n                        <\/div>\n                        <div class=\"accordion-content\">\n                                                            <p>Pode ajudar a aumentar a consciencializa\u00e7\u00e3o sobre a campanha <strong>Live Unlimited<\/strong> e a PKU de v\u00e1rias outras formas. Por exemplo, solicite uma c\u00f3pia do nosso conjunto de imagens da campanha e partilhe o conte\u00fado com os seus colegas por e-mail ou introduza a PKU na conversa durante o jantar com os amigos.<\/p>\n<p>Se quiser saber como pode apoiar de outra forma, envie um e-mail para <a href=\"mailto:LiveunlimitedPKU@bmrn.com\">LiveunlimitedPKU@bmrn.com<\/a><\/p>\n                                                    <\/div>\n                    <\/div>\n                                                                            <div class=\"accordion-item\">\n                        <div class=\"accordion-title\">\n                            <div class=\"accordion-trigger\">\n                                <span><\/span>\n                                <span><\/span>\n                            <\/div>\n                            <h2>Onde posso obter apoio para a minha fam\u00edlia ou algu\u00e9m que conhe\u00e7o com PKU?\n<\/h2>\n                        <\/div>\n                        <div class=\"accordion-content\">\n                                                            <p>Se quiser ajuda, apoio ou orienta\u00e7\u00e3o, a associa\u00e7\u00e3o de doentes no seu pa\u00eds estar\u00e1 em melhor posi\u00e7\u00e3o para o fazer. Consulte a p\u00e1gina de <a href=\"https:\/\/pku.biomarin.com\/pt-pt\/liveunlimited\/apoio-ao-doente\/\">Apoio ao Doente<\/a> para obter informa\u00e7\u00f5es sobre estes grupos e o apoio que oferecem.<\/p>\n                                                    <\/div>\n                    <\/div>\n                                                                            <div class=\"accordion-item\">\n                        <div class=\"accordion-title\">\n                            <div class=\"accordion-trigger\">\n                                <span><\/span>\n                                <span><\/span>\n                            <\/div>\n                            <h2>Como posso arrecadar fundos ou doar para institui\u00e7\u00f5es de caridade envolvidas?\n<\/h2>\n                        <\/div>\n                        <div class=\"accordion-content\">\n                                                            <p>A campanha <strong>Live Unlimited<\/strong> n\u00e3o est\u00e1 a recolher doa\u00e7\u00f5es ou a fazer angaria\u00e7\u00e3o de fundos. No entanto, pode visitar o site de cada associa\u00e7\u00e3o de doentes para obter informa\u00e7\u00f5es sobre como pode arrecadar fundos e apoiar as suas atividades de outras formas. Pode encontrar os detalhes na p\u00e1gina de <a href=\"https:\/\/pku.biomarin.com\/pt-pt\/liveunlimited\/apoio-ao-doente\/\">Apoio ao Doente<\/a>.<\/p>\n                                                    <\/div>\n                    <\/div>\n                                                                            <div class=\"accordion-item\">\n                        <div class=\"accordion-title\">\n                            <div class=\"accordion-trigger\">\n                                <span><\/span>\n                                <span><\/span>\n                            <\/div>\n                            <h2>Onde posso aprender mais sobre a PKU?\n<\/h2>\n                        <\/div>\n                        <div class=\"accordion-content\">\n                                                            <p>Pode aprender mais sobre a doen\u00e7a na p\u00e1gina Sobre a PKU ou entrar em contacto com a associa\u00e7\u00e3o local de doentes, cujos detalhes podem ser encontrados na nossa p\u00e1gina de <a href=\"https:\/\/pku.biomarin.com\/pt-pt\/liveunlimited\/apoio-ao-doente\/\">Apoio ao Doente<\/a>.<\/p>\n                                                    <\/div>\n                    <\/div>\n                            \t\t<\/div>\n\t<\/div>\n<\/div>","protected":false},"excerpt":{"rendered":"","protected":false},"author":2,"featured_media":0,"parent":0,"menu_order":0,"comment_status":"closed","ping_status":"closed","template":"","meta":{"_acf_changed":false,"inline_featured_image":false,"footnotes":""},"class_list":["post-55","page","type-page","status-publish","hentry"],"acf":[],"yoast_head":"<!-- This site is optimized with the Yoast SEO plugin v27.1.1 - https:\/\/yoast.com\/product\/yoast-seo-wordpress\/ -->\n<title>O que posso fazer? | Live Unlimited PKU<\/title>\n<meta name=\"description\" content=\"Pode ajudar a aumentar a consciencializa\u00e7\u00e3o sobre a campanha Live Unlimited e PKU de v\u00e1rias formas. Por exemplo, partilhe conte\u00fado com os seus colegas por e-mail ou inclua PKU numa conversa durante um jantar com amigos.\" \/>\n<meta name=\"robots\" content=\"index, follow, max-snippet:-1, max-image-preview:large, max-video-preview:-1\" \/>\n<link rel=\"canonical\" href=\"https:\/\/pku.biomarin.com\/pt-pt\/liveunlimited\/o-que-posso-fazer\/\" \/>\n<meta property=\"og:locale\" content=\"pt_PT\" \/>\n<meta property=\"og:type\" content=\"article\" \/>\n<meta property=\"og:title\" content=\"O que posso fazer? | Live Unlimited PKU\" \/>\n<meta property=\"og:description\" content=\"Pode ajudar a aumentar a consciencializa\u00e7\u00e3o sobre a campanha Live Unlimited e PKU de v\u00e1rias formas. Por exemplo, partilhe conte\u00fado com os seus colegas por e-mail ou inclua PKU numa conversa durante um jantar com amigos.\" \/>\n<meta property=\"og:url\" content=\"https:\/\/pku.biomarin.com\/pt-pt\/liveunlimited\/o-que-posso-fazer\/\" \/>\n<meta property=\"og:site_name\" content=\"BioMarin Live Unlimited PT-PT\" \/>\n<meta property=\"article:modified_time\" content=\"2025-02-18T20:07:46+00:00\" \/>\n<meta name=\"twitter:card\" content=\"summary_large_image\" \/>\n<script type=\"application\/ld+json\" class=\"yoast-schema-graph\">{\"@context\":\"https:\/\/schema.org\",\"@graph\":[{\"@type\":\"WebPage\",\"@id\":\"https:\/\/pku.biomarin.com\/pt-pt\/liveunlimited\/o-que-posso-fazer\/\",\"url\":\"https:\/\/pku.biomarin.com\/pt-pt\/liveunlimited\/o-que-posso-fazer\/\",\"name\":\"O que posso fazer? | Live Unlimited PKU\",\"isPartOf\":{\"@id\":\"https:\/\/pku.biomarin.com\/pt-pt\/liveunlimited\/#website\"},\"datePublished\":\"2023-11-06T10:45:50+00:00\",\"dateModified\":\"2025-02-18T20:07:46+00:00\",\"description\":\"Pode ajudar a aumentar a consciencializa\u00e7\u00e3o sobre a campanha Live Unlimited e PKU de v\u00e1rias formas. Por exemplo, partilhe conte\u00fado com os seus colegas por e-mail ou inclua PKU numa conversa durante um jantar com amigos.\",\"breadcrumb\":{\"@id\":\"https:\/\/pku.biomarin.com\/pt-pt\/liveunlimited\/o-que-posso-fazer\/#breadcrumb\"},\"inLanguage\":\"pt-PT\",\"potentialAction\":[{\"@type\":\"ReadAction\",\"target\":[\"https:\/\/pku.biomarin.com\/pt-pt\/liveunlimited\/o-que-posso-fazer\/\"]}]},{\"@type\":\"BreadcrumbList\",\"@id\":\"https:\/\/pku.biomarin.com\/pt-pt\/liveunlimited\/o-que-posso-fazer\/#breadcrumb\",\"itemListElement\":[{\"@type\":\"ListItem\",\"position\":1,\"name\":\"Home\",\"item\":\"https:\/\/pku.biomarin.com\/pt-pt\/liveunlimited\/\"},{\"@type\":\"ListItem\",\"position\":2,\"name\":\"O que posso fazer?\"}]},{\"@type\":\"WebSite\",\"@id\":\"https:\/\/pku.biomarin.com\/pt-pt\/liveunlimited\/#website\",\"url\":\"https:\/\/pku.biomarin.com\/pt-pt\/liveunlimited\/\",\"name\":\"BioMarin Live Unlimited PT-PT\",\"description\":\"\",\"potentialAction\":[{\"@type\":\"SearchAction\",\"target\":{\"@type\":\"EntryPoint\",\"urlTemplate\":\"https:\/\/pku.biomarin.com\/pt-pt\/liveunlimited\/?s={search_term_string}\"},\"query-input\":{\"@type\":\"PropertyValueSpecification\",\"valueRequired\":true,\"valueName\":\"search_term_string\"}}],\"inLanguage\":\"pt-PT\"}]}<\/script>\n<!-- \/ Yoast SEO plugin. -->","yoast_head_json":{"title":"O que posso fazer? | Live Unlimited PKU","description":"Pode ajudar a aumentar a consciencializa\u00e7\u00e3o sobre a campanha Live Unlimited e PKU de v\u00e1rias formas. Por exemplo, partilhe conte\u00fado com os seus colegas por e-mail ou inclua PKU numa conversa durante um jantar com amigos.","robots":{"index":"index","follow":"follow","max-snippet":"max-snippet:-1","max-image-preview":"max-image-preview:large","max-video-preview":"max-video-preview:-1"},"canonical":"https:\/\/pku.biomarin.com\/pt-pt\/liveunlimited\/o-que-posso-fazer\/","og_locale":"pt_PT","og_type":"article","og_title":"O que posso fazer? | Live Unlimited PKU","og_description":"Pode ajudar a aumentar a consciencializa\u00e7\u00e3o sobre a campanha Live Unlimited e PKU de v\u00e1rias formas. Por exemplo, partilhe conte\u00fado com os seus colegas por e-mail ou inclua PKU numa conversa durante um jantar com amigos.","og_url":"https:\/\/pku.biomarin.com\/pt-pt\/liveunlimited\/o-que-posso-fazer\/","og_site_name":"BioMarin Live Unlimited PT-PT","article_modified_time":"2025-02-18T20:07:46+00:00","twitter_card":"summary_large_image","schema":{"@context":"https:\/\/schema.org","@graph":[{"@type":"WebPage","@id":"https:\/\/pku.biomarin.com\/pt-pt\/liveunlimited\/o-que-posso-fazer\/","url":"https:\/\/pku.biomarin.com\/pt-pt\/liveunlimited\/o-que-posso-fazer\/","name":"O que posso fazer? | Live Unlimited PKU","isPartOf":{"@id":"https:\/\/pku.biomarin.com\/pt-pt\/liveunlimited\/#website"},"datePublished":"2023-11-06T10:45:50+00:00","dateModified":"2025-02-18T20:07:46+00:00","description":"Pode ajudar a aumentar a consciencializa\u00e7\u00e3o sobre a campanha Live Unlimited e PKU de v\u00e1rias formas. Por exemplo, partilhe conte\u00fado com os seus colegas por e-mail ou inclua PKU numa conversa durante um jantar com amigos.","breadcrumb":{"@id":"https:\/\/pku.biomarin.com\/pt-pt\/liveunlimited\/o-que-posso-fazer\/#breadcrumb"},"inLanguage":"pt-PT","potentialAction":[{"@type":"ReadAction","target":["https:\/\/pku.biomarin.com\/pt-pt\/liveunlimited\/o-que-posso-fazer\/"]}]},{"@type":"BreadcrumbList","@id":"https:\/\/pku.biomarin.com\/pt-pt\/liveunlimited\/o-que-posso-fazer\/#breadcrumb","itemListElement":[{"@type":"ListItem","position":1,"name":"Home","item":"https:\/\/pku.biomarin.com\/pt-pt\/liveunlimited\/"},{"@type":"ListItem","position":2,"name":"O que posso fazer?"}]},{"@type":"WebSite","@id":"https:\/\/pku.biomarin.com\/pt-pt\/liveunlimited\/#website","url":"https:\/\/pku.biomarin.com\/pt-pt\/liveunlimited\/","name":"BioMarin Live Unlimited PT-PT","description":"","potentialAction":[{"@type":"SearchAction","target":{"@type":"EntryPoint","urlTemplate":"https:\/\/pku.biomarin.com\/pt-pt\/liveunlimited\/?s={search_term_string}"},"query-input":{"@type":"PropertyValueSpecification","valueRequired":true,"valueName":"search_term_string"}}],"inLanguage":"pt-PT"}]}},"_links":{"self":[{"href":"https:\/\/pku.biomarin.com\/pt-pt\/liveunlimited\/wp-json\/wp\/v2\/pages\/55","targetHints":{"allow":["GET"]}}],"collection":[{"href":"https:\/\/pku.biomarin.com\/pt-pt\/liveunlimited\/wp-json\/wp\/v2\/pages"}],"about":[{"href":"https:\/\/pku.biomarin.com\/pt-pt\/liveunlimited\/wp-json\/wp\/v2\/types\/page"}],"author":[{"embeddable":true,"href":"https:\/\/pku.biomarin.com\/pt-pt\/liveunlimited\/wp-json\/wp\/v2\/users\/2"}],"replies":[{"embeddable":true,"href":"https:\/\/pku.biomarin.com\/pt-pt\/liveunlimited\/wp-json\/wp\/v2\/comments?post=55"}],"version-history":[{"count":43,"href":"https:\/\/pku.biomarin.com\/pt-pt\/liveunlimited\/wp-json\/wp\/v2\/pages\/55\/revisions"}],"predecessor-version":[{"id":1602,"href":"https:\/\/pku.biomarin.com\/pt-pt\/liveunlimited\/wp-json\/wp\/v2\/pages\/55\/revisions\/1602"}],"wp:attachment":[{"href":"https:\/\/pku.biomarin.com\/pt-pt\/liveunlimited\/wp-json\/wp\/v2\/media?parent=55"}],"curies":[{"name":"wp","href":"https:\/\/api.w.org\/{rel}","templated":true}]}}