{"id":540,"date":"2023-11-08T22:54:57","date_gmt":"2023-11-08T22:54:57","guid":{"rendered":"https:\/\/liveunlimitedpku-dev-001.azurewebsites.net\/pt-pt\/?page_id=540"},"modified":"2025-03-25T14:34:18","modified_gmt":"2025-03-25T14:34:18","slug":"lal","status":"publish","type":"page","link":"https:\/\/pku.biomarin.com\/pt-pt\/liveunlimited\/lal\/","title":{"rendered":"Lal"},"content":{"rendered":"<div id=\"acf-block-65524130b7069\" class=\"hero hero-no-overlay hero-large-first-para\">\n            <div class=\"hero-background-image hero-background-image-desktop\" style=\"background-image: url(https:\/\/pku.biomarin.com\/pt-pt\/liveunlimited\/wp-content\/uploads\/sites\/16\/2023\/11\/lal.jpg?v=0.74);\"><\/div>\n\t    <div class=\"hero-background-image hero-background-image-mobile\" style=\"background-image: url(https:\/\/pku.biomarin.com\/pt-pt\/liveunlimited\/wp-content\/uploads\/sites\/16\/2023\/11\/lal.jpg?v=0.74);\"><\/div>\n    \t<div class=\"overlay\"><\/div>\n\t<div class=\"wrapper\">\n\t\t<div class=\"inner-wrapper\">\n\t\t\t<div class=\"hero-content\">\n\t\t\t    \t\t\t\t    <span class=\"section-title\"> A vida \u00e9 complicada quando n\u00e3o tem as ferramentas de que precisa<\/span>\n\t\t\t\t\t\t\t\t\t\t\t\t\t\t\t\t    <h1>LAL\n\n<\/h1>\n\t\t\t\t\t\t\t\t\t\t\t\t    <p>Turquia<\/p>\n<p>Crescer com PKU em Istambul tem corrido bem em geral, diz Lal. Sendo uma cidade com muita variedade e vibrante, \u201ccomo um mundo enorme dentro de uma cidade pequena\u201d, para doentes PKU, h\u00e1 muito potencial para contactar com outros doentes e ter apoio m\u00e9dico.<\/p>\n\t\t\t\t\t\t\t\t\n                <p class=\"inline-buttons\">\n                                                        <\/p>\n\t\t\t\t\t\t\t<\/div>\n\t\t<\/div>\n\t<\/div>\n<\/div>\n\n\n<div id=\"acf-block-65524130b73b5\" class=\"block next-previous block-tight-top\">\n    <div class=\"wrapper\">\n\t\t<div class=\"inner-wrapper\">\n            <div class=\"link link-prev\">\n                                    <p><a class=\"button button-text button-arrow button-arrow-left\" href=\"https:\/\/pku.biomarin.com\/pt-pt\/liveunlimited\/historias-em-video\/\" target=\"_self\">Voltar para todas as hist\u00f3rias em v\u00eddeo<\/a><\/p>\n                            <\/div>\n            <div class=\"link link-next\">\n                            <\/div>\n\t\t<\/div>\n\t<\/div>\n<\/div>\n\n<div id=\"acf-block-65524130b758a\" class=\"block wrapped-content\">\n    <div class=\"wrapper\">\n        <div class=\"inner-wrapper\">\n                \n<div id=\"acf-block-65524130b7727\" class=\"block-wysiwyg\">\n            <h2>No entanto, muitos doentes noutras zonas da Turquia n\u00e3o t\u00eam a mesma sorte.<\/h2>\n<p><strong>\u201cA maioria da popula\u00e7\u00e3o turca vive no leste\u201d, diz Lal. \u201c[Para doentes PKU l\u00e1] n\u00e3o h\u00e1 apoio financeiro suficiente e n\u00e3o t\u00eam servi\u00e7os de sa\u00fade suficientes\u201d.<\/strong><\/p>\n<p>Embora o apoio esteja dispon\u00edvel quando os beb\u00e9s PKU nascem, muitos doentes tendem a abandonar os cuidados m\u00e9dicos mais tarde na vida e tendem a n\u00e3o ser acompanhados pelos seus m\u00e9dicos, explica Lal.<\/p>\n<p><strong>\u201cExistem aproximadamente 10.000 doentes PKU na Turquia e apenas 50 m\u00e9dicos especialistas em doen\u00e7as heredit\u00e1rias do metabolismo para cuidar deles\u201d, diz Lal. \u201cEsse \u00e9 um grande problema \u2013 temos falta de m\u00e9dicos e de centros especializados\u201d.<\/strong><\/p>\n<p>Lal gere a sua PKU atrav\u00e9s de um r\u00edgido controlo de dieta, com o qual a sua m\u00e3e, Deniz, a ajudou ao longo da sua vida.<\/p>\n<p><strong>\u201cA minha primeira mem\u00f3ria da PKU \u00e9 de quando tinha quatro ou cinco anos e estava de f\u00e9rias com os meus pais. Est\u00e1vamos a jantar, e algu\u00e9m pediu arroz para mim. A certa altura, soubemos que o arroz tinha molho de carne, mas j\u00e1 era tarde demais. Lembro-me que a minha m\u00e3e estava realmente em p\u00e2nico. Ela estava a gritar de tanto medo.\u201d<\/strong><\/p>\n<p>&nbsp;<\/p>\n    <\/div>\n        <\/div>\n    <\/div>\n<\/div>\n\n<div id=\"acf-block-65524130b8316\" class=\"block split-content equal-bias bottom-border\" data-muted-autoplay=\"false\">\n\t<div class=\"wrapper\">\n\t\t<div class=\"inner-wrapper\">\n\t\t                                                                <div class=\"content-block first-block\">\n                                                                                                <h3>\u201cA nossa associa\u00e7\u00e3o de doentes organizava acampamentos de ver\u00e3o com outros doentes, mas eu n\u00e3o queria ir porque me afetavam negativamente.&#8221;<\/h3>\n<p><em>&#8220;Os doentes eram muito negativos, odiavam as suas dietas, odiavam-se a eles pr\u00f3prios. Vinham at\u00e9 mim e diziam: \u201cTenho um chocolate, queres provar? Eles n\u00e3o seguiam a dieta e n\u00e3o se importavam.\u201d<\/em><\/p>\n<p><em>\u201cConsigo entender, \u00e9 claro, querer comer coisas que n\u00e3o se pode \u2013 mas o que n\u00e3o consigo entender \u00e9 como podem esquecer os efeitos mentais de comer prote\u00ednas, ou apenas comer porque querem ser aceites pelos amigos ou simplesmente ir a um concerto e ficar b\u00eabedo.\u201d<\/em><\/p>\n                                                                                    <\/div>\n                    \n                                            <div class=\"content-block second-block\">\n                                                                                                                                                                                                                                                                                    \n                                    \n                                                                                                                \n                                    \n                                    <figure>\n                                        <div class=\"image image-rounded\">\n                                                                                            <img decoding=\"async\" class=\"\" src=\"https:\/\/pku.biomarin.com\/pt-pt\/liveunlimited\/wp-content\/uploads\/sites\/16\/2023\/11\/Lal-002-768x512-1.jpg?v=0.74\" alt=\"\" \/>                                                                                    <\/div>\n                                                                            <\/figure>\n                                                                                    <\/div>\n                                                \t\t<\/div>\n\t<\/div>\n<\/div>\n\n<div id=\"acf-block-65524130b836a\" class=\"block wrapped-content\">\n    <div class=\"wrapper\">\n        <div class=\"inner-wrapper\">\n                \n<div id=\"acf-block-65524130b8396\" class=\"block-wysiwyg\">\n            <p>Embora Lal tenha muito apoio dos seus amigos, familiares, m\u00e9dicos e da rede de doentes PKU, h\u00e1 momentos em quea doen\u00e7a ainda a prejudica, principalmente se os seus n\u00edveis de Phe est\u00e3o altos.<\/p>\n<p><strong>\u201cTive problemas com a concentra\u00e7\u00e3o, sentia-me muito cansada e n\u00e3o tinha vontade de fazer nada. Tive um momento em que estava muito irritada. Quando os n\u00edveis de Phe est\u00e3o altos, fica-se stressado e com muita raiva \u2013 isto muda realmente as emo\u00e7\u00f5es e concentra\u00e7\u00e3o.\u201d<\/strong><\/p>\n<p><strong>No entanto, em geral, Lal sabe que \u00e9 uma pessoa mais forte por causa da PKU. \u201cA for\u00e7a que tenho hoje \u00e9 gra\u00e7as \u00e0 PKU porque aprendi a lidar com os desafios desde que nasci. Aprendi a amar-me, a aceitar-me, a cuidar de mim.\u201d<\/strong><\/p>\n<p>\u00c9 no est\u00fadio de dan\u00e7a que tudo isto \u00e9 mais vis\u00edvel. Ao falar de teatro e dan\u00e7a, o rosto de Lal ilumina-se.<\/p>\n    <\/div>\n        <\/div>\n    <\/div>\n<\/div>\n\n<div id=\"acf-block-65524130b8423\" class=\"block split-content equal-bias bottom-border\" data-muted-autoplay=\"false\">\n\t<div class=\"wrapper\">\n\t\t<div class=\"inner-wrapper\">\n\t\t                                                                <div class=\"content-block first-block\">\n                                                                                                                                                                                                                                                <div class=\"video-poster\">\n\t\t\t                            <a class=\"modal-video permitted\" href=\"https:\/\/player.vimeo.com\/video\/1035832160\" style=\"background-image: url(https:\/\/pku.biomarin.com\/pt-pt\/liveunlimited\/wp-content\/uploads\/sites\/16\/2023\/11\/2023-11-13-22h58m37s985-1500x844.png);\">Play<\/a>\n\t\t                            <\/div>\n                                    \n                                                                                                                    \n                                                                                                                \n\t\t                                                                            <\/div>\n                    \n                                            <div class=\"content-block second-block\">\n                                                                                                <h3>\u201cO Teatro e o palco far\u00e3o sempre parte da minha vida, porque \u00e9 um momento muito precioso em que me entrego \u00e0 plateia. A dan\u00e7a \u00e9 extraordin\u00e1ria para mim, ajuda-me a ultrapassar os meus limites.\u201d<\/h3>\n<p><strong>&lt; Veja a hist\u00f3ria de Lal<\/strong><\/p>\n                                                                                    <\/div>\n                                                \t\t<\/div>\n\t<\/div>\n<\/div>\n\n<div id=\"acf-block-655241b39dd72\" class=\"block next-previous\">\n    <div class=\"wrapper\">\n\t\t<div class=\"inner-wrapper\">\n            <div class=\"link link-prev\">\n                                    <p><a class=\"button button-text button-arrow button-arrow-left\" href=\"https:\/\/pku.biomarin.com\/pt-pt\/liveunlimited\/nicolo\/\" target=\"_self\">Nicol\u00f2<\/a><\/p>\n                            <\/div>\n            <div class=\"link link-next\">\n                                    <p><a class=\"button button-text button-arrow\" href=\"https:\/\/pku.biomarin.com\/pt-pt\/liveunlimited\/antoine\/\" target=\"_self\">Antoine<\/a><\/p>\n                            <\/div>\n\t\t<\/div>\n\t<\/div>\n<\/div>","protected":false},"excerpt":{"rendered":"","protected":false},"author":2,"featured_media":0,"parent":0,"menu_order":0,"comment_status":"closed","ping_status":"closed","template":"","meta":{"_acf_changed":false,"inline_featured_image":false,"footnotes":""},"class_list":["post-540","page","type-page","status-publish","hentry"],"acf":[],"yoast_head":"<!-- This site is optimized with the Yoast SEO plugin v27.1.1 - https:\/\/yoast.com\/product\/yoast-seo-wordpress\/ -->\n<title>Lal - BioMarin Live Unlimited PT-PT<\/title>\n<meta name=\"robots\" content=\"index, follow, max-snippet:-1, max-image-preview:large, max-video-preview:-1\" \/>\n<link rel=\"canonical\" href=\"https:\/\/pku.biomarin.com\/pt-pt\/liveunlimited\/lal\/\" \/>\n<meta property=\"og:locale\" content=\"pt_PT\" \/>\n<meta property=\"og:type\" content=\"article\" \/>\n<meta property=\"og:title\" content=\"Lal - BioMarin Live Unlimited PT-PT\" \/>\n<meta property=\"og:url\" content=\"https:\/\/pku.biomarin.com\/pt-pt\/liveunlimited\/lal\/\" \/>\n<meta property=\"og:site_name\" content=\"BioMarin Live Unlimited PT-PT\" \/>\n<meta property=\"article:modified_time\" content=\"2025-03-25T14:34:18+00:00\" \/>\n<meta name=\"twitter:card\" content=\"summary_large_image\" \/>\n<script type=\"application\/ld+json\" class=\"yoast-schema-graph\">{\"@context\":\"https:\/\/schema.org\",\"@graph\":[{\"@type\":\"WebPage\",\"@id\":\"https:\/\/pku.biomarin.com\/pt-pt\/liveunlimited\/lal\/\",\"url\":\"https:\/\/pku.biomarin.com\/pt-pt\/liveunlimited\/lal\/\",\"name\":\"Lal - BioMarin Live Unlimited PT-PT\",\"isPartOf\":{\"@id\":\"https:\/\/pku.biomarin.com\/pt-pt\/liveunlimited\/#website\"},\"datePublished\":\"2023-11-08T22:54:57+00:00\",\"dateModified\":\"2025-03-25T14:34:18+00:00\",\"breadcrumb\":{\"@id\":\"https:\/\/pku.biomarin.com\/pt-pt\/liveunlimited\/lal\/#breadcrumb\"},\"inLanguage\":\"pt-PT\",\"potentialAction\":[{\"@type\":\"ReadAction\",\"target\":[\"https:\/\/pku.biomarin.com\/pt-pt\/liveunlimited\/lal\/\"]}]},{\"@type\":\"BreadcrumbList\",\"@id\":\"https:\/\/pku.biomarin.com\/pt-pt\/liveunlimited\/lal\/#breadcrumb\",\"itemListElement\":[{\"@type\":\"ListItem\",\"position\":1,\"name\":\"Home\",\"item\":\"https:\/\/pku.biomarin.com\/pt-pt\/liveunlimited\/\"},{\"@type\":\"ListItem\",\"position\":2,\"name\":\"Lal\"}]},{\"@type\":\"WebSite\",\"@id\":\"https:\/\/pku.biomarin.com\/pt-pt\/liveunlimited\/#website\",\"url\":\"https:\/\/pku.biomarin.com\/pt-pt\/liveunlimited\/\",\"name\":\"BioMarin Live Unlimited PT-PT\",\"description\":\"\",\"potentialAction\":[{\"@type\":\"SearchAction\",\"target\":{\"@type\":\"EntryPoint\",\"urlTemplate\":\"https:\/\/pku.biomarin.com\/pt-pt\/liveunlimited\/?s={search_term_string}\"},\"query-input\":{\"@type\":\"PropertyValueSpecification\",\"valueRequired\":true,\"valueName\":\"search_term_string\"}}],\"inLanguage\":\"pt-PT\"}]}<\/script>\n<!-- \/ Yoast SEO plugin. -->","yoast_head_json":{"title":"Lal - BioMarin Live Unlimited PT-PT","robots":{"index":"index","follow":"follow","max-snippet":"max-snippet:-1","max-image-preview":"max-image-preview:large","max-video-preview":"max-video-preview:-1"},"canonical":"https:\/\/pku.biomarin.com\/pt-pt\/liveunlimited\/lal\/","og_locale":"pt_PT","og_type":"article","og_title":"Lal - BioMarin Live Unlimited PT-PT","og_url":"https:\/\/pku.biomarin.com\/pt-pt\/liveunlimited\/lal\/","og_site_name":"BioMarin Live Unlimited PT-PT","article_modified_time":"2025-03-25T14:34:18+00:00","twitter_card":"summary_large_image","schema":{"@context":"https:\/\/schema.org","@graph":[{"@type":"WebPage","@id":"https:\/\/pku.biomarin.com\/pt-pt\/liveunlimited\/lal\/","url":"https:\/\/pku.biomarin.com\/pt-pt\/liveunlimited\/lal\/","name":"Lal - BioMarin Live Unlimited PT-PT","isPartOf":{"@id":"https:\/\/pku.biomarin.com\/pt-pt\/liveunlimited\/#website"},"datePublished":"2023-11-08T22:54:57+00:00","dateModified":"2025-03-25T14:34:18+00:00","breadcrumb":{"@id":"https:\/\/pku.biomarin.com\/pt-pt\/liveunlimited\/lal\/#breadcrumb"},"inLanguage":"pt-PT","potentialAction":[{"@type":"ReadAction","target":["https:\/\/pku.biomarin.com\/pt-pt\/liveunlimited\/lal\/"]}]},{"@type":"BreadcrumbList","@id":"https:\/\/pku.biomarin.com\/pt-pt\/liveunlimited\/lal\/#breadcrumb","itemListElement":[{"@type":"ListItem","position":1,"name":"Home","item":"https:\/\/pku.biomarin.com\/pt-pt\/liveunlimited\/"},{"@type":"ListItem","position":2,"name":"Lal"}]},{"@type":"WebSite","@id":"https:\/\/pku.biomarin.com\/pt-pt\/liveunlimited\/#website","url":"https:\/\/pku.biomarin.com\/pt-pt\/liveunlimited\/","name":"BioMarin Live Unlimited PT-PT","description":"","potentialAction":[{"@type":"SearchAction","target":{"@type":"EntryPoint","urlTemplate":"https:\/\/pku.biomarin.com\/pt-pt\/liveunlimited\/?s={search_term_string}"},"query-input":{"@type":"PropertyValueSpecification","valueRequired":true,"valueName":"search_term_string"}}],"inLanguage":"pt-PT"}]}},"_links":{"self":[{"href":"https:\/\/pku.biomarin.com\/pt-pt\/liveunlimited\/wp-json\/wp\/v2\/pages\/540","targetHints":{"allow":["GET"]}}],"collection":[{"href":"https:\/\/pku.biomarin.com\/pt-pt\/liveunlimited\/wp-json\/wp\/v2\/pages"}],"about":[{"href":"https:\/\/pku.biomarin.com\/pt-pt\/liveunlimited\/wp-json\/wp\/v2\/types\/page"}],"author":[{"embeddable":true,"href":"https:\/\/pku.biomarin.com\/pt-pt\/liveunlimited\/wp-json\/wp\/v2\/users\/2"}],"replies":[{"embeddable":true,"href":"https:\/\/pku.biomarin.com\/pt-pt\/liveunlimited\/wp-json\/wp\/v2\/comments?post=540"}],"version-history":[{"count":42,"href":"https:\/\/pku.biomarin.com\/pt-pt\/liveunlimited\/wp-json\/wp\/v2\/pages\/540\/revisions"}],"predecessor-version":[{"id":1633,"href":"https:\/\/pku.biomarin.com\/pt-pt\/liveunlimited\/wp-json\/wp\/v2\/pages\/540\/revisions\/1633"}],"wp:attachment":[{"href":"https:\/\/pku.biomarin.com\/pt-pt\/liveunlimited\/wp-json\/wp\/v2\/media?parent=540"}],"curies":[{"name":"wp","href":"https:\/\/api.w.org\/{rel}","templated":true}]}}