{"id":53,"date":"2023-11-06T10:45:33","date_gmt":"2023-11-06T10:45:33","guid":{"rendered":"https:\/\/liveunlimitedpku-dev-001.azurewebsites.net\/pt-pt\/?page_id=53"},"modified":"2025-02-18T17:40:28","modified_gmt":"2025-02-18T17:40:28","slug":"o-que-precisa-de-mudar","status":"publish","type":"page","link":"https:\/\/pku.biomarin.com\/pt-pt\/liveunlimited\/o-que-precisa-de-mudar\/","title":{"rendered":"O que precisa de mudar?"},"content":{"rendered":"<div id=\"acf-block-6548e1451705a\" class=\"hero hero-no-overlay\">\n            <div class=\"hero-background-image hero-background-image-desktop\" style=\"background-image: url(https:\/\/pku.biomarin.com\/pt-pt\/liveunlimited\/wp-content\/uploads\/sites\/16\/2023\/11\/notebookB.png?v=0.74);\"><\/div>\n\t    <div class=\"hero-background-image hero-background-image-mobile\" style=\"background-image: url(https:\/\/pku.biomarin.com\/pt-pt\/liveunlimited\/wp-content\/uploads\/sites\/16\/2023\/11\/Notebook.png?v=0.74);\"><\/div>\n    \t<div class=\"overlay\"><\/div>\n\t<div class=\"wrapper\">\n\t\t<div class=\"inner-wrapper\">\n\t\t\t<div class=\"hero-content\">\n\t\t\t    \t\t\t\t    <span class=\"section-title\">A vida \u00e9 complicada quando n\u00e3o tem as ferramentas de que precisa<\/span>\n\t\t\t\t\t\t\t\t\t\t\t\t\t\t\t\t    <h1>O QUE PRECISA DE MUDAR?\n<\/h1>\n\t\t\t\t\t\t\t\t\t\t\t\t    <p>Pedimos o acesso consistente a especialistas em doen\u00e7as heredit\u00e1rias do metabolismo, nutricionistas e apoio psicol\u00f3gico para todos os adultos com PKU na Europa.<\/p>\n\t\t\t\t\t\t\t\t\n                <p class=\"inline-buttons\">\n                                                        <\/p>\n\t\t\t\t\t\t\t<\/div>\n\t\t<\/div>\n\t<\/div>\n<\/div>\n\n\n<div id=\"acf-block-6548e145172db\" class=\"block wrapped-content block-tight-top\">\n    <div class=\"wrapper\">\n        <div class=\"inner-wrapper\">\n                \n<div id=\"acf-block-6548e1451742e\" class=\"block-wysiwyg\">\n            <h2>A PKU pode ter um impacto significativo na qualidade de vida de uma pessoa, mas como a condi\u00e7\u00e3o \u00e9 rara e pouco conhecida, atualmente n\u00e3o est\u00e1 a ser priorizada pelas autoridades de sa\u00fade europeias<sup>1<\/sup>.<\/h2>\n<p>Chegamos agora a uma nova era na PKU, onde os primeiros adultos diagnosticados ao nascer atrav\u00e9s do rastreio neonatal enfrentam a gest\u00e3o da sua condi\u00e7\u00e3o durante a vida adulta. Isto traz novos desafios, e precisamos urgentemente de encontrar formas de evoluir os cuidados e apoiar as necessidades de todos os que vivem com PKU.<\/p>\n<p>Com base na investiga\u00e7\u00e3o e recomenda\u00e7\u00f5es da Sociedade Europeia de Fenilceton\u00faria e Dist\u00farbios Aliados Tratados como Fenilceton\u00faria (European Society for Phenylketonuria and Allied Disorders Treated as Phenylketonuria, ESPKU) em 2015 e nas mais recentes diretrizes cl\u00ednicas europeias em 2017, a campanha Live Unlimited apela \u00e0 melhoria de aspetos espec\u00edficos dos cuidados a adultos com PKU para responder adequadamente ao facto de ser uma doen\u00e7a para toda a vida.<\/p>\n    <\/div>\n        <\/div>\n    <\/div>\n<\/div>\n\n<div id=\"acf-block-6548e14517613\" class=\"block boxed-content\">\n\t<div class=\"wrapper\">\n\t\t<div class=\"inner-wrapper\">\n\t\t\t<div class=\"box\">\n\t\t\t\t\t\t\t\t\n<div id=\"acf-block-6548e14517940\" class=\"image-text-block content-align-center bottom-border\">\n            <div class=\"image-block medium\">\n            <figure>\n                <div class=\"image image-rounded\">\n                    <img decoding=\"async\" class=\"\" src=\"https:\/\/pku.biomarin.com\/pt-pt\/liveunlimited\/wp-content\/uploads\/sites\/16\/2023\/11\/1.png?v=0.74\" alt=\"\" \/>                <\/div>\n            <\/figure>\n        <\/div>\n        <div class=\"content-block\">\n                    <h3>Maior consist\u00eancia dos cuidados a adultos com PKU em toda a Europa\n<\/h3>\n                            <p>As diretrizes europeias estabelecem padr\u00f5es claros para a gest\u00e3o da PKU. Quando n\u00e3o existem diretrizes nacionais, estas devem ser implementadas na \u00edntegra para garantir que os doentes PKU tenham acesso ao apoio e aos cuidados de que precisam<sup>2<\/sup>.<\/p>\n                    <\/div>\n<\/div>\n\n<div id=\"acf-block-6548e145179eb\" class=\"image-text-block content-align-center bottom-border\">\n            <div class=\"image-block medium\">\n            <figure>\n                <div class=\"image image-rounded\">\n                    <img decoding=\"async\" class=\"\" src=\"https:\/\/pku.biomarin.com\/pt-pt\/liveunlimited\/wp-content\/uploads\/sites\/16\/2023\/11\/2b.png?v=0.74\" alt=\"\" \/>                <\/div>\n            <\/figure>\n        <\/div>\n        <div class=\"content-block\">\n                    <h3>Regularidade no acesso a uma equipa multidisciplinar de profissionais de sa\u00fade\n<\/h3>\n                            <p>Apesar dos efeitos neurol\u00f3gicos da PKU e da dieta extremamente restritiva recomendada para o controlo da Phe, os estudos sugerem que <strong>apenas 12% dos doentes na Europa t\u00eam acesso a uma equipa multidisciplinar composta por m\u00e9dicos especialistas<\/strong>, nutricionistas, enfermeiros especializados, psic\u00f3logos e bioqu\u00edmicos cl\u00ednicos<sup>3<\/sup>.<\/p>\n                    <\/div>\n<\/div>\n\n<div id=\"acf-block-6548e14517a70\" class=\"image-text-block content-align-center\">\n            <div class=\"image-block medium\">\n            <figure>\n                <div class=\"image image-rounded\">\n                    <img decoding=\"async\" class=\"\" src=\"https:\/\/pku.biomarin.com\/pt-pt\/liveunlimited\/wp-content\/uploads\/sites\/16\/2023\/11\/3.png?v=0.74\" alt=\"\" \/>                <\/div>\n            <\/figure>\n        <\/div>\n        <div class=\"content-block\">\n                    <h3>Melhor apoio para pessoas na transi\u00e7\u00e3o de cuidados pedi\u00e1tricos para adultos\n<\/h3>\n                            <p>Enquanto as crian\u00e7as com PKU s\u00e3o geralmente seguidas por um especialista todos os meses, os adultos s\u00e3o normalmente vistos apenas uma vez por ano ou menos<sup>2,3<\/sup>.<\/p>\n<p>Ap\u00f3s os 18 anos, muitos doentes PKU deixam de visitar um especialista, geralmente devido \u00e0 falta de apoio dos m\u00e9dicos e \u00e0 apatia em rela\u00e7\u00e3o \u00e0 ades\u00e3o \u00e0 dieta<sup>4<\/sup>.<\/p>\n<p>Acreditamos que a PKU pode ser melhor gerida, garantindo um acompanhamento regular ao longo da vida adulta, come\u00e7ando com um plano de cuidados individuais durante a transi\u00e7\u00e3o dos cuidados pedi\u00e1tricos para adultos<sup>5<\/sup>.<\/p>\n                    <\/div>\n<\/div>\n\t\t\t<\/div>\n\t\t<\/div>\n\t<\/div>\n<\/div>\n\n<div id=\"acf-block-65b11164e6d51\" class=\"block wrapped-content\">\n    <div class=\"wrapper\">\n        <div class=\"inner-wrapper\">\n                \n<figure id=\"acf-block-65b11164e6f6b\">\n    <div class=\"image image-align-left\">\n                    <img decoding=\"async\" class=\"\" src=\"https:\/\/pku.biomarin.com\/pt-pt\/liveunlimited\/wp-content\/uploads\/sites\/16\/2024\/01\/anna-spratt-1900x1026.jpg\" alt=\"Girls desk at desk reading\" \/>            <\/div>\n    <\/figure>\n        <\/div>\n    <\/div>\n<\/div>\n\n<div id=\"acf-block-65b11164e6fb9\" class=\"block wrapped-content\">\n    <div class=\"wrapper\">\n        <div class=\"inner-wrapper\">\n                        <\/div>\n    <\/div>\n<\/div>\n\n<div id=\"acf-block-6548e14517de2\" class=\"block references\">\n    <div class=\"wrapper\">\n\t\t<div class=\"inner-wrapper\">\n\t\t    \t\t\t    <h4>References:\n<\/h4>\n\t\t\t\t\t\t                <ol>\n                                                                                                                        <li><span>PKU: Closing the Gaps in Care an ESPKU benchmark report on the management of phenylketonuria within EU healthcare economies.\n<\/span><\/li>\n                                                                                                                                                <li><span>Wegberg AMJ, MacDonald A, Ahring K, et al. The complete European guidelines on phenylketonuria: diagnosis and treatment. Orphanet J Rare Dis. 2017;12(1):162. Published 2017 Oct 12. doi:10.1186\/s13023-017-0685-2.\n<\/span><\/li>\n                                                                                                                                                <li><span>Blau et Al. Management of phenylketonuria in Europe: Survey results from 19 countries. Molecular Genetics and Metabolism 99 (2010) 109\u2013115\n<\/span><\/li>\n                                                                                                                                                <li><span>Thomas J et Al. Strategies for Successful Long-Term Engagement of Adults With Phenylalanine Hydroxylase Deficiency Returning to the Clinic Journal of Inborn Errors of Metabolism &amp; Screening 2017, Volume 5: 1\u20139, 2017\n<\/span><\/li>\n                                                                                                                                                <li><span>Cazzorla C et Al. Living with phenylketonuria in adulthood: The PKU ATTITUDE study. Molecular Genetics and Metabolism Reports 16 (2018) 39\u201345\n<\/span><\/li>\n                                                            <\/ol>\n\t\t\t\t\t<\/div>\n\t<\/div>\n<\/div>","protected":false},"excerpt":{"rendered":"","protected":false},"author":2,"featured_media":0,"parent":0,"menu_order":0,"comment_status":"closed","ping_status":"closed","template":"","meta":{"_acf_changed":false,"inline_featured_image":false,"footnotes":""},"class_list":["post-53","page","type-page","status-publish","hentry"],"acf":[],"yoast_head":"<!-- This site is optimized with the Yoast SEO plugin v27.1.1 - https:\/\/yoast.com\/product\/yoast-seo-wordpress\/ -->\n<title>O que precisa de mudar? | Live Unlimited PKU<\/title>\n<meta name=\"description\" content=\"Precisamos urgentemente de encontrar formas de evoluir os cuidados e apoiar as necessidades de todas as pessoas que vivem com fenilceton\u00faria.\" \/>\n<meta name=\"robots\" content=\"index, follow, max-snippet:-1, max-image-preview:large, max-video-preview:-1\" \/>\n<link rel=\"canonical\" href=\"https:\/\/pku.biomarin.com\/pt-pt\/liveunlimited\/o-que-precisa-de-mudar\/\" \/>\n<meta property=\"og:locale\" content=\"pt_PT\" \/>\n<meta property=\"og:type\" content=\"article\" \/>\n<meta property=\"og:title\" content=\"O que precisa de mudar? | Live Unlimited PKU\" \/>\n<meta property=\"og:description\" content=\"Precisamos urgentemente de encontrar formas de evoluir os cuidados e apoiar as necessidades de todas as pessoas que vivem com fenilceton\u00faria.\" \/>\n<meta property=\"og:url\" content=\"https:\/\/pku.biomarin.com\/pt-pt\/liveunlimited\/o-que-precisa-de-mudar\/\" \/>\n<meta property=\"og:site_name\" content=\"BioMarin Live Unlimited PT-PT\" \/>\n<meta property=\"article:modified_time\" content=\"2025-02-18T17:40:28+00:00\" \/>\n<meta name=\"twitter:card\" content=\"summary_large_image\" \/>\n<script type=\"application\/ld+json\" class=\"yoast-schema-graph\">{\"@context\":\"https:\/\/schema.org\",\"@graph\":[{\"@type\":\"WebPage\",\"@id\":\"https:\/\/pku.biomarin.com\/pt-pt\/liveunlimited\/o-que-precisa-de-mudar\/\",\"url\":\"https:\/\/pku.biomarin.com\/pt-pt\/liveunlimited\/o-que-precisa-de-mudar\/\",\"name\":\"O que precisa de mudar? | Live Unlimited PKU\",\"isPartOf\":{\"@id\":\"https:\/\/pku.biomarin.com\/pt-pt\/liveunlimited\/#website\"},\"datePublished\":\"2023-11-06T10:45:33+00:00\",\"dateModified\":\"2025-02-18T17:40:28+00:00\",\"description\":\"Precisamos urgentemente de encontrar formas de evoluir os cuidados e apoiar as necessidades de todas as pessoas que vivem com fenilceton\u00faria.\",\"breadcrumb\":{\"@id\":\"https:\/\/pku.biomarin.com\/pt-pt\/liveunlimited\/o-que-precisa-de-mudar\/#breadcrumb\"},\"inLanguage\":\"pt-PT\",\"potentialAction\":[{\"@type\":\"ReadAction\",\"target\":[\"https:\/\/pku.biomarin.com\/pt-pt\/liveunlimited\/o-que-precisa-de-mudar\/\"]}]},{\"@type\":\"BreadcrumbList\",\"@id\":\"https:\/\/pku.biomarin.com\/pt-pt\/liveunlimited\/o-que-precisa-de-mudar\/#breadcrumb\",\"itemListElement\":[{\"@type\":\"ListItem\",\"position\":1,\"name\":\"Home\",\"item\":\"https:\/\/pku.biomarin.com\/pt-pt\/liveunlimited\/\"},{\"@type\":\"ListItem\",\"position\":2,\"name\":\"O que precisa de mudar?\"}]},{\"@type\":\"WebSite\",\"@id\":\"https:\/\/pku.biomarin.com\/pt-pt\/liveunlimited\/#website\",\"url\":\"https:\/\/pku.biomarin.com\/pt-pt\/liveunlimited\/\",\"name\":\"BioMarin Live Unlimited PT-PT\",\"description\":\"\",\"potentialAction\":[{\"@type\":\"SearchAction\",\"target\":{\"@type\":\"EntryPoint\",\"urlTemplate\":\"https:\/\/pku.biomarin.com\/pt-pt\/liveunlimited\/?s={search_term_string}\"},\"query-input\":{\"@type\":\"PropertyValueSpecification\",\"valueRequired\":true,\"valueName\":\"search_term_string\"}}],\"inLanguage\":\"pt-PT\"}]}<\/script>\n<!-- \/ Yoast SEO plugin. -->","yoast_head_json":{"title":"O que precisa de mudar? | Live Unlimited PKU","description":"Precisamos urgentemente de encontrar formas de evoluir os cuidados e apoiar as necessidades de todas as pessoas que vivem com fenilceton\u00faria.","robots":{"index":"index","follow":"follow","max-snippet":"max-snippet:-1","max-image-preview":"max-image-preview:large","max-video-preview":"max-video-preview:-1"},"canonical":"https:\/\/pku.biomarin.com\/pt-pt\/liveunlimited\/o-que-precisa-de-mudar\/","og_locale":"pt_PT","og_type":"article","og_title":"O que precisa de mudar? | Live Unlimited PKU","og_description":"Precisamos urgentemente de encontrar formas de evoluir os cuidados e apoiar as necessidades de todas as pessoas que vivem com fenilceton\u00faria.","og_url":"https:\/\/pku.biomarin.com\/pt-pt\/liveunlimited\/o-que-precisa-de-mudar\/","og_site_name":"BioMarin Live Unlimited PT-PT","article_modified_time":"2025-02-18T17:40:28+00:00","twitter_card":"summary_large_image","schema":{"@context":"https:\/\/schema.org","@graph":[{"@type":"WebPage","@id":"https:\/\/pku.biomarin.com\/pt-pt\/liveunlimited\/o-que-precisa-de-mudar\/","url":"https:\/\/pku.biomarin.com\/pt-pt\/liveunlimited\/o-que-precisa-de-mudar\/","name":"O que precisa de mudar? | Live Unlimited PKU","isPartOf":{"@id":"https:\/\/pku.biomarin.com\/pt-pt\/liveunlimited\/#website"},"datePublished":"2023-11-06T10:45:33+00:00","dateModified":"2025-02-18T17:40:28+00:00","description":"Precisamos urgentemente de encontrar formas de evoluir os cuidados e apoiar as necessidades de todas as pessoas que vivem com fenilceton\u00faria.","breadcrumb":{"@id":"https:\/\/pku.biomarin.com\/pt-pt\/liveunlimited\/o-que-precisa-de-mudar\/#breadcrumb"},"inLanguage":"pt-PT","potentialAction":[{"@type":"ReadAction","target":["https:\/\/pku.biomarin.com\/pt-pt\/liveunlimited\/o-que-precisa-de-mudar\/"]}]},{"@type":"BreadcrumbList","@id":"https:\/\/pku.biomarin.com\/pt-pt\/liveunlimited\/o-que-precisa-de-mudar\/#breadcrumb","itemListElement":[{"@type":"ListItem","position":1,"name":"Home","item":"https:\/\/pku.biomarin.com\/pt-pt\/liveunlimited\/"},{"@type":"ListItem","position":2,"name":"O que precisa de mudar?"}]},{"@type":"WebSite","@id":"https:\/\/pku.biomarin.com\/pt-pt\/liveunlimited\/#website","url":"https:\/\/pku.biomarin.com\/pt-pt\/liveunlimited\/","name":"BioMarin Live Unlimited PT-PT","description":"","potentialAction":[{"@type":"SearchAction","target":{"@type":"EntryPoint","urlTemplate":"https:\/\/pku.biomarin.com\/pt-pt\/liveunlimited\/?s={search_term_string}"},"query-input":{"@type":"PropertyValueSpecification","valueRequired":true,"valueName":"search_term_string"}}],"inLanguage":"pt-PT"}]}},"_links":{"self":[{"href":"https:\/\/pku.biomarin.com\/pt-pt\/liveunlimited\/wp-json\/wp\/v2\/pages\/53","targetHints":{"allow":["GET"]}}],"collection":[{"href":"https:\/\/pku.biomarin.com\/pt-pt\/liveunlimited\/wp-json\/wp\/v2\/pages"}],"about":[{"href":"https:\/\/pku.biomarin.com\/pt-pt\/liveunlimited\/wp-json\/wp\/v2\/types\/page"}],"author":[{"embeddable":true,"href":"https:\/\/pku.biomarin.com\/pt-pt\/liveunlimited\/wp-json\/wp\/v2\/users\/2"}],"replies":[{"embeddable":true,"href":"https:\/\/pku.biomarin.com\/pt-pt\/liveunlimited\/wp-json\/wp\/v2\/comments?post=53"}],"version-history":[{"count":45,"href":"https:\/\/pku.biomarin.com\/pt-pt\/liveunlimited\/wp-json\/wp\/v2\/pages\/53\/revisions"}],"predecessor-version":[{"id":1586,"href":"https:\/\/pku.biomarin.com\/pt-pt\/liveunlimited\/wp-json\/wp\/v2\/pages\/53\/revisions\/1586"}],"wp:attachment":[{"href":"https:\/\/pku.biomarin.com\/pt-pt\/liveunlimited\/wp-json\/wp\/v2\/media?parent=53"}],"curies":[{"name":"wp","href":"https:\/\/api.w.org\/{rel}","templated":true}]}}