{"id":51,"date":"2023-11-06T10:45:02","date_gmt":"2023-11-06T10:45:02","guid":{"rendered":"https:\/\/liveunlimitedpku-dev-001.azurewebsites.net\/pt-pt\/?page_id=51"},"modified":"2025-03-25T14:37:37","modified_gmt":"2025-03-25T14:37:37","slug":"o-que-e-a-pku","status":"publish","type":"page","link":"https:\/\/pku.biomarin.com\/pt-pt\/liveunlimited\/o-que-e-a-pku\/","title":{"rendered":"O que \u00e9 a PKU?"},"content":{"rendered":"<div id=\"acf-block-6548d8e803832\" class=\"hero hero-no-overlay hero-large-first-para\">\n            <div class=\"hero-background-image hero-background-image-desktop\" style=\"background-image: url(https:\/\/pku.biomarin.com\/pt-pt\/liveunlimited\/wp-content\/uploads\/sites\/16\/2023\/11\/tup.png?v=0.74);\"><\/div>\n\t    <div class=\"hero-background-image hero-background-image-mobile\" style=\"background-image: url(https:\/\/pku.biomarin.com\/pt-pt\/liveunlimited\/wp-content\/uploads\/sites\/16\/2023\/11\/Tupperware.png?v=0.74);\"><\/div>\n    \t<div class=\"overlay\"><\/div>\n\t<div class=\"wrapper\">\n\t\t<div class=\"inner-wrapper\">\n\t\t\t<div class=\"hero-content\">\n\t\t\t    \t\t\t\t    <span class=\"section-title\">A vida \u00e9 complicada quando n\u00e3o tem as ferramentas de que precisa<\/span>\n\t\t\t\t\t\t\t\t\t\t\t\t\t\t\t\t    <h1>O QUE \u00c9 A PKU?\n<\/h1>\n\t\t\t\t\t\t\t\t\t\t\t\t    <p>Apenas 1 em cada 10 pessoas entrevistadas conhece a PKU!<sup>12<\/sup><\/p>\n<p>A fenilceton\u00faria (PKU) \u00e9 uma condi\u00e7\u00e3o metab\u00f3lica rara para toda a vida que limita a capacidade de uma pessoa de decompor prote\u00ednas, o que pode levar a efeitos t\u00f3xicos cumulativos no c\u00e9rebro<sup>1<\/sup>.<\/p>\n<p>Com PKU, a alimenta\u00e7\u00e3o afeta diretamente o funcionamento do c\u00e9rebro.<\/p>\n\t\t\t\t\t\t\t\t\n                <p class=\"inline-buttons\">\n                                                        <\/p>\n\t\t\t\t\t\t\t<\/div>\n\t\t<\/div>\n\t<\/div>\n<\/div>\n\n\n<div id=\"acf-block-6548ddf13e044\" class=\"block split-content equal-bias\" data-muted-autoplay=\"false\">\n\t<div class=\"wrapper\">\n\t\t<div class=\"inner-wrapper\">\n\t\t                                                                <div class=\"content-block first-block\">\n                                                                                                                                                                                                                                                                                    \n                                    \n                                                                                                                \n                                    \n                                    <figure>\n                                        <div class=\"image image-rounded\">\n                                                                                            <img decoding=\"async\" class=\"\" src=\"https:\/\/pku.biomarin.com\/pt-pt\/liveunlimited\/wp-content\/uploads\/sites\/16\/2023\/11\/Foodyoueat.png?v=0.74\" alt=\"Photo of green veg on dark kitchen surface\" \/>                                                                                    <\/div>\n                                                                            <\/figure>\n                                                                                    <\/div>\n                    \n                                            <div class=\"content-block second-block\">\n                                                                                                <p>As pessoas com PKU t\u00eam uma altera\u00e7\u00e3o na enzima fenilalanina hidroxilase (PAH) e, portanto, n\u00e3o conseguem decompor completamente um amino\u00e1cido chamado Fenilalanina (Phe), encontrado em todos os alimentos que cont\u00eam prote\u00ednas (por exemplo, nozes, carne, ovos, latic\u00ednios) e ado\u00e7antes como o aspartame<sup>1<\/sup>.<\/p>\n<p>Se muita prote\u00edna for consumida, a Phe acumula-se no sangue e interrompe o equil\u00edbrio dos neurotransmissores \u2013 podendo at\u00e9 causar danos f\u00edsicos ao pr\u00f3prio c\u00e9rebro. Isto pode resultar em sintomas neurol\u00f3gicos, como problemas de mem\u00f3ria e aten\u00e7\u00e3o, depress\u00e3o e ansiedade<sup>2<\/sup>.<\/p>\n                                                                                    <\/div>\n                                                \t\t<\/div>\n\t<\/div>\n<\/div>\n\n<div id=\"acf-block-6548ddf13e102\" class=\"block split-content equal-bias bg-band bg-band-primary\" data-muted-autoplay=\"false\">\n\t<div class=\"wrapper\">\n\t\t<div class=\"inner-wrapper\">\n\t\t                                                                <div class=\"content-block first-block\">\n                                                                                                <h2>A condi\u00e7\u00e3o \u00e9 rastreada durante o teste do pezinho no rec\u00e9m-nascido e afeta cerca de 1 em cada 10.000 pessoas na Europa<sup>1,3<\/sup>.<\/h2>\n                                                                                    <\/div>\n                    \n                                            <div class=\"content-block second-block\">\n                                                                                                                                                                                                                                                                                    \n                                    \n                                                                                                                \n                                    \n                                    <figure>\n                                        <div class=\"image image-rounded\">\n                                                                                            <img decoding=\"async\" class=\"\" src=\"https:\/\/pku.biomarin.com\/pt-pt\/liveunlimited\/wp-content\/uploads\/sites\/16\/2024\/02\/baby-foot.jpg?v=0.74\" alt=\"new-born heel prick test\" \/>                                                                                    <\/div>\n                                                                            <\/figure>\n                                                                                    <\/div>\n                                                \t\t<\/div>\n\t<\/div>\n<\/div>\n\n<div id=\"acf-block-6548ddf13e2e5\" class=\"block wrapped-content block-tight-top\">\n    <div class=\"wrapper\">\n        <div class=\"inner-wrapper\">\n                \n<div id=\"acf-block-6548ddf13e44a\" class=\"block-wysiwyg\">\n            <h3>A PKU \u00e9 uma doen\u00e7a autoss\u00f3mica recessiva heredit\u00e1ria. Isto significa que, se ambos os pais s\u00e3o portadores de uma altera\u00e7\u00e3o no gene respons\u00e1vel, o beb\u00e9 tem 1 em 4 probabilidades de sofrer de PKU<sup>4<\/sup>. A condi\u00e7\u00e3o \u00e9 testada em quase todos os pa\u00edses europeus durante o teste do pezinho no rec\u00e9m-nascido, mas a consciencializa\u00e7\u00e3o da popula\u00e7\u00e3o em geral para esta condi\u00e7\u00e3o permanece baixa.<\/h3>\n    <\/div>\n        <\/div>\n    <\/div>\n<\/div>\n\n<div id=\"acf-block-6548ddf13e4fd\" class=\"block split-content equal-bias\" data-muted-autoplay=\"false\">\n\t<div class=\"wrapper\">\n\t\t<div class=\"inner-wrapper\">\n\t\t                                                                <div class=\"content-block first-block\">\n                                                                                                <h2>Atualmente, n\u00e3o h\u00e1 cura para a PKU, e a gest\u00e3o deve ser feita ao longo de toda a vida.<\/h2>\n<p>At\u00e9 h\u00e1 pouco tempo, os m\u00e9dicos pensavam que a PKU era uma condi\u00e7\u00e3o que era superada quando o c\u00e9rebro se desenvolvesse completamente na adolesc\u00eancia. No entanto, agora sabemos que n\u00edveis elevados de Phe no sangue continuam a ter consequ\u00eancias em qualquer idade e, portanto, a condi\u00e7\u00e3o deve ser gerida durante toda a vida<sup>5<\/sup>.<\/p>\n<p>Para manter os n\u00edveis de Phe sob controlo s\u00e3o necess\u00e1rios uma dieta muito restrita e\/ou tratamento m\u00e9dico, o que pode sobrecarregar os adultos \u2013 afetando a qualidade de vida, as rela\u00e7\u00f5es pessoais e contribuindo para a ansiedade, stress e depress\u00e3o<sup>6,7<\/sup>.<\/p>\n                                                                                    <\/div>\n                    \n                                            <div class=\"content-block second-block\">\n                                                                                                                                                                                                                                                                                    \n                                    \n                                                                                                                \n                                    \n                                    <figure>\n                                        <div class=\"image image-rounded\">\n                                                                                            <img decoding=\"async\" class=\"\" src=\"https:\/\/pku.biomarin.com\/pt-pt\/liveunlimited\/wp-content\/uploads\/sites\/16\/2023\/11\/AdobeStock_428548283-scaled-1-1900x1266.jpeg\" alt=\"Woman reading product label in grocery store\" \/>                                                                                    <\/div>\n                                                                            <\/figure>\n                                                                                    <\/div>\n                                                \t\t<\/div>\n\t<\/div>\n<\/div>\n\n<div id=\"acf-block-6582ff8310609\" class=\"block split-content equal-bias bg-band bg-band-primary\" data-muted-autoplay=\"false\">\n\t<div class=\"wrapper\">\n\t\t<div class=\"inner-wrapper\">\n\t\t                                                                <div class=\"content-block first-block\">\n                                                                                                <h2>O impacto da PKU n\u00e3o tratada ou mal gerida pode ser grave.<\/h2>\n                                                                                    <\/div>\n                    \n                                            <div class=\"content-block second-block\">\n                                                                                                <p>N\u00edveis altos ou inst\u00e1veis de Phe no sangue podem levar a<sup>8,9<\/sup>:<\/p>\n<ul>\n<li>\n<h4>Processamento de informa\u00e7\u00e3o lento<\/h4>\n<\/li>\n<li>\n<h4>Problemas comportamentais ou sociais<\/h4>\n<\/li>\n<li>\n<h4>Defici\u00eancia intelectual<\/h4>\n<\/li>\n<li>\n<h4>Problemas com a mem\u00f3ria<\/h4>\n<\/li>\n<li>\n<h4>Convuls\u00f5es e tremores<\/h4>\n<\/li>\n<li>\n<h4>Falta de aten\u00e7\u00e3o<\/h4>\n<\/li>\n<li>\n<h4>Ansiedade, depress\u00e3o e irritabilidade<\/h4>\n<\/li>\n<\/ul>\n<p>Pessoas com PKU tamb\u00e9m enfrentam um elevado n\u00famero de comorbilidades f\u00edsicas, incluindo obesidade, insufici\u00eancia renal com hipertens\u00e3o e osteoporose<sup>10<\/sup>.<\/p>\n                                                                                    <\/div>\n                                                \t\t<\/div>\n\t<\/div>\n<\/div>\n\n<div id=\"acf-block-6582fc1798f20\" class=\"block wrapped-content block-tight-top\">\n    <div class=\"wrapper\">\n        <div class=\"inner-wrapper\">\n                \n<div id=\"acf-block-6582fd84e0f26\" class=\"block-wysiwyg\">\n            <h2>Os adultos com PKU enfrentam frequentemente um ciclo dif\u00edcil de controlo da dieta.<\/h2>\n    <\/div>\n        <\/div>\n    <\/div>\n<\/div>\n\n<div id=\"acf-block-6582fd84e1b41\" class=\"block split-content equal-bias bottom-border\" data-muted-autoplay=\"false\">\n\t<div class=\"wrapper\">\n\t\t<div class=\"inner-wrapper\">\n\t\t                                                                <div class=\"content-block first-block\">\n                                                                                                <p>A ades\u00e3o \u00e0 dieta necess\u00e1ria para controlar os n\u00edveis de Phe requer um planeamento cuidadoso. Mas os efeitos neurocognitivos da pr\u00f3pria PKU podem tornar isto ainda mais dif\u00edcil. Sendo isto exacerbado ainda mais pela pouca ades\u00e3o \u00e0 dieta \u2013 criando um c\u00edrculo vicioso para os doentes com PKU<sup>7,9<\/sup>.<\/p>\n<p>Ap\u00f3s os 18 anos, \u00e9 comum que o controlo das pessoas sobre a PKU diminua. Isto pode dever-se a v\u00e1rios fatores, incluindo estilos de vida agitados, dificuldades em encontrar alimentos adequados para a PKU ao socializar e poucos centros especializados para adultos<sup>11<\/sup>.<\/p>\n<p>Mesmo que as pessoas com PKU consigam aderir com rigor \u00e0 dieta, isto pode ter um impacto negativo noutras \u00e1reas das suas vidas, com 34% a relatar dificuldades de relacionamento com amigos, familiares ou parceiros e 44% a sofrer exclus\u00e3o social<sup>7<\/sup>.<\/p>\n<p>Saiba mais sobre o que a campanha Live Unlimited PKU est\u00e1 a fazer para apoiar as altera\u00e7\u00f5es <a href=\"https:\/\/pku.biomarin.com\/pt-pt\/liveunlimited\/o-que-precisa-de-mudar\/\">aqui<\/a>.<\/p>\n                                                                                    <\/div>\n                    \n                                            <div class=\"content-block second-block\">\n                                                                                                                                                                                                                                                                                    \n                                    \n                                                                                                                \n                                    \n                                    <figure>\n                                        <div class=\"image image-rounded\">\n                                                                                            <img decoding=\"async\" class=\"\" src=\"https:\/\/pku.biomarin.com\/pt-pt\/liveunlimited\/wp-content\/uploads\/sites\/16\/2023\/12\/hannah-olinger-NXiIVnzBwZ8-unsplash-B.png?v=0.74\" alt=\"\" \/>                                                                                    <\/div>\n                                                                            <\/figure>\n                                                                                    <\/div>\n                                                \t\t<\/div>\n\t<\/div>\n<\/div>\n\n<div id=\"acf-block-6548ddf13e901\" class=\"block references\">\n    <div class=\"wrapper\">\n\t\t<div class=\"inner-wrapper\">\n\t\t    \t\t\t    <h4>Refer\u00eancias\n<\/h4>\n\t\t\t\t\t\t                <ol>\n                                                                                                                        <li><span>Wegberg AMJ, MacDonald A, Ahring K, et al. The complete European guidelines on phenylketonuria: diagnosis and treatment. Orphanet J Rare Dis. 2017;12(1):162. Published 2017 Oct 12. doi:10.1186\/s13023-017-0685-2.\n<\/span><\/li>\n                                                                                                                                                <li><span>Bilder DA et Al. Systematic Review and Meta-Analysis of Neuropsychiatric Symptoms and Executive Functioning in Adults With Phenylketonuria. Dev Neuropsychol. 2016 May-Jun;41(4):245-260.\n<\/span><\/li>\n                                                                                                                                                <li><span>Pitt, J. Newborn Screening. Clin Biochem Rev. 2010 May; 31(2): 57\u201368.\n<\/span><\/li>\n                                                                                                                                                <li><span>NORD. 2019. Phenylketonuria. Available at: https:\/\/rarediseases.org\/rare-diseases\/phenylketonuria\/  Last accessed April 2019\n<\/span><\/li>\n                                                                                                                                                <li><span>Berry et Al. Newborn screening 50 years later: access issues faced by adults with PKU. Genetics in Medicine volume 15, pages591\u2013599 (2013)\n<\/span><\/li>\n                                                                                                                                                <li><span>Al Hafid N, Christodoulou J. Phenylketonuria: a review of current and future treatments. Transl Pediatr. 2015;4(4):304\u2013317. doi:10.3978\/j.issn.2224-4336.2015.10.07\n<\/span><\/li>\n                                                                                                                                                <li><span>Ford, S. et Al. Living with Phenylketonuria: Lessons from the PKU community. Molecular Genetics and Metabolism Report. 2018\n<\/span><\/li>\n                                                                                                                                                <li><span>BioMarin Pharmaceuticals. 2017.Phe In The Brain | PKU. Phenylketonuria (PKU) Information [ONLINE]. Available at: www.pku.com\/about-pku\/phe-in-the-brain . Last accessed: April 2019\n<\/span><\/li>\n                                                                                                                                                <li><span>BioMarin Pharmaceuticals. 2019. PKU. [ONLINE] Available at: www.biomarin.com\/patients\/ diseases\/pku  Last accessed: April 2019\n<\/span><\/li>\n                                                                                                                                                <li><span>Burton, B., Jones, K., Cederbaum, S., Rohr, F., Waisbren, S., Irwin, D., Kim, G., Lilienstein, J., Alvarez, I., Jurecki, E. and Levy, H. (2018). Prevalence of comorbid conditions among adult patients diagnosed with phenylketonuria. Molecular Genetics and Metabolism, 125(3), pp.228-234.\n<\/span><\/li>\n                                                                                                                                                <li><span>Cazzorla C et Al. Living with phenylketonuria in adulthood: The PKU ATTITUDE study. Molecular Genetics and Metabolism Reports 16 (2018) 39\u201345\n<\/span><\/li>\n                                                                                                                                                <li><span>BioMarin commissioned polling company Alligator to conduct a six-question online survey amongst nationally representative samples from the UK, France, Germany, Italy, Spain, Sweden, The Netherlands and Turkey, with 4,151 total respondents in total.* The survey was completed between 1st and 6th June 2019. Respondents were asked to rate six life milestones on a 5 point scale from \u2018Not at all\u2019 stressful to \u2018extremely\u2019 stressful. Total number of respondents with an underlying health condition: 1,932. A total of 130 PKU patients were collected separately in partnership with patient groups in Italy, Sweden, Spain, Turkey, and The Netherlands.\n<\/span><\/li>\n                                                            <\/ol>\n\t\t\t\t\t<\/div>\n\t<\/div>\n<\/div>","protected":false},"excerpt":{"rendered":"","protected":false},"author":2,"featured_media":0,"parent":0,"menu_order":0,"comment_status":"closed","ping_status":"closed","template":"","meta":{"_acf_changed":false,"inline_featured_image":false,"footnotes":""},"class_list":["post-51","page","type-page","status-publish","hentry"],"acf":[],"yoast_head":"<!-- This site is optimized with the Yoast SEO plugin v27.1.1 - https:\/\/yoast.com\/product\/yoast-seo-wordpress\/ -->\n<title>O que \u00e9 a PKU? | Live Unlimited PKU<\/title>\n<meta name=\"description\" content=\"Com a PKU, os alimentos que ingere podem afetar o funcionamento do seu c\u00e9rebro. Atualmente n\u00e3o existe cura para a fenilceton\u00faria e o tratamento da doen\u00e7a deve ser vital\u00edcio.\" \/>\n<meta name=\"robots\" content=\"index, follow, max-snippet:-1, max-image-preview:large, max-video-preview:-1\" \/>\n<link rel=\"canonical\" href=\"https:\/\/pku.biomarin.com\/pt-pt\/liveunlimited\/o-que-e-a-pku\/\" \/>\n<meta property=\"og:locale\" content=\"pt_PT\" \/>\n<meta property=\"og:type\" content=\"article\" \/>\n<meta property=\"og:title\" content=\"O que \u00e9 a PKU? | Live Unlimited PKU\" \/>\n<meta property=\"og:description\" content=\"Com a PKU, os alimentos que ingere podem afetar o funcionamento do seu c\u00e9rebro. Atualmente n\u00e3o existe cura para a fenilceton\u00faria e o tratamento da doen\u00e7a deve ser vital\u00edcio.\" \/>\n<meta property=\"og:url\" content=\"https:\/\/pku.biomarin.com\/pt-pt\/liveunlimited\/o-que-e-a-pku\/\" \/>\n<meta property=\"og:site_name\" content=\"BioMarin Live Unlimited PT-PT\" \/>\n<meta property=\"article:modified_time\" content=\"2025-03-25T14:37:37+00:00\" \/>\n<meta name=\"twitter:card\" content=\"summary_large_image\" \/>\n<script type=\"application\/ld+json\" class=\"yoast-schema-graph\">{\"@context\":\"https:\/\/schema.org\",\"@graph\":[{\"@type\":\"WebPage\",\"@id\":\"https:\/\/pku.biomarin.com\/pt-pt\/liveunlimited\/o-que-e-a-pku\/\",\"url\":\"https:\/\/pku.biomarin.com\/pt-pt\/liveunlimited\/o-que-e-a-pku\/\",\"name\":\"O que \u00e9 a PKU? | Live Unlimited PKU\",\"isPartOf\":{\"@id\":\"https:\/\/pku.biomarin.com\/pt-pt\/liveunlimited\/#website\"},\"datePublished\":\"2023-11-06T10:45:02+00:00\",\"dateModified\":\"2025-03-25T14:37:37+00:00\",\"description\":\"Com a PKU, os alimentos que ingere podem afetar o funcionamento do seu c\u00e9rebro. Atualmente n\u00e3o existe cura para a fenilceton\u00faria e o tratamento da doen\u00e7a deve ser vital\u00edcio.\",\"breadcrumb\":{\"@id\":\"https:\/\/pku.biomarin.com\/pt-pt\/liveunlimited\/o-que-e-a-pku\/#breadcrumb\"},\"inLanguage\":\"pt-PT\",\"potentialAction\":[{\"@type\":\"ReadAction\",\"target\":[\"https:\/\/pku.biomarin.com\/pt-pt\/liveunlimited\/o-que-e-a-pku\/\"]}]},{\"@type\":\"BreadcrumbList\",\"@id\":\"https:\/\/pku.biomarin.com\/pt-pt\/liveunlimited\/o-que-e-a-pku\/#breadcrumb\",\"itemListElement\":[{\"@type\":\"ListItem\",\"position\":1,\"name\":\"Home\",\"item\":\"https:\/\/pku.biomarin.com\/pt-pt\/liveunlimited\/\"},{\"@type\":\"ListItem\",\"position\":2,\"name\":\"O que \u00e9 a PKU?\"}]},{\"@type\":\"WebSite\",\"@id\":\"https:\/\/pku.biomarin.com\/pt-pt\/liveunlimited\/#website\",\"url\":\"https:\/\/pku.biomarin.com\/pt-pt\/liveunlimited\/\",\"name\":\"BioMarin Live Unlimited PT-PT\",\"description\":\"\",\"potentialAction\":[{\"@type\":\"SearchAction\",\"target\":{\"@type\":\"EntryPoint\",\"urlTemplate\":\"https:\/\/pku.biomarin.com\/pt-pt\/liveunlimited\/?s={search_term_string}\"},\"query-input\":{\"@type\":\"PropertyValueSpecification\",\"valueRequired\":true,\"valueName\":\"search_term_string\"}}],\"inLanguage\":\"pt-PT\"}]}<\/script>\n<!-- \/ Yoast SEO plugin. -->","yoast_head_json":{"title":"O que \u00e9 a PKU? | Live Unlimited PKU","description":"Com a PKU, os alimentos que ingere podem afetar o funcionamento do seu c\u00e9rebro. Atualmente n\u00e3o existe cura para a fenilceton\u00faria e o tratamento da doen\u00e7a deve ser vital\u00edcio.","robots":{"index":"index","follow":"follow","max-snippet":"max-snippet:-1","max-image-preview":"max-image-preview:large","max-video-preview":"max-video-preview:-1"},"canonical":"https:\/\/pku.biomarin.com\/pt-pt\/liveunlimited\/o-que-e-a-pku\/","og_locale":"pt_PT","og_type":"article","og_title":"O que \u00e9 a PKU? | Live Unlimited PKU","og_description":"Com a PKU, os alimentos que ingere podem afetar o funcionamento do seu c\u00e9rebro. Atualmente n\u00e3o existe cura para a fenilceton\u00faria e o tratamento da doen\u00e7a deve ser vital\u00edcio.","og_url":"https:\/\/pku.biomarin.com\/pt-pt\/liveunlimited\/o-que-e-a-pku\/","og_site_name":"BioMarin Live Unlimited PT-PT","article_modified_time":"2025-03-25T14:37:37+00:00","twitter_card":"summary_large_image","schema":{"@context":"https:\/\/schema.org","@graph":[{"@type":"WebPage","@id":"https:\/\/pku.biomarin.com\/pt-pt\/liveunlimited\/o-que-e-a-pku\/","url":"https:\/\/pku.biomarin.com\/pt-pt\/liveunlimited\/o-que-e-a-pku\/","name":"O que \u00e9 a PKU? | Live Unlimited PKU","isPartOf":{"@id":"https:\/\/pku.biomarin.com\/pt-pt\/liveunlimited\/#website"},"datePublished":"2023-11-06T10:45:02+00:00","dateModified":"2025-03-25T14:37:37+00:00","description":"Com a PKU, os alimentos que ingere podem afetar o funcionamento do seu c\u00e9rebro. Atualmente n\u00e3o existe cura para a fenilceton\u00faria e o tratamento da doen\u00e7a deve ser vital\u00edcio.","breadcrumb":{"@id":"https:\/\/pku.biomarin.com\/pt-pt\/liveunlimited\/o-que-e-a-pku\/#breadcrumb"},"inLanguage":"pt-PT","potentialAction":[{"@type":"ReadAction","target":["https:\/\/pku.biomarin.com\/pt-pt\/liveunlimited\/o-que-e-a-pku\/"]}]},{"@type":"BreadcrumbList","@id":"https:\/\/pku.biomarin.com\/pt-pt\/liveunlimited\/o-que-e-a-pku\/#breadcrumb","itemListElement":[{"@type":"ListItem","position":1,"name":"Home","item":"https:\/\/pku.biomarin.com\/pt-pt\/liveunlimited\/"},{"@type":"ListItem","position":2,"name":"O que \u00e9 a PKU?"}]},{"@type":"WebSite","@id":"https:\/\/pku.biomarin.com\/pt-pt\/liveunlimited\/#website","url":"https:\/\/pku.biomarin.com\/pt-pt\/liveunlimited\/","name":"BioMarin Live Unlimited PT-PT","description":"","potentialAction":[{"@type":"SearchAction","target":{"@type":"EntryPoint","urlTemplate":"https:\/\/pku.biomarin.com\/pt-pt\/liveunlimited\/?s={search_term_string}"},"query-input":{"@type":"PropertyValueSpecification","valueRequired":true,"valueName":"search_term_string"}}],"inLanguage":"pt-PT"}]}},"_links":{"self":[{"href":"https:\/\/pku.biomarin.com\/pt-pt\/liveunlimited\/wp-json\/wp\/v2\/pages\/51","targetHints":{"allow":["GET"]}}],"collection":[{"href":"https:\/\/pku.biomarin.com\/pt-pt\/liveunlimited\/wp-json\/wp\/v2\/pages"}],"about":[{"href":"https:\/\/pku.biomarin.com\/pt-pt\/liveunlimited\/wp-json\/wp\/v2\/types\/page"}],"author":[{"embeddable":true,"href":"https:\/\/pku.biomarin.com\/pt-pt\/liveunlimited\/wp-json\/wp\/v2\/users\/2"}],"replies":[{"embeddable":true,"href":"https:\/\/pku.biomarin.com\/pt-pt\/liveunlimited\/wp-json\/wp\/v2\/comments?post=51"}],"version-history":[{"count":120,"href":"https:\/\/pku.biomarin.com\/pt-pt\/liveunlimited\/wp-json\/wp\/v2\/pages\/51\/revisions"}],"predecessor-version":[{"id":1636,"href":"https:\/\/pku.biomarin.com\/pt-pt\/liveunlimited\/wp-json\/wp\/v2\/pages\/51\/revisions\/1636"}],"wp:attachment":[{"href":"https:\/\/pku.biomarin.com\/pt-pt\/liveunlimited\/wp-json\/wp\/v2\/media?parent=51"}],"curies":[{"name":"wp","href":"https:\/\/api.w.org\/{rel}","templated":true}]}}