{"id":1508,"date":"2025-02-12T16:38:16","date_gmt":"2025-02-12T16:38:16","guid":{"rendered":"https:\/\/liveunlimitedpku-dev-001.azurewebsites.net\/pt-pt\/liveunlimited\/?page_id=1508"},"modified":"2025-06-11T14:11:49","modified_gmt":"2025-06-11T14:11:49","slug":"pku-tv-portugal","status":"publish","type":"page","link":"https:\/\/pku.biomarin.com\/pt-pt\/liveunlimited\/pku-tv-portugal\/","title":{"rendered":"PKU TV &#8211; Portugal"},"content":{"rendered":"<div id=\"acf-block-654a165d6aa7f\" class=\"hero hero-no-overlay pull-bottom\">\n            <div class=\"hero-background-image hero-background-image-desktop\" style=\"background-image: url(https:\/\/pku.biomarin.com\/pt-pt\/liveunlimited\/wp-content\/uploads\/sites\/16\/2025\/02\/Asset-43-2000x800.png);\"><\/div>\n\t    <div class=\"hero-background-image hero-background-image-mobile\" style=\"background-image: url(https:\/\/pku.biomarin.com\/pt-pt\/liveunlimited\/wp-content\/uploads\/sites\/16\/2025\/02\/Asset-43-2000x800.png);\"><\/div>\n    \t<div class=\"overlay\"><\/div>\n\t<div class=\"wrapper\">\n\t\t<div class=\"inner-wrapper\">\n\t\t\t<div class=\"hero-content\">\n\t\t\t    \t\t\t\t    <span class=\"section-title\"> A vida \u00e9 complicada quando n\u00e3o tem as ferramentas de que precisa<\/span>\n\t\t\t\t\t\t\t\t\t\t\t\t\t\t\t\t    <h1>PKU TV &#8211; PORTUGAL\n<\/h1>\n\t\t\t\t\t\t\t\t\t\t\t\t    <p class=\"p1\">Um canal dedicado \u00e0 partilha de informa\u00e7\u00e3o sobre a gest\u00e3o da Fenilceton\u00faria (PKU) em Portugal, abordando as diferentes fases da vida de um doente e as boas pr\u00e1ticas no pa\u00eds.<\/p>\n<p class=\"p1\">Estes v\u00eddeos informativos s\u00e3o o resultado de uma vasta colabora\u00e7\u00e3o, onde diferentes especialistas em PKU nos d\u00e3o uma vis\u00e3o global e compreensiva da realidade em Portugal.<\/p>\n\t\t\t\t\t\t\t\t\n                <p class=\"inline-buttons\">\n                                                        <\/p>\n\t\t\t\t\t\t\t<\/div>\n\t\t<\/div>\n\t<\/div>\n<\/div>\n\n\n<div id=\"acf-block-67ad02b23ea87\" class=\"block boxed-content boxed-content-white\">\n\t<div class=\"wrapper\">\n\t\t<div class=\"inner-wrapper\">\n\t\t\t<div class=\"box\">\n\t\t\t\t                    <h2>Temporada 1\n<\/h2>\n                \t\t\t\t\n<div id=\"acf-block-67ad02b23ed84\" class=\"image-text-block bottom-border\">\n            <div class=\"image-block medium\">\n            <figure>\n                <div class=\"image image-rounded\">\n                    <img decoding=\"async\" class=\"\" src=\"https:\/\/pku.biomarin.com\/pt-pt\/liveunlimited\/wp-content\/uploads\/sites\/16\/2025\/02\/Apofen.png?v=0.74\" alt=\"\" \/>                <\/div>\n            <\/figure>\n        <\/div>\n        <div class=\"content-block\">\n                    <h3>\n\nAPOFEN\n\n\n\n\nASSOCIA\u00c7\u00c3O DE DOENTES\n\n\n<\/h3>\n                            <p>ELISABETE ALMEIDA\u200b<\/p>\n                                                            <p><a class=\"button modal-video permitted button-arrow\" href=\"https:\/\/player.vimeo.com\/video\/1058619920\" target=\"_self\">Clique para ver os v\u00eddeos<\/a><\/p>\n                        <\/div>\n<\/div>\n\n<div id=\"acf-block-67ad02b23ee13\" class=\"image-text-block bottom-border\">\n            <div class=\"image-block medium\">\n            <figure>\n                <div class=\"image image-rounded\">\n                    <img decoding=\"async\" class=\"\" src=\"https:\/\/pku.biomarin.com\/pt-pt\/liveunlimited\/wp-content\/uploads\/sites\/16\/2025\/02\/PKU.png?v=0.74\" alt=\"\" \/>                <\/div>\n            <\/figure>\n        <\/div>\n        <div class=\"content-block\">\n                    <h3>O QUE \u00c9 A PKU?\n<\/h3>\n                            <p>LAURA VILARINHO<\/p>\n                                                            <p><a class=\"button modal-video permitted button-arrow\" href=\"https:\/\/player.vimeo.com\/video\/1058431295\" target=\"_self\">Clique para ver os v\u00eddeos<\/a><\/p>\n                        <\/div>\n<\/div>\n\n<div id=\"acf-block-67ad02b23ee9d\" class=\"image-text-block bottom-border\">\n            <div class=\"image-block medium\">\n            <figure>\n                <div class=\"image image-rounded\">\n                    <img decoding=\"async\" class=\"\" src=\"https:\/\/pku.biomarin.com\/pt-pt\/liveunlimited\/wp-content\/uploads\/sites\/16\/2025\/02\/SPDM.png?v=0.74\" alt=\"\" \/>                <\/div>\n            <\/figure>\n        <\/div>\n        <div class=\"content-block\">\n                    <h3>\n\nSPDM\n\n\n\n\nPORTUGUESE SOCIETY FOR<br \/>\nMETABOLIC DISORDERS\n\n\n<\/h3>\n                            <p>DANIEL GOMES<\/p>\n                                                            <p><a class=\"button modal-video permitted button-arrow\" href=\"https:\/\/player.vimeo.com\/video\/1058431214\" target=\"_self\">Clique para ver os v\u00eddeos<\/a><\/p>\n                        <\/div>\n<\/div>\n\t\t\t<\/div>\n\t\t<\/div>\n\t<\/div>\n<\/div>\n\n<div id=\"acf-block-67ad02b23ef6b\" class=\"block boxed-content boxed-content-white\">\n\t<div class=\"wrapper\">\n\t\t<div class=\"inner-wrapper\">\n\t\t\t<div class=\"box\">\n\t\t\t\t                    <h2>Temporada 2\n<\/h2>\n                \t\t\t\t\n<div id=\"acf-block-67ad02b23eff7\" class=\"image-text-block bottom-border\">\n            <div class=\"image-block medium\">\n            <figure>\n                <div class=\"image image-rounded\">\n                    <img decoding=\"async\" class=\"\" src=\"https:\/\/pku.biomarin.com\/pt-pt\/liveunlimited\/wp-content\/uploads\/sites\/16\/2025\/02\/Neonatal.png?v=0.74\" alt=\"\" \/>                <\/div>\n            <\/figure>\n        <\/div>\n        <div class=\"content-block\">\n                    <h3>RASTREIO NEONATAL:<br \/>\nCOMO SE FAZ O DIAGN\u00d3STICO\n<\/h3>\n                            <p>LAURA VILHARINO<\/p>\n                                                            <p><a class=\"button modal-video permitted button-arrow\" href=\"https:\/\/player.vimeo.com\/video\/1058431123\" target=\"_self\">Clique para ver os v\u00eddeos<\/a><\/p>\n                        <\/div>\n<\/div>\n\n<div id=\"acf-block-67ad02b23f070\" class=\"image-text-block bottom-border\">\n            <div class=\"image-block medium\">\n            <figure>\n                <div class=\"image image-rounded\">\n                    <img decoding=\"async\" class=\"\" src=\"https:\/\/pku.biomarin.com\/pt-pt\/liveunlimited\/wp-content\/uploads\/sites\/16\/2025\/02\/Primeiro-contacto.png?v=0.74\" alt=\"\" \/>                <\/div>\n            <\/figure>\n        <\/div>\n        <div class=\"content-block\">\n                    <h3>PKU NA IDADE PEDI\u00c1TRICA:<br \/>\nO PRIMEIRO CONTACTO\n<\/h3>\n                            <p>ESMERALDA MARTINS<\/p>\n                                                            <p><a class=\"button modal-video permitted button-arrow\" href=\"https:\/\/player.vimeo.com\/video\/1058431000\" target=\"_self\">Clique para ver os v\u00eddeos<\/a><\/p>\n                        <\/div>\n<\/div>\n\n<div id=\"acf-block-67ad02b23f0e6\" class=\"image-text-block bottom-border\">\n            <div class=\"image-block medium\">\n            <figure>\n                <div class=\"image image-rounded\">\n                    <img decoding=\"async\" class=\"\" src=\"https:\/\/pku.biomarin.com\/pt-pt\/liveunlimited\/wp-content\/uploads\/sites\/16\/2025\/02\/Escolar.png?v=0.74\" alt=\"\" \/>                <\/div>\n            <\/figure>\n        <\/div>\n        <div class=\"content-block\">\n                    <h3>PKU NA IDADE PEDI\u00c1TRICA: A IDADE ESCOLAR\n<\/h3>\n                            <p>ESMERALDA MARTINS<\/p>\n                                                            <p><a class=\"button modal-video permitted button-arrow\" href=\"https:\/\/player.vimeo.com\/video\/1058422267\" target=\"_self\">Clique para ver os v\u00eddeos<\/a><\/p>\n                        <\/div>\n<\/div>\n\n<div id=\"acf-block-67ad02b23f15b\" class=\"image-text-block bottom-border\">\n            <div class=\"image-block medium\">\n            <figure>\n                <div class=\"image image-rounded\">\n                    <img decoding=\"async\" class=\"\" src=\"https:\/\/pku.biomarin.com\/pt-pt\/liveunlimited\/wp-content\/uploads\/sites\/16\/2025\/02\/Adulta.png?v=0.74\" alt=\"\" \/>                <\/div>\n            <\/figure>\n        <\/div>\n        <div class=\"content-block\">\n                    <h3>DA PEDIATRIA \u00c0 IDADE ADULTA \u2013 <br \/>\nA TRANSI\u00c7\u00c3O\n<\/h3>\n                            <p>ARLINDO GUIMAS<\/p>\n                                                            <p><a class=\"button modal-video permitted button-arrow\" href=\"https:\/\/player.vimeo.com\/video\/1058419742\" target=\"_self\">Clique para ver os v\u00eddeos<\/a><\/p>\n                        <\/div>\n<\/div>\n\t\t\t<\/div>\n\t\t<\/div>\n\t<\/div>\n<\/div>\n\n<div id=\"acf-block-67ad02b23f199\" class=\"block boxed-content boxed-content-white\">\n\t<div class=\"wrapper\">\n\t\t<div class=\"inner-wrapper\">\n\t\t\t<div class=\"box\">\n\t\t\t\t                    <h2>Elenco\n<\/h2>\n                \t\t\t\t\n<div id=\"acf-block-67ad02b23f1fd\" class=\"image-text-block bottom-border\">\n            <div class=\"image-block medium\">\n            <figure>\n                <div class=\"image image-rounded\">\n                    <img decoding=\"async\" class=\"\" src=\"https:\/\/pku.biomarin.com\/pt-pt\/liveunlimited\/wp-content\/uploads\/sites\/16\/2025\/02\/Elisabete-Almeida-750x750.jpg\" alt=\"\" \/>                <\/div>\n            <\/figure>\n        <\/div>\n        <div class=\"content-block\">\n                    <h3>ELISABETE ALMEIDA\n<\/h3>\n                            <p>Presidente da Associa\u00e7\u00e3o Portuguesa de Fenilceton\u00faria e Outras Doen\u00e7as Heredit\u00e1rias do Metabolismo das Prote\u00ednas. Psic\u00f3loga, iniciou atividade na Associa\u00e7\u00e3o em 2010, tendo assumido a sua presid\u00eancia em 2018.<br \/>\nPorto, Portugal.<\/p>\n                    <\/div>\n<\/div>\n\n<div id=\"acf-block-67ad02b23f263\" class=\"image-text-block bottom-border\">\n            <div class=\"image-block medium\">\n            <figure>\n                <div class=\"image image-rounded\">\n                    <img decoding=\"async\" class=\"\" src=\"https:\/\/pku.biomarin.com\/pt-pt\/liveunlimited\/wp-content\/uploads\/sites\/16\/2025\/02\/Laura-Vilharino-750x750.jpg\" alt=\"\" \/>                <\/div>\n            <\/figure>\n        <\/div>\n        <div class=\"content-block\">\n                    <h3>LAURA VILARINHO, PhD\n<\/h3>\n                            <p>Coordenadora da Comiss\u00e3o Executiva do Programa Nacional de Rastreio Neonatal desde 2012.<br \/>\nEspecialista em Gen\u00e9tica. Coordenadora da Unidade de Rastreio Neonatal, Metabolismo e Gen\u00e9tica, Departamento de Gen\u00e9tica Humana, Instituto Nacional de Sa\u00fade Doutor Ricardo Jorge.<br \/>\nPorto, Portugal.<\/p>\n                    <\/div>\n<\/div>\n\n<div id=\"acf-block-67ad02b23f2cc\" class=\"image-text-block bottom-border\">\n            <div class=\"image-block medium\">\n            <figure>\n                <div class=\"image image-rounded\">\n                    <img decoding=\"async\" class=\"\" src=\"https:\/\/pku.biomarin.com\/pt-pt\/liveunlimited\/wp-content\/uploads\/sites\/16\/2025\/02\/Daniel-Gomes-750x750.jpg\" alt=\"\" \/>                <\/div>\n            <\/figure>\n        <\/div>\n        <div class=\"content-block\">\n                    <h3>DANIEL GOMES, MD\n<\/h3>\n                            <p>Internista, Especialista em Doen\u00e7as Heredit\u00e1rias do Metabolismo.<br \/>\nCentro de Refer\u00eancia de Doen\u00e7as Heredit\u00e1rias do Metabolismo.<br \/>\nHospital de Santa Maria, Centro Hospitalar Universit\u00e1rio de Lisboa Norte.<br \/>\nPresidente da Sociedade Portuguesa de Doen\u00e7as Metab\u00f3licas desde 2020.<br \/>\nLisboa, Portugal.<\/p>\n                    <\/div>\n<\/div>\n\n<div id=\"acf-block-67ad02b23f32f\" class=\"image-text-block bottom-border\">\n            <div class=\"image-block medium\">\n            <figure>\n                <div class=\"image image-rounded\">\n                    <img decoding=\"async\" class=\"\" src=\"https:\/\/pku.biomarin.com\/pt-pt\/liveunlimited\/wp-content\/uploads\/sites\/16\/2025\/02\/Esmeralda-Martins-750x750.jpg\" alt=\"\" \/>                <\/div>\n            <\/figure>\n        <\/div>\n        <div class=\"content-block\">\n                    <h3>ESMERALDA MARTINS, MD, PhD\n<\/h3>\n                            <p>Pediatra, Especialista em Doen\u00e7as Heredit\u00e1rias do Metabolismo.<br \/>\nCoordenadora do Centro de Refer\u00eancia de Doen\u00e7as Heredit\u00e1rias do Metabolismo Centro Materno-Infantil do Norte, Centro Hospitalar Universit\u00e1rio do Porto.<br \/>\nPorto, Portugal.<\/p>\n                    <\/div>\n<\/div>\n\n<div id=\"acf-block-67ad02b23f3b2\" class=\"image-text-block bottom-border\">\n            <div class=\"image-block medium\">\n            <figure>\n                <div class=\"image image-rounded\">\n                    <img decoding=\"async\" class=\"\" src=\"https:\/\/pku.biomarin.com\/pt-pt\/liveunlimited\/wp-content\/uploads\/sites\/16\/2025\/02\/Arlindo-Guimas-750x750.jpg\" alt=\"\" \/>                <\/div>\n            <\/figure>\n        <\/div>\n        <div class=\"content-block\">\n                    <h3>ARLINDO GUIMAS, MD\n<\/h3>\n                            <p>Internista, Especialista em Doen\u00e7as Heredit\u00e1rias do Metabolismo.<br \/>\nCentro de Refer\u00eancia de Doen\u00e7as Heredit\u00e1rias do Metabolismo.<br \/>\nHospital de Santo Ant\u00f3nio, Centro Hospitalar Universit\u00e1rio do Porto.<br \/>\nPorto, Portugal.<\/p>\n                    <\/div>\n<\/div>\n\t\t\t<\/div>\n\t\t<\/div>\n\t<\/div>\n<\/div>\n\n<div id=\"acf-block-67ad02b23f58c\" class=\"block wrapped-content\">\n    <div class=\"wrapper\">\n        <div class=\"inner-wrapper\">\n                \n<div id=\"acf-block-67ad04eb0d24d\" class=\"block-wysiwyg\">\n            <p>Agradecemos a contribui\u00e7\u00e3o n\u00e3o remunerada de todos os profissionais de sa\u00fade envolvidos nos materiais desta p\u00e1gina.<\/p>\n    <\/div>\n        <\/div>\n    <\/div>\n<\/div>","protected":false},"excerpt":{"rendered":"","protected":false},"author":2,"featured_media":0,"parent":0,"menu_order":0,"comment_status":"closed","ping_status":"closed","template":"","meta":{"_acf_changed":false,"inline_featured_image":false,"footnotes":""},"class_list":["post-1508","page","type-page","status-publish","hentry"],"acf":[],"yoast_head":"<!-- This site is optimized with the Yoast SEO plugin v27.1.1 - https:\/\/yoast.com\/product\/yoast-seo-wordpress\/ -->\n<title>PKU TV Portugal | Live Unlimited PKU<\/title>\n<meta name=\"robots\" content=\"index, follow, max-snippet:-1, max-image-preview:large, max-video-preview:-1\" \/>\n<link rel=\"canonical\" href=\"https:\/\/pku.biomarin.com\/pt-pt\/liveunlimited\/pku-tv-portugal\/\" \/>\n<meta property=\"og:locale\" content=\"pt_PT\" \/>\n<meta property=\"og:type\" content=\"article\" \/>\n<meta property=\"og:title\" content=\"PKU TV Portugal | Live Unlimited PKU\" \/>\n<meta property=\"og:url\" content=\"https:\/\/pku.biomarin.com\/pt-pt\/liveunlimited\/pku-tv-portugal\/\" \/>\n<meta property=\"og:site_name\" content=\"BioMarin Live Unlimited PT-PT\" \/>\n<meta property=\"article:modified_time\" content=\"2025-06-11T14:11:49+00:00\" \/>\n<meta name=\"twitter:card\" content=\"summary_large_image\" \/>\n<script type=\"application\/ld+json\" class=\"yoast-schema-graph\">{\"@context\":\"https:\/\/schema.org\",\"@graph\":[{\"@type\":\"WebPage\",\"@id\":\"https:\/\/pku.biomarin.com\/pt-pt\/liveunlimited\/pku-tv-portugal\/\",\"url\":\"https:\/\/pku.biomarin.com\/pt-pt\/liveunlimited\/pku-tv-portugal\/\",\"name\":\"PKU TV Portugal | Live Unlimited PKU\",\"isPartOf\":{\"@id\":\"https:\/\/pku.biomarin.com\/pt-pt\/liveunlimited\/#website\"},\"datePublished\":\"2025-02-12T16:38:16+00:00\",\"dateModified\":\"2025-06-11T14:11:49+00:00\",\"breadcrumb\":{\"@id\":\"https:\/\/pku.biomarin.com\/pt-pt\/liveunlimited\/pku-tv-portugal\/#breadcrumb\"},\"inLanguage\":\"pt-PT\",\"potentialAction\":[{\"@type\":\"ReadAction\",\"target\":[\"https:\/\/pku.biomarin.com\/pt-pt\/liveunlimited\/pku-tv-portugal\/\"]}]},{\"@type\":\"BreadcrumbList\",\"@id\":\"https:\/\/pku.biomarin.com\/pt-pt\/liveunlimited\/pku-tv-portugal\/#breadcrumb\",\"itemListElement\":[{\"@type\":\"ListItem\",\"position\":1,\"name\":\"Home\",\"item\":\"https:\/\/pku.biomarin.com\/pt-pt\/liveunlimited\/\"},{\"@type\":\"ListItem\",\"position\":2,\"name\":\"PKU TV &#8211; Portugal\"}]},{\"@type\":\"WebSite\",\"@id\":\"https:\/\/pku.biomarin.com\/pt-pt\/liveunlimited\/#website\",\"url\":\"https:\/\/pku.biomarin.com\/pt-pt\/liveunlimited\/\",\"name\":\"BioMarin Live Unlimited PT-PT\",\"description\":\"\",\"potentialAction\":[{\"@type\":\"SearchAction\",\"target\":{\"@type\":\"EntryPoint\",\"urlTemplate\":\"https:\/\/pku.biomarin.com\/pt-pt\/liveunlimited\/?s={search_term_string}\"},\"query-input\":{\"@type\":\"PropertyValueSpecification\",\"valueRequired\":true,\"valueName\":\"search_term_string\"}}],\"inLanguage\":\"pt-PT\"}]}<\/script>\n<!-- \/ Yoast SEO plugin. -->","yoast_head_json":{"title":"PKU TV Portugal | Live Unlimited PKU","robots":{"index":"index","follow":"follow","max-snippet":"max-snippet:-1","max-image-preview":"max-image-preview:large","max-video-preview":"max-video-preview:-1"},"canonical":"https:\/\/pku.biomarin.com\/pt-pt\/liveunlimited\/pku-tv-portugal\/","og_locale":"pt_PT","og_type":"article","og_title":"PKU TV Portugal | Live Unlimited PKU","og_url":"https:\/\/pku.biomarin.com\/pt-pt\/liveunlimited\/pku-tv-portugal\/","og_site_name":"BioMarin Live Unlimited PT-PT","article_modified_time":"2025-06-11T14:11:49+00:00","twitter_card":"summary_large_image","schema":{"@context":"https:\/\/schema.org","@graph":[{"@type":"WebPage","@id":"https:\/\/pku.biomarin.com\/pt-pt\/liveunlimited\/pku-tv-portugal\/","url":"https:\/\/pku.biomarin.com\/pt-pt\/liveunlimited\/pku-tv-portugal\/","name":"PKU TV Portugal | Live Unlimited PKU","isPartOf":{"@id":"https:\/\/pku.biomarin.com\/pt-pt\/liveunlimited\/#website"},"datePublished":"2025-02-12T16:38:16+00:00","dateModified":"2025-06-11T14:11:49+00:00","breadcrumb":{"@id":"https:\/\/pku.biomarin.com\/pt-pt\/liveunlimited\/pku-tv-portugal\/#breadcrumb"},"inLanguage":"pt-PT","potentialAction":[{"@type":"ReadAction","target":["https:\/\/pku.biomarin.com\/pt-pt\/liveunlimited\/pku-tv-portugal\/"]}]},{"@type":"BreadcrumbList","@id":"https:\/\/pku.biomarin.com\/pt-pt\/liveunlimited\/pku-tv-portugal\/#breadcrumb","itemListElement":[{"@type":"ListItem","position":1,"name":"Home","item":"https:\/\/pku.biomarin.com\/pt-pt\/liveunlimited\/"},{"@type":"ListItem","position":2,"name":"PKU TV &#8211; Portugal"}]},{"@type":"WebSite","@id":"https:\/\/pku.biomarin.com\/pt-pt\/liveunlimited\/#website","url":"https:\/\/pku.biomarin.com\/pt-pt\/liveunlimited\/","name":"BioMarin Live Unlimited PT-PT","description":"","potentialAction":[{"@type":"SearchAction","target":{"@type":"EntryPoint","urlTemplate":"https:\/\/pku.biomarin.com\/pt-pt\/liveunlimited\/?s={search_term_string}"},"query-input":{"@type":"PropertyValueSpecification","valueRequired":true,"valueName":"search_term_string"}}],"inLanguage":"pt-PT"}]}},"_links":{"self":[{"href":"https:\/\/pku.biomarin.com\/pt-pt\/liveunlimited\/wp-json\/wp\/v2\/pages\/1508","targetHints":{"allow":["GET"]}}],"collection":[{"href":"https:\/\/pku.biomarin.com\/pt-pt\/liveunlimited\/wp-json\/wp\/v2\/pages"}],"about":[{"href":"https:\/\/pku.biomarin.com\/pt-pt\/liveunlimited\/wp-json\/wp\/v2\/types\/page"}],"author":[{"embeddable":true,"href":"https:\/\/pku.biomarin.com\/pt-pt\/liveunlimited\/wp-json\/wp\/v2\/users\/2"}],"replies":[{"embeddable":true,"href":"https:\/\/pku.biomarin.com\/pt-pt\/liveunlimited\/wp-json\/wp\/v2\/comments?post=1508"}],"version-history":[{"count":33,"href":"https:\/\/pku.biomarin.com\/pt-pt\/liveunlimited\/wp-json\/wp\/v2\/pages\/1508\/revisions"}],"predecessor-version":[{"id":1642,"href":"https:\/\/pku.biomarin.com\/pt-pt\/liveunlimited\/wp-json\/wp\/v2\/pages\/1508\/revisions\/1642"}],"wp:attachment":[{"href":"https:\/\/pku.biomarin.com\/pt-pt\/liveunlimited\/wp-json\/wp\/v2\/media?parent=1508"}],"curies":[{"name":"wp","href":"https:\/\/api.w.org\/{rel}","templated":true}]}}