{"id":1319,"date":"2024-02-05T12:20:58","date_gmt":"2024-02-05T12:20:58","guid":{"rendered":"https:\/\/liveunlimitedpku-dev-001.azurewebsites.net\/pt-pt\/liveunlimited\/?page_id=1319"},"modified":"2025-02-26T21:32:17","modified_gmt":"2025-02-26T21:32:17","slug":"ivan","status":"publish","type":"page","link":"https:\/\/pku.biomarin.com\/pt-pt\/liveunlimited\/ivan\/","title":{"rendered":"Ivan"},"content":{"rendered":"<div id=\"acf-block-654c16e8e323b\" class=\"hero hero-no-overlay hero-large-first-para\">\n            <div class=\"hero-background-image hero-background-image-desktop\" style=\"background-image: url(https:\/\/pku.biomarin.com\/pt-pt\/liveunlimited\/wp-content\/uploads\/sites\/16\/2024\/08\/Ivan-extra-wide-v2.png?v=0.74);\"><\/div>\n\t    <div class=\"hero-background-image hero-background-image-mobile\" style=\"background-image: url(https:\/\/pku.biomarin.com\/pt-pt\/liveunlimited\/wp-content\/uploads\/sites\/16\/2024\/08\/Ivan-extra-wide-v2.png?v=0.74);\"><\/div>\n    \t<div class=\"overlay\"><\/div>\n\t<div class=\"wrapper\">\n\t\t<div class=\"inner-wrapper\">\n\t\t\t<div class=\"hero-content\">\n\t\t\t    \t\t\t\t    <span class=\"section-title\">A vida \u00e9 complicada quando n\u00e3o tem as ferramentas de que precisa<\/span>\n\t\t\t\t\t\t\t\t\t\t\t\t\t\t\t\t    <h1>IVAN\n<\/h1>\n\t\t\t\t\t\t\t\t\t\t\t\t    <p>Portugal<\/p>\n<p>Ivan \u00e9 considerado um exemplo de supera\u00e7\u00e3o da PKU, uma vez que ao n\u00edvel do desporto vive sem limites. A sua paix\u00e3o pelo triatlo tem sido um desafio ao n\u00edvel f\u00edsico e psicol\u00f3gico, mas isso n\u00e3o o demove de encarar a sua vida com uma atitude positiva.<\/p>\n\t\t\t\t\t\t\t\t\n                <p class=\"inline-buttons\">\n                                                        <\/p>\n\t\t\t\t\t\t\t<\/div>\n\t\t<\/div>\n\t<\/div>\n<\/div>\n\n\n<div id=\"acf-block-654c16e8e347e\" class=\"block next-previous block-tight-bottom\">\n    <div class=\"wrapper\">\n\t\t<div class=\"inner-wrapper\">\n            <div class=\"link link-prev\">\n                                    <p><a class=\"button button-text button-arrow button-arrow-left\" href=\"https:\/\/pku.biomarin.com\/pt-pt\/liveunlimited\/historias-em-video\/\" target=\"_self\">Voltar para todas as hist\u00f3rias em v\u00eddeo<\/a><\/p>\n                            <\/div>\n            <div class=\"link link-next\">\n                            <\/div>\n\t\t<\/div>\n\t<\/div>\n<\/div>\n\n<div id=\"acf-block-654c16e8e365b\" class=\"block wrapped-content block-tight-top\">\n    <div class=\"wrapper\">\n        <div class=\"inner-wrapper\">\n                \n<div id=\"acf-block-654c16e8e37bf\" class=\"block-wysiwyg\">\n            <h2>Viver com PKU \u00e9 um grande desafio, especialmente ao n\u00edvel da alimenta\u00e7\u00e3o, mas isso n\u00e3o o impediu de realizar os seus sonhos.<\/h2>\n<p><strong>\u201cDesde os meus 11 anos que pratico desporto, comecei pelo mundo do futebol na posi\u00e7\u00e3o de guarda-redes, depois passei para o trail, que requer muito esfor\u00e7o f\u00edsico, seguidamente para o atletismo de estrada com participa\u00e7\u00e3o em algumas maratonas, at\u00e9 que em 2018 descobri o Triatlo, um desporto que nos coloca \u00e0 prova, f\u00edsica e psicologicamente. Tenho PKU, mas isso n\u00e3o me impede de viver sem limites, desde que tenha os cuidados necess\u00e1rios com a alimenta\u00e7\u00e3o\u201d.<\/strong><\/p>\n    <\/div>\n        <\/div>\n    <\/div>\n<\/div>\n\n<div id=\"acf-block-654c16e8e4422\" class=\"block split-content equal-bias content-reverse bottom-border\" data-muted-autoplay=\"false\">\n\t<div class=\"wrapper\">\n\t\t<div class=\"inner-wrapper\">\n\t\t                                                                <div class=\"content-block first-block\">\n                                                                                                                                                                                                                                                                                    \n                                    \n                                                                                                                \n                                    \n                                    <figure>\n                                        <div class=\"image image-rounded\">\n                                                                                            <img decoding=\"async\" class=\"\" src=\"https:\/\/pku.biomarin.com\/pt-pt\/liveunlimited\/wp-content\/uploads\/sites\/16\/2024\/02\/IVAN-portugal.png?v=0.74\" alt=\"\" \/>                                                                                    <\/div>\n                                                                            <\/figure>\n                                                                                    <\/div>\n                    \n                                            <div class=\"content-block second-block\">\n                                                                                                <p>Ivan \u00e9 um dos doentes mais velhos com PKU, residente na ilha da Madeira, em Portugal. O acesso aos produtos hipoproteicos \u00e9 dificultado pela dist\u00e2ncia e pela disponibilidade de stocks, uma vez que muitos apenas est\u00e3o dispon\u00edveis no continente. Todos os meses, a sua alimenta\u00e7\u00e3o chega-lhe por via \u00e1rea ou via mar\u00edtima, mas isso n\u00e3o o faz desistir de ter uma alimenta\u00e7\u00e3o equilibrada e rigorosa devido \u00e0 pr\u00e1tica de desporto de alta competi\u00e7\u00e3o, pois \u201cj\u00e1 estou nesta batalha h\u00e1 30 anos e chega uma altura em que te mentalizas que tens que cumprir a alimenta\u00e7\u00e3o e assim \u00e9 que dever ser\u201d, afirma o atleta.<\/p>\n<p>Uma das coisas que preocupa os doentes PKU \u00e9 o futuro. No caso do Ivan, n\u00e3o \u00e9 exce\u00e7\u00e3o. \u201cEnquanto atleta, a minha alimenta\u00e7\u00e3o tem de ser mais equilibrada e rigorosa para que possa ter energia suficiente para uma prova de 2\/3 horas e n\u00e3o ter nenhuma fal\u00eancia. Como n\u00e3o posso consumir prote\u00edna, baseio a minha alimenta\u00e7\u00e3o em hidratos de carbono e fruta para que possa aguentar em rela\u00e7\u00e3o aos restantes atletas\u201d, afirma Ivan Correia.<\/p>\n                                                                                    <\/div>\n                                                \t\t<\/div>\n\t<\/div>\n<\/div>\n\n<div id=\"acf-block-654c16e8e44c7\" class=\"block split-content equal-bias content-reverse bottom-border\" data-muted-autoplay=\"false\">\n\t<div class=\"wrapper\">\n\t\t<div class=\"inner-wrapper\">\n\t\t                                                                <div class=\"content-block first-block\">\n                                                                                                <h3>A PKU n\u00e3o afeta s\u00f3 os doentes tamb\u00e9m afeta a fam\u00edlia, que tem um papel fundamental na aceita\u00e7\u00e3o da doen\u00e7a por parte do doente. Ivan refere ainda que<\/h3>\n<p><em>\u201cpara os doentes e os seus pais isto n\u00e3o \u00e9 f\u00e1cil, \u00e9 uma dura batalha, mas j\u00e1 existe muita informa\u00e7\u00e3o, mais apoio, mais m\u00e9dicos especialistas. Costumo dizer que os doentes PKU s\u00e3o a minha segunda fam\u00edlia! \u00c9 com eles que partilho as minhas experi\u00eancias e vice-versa e ajudamo-nos mutuamente. Por isso, \u00e9 importante ter uma atitude positiva, encarar a doen\u00e7a como uma coisa natural. Ter consci\u00eancia que fazer uma alimenta\u00e7\u00e3o correta \u00e9 fundamental para termos uma vida normal. Ter PKU \u00e9 viver com uma condi\u00e7\u00e3o ao longo da vida!&#8221;<\/em><\/p>\n                                                                                    <\/div>\n                    \n                                            <div class=\"content-block second-block\">\n                                                                                                                                                                                                                                                <div class=\"video-poster\">\n\t\t\t                            <a class=\"modal-video permitted\" href=\"https:\/\/player.vimeo.com\/video\/1058619968\" style=\"background-image: url(https:\/\/pku.biomarin.com\/pt-pt\/liveunlimited\/wp-content\/uploads\/sites\/16\/2024\/02\/ivan_poster.jpg?v=0.74);\">Play<\/a>\n\t\t                            <\/div> \n                                    \n                                                                                                                    \n                                                                                                                                                   \n                                    \n\t\t                                                                            <\/div>\n                                                \t\t<\/div>\n\t<\/div>\n<\/div>\n\n<div id=\"acf-block-65520f308b444\" class=\"block next-previous\">\n    <div class=\"wrapper\">\n\t\t<div class=\"inner-wrapper\">\n            <div class=\"link link-prev\">\n                                    <p><a class=\"button button-text button-arrow button-arrow-left\" href=\"https:\/\/pku.biomarin.com\/pt-pt\/liveunlimited\/historias-em-video\/\" target=\"_self\">Voltar para todas as hist\u00f3rias em v\u00eddeo<\/a><\/p>\n                            <\/div>\n            <div class=\"link link-next\">\n                                    <p><a class=\"button button-text button-arrow\" href=\"https:\/\/pku.biomarin.com\/pt-pt\/liveunlimited\/michelle\/\" target=\"_self\">Michelle<\/a><\/p>\n                            <\/div>\n\t\t<\/div>\n\t<\/div>\n<\/div>","protected":false},"excerpt":{"rendered":"","protected":false},"author":2,"featured_media":0,"parent":0,"menu_order":0,"comment_status":"closed","ping_status":"closed","template":"","meta":{"_acf_changed":false,"inline_featured_image":false,"footnotes":""},"class_list":["post-1319","page","type-page","status-publish","hentry"],"acf":[],"yoast_head":"<!-- This site is optimized with the Yoast SEO plugin v27.1.1 - https:\/\/yoast.com\/product\/yoast-seo-wordpress\/ -->\n<title>Ivan&#039;s story | Live Unlimited PKU<\/title>\n<meta name=\"robots\" content=\"index, follow, max-snippet:-1, max-image-preview:large, max-video-preview:-1\" \/>\n<link rel=\"canonical\" href=\"https:\/\/pku.biomarin.com\/pt-pt\/liveunlimited\/ivan\/\" \/>\n<meta property=\"og:locale\" content=\"pt_PT\" \/>\n<meta property=\"og:type\" content=\"article\" \/>\n<meta property=\"og:title\" content=\"Ivan&#039;s story | Live Unlimited PKU\" \/>\n<meta property=\"og:url\" content=\"https:\/\/pku.biomarin.com\/pt-pt\/liveunlimited\/ivan\/\" \/>\n<meta property=\"og:site_name\" content=\"BioMarin Live Unlimited PT-PT\" \/>\n<meta property=\"article:modified_time\" content=\"2025-02-26T21:32:17+00:00\" \/>\n<meta name=\"twitter:card\" content=\"summary_large_image\" \/>\n<script type=\"application\/ld+json\" class=\"yoast-schema-graph\">{\"@context\":\"https:\/\/schema.org\",\"@graph\":[{\"@type\":\"WebPage\",\"@id\":\"https:\/\/pku.biomarin.com\/pt-pt\/liveunlimited\/ivan\/\",\"url\":\"https:\/\/pku.biomarin.com\/pt-pt\/liveunlimited\/ivan\/\",\"name\":\"Ivan's story | Live Unlimited PKU\",\"isPartOf\":{\"@id\":\"https:\/\/pku.biomarin.com\/pt-pt\/liveunlimited\/#website\"},\"datePublished\":\"2024-02-05T12:20:58+00:00\",\"dateModified\":\"2025-02-26T21:32:17+00:00\",\"breadcrumb\":{\"@id\":\"https:\/\/pku.biomarin.com\/pt-pt\/liveunlimited\/ivan\/#breadcrumb\"},\"inLanguage\":\"pt-PT\",\"potentialAction\":[{\"@type\":\"ReadAction\",\"target\":[\"https:\/\/pku.biomarin.com\/pt-pt\/liveunlimited\/ivan\/\"]}]},{\"@type\":\"BreadcrumbList\",\"@id\":\"https:\/\/pku.biomarin.com\/pt-pt\/liveunlimited\/ivan\/#breadcrumb\",\"itemListElement\":[{\"@type\":\"ListItem\",\"position\":1,\"name\":\"Home\",\"item\":\"https:\/\/pku.biomarin.com\/pt-pt\/liveunlimited\/\"},{\"@type\":\"ListItem\",\"position\":2,\"name\":\"Ivan\"}]},{\"@type\":\"WebSite\",\"@id\":\"https:\/\/pku.biomarin.com\/pt-pt\/liveunlimited\/#website\",\"url\":\"https:\/\/pku.biomarin.com\/pt-pt\/liveunlimited\/\",\"name\":\"BioMarin Live Unlimited PT-PT\",\"description\":\"\",\"potentialAction\":[{\"@type\":\"SearchAction\",\"target\":{\"@type\":\"EntryPoint\",\"urlTemplate\":\"https:\/\/pku.biomarin.com\/pt-pt\/liveunlimited\/?s={search_term_string}\"},\"query-input\":{\"@type\":\"PropertyValueSpecification\",\"valueRequired\":true,\"valueName\":\"search_term_string\"}}],\"inLanguage\":\"pt-PT\"}]}<\/script>\n<!-- \/ Yoast SEO plugin. -->","yoast_head_json":{"title":"Ivan's story | Live Unlimited PKU","robots":{"index":"index","follow":"follow","max-snippet":"max-snippet:-1","max-image-preview":"max-image-preview:large","max-video-preview":"max-video-preview:-1"},"canonical":"https:\/\/pku.biomarin.com\/pt-pt\/liveunlimited\/ivan\/","og_locale":"pt_PT","og_type":"article","og_title":"Ivan's story | Live Unlimited PKU","og_url":"https:\/\/pku.biomarin.com\/pt-pt\/liveunlimited\/ivan\/","og_site_name":"BioMarin Live Unlimited PT-PT","article_modified_time":"2025-02-26T21:32:17+00:00","twitter_card":"summary_large_image","schema":{"@context":"https:\/\/schema.org","@graph":[{"@type":"WebPage","@id":"https:\/\/pku.biomarin.com\/pt-pt\/liveunlimited\/ivan\/","url":"https:\/\/pku.biomarin.com\/pt-pt\/liveunlimited\/ivan\/","name":"Ivan's story | Live Unlimited PKU","isPartOf":{"@id":"https:\/\/pku.biomarin.com\/pt-pt\/liveunlimited\/#website"},"datePublished":"2024-02-05T12:20:58+00:00","dateModified":"2025-02-26T21:32:17+00:00","breadcrumb":{"@id":"https:\/\/pku.biomarin.com\/pt-pt\/liveunlimited\/ivan\/#breadcrumb"},"inLanguage":"pt-PT","potentialAction":[{"@type":"ReadAction","target":["https:\/\/pku.biomarin.com\/pt-pt\/liveunlimited\/ivan\/"]}]},{"@type":"BreadcrumbList","@id":"https:\/\/pku.biomarin.com\/pt-pt\/liveunlimited\/ivan\/#breadcrumb","itemListElement":[{"@type":"ListItem","position":1,"name":"Home","item":"https:\/\/pku.biomarin.com\/pt-pt\/liveunlimited\/"},{"@type":"ListItem","position":2,"name":"Ivan"}]},{"@type":"WebSite","@id":"https:\/\/pku.biomarin.com\/pt-pt\/liveunlimited\/#website","url":"https:\/\/pku.biomarin.com\/pt-pt\/liveunlimited\/","name":"BioMarin Live Unlimited PT-PT","description":"","potentialAction":[{"@type":"SearchAction","target":{"@type":"EntryPoint","urlTemplate":"https:\/\/pku.biomarin.com\/pt-pt\/liveunlimited\/?s={search_term_string}"},"query-input":{"@type":"PropertyValueSpecification","valueRequired":true,"valueName":"search_term_string"}}],"inLanguage":"pt-PT"}]}},"_links":{"self":[{"href":"https:\/\/pku.biomarin.com\/pt-pt\/liveunlimited\/wp-json\/wp\/v2\/pages\/1319","targetHints":{"allow":["GET"]}}],"collection":[{"href":"https:\/\/pku.biomarin.com\/pt-pt\/liveunlimited\/wp-json\/wp\/v2\/pages"}],"about":[{"href":"https:\/\/pku.biomarin.com\/pt-pt\/liveunlimited\/wp-json\/wp\/v2\/types\/page"}],"author":[{"embeddable":true,"href":"https:\/\/pku.biomarin.com\/pt-pt\/liveunlimited\/wp-json\/wp\/v2\/users\/2"}],"replies":[{"embeddable":true,"href":"https:\/\/pku.biomarin.com\/pt-pt\/liveunlimited\/wp-json\/wp\/v2\/comments?post=1319"}],"version-history":[{"count":26,"href":"https:\/\/pku.biomarin.com\/pt-pt\/liveunlimited\/wp-json\/wp\/v2\/pages\/1319\/revisions"}],"predecessor-version":[{"id":1625,"href":"https:\/\/pku.biomarin.com\/pt-pt\/liveunlimited\/wp-json\/wp\/v2\/pages\/1319\/revisions\/1625"}],"wp:attachment":[{"href":"https:\/\/pku.biomarin.com\/pt-pt\/liveunlimited\/wp-json\/wp\/v2\/media?parent=1319"}],"curies":[{"name":"wp","href":"https:\/\/api.w.org\/{rel}","templated":true}]}}