{"id":60,"date":"2023-02-22T12:13:09","date_gmt":"2023-02-22T12:13:09","guid":{"rendered":"https:\/\/pkudsepatient-dev-001.azurewebsites.net\/it-it\/?page_id=60"},"modified":"2024-01-31T13:47:57","modified_gmt":"2024-01-31T13:47:57","slug":"come-curarla","status":"publish","type":"page","link":"https:\/\/pku.biomarin.com\/it-it\/come-curarla\/","title":{"rendered":"Come vivere con la PKU"},"content":{"rendered":"<div id=\"acf-block-63f7ad3035e49\" class=\"hero hero-no-overlay\">\n            <div class=\"hero-background-image hero-background-image-desktop\" style=\"background-image: url(https:\/\/pku.biomarin.com\/it-it\/wp-content\/uploads\/sites\/10\/2023\/03\/Group-110-scaled-e1678703759379-2000x435.jpg);\"><\/div>\n\t    <div class=\"hero-background-image hero-background-image-mobile\" style=\"background-image: url(https:\/\/pku.biomarin.com\/it-it\/wp-content\/uploads\/sites\/10\/2023\/02\/pku-balloon-hero-mobile-830x800.jpg);\"><\/div>\n    \t<div class=\"overlay\"><\/div>\n\t<div class=\"wrapper\">\n\t\t<div class=\"inner-wrapper\">\n\t\t\t<div class=\"hero-content\">\n\t\t\t    \t\t\t\t\t\t\t\t\t\t\t\t    <h1>Come vivere con la PKU\n<\/h1>\n\t\t\t\t\t\t\t\t\t\t\t\t\n                <p class=\"inline-buttons\">\n                                                        <\/p>\n\t\t\t\t\t\t\t<\/div>\n\t\t<\/div>\n\t<\/div>\n<\/div>\n\n\n<div id=\"acf-block-63f7ad3036003\" class=\"block wrapped-content\">\n    <div class=\"wrapper\">\n        <div class=\"inner-wrapper\">\n                \n<div id=\"acf-block-63f7ad30360e8\" class=\"block-wysiwyg\">\n            <h2>Non \u00e8 mai troppo tardi per ricominciare a curare la PKU<\/h2>\n<p>Molti dei sintomi che provi possono essere provocati da livelli elevati o instabili di Phe nel sangue. Ma hai la possibilit\u00e0 di tenere sotto controllo i tuoi livelli di Phe e di trarre il massimo beneficio dal trattamento della PKU. Come prima cosa puoi ricominciare a gestire la PKU presso un centro di riferimento.<\/p>\n<p>Oggi sappiamo che la PKU deve essere curata per tutta la vita, contrariamente a quanto possono averti detto in passato. Perci\u00f2, indipendentemente da quando tu abbia smesso di seguire la dieta o di frequentare il centro di riferimento, potresti vedere un miglioramento dei tuoi sintomi.<\/p>\n    <\/div>\n        <\/div>\n    <\/div>\n<\/div>\n\n<div id=\"acf-block-64fe6b4c4639a\" class=\"block call-to-action\">\n    <div class=\"wrapper\">\n\t\t<div class=\"inner-wrapper\">\n\t\t\t<div class=\"box\" style=\"\">\n\t\t\t\t<div class=\"overlay\"><\/div>\n\t\t\t\t<div class=\"cta-content\">\n\t\t\t\t    \t\t\t\t\t<div class=\"cta-content-main\">\n                        <div class=\"content-block\">\n\t\t\t\t\t        \t\t\t\t\t        \t\t\t\t\t\t        <h2 class=\"h3\">Quando un amico o un collega ti chiede della PKU, che cosa dici?\n<\/h2>\n\t\t\t\t\t\t    \t\t\t\t\t\t    \t\t\t\t\t\t        <p>Potrebbe essere facile descrivere la PKU come un disturbo alimentare, ma la PKU pu\u00f2 avere anche gravi effetti sul cervello.<\/p>\n<p>Perci\u00f2, la prossima volta che qualcuno te lo chiede, parlagli degli effetti della PKU sul tuo cervello. In questo modo lo aiuterai a capire perch\u00e9 \u00e8 importante che tu faccia attenzione a quello che mangi.<\/p>\n\t\t\t\t\t\t    \t\t\t\t\t    <\/div>\n\t\t\t\t\t                                <div class=\"content-block\">\n                                <p><a class=\"button button-ghost button-arrow\" href=\"https:\/\/pku.biomarin.com\/it-it\/leffetto-della-phe-sul-cervello\/\" target=\"_self\">Impara come la PKU agisce sul cervello<\/a><\/p>\n                            <\/div>\n\t\t\t\t\t                        <\/div>\n\t\t\t\t<\/div>\n\t\t\t<\/div>\n\t\t<\/div>\n\t<\/div>\n<\/div>\n\n<div id=\"acf-block-64fe6b4c4a4d2\" class=\"block split-content equal-bias bottom-border\" data-muted-autoplay=\"false\">\n\t<div class=\"wrapper\">\n\t\t<div class=\"inner-wrapper\">\n\t\t                                                                <div class=\"content-block first-block\">\n                                                                                                                                                                                                                                                                                    \n                                    \n                                                                                                                \n                                    \n                                    <figure>\n                                        <div class=\"image image-rounded\">\n                                                                                            <img decoding=\"async\" class=\"\" src=\"https:\/\/pku.biomarin.com\/it-it\/wp-content\/uploads\/sites\/10\/2024\/01\/head-side-450.png?v=0.85\" alt=\"\" \/>                                                                                    <\/div>\n                                                                            <\/figure>\n                                                                                    <\/div>\n                    \n                                            <div class=\"content-block second-block\">\n                                                                                                <h2>Ricorda : la PKU non \u00e8 facile da riconoscere<\/h2>\n<p>I sintomi della PKU possono insorgere lentamente e possono essere difficili da identificare. Inoltre la PKU pu\u00f2 avere gravi conseguenze sul cervello. Ecco perch\u00e9 \u00e8 cos\u00ec importante farsi seguire presso un centro di riferimento.<\/p>\n<p>Se ultimamente ti sei sentito annebbiato, confuso o ansioso, la causa potrebbe essere la PKU.<\/p>\n                                                                                    <\/div>\n                                                \t\t<\/div>\n\t<\/div>\n<\/div>\n\n<div id=\"acf-block-64fe6b4c46688\" class=\"block boxed-content boxed-content-white\">\n\t<div class=\"wrapper\">\n\t\t<div class=\"inner-wrapper\">\n\t\t\t<div class=\"box\">\n\t\t\t\t\t\t\t\t\n<div id=\"acf-block-64fe6b4c47e01\" class=\"image-text-block content-align-center\">\n            <div class=\"image-block medium\">\n            <figure>\n                <div class=\"image image-rounded\">\n                    <img decoding=\"async\" class=\"\" src=\"https:\/\/pku.biomarin.com\/it-it\/wp-content\/uploads\/sites\/10\/2023\/02\/pad_small.png?v=0.85\" alt=\"Pad\" \/>                <\/div>\n            <\/figure>\n        <\/div>\n        <div class=\"content-block\">\n                    <h3>Come sapere se \u00e8 PKU?\n<\/h3>\n                                                    <p><a class=\"button button-arrow\" href=\"https:\/\/pku.biomarin.com\/it-it\/guida-ai-sintomi\/\" target=\"_self\">Prova a compilare il diario dei sintomi<\/a><\/p>\n                        <\/div>\n<\/div>\n\t\t\t<\/div>\n\t\t<\/div>\n\t<\/div>\n<\/div>","protected":false},"excerpt":{"rendered":"","protected":false},"author":3,"featured_media":0,"parent":0,"menu_order":0,"comment_status":"closed","ping_status":"closed","template":"","meta":{"_acf_changed":false,"inline_featured_image":false,"footnotes":""},"class_list":["post-60","page","type-page","status-publish","hentry"],"acf":[],"yoast_head":"<!-- This site is optimized with the Yoast SEO plugin v27.4 - https:\/\/yoast.com\/product\/yoast-seo-wordpress\/ -->\n<title>Gestire la fenilchetonuria e i sintomi della PKU - BioMarin<\/title>\n<meta name=\"description\" content=\"Scopri i consigli degli esperti su come prevenire i sintomi della PKU e stabilizzare i livelli di fenilalanina nel sangue cos\u00ec da gestire la fenilchetonuria.\" \/>\n<meta name=\"robots\" content=\"index, follow, max-snippet:-1, max-image-preview:large, max-video-preview:-1\" \/>\n<link rel=\"canonical\" href=\"https:\/\/pku.biomarin.com\/it-it\/come-curarla\/\" \/>\n<meta property=\"og:locale\" content=\"it_IT\" \/>\n<meta property=\"og:type\" content=\"article\" \/>\n<meta property=\"og:title\" content=\"Gestire la fenilchetonuria e i sintomi della PKU - BioMarin\" \/>\n<meta property=\"og:description\" content=\"Scopri i consigli degli esperti su come prevenire i sintomi della PKU e stabilizzare i livelli di fenilalanina nel sangue cos\u00ec da gestire la fenilchetonuria.\" \/>\n<meta property=\"og:url\" content=\"https:\/\/pku.biomarin.com\/it-it\/come-curarla\/\" \/>\n<meta property=\"og:site_name\" content=\"BioMarin PKU DSE Patient IT-IT\" \/>\n<meta property=\"article:modified_time\" content=\"2024-01-31T13:47:57+00:00\" \/>\n<meta name=\"twitter:card\" content=\"summary_large_image\" \/>\n<script type=\"application\/ld+json\" class=\"yoast-schema-graph\">{\"@context\":\"https:\\\/\\\/schema.org\",\"@graph\":[{\"@type\":\"WebPage\",\"@id\":\"https:\\\/\\\/pku.biomarin.com\\\/it-it\\\/come-curarla\\\/\",\"url\":\"https:\\\/\\\/pku.biomarin.com\\\/it-it\\\/come-curarla\\\/\",\"name\":\"Gestire la fenilchetonuria e i sintomi della PKU - BioMarin\",\"isPartOf\":{\"@id\":\"https:\\\/\\\/pku.biomarin.com\\\/it-it\\\/#website\"},\"datePublished\":\"2023-02-22T12:13:09+00:00\",\"dateModified\":\"2024-01-31T13:47:57+00:00\",\"description\":\"Scopri i consigli degli esperti su come prevenire i sintomi della PKU e stabilizzare i livelli di fenilalanina nel sangue cos\u00ec da gestire la fenilchetonuria.\",\"breadcrumb\":{\"@id\":\"https:\\\/\\\/pku.biomarin.com\\\/it-it\\\/come-curarla\\\/#breadcrumb\"},\"inLanguage\":\"it-IT\",\"potentialAction\":[{\"@type\":\"ReadAction\",\"target\":[\"https:\\\/\\\/pku.biomarin.com\\\/it-it\\\/come-curarla\\\/\"]}]},{\"@type\":\"BreadcrumbList\",\"@id\":\"https:\\\/\\\/pku.biomarin.com\\\/it-it\\\/come-curarla\\\/#breadcrumb\",\"itemListElement\":[{\"@type\":\"ListItem\",\"position\":1,\"name\":\"Home\",\"item\":\"https:\\\/\\\/pku.biomarin.com\\\/it-it\\\/\"},{\"@type\":\"ListItem\",\"position\":2,\"name\":\"Come vivere con la PKU\"}]},{\"@type\":\"WebSite\",\"@id\":\"https:\\\/\\\/pku.biomarin.com\\\/it-it\\\/#website\",\"url\":\"https:\\\/\\\/pku.biomarin.com\\\/it-it\\\/\",\"name\":\"BioMarin PKU DSE Patient IT-IT\",\"description\":\"\",\"potentialAction\":[{\"@type\":\"SearchAction\",\"target\":{\"@type\":\"EntryPoint\",\"urlTemplate\":\"https:\\\/\\\/pku.biomarin.com\\\/it-it\\\/?s={search_term_string}\"},\"query-input\":{\"@type\":\"PropertyValueSpecification\",\"valueRequired\":true,\"valueName\":\"search_term_string\"}}],\"inLanguage\":\"it-IT\"}]}<\/script>\n<!-- \/ Yoast SEO plugin. -->","yoast_head_json":{"title":"Gestire la fenilchetonuria e i sintomi della PKU - BioMarin","description":"Scopri i consigli degli esperti su come prevenire i sintomi della PKU e stabilizzare i livelli di fenilalanina nel sangue cos\u00ec da gestire la fenilchetonuria.","robots":{"index":"index","follow":"follow","max-snippet":"max-snippet:-1","max-image-preview":"max-image-preview:large","max-video-preview":"max-video-preview:-1"},"canonical":"https:\/\/pku.biomarin.com\/it-it\/come-curarla\/","og_locale":"it_IT","og_type":"article","og_title":"Gestire la fenilchetonuria e i sintomi della PKU - BioMarin","og_description":"Scopri i consigli degli esperti su come prevenire i sintomi della PKU e stabilizzare i livelli di fenilalanina nel sangue cos\u00ec da gestire la fenilchetonuria.","og_url":"https:\/\/pku.biomarin.com\/it-it\/come-curarla\/","og_site_name":"BioMarin PKU DSE Patient IT-IT","article_modified_time":"2024-01-31T13:47:57+00:00","twitter_card":"summary_large_image","schema":{"@context":"https:\/\/schema.org","@graph":[{"@type":"WebPage","@id":"https:\/\/pku.biomarin.com\/it-it\/come-curarla\/","url":"https:\/\/pku.biomarin.com\/it-it\/come-curarla\/","name":"Gestire la fenilchetonuria e i sintomi della PKU - BioMarin","isPartOf":{"@id":"https:\/\/pku.biomarin.com\/it-it\/#website"},"datePublished":"2023-02-22T12:13:09+00:00","dateModified":"2024-01-31T13:47:57+00:00","description":"Scopri i consigli degli esperti su come prevenire i sintomi della PKU e stabilizzare i livelli di fenilalanina nel sangue cos\u00ec da gestire la fenilchetonuria.","breadcrumb":{"@id":"https:\/\/pku.biomarin.com\/it-it\/come-curarla\/#breadcrumb"},"inLanguage":"it-IT","potentialAction":[{"@type":"ReadAction","target":["https:\/\/pku.biomarin.com\/it-it\/come-curarla\/"]}]},{"@type":"BreadcrumbList","@id":"https:\/\/pku.biomarin.com\/it-it\/come-curarla\/#breadcrumb","itemListElement":[{"@type":"ListItem","position":1,"name":"Home","item":"https:\/\/pku.biomarin.com\/it-it\/"},{"@type":"ListItem","position":2,"name":"Come vivere con la PKU"}]},{"@type":"WebSite","@id":"https:\/\/pku.biomarin.com\/it-it\/#website","url":"https:\/\/pku.biomarin.com\/it-it\/","name":"BioMarin PKU DSE Patient IT-IT","description":"","potentialAction":[{"@type":"SearchAction","target":{"@type":"EntryPoint","urlTemplate":"https:\/\/pku.biomarin.com\/it-it\/?s={search_term_string}"},"query-input":{"@type":"PropertyValueSpecification","valueRequired":true,"valueName":"search_term_string"}}],"inLanguage":"it-IT"}]}},"_links":{"self":[{"href":"https:\/\/pku.biomarin.com\/it-it\/wp-json\/wp\/v2\/pages\/60","targetHints":{"allow":["GET"]}}],"collection":[{"href":"https:\/\/pku.biomarin.com\/it-it\/wp-json\/wp\/v2\/pages"}],"about":[{"href":"https:\/\/pku.biomarin.com\/it-it\/wp-json\/wp\/v2\/types\/page"}],"author":[{"embeddable":true,"href":"https:\/\/pku.biomarin.com\/it-it\/wp-json\/wp\/v2\/users\/3"}],"replies":[{"embeddable":true,"href":"https:\/\/pku.biomarin.com\/it-it\/wp-json\/wp\/v2\/comments?post=60"}],"version-history":[{"count":97,"href":"https:\/\/pku.biomarin.com\/it-it\/wp-json\/wp\/v2\/pages\/60\/revisions"}],"predecessor-version":[{"id":4770,"href":"https:\/\/pku.biomarin.com\/it-it\/wp-json\/wp\/v2\/pages\/60\/revisions\/4770"}],"wp:attachment":[{"href":"https:\/\/pku.biomarin.com\/it-it\/wp-json\/wp\/v2\/media?parent=60"}],"curies":[{"name":"wp","href":"https:\/\/api.w.org\/{rel}","templated":true}]}}