{"id":50,"date":"2023-02-22T12:07:03","date_gmt":"2023-02-22T12:07:03","guid":{"rendered":"https:\/\/pkudsepatient-dev-001.azurewebsites.net\/it-it\/?page_id=50"},"modified":"2025-01-15T21:31:21","modified_gmt":"2025-01-15T21:31:21","slug":"genitori-e-team-di-assistenza-pianificazione-per-la-gestione-a-vita","status":"publish","type":"page","link":"https:\/\/pku.biomarin.com\/it-it\/genitori-e-team-di-assistenza-pianificazione-per-la-gestione-a-vita\/","title":{"rendered":"Come pianificare il trattamento da seguire per tutta la vita"},"content":{"rendered":"<div id=\"acf-block-63f77379736bb\" class=\"hero hero-no-overlay\">\n            <div class=\"hero-background-image hero-background-image-desktop\" style=\"background-image: url(https:\/\/pku.biomarin.com\/it-it\/wp-content\/uploads\/sites\/10\/2023\/03\/Group-110-scaled-e1678703759379-2000x435.jpg);\"><\/div>\n\t    <div class=\"hero-background-image hero-background-image-mobile\" style=\"background-image: url(https:\/\/pku.biomarin.com\/it-it\/wp-content\/uploads\/sites\/10\/2023\/02\/pku-balloon-hero-mobile-830x800.jpg);\"><\/div>\n    \t<div class=\"overlay\"><\/div>\n\t<div class=\"wrapper\">\n\t\t<div class=\"inner-wrapper\">\n\t\t\t<div class=\"hero-content\">\n\t\t\t    \t\t\t\t\t\t\t\t\t\t\t\t    <h1>Come pianificare il trattamento da seguire per tutta la vita\n<\/h1>\n\t\t\t\t\t\t\t\t\t\t\t\t\n                <p class=\"inline-buttons\">\n                                                        <\/p>\n\t\t\t\t\t\t\t<\/div>\n\t\t<\/div>\n\t<\/div>\n<\/div>\n\n\n<div id=\"acf-block-63f7737973844\" class=\"block wrapped-content block-tight-bottom\">\n    <div class=\"wrapper\">\n        <div class=\"inner-wrapper\">\n                \n<div id=\"acf-block-63f7737973936\" class=\"block-wysiwyg\">\n            <h2>Sviluppa precocemente abitudini sane per il trattamento a vita della PKU<\/h2>\n<p>Il trattamento della PKU deve iniziare il prima possibile e proseguire per tutta la vita. Comincia il trattamento con il sostegno degli specialisti del centro di riferimento: con loro potrai condividere tutti i tuoi pensieri e imparare quali sono le modalit\u00e0 di trattamento della PKU pi\u00f9 adatte a te.<\/p>\n    <\/div>\n        <\/div>\n    <\/div>\n<\/div>\n\n<div id=\"acf-block-63f77379752e4\" class=\"block split-content equal-bias bottom-border\" data-muted-autoplay=\"false\">\n\t<div class=\"wrapper\">\n\t\t<div class=\"inner-wrapper\">\n\t\t                                                                <div class=\"content-block first-block\">\n                                                                                                                                                                                                                                                                                    \n                                    \n                                                                                                                \n                                    \n                                    <figure>\n                                        <div class=\"image image-rounded\">\n                                                                                            <img decoding=\"async\" class=\"\" src=\"https:\/\/pku.biomarin.com\/it-it\/wp-content\/uploads\/sites\/10\/2023\/04\/Foodyoueat.png?v=0.85\" alt=\"Vegetables on a table top\" \/>                                                                                    <\/div>\n                                                                            <\/figure>\n                                                                                    <\/div>\n                    \n                                            <div class=\"content-block second-block\">\n                                                                                                <h2>Con la PKU, ci\u00f2 che mangi ha un impatto diretto sul tuo modo di percepire il mondo intorno a te<\/h2>\n<p>La Phe \u00e8 presente in quasi tutti gli alimenti che contengono proteine naturali. Gli specialisti del centro di riferimento ti aiuteranno a stabilire in che quantit\u00e0 la Phe deve essere presente nella tua dieta.<\/p>\n<p>Impara nuovi modi di cucinare per una persona con la PKU. Cambia il tuo menu con queste deliziose ricette.<\/p>\n                                                                                                                                                                                                                                                                                                                                                                                                                                                                        <p><a class=\"button button-arrow\" href=\"https:\/\/pku.biomarin.com\/it-it\/ricette\" target=\"_self\">Ricette per la PKU<\/a><\/p>\n                                                                                                                        <\/div>\n                                                \t\t<\/div>\n\t<\/div>\n<\/div>\n\n<div id=\"acf-block-642b1f77d6d9d\" class=\"block boxed-content top-border boxed-content-no-bg\">\n\t<div class=\"wrapper\">\n\t\t<div class=\"inner-wrapper\">\n\t\t\t<div class=\"box\">\n\t\t\t\t                    <h2>Aiuta il tuo bambino a imparare a gestire la PKU\n<\/h2>\n                \t\t\t\t\n<div id=\"acf-block-642b1f77d7112\" class=\"image-text-block content-align-bottom bottom-border\">\n            <div class=\"image-block medium\">\n            <figure>\n                <div class=\"image image-rounded\">\n                    <img decoding=\"async\" class=\"\" src=\"https:\/\/pku.biomarin.com\/it-it\/wp-content\/uploads\/sites\/10\/2023\/04\/step1_v2.png?v=0.85\" alt=\"Step 1\" \/>                <\/div>\n            <\/figure>\n        <\/div>\n        <div class=\"content-block\">\n                    <h3><strong>Io faccio; tu mi osservi<\/strong>\n<\/h3>\n                            <ul>\n<li>Spiega al tuo bambino tutto ci\u00f2 che fai e perch\u00e9 \u00e8 importante<\/li>\n<li>Mostragli in che ordine svolgi le attivit\u00e0 e assicurati che ti osservi<\/li>\n<\/ul>\n                    <\/div>\n<\/div>\n\n<div id=\"acf-block-642b1f77d7185\" class=\"image-text-block content-align-bottom bottom-border\">\n            <div class=\"image-block medium\">\n            <figure>\n                <div class=\"image image-rounded\">\n                    <img decoding=\"async\" class=\"\" src=\"https:\/\/pku.biomarin.com\/it-it\/wp-content\/uploads\/sites\/10\/2023\/04\/step2_v2.png?v=0.85\" alt=\"Step 2\" \/>                <\/div>\n            <\/figure>\n        <\/div>\n        <div class=\"content-block\">\n                    <h3><strong>Io faccio; tu mi aiuti<\/strong>\n<\/h3>\n                            <ul>\n<li>Lavora insieme al tuo bambino e aiutalo se necessario<\/li>\n<li>Fagli delle domande per verificare se sa perch\u00e9 questa routine \u00e8 importante<\/li>\n<\/ul>\n                    <\/div>\n<\/div>\n\n<div id=\"acf-block-642b1f77d71e3\" class=\"image-text-block content-align-bottom bottom-border\">\n            <div class=\"image-block medium\">\n            <figure>\n                <div class=\"image image-rounded\">\n                    <img decoding=\"async\" class=\"\" src=\"https:\/\/pku.biomarin.com\/it-it\/wp-content\/uploads\/sites\/10\/2023\/04\/step3_v2.png?v=0.85\" alt=\"Step 3\" \/>                <\/div>\n            <\/figure>\n        <\/div>\n        <div class=\"content-block\">\n                    <h3><strong>Tu fai; io ti aiuto<\/strong>\n<\/h3>\n                            <ul>\n<li>Fissa dei piccoli obiettivi raggiungibili e cerca di rendere divertente lo sviluppo di queste abitudini<\/li>\n<li>Intervieni in aiuto del tuo bambino se necessario e ricordagli perch\u00e9 questa routine \u00e8 cos\u00ec importante<\/li>\n<\/ul>\n                    <\/div>\n<\/div>\n\n<div id=\"acf-block-642b1f77d725f\" class=\"image-text-block content-align-center bottom-border\">\n            <div class=\"image-block medium\">\n            <figure>\n                <div class=\"image image-rounded\">\n                    <img decoding=\"async\" class=\"\" src=\"https:\/\/pku.biomarin.com\/it-it\/wp-content\/uploads\/sites\/10\/2023\/04\/step4_v3.png?v=0.85\" alt=\"Step 4\" \/>                <\/div>\n            <\/figure>\n        <\/div>\n        <div class=\"content-block\">\n                    <h3><strong>Tu fai; io ti osservo<\/strong>\n<\/h3>\n                            <ul>\n<li>Fissa degli obiettivi pi\u00f9 alti per il futuro e permetti a tuo figlio di farsi carico della sua routine<\/li>\n<li>Aiutalo ma cerca di non intervenire troppo presto. Fare degli errori lo aiuter\u00e0 a imparare e a prepararsi per il suo futuro<\/li>\n<\/ul>\n                    <\/div>\n<\/div>\n\t\t\t<\/div>\n\t\t<\/div>\n\t<\/div>\n<\/div>\n\n<div id=\"acf-block-64fe12511900d\" class=\"block split-content equal-bias bottom-border\" data-muted-autoplay=\"false\">\n\t<div class=\"wrapper\">\n\t\t<div class=\"inner-wrapper\">\n\t\t                                                                <div class=\"content-block first-block\">\n                                                                                                <h2>&#8220;Curioso di sapere come sia crescere con la PKU?&#8221;<\/h2>\n<p>Guarda questo video per conoscere l&#8217;esperienza di una madre e una figlia che crescono con la PKU<\/p>\n                                                                                    <\/div>\n                    \n                                            <div class=\"content-block second-block\">\n                                                                                                                                                                                                                                                <div class=\"video-poster\">\n\t\t\t                            <a class=\"modal-video permitted\" href=\"https:\/\/player.vimeo.com\/video\/1047225071\" style=\"background-image: url(https:\/\/pku.biomarin.com\/it-it\/wp-content\/uploads\/sites\/10\/2024\/01\/vlcsnap-2024-01-23-15h43m51s862.png?v=0.85);\">Play<\/a>\n\t\t                            <\/div> \n                                    \n                                                                                                                    \n                                                                                                                                                   \n                                    \n\t\t                                                                            <\/div>\n                                                \t\t<\/div>\n\t<\/div>\n<\/div>\n\n<div id=\"acf-block-64fe13a22c4cf\" class=\"block boxed-content boxed-content-white\">\n\t<div class=\"wrapper\">\n\t\t<div class=\"inner-wrapper\">\n\t\t\t<div class=\"box\">\n\t\t\t\t\t\t\t\t\n<div id=\"acf-block-64fe13a22c936\" class=\"image-text-block content-align-center\">\n            <div class=\"image-block medium\">\n            <figure>\n                <div class=\"image image-rounded\">\n                    <img decoding=\"async\" class=\"\" src=\"https:\/\/pku.biomarin.com\/it-it\/wp-content\/uploads\/sites\/10\/2023\/02\/resources-1.png?v=0.85\" alt=\"\" \/>                <\/div>\n            <\/figure>\n        <\/div>\n        <div class=\"content-block\">\n                    <h3>Suggerimenti per parlare con gli specialisti del centro di riferimento\n<\/h3>\n                                                    <p><a class=\"button button-download\" href=\"https:\/\/pku.biomarin.com\/it-it\/wp-content\/uploads\/sites\/10\/2024\/02\/IT_12355_PKU_Doctor_Discussion_Guide_A4.pdf?v=0.85\" target=\"_blank\">Scarica la guida<\/a><\/p>\n                        <\/div>\n<\/div>\n\t\t\t<\/div>\n\t\t<\/div>\n\t<\/div>\n<\/div>","protected":false},"excerpt":{"rendered":"","protected":false},"author":3,"featured_media":0,"parent":0,"menu_order":0,"comment_status":"closed","ping_status":"closed","template":"","meta":{"_acf_changed":false,"inline_featured_image":false,"footnotes":""},"class_list":["post-50","page","type-page","status-publish","hentry"],"acf":[],"yoast_head":"<!-- This site is optimized with the Yoast SEO plugin v27.4 - https:\/\/yoast.com\/product\/yoast-seo-wordpress\/ -->\n<title>Trattamento di PKU - BioMarin<\/title>\n<meta name=\"description\" content=\"Scopri come pianificare il trattamento di PKU da seguire per tutta la vita e aiuta il tuo bambino a imparare a gestire la PKU.\" \/>\n<meta name=\"robots\" content=\"index, follow, max-snippet:-1, max-image-preview:large, max-video-preview:-1\" \/>\n<link rel=\"canonical\" href=\"https:\/\/pku.biomarin.com\/it-it\/genitori-e-team-di-assistenza-pianificazione-per-la-gestione-a-vita\/\" \/>\n<meta property=\"og:locale\" content=\"it_IT\" \/>\n<meta property=\"og:type\" content=\"article\" \/>\n<meta property=\"og:title\" content=\"Trattamento di PKU - BioMarin\" \/>\n<meta property=\"og:description\" content=\"Scopri come pianificare il trattamento di PKU da seguire per tutta la vita e aiuta il tuo bambino a imparare a gestire la PKU.\" \/>\n<meta property=\"og:url\" content=\"https:\/\/pku.biomarin.com\/it-it\/genitori-e-team-di-assistenza-pianificazione-per-la-gestione-a-vita\/\" \/>\n<meta property=\"og:site_name\" content=\"BioMarin PKU DSE Patient IT-IT\" \/>\n<meta property=\"article:modified_time\" content=\"2025-01-15T21:31:21+00:00\" \/>\n<meta name=\"twitter:card\" content=\"summary_large_image\" \/>\n<script type=\"application\/ld+json\" class=\"yoast-schema-graph\">{\"@context\":\"https:\\\/\\\/schema.org\",\"@graph\":[{\"@type\":\"WebPage\",\"@id\":\"https:\\\/\\\/pku.biomarin.com\\\/it-it\\\/genitori-e-team-di-assistenza-pianificazione-per-la-gestione-a-vita\\\/\",\"url\":\"https:\\\/\\\/pku.biomarin.com\\\/it-it\\\/genitori-e-team-di-assistenza-pianificazione-per-la-gestione-a-vita\\\/\",\"name\":\"Trattamento di PKU - BioMarin\",\"isPartOf\":{\"@id\":\"https:\\\/\\\/pku.biomarin.com\\\/it-it\\\/#website\"},\"datePublished\":\"2023-02-22T12:07:03+00:00\",\"dateModified\":\"2025-01-15T21:31:21+00:00\",\"description\":\"Scopri come pianificare il trattamento di PKU da seguire per tutta la vita e aiuta il tuo bambino a imparare a gestire la PKU.\",\"breadcrumb\":{\"@id\":\"https:\\\/\\\/pku.biomarin.com\\\/it-it\\\/genitori-e-team-di-assistenza-pianificazione-per-la-gestione-a-vita\\\/#breadcrumb\"},\"inLanguage\":\"it-IT\",\"potentialAction\":[{\"@type\":\"ReadAction\",\"target\":[\"https:\\\/\\\/pku.biomarin.com\\\/it-it\\\/genitori-e-team-di-assistenza-pianificazione-per-la-gestione-a-vita\\\/\"]}]},{\"@type\":\"BreadcrumbList\",\"@id\":\"https:\\\/\\\/pku.biomarin.com\\\/it-it\\\/genitori-e-team-di-assistenza-pianificazione-per-la-gestione-a-vita\\\/#breadcrumb\",\"itemListElement\":[{\"@type\":\"ListItem\",\"position\":1,\"name\":\"Home\",\"item\":\"https:\\\/\\\/pku.biomarin.com\\\/it-it\\\/\"},{\"@type\":\"ListItem\",\"position\":2,\"name\":\"Come pianificare il trattamento da seguire per tutta la vita\"}]},{\"@type\":\"WebSite\",\"@id\":\"https:\\\/\\\/pku.biomarin.com\\\/it-it\\\/#website\",\"url\":\"https:\\\/\\\/pku.biomarin.com\\\/it-it\\\/\",\"name\":\"BioMarin PKU DSE Patient IT-IT\",\"description\":\"\",\"potentialAction\":[{\"@type\":\"SearchAction\",\"target\":{\"@type\":\"EntryPoint\",\"urlTemplate\":\"https:\\\/\\\/pku.biomarin.com\\\/it-it\\\/?s={search_term_string}\"},\"query-input\":{\"@type\":\"PropertyValueSpecification\",\"valueRequired\":true,\"valueName\":\"search_term_string\"}}],\"inLanguage\":\"it-IT\"}]}<\/script>\n<!-- \/ Yoast SEO plugin. -->","yoast_head_json":{"title":"Trattamento di PKU - BioMarin","description":"Scopri come pianificare il trattamento di PKU da seguire per tutta la vita e aiuta il tuo bambino a imparare a gestire la PKU.","robots":{"index":"index","follow":"follow","max-snippet":"max-snippet:-1","max-image-preview":"max-image-preview:large","max-video-preview":"max-video-preview:-1"},"canonical":"https:\/\/pku.biomarin.com\/it-it\/genitori-e-team-di-assistenza-pianificazione-per-la-gestione-a-vita\/","og_locale":"it_IT","og_type":"article","og_title":"Trattamento di PKU - BioMarin","og_description":"Scopri come pianificare il trattamento di PKU da seguire per tutta la vita e aiuta il tuo bambino a imparare a gestire la PKU.","og_url":"https:\/\/pku.biomarin.com\/it-it\/genitori-e-team-di-assistenza-pianificazione-per-la-gestione-a-vita\/","og_site_name":"BioMarin PKU DSE Patient IT-IT","article_modified_time":"2025-01-15T21:31:21+00:00","twitter_card":"summary_large_image","schema":{"@context":"https:\/\/schema.org","@graph":[{"@type":"WebPage","@id":"https:\/\/pku.biomarin.com\/it-it\/genitori-e-team-di-assistenza-pianificazione-per-la-gestione-a-vita\/","url":"https:\/\/pku.biomarin.com\/it-it\/genitori-e-team-di-assistenza-pianificazione-per-la-gestione-a-vita\/","name":"Trattamento di PKU - BioMarin","isPartOf":{"@id":"https:\/\/pku.biomarin.com\/it-it\/#website"},"datePublished":"2023-02-22T12:07:03+00:00","dateModified":"2025-01-15T21:31:21+00:00","description":"Scopri come pianificare il trattamento di PKU da seguire per tutta la vita e aiuta il tuo bambino a imparare a gestire la PKU.","breadcrumb":{"@id":"https:\/\/pku.biomarin.com\/it-it\/genitori-e-team-di-assistenza-pianificazione-per-la-gestione-a-vita\/#breadcrumb"},"inLanguage":"it-IT","potentialAction":[{"@type":"ReadAction","target":["https:\/\/pku.biomarin.com\/it-it\/genitori-e-team-di-assistenza-pianificazione-per-la-gestione-a-vita\/"]}]},{"@type":"BreadcrumbList","@id":"https:\/\/pku.biomarin.com\/it-it\/genitori-e-team-di-assistenza-pianificazione-per-la-gestione-a-vita\/#breadcrumb","itemListElement":[{"@type":"ListItem","position":1,"name":"Home","item":"https:\/\/pku.biomarin.com\/it-it\/"},{"@type":"ListItem","position":2,"name":"Come pianificare il trattamento da seguire per tutta la vita"}]},{"@type":"WebSite","@id":"https:\/\/pku.biomarin.com\/it-it\/#website","url":"https:\/\/pku.biomarin.com\/it-it\/","name":"BioMarin PKU DSE Patient IT-IT","description":"","potentialAction":[{"@type":"SearchAction","target":{"@type":"EntryPoint","urlTemplate":"https:\/\/pku.biomarin.com\/it-it\/?s={search_term_string}"},"query-input":{"@type":"PropertyValueSpecification","valueRequired":true,"valueName":"search_term_string"}}],"inLanguage":"it-IT"}]}},"_links":{"self":[{"href":"https:\/\/pku.biomarin.com\/it-it\/wp-json\/wp\/v2\/pages\/50","targetHints":{"allow":["GET"]}}],"collection":[{"href":"https:\/\/pku.biomarin.com\/it-it\/wp-json\/wp\/v2\/pages"}],"about":[{"href":"https:\/\/pku.biomarin.com\/it-it\/wp-json\/wp\/v2\/types\/page"}],"author":[{"embeddable":true,"href":"https:\/\/pku.biomarin.com\/it-it\/wp-json\/wp\/v2\/users\/3"}],"replies":[{"embeddable":true,"href":"https:\/\/pku.biomarin.com\/it-it\/wp-json\/wp\/v2\/comments?post=50"}],"version-history":[{"count":132,"href":"https:\/\/pku.biomarin.com\/it-it\/wp-json\/wp\/v2\/pages\/50\/revisions"}],"predecessor-version":[{"id":5097,"href":"https:\/\/pku.biomarin.com\/it-it\/wp-json\/wp\/v2\/pages\/50\/revisions\/5097"}],"wp:attachment":[{"href":"https:\/\/pku.biomarin.com\/it-it\/wp-json\/wp\/v2\/media?parent=50"}],"curies":[{"name":"wp","href":"https:\/\/api.w.org\/{rel}","templated":true}]}}