{"id":4819,"date":"2024-02-19T05:14:58","date_gmt":"2024-02-19T05:14:58","guid":{"rendered":"https:\/\/pkudsepatient-dev-001.azurewebsites.net\/it-it\/?page_id=4819"},"modified":"2024-08-07T20:28:41","modified_gmt":"2024-08-07T20:28:41","slug":"terapia-con-la-fenilchetonuria","status":"publish","type":"page","link":"https:\/\/pku.biomarin.com\/it-it\/terapia-con-la-fenilchetonuria\/","title":{"rendered":"Terapia con la fenilchetonuria"},"content":{"rendered":"<div id=\"acf-block-65d2e651def03\" class=\"hero\">\n            <div class=\"hero-background-image hero-background-image-desktop\" style=\"background-image: url(https:\/\/pku.biomarin.com\/it-it\/wp-content\/uploads\/sites\/10\/2023\/03\/Group-110-scaled-e1678703759379-2000x435.jpg);\"><\/div>\n\t    <div class=\"hero-background-image hero-background-image-mobile\" style=\"background-image: url(https:\/\/pku.biomarin.com\/it-it\/wp-content\/uploads\/sites\/10\/2023\/02\/pku-balloon-hero-mobile-830x800.jpg);\"><\/div>\n    \t<div class=\"overlay\"><\/div>\n\t<div class=\"wrapper\">\n\t\t<div class=\"inner-wrapper\">\n\t\t\t<div class=\"hero-content\">\n\t\t\t    \t\t\t\t\t\t\t\t\t\t\t\t    <h1>Terapia con la fenilchetonuria\n<\/h1>\n\t\t\t\t\t\t\t\t\t\t\t\t\n                <p class=\"inline-buttons\">\n                                                        <\/p>\n\t\t\t\t\t\t\t<\/div>\n\t\t<\/div>\n\t<\/div>\n<\/div>\n\n\n<div id=\"acf-block-65d2e651df186\" class=\"block wrapped-content\">\n    <div class=\"wrapper\">\n        <div class=\"inner-wrapper\">\n                \n<div id=\"acf-block-65d2e651df2e8\" class=\"block-wysiwyg\">\n            <h2>Terapia con la fenilchetonuria: tenere sotto controllo i livelli phe nel sangue<\/h2>\n<p>Le persone che convivono con la fenilchetonuria (PKU) devono gestire quotidianamente una malattia caratterizzata da forti restrizioni alimentari, con un considerevole impatto sociale e psicologico sulle loro vite <sup>1<\/sup>.<\/p>\n<h3>Essere a conoscenza di alcune informazioni utili pu\u00f2 aiutare i pazienti a gestire la PKU nella vita di tutti i giorni e a richiedere il supporto dello specialista pi\u00f9 adatto<\/h3>\n<p>Gestire la PKU nel quotidiano significa cercare di mantenere i livelli di fenilalanina (Phe) entro i limiti definiti dal medico per evitare effetti negativi sul cervello<sup>2<\/sup>. Per questo motivo la terapia per la fenilchetonuria prevede una dieta caratterizzata da un basso apporto di fenilalanina, eventuali integratori proteici e, se concordata con uno specialista della fenilchetonuria, anche una terapia farmacologica. Quest\u2019ultima pu\u00f2 permettere ad alcuni pazienti di controllare i livelli di fenilalanina e di seguire, di conseguenza, una dieta meno restrittiva <sup>3<\/sup>. Il medico sapr\u00e0 consigliare di volta in volta la terapia pi\u00f9 adatta al caso specifico.<\/p>\n<p>Tenere sotto controllo i livelli di Phe nel sangue \u00e8 importantissimo. Il paziente sceglie insieme agli specialisti il sistema di monitoraggio da adottare tra quelli a disposizione.<\/p>\n<p>A prescindere dal metodo utilizzato, suggeriamo di <sup>4<\/sup>:<\/p>\n<ul>\n<li>Conoscere gli alimenti.<\/li>\n<li>Conoscere la quantit\u00e0 di fenilalanina presente negli alimenti consumati pi\u00f9 spesso semplifica il monitoraggio e lo rende pi\u00f9 veloce.<\/li>\n<li>Creare una routine della misurazione dei livelli di fenilalanina.<\/li>\n<li>Farlo sempre nello stesso momento della giornata crea una routine e facilita la regolarit\u00e0.<\/li>\n<li>Scegliere un unico metodo per il monitoraggio dei livelli di fenilalanina e una sola dieta per la fenilchetonuria.<\/li>\n<li>Usare sempre lo stesso metodo e la stessa linea guida per calcolare l\u2019apporto giornaliero di fenilalanina (Phe) \u00e8 di fondamentale importanza.<\/li>\n<li>Tenere traccia di alimenti e bevande assunti, per avere un quadro dell\u2019andamento della dieta.<\/li>\n<\/ul>\n<p><strong>Bibliografia<\/strong><br \/>\n<small>1. Blau N <em>et al<\/em>. Lancet 2010;376:1417\u20131427.<br \/>\n2. Waisbren SE <em>et al<\/em>. Mol Genet Metab 2007;92(1-2):63\u201370<br \/>\n3. Van Wegberg AMJ, MacDonald A, Ahring K, <em>et al<\/em>. The complete European guidelines on phenylketonuria: diagnosis and treatment. Orphanet J Rare Dis. 2017;12(1):162. Pubblicato il 12 ottobre 2017<br \/>\n4. BioMarinPharmaceuticals. 2020. PKU. Una questione di testa, non solo di dieta. Available at: https:\/\/www.pkuliving.eu\/it-it\/community-and-support\/guida-pku<\/small><\/p>\n    <\/div>\n        <\/div>\n    <\/div>\n<\/div>","protected":false},"excerpt":{"rendered":"","protected":false},"author":3,"featured_media":0,"parent":0,"menu_order":0,"comment_status":"closed","ping_status":"closed","template":"","meta":{"_acf_changed":false,"inline_featured_image":false,"footnotes":""},"class_list":["post-4819","page","type-page","status-publish","hentry"],"acf":[],"yoast_head":"<!-- This site is optimized with the Yoast SEO plugin v27.4 - https:\/\/yoast.com\/product\/yoast-seo-wordpress\/ -->\n<title>Terapia con la fenilchetonuria - BioMarin PKU DSE Patient IT-IT<\/title>\n<meta name=\"robots\" content=\"index, follow, max-snippet:-1, max-image-preview:large, max-video-preview:-1\" \/>\n<link rel=\"canonical\" href=\"https:\/\/pku.biomarin.com\/it-it\/terapia-con-la-fenilchetonuria\/\" \/>\n<meta property=\"og:locale\" content=\"it_IT\" \/>\n<meta property=\"og:type\" content=\"article\" \/>\n<meta property=\"og:title\" content=\"Terapia con la fenilchetonuria - BioMarin PKU DSE Patient IT-IT\" \/>\n<meta property=\"og:url\" content=\"https:\/\/pku.biomarin.com\/it-it\/terapia-con-la-fenilchetonuria\/\" \/>\n<meta property=\"og:site_name\" content=\"BioMarin PKU DSE Patient IT-IT\" \/>\n<meta property=\"article:modified_time\" content=\"2024-08-07T20:28:41+00:00\" \/>\n<meta name=\"twitter:card\" content=\"summary_large_image\" \/>\n<script type=\"application\/ld+json\" class=\"yoast-schema-graph\">{\"@context\":\"https:\\\/\\\/schema.org\",\"@graph\":[{\"@type\":\"WebPage\",\"@id\":\"https:\\\/\\\/pku.biomarin.com\\\/it-it\\\/terapia-con-la-fenilchetonuria\\\/\",\"url\":\"https:\\\/\\\/pku.biomarin.com\\\/it-it\\\/terapia-con-la-fenilchetonuria\\\/\",\"name\":\"Terapia con la fenilchetonuria - BioMarin PKU DSE Patient IT-IT\",\"isPartOf\":{\"@id\":\"https:\\\/\\\/pku.biomarin.com\\\/it-it\\\/#website\"},\"datePublished\":\"2024-02-19T05:14:58+00:00\",\"dateModified\":\"2024-08-07T20:28:41+00:00\",\"breadcrumb\":{\"@id\":\"https:\\\/\\\/pku.biomarin.com\\\/it-it\\\/terapia-con-la-fenilchetonuria\\\/#breadcrumb\"},\"inLanguage\":\"it-IT\",\"potentialAction\":[{\"@type\":\"ReadAction\",\"target\":[\"https:\\\/\\\/pku.biomarin.com\\\/it-it\\\/terapia-con-la-fenilchetonuria\\\/\"]}]},{\"@type\":\"BreadcrumbList\",\"@id\":\"https:\\\/\\\/pku.biomarin.com\\\/it-it\\\/terapia-con-la-fenilchetonuria\\\/#breadcrumb\",\"itemListElement\":[{\"@type\":\"ListItem\",\"position\":1,\"name\":\"Home\",\"item\":\"https:\\\/\\\/pku.biomarin.com\\\/it-it\\\/\"},{\"@type\":\"ListItem\",\"position\":2,\"name\":\"Terapia con la fenilchetonuria\"}]},{\"@type\":\"WebSite\",\"@id\":\"https:\\\/\\\/pku.biomarin.com\\\/it-it\\\/#website\",\"url\":\"https:\\\/\\\/pku.biomarin.com\\\/it-it\\\/\",\"name\":\"BioMarin PKU DSE Patient IT-IT\",\"description\":\"\",\"potentialAction\":[{\"@type\":\"SearchAction\",\"target\":{\"@type\":\"EntryPoint\",\"urlTemplate\":\"https:\\\/\\\/pku.biomarin.com\\\/it-it\\\/?s={search_term_string}\"},\"query-input\":{\"@type\":\"PropertyValueSpecification\",\"valueRequired\":true,\"valueName\":\"search_term_string\"}}],\"inLanguage\":\"it-IT\"}]}<\/script>\n<!-- \/ Yoast SEO plugin. -->","yoast_head_json":{"title":"Terapia con la fenilchetonuria - BioMarin PKU DSE Patient IT-IT","robots":{"index":"index","follow":"follow","max-snippet":"max-snippet:-1","max-image-preview":"max-image-preview:large","max-video-preview":"max-video-preview:-1"},"canonical":"https:\/\/pku.biomarin.com\/it-it\/terapia-con-la-fenilchetonuria\/","og_locale":"it_IT","og_type":"article","og_title":"Terapia con la fenilchetonuria - BioMarin PKU DSE Patient IT-IT","og_url":"https:\/\/pku.biomarin.com\/it-it\/terapia-con-la-fenilchetonuria\/","og_site_name":"BioMarin PKU DSE Patient IT-IT","article_modified_time":"2024-08-07T20:28:41+00:00","twitter_card":"summary_large_image","schema":{"@context":"https:\/\/schema.org","@graph":[{"@type":"WebPage","@id":"https:\/\/pku.biomarin.com\/it-it\/terapia-con-la-fenilchetonuria\/","url":"https:\/\/pku.biomarin.com\/it-it\/terapia-con-la-fenilchetonuria\/","name":"Terapia con la fenilchetonuria - BioMarin PKU DSE Patient IT-IT","isPartOf":{"@id":"https:\/\/pku.biomarin.com\/it-it\/#website"},"datePublished":"2024-02-19T05:14:58+00:00","dateModified":"2024-08-07T20:28:41+00:00","breadcrumb":{"@id":"https:\/\/pku.biomarin.com\/it-it\/terapia-con-la-fenilchetonuria\/#breadcrumb"},"inLanguage":"it-IT","potentialAction":[{"@type":"ReadAction","target":["https:\/\/pku.biomarin.com\/it-it\/terapia-con-la-fenilchetonuria\/"]}]},{"@type":"BreadcrumbList","@id":"https:\/\/pku.biomarin.com\/it-it\/terapia-con-la-fenilchetonuria\/#breadcrumb","itemListElement":[{"@type":"ListItem","position":1,"name":"Home","item":"https:\/\/pku.biomarin.com\/it-it\/"},{"@type":"ListItem","position":2,"name":"Terapia con la fenilchetonuria"}]},{"@type":"WebSite","@id":"https:\/\/pku.biomarin.com\/it-it\/#website","url":"https:\/\/pku.biomarin.com\/it-it\/","name":"BioMarin PKU DSE Patient IT-IT","description":"","potentialAction":[{"@type":"SearchAction","target":{"@type":"EntryPoint","urlTemplate":"https:\/\/pku.biomarin.com\/it-it\/?s={search_term_string}"},"query-input":{"@type":"PropertyValueSpecification","valueRequired":true,"valueName":"search_term_string"}}],"inLanguage":"it-IT"}]}},"_links":{"self":[{"href":"https:\/\/pku.biomarin.com\/it-it\/wp-json\/wp\/v2\/pages\/4819","targetHints":{"allow":["GET"]}}],"collection":[{"href":"https:\/\/pku.biomarin.com\/it-it\/wp-json\/wp\/v2\/pages"}],"about":[{"href":"https:\/\/pku.biomarin.com\/it-it\/wp-json\/wp\/v2\/types\/page"}],"author":[{"embeddable":true,"href":"https:\/\/pku.biomarin.com\/it-it\/wp-json\/wp\/v2\/users\/3"}],"replies":[{"embeddable":true,"href":"https:\/\/pku.biomarin.com\/it-it\/wp-json\/wp\/v2\/comments?post=4819"}],"version-history":[{"count":16,"href":"https:\/\/pku.biomarin.com\/it-it\/wp-json\/wp\/v2\/pages\/4819\/revisions"}],"predecessor-version":[{"id":5040,"href":"https:\/\/pku.biomarin.com\/it-it\/wp-json\/wp\/v2\/pages\/4819\/revisions\/5040"}],"wp:attachment":[{"href":"https:\/\/pku.biomarin.com\/it-it\/wp-json\/wp\/v2\/media?parent=4819"}],"curies":[{"name":"wp","href":"https:\/\/api.w.org\/{rel}","templated":true}]}}