{"id":48,"date":"2023-02-22T12:06:27","date_gmt":"2023-02-22T12:06:27","guid":{"rendered":"https:\/\/pkudsepatient-dev-001.azurewebsites.net\/it-it\/?page_id=48"},"modified":"2025-01-14T17:19:08","modified_gmt":"2025-01-14T17:19:08","slug":"tuo-figlio-e-la-pku","status":"publish","type":"page","link":"https:\/\/pku.biomarin.com\/it-it\/tuo-figlio-e-la-pku\/","title":{"rendered":"Tuo figlio e la PKU"},"content":{"rendered":"<div id=\"acf-block-63f769755d300\" class=\"hero hero-no-overlay\">\n            <div class=\"hero-background-image hero-background-image-desktop\" style=\"background-image: url(https:\/\/pku.biomarin.com\/it-it\/wp-content\/uploads\/sites\/10\/2023\/03\/Group-110-scaled-e1678703759379-2000x435.jpg);\"><\/div>\n\t    <div class=\"hero-background-image hero-background-image-mobile\" style=\"background-image: url(https:\/\/pku.biomarin.com\/it-it\/wp-content\/uploads\/sites\/10\/2023\/02\/pku-balloon-hero-mobile-830x800.jpg);\"><\/div>\n    \t<div class=\"overlay\"><\/div>\n\t<div class=\"wrapper\">\n\t\t<div class=\"inner-wrapper\">\n\t\t\t<div class=\"hero-content\">\n\t\t\t    \t\t\t\t\t\t\t\t\t\t\t\t    <h1>Tuo figlio e la PKU\n<\/h1>\n\t\t\t\t\t\t\t\t\t\t\t\t\n                <p class=\"inline-buttons\">\n                                                        <\/p>\n\t\t\t\t\t\t\t<\/div>\n\t\t<\/div>\n\t<\/div>\n<\/div>\n\n\n<div id=\"acf-block-63f769755d4b4\" class=\"block wrapped-content\">\n    <div class=\"wrapper\">\n        <div class=\"inner-wrapper\">\n                \n<div id=\"acf-block-63f769755d596\" class=\"block-wysiwyg\">\n            <h2>Per coloro che convivono con la PKU, seguire una routine sana \u00e8 importante<\/h2>\n<p>Inizia a seguire abitudini sane finch\u00e9 il tuo bambino \u00e8 piccolo e fai in modo che impari dal tuo esempio. Questo pu\u00f2 aiutarti a insegnare al tuo bambino a prendersi cura della PKU nel modo migliore \u2013 perch\u00e9 quando crescer\u00e0 se ne dovr\u00e0 occupare autonomamente.<\/p>\n<h3>Tre step per aiutare tuo figlio ad approcciare al meglio la PKU<\/h3>\n<p>Sviluppare delle abitudini sane pu\u00f2 aiutare il tuo bambino ad affrontare subito le difficolt\u00e0 del trattamento della PKU. Sane abitudini possono sviluppare in lui motivazione, competenze e conoscenza.<\/p>\n    <\/div>\n        <\/div>\n    <\/div>\n<\/div>\n\n<div id=\"acf-block-63f769755d732\" class=\"block cards cards-3-col\">\n\t<div class=\"wrapper\">\n\t\t<div class=\"inner-wrapper\">\n\t\t\t<div class=\"cards-title\">\n\t\t\t    \t\t\t\t\t\t\t<\/div>\n\t\t\t<div class=\"cards-wrapper\">\n\t\t\t    \n<div id=\"acf-block-63f769755db52\" class=\"card\" data-muted-autoplay=\"false\">\n    \t    \n\n                    <img decoding=\"async\" class=\"card-image\" src=\"https:\/\/pku.biomarin.com\/it-it\/wp-content\/uploads\/sites\/10\/2023\/02\/2.1_Desktop_ProvideKnowledge.jpg?v=0.85\" alt=\"\" \/>        \n\t    <div class=\"card-content\">\n                \n                                                                                                            <h4>1. Fornire la conoscenza<\/h4>\n<p>Cosa fare e perch\u00e9<\/p>\n                                                                                    <\/div>\n<\/div>\n\n<div id=\"acf-block-63f769755dbbb\" class=\"card\" data-muted-autoplay=\"false\">\n    \t    \n\n                    <img decoding=\"async\" class=\"card-image\" src=\"https:\/\/pku.biomarin.com\/it-it\/wp-content\/uploads\/sites\/10\/2023\/02\/2.1_Desktop_InspireDrive.jpg?v=0.85\" alt=\"\" \/>        \n\t    <div class=\"card-content\">\n                \n                                                                                                            <h4>2. Guida motivazionale<\/h4>\n<p>Voglio farlo<\/p>\n                                                                                    <\/div>\n<\/div>\n\n<div id=\"acf-block-63f769755dc25\" class=\"card\" data-muted-autoplay=\"false\">\n    \t    \n\n                    <img decoding=\"async\" class=\"card-image\" src=\"https:\/\/pku.biomarin.com\/it-it\/wp-content\/uploads\/sites\/10\/2023\/02\/2.1_Desktop_TeachSkills.jpg?v=0.85\" alt=\"\" \/>        \n\t    <div class=\"card-content\">\n                \n                                                                                                            <h4>3. Insegnare le competenze<\/h4>\n<p>Come farlo<\/p>\n                                                                                    <\/div>\n<\/div>\n\t\t\t<\/div>\n\t\t<\/div>\n\t<\/div>\n<\/div>\n\n<div id=\"acf-block-63f76dcd9e7a7\" class=\"block split-content equal-bias bottom-border\" data-muted-autoplay=\"false\">\n\t<div class=\"wrapper\">\n\t\t<div class=\"inner-wrapper\">\n\t\t                                                                <div class=\"content-block first-block\">\n                                                                                                                                                                                                                                                                                    \n                                    \n                                                                                                                \n                                    \n                                    <figure>\n                                        <div class=\"image image-rounded\">\n                                                                                            <img decoding=\"async\" class=\"\" src=\"https:\/\/pku.biomarin.com\/it-it\/wp-content\/uploads\/sites\/10\/2023\/02\/2.1_Desktop_GetStarted.jpg?v=0.85\" alt=\"\" \/>                                                                                    <\/div>\n                                                                            <\/figure>\n                                                                                    <\/div>\n                    \n                                            <div class=\"content-block second-block\">\n                                                                                                <h2>Collabora con il centro di riferimento specializzato nel trattamento della PKU<\/h2>\n<p>Presso il centro di riferimento potrai ricevere l\u2019aiuto per stabilire che cos\u2019\u00e8 pi\u00f9 importante per te nel gestire la PKU, dato che possono esserci delle differenze da persona a persona. Per ottenere migliori risultati, prepara un piano di cura della PKU in base alle esigenze individuali, tue e della tua famiglia.<\/p>\n                                                                                                                                                                                                                                                                                                                                                                                                                                                                        <p><a class=\"button button-text button-arrow\" href=\"https:\/\/pku.biomarin.com\/it-it\/genitori-e-team-di-assistenza-pianificazione-per-la-gestione-a-vita\/\" target=\"_self\">Comincia oggi stesso ad adottare queste quattro sane abitudini<\/a><\/p>\n                                                                                                                        <\/div>\n                                                \t\t<\/div>\n\t<\/div>\n<\/div>\n\n<div id=\"acf-block-63f770e6b6b52\" class=\"block call-to-action block-tight-top block-tight-bottom\">\n    <div class=\"wrapper\">\n\t\t<div class=\"inner-wrapper\">\n\t\t\t<div class=\"box\" style=\"\">\n\t\t\t\t<div class=\"overlay\"><\/div>\n\t\t\t\t<div class=\"cta-content\">\n\t\t\t\t    \t\t\t\t\t<div class=\"cta-content-main\">\n                        <div class=\"content-block\">\n\t\t\t\t\t        \t\t\t\t\t        \t\t\t\t\t\t        <h2 class=\"h3\">Quando un insegnante o un parente ti chiede della PKU, che cosa dici?\n<\/h2>\n\t\t\t\t\t\t    \t\t\t\t\t\t    \t\t\t\t\t\t        <p>Potrebbe essere facile descrivere la PKU come un disturbo alimentare, ma la PKU pu\u00f2 avere anche gravi effetti sul cervello.<\/p>\n<p>Quindi la prossima volta, prova a spiegare l\u2019impatto che la PKU ha sul cervello in via di sviluppo. In questo modo aiuterai gli altri a capire quanto sia importare fare attenzione a quello che tuo figlio mangia.<\/p>\n\t\t\t\t\t\t    \t\t\t\t\t    <\/div>\n\t\t\t\t\t                                <div class=\"content-block\">\n                                <p><a class=\"button button-ghost button-arrow\" href=\"https:\/\/pku.biomarin.com\/it-it\/leffetto-della-phe-sul-cervello\/\" target=\"_self\">Impara come la PKU agisce sul cervello<\/a><\/p>\n                            <\/div>\n\t\t\t\t\t                        <\/div>\n\t\t\t\t<\/div>\n\t\t\t<\/div>\n\t\t<\/div>\n\t<\/div>\n<\/div>\n\n<div id=\"acf-block-63f770e6b6d8f\" class=\"block cards cards-2-col\">\n\t<div class=\"wrapper\">\n\t\t<div class=\"inner-wrapper\">\n\t\t\t<div class=\"cards-title\">\n\t\t\t    \t\t\t\t\t\t\t<\/div>\n\t\t\t<div class=\"cards-wrapper\">\n\t\t\t    \n<div id=\"acf-block-63f770e6b71a1\" class=\"card card-fixed-button\" data-muted-autoplay=\"false\">\n    \t    \n\n                    <img decoding=\"async\" class=\"card-image\" src=\"https:\/\/pku.biomarin.com\/it-it\/wp-content\/uploads\/sites\/10\/2024\/01\/future_plans.png?v=0.85\" alt=\"\" \/>        \n\t    <div class=\"card-content\">\n                            <h4>Pianifica il futuro con la PKU\n<\/h4>\n        \n                                                                                                                                                                                                                                                                                    \n                                                                                        <\/div>\n                                <div class=\"card-actions\">\n                            \n                            <p><a class=\"button button-arrow\" href=\"https:\/\/pku.biomarin.com\/it-it\/genitori-e-team-di-assistenza-pianificazione-per-la-gestione-a-vita\/\" target=\"_self\">Comincia subito<\/a><\/p>\n                                                                                    <\/div>\n<\/div>\n\n<div id=\"acf-block-63f770e6b7224\" class=\"card card-fixed-button\" data-muted-autoplay=\"false\">\n    \t    \n\n                    <img decoding=\"async\" class=\"card-image\" src=\"https:\/\/pku.biomarin.com\/it-it\/wp-content\/uploads\/sites\/10\/2024\/01\/Commitment-1.png?v=0.85\" alt=\"\" \/>        \n\t    <div class=\"card-content\">\n                            <h4>Scopri in che modo puoi mantenere bassi i livelli di Phe nel sangue\n<\/h4>\n        \n                                                                                                                                                                                                                                                                                    \n                                                                                        <\/div>\n                                <div class=\"card-actions\">\n                            \n                            <p><a class=\"button button-arrow\" href=\"https:\/\/pku.biomarin.com\/it-it\/come-gestirla\/\" target=\"_self\">Come trattare la PKU<\/a><\/p>\n                                                                                    <\/div>\n<\/div>\n\t\t\t<\/div>\n\t\t<\/div>\n\t<\/div>\n<\/div>","protected":false},"excerpt":{"rendered":"","protected":false},"author":3,"featured_media":0,"parent":0,"menu_order":0,"comment_status":"closed","ping_status":"closed","template":"","meta":{"_acf_changed":false,"inline_featured_image":false,"footnotes":""},"class_list":["post-48","page","type-page","status-publish","hentry"],"acf":[],"yoast_head":"<!-- This site is optimized with the Yoast SEO plugin v27.4 - https:\/\/yoast.com\/product\/yoast-seo-wordpress\/ -->\n<title>Trattare la fenilchetonuria - BioMarin<\/title>\n<meta name=\"description\" content=\"Scopri come diminuire i livelli di fenilalanina nel tuo bambino affetto da fenilchetonuria cosicch\u00e9 insieme possiate tenere sotto controllo la PKU con una dieta adeguata.\" \/>\n<meta name=\"robots\" content=\"index, follow, max-snippet:-1, max-image-preview:large, max-video-preview:-1\" \/>\n<link rel=\"canonical\" href=\"https:\/\/pku.biomarin.com\/it-it\/tuo-figlio-e-la-pku\/\" \/>\n<meta property=\"og:locale\" content=\"it_IT\" \/>\n<meta property=\"og:type\" content=\"article\" \/>\n<meta property=\"og:title\" content=\"Trattare la fenilchetonuria - BioMarin\" \/>\n<meta property=\"og:description\" content=\"Scopri come diminuire i livelli di fenilalanina nel tuo bambino affetto da fenilchetonuria cosicch\u00e9 insieme possiate tenere sotto controllo la PKU con una dieta adeguata.\" \/>\n<meta property=\"og:url\" content=\"https:\/\/pku.biomarin.com\/it-it\/tuo-figlio-e-la-pku\/\" \/>\n<meta property=\"og:site_name\" content=\"BioMarin PKU DSE Patient IT-IT\" \/>\n<meta property=\"article:modified_time\" content=\"2025-01-14T17:19:08+00:00\" \/>\n<meta name=\"twitter:card\" content=\"summary_large_image\" \/>\n<script type=\"application\/ld+json\" class=\"yoast-schema-graph\">{\"@context\":\"https:\\\/\\\/schema.org\",\"@graph\":[{\"@type\":\"WebPage\",\"@id\":\"https:\\\/\\\/pku.biomarin.com\\\/it-it\\\/tuo-figlio-e-la-pku\\\/\",\"url\":\"https:\\\/\\\/pku.biomarin.com\\\/it-it\\\/tuo-figlio-e-la-pku\\\/\",\"name\":\"Trattare la fenilchetonuria - BioMarin\",\"isPartOf\":{\"@id\":\"https:\\\/\\\/pku.biomarin.com\\\/it-it\\\/#website\"},\"datePublished\":\"2023-02-22T12:06:27+00:00\",\"dateModified\":\"2025-01-14T17:19:08+00:00\",\"description\":\"Scopri come diminuire i livelli di fenilalanina nel tuo bambino affetto da fenilchetonuria cosicch\u00e9 insieme possiate tenere sotto controllo la PKU con una dieta adeguata.\",\"breadcrumb\":{\"@id\":\"https:\\\/\\\/pku.biomarin.com\\\/it-it\\\/tuo-figlio-e-la-pku\\\/#breadcrumb\"},\"inLanguage\":\"it-IT\",\"potentialAction\":[{\"@type\":\"ReadAction\",\"target\":[\"https:\\\/\\\/pku.biomarin.com\\\/it-it\\\/tuo-figlio-e-la-pku\\\/\"]}]},{\"@type\":\"BreadcrumbList\",\"@id\":\"https:\\\/\\\/pku.biomarin.com\\\/it-it\\\/tuo-figlio-e-la-pku\\\/#breadcrumb\",\"itemListElement\":[{\"@type\":\"ListItem\",\"position\":1,\"name\":\"Home\",\"item\":\"https:\\\/\\\/pku.biomarin.com\\\/it-it\\\/\"},{\"@type\":\"ListItem\",\"position\":2,\"name\":\"Tuo figlio e la PKU\"}]},{\"@type\":\"WebSite\",\"@id\":\"https:\\\/\\\/pku.biomarin.com\\\/it-it\\\/#website\",\"url\":\"https:\\\/\\\/pku.biomarin.com\\\/it-it\\\/\",\"name\":\"BioMarin PKU DSE Patient IT-IT\",\"description\":\"\",\"potentialAction\":[{\"@type\":\"SearchAction\",\"target\":{\"@type\":\"EntryPoint\",\"urlTemplate\":\"https:\\\/\\\/pku.biomarin.com\\\/it-it\\\/?s={search_term_string}\"},\"query-input\":{\"@type\":\"PropertyValueSpecification\",\"valueRequired\":true,\"valueName\":\"search_term_string\"}}],\"inLanguage\":\"it-IT\"}]}<\/script>\n<!-- \/ Yoast SEO plugin. -->","yoast_head_json":{"title":"Trattare la fenilchetonuria - BioMarin","description":"Scopri come diminuire i livelli di fenilalanina nel tuo bambino affetto da fenilchetonuria cosicch\u00e9 insieme possiate tenere sotto controllo la PKU con una dieta adeguata.","robots":{"index":"index","follow":"follow","max-snippet":"max-snippet:-1","max-image-preview":"max-image-preview:large","max-video-preview":"max-video-preview:-1"},"canonical":"https:\/\/pku.biomarin.com\/it-it\/tuo-figlio-e-la-pku\/","og_locale":"it_IT","og_type":"article","og_title":"Trattare la fenilchetonuria - BioMarin","og_description":"Scopri come diminuire i livelli di fenilalanina nel tuo bambino affetto da fenilchetonuria cosicch\u00e9 insieme possiate tenere sotto controllo la PKU con una dieta adeguata.","og_url":"https:\/\/pku.biomarin.com\/it-it\/tuo-figlio-e-la-pku\/","og_site_name":"BioMarin PKU DSE Patient IT-IT","article_modified_time":"2025-01-14T17:19:08+00:00","twitter_card":"summary_large_image","schema":{"@context":"https:\/\/schema.org","@graph":[{"@type":"WebPage","@id":"https:\/\/pku.biomarin.com\/it-it\/tuo-figlio-e-la-pku\/","url":"https:\/\/pku.biomarin.com\/it-it\/tuo-figlio-e-la-pku\/","name":"Trattare la fenilchetonuria - BioMarin","isPartOf":{"@id":"https:\/\/pku.biomarin.com\/it-it\/#website"},"datePublished":"2023-02-22T12:06:27+00:00","dateModified":"2025-01-14T17:19:08+00:00","description":"Scopri come diminuire i livelli di fenilalanina nel tuo bambino affetto da fenilchetonuria cosicch\u00e9 insieme possiate tenere sotto controllo la PKU con una dieta adeguata.","breadcrumb":{"@id":"https:\/\/pku.biomarin.com\/it-it\/tuo-figlio-e-la-pku\/#breadcrumb"},"inLanguage":"it-IT","potentialAction":[{"@type":"ReadAction","target":["https:\/\/pku.biomarin.com\/it-it\/tuo-figlio-e-la-pku\/"]}]},{"@type":"BreadcrumbList","@id":"https:\/\/pku.biomarin.com\/it-it\/tuo-figlio-e-la-pku\/#breadcrumb","itemListElement":[{"@type":"ListItem","position":1,"name":"Home","item":"https:\/\/pku.biomarin.com\/it-it\/"},{"@type":"ListItem","position":2,"name":"Tuo figlio e la PKU"}]},{"@type":"WebSite","@id":"https:\/\/pku.biomarin.com\/it-it\/#website","url":"https:\/\/pku.biomarin.com\/it-it\/","name":"BioMarin PKU DSE Patient IT-IT","description":"","potentialAction":[{"@type":"SearchAction","target":{"@type":"EntryPoint","urlTemplate":"https:\/\/pku.biomarin.com\/it-it\/?s={search_term_string}"},"query-input":{"@type":"PropertyValueSpecification","valueRequired":true,"valueName":"search_term_string"}}],"inLanguage":"it-IT"}]}},"_links":{"self":[{"href":"https:\/\/pku.biomarin.com\/it-it\/wp-json\/wp\/v2\/pages\/48","targetHints":{"allow":["GET"]}}],"collection":[{"href":"https:\/\/pku.biomarin.com\/it-it\/wp-json\/wp\/v2\/pages"}],"about":[{"href":"https:\/\/pku.biomarin.com\/it-it\/wp-json\/wp\/v2\/types\/page"}],"author":[{"embeddable":true,"href":"https:\/\/pku.biomarin.com\/it-it\/wp-json\/wp\/v2\/users\/3"}],"replies":[{"embeddable":true,"href":"https:\/\/pku.biomarin.com\/it-it\/wp-json\/wp\/v2\/comments?post=48"}],"version-history":[{"count":125,"href":"https:\/\/pku.biomarin.com\/it-it\/wp-json\/wp\/v2\/pages\/48\/revisions"}],"predecessor-version":[{"id":5091,"href":"https:\/\/pku.biomarin.com\/it-it\/wp-json\/wp\/v2\/pages\/48\/revisions\/5091"}],"wp:attachment":[{"href":"https:\/\/pku.biomarin.com\/it-it\/wp-json\/wp\/v2\/media?parent=48"}],"curies":[{"name":"wp","href":"https:\/\/api.w.org\/{rel}","templated":true}]}}