{"id":6,"date":"2023-10-31T15:24:45","date_gmt":"2023-10-31T15:24:45","guid":{"rendered":"https:\/\/liveunlimitedpku-dev-001.azurewebsites.net\/it-it\/?page_id=6"},"modified":"2024-12-17T14:20:22","modified_gmt":"2024-12-17T14:20:22","slug":"home","status":"publish","type":"page","link":"https:\/\/pku.biomarin.com\/it-it\/liveunlimited\/","title":{"rendered":"Home"},"content":{"rendered":"<div id=\"acf-block-65411c3dc9a10\" class=\"hero hero-no-overlay\">\n            <div class=\"hero-background-image hero-background-image-desktop\" style=\"background-image: url(https:\/\/pku.biomarin.com\/it-it\/liveunlimited\/wp-content\/uploads\/sites\/11\/2023\/12\/PKU_POSTER_BACKBROUNDS_LANDSCAPE2B.jpg?v=0.74);\"><\/div>\n\t    <div class=\"hero-background-image hero-background-image-mobile\" style=\"background-image: url(https:\/\/pku.biomarin.com\/it-it\/liveunlimited\/wp-content\/uploads\/sites\/11\/2023\/11\/Paint.png?v=0.74);\"><\/div>\n    \t<div class=\"overlay\"><\/div>\n\t<div class=\"wrapper\">\n\t\t<div class=\"inner-wrapper\">\n\t\t\t<div class=\"hero-content\">\n\t\t\t    \t\t\t\t\t\t\t\t\t\t\t\t    <h1>LA VITA \u00c8 PI\u00d9 SEMPLICE QUANDO SI HANNO LE GIUSTE SOLUZIONI\n<\/h1>\n\t\t\t\t\t\t\t\t\t\t\t\t\n                <p class=\"inline-buttons\">\n                                                        <\/p>\n\t\t\t\t\t\t\t<\/div>\n\t\t<\/div>\n\t<\/div>\n<\/div>\n\n\n<div id=\"acf-block-6548cf57e0f85\" class=\"block wrapped-content\">\n    <div class=\"wrapper\">\n        <div class=\"inner-wrapper\">\n                \n<div id=\"acf-block-6548cf57e10fd\" class=\"block-wysiwyg\">\n            <h2>Solo il 12% degli adulti con sintomi della Fenilchetonuria (PKU) ha accesso agli strumenti multidisciplinari e al supporto di cui hanno bisogno<sup>3<\/sup>.<\/h2>\n    <\/div>\n        <\/div>\n    <\/div>\n<\/div>\n\n<div id=\"acf-block-6548cf57e1d5b\" class=\"block split-content equal-bias block-tight-bottom\" data-muted-autoplay=\"false\">\n\t<div class=\"wrapper\">\n\t\t<div class=\"inner-wrapper\">\n\t\t                                                                <div class=\"content-block first-block\">\n                                                                                                <h3>La fenilchetonuria (PKU) \u00e8 una condizione metabolica rara e permanente che limita la capacit\u00e0 dell\u2019organismo di metabolizzare una specifica proteina (fenilalanina) e che pu\u00f2 portare effetti tossici cumulativi sul cervello<sup>1<\/sup>.<\/h3>\n<p>Circa 1 bambino su 10.000 in Europa nasce con questa malattia genetica, diagnosticata mediante lo screening neonatale, obbligatorio in Italia dal 1992.<\/p>\n<p>Ma la PKU non \u00e8 solo una malattia infantile: gli adulti affetti da questa patologia devono seguire un trattamento e una dieta a bassissimo contenuto proteico per ridurre al minimo i sintomi e prevenire danni al cervello<sup>1,2<\/sup>. Per saperne di pi\u00f9 sulla fenilchetonuria, <a href=\"https:\/\/pku.biomarin.com\/it-it\/liveunlimited\/che-cose-la-pku\/\">clicca qui<\/a>.<\/p>\n                                                                                    <\/div>\n                    \n                                            <div class=\"content-block second-block\">\n                                                                                                                                                                                                                                                                                    \n                                    \n                                                                                                                \n                                    \n                                    <figure>\n                                        <div class=\"image image-rounded\">\n                                                                                            <img decoding=\"async\" class=\"\" src=\"https:\/\/pku.biomarin.com\/it-it\/liveunlimited\/wp-content\/uploads\/sites\/11\/2023\/12\/GettyImages-658442986-B.jpg?v=0.74\" alt=\"\" \/>                                                                                    <\/div>\n                                                                            <\/figure>\n                                                                                    <\/div>\n                                                \t\t<\/div>\n\t<\/div>\n<\/div>\n\n<div id=\"acf-block-658313fee96b6\" class=\"block boxed-content\">\n\t<div class=\"wrapper\">\n\t\t<div class=\"inner-wrapper\">\n\t\t\t<div class=\"box\">\n\t\t\t\t\t\t\t\t\n<div id=\"acf-block-658313fee97fa\" class=\"block-wysiwyg\">\n            <h2 class=\"h3\" style=\"text-align: center\">Vivere senza gli strumenti necessari \u00e8 una realt\u00e0 quotidiana per gli adulti con sintomi della Fenilchetonuria di tutta Europa.<\/h2>\n    <\/div>\n\t\t\t<\/div>\n\t\t<\/div>\n\t<\/div>\n<\/div>\n\n<div id=\"acf-block-6548cf57e2279\" class=\"block split-content equal-bias block-tight-top block-tight-bottom\" data-muted-autoplay=\"false\">\n\t<div class=\"wrapper\">\n\t\t<div class=\"inner-wrapper\">\n\t\t                                                                <div class=\"content-block first-block\">\n                                                                                                                                                                                                                                                                                    \n                                    \n                                                                                                                \n                                    \n                                    <figure>\n                                        <div class=\"image image-rounded\">\n                                                                                            <img decoding=\"async\" class=\"\" src=\"https:\/\/pku.biomarin.com\/it-it\/liveunlimited\/wp-content\/uploads\/sites\/11\/2023\/11\/2.1_Desktop_GetStarted.jpg?v=0.74\" alt=\"Image of patient and doctor in office\" \/>                                                                                    <\/div>\n                                                                            <\/figure>\n                                                                                    <\/div>\n                    \n                                            <div class=\"content-block second-block\">\n                                                                                                <h3>In Europa l\u2019assistenza offerta agli adulti affetti da fenilchetonuria classica varia notevolmente da Paese a Paese in termini di diagnosi, trattamento e gestione della cronicit\u00e0<sup>3<\/sup>.<\/h3>\n<p>Nonostante gli effetti neurologici della malattia e le difficolt\u00e0 derivanti da una dieta povera di proteine, solo il <strong>12% degli adulti<\/strong> affetti da PKU ha accesso agli strumenti multidisciplinari e all\u2019assistenza di cui ha bisogno<sup>3<\/sup>. Per di pi\u00f9, spesso gli adulti sono costretti a recarsi nei reparti pediatrici per ricevere cure specialistiche.<\/p>\n                                                                                    <\/div>\n                                                \t\t<\/div>\n\t<\/div>\n<\/div>\n\n<div id=\"acf-block-65831a007e40b\" class=\"block cards cards-3-col bg-band bg-band-secondary block-zero-bottom\">\n\t<div class=\"wrapper\">\n\t\t<div class=\"inner-wrapper\">\n\t\t\t<div class=\"cards-title\">\n\t\t\t    \t\t\t\t    <h2>Gestire la fenilchetonuria (PKU) in et\u00e0 adulta pu\u00f2 essere molto difficile e diventa ancora pi\u00f9 impegnativo senza la giusta assistenza<sup>4<\/sup>.\n<\/h2>\n\t\t\t\t\t\t\t\t\t\t\t<\/div>\n\t\t\t<div class=\"cards-wrapper\">\n\t\t\t    \n<div id=\"acf-block-65831a007e9b3\" class=\"card card-centered\" data-muted-autoplay=\"false\">\n    \t    \n\n                    <img decoding=\"async\" class=\"card-image\" src=\"https:\/\/pku.biomarin.com\/it-it\/liveunlimited\/wp-content\/uploads\/sites\/11\/2024\/01\/86_orange.png?v=0.74\" alt=\"\" \/>        \n\t    <div class=\"card-content\">\n                            <h4>di chi soffre di fenilchetonuria e ne ha i sintomi riferisce che il rispetto della dieta per PKU ha richiesto uno \u201csforzo significativo&#8221;\n<\/h4>\n        \n                                                            <\/div>\n<\/div>\n\n<div id=\"acf-block-65831a007ea41\" class=\"card card-centered\" data-muted-autoplay=\"false\">\n    \t    \n\n                    <img decoding=\"async\" class=\"card-image\" src=\"https:\/\/pku.biomarin.com\/it-it\/liveunlimited\/wp-content\/uploads\/sites\/11\/2024\/01\/34_orange.png?v=0.74\" alt=\"\" \/>        \n\t    <div class=\"card-content\">\n                            <h4>segnala difficolt\u00e0 nei rapporti con amici, parenti o partner\n<\/h4>\n        \n                                                            <\/div>\n<\/div>\n\n<div id=\"acf-block-65831a007ea9e\" class=\"card card-centered\" data-muted-autoplay=\"false\">\n    \t    \n\n                    <img decoding=\"async\" class=\"card-image\" src=\"https:\/\/pku.biomarin.com\/it-it\/liveunlimited\/wp-content\/uploads\/sites\/11\/2024\/01\/44_orange.png?v=0.74\" alt=\"\" \/>        \n\t    <div class=\"card-content\">\n                            <h4>subisce fenomeni di esclusione sociale\n<\/h4>\n        \n                                                            <\/div>\n<\/div>\n\t\t\t<\/div>\n\t\t<\/div>\n\t<\/div>\n<\/div>\n\n<div id=\"acf-block-65831a007ed45\" class=\"block wrapped-content bg-band bg-band-secondary block-zero-top\">\n    <div class=\"wrapper\">\n        <div class=\"inner-wrapper\">\n                \n<div id=\"acf-block-65831a007ee95\" class=\"block-wysiwyg\">\n            <h4 style=\"text-align: center\">Se sei affetto da PKU, puoi trovare supporto <a href=\"https:\/\/pku.biomarin.com\/it-it\/liveunlimited\/assistenza-ai-pazienti\/\">qui<\/a><\/h4>\n    <\/div>\n        <\/div>\n    <\/div>\n<\/div>\n\n<div id=\"acf-block-6548cf57e294a\" class=\"block split-content equal-bias\" data-muted-autoplay=\"false\">\n\t<div class=\"wrapper\">\n\t\t<div class=\"inner-wrapper\">\n\t\t                                                                <div class=\"content-block first-block\">\n                                                                                                <h2>Tutto questo deve cambiare<\/h2>\n<p>La campagna Live Unlimited mira a sensibilizzare l\u2019opinione pubblica sulla PKU e a sostenere i pazienti nella richiesta alle Istituzioni di poter beneficiare di un migliore e pi\u00f9 frequente accesso alle cure specialistiche.<\/p>\n<p>Collaboriamo con le associazioni di pazienti di tutta Europa per rendere pi\u00f9 adeguata e uniforme l\u2019offerta di metabolisti, dietologi e psicologi a supporto di ogni paziente europeo affetto da PKU, come stabilito dalle Linee guida europee per il trattamento della PKU del 2017<sup>1<\/sup>.<\/p>\n                                                                                                                                                                                                                                                                                                                                                                                                                                                                        <p><a class=\"button button-download\" href=\"https:\/\/pku.biomarin.com\/it-it\/liveunlimited\/wp-content\/uploads\/sites\/11\/2024\/02\/meme-generator_it.jpg?v=0.74\" target=\"_blank\">Scarica<\/a><\/p>\n                                                                                                                        <\/div>\n                    \n                                            <div class=\"content-block second-block\">\n                                                                                                                                                                                                                                                                                    \n                                    \n                                                                                                                \n                                    \n                                    <figure>\n                                        <div class=\"image image-rounded\">\n                                                                                            <img decoding=\"async\" class=\"\" src=\"https:\/\/pku.biomarin.com\/it-it\/liveunlimited\/wp-content\/uploads\/sites\/11\/2024\/02\/meme-generator_it.jpg?v=0.74\" alt=\"\" \/>                                                                                    <\/div>\n                                                                            <\/figure>\n                                                                                    <\/div>\n                                                \t\t<\/div>\n\t<\/div>\n<\/div>\n\n<div id=\"acf-block-6548cf57e2c9b\" class=\"block references\">\n    <div class=\"wrapper\">\n\t\t<div class=\"inner-wrapper\">\n\t\t    \t\t\t    <h4>Bibliografia:\n<\/h4>\n\t\t\t\t\t\t                <ol>\n                                                                                                                        <li><span>Wegberg AMJ, MacDonald A, Ahring K, et al. The complete European guidelines on phenylketonuria: diagnosis and treatment. Orphanet J Rare Dis. 2017;12(1):162. October 2017.\n<\/span><\/li>\n                                                                                                                                                <li><span>Bilder DA et Al. Systematic Review and Meta-Analysis of Neuropsychiatric Symptoms and Executive Functioning in Adults With Phenylketonuria. Dev Neuropsychol<a href=\"https:\/\/www.ncbi.nlm.nih.gov\/pubmed\/27805419\">.<\/a> 2016 May-Jun;41(4):245-260.\n<\/span><\/li>\n                                                                                                                                                <li><span>Blau et Al. Management of phenylketonuria in Europe: Survey results from 19 countries. Molecular Genetics and Metabolism 99 (2010) 109\u2013115\n<\/span><\/li>\n                                                                                                                                                <li><span>Ford, S. et Al. Living with Phenylketonuria: Lessons from the PKU community. Molecular Genetics and Metabolism Report. 2018\n<\/span><\/li>\n                                                                                                                                                <li><span>BioMarin ha incaricato la societ\u00e0 di indagini di mercato Alligator di condurre un\u2019indagine online di sei domande su campioni rappresentativi a livello nazionale provenienti da Regno Unito, Francia, Germania, Italia, Spagna, Svezia, Paesi Bassi e Turchia, per un totale di 4.151 intervistati. * Il sondaggio \u00e8 stato completato tra il 1 \u00b0 e il 6 giugno 2019. Agli intervistati \u00e8 stato chiesto di valutare sei tappe della vita su una scala di 5 punti da \u201cNon del tutto\u201d stressante a \u201cestremamente\u201d stressante. Numero totale di intervistati con una malattia cronica: 1.932. Un totale di 130 pazienti con PKU sono stati raccolti separatamente in collaborazione con associazioni di pazienti in Italia, Svezia, Spagna, Turchia e Paesi Bassi.\n<\/span><\/li>\n                                                            <\/ol>\n\t\t\t\t\t<\/div>\n\t<\/div>\n<\/div>","protected":false},"excerpt":{"rendered":"","protected":false},"author":1,"featured_media":0,"parent":0,"menu_order":0,"comment_status":"closed","ping_status":"closed","template":"","meta":{"_acf_changed":false,"inline_featured_image":false,"footnotes":""},"class_list":["post-6","page","type-page","status-publish","hentry"],"acf":[],"yoast_head":"<!-- This site is optimized with the Yoast SEO plugin v27.1.1 - https:\/\/yoast.com\/product\/yoast-seo-wordpress\/ -->\n<title>Home | Live Unlimited PKU<\/title>\n<meta name=\"description\" content=\"La campagna Live Unlimited PKU \u00e8 stata lanciata per sensibilizzare l&#039;opinione pubblica sulla PKU e sulle sfide che gli adulti che convivono con questa malattia devono affrontare quotidianamente.\" \/>\n<meta name=\"robots\" content=\"index, follow, max-snippet:-1, max-image-preview:large, max-video-preview:-1\" \/>\n<link rel=\"canonical\" href=\"https:\/\/pku.biomarin.com\/it-it\/liveunlimited\/\" \/>\n<meta property=\"og:locale\" content=\"it_IT\" \/>\n<meta property=\"og:type\" content=\"article\" \/>\n<meta property=\"og:title\" content=\"Home | Live Unlimited PKU\" \/>\n<meta property=\"og:description\" content=\"La campagna Live Unlimited PKU \u00e8 stata lanciata per sensibilizzare l&#039;opinione pubblica sulla PKU e sulle sfide che gli adulti che convivono con questa malattia devono affrontare quotidianamente.\" \/>\n<meta property=\"og:url\" content=\"https:\/\/pku.biomarin.com\/it-it\/liveunlimited\/\" \/>\n<meta property=\"og:site_name\" content=\"BioMarin Live Unlimited IT-IT\" \/>\n<meta property=\"article:modified_time\" content=\"2024-12-17T14:20:22+00:00\" \/>\n<meta name=\"twitter:card\" content=\"summary_large_image\" \/>\n<script type=\"application\/ld+json\" class=\"yoast-schema-graph\">{\"@context\":\"https:\/\/schema.org\",\"@graph\":[{\"@type\":\"WebPage\",\"@id\":\"https:\/\/pku.biomarin.com\/it-it\/liveunlimited\/\",\"url\":\"https:\/\/pku.biomarin.com\/it-it\/liveunlimited\/\",\"name\":\"Home | Live Unlimited PKU\",\"isPartOf\":{\"@id\":\"https:\/\/pku.biomarin.com\/it-it\/liveunlimited\/#website\"},\"datePublished\":\"2023-10-31T15:24:45+00:00\",\"dateModified\":\"2024-12-17T14:20:22+00:00\",\"description\":\"La campagna Live Unlimited PKU \u00e8 stata lanciata per sensibilizzare l'opinione pubblica sulla PKU e sulle sfide che gli adulti che convivono con questa malattia devono affrontare quotidianamente.\",\"breadcrumb\":{\"@id\":\"https:\/\/pku.biomarin.com\/it-it\/liveunlimited\/#breadcrumb\"},\"inLanguage\":\"it-IT\",\"potentialAction\":[{\"@type\":\"ReadAction\",\"target\":[\"https:\/\/pku.biomarin.com\/it-it\/liveunlimited\/\"]}]},{\"@type\":\"BreadcrumbList\",\"@id\":\"https:\/\/pku.biomarin.com\/it-it\/liveunlimited\/#breadcrumb\",\"itemListElement\":[{\"@type\":\"ListItem\",\"position\":1,\"name\":\"Home\",\"item\":\"https:\/\/pku.biomarin.com\/it-it\/liveunlimited\/\"},{\"@type\":\"ListItem\",\"position\":2,\"name\":\"Home\"}]},{\"@type\":\"WebSite\",\"@id\":\"https:\/\/pku.biomarin.com\/it-it\/liveunlimited\/#website\",\"url\":\"https:\/\/pku.biomarin.com\/it-it\/liveunlimited\/\",\"name\":\"BioMarin Live Unlimited IT-IT\",\"description\":\"\",\"potentialAction\":[{\"@type\":\"SearchAction\",\"target\":{\"@type\":\"EntryPoint\",\"urlTemplate\":\"https:\/\/pku.biomarin.com\/it-it\/liveunlimited\/?s={search_term_string}\"},\"query-input\":{\"@type\":\"PropertyValueSpecification\",\"valueRequired\":true,\"valueName\":\"search_term_string\"}}],\"inLanguage\":\"it-IT\"}]}<\/script>\n<!-- \/ Yoast SEO plugin. -->","yoast_head_json":{"title":"Home | Live Unlimited PKU","description":"La campagna Live Unlimited PKU \u00e8 stata lanciata per sensibilizzare l'opinione pubblica sulla PKU e sulle sfide che gli adulti che convivono con questa malattia devono affrontare quotidianamente.","robots":{"index":"index","follow":"follow","max-snippet":"max-snippet:-1","max-image-preview":"max-image-preview:large","max-video-preview":"max-video-preview:-1"},"canonical":"https:\/\/pku.biomarin.com\/it-it\/liveunlimited\/","og_locale":"it_IT","og_type":"article","og_title":"Home | Live Unlimited PKU","og_description":"La campagna Live Unlimited PKU \u00e8 stata lanciata per sensibilizzare l'opinione pubblica sulla PKU e sulle sfide che gli adulti che convivono con questa malattia devono affrontare quotidianamente.","og_url":"https:\/\/pku.biomarin.com\/it-it\/liveunlimited\/","og_site_name":"BioMarin Live Unlimited IT-IT","article_modified_time":"2024-12-17T14:20:22+00:00","twitter_card":"summary_large_image","schema":{"@context":"https:\/\/schema.org","@graph":[{"@type":"WebPage","@id":"https:\/\/pku.biomarin.com\/it-it\/liveunlimited\/","url":"https:\/\/pku.biomarin.com\/it-it\/liveunlimited\/","name":"Home | Live Unlimited PKU","isPartOf":{"@id":"https:\/\/pku.biomarin.com\/it-it\/liveunlimited\/#website"},"datePublished":"2023-10-31T15:24:45+00:00","dateModified":"2024-12-17T14:20:22+00:00","description":"La campagna Live Unlimited PKU \u00e8 stata lanciata per sensibilizzare l'opinione pubblica sulla PKU e sulle sfide che gli adulti che convivono con questa malattia devono affrontare quotidianamente.","breadcrumb":{"@id":"https:\/\/pku.biomarin.com\/it-it\/liveunlimited\/#breadcrumb"},"inLanguage":"it-IT","potentialAction":[{"@type":"ReadAction","target":["https:\/\/pku.biomarin.com\/it-it\/liveunlimited\/"]}]},{"@type":"BreadcrumbList","@id":"https:\/\/pku.biomarin.com\/it-it\/liveunlimited\/#breadcrumb","itemListElement":[{"@type":"ListItem","position":1,"name":"Home","item":"https:\/\/pku.biomarin.com\/it-it\/liveunlimited\/"},{"@type":"ListItem","position":2,"name":"Home"}]},{"@type":"WebSite","@id":"https:\/\/pku.biomarin.com\/it-it\/liveunlimited\/#website","url":"https:\/\/pku.biomarin.com\/it-it\/liveunlimited\/","name":"BioMarin Live Unlimited IT-IT","description":"","potentialAction":[{"@type":"SearchAction","target":{"@type":"EntryPoint","urlTemplate":"https:\/\/pku.biomarin.com\/it-it\/liveunlimited\/?s={search_term_string}"},"query-input":{"@type":"PropertyValueSpecification","valueRequired":true,"valueName":"search_term_string"}}],"inLanguage":"it-IT"}]}},"_links":{"self":[{"href":"https:\/\/pku.biomarin.com\/it-it\/liveunlimited\/wp-json\/wp\/v2\/pages\/6","targetHints":{"allow":["GET"]}}],"collection":[{"href":"https:\/\/pku.biomarin.com\/it-it\/liveunlimited\/wp-json\/wp\/v2\/pages"}],"about":[{"href":"https:\/\/pku.biomarin.com\/it-it\/liveunlimited\/wp-json\/wp\/v2\/types\/page"}],"author":[{"embeddable":true,"href":"https:\/\/pku.biomarin.com\/it-it\/liveunlimited\/wp-json\/wp\/v2\/users\/1"}],"replies":[{"embeddable":true,"href":"https:\/\/pku.biomarin.com\/it-it\/liveunlimited\/wp-json\/wp\/v2\/comments?post=6"}],"version-history":[{"count":161,"href":"https:\/\/pku.biomarin.com\/it-it\/liveunlimited\/wp-json\/wp\/v2\/pages\/6\/revisions"}],"predecessor-version":[{"id":1671,"href":"https:\/\/pku.biomarin.com\/it-it\/liveunlimited\/wp-json\/wp\/v2\/pages\/6\/revisions\/1671"}],"wp:attachment":[{"href":"https:\/\/pku.biomarin.com\/it-it\/liveunlimited\/wp-json\/wp\/v2\/media?parent=6"}],"curies":[{"name":"wp","href":"https:\/\/api.w.org\/{rel}","templated":true}]}}