{"id":57,"date":"2023-11-06T10:46:14","date_gmt":"2023-11-06T10:46:14","guid":{"rendered":"https:\/\/liveunlimitedpku-dev-001.azurewebsites.net\/it-it\/?page_id=57"},"modified":"2024-12-17T14:19:29","modified_gmt":"2024-12-17T14:19:29","slug":"video-storie","status":"publish","type":"page","link":"https:\/\/pku.biomarin.com\/it-it\/liveunlimited\/video-storie\/","title":{"rendered":"Video storie"},"content":{"rendered":"<div id=\"acf-block-654a165d6aa7f\" class=\"hero hero-no-overlay pull-bottom\">\n            <div class=\"hero-background-image hero-background-image-desktop\" style=\"background-image: url(https:\/\/pku.biomarin.com\/it-it\/liveunlimited\/wp-content\/uploads\/sites\/11\/2023\/11\/paint-B.png?v=0.74);\"><\/div>\n\t    <div class=\"hero-background-image hero-background-image-mobile\" style=\"background-image: url(https:\/\/pku.biomarin.com\/it-it\/liveunlimited\/wp-content\/uploads\/sites\/11\/2023\/11\/Paint.png?v=0.74);\"><\/div>\n    \t<div class=\"overlay\"><\/div>\n\t<div class=\"wrapper\">\n\t\t<div class=\"inner-wrapper\">\n\t\t\t<div class=\"hero-content\">\n\t\t\t    \t\t\t\t    <span class=\"section-title\"> La vita \u00e8 pi\u00f9 semplice quando si hanno le giuste soluzioni<\/span>\n\t\t\t\t\t\t\t\t\t\t\t\t\t\t\t\t    <h1>VIDEO STORIE\n<\/h1>\n\t\t\t\t\t\t\t\t\t\t\t\t    <p>Nell\u2019ambito della campagna Live Unlimited, abbiamo viaggiato in tutta Europa per incontrare giovani adulti che convivono con la fenilchetonuria (PKU) e per ascoltare le loro testimonianze, dalle sfide che devono affrontare, alle azioni che ritengono necessarie per migliorare l\u2019assistenza.<\/p>\n<p>Queste storie sono state sviluppate insieme alle sei associazioni di pazienti seguenti e ai loro membri: AMMeC e Cometa A.S.M.M.E (Italia), Les Feux Follets (Francia), Svenska PKU-f\u00f6reningen (Svezia), PKU Aile Derne\u011fi (Turchia), e FEEMH (Spagna).<\/p>\n\t\t\t\t\t\t\t\t\n                <p class=\"inline-buttons\">\n                                                        <\/p>\n\t\t\t\t\t\t\t<\/div>\n\t\t<\/div>\n\t<\/div>\n<\/div>\n\n\n<div id=\"acf-block-654a165d6add4\" class=\"block boxed-content boxed-content-white\">\n\t<div class=\"wrapper\">\n\t\t<div class=\"inner-wrapper\">\n\t\t\t<div class=\"box\">\n\t\t\t\t\t\t\t\t\n<div id=\"acf-block-654a165d6b26a\" class=\"image-text-block content-align-center bottom-border\">\n            <div class=\"image-block medium\">\n            <figure>\n                <div class=\"image image-rounded\">\n                    <img decoding=\"async\" class=\"\" src=\"https:\/\/pku.biomarin.com\/it-it\/liveunlimited\/wp-content\/uploads\/sites\/11\/2024\/05\/nico-small-v2.jpg?v=0.74\" alt=\"\" \/>                <\/div>\n            <\/figure>\n        <\/div>\n        <div class=\"content-block\">\n                            <p><em>\u201cLa PKU non \u00e8 una malattia pediatrica. Il motivo per cui viene trattata come una malattia pediatrica \u00e8 che le persone adulte con PKU non vengono in alcun modo considerate. Fanno un esame del sangue una volta l\u2019anno, poi per il resto dell&#8217;anno sono da soli di fronte alla propria malattia\u201d.<\/em><\/p>\n                                            <p><a class=\"button button-arrow\" href=\"https:\/\/pku.biomarin.com\/it-it\/liveunlimited\/nicolo\/\" target=\"_self\">Guarda la storia di Nicol\u00f2<\/a><\/p>\n                        <\/div>\n<\/div>\n\n<div id=\"acf-block-654a165d6b3a9\" class=\"image-text-block content-align-center bottom-border\">\n            <div class=\"image-block medium\">\n            <figure>\n                <div class=\"image image-rounded\">\n                    <img decoding=\"async\" class=\"\" src=\"https:\/\/pku.biomarin.com\/it-it\/liveunlimited\/wp-content\/uploads\/sites\/11\/2023\/11\/Eva-572x390-1.png?v=0.74\" alt=\"\" \/>                <\/div>\n            <\/figure>\n        <\/div>\n        <div class=\"content-block\">\n                            <p><em>\u201cAvevo l&#8217;impressione che pi\u00f9 invecchiavo e meno attenzione ricevevo. Sono sempre pi\u00f9 confusa su cosa succeder\u00e0 dopo. Chi sar\u00e0 il mio medico? Chi incontrer\u00f2? Chi sa delle mie analisi del sangue? Tra i 18 e i 20 anni venivo ancora trattata come una bambina, anche se ero adulta\u201d.<\/em><\/p>\n                                            <p><a class=\"button button-arrow\" href=\"https:\/\/pku.biomarin.com\/it-it\/liveunlimited\/eva\/\" target=\"_self\"> Guarda la storia di Eva<\/a><\/p>\n                        <\/div>\n<\/div>\n\n<div id=\"acf-block-654a165d6b30a\" class=\"image-text-block content-align-center bottom-border\">\n            <div class=\"image-block medium\">\n            <figure>\n                <div class=\"image image-rounded\">\n                    <img decoding=\"async\" class=\"\" src=\"https:\/\/pku.biomarin.com\/it-it\/liveunlimited\/wp-content\/uploads\/sites\/11\/2023\/11\/Antoine-572x390-1.png?v=0.74\" alt=\"\" \/>                <\/div>\n            <\/figure>\n        <\/div>\n        <div class=\"content-block\">\n                            <p><em>\u201cDopo due settimane di strappi alla dieta, avevo le reazioni emotive di un adolescente ed ero davvero nervoso. Notavo decisamente la differenza\u201d.<\/em><\/p>\n                                            <p><a class=\"button button-arrow\" href=\"https:\/\/pku.biomarin.com\/it-it\/liveunlimited\/antoine\/\" target=\"_self\"> Guarda la storia di Antoine<\/a><\/p>\n                        <\/div>\n<\/div>\n\n<div id=\"acf-block-654a165d6b438\" class=\"image-text-block content-align-center bottom-border\">\n            <div class=\"image-block medium\">\n            <figure>\n                <div class=\"image image-rounded\">\n                    <img decoding=\"async\" class=\"\" src=\"https:\/\/pku.biomarin.com\/it-it\/liveunlimited\/wp-content\/uploads\/sites\/11\/2023\/11\/Lal-572x390-1.png?v=0.74\" alt=\"\" \/>                <\/div>\n            <\/figure>\n        <\/div>\n        <div class=\"content-block\">\n                            <p><em>\u201cCi sono circa 10.000 pazienti con PKU in tutta la Turchia ma solo 50 specialisti di malattie metaboliche che possono prendersi cura di loro\u201d, aggiunge Lal. \u201c\u00c8 un grande problema \u2013 abbiamo scarsit\u00e0 di medici e di centri di riferimento per le malattie metaboliche\u201d.<\/em><\/p>\n                                            <p><a class=\"button button-arrow\" href=\"https:\/\/pku.biomarin.com\/it-it\/liveunlimited\/lal\/\" target=\"_self\"> Guarda la storia di Lal<\/a><\/p>\n                        <\/div>\n<\/div>\n\n<div id=\"acf-block-654a165d6b1c6\" class=\"image-text-block content-align-center bottom-border\">\n            <div class=\"image-block medium\">\n            <figure>\n                <div class=\"image image-rounded\">\n                    <img decoding=\"async\" class=\"\" src=\"https:\/\/pku.biomarin.com\/it-it\/liveunlimited\/wp-content\/uploads\/sites\/11\/2023\/11\/Raquel-572x390-1.png?v=0.74\" alt=\"\" \/>                <\/div>\n            <\/figure>\n        <\/div>\n        <div class=\"content-block\">\n                            <p><em>\u201cPenso che uno degli aspetti che pi\u00f9 preoccupano la maggior parte dei pazienti con PKU della mia et\u00e0 \u00e8 cosa accadr\u00e0 in futuro. Io appartengo alla prima generazione diagnosticata alla nascita, per cui non vi sono informazioni disponibili su un soggetto di 50 anni, al momento. Questo mi spaventa, non so cosa aspettarmi\u201d.<\/em><\/p>\n                                            <p><a class=\"button button-arrow\" href=\"https:\/\/pku.biomarin.com\/it-it\/liveunlimited\/raquel\/\" target=\"_self\"> Guarda la storia di Raquel<\/a><\/p>\n                        <\/div>\n<\/div>\n\t\t\t<\/div>\n\t\t<\/div>\n\t<\/div>\n<\/div>","protected":false},"excerpt":{"rendered":"","protected":false},"author":2,"featured_media":0,"parent":0,"menu_order":0,"comment_status":"closed","ping_status":"closed","template":"","meta":{"_acf_changed":false,"inline_featured_image":false,"footnotes":""},"class_list":["post-57","page","type-page","status-publish","hentry"],"acf":[],"yoast_head":"<!-- This site is optimized with the Yoast SEO plugin v27.1.1 - https:\/\/yoast.com\/product\/yoast-seo-wordpress\/ -->\n<title>Video Storie | Live Unlimited PKU<\/title>\n<meta name=\"description\" content=\"Nell&#039;ambito della campagna Live Unlimited PKU, abbiamo viaggiato in tutta Europa per incontrare adulti affetti da PKU e ascoltare le storie delle loro esperienze.\" \/>\n<meta name=\"robots\" content=\"index, follow, max-snippet:-1, max-image-preview:large, max-video-preview:-1\" \/>\n<link rel=\"canonical\" href=\"https:\/\/pku.biomarin.com\/it-it\/liveunlimited\/video-storie\/\" \/>\n<meta property=\"og:locale\" content=\"it_IT\" \/>\n<meta property=\"og:type\" content=\"article\" \/>\n<meta property=\"og:title\" content=\"Video Storie | Live Unlimited PKU\" \/>\n<meta property=\"og:description\" content=\"Nell&#039;ambito della campagna Live Unlimited PKU, abbiamo viaggiato in tutta Europa per incontrare adulti affetti da PKU e ascoltare le storie delle loro esperienze.\" \/>\n<meta property=\"og:url\" content=\"https:\/\/pku.biomarin.com\/it-it\/liveunlimited\/video-storie\/\" \/>\n<meta property=\"og:site_name\" content=\"BioMarin Live Unlimited IT-IT\" \/>\n<meta property=\"article:modified_time\" content=\"2024-12-17T14:19:29+00:00\" \/>\n<meta name=\"twitter:card\" content=\"summary_large_image\" \/>\n<script type=\"application\/ld+json\" class=\"yoast-schema-graph\">{\"@context\":\"https:\/\/schema.org\",\"@graph\":[{\"@type\":\"WebPage\",\"@id\":\"https:\/\/pku.biomarin.com\/it-it\/liveunlimited\/video-storie\/\",\"url\":\"https:\/\/pku.biomarin.com\/it-it\/liveunlimited\/video-storie\/\",\"name\":\"Video Storie | Live Unlimited PKU\",\"isPartOf\":{\"@id\":\"https:\/\/pku.biomarin.com\/it-it\/liveunlimited\/#website\"},\"datePublished\":\"2023-11-06T10:46:14+00:00\",\"dateModified\":\"2024-12-17T14:19:29+00:00\",\"description\":\"Nell'ambito della campagna Live Unlimited PKU, abbiamo viaggiato in tutta Europa per incontrare adulti affetti da PKU e ascoltare le storie delle loro esperienze.\",\"breadcrumb\":{\"@id\":\"https:\/\/pku.biomarin.com\/it-it\/liveunlimited\/video-storie\/#breadcrumb\"},\"inLanguage\":\"it-IT\",\"potentialAction\":[{\"@type\":\"ReadAction\",\"target\":[\"https:\/\/pku.biomarin.com\/it-it\/liveunlimited\/video-storie\/\"]}]},{\"@type\":\"BreadcrumbList\",\"@id\":\"https:\/\/pku.biomarin.com\/it-it\/liveunlimited\/video-storie\/#breadcrumb\",\"itemListElement\":[{\"@type\":\"ListItem\",\"position\":1,\"name\":\"Home\",\"item\":\"https:\/\/pku.biomarin.com\/it-it\/liveunlimited\/\"},{\"@type\":\"ListItem\",\"position\":2,\"name\":\"Video storie\"}]},{\"@type\":\"WebSite\",\"@id\":\"https:\/\/pku.biomarin.com\/it-it\/liveunlimited\/#website\",\"url\":\"https:\/\/pku.biomarin.com\/it-it\/liveunlimited\/\",\"name\":\"BioMarin Live Unlimited IT-IT\",\"description\":\"\",\"potentialAction\":[{\"@type\":\"SearchAction\",\"target\":{\"@type\":\"EntryPoint\",\"urlTemplate\":\"https:\/\/pku.biomarin.com\/it-it\/liveunlimited\/?s={search_term_string}\"},\"query-input\":{\"@type\":\"PropertyValueSpecification\",\"valueRequired\":true,\"valueName\":\"search_term_string\"}}],\"inLanguage\":\"it-IT\"}]}<\/script>\n<!-- \/ Yoast SEO plugin. -->","yoast_head_json":{"title":"Video Storie | Live Unlimited PKU","description":"Nell'ambito della campagna Live Unlimited PKU, abbiamo viaggiato in tutta Europa per incontrare adulti affetti da PKU e ascoltare le storie delle loro esperienze.","robots":{"index":"index","follow":"follow","max-snippet":"max-snippet:-1","max-image-preview":"max-image-preview:large","max-video-preview":"max-video-preview:-1"},"canonical":"https:\/\/pku.biomarin.com\/it-it\/liveunlimited\/video-storie\/","og_locale":"it_IT","og_type":"article","og_title":"Video Storie | Live Unlimited PKU","og_description":"Nell'ambito della campagna Live Unlimited PKU, abbiamo viaggiato in tutta Europa per incontrare adulti affetti da PKU e ascoltare le storie delle loro esperienze.","og_url":"https:\/\/pku.biomarin.com\/it-it\/liveunlimited\/video-storie\/","og_site_name":"BioMarin Live Unlimited IT-IT","article_modified_time":"2024-12-17T14:19:29+00:00","twitter_card":"summary_large_image","schema":{"@context":"https:\/\/schema.org","@graph":[{"@type":"WebPage","@id":"https:\/\/pku.biomarin.com\/it-it\/liveunlimited\/video-storie\/","url":"https:\/\/pku.biomarin.com\/it-it\/liveunlimited\/video-storie\/","name":"Video Storie | Live Unlimited PKU","isPartOf":{"@id":"https:\/\/pku.biomarin.com\/it-it\/liveunlimited\/#website"},"datePublished":"2023-11-06T10:46:14+00:00","dateModified":"2024-12-17T14:19:29+00:00","description":"Nell'ambito della campagna Live Unlimited PKU, abbiamo viaggiato in tutta Europa per incontrare adulti affetti da PKU e ascoltare le storie delle loro esperienze.","breadcrumb":{"@id":"https:\/\/pku.biomarin.com\/it-it\/liveunlimited\/video-storie\/#breadcrumb"},"inLanguage":"it-IT","potentialAction":[{"@type":"ReadAction","target":["https:\/\/pku.biomarin.com\/it-it\/liveunlimited\/video-storie\/"]}]},{"@type":"BreadcrumbList","@id":"https:\/\/pku.biomarin.com\/it-it\/liveunlimited\/video-storie\/#breadcrumb","itemListElement":[{"@type":"ListItem","position":1,"name":"Home","item":"https:\/\/pku.biomarin.com\/it-it\/liveunlimited\/"},{"@type":"ListItem","position":2,"name":"Video storie"}]},{"@type":"WebSite","@id":"https:\/\/pku.biomarin.com\/it-it\/liveunlimited\/#website","url":"https:\/\/pku.biomarin.com\/it-it\/liveunlimited\/","name":"BioMarin Live Unlimited IT-IT","description":"","potentialAction":[{"@type":"SearchAction","target":{"@type":"EntryPoint","urlTemplate":"https:\/\/pku.biomarin.com\/it-it\/liveunlimited\/?s={search_term_string}"},"query-input":{"@type":"PropertyValueSpecification","valueRequired":true,"valueName":"search_term_string"}}],"inLanguage":"it-IT"}]}},"_links":{"self":[{"href":"https:\/\/pku.biomarin.com\/it-it\/liveunlimited\/wp-json\/wp\/v2\/pages\/57","targetHints":{"allow":["GET"]}}],"collection":[{"href":"https:\/\/pku.biomarin.com\/it-it\/liveunlimited\/wp-json\/wp\/v2\/pages"}],"about":[{"href":"https:\/\/pku.biomarin.com\/it-it\/liveunlimited\/wp-json\/wp\/v2\/types\/page"}],"author":[{"embeddable":true,"href":"https:\/\/pku.biomarin.com\/it-it\/liveunlimited\/wp-json\/wp\/v2\/users\/2"}],"replies":[{"embeddable":true,"href":"https:\/\/pku.biomarin.com\/it-it\/liveunlimited\/wp-json\/wp\/v2\/comments?post=57"}],"version-history":[{"count":61,"href":"https:\/\/pku.biomarin.com\/it-it\/liveunlimited\/wp-json\/wp\/v2\/pages\/57\/revisions"}],"predecessor-version":[{"id":1604,"href":"https:\/\/pku.biomarin.com\/it-it\/liveunlimited\/wp-json\/wp\/v2\/pages\/57\/revisions\/1604"}],"wp:attachment":[{"href":"https:\/\/pku.biomarin.com\/it-it\/liveunlimited\/wp-json\/wp\/v2\/media?parent=57"}],"curies":[{"name":"wp","href":"https:\/\/api.w.org\/{rel}","templated":true}]}}