{"id":540,"date":"2023-11-08T22:54:57","date_gmt":"2023-11-08T22:54:57","guid":{"rendered":"https:\/\/liveunlimitedpku-dev-001.azurewebsites.net\/it-it\/?page_id=540"},"modified":"2024-12-17T16:17:27","modified_gmt":"2024-12-17T16:17:27","slug":"lal","status":"publish","type":"page","link":"https:\/\/pku.biomarin.com\/it-it\/liveunlimited\/lal\/","title":{"rendered":"Lal"},"content":{"rendered":"<div id=\"acf-block-65524130b7069\" class=\"hero hero-no-overlay hero-large-first-para\">\n            <div class=\"hero-background-image hero-background-image-desktop\" style=\"background-image: url(https:\/\/pku.biomarin.com\/it-it\/liveunlimited\/wp-content\/uploads\/sites\/11\/2023\/11\/lal.jpg?v=0.74);\"><\/div>\n\t    <div class=\"hero-background-image hero-background-image-mobile\" style=\"background-image: url(https:\/\/pku.biomarin.com\/it-it\/liveunlimited\/wp-content\/uploads\/sites\/11\/2023\/11\/lal.jpg?v=0.74);\"><\/div>\n    \t<div class=\"overlay\"><\/div>\n\t<div class=\"wrapper\">\n\t\t<div class=\"inner-wrapper\">\n\t\t\t<div class=\"hero-content\">\n\t\t\t    \t\t\t\t    <span class=\"section-title\"> La vita \u00e8 pi\u00f9 semplice quando si hanno le giuste soluzioni<\/span>\n\t\t\t\t\t\t\t\t\t\t\t\t\t\t\t\t    <h1>LAL\n\n<\/h1>\n\t\t\t\t\t\t\t\t\t\t\t\t    <p>Turchia<\/p>\n<p>Crescere con la PKU a Istanbul in generale \u00e8 una \u201cfortuna\u201d, ci dice Lal. Pur essendo una citt\u00e0 variegata e vivace, \u201ccome un mondo immenso dentro una piccola citt\u00e0\u201d, Istanbul ai pazienti con PKU offre un grande potenziale in termini di legame con altri pazienti e assistenza medica.<\/p>\n\t\t\t\t\t\t\t\t\n                <p class=\"inline-buttons\">\n                                                        <\/p>\n\t\t\t\t\t\t\t<\/div>\n\t\t<\/div>\n\t<\/div>\n<\/div>\n\n\n<div id=\"acf-block-65524130b73b5\" class=\"block next-previous block-tight-top\">\n    <div class=\"wrapper\">\n\t\t<div class=\"inner-wrapper\">\n            <div class=\"link link-prev\">\n                                    <p><a class=\"button button-text button-arrow button-arrow-left\" href=\"https:\/\/pku.biomarin.com\/it-it\/liveunlimited\/video-storie\/\" target=\"_self\">Torna a tutte le video-storie<\/a><\/p>\n                            <\/div>\n            <div class=\"link link-next\">\n                            <\/div>\n\t\t<\/div>\n\t<\/div>\n<\/div>\n\n<div id=\"acf-block-65524130b758a\" class=\"block wrapped-content\">\n    <div class=\"wrapper\">\n        <div class=\"inner-wrapper\">\n                \n<div id=\"acf-block-65524130b7727\" class=\"block-wysiwyg\">\n            <h2>Ci\u00f2 nonostante, molti dei pazienti nel resto della Turchia non sono cos\u00ec fortunati.<\/h2>\n<p><strong>\u201cLa maggior parte della popolazione turca vive nella parte orientale del paese\u201d, afferma Lal. \u201c[L\u00e0, per i pazienti con PKU] non ci sono sufficienti sostegni economici e non ci sono nemmeno abbastanza servizi sanitari\u201d.<\/strong><\/p>\n<p>Nonostante l\u2019assistenza offerta alla nascita ai bambini con PKU, nei successivi anni di vita molti pazienti tendono ad abbandonare la terapia medica e quindi a perdere l\u2019opportunit\u00e0 di essere seguiti dai loro medici, spiega Lal.<\/p>\n<p><strong>\u201cIn tutta la Turchia ci sono circa 10.000 pazienti, ma solo 50 medici per le malattie metaboliche in grado di prendersi cura di loro\u201d, aggiunge Lal. \u201c\u00c8 un grande problema \u2013 abbiamo scarsit\u00e0 di medici e di centri di riferimento per le malattie metaboliche\u201d.<\/strong><\/p>\n<p>Lal tratta la fenilchetonuria con una rigorosa gestione della dieta, aiutata in questo durante tutta la sua vita da sua madre Deniz.<\/p>\n<p><strong>\u201cIl mio primo ricordo della PKU risale a quando avevo quattro o cinque anni ed ero in vacanza con i miei genitori. Eravamo a cena, e qualcuno ha ordinato per me del riso. Scoprimmo che il riso conteneva un rag\u00f9 di carne, ma era troppo tardi. Ricordo che mia mamma fu letteralmente presa dal panico. Urlava ed era molto impaurita\u201d.<\/strong><\/p>\n<p><strong>\u201cPer i pazienti con PKU, il consumo di proteine pu\u00f2 essere causa di disabilit\u00e0 permanenti, anche a livello cerebrale. Tuttavia, questi effetti non sempre sono un deterrente per i pazienti, soprattutto per i pazienti pi\u00f9 giovani, che desiderano solo essere \u2018normali\u2019\u201d.<\/strong><\/p>\n    <\/div>\n        <\/div>\n    <\/div>\n<\/div>\n\n<div id=\"acf-block-65524130b8316\" class=\"block split-content equal-bias bottom-border\" data-muted-autoplay=\"false\">\n\t<div class=\"wrapper\">\n\t\t<div class=\"inner-wrapper\">\n\t\t                                                                <div class=\"content-block first-block\">\n                                                                                                <h3>L\u2019associazione pazienti di cui facevo parte organizzava campi estivi con altri pazienti, ma io non volevo andare perch\u00e9 avevano una cattiva influenza su di me.<\/h3>\n<p><em>&#8220;I pazienti erano cos\u00ec negativi, odiavano le loro diete e odiavano s\u00e9 stessi. Venivano da me e mi dicevano, \u2018Guarda ho un cioccolatino, lo vuoi assaggiare\u2019? Sgarravano dalla dieta ma questo a loro non importava\u201d.<\/em><\/p>\n<p><em>\u201cCapisco ovviamente il desiderio di mangiare alimenti proibiti \u2013 ma quello che non riesco a capire \u00e8 come si possano dimenticare gli effetti dell\u2019assunzione di proteine sulla salute mentale, o come si possa mangiare certi alimenti solo per sentirsi accettati dai propri amici, o andare a un concerto e ubriacarsi\u201d.<\/em><\/p>\n                                                                                    <\/div>\n                    \n                                            <div class=\"content-block second-block\">\n                                                                                                                                                                                                                                                                                    \n                                    \n                                                                                                                \n                                    \n                                    <figure>\n                                        <div class=\"image image-rounded\">\n                                                                                            <img decoding=\"async\" class=\"\" src=\"https:\/\/pku.biomarin.com\/it-it\/liveunlimited\/wp-content\/uploads\/sites\/11\/2023\/11\/Lal-002-768x512-1.jpg?v=0.74\" alt=\"\" \/>                                                                                    <\/div>\n                                                                            <\/figure>\n                                                                                    <\/div>\n                                                \t\t<\/div>\n\t<\/div>\n<\/div>\n\n<div id=\"acf-block-65524130b836a\" class=\"block wrapped-content\">\n    <div class=\"wrapper\">\n        <div class=\"inner-wrapper\">\n                \n<div id=\"acf-block-65524130b8396\" class=\"block-wysiwyg\">\n            <p>Sebbene Lal riceva molto sostegno da parte dei suoi amici, della famiglia, dei medici e della rete di pazienti con PKU, ci sono volte in cui si sente gi\u00f9 di morale, soprattutto quando i suoi livelli di fenilalanina sono elevati.<\/p>\n<p><strong>\u201cHo avuto problemi di concentrazione, mi sentivo stanca e non avevo voglia di fare nulla. Ho avuto momenti di fortissima rabbia. Quando hai livelli di fenilalanina elevati, aumenta lo stress e quindi anche la rabbia \u2013 \u00e8 una cosa veramente capace di modificare il tuo stato emotivo e la tua capacit\u00e0 di concentrazione\u201d.<\/strong><\/p>\n<p>Un paio di anni fa, Lal ha appreso anche che la gravidanza \u00e8 problematica per le pazienti con PKU, considerando la necessit\u00e0 di controllare le proteine e il potenziale impatto che questo pu\u00f2 avere sullo sviluppo del bambino.<\/p>\n<p>Tuttavia, nel complesso Lal sa di essere una persona pi\u00f9 forte a causa della sua PKU. <strong>\u201cLa forza che ho oggi la devo alla PKU, poich\u00e9 dalla nascita sono stata costretta ad affrontare i problemi. Ho imparato a volermi bene, ad accettarmi e a prendermi cura di me stessa\u201d.<\/strong><\/p>\n<p>Questo si nota in particolare quando Lal va a danza. Quando parla di teatro e di danza, il suo viso si illumina.<\/p>\n    <\/div>\n        <\/div>\n    <\/div>\n<\/div>\n\n<div id=\"acf-block-65524130b8423\" class=\"block split-content equal-bias bottom-border\" data-muted-autoplay=\"false\">\n\t<div class=\"wrapper\">\n\t\t<div class=\"inner-wrapper\">\n\t\t                                                                <div class=\"content-block first-block\">\n                                                                                                                                                                                                                                                <div class=\"video-poster\">\n\t\t\t                            <a class=\"modal-video permitted\" href=\"https:\/\/player.vimeo.com\/video\/1035832160\" style=\"background-image: url(https:\/\/pku.biomarin.com\/it-it\/liveunlimited\/wp-content\/uploads\/sites\/11\/2023\/11\/2023-11-13-22h58m37s985-1500x844.png);\">Play<\/a>\n\t\t                            <\/div>\n                                    \n                                                                                                                    \n                                                                                                                \n\t\t                                                                            <\/div>\n                    \n                                            <div class=\"content-block second-block\">\n                                                                                                <h3>\u201cIl teatro e il palcoscenico saranno sempre una parte della mia vita, perch\u00e9 \u00e8 un momento prezioso quando offri una parte di te al tuo pubblico. La danza \u00e8 per me qualcos\u2019altro: mi aiuta a spingermi oltre i miei limiti\u201d.<\/h3>\n<p><strong>&lt; Guarda la storia di Lal<\/strong><\/p>\n                                                                                    <\/div>\n                                                \t\t<\/div>\n\t<\/div>\n<\/div>\n\n<div id=\"acf-block-655241b39dd72\" class=\"block next-previous\">\n    <div class=\"wrapper\">\n\t\t<div class=\"inner-wrapper\">\n            <div class=\"link link-prev\">\n                                    <p><a class=\"button button-text button-arrow button-arrow-left\" href=\"https:\/\/pku.biomarin.com\/it-it\/liveunlimited\/antoine\/\" target=\"_self\">Antoine<\/a><\/p>\n                            <\/div>\n            <div class=\"link link-next\">\n                                    <p><a class=\"button button-text button-arrow\" href=\"https:\/\/pku.biomarin.com\/it-it\/liveunlimited\/raquel\/\" target=\"_self\">Raquel<\/a><\/p>\n                            <\/div>\n\t\t<\/div>\n\t<\/div>\n<\/div>","protected":false},"excerpt":{"rendered":"","protected":false},"author":2,"featured_media":0,"parent":0,"menu_order":0,"comment_status":"closed","ping_status":"closed","template":"","meta":{"_acf_changed":false,"inline_featured_image":false,"footnotes":""},"class_list":["post-540","page","type-page","status-publish","hentry"],"acf":[],"yoast_head":"<!-- This site is optimized with the Yoast SEO plugin v27.1.1 - https:\/\/yoast.com\/product\/yoast-seo-wordpress\/ -->\n<title>Lal - BioMarin Live Unlimited IT-IT<\/title>\n<meta name=\"description\" content=\"Nell&#039;ambito della campagna Live Unlimited PKU, abbiamo viaggiato in tutta Europa per incontrare adulti affetti da PKU e ascoltare le storie delle loro esperienze. questa \u00e8 la storia di Lal.\" \/>\n<meta name=\"robots\" content=\"index, follow, max-snippet:-1, max-image-preview:large, max-video-preview:-1\" \/>\n<link rel=\"canonical\" href=\"https:\/\/pku.biomarin.com\/it-it\/liveunlimited\/lal\/\" \/>\n<meta property=\"og:locale\" content=\"it_IT\" \/>\n<meta property=\"og:type\" content=\"article\" \/>\n<meta property=\"og:title\" content=\"Lal - BioMarin Live Unlimited IT-IT\" \/>\n<meta property=\"og:description\" content=\"Nell&#039;ambito della campagna Live Unlimited PKU, abbiamo viaggiato in tutta Europa per incontrare adulti affetti da PKU e ascoltare le storie delle loro esperienze. questa \u00e8 la storia di Lal.\" \/>\n<meta property=\"og:url\" content=\"https:\/\/pku.biomarin.com\/it-it\/liveunlimited\/lal\/\" \/>\n<meta property=\"og:site_name\" content=\"BioMarin Live Unlimited IT-IT\" \/>\n<meta property=\"article:modified_time\" content=\"2024-12-17T16:17:27+00:00\" \/>\n<meta name=\"twitter:card\" content=\"summary_large_image\" \/>\n<script type=\"application\/ld+json\" class=\"yoast-schema-graph\">{\"@context\":\"https:\/\/schema.org\",\"@graph\":[{\"@type\":\"WebPage\",\"@id\":\"https:\/\/pku.biomarin.com\/it-it\/liveunlimited\/lal\/\",\"url\":\"https:\/\/pku.biomarin.com\/it-it\/liveunlimited\/lal\/\",\"name\":\"Lal - BioMarin Live Unlimited IT-IT\",\"isPartOf\":{\"@id\":\"https:\/\/pku.biomarin.com\/it-it\/liveunlimited\/#website\"},\"datePublished\":\"2023-11-08T22:54:57+00:00\",\"dateModified\":\"2024-12-17T16:17:27+00:00\",\"description\":\"Nell'ambito della campagna Live Unlimited PKU, abbiamo viaggiato in tutta Europa per incontrare adulti affetti da PKU e ascoltare le storie delle loro esperienze. questa \u00e8 la storia di Lal.\",\"breadcrumb\":{\"@id\":\"https:\/\/pku.biomarin.com\/it-it\/liveunlimited\/lal\/#breadcrumb\"},\"inLanguage\":\"it-IT\",\"potentialAction\":[{\"@type\":\"ReadAction\",\"target\":[\"https:\/\/pku.biomarin.com\/it-it\/liveunlimited\/lal\/\"]}]},{\"@type\":\"BreadcrumbList\",\"@id\":\"https:\/\/pku.biomarin.com\/it-it\/liveunlimited\/lal\/#breadcrumb\",\"itemListElement\":[{\"@type\":\"ListItem\",\"position\":1,\"name\":\"Home\",\"item\":\"https:\/\/pku.biomarin.com\/it-it\/liveunlimited\/\"},{\"@type\":\"ListItem\",\"position\":2,\"name\":\"Lal\"}]},{\"@type\":\"WebSite\",\"@id\":\"https:\/\/pku.biomarin.com\/it-it\/liveunlimited\/#website\",\"url\":\"https:\/\/pku.biomarin.com\/it-it\/liveunlimited\/\",\"name\":\"BioMarin Live Unlimited IT-IT\",\"description\":\"\",\"potentialAction\":[{\"@type\":\"SearchAction\",\"target\":{\"@type\":\"EntryPoint\",\"urlTemplate\":\"https:\/\/pku.biomarin.com\/it-it\/liveunlimited\/?s={search_term_string}\"},\"query-input\":{\"@type\":\"PropertyValueSpecification\",\"valueRequired\":true,\"valueName\":\"search_term_string\"}}],\"inLanguage\":\"it-IT\"}]}<\/script>\n<!-- \/ Yoast SEO plugin. -->","yoast_head_json":{"title":"Lal - BioMarin Live Unlimited IT-IT","description":"Nell'ambito della campagna Live Unlimited PKU, abbiamo viaggiato in tutta Europa per incontrare adulti affetti da PKU e ascoltare le storie delle loro esperienze. questa \u00e8 la storia di Lal.","robots":{"index":"index","follow":"follow","max-snippet":"max-snippet:-1","max-image-preview":"max-image-preview:large","max-video-preview":"max-video-preview:-1"},"canonical":"https:\/\/pku.biomarin.com\/it-it\/liveunlimited\/lal\/","og_locale":"it_IT","og_type":"article","og_title":"Lal - BioMarin Live Unlimited IT-IT","og_description":"Nell'ambito della campagna Live Unlimited PKU, abbiamo viaggiato in tutta Europa per incontrare adulti affetti da PKU e ascoltare le storie delle loro esperienze. questa \u00e8 la storia di Lal.","og_url":"https:\/\/pku.biomarin.com\/it-it\/liveunlimited\/lal\/","og_site_name":"BioMarin Live Unlimited IT-IT","article_modified_time":"2024-12-17T16:17:27+00:00","twitter_card":"summary_large_image","schema":{"@context":"https:\/\/schema.org","@graph":[{"@type":"WebPage","@id":"https:\/\/pku.biomarin.com\/it-it\/liveunlimited\/lal\/","url":"https:\/\/pku.biomarin.com\/it-it\/liveunlimited\/lal\/","name":"Lal - BioMarin Live Unlimited IT-IT","isPartOf":{"@id":"https:\/\/pku.biomarin.com\/it-it\/liveunlimited\/#website"},"datePublished":"2023-11-08T22:54:57+00:00","dateModified":"2024-12-17T16:17:27+00:00","description":"Nell'ambito della campagna Live Unlimited PKU, abbiamo viaggiato in tutta Europa per incontrare adulti affetti da PKU e ascoltare le storie delle loro esperienze. questa \u00e8 la storia di Lal.","breadcrumb":{"@id":"https:\/\/pku.biomarin.com\/it-it\/liveunlimited\/lal\/#breadcrumb"},"inLanguage":"it-IT","potentialAction":[{"@type":"ReadAction","target":["https:\/\/pku.biomarin.com\/it-it\/liveunlimited\/lal\/"]}]},{"@type":"BreadcrumbList","@id":"https:\/\/pku.biomarin.com\/it-it\/liveunlimited\/lal\/#breadcrumb","itemListElement":[{"@type":"ListItem","position":1,"name":"Home","item":"https:\/\/pku.biomarin.com\/it-it\/liveunlimited\/"},{"@type":"ListItem","position":2,"name":"Lal"}]},{"@type":"WebSite","@id":"https:\/\/pku.biomarin.com\/it-it\/liveunlimited\/#website","url":"https:\/\/pku.biomarin.com\/it-it\/liveunlimited\/","name":"BioMarin Live Unlimited IT-IT","description":"","potentialAction":[{"@type":"SearchAction","target":{"@type":"EntryPoint","urlTemplate":"https:\/\/pku.biomarin.com\/it-it\/liveunlimited\/?s={search_term_string}"},"query-input":{"@type":"PropertyValueSpecification","valueRequired":true,"valueName":"search_term_string"}}],"inLanguage":"it-IT"}]}},"_links":{"self":[{"href":"https:\/\/pku.biomarin.com\/it-it\/liveunlimited\/wp-json\/wp\/v2\/pages\/540","targetHints":{"allow":["GET"]}}],"collection":[{"href":"https:\/\/pku.biomarin.com\/it-it\/liveunlimited\/wp-json\/wp\/v2\/pages"}],"about":[{"href":"https:\/\/pku.biomarin.com\/it-it\/liveunlimited\/wp-json\/wp\/v2\/types\/page"}],"author":[{"embeddable":true,"href":"https:\/\/pku.biomarin.com\/it-it\/liveunlimited\/wp-json\/wp\/v2\/users\/2"}],"replies":[{"embeddable":true,"href":"https:\/\/pku.biomarin.com\/it-it\/liveunlimited\/wp-json\/wp\/v2\/comments?post=540"}],"version-history":[{"count":49,"href":"https:\/\/pku.biomarin.com\/it-it\/liveunlimited\/wp-json\/wp\/v2\/pages\/540\/revisions"}],"predecessor-version":[{"id":1680,"href":"https:\/\/pku.biomarin.com\/it-it\/liveunlimited\/wp-json\/wp\/v2\/pages\/540\/revisions\/1680"}],"wp:attachment":[{"href":"https:\/\/pku.biomarin.com\/it-it\/liveunlimited\/wp-json\/wp\/v2\/media?parent=540"}],"curies":[{"name":"wp","href":"https:\/\/api.w.org\/{rel}","templated":true}]}}