{"id":536,"date":"2023-11-08T22:54:05","date_gmt":"2023-11-08T22:54:05","guid":{"rendered":"https:\/\/liveunlimitedpku-dev-001.azurewebsites.net\/it-it\/?page_id=536"},"modified":"2024-12-18T21:09:32","modified_gmt":"2024-12-18T21:09:32","slug":"antoine","status":"publish","type":"page","link":"https:\/\/pku.biomarin.com\/it-it\/liveunlimited\/antoine\/","title":{"rendered":"Antoine"},"content":{"rendered":"<div id=\"acf-block-654c12822dd58\" class=\"hero hero-no-overlay hero-large-first-para\">\n            <div class=\"hero-background-image hero-background-image-desktop\" style=\"background-image: url(https:\/\/pku.biomarin.com\/it-it\/liveunlimited\/wp-content\/uploads\/sites\/11\/2024\/05\/m-v2.jpg?v=0.74);\"><\/div>\n\t    <div class=\"hero-background-image hero-background-image-mobile\" style=\"background-image: url(https:\/\/pku.biomarin.com\/it-it\/liveunlimited\/wp-content\/uploads\/sites\/11\/2024\/05\/m-v2.jpg?v=0.74);\"><\/div>\n    \t<div class=\"overlay\"><\/div>\n\t<div class=\"wrapper\">\n\t\t<div class=\"inner-wrapper\">\n\t\t\t<div class=\"hero-content\">\n\t\t\t    \t\t\t\t    <span class=\"section-title\"> La vita \u00e8 pi\u00f9 semplice quando si hanno le giuste soluzioni<\/span>\n\t\t\t\t\t\t\t\t\t\t\t\t\t\t\t\t    <h1>ANTOINE\n<\/h1>\n\t\t\t\t\t\t\t\t\t\t\t\t    <p>Francia<\/p>\n<p>Antoine vive con la moglie a Bourg-la-Reine, a sud di Parigi, in Francia. Da bambino, ad Antoine \u00e8 stata diagnosticata la PKU attraverso lo screening neonatale, che viene praticato di routine a tutti i neonati in Europa a partire dagli anni \u201960.<\/p>\n\t\t\t\t\t\t\t\t\n                <p class=\"inline-buttons\">\n                                                        <\/p>\n\t\t\t\t\t\t\t<\/div>\n\t\t<\/div>\n\t<\/div>\n<\/div>\n\n\n<div id=\"acf-block-654c12822e009\" class=\"block next-previous block-tight-top\">\n    <div class=\"wrapper\">\n\t\t<div class=\"inner-wrapper\">\n            <div class=\"link link-prev\">\n                                    <p><a class=\"button button-text button-arrow button-arrow-left\" href=\"https:\/\/pku.biomarin.com\/it-it\/liveunlimited\/video-storie\/\" target=\"_self\">Torna a tutte le video-storie<\/a><\/p>\n                            <\/div>\n            <div class=\"link link-next\">\n                            <\/div>\n\t\t<\/div>\n\t<\/div>\n<\/div>\n\n<div id=\"acf-block-65523179a76cd\" class=\"block wrapped-content\">\n    <div class=\"wrapper\">\n        <div class=\"inner-wrapper\">\n                \n<div id=\"acf-block-65523179a7810\" class=\"block-wysiwyg\">\n            <h2>Antoine gestisce la sua PKU con la dieta sin da quando era bambino.<\/h2>\n<p>Pur avendo ricevuto grande sostegno da parte dei genitori quando era piccolo, Antoine riconosce la necessit\u00e0 di intensificare il trattamento dei pazienti man mano che avanzano con l\u2019et\u00e0, mentre invece accade il contrario.<\/p>\n<p><strong>\u201cLa PKU \u00e8 una malattia molto seria, perch\u00e9 se non identificata alla nascita ha conseguenze davvero gravi, come la disabilit\u00e0 fisica o mentale. \u00c8 necessaria una concentrazione di sforzi per trattare i bambini, ma la dieta \u00e8 molto pi\u00f9 facile da gestire quando si \u00e8 piccoli. Quando si diventa adolescenti, si inizia ad affinare il gusto e a voler provare cose nuove. Diventati adulti, si deve far fronte alla propria voglia di cibo e alle conseguenze che il mangiare alcuni alimenti comporta\u201d.<\/strong><\/p>\n<p>Per i pazienti con PKU, questo pu\u00f2 avere infatti pesanti conseguenze per la salute fisica e mentale. In coloro che non gestiscono attivamente la propria malattia, \u00e8 comune che si manifestino sintomi come ansia, depressione, sbalzi di umore e cali di concentrazione.<\/p>\n<p><strong>\u201cPer ogni persona \u00e8 diverso\u201d, afferma Antoine. \u201cCi\u00f2 che pi\u00f9 mi spaventa \u00e8 che posso diventare molto nervoso e agitato. A volte ho anche problemi di memoria\u201d.<\/strong><\/p>\n<p>Antoine ha sposato sua moglie, Justine, nel 2016. \u201cLei mi \u00e8 stata di grande aiuto\u201d, dice sorridendo. \u201cHa cambiato le sue abitudini alimentari per venirmi incontro\u201d. Justine \u00e8 sempre stata molto comprensiva nei confronti del marito e pronta a sostenerlo, ma pu\u00f2 essere complicato e faticoso spiegare le limitazioni della dieta a familiari e amici.<\/p>\n    <\/div>\n        <\/div>\n    <\/div>\n<\/div>\n\n<div id=\"acf-block-65523179a8422\" class=\"block split-content equal-bias bottom-border\" data-muted-autoplay=\"false\">\n\t<div class=\"wrapper\">\n\t\t<div class=\"inner-wrapper\">\n\t\t                                                                <div class=\"content-block first-block\">\n                                                                                                <h3>Nel 2018, Antoine e Justine sono stati in Giappone, un viaggio che sognavano da tempo.<\/h3>\n<p>Purtroppo, all\u2019arrivo Antoine si \u00e8 reso conto che le opzioni alimentari per lui erano limitate \u2013 un problema costante \u2013 e i livelli elevati di PHE hanno avuto un impatto negativo sul loro viaggio.<\/p>\n<p><em>\u201cDopo due settimane di strappi alla dieta, avevo le reazioni emotive di un adolescente ed ero davvero nervoso. Notavo decisamente la differenza. Quello che vorrei che le persone sapessero della PKU, \u00e8 che non \u00e8 una scelta. Non sono io a scegliere di non mangiare certe cose \u2013 \u00e8 un aspetto veramente importante dal punto di vista medico\u201d.<\/em><\/p>\n                                                                                    <\/div>\n                    \n                                            <div class=\"content-block second-block\">\n                                                                                                                                                                                                                                                                                    \n                                    \n                                                                                                                \n                                    \n                                    <figure>\n                                        <div class=\"image image-rounded\">\n                                                                                            <img decoding=\"async\" class=\"\" src=\"https:\/\/pku.biomarin.com\/it-it\/liveunlimited\/wp-content\/uploads\/sites\/11\/2023\/11\/Antoine-768x432-1.jpg?v=0.74\" alt=\"\" \/>                                                                                    <\/div>\n                                                                            <\/figure>\n                                                                                    <\/div>\n                                                \t\t<\/div>\n\t<\/div>\n<\/div>\n\n<div id=\"acf-block-65523179a847d\" class=\"block wrapped-content\">\n    <div class=\"wrapper\">\n        <div class=\"inner-wrapper\">\n                \n<div id=\"acf-block-65523179a84a5\" class=\"block-wysiwyg\">\n            <p>Viaggiare si rivela spesso un\u2019esperienza molto problematica per i pazienti con fenilchetonuria. Da recenti indagini effettuate in Europa, \u00e8 emerso che viaggiare \u00e8 tre volte pi\u00f9 difficoltoso per i pazienti con PKU rispetto alle persone senza problemi di salute.<\/p>\n<p>Tuttavia, le difficolt\u00e0 esistono anche molto pi\u00f9 vicino: a casa.<\/p>\n<p>Sebbene il passaggio dalla cura in et\u00e0 pediatrica alla cura dell\u2019adulto sia difficile per la maggior parte dei pazienti con PKU, il problema \u00e8 particolarmente sentito in Francia. I pazienti devono non solo richiedere il proseguimento dell\u2019assistenza fino all\u2019et\u00e0 adulta quando entrano nel mondo del lavoro, ma sono anche tenuti a rinnovare il proprio status di pazienti affetti da una patologia cronica ogni cinque anni per continuare a usufruire dell\u2019assistenza.<\/p>\n<p><strong>\u201cIn Francia l\u2019assistenza per la PKU non si riceve automaticamente. Se non si ha spirito d\u2019iniziativa e non si svolgono le pratiche amministrative richieste, non si riceve assistenza\u201d<\/strong>, spiega Antoine.<\/p>\n    <\/div>\n        <\/div>\n    <\/div>\n<\/div>\n\n<div id=\"acf-block-65523179a8555\" class=\"block split-content equal-bias bottom-border\" data-muted-autoplay=\"false\">\n\t<div class=\"wrapper\">\n\t\t<div class=\"inner-wrapper\">\n\t\t                                                                <div class=\"content-block first-block\">\n                                                                                                                                                                                                                                                <div class=\"video-poster\">\n\t\t\t                            <a class=\"modal-video permitted\" href=\"https:\/\/player.vimeo.com\/video\/1040133795\" style=\"background-image: url(https:\/\/pku.biomarin.com\/it-it\/liveunlimited\/wp-content\/uploads\/sites\/11\/2023\/11\/2023-11-13-22h40m23s013-1500x844.png);\">Play<\/a>\n\t\t                            <\/div>\n                                    \n                                                                                                                    \n                                                                                                                \n\t\t                                                                            <\/div>\n                    \n                                            <div class=\"content-block second-block\">\n                                                                                                <h3>Quali sono dunque gli strumenti che il sistema sanitario dovrebbe mettere a disposizione dei pazienti con PKU?<\/h3>\n<p>Antoine dice,<\/p>\n<p><em>\u201c\u00c8 una domanda difficile, perch\u00e9 la risposta non \u00e8 la stessa se sei un bambino, un adolescente oppure un adulto. Tuttavia, ci\u00f2 da cui tutti i pazienti con PKU potrebbero beneficiare \u00e8 la consulenza di un nutrizionista per affrontare le difficolt\u00e0 psicologiche ed effettuare una corretta pianificazione alimentare\u201d.<\/em><\/p>\n<p>&nbsp;<\/p>\n<p><strong>&lt; Guarda la storia di Antoine<\/strong><\/p>\n                                                                                    <\/div>\n                                                \t\t<\/div>\n\t<\/div>\n<\/div>\n\n<div id=\"acf-block-65523179a85c0\" class=\"block next-previous\">\n    <div class=\"wrapper\">\n\t\t<div class=\"inner-wrapper\">\n            <div class=\"link link-prev\">\n                                    <p><a class=\"button button-text button-arrow button-arrow-left\" href=\"https:\/\/pku.biomarin.com\/it-it\/liveunlimited\/eva\/\" target=\"_self\">Eva<\/a><\/p>\n                            <\/div>\n            <div class=\"link link-next\">\n                                    <p><a class=\"button button-text button-arrow\" href=\"https:\/\/pku.biomarin.com\/it-it\/liveunlimited\/lal\/\" target=\"_self\">Lal<\/a><\/p>\n                            <\/div>\n\t\t<\/div>\n\t<\/div>\n<\/div>","protected":false},"excerpt":{"rendered":"","protected":false},"author":2,"featured_media":0,"parent":0,"menu_order":0,"comment_status":"closed","ping_status":"closed","template":"","meta":{"_acf_changed":false,"inline_featured_image":false,"footnotes":""},"class_list":["post-536","page","type-page","status-publish","hentry"],"acf":[],"yoast_head":"<!-- This site is optimized with the Yoast SEO plugin v27.1.1 - https:\/\/yoast.com\/product\/yoast-seo-wordpress\/ -->\n<title>Antoine - BioMarin Live Unlimited IT-IT<\/title>\n<meta name=\"description\" content=\"Nell&#039;ambito della campagna Live Unlimited PKU, abbiamo viaggiato in tutta Europa per incontrare adulti affetti da PKU e ascoltare le storie delle loro esperienze. Questa \u00e8 la storia di Antoine.\" \/>\n<meta name=\"robots\" content=\"index, follow, max-snippet:-1, max-image-preview:large, max-video-preview:-1\" \/>\n<link rel=\"canonical\" href=\"https:\/\/pku.biomarin.com\/it-it\/liveunlimited\/antoine\/\" \/>\n<meta property=\"og:locale\" content=\"it_IT\" \/>\n<meta property=\"og:type\" content=\"article\" \/>\n<meta property=\"og:title\" content=\"Antoine - BioMarin Live Unlimited IT-IT\" \/>\n<meta property=\"og:description\" content=\"Nell&#039;ambito della campagna Live Unlimited PKU, abbiamo viaggiato in tutta Europa per incontrare adulti affetti da PKU e ascoltare le storie delle loro esperienze. Questa \u00e8 la storia di Antoine.\" \/>\n<meta property=\"og:url\" content=\"https:\/\/pku.biomarin.com\/it-it\/liveunlimited\/antoine\/\" \/>\n<meta property=\"og:site_name\" content=\"BioMarin Live Unlimited IT-IT\" \/>\n<meta property=\"article:modified_time\" content=\"2024-12-18T21:09:32+00:00\" \/>\n<meta name=\"twitter:card\" content=\"summary_large_image\" \/>\n<script type=\"application\/ld+json\" class=\"yoast-schema-graph\">{\"@context\":\"https:\/\/schema.org\",\"@graph\":[{\"@type\":\"WebPage\",\"@id\":\"https:\/\/pku.biomarin.com\/it-it\/liveunlimited\/antoine\/\",\"url\":\"https:\/\/pku.biomarin.com\/it-it\/liveunlimited\/antoine\/\",\"name\":\"Antoine - BioMarin Live Unlimited IT-IT\",\"isPartOf\":{\"@id\":\"https:\/\/pku.biomarin.com\/it-it\/liveunlimited\/#website\"},\"datePublished\":\"2023-11-08T22:54:05+00:00\",\"dateModified\":\"2024-12-18T21:09:32+00:00\",\"description\":\"Nell'ambito della campagna Live Unlimited PKU, abbiamo viaggiato in tutta Europa per incontrare adulti affetti da PKU e ascoltare le storie delle loro esperienze. Questa \u00e8 la storia di Antoine.\",\"breadcrumb\":{\"@id\":\"https:\/\/pku.biomarin.com\/it-it\/liveunlimited\/antoine\/#breadcrumb\"},\"inLanguage\":\"it-IT\",\"potentialAction\":[{\"@type\":\"ReadAction\",\"target\":[\"https:\/\/pku.biomarin.com\/it-it\/liveunlimited\/antoine\/\"]}]},{\"@type\":\"BreadcrumbList\",\"@id\":\"https:\/\/pku.biomarin.com\/it-it\/liveunlimited\/antoine\/#breadcrumb\",\"itemListElement\":[{\"@type\":\"ListItem\",\"position\":1,\"name\":\"Home\",\"item\":\"https:\/\/pku.biomarin.com\/it-it\/liveunlimited\/\"},{\"@type\":\"ListItem\",\"position\":2,\"name\":\"Antoine\"}]},{\"@type\":\"WebSite\",\"@id\":\"https:\/\/pku.biomarin.com\/it-it\/liveunlimited\/#website\",\"url\":\"https:\/\/pku.biomarin.com\/it-it\/liveunlimited\/\",\"name\":\"BioMarin Live Unlimited IT-IT\",\"description\":\"\",\"potentialAction\":[{\"@type\":\"SearchAction\",\"target\":{\"@type\":\"EntryPoint\",\"urlTemplate\":\"https:\/\/pku.biomarin.com\/it-it\/liveunlimited\/?s={search_term_string}\"},\"query-input\":{\"@type\":\"PropertyValueSpecification\",\"valueRequired\":true,\"valueName\":\"search_term_string\"}}],\"inLanguage\":\"it-IT\"}]}<\/script>\n<!-- \/ Yoast SEO plugin. -->","yoast_head_json":{"title":"Antoine - BioMarin Live Unlimited IT-IT","description":"Nell'ambito della campagna Live Unlimited PKU, abbiamo viaggiato in tutta Europa per incontrare adulti affetti da PKU e ascoltare le storie delle loro esperienze. Questa \u00e8 la storia di Antoine.","robots":{"index":"index","follow":"follow","max-snippet":"max-snippet:-1","max-image-preview":"max-image-preview:large","max-video-preview":"max-video-preview:-1"},"canonical":"https:\/\/pku.biomarin.com\/it-it\/liveunlimited\/antoine\/","og_locale":"it_IT","og_type":"article","og_title":"Antoine - BioMarin Live Unlimited IT-IT","og_description":"Nell'ambito della campagna Live Unlimited PKU, abbiamo viaggiato in tutta Europa per incontrare adulti affetti da PKU e ascoltare le storie delle loro esperienze. Questa \u00e8 la storia di Antoine.","og_url":"https:\/\/pku.biomarin.com\/it-it\/liveunlimited\/antoine\/","og_site_name":"BioMarin Live Unlimited IT-IT","article_modified_time":"2024-12-18T21:09:32+00:00","twitter_card":"summary_large_image","schema":{"@context":"https:\/\/schema.org","@graph":[{"@type":"WebPage","@id":"https:\/\/pku.biomarin.com\/it-it\/liveunlimited\/antoine\/","url":"https:\/\/pku.biomarin.com\/it-it\/liveunlimited\/antoine\/","name":"Antoine - BioMarin Live Unlimited IT-IT","isPartOf":{"@id":"https:\/\/pku.biomarin.com\/it-it\/liveunlimited\/#website"},"datePublished":"2023-11-08T22:54:05+00:00","dateModified":"2024-12-18T21:09:32+00:00","description":"Nell'ambito della campagna Live Unlimited PKU, abbiamo viaggiato in tutta Europa per incontrare adulti affetti da PKU e ascoltare le storie delle loro esperienze. Questa \u00e8 la storia di Antoine.","breadcrumb":{"@id":"https:\/\/pku.biomarin.com\/it-it\/liveunlimited\/antoine\/#breadcrumb"},"inLanguage":"it-IT","potentialAction":[{"@type":"ReadAction","target":["https:\/\/pku.biomarin.com\/it-it\/liveunlimited\/antoine\/"]}]},{"@type":"BreadcrumbList","@id":"https:\/\/pku.biomarin.com\/it-it\/liveunlimited\/antoine\/#breadcrumb","itemListElement":[{"@type":"ListItem","position":1,"name":"Home","item":"https:\/\/pku.biomarin.com\/it-it\/liveunlimited\/"},{"@type":"ListItem","position":2,"name":"Antoine"}]},{"@type":"WebSite","@id":"https:\/\/pku.biomarin.com\/it-it\/liveunlimited\/#website","url":"https:\/\/pku.biomarin.com\/it-it\/liveunlimited\/","name":"BioMarin Live Unlimited IT-IT","description":"","potentialAction":[{"@type":"SearchAction","target":{"@type":"EntryPoint","urlTemplate":"https:\/\/pku.biomarin.com\/it-it\/liveunlimited\/?s={search_term_string}"},"query-input":{"@type":"PropertyValueSpecification","valueRequired":true,"valueName":"search_term_string"}}],"inLanguage":"it-IT"}]}},"_links":{"self":[{"href":"https:\/\/pku.biomarin.com\/it-it\/liveunlimited\/wp-json\/wp\/v2\/pages\/536","targetHints":{"allow":["GET"]}}],"collection":[{"href":"https:\/\/pku.biomarin.com\/it-it\/liveunlimited\/wp-json\/wp\/v2\/pages"}],"about":[{"href":"https:\/\/pku.biomarin.com\/it-it\/liveunlimited\/wp-json\/wp\/v2\/types\/page"}],"author":[{"embeddable":true,"href":"https:\/\/pku.biomarin.com\/it-it\/liveunlimited\/wp-json\/wp\/v2\/users\/2"}],"replies":[{"embeddable":true,"href":"https:\/\/pku.biomarin.com\/it-it\/liveunlimited\/wp-json\/wp\/v2\/comments?post=536"}],"version-history":[{"count":62,"href":"https:\/\/pku.biomarin.com\/it-it\/liveunlimited\/wp-json\/wp\/v2\/pages\/536\/revisions"}],"predecessor-version":[{"id":1683,"href":"https:\/\/pku.biomarin.com\/it-it\/liveunlimited\/wp-json\/wp\/v2\/pages\/536\/revisions\/1683"}],"wp:attachment":[{"href":"https:\/\/pku.biomarin.com\/it-it\/liveunlimited\/wp-json\/wp\/v2\/media?parent=536"}],"curies":[{"name":"wp","href":"https:\/\/api.w.org\/{rel}","templated":true}]}}