{"id":6,"date":"2023-10-31T15:24:45","date_gmt":"2023-10-31T15:24:45","guid":{"rendered":"https:\/\/liveunlimitedpku-dev-001.azurewebsites.net\/fr-fr\/?page_id=6"},"modified":"2024-12-05T22:59:51","modified_gmt":"2024-12-05T22:59:51","slug":"page-daccueil","status":"publish","type":"page","link":"https:\/\/pku.biomarin.com\/fr-fr\/liveunlimited\/","title":{"rendered":"Page d\u2019accueil"},"content":{"rendered":"<div id=\"acf-block-65411c3dc9a10\" class=\"hero hero-no-overlay\">\n            <div class=\"hero-background-image hero-background-image-desktop\" style=\"background-image: url(https:\/\/pku.biomarin.com\/fr-fr\/liveunlimited\/wp-content\/uploads\/sites\/9\/2023\/12\/PKU_POSTER_BACKBROUNDS_LANDSCAPE2B.jpg?v=0.74);\"><\/div>\n\t    <div class=\"hero-background-image hero-background-image-mobile\" style=\"background-image: url(https:\/\/pku.biomarin.com\/fr-fr\/liveunlimited\/wp-content\/uploads\/sites\/9\/2023\/11\/Paint.png?v=0.74);\"><\/div>\n    \t<div class=\"overlay\"><\/div>\n\t<div class=\"wrapper\">\n\t\t<div class=\"inner-wrapper\">\n\t\t\t<div class=\"hero-content\">\n\t\t\t    \t\t\t\t\t\t\t\t\t\t\t\t    <h1>LA VIE EST DIFFICILE SI VOUS N\u2019AVEZ PAS LES OUTILS N\u00c9CESSAIRES.\n<\/h1>\n\t\t\t\t\t\t\t\t\t\t\t\t\n                <p class=\"inline-buttons\">\n                                                        <\/p>\n\t\t\t\t\t\t\t<\/div>\n\t\t<\/div>\n\t<\/div>\n<\/div>\n\n\n<div id=\"acf-block-6548cf57e0f85\" class=\"block wrapped-content\">\n    <div class=\"wrapper\">\n        <div class=\"inner-wrapper\">\n                \n<div id=\"acf-block-6548cf57e10fd\" class=\"block-wysiwyg\">\n            <h2>Seulement 12% des adultes atteints de PCU ont acc\u00e8s aux outils multidisciplinaires et au soutien dont ils ont besoin<sup>3<\/sup> \u2013 nous faisons campagne pour changer cela.<\/h2>\n    <\/div>\n        <\/div>\n    <\/div>\n<\/div>\n\n<div id=\"acf-block-6548cf57e1d5b\" class=\"block split-content equal-bias block-tight-bottom\" data-muted-autoplay=\"false\">\n\t<div class=\"wrapper\">\n\t\t<div class=\"inner-wrapper\">\n\t\t                                                                <div class=\"content-block first-block\">\n                                                                                                <h3>La ph\u00e9nylc\u00e9tonurie (PCU) est une maladie m\u00e9tabolique chronique rare qui, chez les personnes atteintes, limite la capacit\u00e9 \u00e0 d\u00e9grader les prot\u00e9ines et peut entra\u00eener des effets toxiques cumulatifs sur le cerveau<sup>1<\/sup>.<\/h3>\n<p>En Europe, 1 b\u00e9b\u00e9 sur 10 000 environ na\u00eet avec cette maladie g\u00e9n\u00e9tique, d\u00e9tect\u00e9e chez le nouveau-n\u00e9 par le test de Guthrie, une petite prise de sang effectu\u00e9e au talon.<\/p>\n<p>Mais la PCU n\u2019est pas qu\u2019une maladie de l\u2019enfance. Les adultes qui en sont atteints doivent suivre un traitement et un r\u00e9gime alimentaire excluant presque totalement les prot\u00e9ines afin de limiter les sympt\u00f4mes au maximum et de pr\u00e9venir les dommages c\u00e9r\u00e9braux<sup>1,2<\/sup>.<\/p>\n                                                                                    <\/div>\n                    \n                                            <div class=\"content-block second-block\">\n                                                                                                                                                                                                                                                                                    \n                                    \n                                                                                                                \n                                    \n                                    <figure>\n                                        <div class=\"image image-rounded\">\n                                                                                            <img decoding=\"async\" class=\"\" src=\"https:\/\/pku.biomarin.com\/fr-fr\/liveunlimited\/wp-content\/uploads\/sites\/9\/2023\/12\/GettyImages-658442986-B.jpg?v=0.74\" alt=\"\" \/>                                                                                    <\/div>\n                                                                            <\/figure>\n                                                                                    <\/div>\n                                                \t\t<\/div>\n\t<\/div>\n<\/div>\n\n<div id=\"acf-block-658313fee96b6\" class=\"block boxed-content\">\n\t<div class=\"wrapper\">\n\t\t<div class=\"inner-wrapper\">\n\t\t\t<div class=\"box\">\n\t\t\t\t\t\t\t\t\n<div id=\"acf-block-658313fee97fa\" class=\"block-wysiwyg\">\n            <h2 class=\"h3\" style=\"text-align: center\">Devoir se d\u00e9brouiller pour vivre sans les outils n\u00e9cessaires est une r\u00e9alit\u00e9 quotidienne pour les adultes atteints de PCU \u00e0 travers l\u2019Europe.<\/h2>\n    <\/div>\n\t\t\t<\/div>\n\t\t<\/div>\n\t<\/div>\n<\/div>\n\n<div id=\"acf-block-6548cf57e2279\" class=\"block split-content equal-bias block-tight-top block-tight-bottom\" data-muted-autoplay=\"false\">\n\t<div class=\"wrapper\">\n\t\t<div class=\"inner-wrapper\">\n\t\t                                                                <div class=\"content-block first-block\">\n                                                                                                                                                                                                                                                                                    \n                                    \n                                                                                                                \n                                    \n                                    <figure>\n                                        <div class=\"image image-rounded\">\n                                                                                            <img decoding=\"async\" class=\"\" src=\"https:\/\/pku.biomarin.com\/fr-fr\/liveunlimited\/wp-content\/uploads\/sites\/9\/2023\/11\/2.1_Desktop_GetStarted.jpg?v=0.74\" alt=\"Image of patient and doctor in office\" \/>                                                                                    <\/div>\n                                                                            <\/figure>\n                                                                                    <\/div>\n                    \n                                            <div class=\"content-block second-block\">\n                                                                                                <h3>En Europe, il existe une grande h\u00e9t\u00e9rog\u00e9n\u00e9it\u00e9 en mati\u00e8re de diagnostic, de traitement et de prise en charge tout au long de la vie pour les adultes atteints de PCU<sup>3<\/sup>.<\/h3>\n<p>Malgr\u00e9 les r\u00e9percussions neurologiques de la maladie et la difficult\u00e9 \u00e0 suivre un r\u00e9gime pauvre en prot\u00e9ines, \u00e0 peine <strong>12 % des adultes<\/strong> atteints de PCU disposent de l\u2019acc\u00e8s aux outils et au soutien pluridisciplinaires dont ils ont besoin<sup>3<\/sup>. Certains adultes doivent m\u00eame se rendre dans des services p\u00e9diatriques pour \u00eatre pris en charge par des sp\u00e9cialistes.<\/p>\n                                                                                    <\/div>\n                                                \t\t<\/div>\n\t<\/div>\n<\/div>\n\n<div id=\"acf-block-65831a007e40b\" class=\"block cards cards-3-col bg-band bg-band-secondary block-zero-bottom\">\n\t<div class=\"wrapper\">\n\t\t<div class=\"inner-wrapper\">\n\t\t\t<div class=\"cards-title\">\n\t\t\t    \t\t\t\t    <h2>G\u00e9rer la PCU \u00e0 l\u2019\u00e2ge adulte peut \u00eatre tr\u00e8s difficile et devient plus compliqu\u00e9 encore sans les services de soutien appropri\u00e9s<sup>4<\/sup>\n&nbsp;\n&nbsp;\n<\/h2>\n\t\t\t\t\t\t\t\t\t\t\t<\/div>\n\t\t\t<div class=\"cards-wrapper\">\n\t\t\t    \n<div id=\"acf-block-65831a007e9b3\" class=\"card card-centered\" data-muted-autoplay=\"false\">\n    \t    \n\n                    <img decoding=\"async\" class=\"card-image\" src=\"https:\/\/pku.biomarin.com\/fr-fr\/liveunlimited\/wp-content\/uploads\/sites\/9\/2024\/01\/86_orange.png?v=0.74\" alt=\"\" \/>        \n\t    <div class=\"card-content\">\n                            <h4>d\u00e9clarent que respecter leur r\u00e9gime alimentaire strict leur a demand\u00e9 des \u00ab efforts significatifs \u00bb\n<\/h4>\n        \n                                                            <\/div>\n<\/div>\n\n<div id=\"acf-block-65831a007ea41\" class=\"card card-centered\" data-muted-autoplay=\"false\">\n    \t    \n\n                    <img decoding=\"async\" class=\"card-image\" src=\"https:\/\/pku.biomarin.com\/fr-fr\/liveunlimited\/wp-content\/uploads\/sites\/9\/2024\/01\/34_orange.png?v=0.74\" alt=\"\" \/>        \n\t    <div class=\"card-content\">\n                            <h4>disent conna\u00eetre des difficult\u00e9s relationnelles avec leurs amis, leur famille ou leur conjoint(e)\n<\/h4>\n        \n                                                            <\/div>\n<\/div>\n\n<div id=\"acf-block-65831a007ea9e\" class=\"card card-centered\" data-muted-autoplay=\"false\">\n    \t    \n\n                    <img decoding=\"async\" class=\"card-image\" src=\"https:\/\/pku.biomarin.com\/fr-fr\/liveunlimited\/wp-content\/uploads\/sites\/9\/2024\/01\/44_orange.png?v=0.74\" alt=\"\" \/>        \n\t    <div class=\"card-content\">\n                            <h4>se trouvent dans une situation d\u2019exclusion sociale\n<\/h4>\n        \n                                                            <\/div>\n<\/div>\n\t\t\t<\/div>\n\t\t<\/div>\n\t<\/div>\n<\/div>\n\n<div id=\"acf-block-65831a007ed45\" class=\"block wrapped-content bg-band bg-band-secondary block-zero-top\">\n    <div class=\"wrapper\">\n        <div class=\"inner-wrapper\">\n                \n<div id=\"acf-block-65831a007ee95\" class=\"block-wysiwyg\">\n            <h4 style=\"text-align: center\">Si vous vivez avec une PCU, nous trouverez plus d\u2019informations sur les services de soutien aux patients <a href=\"http:\/\/pku.biomarin.com\/fr-fr\/liveunlimited\/soutien-des-patients\/\">ici<\/a><\/h4>\n    <\/div>\n        <\/div>\n    <\/div>\n<\/div>\n\n<div id=\"acf-block-6548cf57e294a\" class=\"block split-content equal-bias\" data-muted-autoplay=\"false\">\n\t<div class=\"wrapper\">\n\t\t<div class=\"inner-wrapper\">\n\t\t                                                                <div class=\"content-block first-block\">\n                                                                                                <h2>Les choses doivent changer.<\/h2>\n<p>La campagne \u00ab Live Unlimited \u00bb (une vie sans restrictions) a pour but de sensibiliser au sujet de cette maladie chronique, la PCU, et de soutenir tous ceux qui vivent avec la maladie pour que, ensemble, nous appelions les d\u00e9cideurs politiques \u00e0 am\u00e9liorer l\u2019acc\u00e8s des adultes aux sp\u00e9cialistes et \u00e0 un suivi r\u00e9gulier.<\/p>\n<p>En collaboration avec les associations de patients dans toute l\u2019Europe, nous lan\u00e7ons un appel pour que tous les adultes atteints de PCU, partout en Europe, puissent acc\u00e9der \u00e0 des sp\u00e9cialistes du m\u00e9tabolisme, des di\u00e9t\u00e9ticiens et un soutien psychologique \u2013 comme pr\u00e9conis\u00e9 par les directives europ\u00e9ennes de 2017 sur la PCU<sup>1<\/sup>.<\/p>\n                                                                                                                                                                                                                                                                                                                                                                                                                                                                        <p><a class=\"button button-download\" href=\"https:\/\/pku.biomarin.com\/fr-fr\/liveunlimited\/wp-content\/uploads\/sites\/9\/2024\/01\/meme-generator_fr.jpg?v=0.74\" target=\"_blank\">T\u00e9l\u00e9charger<\/a><\/p>\n                                                                                                                        <\/div>\n                    \n                                            <div class=\"content-block second-block\">\n                                                                                                                                                                                                                                                                                    \n                                    \n                                                                                                                \n                                    \n                                    <figure>\n                                        <div class=\"image image-rounded\">\n                                                                                            <img decoding=\"async\" class=\"\" src=\"https:\/\/pku.biomarin.com\/fr-fr\/liveunlimited\/wp-content\/uploads\/sites\/9\/2024\/01\/meme-generator_fr.jpg?v=0.74\" alt=\"\" \/>                                                                                    <\/div>\n                                                                            <\/figure>\n                                                                                    <\/div>\n                                                \t\t<\/div>\n\t<\/div>\n<\/div>\n\n<div id=\"acf-block-6548cf57e2c9b\" class=\"block references\">\n    <div class=\"wrapper\">\n\t\t<div class=\"inner-wrapper\">\n\t\t    \t\t\t    <h4>R\u00e9f\u00e9rences:\n<\/h4>\n\t\t\t\t\t\t                <ol>\n                                                                                                                        <li><span>Wegberg AMJ, MacDonald A, Ahring K, et al. The complete European guidelines on phenylketonuria: diagnosis and treatment. Orphanet J Rare Dis. 2017;12(1):162. October 2017.\n<\/span><\/li>\n                                                                                                                                                <li><span>Bilder DA et Al. Systematic Review and Meta-Analysis of Neuropsychiatric Symptoms and Executive Functioning in Adults With Phenylketonuria. Dev Neuropsychol<a href=\"https:\/\/www.ncbi.nlm.nih.gov\/pubmed\/27805419\">.<\/a> 2016 May-Jun;41(4):245-260.\n<\/span><\/li>\n                                                                                                                                                <li><span>Blau et Al. Management of phenylketonuria in Europe: Survey results from 19 countries. Molecular Genetics and Metabolism 99 (2010) 109\u2013115\n<\/span><\/li>\n                                                                                                                                                <li><span>Ford, S. et Al. Living with Phenylketonuria: Lessons from the PKU community. Molecular Genetics and Metabolism Report. 2018\n<\/span><\/li>\n                                                                                                                                                <li><span>BioMarin a demand\u00e9 \u00e0 la soci\u00e9t\u00e9 de sondage Alligator de mener une enqu\u00eate en ligne en six questions sur des \u00e9chantillons repr\u00e9sentatifs nationaux du Royaume-Uni, de la France, d\u2019Allemagne, d\u2019Italie, d\u2019Espagne, de Su\u00e8de, des Pays-Bas et de Turquie, avec un total de 4 151 r\u00e9pondants. entre le 1er et le 6 juin 2019. Il a \u00e9t\u00e9 demand\u00e9 aux r\u00e9pondants de noter six \u00e9tapes importantes dans leur vie, sur une \u00e9chelle de 5 points allant de \u00abPas du tout\u00bb stressant \u00e0 \u00abExtr\u00eamement\u00bb stressant. Nombre total de r\u00e9pondants ayant un probl\u00e8me de sant\u00e9 sous-jacent: 1 932. Au total, 130 patients atteints de PCU ont \u00e9t\u00e9 recueillis s\u00e9par\u00e9ment en partenariat avec des groupes de patients en Italie, en Su\u00e8de, en Espagne, en Turquie et aux Pays-Bas.\n<\/span><\/li>\n                                                            <\/ol>\n\t\t\t\t\t<\/div>\n\t<\/div>\n<\/div>","protected":false},"excerpt":{"rendered":"","protected":false},"author":1,"featured_media":0,"parent":0,"menu_order":0,"comment_status":"closed","ping_status":"closed","template":"","meta":{"_acf_changed":false,"inline_featured_image":false,"footnotes":""},"class_list":["post-6","page","type-page","status-publish","hentry"],"acf":[],"yoast_head":"<!-- This site is optimized with the Yoast SEO plugin v27.1.1 - https:\/\/yoast.com\/product\/yoast-seo-wordpress\/ -->\n<title>Page d\u2019accueil | Live Unlimited PKU<\/title>\n<meta name=\"description\" content=\"La campagne Live Unlimited PKU est lanc\u00e9e pour sensibiliser \u00e0 la PCU et aux d\u00e9fis auxquels les adultes vivant avec la maladie sont confront\u00e9s au quotidien.\" \/>\n<meta name=\"robots\" content=\"index, follow, max-snippet:-1, max-image-preview:large, max-video-preview:-1\" \/>\n<link rel=\"canonical\" href=\"https:\/\/pku.biomarin.com\/fr-fr\/liveunlimited\/\" \/>\n<meta property=\"og:locale\" content=\"fr_FR\" \/>\n<meta property=\"og:type\" content=\"article\" \/>\n<meta property=\"og:title\" content=\"Page d\u2019accueil | Live Unlimited PKU\" \/>\n<meta property=\"og:description\" content=\"La campagne Live Unlimited PKU est lanc\u00e9e pour sensibiliser \u00e0 la PCU et aux d\u00e9fis auxquels les adultes vivant avec la maladie sont confront\u00e9s au quotidien.\" \/>\n<meta property=\"og:url\" content=\"https:\/\/pku.biomarin.com\/fr-fr\/liveunlimited\/\" \/>\n<meta property=\"og:site_name\" content=\"BioMarin Live Unlimited FR-FR\" \/>\n<meta property=\"article:modified_time\" content=\"2024-12-05T22:59:51+00:00\" \/>\n<meta name=\"twitter:card\" content=\"summary_large_image\" \/>\n<script type=\"application\/ld+json\" class=\"yoast-schema-graph\">{\"@context\":\"https:\/\/schema.org\",\"@graph\":[{\"@type\":\"WebPage\",\"@id\":\"https:\/\/pku.biomarin.com\/fr-fr\/liveunlimited\/\",\"url\":\"https:\/\/pku.biomarin.com\/fr-fr\/liveunlimited\/\",\"name\":\"Page d\u2019accueil | Live Unlimited PKU\",\"isPartOf\":{\"@id\":\"https:\/\/pku.biomarin.com\/fr-fr\/liveunlimited\/#website\"},\"datePublished\":\"2023-10-31T15:24:45+00:00\",\"dateModified\":\"2024-12-05T22:59:51+00:00\",\"description\":\"La campagne Live Unlimited PKU est lanc\u00e9e pour sensibiliser \u00e0 la PCU et aux d\u00e9fis auxquels les adultes vivant avec la maladie sont confront\u00e9s au quotidien.\",\"breadcrumb\":{\"@id\":\"https:\/\/pku.biomarin.com\/fr-fr\/liveunlimited\/#breadcrumb\"},\"inLanguage\":\"fr-FR\",\"potentialAction\":[{\"@type\":\"ReadAction\",\"target\":[\"https:\/\/pku.biomarin.com\/fr-fr\/liveunlimited\/\"]}]},{\"@type\":\"BreadcrumbList\",\"@id\":\"https:\/\/pku.biomarin.com\/fr-fr\/liveunlimited\/#breadcrumb\",\"itemListElement\":[{\"@type\":\"ListItem\",\"position\":1,\"name\":\"Home\",\"item\":\"https:\/\/pku.biomarin.com\/fr-fr\/liveunlimited\/\"},{\"@type\":\"ListItem\",\"position\":2,\"name\":\"Page d\u2019accueil\"}]},{\"@type\":\"WebSite\",\"@id\":\"https:\/\/pku.biomarin.com\/fr-fr\/liveunlimited\/#website\",\"url\":\"https:\/\/pku.biomarin.com\/fr-fr\/liveunlimited\/\",\"name\":\"BioMarin Live Unlimited FR-FR\",\"description\":\"\",\"potentialAction\":[{\"@type\":\"SearchAction\",\"target\":{\"@type\":\"EntryPoint\",\"urlTemplate\":\"https:\/\/pku.biomarin.com\/fr-fr\/liveunlimited\/?s={search_term_string}\"},\"query-input\":{\"@type\":\"PropertyValueSpecification\",\"valueRequired\":true,\"valueName\":\"search_term_string\"}}],\"inLanguage\":\"fr-FR\"}]}<\/script>\n<!-- \/ Yoast SEO plugin. -->","yoast_head_json":{"title":"Page d\u2019accueil | Live Unlimited PKU","description":"La campagne Live Unlimited PKU est lanc\u00e9e pour sensibiliser \u00e0 la PCU et aux d\u00e9fis auxquels les adultes vivant avec la maladie sont confront\u00e9s au quotidien.","robots":{"index":"index","follow":"follow","max-snippet":"max-snippet:-1","max-image-preview":"max-image-preview:large","max-video-preview":"max-video-preview:-1"},"canonical":"https:\/\/pku.biomarin.com\/fr-fr\/liveunlimited\/","og_locale":"fr_FR","og_type":"article","og_title":"Page d\u2019accueil | Live Unlimited PKU","og_description":"La campagne Live Unlimited PKU est lanc\u00e9e pour sensibiliser \u00e0 la PCU et aux d\u00e9fis auxquels les adultes vivant avec la maladie sont confront\u00e9s au quotidien.","og_url":"https:\/\/pku.biomarin.com\/fr-fr\/liveunlimited\/","og_site_name":"BioMarin Live Unlimited FR-FR","article_modified_time":"2024-12-05T22:59:51+00:00","twitter_card":"summary_large_image","schema":{"@context":"https:\/\/schema.org","@graph":[{"@type":"WebPage","@id":"https:\/\/pku.biomarin.com\/fr-fr\/liveunlimited\/","url":"https:\/\/pku.biomarin.com\/fr-fr\/liveunlimited\/","name":"Page d\u2019accueil | Live Unlimited PKU","isPartOf":{"@id":"https:\/\/pku.biomarin.com\/fr-fr\/liveunlimited\/#website"},"datePublished":"2023-10-31T15:24:45+00:00","dateModified":"2024-12-05T22:59:51+00:00","description":"La campagne Live Unlimited PKU est lanc\u00e9e pour sensibiliser \u00e0 la PCU et aux d\u00e9fis auxquels les adultes vivant avec la maladie sont confront\u00e9s au quotidien.","breadcrumb":{"@id":"https:\/\/pku.biomarin.com\/fr-fr\/liveunlimited\/#breadcrumb"},"inLanguage":"fr-FR","potentialAction":[{"@type":"ReadAction","target":["https:\/\/pku.biomarin.com\/fr-fr\/liveunlimited\/"]}]},{"@type":"BreadcrumbList","@id":"https:\/\/pku.biomarin.com\/fr-fr\/liveunlimited\/#breadcrumb","itemListElement":[{"@type":"ListItem","position":1,"name":"Home","item":"https:\/\/pku.biomarin.com\/fr-fr\/liveunlimited\/"},{"@type":"ListItem","position":2,"name":"Page d\u2019accueil"}]},{"@type":"WebSite","@id":"https:\/\/pku.biomarin.com\/fr-fr\/liveunlimited\/#website","url":"https:\/\/pku.biomarin.com\/fr-fr\/liveunlimited\/","name":"BioMarin Live Unlimited FR-FR","description":"","potentialAction":[{"@type":"SearchAction","target":{"@type":"EntryPoint","urlTemplate":"https:\/\/pku.biomarin.com\/fr-fr\/liveunlimited\/?s={search_term_string}"},"query-input":{"@type":"PropertyValueSpecification","valueRequired":true,"valueName":"search_term_string"}}],"inLanguage":"fr-FR"}]}},"_links":{"self":[{"href":"https:\/\/pku.biomarin.com\/fr-fr\/liveunlimited\/wp-json\/wp\/v2\/pages\/6","targetHints":{"allow":["GET"]}}],"collection":[{"href":"https:\/\/pku.biomarin.com\/fr-fr\/liveunlimited\/wp-json\/wp\/v2\/pages"}],"about":[{"href":"https:\/\/pku.biomarin.com\/fr-fr\/liveunlimited\/wp-json\/wp\/v2\/types\/page"}],"author":[{"embeddable":true,"href":"https:\/\/pku.biomarin.com\/fr-fr\/liveunlimited\/wp-json\/wp\/v2\/users\/1"}],"replies":[{"embeddable":true,"href":"https:\/\/pku.biomarin.com\/fr-fr\/liveunlimited\/wp-json\/wp\/v2\/comments?post=6"}],"version-history":[{"count":161,"href":"https:\/\/pku.biomarin.com\/fr-fr\/liveunlimited\/wp-json\/wp\/v2\/pages\/6\/revisions"}],"predecessor-version":[{"id":1562,"href":"https:\/\/pku.biomarin.com\/fr-fr\/liveunlimited\/wp-json\/wp\/v2\/pages\/6\/revisions\/1562"}],"wp:attachment":[{"href":"https:\/\/pku.biomarin.com\/fr-fr\/liveunlimited\/wp-json\/wp\/v2\/media?parent=6"}],"curies":[{"name":"wp","href":"https:\/\/api.w.org\/{rel}","templated":true}]}}