{"id":57,"date":"2023-11-06T10:46:14","date_gmt":"2023-11-06T10:46:14","guid":{"rendered":"https:\/\/liveunlimitedpku-dev-001.azurewebsites.net\/fr-fr\/?page_id=57"},"modified":"2024-12-05T23:02:19","modified_gmt":"2024-12-05T23:02:19","slug":"temoignages-videos","status":"publish","type":"page","link":"https:\/\/pku.biomarin.com\/fr-fr\/liveunlimited\/temoignages-videos\/","title":{"rendered":"T\u00e9moignages vid\u00e9os"},"content":{"rendered":"<div id=\"acf-block-654a165d6aa7f\" class=\"hero hero-no-overlay pull-bottom\">\n            <div class=\"hero-background-image hero-background-image-desktop\" style=\"background-image: url(https:\/\/pku.biomarin.com\/fr-fr\/liveunlimited\/wp-content\/uploads\/sites\/9\/2023\/11\/paint-B.png?v=0.74);\"><\/div>\n\t    <div class=\"hero-background-image hero-background-image-mobile\" style=\"background-image: url(https:\/\/pku.biomarin.com\/fr-fr\/liveunlimited\/wp-content\/uploads\/sites\/9\/2023\/11\/Paint.png?v=0.74);\"><\/div>\n    \t<div class=\"overlay\"><\/div>\n\t<div class=\"wrapper\">\n\t\t<div class=\"inner-wrapper\">\n\t\t\t<div class=\"hero-content\">\n\t\t\t    \t\t\t\t    <span class=\"section-title\"> La vie est difficile si vous n\u2019avez pas les outils n\u00e9cessaires<\/span>\n\t\t\t\t\t\t\t\t\t\t\t\t\t\t\t\t    <h1>T\u00c9MOIGNAGES VID\u00c9OS\n<\/h1>\n\t\t\t\t\t\t\t\t\t\t\t\t    <p>Dans le cadre de la campagne \u00ab Live Unlimited \u00bb, nous avons parcouru l\u2019Europe \u00e0 la rencontre d\u2019adultes vivant avec <a href=\"http:\/\/pku.biomarin.com\/fr-fr\/liveunlimited\/quest-ce-que-la-pcu\/\">la PCU<\/a> et nous avons \u00e9cout\u00e9 leurs t\u00e9moignages concernant leur exp\u00e9rience, les difficult\u00e9s auxquelles ils sont confront\u00e9s et les mesures qu\u2019ils aimeraient voir mises en \u0153uvre pour am\u00e9liorer leur prise en charge.<\/p>\n<p>Ces t\u00e9moignages ont \u00e9t\u00e9 recueillis en collaboration avec les six associations de patients et leurs membres : ESPKU, AMMeC et Cometa A.S.M.M.E (Padua) (Italie), Les Feux Follets (France), Svenska PKU-f\u00f6reningen (Su\u00e8de), PKU Aile Derne\u011fi (Turquie), et FEEMH (Espagne).<\/p>\n\t\t\t\t\t\t\t\t\n                <p class=\"inline-buttons\">\n                                                        <\/p>\n\t\t\t\t\t\t\t<\/div>\n\t\t<\/div>\n\t<\/div>\n<\/div>\n\n\n<div id=\"acf-block-654a165d6add4\" class=\"block boxed-content boxed-content-white\">\n\t<div class=\"wrapper\">\n\t\t<div class=\"inner-wrapper\">\n\t\t\t<div class=\"box\">\n\t\t\t\t\t\t\t\t\n<div id=\"acf-block-654a165d6b438\" class=\"image-text-block content-align-center bottom-border\">\n            <div class=\"image-block medium\">\n            <figure>\n                <div class=\"image image-rounded\">\n                    <img decoding=\"async\" class=\"\" src=\"https:\/\/pku.biomarin.com\/fr-fr\/liveunlimited\/wp-content\/uploads\/sites\/9\/2023\/11\/Lal-572x390-1.png?v=0.74\" alt=\"\" \/>                <\/div>\n            <\/figure>\n        <\/div>\n        <div class=\"content-block\">\n                            <p><em>\u00abIl y a environ 10 000 patients atteints de PCU en Turquie et seulement 50 sp\u00e9cialistes du m\u00e9tabolisme pour s\u2019occuper d\u2019eux, pr\u00e9cise Lal. C\u2019est un gros probl\u00e8me ; nous manquons de m\u00e9decins et nous manquons de centres sp\u00e9cialis\u00e9s dans le m\u00e9tabolisme.\u00bb<\/em><\/p>\n                                            <p><a class=\"button button-arrow\" href=\"https:\/\/pku.biomarin.com\/fr-fr\/liveunlimited\/lal\/\" target=\"_self\">Regarder l&rsquo;histoire de lal<\/a><\/p>\n                        <\/div>\n<\/div>\n\n<div id=\"acf-block-654a165d6b3a9\" class=\"image-text-block content-align-center bottom-border\">\n            <div class=\"image-block medium\">\n            <figure>\n                <div class=\"image image-rounded\">\n                    <img decoding=\"async\" class=\"\" src=\"https:\/\/pku.biomarin.com\/fr-fr\/liveunlimited\/wp-content\/uploads\/sites\/9\/2023\/11\/Eva-572x390-1.png?v=0.74\" alt=\"\" \/>                <\/div>\n            <\/figure>\n        <\/div>\n        <div class=\"content-block\">\n                            <p><em>\u00abJ\u2019avais l\u2019impression que plus je vieillissais, moins je recevais d\u2019attention. Il est de plus en plus d\u00e9routant de ne pas savoir ce qui vous attend. Qui sera mon m\u00e9decin ? Qui vais-je voir ? Qui est au courant de mes analyses sanguines ? Juste une grande confusion g\u00e9n\u00e9rale, je pense. Entre 18 et 20 ans, mon \u00e2ge actuel, j\u2019\u00e9tais encore suivie comme une patiente p\u00e9diatrique, m\u00eame si techniquement j\u2019\u00e9tais d\u00e9j\u00e0 adulte\u00bb<\/em><\/p>\n                                            <p><a class=\"button button-arrow\" href=\"https:\/\/pku.biomarin.com\/fr-fr\/liveunlimited\/eva\/\" target=\"_self\"> Regarder l&rsquo;histoire d&rsquo;Eva<\/a><\/p>\n                        <\/div>\n<\/div>\n\n<div id=\"acf-block-654a165d6b1c6\" class=\"image-text-block content-align-center bottom-border\">\n            <div class=\"image-block medium\">\n            <figure>\n                <div class=\"image image-rounded\">\n                    <img decoding=\"async\" class=\"\" src=\"https:\/\/pku.biomarin.com\/fr-fr\/liveunlimited\/wp-content\/uploads\/sites\/9\/2023\/11\/Raquel-572x390-1.png?v=0.74\" alt=\"\" \/>                <\/div>\n            <\/figure>\n        <\/div>\n        <div class=\"content-block\">\n                            <p><em>\u00ab\u00a0Je pense que ce qui pr\u00e9occupe le plus les patients de mon \u00e2ge atteints de PCU, c&rsquo;est de savoir ce qui les attend \u00e0 l\u2019avenir. En ce qui me concerne, je fais partie de la premi\u00e8re g\u00e9n\u00e9ration d\u00e9pist\u00e9e \u00e0 la naissance ; alors, pour l\u2019instant, on ne dispose d\u2019aucune information sur une personne qui serait \u00e2g\u00e9e de 50 ans. C\u2019est assez effrayant, je ne sais pas \u00e0 quoi m\u2019attendre. La PCU est une maladie grave et si elle n\u2019est pas trait\u00e9e d\u00e8s le d\u00e9but, elle peut avoir des cons\u00e9quences.\u00a0\u00bb<\/em><\/p>\n                                            <p><a class=\"button button-arrow\" href=\"https:\/\/pku.biomarin.com\/fr-fr\/liveunlimited\/raquel\/\" target=\"_self\">Regarder l&rsquo;histoire de Raquel<\/a><\/p>\n                        <\/div>\n<\/div>\n\n<div id=\"acf-block-654a165d6b30a\" class=\"image-text-block content-align-center bottom-border\">\n            <div class=\"image-block medium\">\n            <figure>\n                <div class=\"image image-rounded\">\n                    <img decoding=\"async\" class=\"\" src=\"https:\/\/pku.biomarin.com\/fr-fr\/liveunlimited\/wp-content\/uploads\/sites\/9\/2023\/11\/Antoine-572x390-1.png?v=0.74\" alt=\"\" \/>                <\/div>\n            <\/figure>\n        <\/div>\n        <div class=\"content-block\">\n                            <p><em>\u00ab\u00a0La PCU est une maladie grave car, si elle n\u2019est pas d\u00e9pist\u00e9e \u00e0 la naissance, ses cons\u00e9quences sont vraiment dramatiques. Elle peut entra\u00eener un handicap physique ou mental.\u00a0\u00bb<\/em><\/p>\n                                            <p><a class=\"button button-arrow\" href=\"https:\/\/pku.biomarin.com\/fr-fr\/liveunlimited\/antoine\/\" target=\"_self\"> Regarder l&rsquo;histoire d&rsquo;Antoine<\/a><\/p>\n                        <\/div>\n<\/div>\n\n<div id=\"acf-block-654a165d6b26a\" class=\"image-text-block content-align-center bottom-border\">\n            <div class=\"image-block medium\">\n            <figure>\n                <div class=\"image image-rounded\">\n                    <img decoding=\"async\" class=\"\" src=\"https:\/\/pku.biomarin.com\/fr-fr\/liveunlimited\/wp-content\/uploads\/sites\/9\/2024\/05\/nico-small-v2.jpg?v=0.74\" alt=\"\" \/>                <\/div>\n            <\/figure>\n        <\/div>\n        <div class=\"content-block\">\n                            <p><em>\u00ab\u00a0La PCU n\u2019est pas une maladie de l\u2019enfance. Si elle est trait\u00e9e comme une maladie de l\u2019enfance, c\u2019est en raison d\u2019un manque de consid\u00e9ration total pour les adultes. Ils font leur analyse de sang une fois par an et, le reste de l\u2019ann\u00e9e, ils ignorent tout de leur maladie.\u00a0\u00bb<\/em><\/p>\n                                            <p><a class=\"button button-arrow\" href=\"https:\/\/pku.biomarin.com\/fr-fr\/liveunlimited\/nicolo\/\" target=\"_self\">Regarder l&rsquo;histoire de Nicolo<\/a><\/p>\n                        <\/div>\n<\/div>\n\t\t\t<\/div>\n\t\t<\/div>\n\t<\/div>\n<\/div>","protected":false},"excerpt":{"rendered":"","protected":false},"author":2,"featured_media":0,"parent":0,"menu_order":0,"comment_status":"closed","ping_status":"closed","template":"","meta":{"_acf_changed":false,"inline_featured_image":false,"footnotes":""},"class_list":["post-57","page","type-page","status-publish","hentry"],"acf":[],"yoast_head":"<!-- This site is optimized with the Yoast SEO plugin v27.1.1 - https:\/\/yoast.com\/product\/yoast-seo-wordpress\/ -->\n<title>T\u00e9moignages vid\u00e9os | Live Unlimited PKU<\/title>\n<meta name=\"description\" content=\"Dans le cadre de la campagne Live Unlimited PKU, nous avons voyag\u00e9 \u00e0 travers l&#039;Europe pour rencontrer des adultes vivant avec la PCU et entendre les r\u00e9cits de leurs exp\u00e9riences.\" \/>\n<meta name=\"robots\" content=\"index, follow, max-snippet:-1, max-image-preview:large, max-video-preview:-1\" \/>\n<link rel=\"canonical\" href=\"https:\/\/pku.biomarin.com\/fr-fr\/liveunlimited\/temoignages-videos\/\" \/>\n<meta property=\"og:locale\" content=\"fr_FR\" \/>\n<meta property=\"og:type\" content=\"article\" \/>\n<meta property=\"og:title\" content=\"T\u00e9moignages vid\u00e9os | Live Unlimited PKU\" \/>\n<meta property=\"og:description\" content=\"Dans le cadre de la campagne Live Unlimited PKU, nous avons voyag\u00e9 \u00e0 travers l&#039;Europe pour rencontrer des adultes vivant avec la PCU et entendre les r\u00e9cits de leurs exp\u00e9riences.\" \/>\n<meta property=\"og:url\" content=\"https:\/\/pku.biomarin.com\/fr-fr\/liveunlimited\/temoignages-videos\/\" \/>\n<meta property=\"og:site_name\" content=\"BioMarin Live Unlimited FR-FR\" \/>\n<meta property=\"article:modified_time\" content=\"2024-12-05T23:02:19+00:00\" \/>\n<meta name=\"twitter:card\" content=\"summary_large_image\" \/>\n<script type=\"application\/ld+json\" class=\"yoast-schema-graph\">{\"@context\":\"https:\/\/schema.org\",\"@graph\":[{\"@type\":\"WebPage\",\"@id\":\"https:\/\/pku.biomarin.com\/fr-fr\/liveunlimited\/temoignages-videos\/\",\"url\":\"https:\/\/pku.biomarin.com\/fr-fr\/liveunlimited\/temoignages-videos\/\",\"name\":\"T\u00e9moignages vid\u00e9os | Live Unlimited PKU\",\"isPartOf\":{\"@id\":\"https:\/\/pku.biomarin.com\/fr-fr\/liveunlimited\/#website\"},\"datePublished\":\"2023-11-06T10:46:14+00:00\",\"dateModified\":\"2024-12-05T23:02:19+00:00\",\"description\":\"Dans le cadre de la campagne Live Unlimited PKU, nous avons voyag\u00e9 \u00e0 travers l'Europe pour rencontrer des adultes vivant avec la PCU et entendre les r\u00e9cits de leurs exp\u00e9riences.\",\"breadcrumb\":{\"@id\":\"https:\/\/pku.biomarin.com\/fr-fr\/liveunlimited\/temoignages-videos\/#breadcrumb\"},\"inLanguage\":\"fr-FR\",\"potentialAction\":[{\"@type\":\"ReadAction\",\"target\":[\"https:\/\/pku.biomarin.com\/fr-fr\/liveunlimited\/temoignages-videos\/\"]}]},{\"@type\":\"BreadcrumbList\",\"@id\":\"https:\/\/pku.biomarin.com\/fr-fr\/liveunlimited\/temoignages-videos\/#breadcrumb\",\"itemListElement\":[{\"@type\":\"ListItem\",\"position\":1,\"name\":\"Home\",\"item\":\"https:\/\/pku.biomarin.com\/fr-fr\/liveunlimited\/\"},{\"@type\":\"ListItem\",\"position\":2,\"name\":\"T\u00e9moignages vid\u00e9os\"}]},{\"@type\":\"WebSite\",\"@id\":\"https:\/\/pku.biomarin.com\/fr-fr\/liveunlimited\/#website\",\"url\":\"https:\/\/pku.biomarin.com\/fr-fr\/liveunlimited\/\",\"name\":\"BioMarin Live Unlimited FR-FR\",\"description\":\"\",\"potentialAction\":[{\"@type\":\"SearchAction\",\"target\":{\"@type\":\"EntryPoint\",\"urlTemplate\":\"https:\/\/pku.biomarin.com\/fr-fr\/liveunlimited\/?s={search_term_string}\"},\"query-input\":{\"@type\":\"PropertyValueSpecification\",\"valueRequired\":true,\"valueName\":\"search_term_string\"}}],\"inLanguage\":\"fr-FR\"}]}<\/script>\n<!-- \/ Yoast SEO plugin. -->","yoast_head_json":{"title":"T\u00e9moignages vid\u00e9os | Live Unlimited PKU","description":"Dans le cadre de la campagne Live Unlimited PKU, nous avons voyag\u00e9 \u00e0 travers l'Europe pour rencontrer des adultes vivant avec la PCU et entendre les r\u00e9cits de leurs exp\u00e9riences.","robots":{"index":"index","follow":"follow","max-snippet":"max-snippet:-1","max-image-preview":"max-image-preview:large","max-video-preview":"max-video-preview:-1"},"canonical":"https:\/\/pku.biomarin.com\/fr-fr\/liveunlimited\/temoignages-videos\/","og_locale":"fr_FR","og_type":"article","og_title":"T\u00e9moignages vid\u00e9os | Live Unlimited PKU","og_description":"Dans le cadre de la campagne Live Unlimited PKU, nous avons voyag\u00e9 \u00e0 travers l'Europe pour rencontrer des adultes vivant avec la PCU et entendre les r\u00e9cits de leurs exp\u00e9riences.","og_url":"https:\/\/pku.biomarin.com\/fr-fr\/liveunlimited\/temoignages-videos\/","og_site_name":"BioMarin Live Unlimited FR-FR","article_modified_time":"2024-12-05T23:02:19+00:00","twitter_card":"summary_large_image","schema":{"@context":"https:\/\/schema.org","@graph":[{"@type":"WebPage","@id":"https:\/\/pku.biomarin.com\/fr-fr\/liveunlimited\/temoignages-videos\/","url":"https:\/\/pku.biomarin.com\/fr-fr\/liveunlimited\/temoignages-videos\/","name":"T\u00e9moignages vid\u00e9os | Live Unlimited PKU","isPartOf":{"@id":"https:\/\/pku.biomarin.com\/fr-fr\/liveunlimited\/#website"},"datePublished":"2023-11-06T10:46:14+00:00","dateModified":"2024-12-05T23:02:19+00:00","description":"Dans le cadre de la campagne Live Unlimited PKU, nous avons voyag\u00e9 \u00e0 travers l'Europe pour rencontrer des adultes vivant avec la PCU et entendre les r\u00e9cits de leurs exp\u00e9riences.","breadcrumb":{"@id":"https:\/\/pku.biomarin.com\/fr-fr\/liveunlimited\/temoignages-videos\/#breadcrumb"},"inLanguage":"fr-FR","potentialAction":[{"@type":"ReadAction","target":["https:\/\/pku.biomarin.com\/fr-fr\/liveunlimited\/temoignages-videos\/"]}]},{"@type":"BreadcrumbList","@id":"https:\/\/pku.biomarin.com\/fr-fr\/liveunlimited\/temoignages-videos\/#breadcrumb","itemListElement":[{"@type":"ListItem","position":1,"name":"Home","item":"https:\/\/pku.biomarin.com\/fr-fr\/liveunlimited\/"},{"@type":"ListItem","position":2,"name":"T\u00e9moignages vid\u00e9os"}]},{"@type":"WebSite","@id":"https:\/\/pku.biomarin.com\/fr-fr\/liveunlimited\/#website","url":"https:\/\/pku.biomarin.com\/fr-fr\/liveunlimited\/","name":"BioMarin Live Unlimited FR-FR","description":"","potentialAction":[{"@type":"SearchAction","target":{"@type":"EntryPoint","urlTemplate":"https:\/\/pku.biomarin.com\/fr-fr\/liveunlimited\/?s={search_term_string}"},"query-input":{"@type":"PropertyValueSpecification","valueRequired":true,"valueName":"search_term_string"}}],"inLanguage":"fr-FR"}]}},"_links":{"self":[{"href":"https:\/\/pku.biomarin.com\/fr-fr\/liveunlimited\/wp-json\/wp\/v2\/pages\/57","targetHints":{"allow":["GET"]}}],"collection":[{"href":"https:\/\/pku.biomarin.com\/fr-fr\/liveunlimited\/wp-json\/wp\/v2\/pages"}],"about":[{"href":"https:\/\/pku.biomarin.com\/fr-fr\/liveunlimited\/wp-json\/wp\/v2\/types\/page"}],"author":[{"embeddable":true,"href":"https:\/\/pku.biomarin.com\/fr-fr\/liveunlimited\/wp-json\/wp\/v2\/users\/2"}],"replies":[{"embeddable":true,"href":"https:\/\/pku.biomarin.com\/fr-fr\/liveunlimited\/wp-json\/wp\/v2\/comments?post=57"}],"version-history":[{"count":56,"href":"https:\/\/pku.biomarin.com\/fr-fr\/liveunlimited\/wp-json\/wp\/v2\/pages\/57\/revisions"}],"predecessor-version":[{"id":1563,"href":"https:\/\/pku.biomarin.com\/fr-fr\/liveunlimited\/wp-json\/wp\/v2\/pages\/57\/revisions\/1563"}],"wp:attachment":[{"href":"https:\/\/pku.biomarin.com\/fr-fr\/liveunlimited\/wp-json\/wp\/v2\/media?parent=57"}],"curies":[{"name":"wp","href":"https:\/\/api.w.org\/{rel}","templated":true}]}}