{"id":55,"date":"2023-11-06T10:45:50","date_gmt":"2023-11-06T10:45:50","guid":{"rendered":"https:\/\/liveunlimitedpku-dev-001.azurewebsites.net\/fr-fr\/?page_id=55"},"modified":"2024-08-25T20:09:59","modified_gmt":"2024-08-25T20:09:59","slug":"ce-que-vous-pouvez-faire","status":"publish","type":"page","link":"https:\/\/pku.biomarin.com\/fr-fr\/liveunlimited\/ce-que-vous-pouvez-faire\/","title":{"rendered":"Ce que vous pouvez faire?"},"content":{"rendered":"<div id=\"acf-block-654a10d2ac6e4\" class=\"hero hero-no-overlay\">\n            <div class=\"hero-background-image hero-background-image-desktop\" style=\"background-image: url(https:\/\/pku.biomarin.com\/fr-fr\/liveunlimited\/wp-content\/uploads\/sites\/9\/2023\/11\/tup.png?v=0.74);\"><\/div>\n\t    <div class=\"hero-background-image hero-background-image-mobile\" style=\"background-image: url(https:\/\/pku.biomarin.com\/fr-fr\/liveunlimited\/wp-content\/uploads\/sites\/9\/2023\/11\/Tupperware.png?v=0.74);\"><\/div>\n    \t<div class=\"overlay\"><\/div>\n\t<div class=\"wrapper\">\n\t\t<div class=\"inner-wrapper\">\n\t\t\t<div class=\"hero-content\">\n\t\t\t    \t\t\t\t    <span class=\"section-title\"> La vie est difficile si vous n\u2019avez pas les outils n\u00e9cessaires<\/span>\n\t\t\t\t\t\t\t\t\t\t\t\t\t\t\t\t    <h1>CE QUE VOUS POUVEZ FAIRE?\n<\/h1>\n\t\t\t\t\t\t\t\t\t\t\t\t\n                <p class=\"inline-buttons\">\n                                                        <\/p>\n\t\t\t\t\t\t\t<\/div>\n\t\t<\/div>\n\t<\/div>\n<\/div>\n\n\n<div id=\"acf-block-654a10d2acb11\" class=\"block accordion\">\n\t<div class=\"wrapper\">\n\t\t<div class=\"inner-wrapper\">\n\t\t                                                                                <div class=\"accordion-item\">\n                        <div class=\"accordion-title\">\n                            <div class=\"accordion-trigger\">\n                                <span><\/span>\n                                <span><\/span>\n                            <\/div>\n                            <h2>Comment puis-je soutenir la campagne \u00ab Live Unlimited \u00bb sur les r\u00e9seaux sociaux ?\n<\/h2>\n                        <\/div>\n                        <div class=\"accordion-content\">\n                                                            <p>Vous pouvez :<\/p>\n<ul>\n<li>Envoyer un tweet \u00e0 votre responsable politique local au sujet de la campagne et de la PCU<\/li>\n<li>Partager et aimer les vid\u00e9os sur notre cha\u00eene YouTube<\/li>\n<li>Partager les messages de la campagne sur Facebook, Twitter et Instagram et retweeter les messages publi\u00e9s par les autres au sein de la communaut\u00e9 de la PCU<\/li>\n<li>Partager le lien vers notre site internet dans vos propres publications sur les r\u00e9seaux sociaux<\/li>\n<li>T\u00e9l\u00e9chargez une version sign\u00e9e de notre affiche de campagne <a href=\"https:\/\/pku.biomarin.com\/fr-fr\/liveunlimited\/\">ici<\/a><\/li>\n<\/ul>\n                                                    <\/div>\n                    <\/div>\n                                                                            <div class=\"accordion-item\">\n                        <div class=\"accordion-title\">\n                            <div class=\"accordion-trigger\">\n                                <span><\/span>\n                                <span><\/span>\n                            <\/div>\n                            <h2>Que puis-je faire d\u2019autre pour aider ?\n<\/h2>\n                        <\/div>\n                        <div class=\"accordion-content\">\n                                                            <p>Vous pouvez contribuer \u00e0 faire conna\u00eetre la campagne <strong>\u00ab Live Unlimited \u00bb<\/strong> et la PCU de bien d\u2019autres mani\u00e8res. Par exemple, vous pouvez demander un exemplaire de la brochure de la campagne ici et en diffuser le contenu aupr\u00e8s de vos coll\u00e8gues par e-mail, ou aborder le sujet de la PCU lors de vos d\u00eeners entre amis.<\/p>\n<p>Vous pouvez envoyer un e-mail \u00e0 <a href=\"mailto:LiveunlimitedPKU@bmrn.com\">LiveunlimitedPKU@bmrn.com<\/a> si vous souhaitez savoir comment vous impliquer autrement.<\/p>\n                                                    <\/div>\n                    <\/div>\n                                                                            <div class=\"accordion-item\">\n                        <div class=\"accordion-title\">\n                            <div class=\"accordion-trigger\">\n                                <span><\/span>\n                                <span><\/span>\n                            <\/div>\n                            <h2>O\u00f9 dois-je m\u2019adresser pour obtenir du soutien pour ma famille ou une personne atteinte de PCU que je connais ?\n<\/h2>\n                        <\/div>\n                        <div class=\"accordion-content\">\n                                                            <p>Si vous avez besoin d\u2019aide, de soutien ou de conseils, les associations de patients de votre pays sont les mieux plac\u00e9es pour vous accompagner. Consultez la page Soutien des patients pour voir les informations sur ces associations et le soutien qu\u2019elles peuvent apporter.<\/p>\n                                                    <\/div>\n                    <\/div>\n                                                                            <div class=\"accordion-item\">\n                        <div class=\"accordion-title\">\n                            <div class=\"accordion-trigger\">\n                                <span><\/span>\n                                <span><\/span>\n                            <\/div>\n                            <h2>Comment puis-je collecter des fonds ou faire un don aux organisations caritatives impliqu\u00e9es ?\n<\/h2>\n                        <\/div>\n                        <div class=\"accordion-content\">\n                                                            <p>La campagne <strong>\u00ab Live Unlimited \u00bb<\/strong> ne recueille pas de dons et ne collecte pas de fonds. Cependant, vous pouvez aller voir les sites internet de chacune des associations de patients pour savoir comment collecter des fonds et apporter d\u2019autres formes de soutien \u00e0 leurs activit\u00e9s. Vous trouverez leurs coordonn\u00e9es sur notre page Soutien des patients.<\/p>\n                                                    <\/div>\n                    <\/div>\n                                                                            <div class=\"accordion-item\">\n                        <div class=\"accordion-title\">\n                            <div class=\"accordion-trigger\">\n                                <span><\/span>\n                                <span><\/span>\n                            <\/div>\n                            <h2>O\u00f9 puis-je trouver des informations suppl\u00e9mentaires sur la PCU ?\n<\/h2>\n                        <\/div>\n                        <div class=\"accordion-content\">\n                                                            <p>Vous trouverez des informations suppl\u00e9mentaires concernant la maladie sur la page \u00c0 propos de la PCU. Vous pouvez \u00e9galement contacter l\u2019association de patients locale, dont vous trouverez les coordonn\u00e9es sur notre page Soutien des patients.<\/p>\n                                                    <\/div>\n                    <\/div>\n                            \t\t<\/div>\n\t<\/div>\n<\/div>","protected":false},"excerpt":{"rendered":"","protected":false},"author":2,"featured_media":0,"parent":0,"menu_order":0,"comment_status":"closed","ping_status":"closed","template":"","meta":{"_acf_changed":false,"inline_featured_image":false,"footnotes":""},"class_list":["post-55","page","type-page","status-publish","hentry"],"acf":[],"yoast_head":"<!-- This site is optimized with the Yoast SEO plugin v27.4 - https:\/\/yoast.com\/product\/yoast-seo-wordpress\/ -->\n<title>Ce que vous pouvez faire? | Live Unlimited PKU<\/title>\n<meta name=\"description\" content=\"Vous pouvez contribuer \u00e0 faire conna\u00eetre la campagne Live Unlimited et la PKU de nombreuses mani\u00e8res. Par exemple, partagez du contenu avec vos coll\u00e8gues par e-mail ou int\u00e9grez la PCU dans une conversation lors d&#039;un d\u00eener avec des amis.\" \/>\n<meta name=\"robots\" content=\"index, follow, max-snippet:-1, max-image-preview:large, max-video-preview:-1\" \/>\n<link rel=\"canonical\" href=\"https:\/\/pku.biomarin.com\/fr-fr\/liveunlimited\/ce-que-vous-pouvez-faire\/\" \/>\n<meta property=\"og:locale\" content=\"fr_FR\" \/>\n<meta property=\"og:type\" content=\"article\" \/>\n<meta property=\"og:title\" content=\"Ce que vous pouvez faire? | Live Unlimited PKU\" \/>\n<meta property=\"og:description\" content=\"Vous pouvez contribuer \u00e0 faire conna\u00eetre la campagne Live Unlimited et la PKU de nombreuses mani\u00e8res. Par exemple, partagez du contenu avec vos coll\u00e8gues par e-mail ou int\u00e9grez la PCU dans une conversation lors d&#039;un d\u00eener avec des amis.\" \/>\n<meta property=\"og:url\" content=\"https:\/\/pku.biomarin.com\/fr-fr\/liveunlimited\/ce-que-vous-pouvez-faire\/\" \/>\n<meta property=\"og:site_name\" content=\"BioMarin Live Unlimited FR-FR\" \/>\n<meta property=\"article:modified_time\" content=\"2024-08-25T20:09:59+00:00\" \/>\n<meta name=\"twitter:card\" content=\"summary_large_image\" \/>\n<script type=\"application\/ld+json\" class=\"yoast-schema-graph\">{\"@context\":\"https:\\\/\\\/schema.org\",\"@graph\":[{\"@type\":\"WebPage\",\"@id\":\"https:\\\/\\\/pku.biomarin.com\\\/fr-fr\\\/liveunlimited\\\/ce-que-vous-pouvez-faire\\\/\",\"url\":\"https:\\\/\\\/pku.biomarin.com\\\/fr-fr\\\/liveunlimited\\\/ce-que-vous-pouvez-faire\\\/\",\"name\":\"Ce que vous pouvez faire? | Live Unlimited PKU\",\"isPartOf\":{\"@id\":\"https:\\\/\\\/pku.biomarin.com\\\/fr-fr\\\/liveunlimited\\\/#website\"},\"datePublished\":\"2023-11-06T10:45:50+00:00\",\"dateModified\":\"2024-08-25T20:09:59+00:00\",\"description\":\"Vous pouvez contribuer \u00e0 faire conna\u00eetre la campagne Live Unlimited et la PKU de nombreuses mani\u00e8res. Par exemple, partagez du contenu avec vos coll\u00e8gues par e-mail ou int\u00e9grez la PCU dans une conversation lors d'un d\u00eener avec des amis.\",\"breadcrumb\":{\"@id\":\"https:\\\/\\\/pku.biomarin.com\\\/fr-fr\\\/liveunlimited\\\/ce-que-vous-pouvez-faire\\\/#breadcrumb\"},\"inLanguage\":\"fr-FR\",\"potentialAction\":[{\"@type\":\"ReadAction\",\"target\":[\"https:\\\/\\\/pku.biomarin.com\\\/fr-fr\\\/liveunlimited\\\/ce-que-vous-pouvez-faire\\\/\"]}]},{\"@type\":\"BreadcrumbList\",\"@id\":\"https:\\\/\\\/pku.biomarin.com\\\/fr-fr\\\/liveunlimited\\\/ce-que-vous-pouvez-faire\\\/#breadcrumb\",\"itemListElement\":[{\"@type\":\"ListItem\",\"position\":1,\"name\":\"Home\",\"item\":\"https:\\\/\\\/pku.biomarin.com\\\/fr-fr\\\/liveunlimited\\\/\"},{\"@type\":\"ListItem\",\"position\":2,\"name\":\"Ce que vous pouvez faire?\"}]},{\"@type\":\"WebSite\",\"@id\":\"https:\\\/\\\/pku.biomarin.com\\\/fr-fr\\\/liveunlimited\\\/#website\",\"url\":\"https:\\\/\\\/pku.biomarin.com\\\/fr-fr\\\/liveunlimited\\\/\",\"name\":\"BioMarin Live Unlimited FR-FR\",\"description\":\"\",\"potentialAction\":[{\"@type\":\"SearchAction\",\"target\":{\"@type\":\"EntryPoint\",\"urlTemplate\":\"https:\\\/\\\/pku.biomarin.com\\\/fr-fr\\\/liveunlimited\\\/?s={search_term_string}\"},\"query-input\":{\"@type\":\"PropertyValueSpecification\",\"valueRequired\":true,\"valueName\":\"search_term_string\"}}],\"inLanguage\":\"fr-FR\"}]}<\/script>\n<!-- \/ Yoast SEO plugin. -->","yoast_head_json":{"title":"Ce que vous pouvez faire? | Live Unlimited PKU","description":"Vous pouvez contribuer \u00e0 faire conna\u00eetre la campagne Live Unlimited et la PKU de nombreuses mani\u00e8res. Par exemple, partagez du contenu avec vos coll\u00e8gues par e-mail ou int\u00e9grez la PCU dans une conversation lors d'un d\u00eener avec des amis.","robots":{"index":"index","follow":"follow","max-snippet":"max-snippet:-1","max-image-preview":"max-image-preview:large","max-video-preview":"max-video-preview:-1"},"canonical":"https:\/\/pku.biomarin.com\/fr-fr\/liveunlimited\/ce-que-vous-pouvez-faire\/","og_locale":"fr_FR","og_type":"article","og_title":"Ce que vous pouvez faire? | Live Unlimited PKU","og_description":"Vous pouvez contribuer \u00e0 faire conna\u00eetre la campagne Live Unlimited et la PKU de nombreuses mani\u00e8res. Par exemple, partagez du contenu avec vos coll\u00e8gues par e-mail ou int\u00e9grez la PCU dans une conversation lors d'un d\u00eener avec des amis.","og_url":"https:\/\/pku.biomarin.com\/fr-fr\/liveunlimited\/ce-que-vous-pouvez-faire\/","og_site_name":"BioMarin Live Unlimited FR-FR","article_modified_time":"2024-08-25T20:09:59+00:00","twitter_card":"summary_large_image","schema":{"@context":"https:\/\/schema.org","@graph":[{"@type":"WebPage","@id":"https:\/\/pku.biomarin.com\/fr-fr\/liveunlimited\/ce-que-vous-pouvez-faire\/","url":"https:\/\/pku.biomarin.com\/fr-fr\/liveunlimited\/ce-que-vous-pouvez-faire\/","name":"Ce que vous pouvez faire? | Live Unlimited PKU","isPartOf":{"@id":"https:\/\/pku.biomarin.com\/fr-fr\/liveunlimited\/#website"},"datePublished":"2023-11-06T10:45:50+00:00","dateModified":"2024-08-25T20:09:59+00:00","description":"Vous pouvez contribuer \u00e0 faire conna\u00eetre la campagne Live Unlimited et la PKU de nombreuses mani\u00e8res. Par exemple, partagez du contenu avec vos coll\u00e8gues par e-mail ou int\u00e9grez la PCU dans une conversation lors d'un d\u00eener avec des amis.","breadcrumb":{"@id":"https:\/\/pku.biomarin.com\/fr-fr\/liveunlimited\/ce-que-vous-pouvez-faire\/#breadcrumb"},"inLanguage":"fr-FR","potentialAction":[{"@type":"ReadAction","target":["https:\/\/pku.biomarin.com\/fr-fr\/liveunlimited\/ce-que-vous-pouvez-faire\/"]}]},{"@type":"BreadcrumbList","@id":"https:\/\/pku.biomarin.com\/fr-fr\/liveunlimited\/ce-que-vous-pouvez-faire\/#breadcrumb","itemListElement":[{"@type":"ListItem","position":1,"name":"Home","item":"https:\/\/pku.biomarin.com\/fr-fr\/liveunlimited\/"},{"@type":"ListItem","position":2,"name":"Ce que vous pouvez faire?"}]},{"@type":"WebSite","@id":"https:\/\/pku.biomarin.com\/fr-fr\/liveunlimited\/#website","url":"https:\/\/pku.biomarin.com\/fr-fr\/liveunlimited\/","name":"BioMarin Live Unlimited FR-FR","description":"","potentialAction":[{"@type":"SearchAction","target":{"@type":"EntryPoint","urlTemplate":"https:\/\/pku.biomarin.com\/fr-fr\/liveunlimited\/?s={search_term_string}"},"query-input":{"@type":"PropertyValueSpecification","valueRequired":true,"valueName":"search_term_string"}}],"inLanguage":"fr-FR"}]}},"_links":{"self":[{"href":"https:\/\/pku.biomarin.com\/fr-fr\/liveunlimited\/wp-json\/wp\/v2\/pages\/55","targetHints":{"allow":["GET"]}}],"collection":[{"href":"https:\/\/pku.biomarin.com\/fr-fr\/liveunlimited\/wp-json\/wp\/v2\/pages"}],"about":[{"href":"https:\/\/pku.biomarin.com\/fr-fr\/liveunlimited\/wp-json\/wp\/v2\/types\/page"}],"author":[{"embeddable":true,"href":"https:\/\/pku.biomarin.com\/fr-fr\/liveunlimited\/wp-json\/wp\/v2\/users\/2"}],"replies":[{"embeddable":true,"href":"https:\/\/pku.biomarin.com\/fr-fr\/liveunlimited\/wp-json\/wp\/v2\/comments?post=55"}],"version-history":[{"count":33,"href":"https:\/\/pku.biomarin.com\/fr-fr\/liveunlimited\/wp-json\/wp\/v2\/pages\/55\/revisions"}],"predecessor-version":[{"id":1484,"href":"https:\/\/pku.biomarin.com\/fr-fr\/liveunlimited\/wp-json\/wp\/v2\/pages\/55\/revisions\/1484"}],"wp:attachment":[{"href":"https:\/\/pku.biomarin.com\/fr-fr\/liveunlimited\/wp-json\/wp\/v2\/media?parent=55"}],"curies":[{"name":"wp","href":"https:\/\/api.w.org\/{rel}","templated":true}]}}