{"id":534,"date":"2023-11-08T22:53:38","date_gmt":"2023-11-08T22:53:38","guid":{"rendered":"https:\/\/liveunlimitedpku-dev-001.azurewebsites.net\/fr-fr\/?page_id=534"},"modified":"2024-12-05T23:12:02","modified_gmt":"2024-12-05T23:12:02","slug":"nicolo","status":"publish","type":"page","link":"https:\/\/pku.biomarin.com\/fr-fr\/liveunlimited\/nicolo\/","title":{"rendered":"Nicolo"},"content":{"rendered":"<div id=\"acf-block-655214fe71cc1\" class=\"hero hero-no-overlay hero-large-first-para\">\n            <div class=\"hero-background-image hero-background-image-desktop\" style=\"background-image: url(https:\/\/pku.biomarin.com\/fr-fr\/liveunlimited\/wp-content\/uploads\/sites\/9\/2024\/05\/nicolo-v4.jpg?v=0.74);\"><\/div>\n\t    <div class=\"hero-background-image hero-background-image-mobile\" style=\"background-image: url(https:\/\/pku.biomarin.com\/fr-fr\/liveunlimited\/wp-content\/uploads\/sites\/9\/2024\/05\/nicolo-v4.jpg?v=0.74);\"><\/div>\n    \t<div class=\"overlay\"><\/div>\n\t<div class=\"wrapper\">\n\t\t<div class=\"inner-wrapper\">\n\t\t\t<div class=\"hero-content\">\n\t\t\t    \t\t\t\t    <span class=\"section-title\"> La vie est difficile si vous n\u2019avez pas les outils n\u00e9cessaires<\/span>\n\t\t\t\t\t\t\t\t\t\t\t\t\t\t\t\t    <h1>NICOLO\n<\/h1>\n\t\t\t\t\t\t\t\t\t\t\t\t    <p>Italie<\/p>\n<p>La PCU de Nicol\u00f2 n\u2019a \u00e9t\u00e9 diagnostiqu\u00e9e qu\u2019\u00e0 l\u2019\u00e2ge de 18 mois, ce qui inhabituel chez les patients atteints de PCU, la maladie \u00e9tant aujourd\u2019hui diagnostiqu\u00e9e chez la plupart des patients lors du d\u00e9pistage n\u00e9onatal, avant m\u00eame l\u2019apparition des effets nocifs de la maladie.<\/p>\n\t\t\t\t\t\t\t\t\n                <p class=\"inline-buttons\">\n                                                        <\/p>\n\t\t\t\t\t\t\t<\/div>\n\t\t<\/div>\n\t<\/div>\n<\/div>\n\n\n<div id=\"acf-block-655214fe71f68\" class=\"block next-previous block-tight-top\">\n    <div class=\"wrapper\">\n\t\t<div class=\"inner-wrapper\">\n            <div class=\"link link-prev\">\n                                    <p><a class=\"button button-text button-arrow button-arrow-left\" href=\"https:\/\/pku.biomarin.com\/fr-fr\/liveunlimited\/temoignages-videos\/\" target=\"_self\">Retour \u00e0 tous les t\u00e9moignages vid\u00e9os<\/a><\/p>\n                            <\/div>\n            <div class=\"link link-next\">\n                            <\/div>\n\t\t<\/div>\n\t<\/div>\n<\/div>\n\n<div id=\"acf-block-655214fe7213a\" class=\"block wrapped-content\">\n    <div class=\"wrapper\">\n        <div class=\"inner-wrapper\">\n                \n<div id=\"acf-block-655214fe72282\" class=\"block-wysiwyg\">\n            <h2>\u00ab M\u00eame si le diagnostic de PCU n\u2019avait pas \u00e9t\u00e9 officiellement pos\u00e9, mon corps en montrait les sympt\u00f4mes. \u00bb<\/h2>\n<p><strong>\u00ab Par exemple, si je mangeais de la cr\u00e8me glac\u00e9e, mon corps la rejetait. Quand je sortais de l\u2019\u00e9cole et que je mangeais une nourriture normale, j\u2019avais des probl\u00e8mes de comportement ; je me sentais triste et je me plaignais beaucoup. \u00bb<\/strong><\/p>\n<p>Les mois passaient et Nicol\u00f2 n\u2019allait toujours pas mieux, bien que sa m\u00e8re et lui soient all\u00e9s rencontrer de nombreux m\u00e9decins sp\u00e9cialistes de la g\u00e9n\u00e9tique \u00e0 travers l\u2019Italie en qu\u00eate de r\u00e9ponses. Tout au long de cette p\u00e9riode, Nicol\u00f2 a connu une s\u00e9v\u00e8re d\u00e9t\u00e9rioration de ses muscles et du langage, jusqu\u2019\u00e0 se retrouver incapable de marcher ou de parler, malgr\u00e9 des s\u00e9ances de r\u00e9\u00e9ducation. C\u2019est finalement son th\u00e9rapeute qui leur a recommand\u00e9 de tenter leur chance dans un centre m\u00e9dical p\u00e9diatrique sp\u00e9cialis\u00e9 dans les maladies rares \u00e0 Florence, o\u00f9 sa PCU a enfin \u00e9t\u00e9 diagnostiqu\u00e9e.<\/p>\n<p>L\u2019un des dangers, en cas de diagnostic tardif, r\u00e9side dans le fait que les sympt\u00f4mes de la PCU ne se manifestent pas toujours de fa\u00e7on imm\u00e9diate, si bien que les enfants peuvent continuer de consommer des prot\u00e9ines nocives pendant des ann\u00e9es avant de pr\u00e9senter des sympt\u00f4mes. \u00c0 ce stade, il peut \u00eatre trop tard pour endiguer les dommages c\u00e9r\u00e9braux.<\/p>\n<p>En d\u00e9pit de son diagnostic tardif, Nicol\u00f2 a eu de la chance.<\/p>\n<p><strong>\u00ab Mon exp\u00e9rience est tr\u00e8s diff\u00e9rente de celle des autres patients diagnostiqu\u00e9s tardivement, raconte-t-il. J\u2019en ai parl\u00e9 avec des amis \u00e0 travers l\u2019Europe et d\u2019autres patients diagnostiqu\u00e9s tardivement, qui eux ont eu des dommages c\u00e9r\u00e9braux et des difficult\u00e9s \u00e0 marcher durables. J\u2019ai eu beaucoup de chance que mon corps r\u00e9ponde aussi rapidement. \u00bb<\/strong><\/p>\n<p>\u00c0 la suite de ce diagnostic, la m\u00e8re et les grands-parents de Nicol\u00f2 ont r\u00e9agi en cr\u00e9ant l\u2019association AMMEC et en mettant en relation les patients atteints de PCU \u00e0 travers toute l\u2019Italie, l\u2019Europe et m\u00eame le Canada. Gr\u00e2ce \u00e0 cela, Nicol\u00f2 a pu s\u2019entourer d\u2019un r\u00e9seau de soutien avec d\u2019autres patients, ce qui peut se r\u00e9v\u00e9ler particuli\u00e8rement important pour voyager.<\/p>\n<p>Pour les patients atteints de PCU, les voyages sont souvent probl\u00e9matiques car les services de soutien disponibles sont limit\u00e9s \u00e0 l\u2019\u00e9tranger et chaque voyage n\u00e9cessite un niveau surhumain de pr\u00e9paration, les cons\u00e9quences pouvant \u00eatre d\u00e9sastreuses en cas de probl\u00e8me, d\u2019autant plus que Nicol\u00f2 g\u00e8re sa PCU uniquement en contr\u00f4lant son alimentation : \u00ab Je ne dois surtout rien oublier, c\u2019est dur. \u00bb<\/p>\n<p>L\u2019autre aspect de sa vie dans lequel Nicol\u00f2 s\u2019engage sans restrictions, ce sont ses \u00e9tudes.<\/p>\n<p>\u00c9tudiant en droit \u00e0 l\u2019universit\u00e9 de Sienne, Nicol\u00f2 \u00e9tudie le droit europ\u00e9en. Il esp\u00e8re pouvoir utiliser ses connaissances pour apporter des changements significatifs \u00e0 la l\u00e9gislation dans le domaine des maladies rares.<\/p>\n    <\/div>\n        <\/div>\n    <\/div>\n<\/div>\n\n<div id=\"acf-block-655214fe72e82\" class=\"block split-content equal-bias bottom-border\" data-muted-autoplay=\"false\">\n\t<div class=\"wrapper\">\n\t\t<div class=\"inner-wrapper\">\n\t\t                                                                <div class=\"content-block first-block\">\n                                                                                                <h3>\u00ab C\u2019est int\u00e9ressant de combiner ma passion pour le droit et ma passion pour les groupes sociaux. J\u2019ai le sentiment que nous avons besoin d\u2019une loi commune pour les personnes atteintes de maladies g\u00e9n\u00e9tiques. \u00bb<\/h3>\n                                                                                    <\/div>\n                    \n                                            <div class=\"content-block second-block\">\n                                                                                                                                                                                                                                                                                    \n                                    \n                                                                                                                \n                                    \n                                    <figure>\n                                        <div class=\"image image-rounded\">\n                                                                                            <img decoding=\"async\" class=\"\" src=\"https:\/\/pku.biomarin.com\/fr-fr\/liveunlimited\/wp-content\/uploads\/sites\/9\/2023\/11\/Nicolo-06518-768x512-1.jpg?v=0.74\" alt=\"\" \/>                                                                                    <\/div>\n                                                                            <\/figure>\n                                                                                    <\/div>\n                                                \t\t<\/div>\n\t<\/div>\n<\/div>\n\n<div id=\"acf-block-655214fe72ed8\" class=\"block wrapped-content\">\n    <div class=\"wrapper\">\n        <div class=\"inner-wrapper\">\n                \n<div id=\"acf-block-655214fe72f0c\" class=\"block-wysiwyg\">\n            <p>Cependant, malgr\u00e9 sa d\u00e9termination \u00e0 suivre son r\u00e9gime pour le contr\u00f4le de sa PCU, il sait que la PCU a un peu affect\u00e9 ses \u00e9tudes, en particulier lorsque ses taux de Phe sont trop \u00e9lev\u00e9s ou trop bas. <\/p>\n<p><strong>\u00ab Quand les taux sont parfaits, je suis tr\u00e8s concentr\u00e9 et je fais bien mon travail. Mais quand les taux sont bas ou hauts, il est tr\u00e8s difficile de me concentrer. \u00bb<\/strong><\/p>\n<p>Mais globalement, Nicol\u00f2 affirme que sa PCU fait partie de lui et que, moyennant une bonne prise en charge et le soutien des services m\u00e9dicaux, les patients atteints de PCU peuvent vivre pleinement leur vie.<\/p>\n<p>S\u2019il y a bien une chose dont il se sent s\u00fbr dans la vie, c\u2019est bien celle-l\u00e0.<\/p>\n<p>Fort de son exp\u00e9rience face aux difficult\u00e9s li\u00e9es \u00e0 la PCU, Nicol\u00f2 a l\u2019espoir que les maladies g\u00e9n\u00e9tiques susciteront un regain d\u2019int\u00e9r\u00eat en Europe et que des efforts seront faits pour garantir \u00e0 tous \u00e0 un acc\u00e8s \u00e9gal aux services de soutien.<\/p>\n<p><strong>\u00ab Rien qu\u2019en Italie, nous avons 20 r\u00e9gions diff\u00e9rentes, avec des situations tr\u00e8s variables. Dans de nombreux pays d\u2019Europe, les patients se trouvent dans des situations inconfortables. \u00bb<\/strong><\/p>\n<p>L\u2019une des principales difficult\u00e9s pour les patients atteints de PCU r\u00e9side dans la d\u00e9connexion entre les services d\u00e9di\u00e9s aux enfants et ceux d\u00e9di\u00e9s aux adultes. La PCU \u00e9tant souvent consid\u00e9r\u00e9e comme une maladie de l\u2019enfance, de nombreux adolescents se retrouvent d\u00e9munis \u00e0 l\u2019approche de l\u2019\u00e2ge adulte, ne sachant absolument pas ce qui les attend ensuite, alors qu\u2019ils traversent une p\u00e9riode charni\u00e8re de leur vie.<\/p>\n<p><strong>\u00ab La PCU n\u2019est pas une maladie de l\u2019enfance. Si elle est trait\u00e9e comme une maladie de l\u2019enfance, c\u2019est en raison d\u2019un manque de consid\u00e9ration total pour les adultes. Ils font leur analyse de sang une fois par an et, le reste de l\u2019ann\u00e9e, ils ignorent tout de leur maladie. \u00bb<\/strong><\/p>\n    <\/div>\n        <\/div>\n    <\/div>\n<\/div>\n\n<div id=\"acf-block-655214fe72fa0\" class=\"block split-content equal-bias bottom-border\" data-muted-autoplay=\"false\">\n\t<div class=\"wrapper\">\n\t\t<div class=\"inner-wrapper\">\n\t\t                                                                <div class=\"content-block first-block\">\n                                                                                                                                                                                                                                                <div class=\"video-poster\">\n\t\t\t                            <a class=\"modal-video permitted\" href=\"https:\/\/www.youtube.com\/watch?v=5A90QmVFSZ4\" style=\"background-image: url(https:\/\/pku.biomarin.com\/fr-fr\/liveunlimited\/wp-content\/uploads\/sites\/9\/2023\/11\/2023-11-13-12h32m24s837-1500x844.png);\">Play<\/a>\n\t\t                            <\/div>\n                                    \n                                                                                                                    \n                                                                                                                \n\t\t                                                                            <\/div>\n                    \n                                            <div class=\"content-block second-block\">\n                                                                                                <h3>Nicol\u00f2 pense que les adultes ont besoin de plus de services de soutien social de la part de leurs m\u00e9decins, ainsi et de contacts r\u00e9guliers.<\/h3>\n<p><em>\u00ab Si nous pouvions cr\u00e9er un lien avec les adultes et qu\u2019ils pouvaient voir leurs m\u00e9decins plus d\u2019une fois par an, une connexion pourrait s\u2019\u00e9tablir, laquelle changerait beaucoup de choses. C\u2019est tr\u00e8s difficile de g\u00e9rer une PCU tout seul. \u00bb<\/em><\/p>\n                                                                                    <\/div>\n                                                \t\t<\/div>\n\t<\/div>\n<\/div>\n\n<div id=\"acf-block-655214fe72ff8\" class=\"block next-previous\">\n    <div class=\"wrapper\">\n\t\t<div class=\"inner-wrapper\">\n            <div class=\"link link-prev\">\n                                    <p><a class=\"button button-text button-arrow button-arrow-left\" href=\"https:\/\/pku.biomarin.com\/fr-fr\/liveunlimited\/antoine\/\" target=\"_self\">Antoine<\/a><\/p>\n                            <\/div>\n            <div class=\"link link-next\">\n                            <\/div>\n\t\t<\/div>\n\t<\/div>\n<\/div>","protected":false},"excerpt":{"rendered":"","protected":false},"author":2,"featured_media":0,"parent":0,"menu_order":0,"comment_status":"closed","ping_status":"closed","template":"","meta":{"_acf_changed":false,"inline_featured_image":false,"footnotes":""},"class_list":["post-534","page","type-page","status-publish","hentry"],"acf":[],"yoast_head":"<!-- This site is optimized with the Yoast SEO plugin v27.1.1 - https:\/\/yoast.com\/product\/yoast-seo-wordpress\/ -->\n<title>Nicolo - BioMarin Live Unlimited FR-FR<\/title>\n<meta name=\"robots\" content=\"index, follow, max-snippet:-1, max-image-preview:large, max-video-preview:-1\" \/>\n<link rel=\"canonical\" href=\"https:\/\/pku.biomarin.com\/fr-fr\/liveunlimited\/nicolo\/\" \/>\n<meta property=\"og:locale\" content=\"fr_FR\" \/>\n<meta property=\"og:type\" content=\"article\" \/>\n<meta property=\"og:title\" content=\"Nicolo - BioMarin Live Unlimited FR-FR\" \/>\n<meta property=\"og:url\" content=\"https:\/\/pku.biomarin.com\/fr-fr\/liveunlimited\/nicolo\/\" \/>\n<meta property=\"og:site_name\" content=\"BioMarin Live Unlimited FR-FR\" \/>\n<meta property=\"article:modified_time\" content=\"2024-12-05T23:12:02+00:00\" \/>\n<meta name=\"twitter:card\" content=\"summary_large_image\" \/>\n<script type=\"application\/ld+json\" class=\"yoast-schema-graph\">{\"@context\":\"https:\/\/schema.org\",\"@graph\":[{\"@type\":\"WebPage\",\"@id\":\"https:\/\/pku.biomarin.com\/fr-fr\/liveunlimited\/nicolo\/\",\"url\":\"https:\/\/pku.biomarin.com\/fr-fr\/liveunlimited\/nicolo\/\",\"name\":\"Nicolo - BioMarin Live Unlimited FR-FR\",\"isPartOf\":{\"@id\":\"https:\/\/pku.biomarin.com\/fr-fr\/liveunlimited\/#website\"},\"datePublished\":\"2023-11-08T22:53:38+00:00\",\"dateModified\":\"2024-12-05T23:12:02+00:00\",\"breadcrumb\":{\"@id\":\"https:\/\/pku.biomarin.com\/fr-fr\/liveunlimited\/nicolo\/#breadcrumb\"},\"inLanguage\":\"fr-FR\",\"potentialAction\":[{\"@type\":\"ReadAction\",\"target\":[\"https:\/\/pku.biomarin.com\/fr-fr\/liveunlimited\/nicolo\/\"]}]},{\"@type\":\"BreadcrumbList\",\"@id\":\"https:\/\/pku.biomarin.com\/fr-fr\/liveunlimited\/nicolo\/#breadcrumb\",\"itemListElement\":[{\"@type\":\"ListItem\",\"position\":1,\"name\":\"Home\",\"item\":\"https:\/\/pku.biomarin.com\/fr-fr\/liveunlimited\/\"},{\"@type\":\"ListItem\",\"position\":2,\"name\":\"Nicolo\"}]},{\"@type\":\"WebSite\",\"@id\":\"https:\/\/pku.biomarin.com\/fr-fr\/liveunlimited\/#website\",\"url\":\"https:\/\/pku.biomarin.com\/fr-fr\/liveunlimited\/\",\"name\":\"BioMarin Live Unlimited FR-FR\",\"description\":\"\",\"potentialAction\":[{\"@type\":\"SearchAction\",\"target\":{\"@type\":\"EntryPoint\",\"urlTemplate\":\"https:\/\/pku.biomarin.com\/fr-fr\/liveunlimited\/?s={search_term_string}\"},\"query-input\":{\"@type\":\"PropertyValueSpecification\",\"valueRequired\":true,\"valueName\":\"search_term_string\"}}],\"inLanguage\":\"fr-FR\"}]}<\/script>\n<!-- \/ Yoast SEO plugin. -->","yoast_head_json":{"title":"Nicolo - BioMarin Live Unlimited FR-FR","robots":{"index":"index","follow":"follow","max-snippet":"max-snippet:-1","max-image-preview":"max-image-preview:large","max-video-preview":"max-video-preview:-1"},"canonical":"https:\/\/pku.biomarin.com\/fr-fr\/liveunlimited\/nicolo\/","og_locale":"fr_FR","og_type":"article","og_title":"Nicolo - BioMarin Live Unlimited FR-FR","og_url":"https:\/\/pku.biomarin.com\/fr-fr\/liveunlimited\/nicolo\/","og_site_name":"BioMarin Live Unlimited FR-FR","article_modified_time":"2024-12-05T23:12:02+00:00","twitter_card":"summary_large_image","schema":{"@context":"https:\/\/schema.org","@graph":[{"@type":"WebPage","@id":"https:\/\/pku.biomarin.com\/fr-fr\/liveunlimited\/nicolo\/","url":"https:\/\/pku.biomarin.com\/fr-fr\/liveunlimited\/nicolo\/","name":"Nicolo - BioMarin Live Unlimited FR-FR","isPartOf":{"@id":"https:\/\/pku.biomarin.com\/fr-fr\/liveunlimited\/#website"},"datePublished":"2023-11-08T22:53:38+00:00","dateModified":"2024-12-05T23:12:02+00:00","breadcrumb":{"@id":"https:\/\/pku.biomarin.com\/fr-fr\/liveunlimited\/nicolo\/#breadcrumb"},"inLanguage":"fr-FR","potentialAction":[{"@type":"ReadAction","target":["https:\/\/pku.biomarin.com\/fr-fr\/liveunlimited\/nicolo\/"]}]},{"@type":"BreadcrumbList","@id":"https:\/\/pku.biomarin.com\/fr-fr\/liveunlimited\/nicolo\/#breadcrumb","itemListElement":[{"@type":"ListItem","position":1,"name":"Home","item":"https:\/\/pku.biomarin.com\/fr-fr\/liveunlimited\/"},{"@type":"ListItem","position":2,"name":"Nicolo"}]},{"@type":"WebSite","@id":"https:\/\/pku.biomarin.com\/fr-fr\/liveunlimited\/#website","url":"https:\/\/pku.biomarin.com\/fr-fr\/liveunlimited\/","name":"BioMarin Live Unlimited FR-FR","description":"","potentialAction":[{"@type":"SearchAction","target":{"@type":"EntryPoint","urlTemplate":"https:\/\/pku.biomarin.com\/fr-fr\/liveunlimited\/?s={search_term_string}"},"query-input":{"@type":"PropertyValueSpecification","valueRequired":true,"valueName":"search_term_string"}}],"inLanguage":"fr-FR"}]}},"_links":{"self":[{"href":"https:\/\/pku.biomarin.com\/fr-fr\/liveunlimited\/wp-json\/wp\/v2\/pages\/534","targetHints":{"allow":["GET"]}}],"collection":[{"href":"https:\/\/pku.biomarin.com\/fr-fr\/liveunlimited\/wp-json\/wp\/v2\/pages"}],"about":[{"href":"https:\/\/pku.biomarin.com\/fr-fr\/liveunlimited\/wp-json\/wp\/v2\/types\/page"}],"author":[{"embeddable":true,"href":"https:\/\/pku.biomarin.com\/fr-fr\/liveunlimited\/wp-json\/wp\/v2\/users\/2"}],"replies":[{"embeddable":true,"href":"https:\/\/pku.biomarin.com\/fr-fr\/liveunlimited\/wp-json\/wp\/v2\/comments?post=534"}],"version-history":[{"count":52,"href":"https:\/\/pku.biomarin.com\/fr-fr\/liveunlimited\/wp-json\/wp\/v2\/pages\/534\/revisions"}],"predecessor-version":[{"id":1568,"href":"https:\/\/pku.biomarin.com\/fr-fr\/liveunlimited\/wp-json\/wp\/v2\/pages\/534\/revisions\/1568"}],"wp:attachment":[{"href":"https:\/\/pku.biomarin.com\/fr-fr\/liveunlimited\/wp-json\/wp\/v2\/media?parent=534"}],"curies":[{"name":"wp","href":"https:\/\/api.w.org\/{rel}","templated":true}]}}