{"id":59,"date":"2023-11-06T10:46:44","date_gmt":"2023-11-06T10:46:44","guid":{"rendered":"https:\/\/liveunlimitedpku-dev-001.azurewebsites.net\/es-es\/?page_id=59"},"modified":"2025-06-25T09:31:50","modified_gmt":"2025-06-25T09:31:50","slug":"apoyo-al-paciente","status":"publish","type":"page","link":"https:\/\/pku.biomarin.com\/es-es\/liveunlimited\/apoyo-al-paciente\/","title":{"rendered":"Apoyo al paciente"},"content":{"rendered":"<div id=\"acf-block-654a1d4db1c6f\" class=\"hero hero-no-overlay\">\n            <div class=\"hero-background-image hero-background-image-desktop\" style=\"background-image: url(https:\/\/pku.biomarin.com\/es-es\/liveunlimited\/wp-content\/uploads\/sites\/17\/2023\/11\/first-aidB.png?v=0.74);\"><\/div>\n\t    <div class=\"hero-background-image hero-background-image-mobile\" style=\"background-image: url(https:\/\/pku.biomarin.com\/es-es\/liveunlimited\/wp-content\/uploads\/sites\/17\/2023\/11\/First_Aid.png?v=0.74);\"><\/div>\n    \t<div class=\"overlay\"><\/div>\n\t<div class=\"wrapper\">\n\t\t<div class=\"inner-wrapper\">\n\t\t\t<div class=\"hero-content\">\n\t\t\t    \t\t\t\t    <span class=\"section-title\">La vida es complicada cuando no tienes las herramientas necesarias<\/span>\n\t\t\t\t\t\t\t\t\t\t\t\t\t\t\t\t    <h1>APOYO AL PACIENTE\n<\/h1>\n\t\t\t\t\t\t\t\t\t\t\t\t    <p>Esta campa\u00f1a ha sido financiada y desarrollada por BioMarin en colaboraci\u00f3n con seis grupos de pacientes y sus asociados: AMMeC y Cometa A.S.M.M.E (Padua) (Italia), Les Feux Follets (Francia), Svenska PKU-f\u00f6reningen (Suecia), PKU Aile Derne\u011fi (Turqu\u00eda) y FEMEH (Espa\u00f1a).<\/p>\n<p>Si desea obtener m\u00e1s informaci\u00f3n sobre las organizaciones de pacientes que han colaborado para crear e impulsar esta campa\u00f1a, el apoyo que ofrecen y el trabajo que realizan, puede ponerse en contacto con ellas utilizando los datos mostrados a continuaci\u00f3n.<\/p>\n\t\t\t\t\t\t\t\t\n                <p class=\"inline-buttons\">\n                                                        <\/p>\n\t\t\t\t\t\t\t<\/div>\n\t\t<\/div>\n\t<\/div>\n<\/div>\n\n\n<div id=\"acf-block-654a242f441ab\" class=\"block boxed-content boxed-content-white\">\n\t<div class=\"wrapper\">\n\t\t<div class=\"inner-wrapper\">\n\t\t\t<div class=\"box\">\n\t\t\t\t\t\t\t\t\n<div id=\"acf-block-654a242f446aa\" class=\"image-text-block content-align-center bottom-border\">\n        <div class=\"content-block\">\n                    <h3>Federaci\u00f3n Espa\u00f1ola de Enfermedades Metab\u00f3licas Hereditarias, (FEEMH)\n<\/h3>\n                            <p><strong>Espa\u00f1a<\/strong><\/p>\n<p>FEEMH es una asociaci\u00f3n espa\u00f1ola sin \u00e1nimo de lucro cuya finalidad es mejorar la calidad de vida de las personas con enfermedades metab\u00f3licas hereditarias. Esta asociaci\u00f3n consigue estos objetivos mediante talleres psicol\u00f3gicos y nutricionales, la provisi\u00f3n de subsidios para la adquisici\u00f3n de alimentos de bajo contenido prote\u00ednico, la concienciaci\u00f3n, la colaboraci\u00f3n en la investigaci\u00f3n y la expansi\u00f3n y la homogenizaci\u00f3n del cribado neonatal a nivel regional.<\/p>\n<p><a href=\"mailto:federacion@metabolicos.es\">federacion@metabolicos.es<\/a><\/p>\n<p><a href=\"tel:+34 910 82 88 20\">+34 910 82 88 20<\/a><\/p>\n                    <\/div>\n<\/div>\n\n<div id=\"acf-block-654a242f44575\" class=\"image-text-block content-align-center bottom-border\">\n        <div class=\"content-block\">\n                    <h3>AMMeC\n<\/h3>\n                            <p><strong>Italia<\/strong><\/p>\n<p>AMMeC (Associazione Malattie Metaboliche Congenite) es una asociaci\u00f3n italiana para las enfermedades neurometab\u00f3licas responsable de proporcionar apoyo a los pacientes y a sus familias. Los objetivos de la asociaci\u00f3n son promover un mayor conocimiento de las enfermedades metab\u00f3licas, estimular la investigaci\u00f3n cient\u00edfica m\u00e9dica y la prevenci\u00f3n, y garantizar la adecuada formaci\u00f3n de los m\u00e9dicos que atienden a pacientes con estas enfermedades<\/p>\n<p><a href=\"mailto:ammec@ammec.it\">ammec@ammec.it<\/a><\/p>\n<p><a href=\"tel:+39 349 7656574\">+39 349 7656574<\/a><\/p>\n                    <\/div>\n<\/div>\n\n<div id=\"acf-block-654a242f4461a\" class=\"image-text-block content-align-center bottom-border\">\n        <div class=\"content-block\">\n                    <h3>Cometa A.S.M.M.E (Padua)\n<\/h3>\n                            <p><strong>Italia<\/strong><\/p>\n<p>COMETA ASMME es una asociaci\u00f3n italiana para pacientes con enfermedades metab\u00f3licas, incluida la PKU. Esta asociaci\u00f3n tiene el compromiso de apoyar a las personas con enfermedades metab\u00f3licas hereditarias y promover la financiaci\u00f3n de la investigaci\u00f3n de las enfermedades metab\u00f3licas. Adem\u00e1s, Cometa ASMME se centra en aumentar la concienciaci\u00f3n p\u00fablica sobre la existencia y la gravedad de estas enfermedades y en hacer que las autoridades sanitarias tomen conciencia de la ayuda m\u00e9dica espec\u00edfica y continua que se necesita para que los pacientes puedan integrarse en la sociedad<\/p>\n<p><a href=\"mailto:info@cometaasmme.org\">info@cometaasmme.org<\/a><\/p>\n<p><a href=\"tel:049.8962825\">049.8962825<\/a><\/p>\n                    <\/div>\n<\/div>\n\n<div id=\"acf-block-654a242f44728\" class=\"image-text-block content-align-center bottom-border\">\n        <div class=\"content-block\">\n                    <h3>Svenska PKU-f\u00f6reningen\n<\/h3>\n                            <p><strong>Suecia<\/strong><\/p>\n<p>Svenska PKU-f\u00f6reningen es una organizaci\u00f3n sueca fundada en 1991 y forma parte de la Asociaci\u00f3n para el Diagn\u00f3stico de Enfermedades Raras. La asociaci\u00f3n tiene por finalidad mejorar la vida de los pacientes con PKU y de sus familias. Esto se refleja en los objetivos de la asociaci\u00f3n, tales como difundir informaci\u00f3n sobre la PKU, promover una gama m\u00e1s amplia de productos diet\u00e9ticos y trabajar para conseguir directrices claras sobre la PKU.<\/p>\n<p><a href=\"mailto:eva.falkcarlsson@pku.se\">eva.falkcarlsson@pku.se<\/a><\/p>\n<p><a href=\"mailto:marcus.strandepil@pku.se\">marcus.strandepil@pku.se<\/a><\/p>\n<p><a href=\"tel:+46 73 336 58 18\">+46 73 336 58 18<\/a><\/p>\n                    <\/div>\n<\/div>\n\n<div id=\"acf-block-654a242f447a9\" class=\"image-text-block content-align-center bottom-border\">\n        <div class=\"content-block\">\n                    <h3>PKU Aile Derne\u011fi\n<\/h3>\n                            <p><strong>Turqu\u00eda<\/strong><\/p>\n<p>PKU Aile Derne\u011fi es una asociaci\u00f3n turca para la PKU cuyos objetivos se centran en mejorar la vida de las personas con PKU. Estos objetivos son, entre otros, proporcionar formaci\u00f3n sobre el tratamiento de las personas con PKU, preparar e implementar programas especiales de informaci\u00f3n\/rehabilitaci\u00f3n para personas con discapacidades y trabajar en colaboraci\u00f3n con las instituciones pertinentes sobre los productos diet\u00e9ticos.<\/p>\n<p><a href=\"mailto:info@pkuaile.com\">info@pkuaile.com<\/a><\/p>\n<p><a href=\"tel:212 613 42 81\">212 613 42 81<\/a><\/p>\n                    <\/div>\n<\/div>\n\n<div id=\"acf-block-654a242f44825\" class=\"image-text-block content-align-center bottom-border\">\n        <div class=\"content-block\">\n                    <h3>Les Feux Follets\n<\/h3>\n                            <p><strong>Francia<\/strong><\/p>\n<p>Les Feux Follets es una asociaci\u00f3n nacional francesa de progenitores de ni\u00f1os y de adultos con enfermedades metab\u00f3licas hereditarias tratadas mediante una dieta estricta, incluida la PKU. El objetivo de esta asociaci\u00f3n es transmitir informaci\u00f3n cient\u00edfica y m\u00e9dica por medio de profesionales, proporcionar asesoramiento, permitir a las familias reunirse y compartir sus experiencias y proporcionar ayuda administrativa a las familias.<\/p>\n<p>Para Les Feux Follets es importante reunir a ni\u00f1os, adolescentes y adultos para ayudarlos y apoyarlos en su control diario de la enfermedad. Trabaja para conseguir este objetivo de muchas formas, por ejemplo, mediante la organizaci\u00f3n de talleres regionales sobre cocina\/enfermedad.<\/p>\n<p><a href=\"mailto:lesfeuxfollets@phenylcetonurie.org\">lesfeuxfollets@phenylcetonurie.org<\/a><\/p>\n<p><a href=\"tel:06 98 87 31 31\">06 98 87 31 31<\/a><\/p>\n                    <\/div>\n<\/div>\n\t\t\t<\/div>\n\t\t<\/div>\n\t<\/div>\n<\/div>","protected":false},"excerpt":{"rendered":"","protected":false},"author":2,"featured_media":0,"parent":0,"menu_order":0,"comment_status":"closed","ping_status":"closed","template":"","meta":{"_acf_changed":false,"inline_featured_image":false,"footnotes":""},"class_list":["post-59","page","type-page","status-publish","hentry"],"acf":[],"yoast_head":"<!-- This site is optimized with the Yoast SEO plugin v27.4 - https:\/\/yoast.com\/product\/yoast-seo-wordpress\/ -->\n<title>Apoyo al paciente | Live Unlimited PKU<\/title>\n<meta name=\"description\" content=\"Esta campa\u00f1a ha sido financiada y desarrollada por BioMarin en colaboraci\u00f3n con seis grupos de pacientes y sus membres\u00edas de pacientes.\" \/>\n<meta name=\"robots\" content=\"index, follow, max-snippet:-1, max-image-preview:large, max-video-preview:-1\" \/>\n<link rel=\"canonical\" href=\"https:\/\/pku.biomarin.com\/es-es\/liveunlimited\/apoyo-al-paciente\/\" \/>\n<meta property=\"og:locale\" content=\"es_ES\" \/>\n<meta property=\"og:type\" content=\"article\" \/>\n<meta property=\"og:title\" content=\"Apoyo al paciente | Live Unlimited PKU\" \/>\n<meta property=\"og:description\" content=\"Esta campa\u00f1a ha sido financiada y desarrollada por BioMarin en colaboraci\u00f3n con seis grupos de pacientes y sus membres\u00edas de pacientes.\" \/>\n<meta property=\"og:url\" content=\"https:\/\/pku.biomarin.com\/es-es\/liveunlimited\/apoyo-al-paciente\/\" \/>\n<meta property=\"og:site_name\" content=\"BioMarin Live Unlimited ES-ES\" \/>\n<meta property=\"article:modified_time\" content=\"2025-06-25T09:31:50+00:00\" \/>\n<meta name=\"twitter:card\" content=\"summary_large_image\" \/>\n<script type=\"application\/ld+json\" class=\"yoast-schema-graph\">{\"@context\":\"https:\\\/\\\/schema.org\",\"@graph\":[{\"@type\":\"WebPage\",\"@id\":\"https:\\\/\\\/pku.biomarin.com\\\/es-es\\\/liveunlimited\\\/apoyo-al-paciente\\\/\",\"url\":\"https:\\\/\\\/pku.biomarin.com\\\/es-es\\\/liveunlimited\\\/apoyo-al-paciente\\\/\",\"name\":\"Apoyo al paciente | Live Unlimited PKU\",\"isPartOf\":{\"@id\":\"https:\\\/\\\/pku.biomarin.com\\\/es-es\\\/liveunlimited\\\/#website\"},\"datePublished\":\"2023-11-06T10:46:44+00:00\",\"dateModified\":\"2025-06-25T09:31:50+00:00\",\"description\":\"Esta campa\u00f1a ha sido financiada y desarrollada por BioMarin en colaboraci\u00f3n con seis grupos de pacientes y sus membres\u00edas de pacientes.\",\"breadcrumb\":{\"@id\":\"https:\\\/\\\/pku.biomarin.com\\\/es-es\\\/liveunlimited\\\/apoyo-al-paciente\\\/#breadcrumb\"},\"inLanguage\":\"es\",\"potentialAction\":[{\"@type\":\"ReadAction\",\"target\":[\"https:\\\/\\\/pku.biomarin.com\\\/es-es\\\/liveunlimited\\\/apoyo-al-paciente\\\/\"]}]},{\"@type\":\"BreadcrumbList\",\"@id\":\"https:\\\/\\\/pku.biomarin.com\\\/es-es\\\/liveunlimited\\\/apoyo-al-paciente\\\/#breadcrumb\",\"itemListElement\":[{\"@type\":\"ListItem\",\"position\":1,\"name\":\"Home\",\"item\":\"https:\\\/\\\/pku.biomarin.com\\\/es-es\\\/liveunlimited\\\/\"},{\"@type\":\"ListItem\",\"position\":2,\"name\":\"Apoyo al paciente\"}]},{\"@type\":\"WebSite\",\"@id\":\"https:\\\/\\\/pku.biomarin.com\\\/es-es\\\/liveunlimited\\\/#website\",\"url\":\"https:\\\/\\\/pku.biomarin.com\\\/es-es\\\/liveunlimited\\\/\",\"name\":\"BioMarin Live Unlimited ES-ES\",\"description\":\"\",\"potentialAction\":[{\"@type\":\"SearchAction\",\"target\":{\"@type\":\"EntryPoint\",\"urlTemplate\":\"https:\\\/\\\/pku.biomarin.com\\\/es-es\\\/liveunlimited\\\/?s={search_term_string}\"},\"query-input\":{\"@type\":\"PropertyValueSpecification\",\"valueRequired\":true,\"valueName\":\"search_term_string\"}}],\"inLanguage\":\"es\"}]}<\/script>\n<!-- \/ Yoast SEO plugin. -->","yoast_head_json":{"title":"Apoyo al paciente | Live Unlimited PKU","description":"Esta campa\u00f1a ha sido financiada y desarrollada por BioMarin en colaboraci\u00f3n con seis grupos de pacientes y sus membres\u00edas de pacientes.","robots":{"index":"index","follow":"follow","max-snippet":"max-snippet:-1","max-image-preview":"max-image-preview:large","max-video-preview":"max-video-preview:-1"},"canonical":"https:\/\/pku.biomarin.com\/es-es\/liveunlimited\/apoyo-al-paciente\/","og_locale":"es_ES","og_type":"article","og_title":"Apoyo al paciente | Live Unlimited PKU","og_description":"Esta campa\u00f1a ha sido financiada y desarrollada por BioMarin en colaboraci\u00f3n con seis grupos de pacientes y sus membres\u00edas de pacientes.","og_url":"https:\/\/pku.biomarin.com\/es-es\/liveunlimited\/apoyo-al-paciente\/","og_site_name":"BioMarin Live Unlimited ES-ES","article_modified_time":"2025-06-25T09:31:50+00:00","twitter_card":"summary_large_image","schema":{"@context":"https:\/\/schema.org","@graph":[{"@type":"WebPage","@id":"https:\/\/pku.biomarin.com\/es-es\/liveunlimited\/apoyo-al-paciente\/","url":"https:\/\/pku.biomarin.com\/es-es\/liveunlimited\/apoyo-al-paciente\/","name":"Apoyo al paciente | Live Unlimited PKU","isPartOf":{"@id":"https:\/\/pku.biomarin.com\/es-es\/liveunlimited\/#website"},"datePublished":"2023-11-06T10:46:44+00:00","dateModified":"2025-06-25T09:31:50+00:00","description":"Esta campa\u00f1a ha sido financiada y desarrollada por BioMarin en colaboraci\u00f3n con seis grupos de pacientes y sus membres\u00edas de pacientes.","breadcrumb":{"@id":"https:\/\/pku.biomarin.com\/es-es\/liveunlimited\/apoyo-al-paciente\/#breadcrumb"},"inLanguage":"es","potentialAction":[{"@type":"ReadAction","target":["https:\/\/pku.biomarin.com\/es-es\/liveunlimited\/apoyo-al-paciente\/"]}]},{"@type":"BreadcrumbList","@id":"https:\/\/pku.biomarin.com\/es-es\/liveunlimited\/apoyo-al-paciente\/#breadcrumb","itemListElement":[{"@type":"ListItem","position":1,"name":"Home","item":"https:\/\/pku.biomarin.com\/es-es\/liveunlimited\/"},{"@type":"ListItem","position":2,"name":"Apoyo al paciente"}]},{"@type":"WebSite","@id":"https:\/\/pku.biomarin.com\/es-es\/liveunlimited\/#website","url":"https:\/\/pku.biomarin.com\/es-es\/liveunlimited\/","name":"BioMarin Live Unlimited ES-ES","description":"","potentialAction":[{"@type":"SearchAction","target":{"@type":"EntryPoint","urlTemplate":"https:\/\/pku.biomarin.com\/es-es\/liveunlimited\/?s={search_term_string}"},"query-input":{"@type":"PropertyValueSpecification","valueRequired":true,"valueName":"search_term_string"}}],"inLanguage":"es"}]}},"_links":{"self":[{"href":"https:\/\/pku.biomarin.com\/es-es\/liveunlimited\/wp-json\/wp\/v2\/pages\/59","targetHints":{"allow":["GET"]}}],"collection":[{"href":"https:\/\/pku.biomarin.com\/es-es\/liveunlimited\/wp-json\/wp\/v2\/pages"}],"about":[{"href":"https:\/\/pku.biomarin.com\/es-es\/liveunlimited\/wp-json\/wp\/v2\/types\/page"}],"author":[{"embeddable":true,"href":"https:\/\/pku.biomarin.com\/es-es\/liveunlimited\/wp-json\/wp\/v2\/users\/2"}],"replies":[{"embeddable":true,"href":"https:\/\/pku.biomarin.com\/es-es\/liveunlimited\/wp-json\/wp\/v2\/comments?post=59"}],"version-history":[{"count":74,"href":"https:\/\/pku.biomarin.com\/es-es\/liveunlimited\/wp-json\/wp\/v2\/pages\/59\/revisions"}],"predecessor-version":[{"id":1532,"href":"https:\/\/pku.biomarin.com\/es-es\/liveunlimited\/wp-json\/wp\/v2\/pages\/59\/revisions\/1532"}],"wp:attachment":[{"href":"https:\/\/pku.biomarin.com\/es-es\/liveunlimited\/wp-json\/wp\/v2\/media?parent=59"}],"curies":[{"name":"wp","href":"https:\/\/api.w.org\/{rel}","templated":true}]}}