{"id":57,"date":"2023-11-06T10:46:14","date_gmt":"2023-11-06T10:46:14","guid":{"rendered":"https:\/\/liveunlimitedpku-dev-001.azurewebsites.net\/es-es\/?page_id=57"},"modified":"2024-12-07T21:30:49","modified_gmt":"2024-12-07T21:30:49","slug":"historias-en-video","status":"publish","type":"page","link":"https:\/\/pku.biomarin.com\/es-es\/liveunlimited\/historias-en-video\/","title":{"rendered":"Historias en v\u00eddeo"},"content":{"rendered":"<div id=\"acf-block-654a165d6aa7f\" class=\"hero hero-no-overlay pull-bottom\">\n            <div class=\"hero-background-image hero-background-image-desktop\" style=\"background-image: url(https:\/\/pku.biomarin.com\/es-es\/liveunlimited\/wp-content\/uploads\/sites\/17\/2023\/11\/paint-B.png?v=0.74);\"><\/div>\n\t    <div class=\"hero-background-image hero-background-image-mobile\" style=\"background-image: url(https:\/\/pku.biomarin.com\/es-es\/liveunlimited\/wp-content\/uploads\/sites\/17\/2023\/11\/Paint.png?v=0.74);\"><\/div>\n    \t<div class=\"overlay\"><\/div>\n\t<div class=\"wrapper\">\n\t\t<div class=\"inner-wrapper\">\n\t\t\t<div class=\"hero-content\">\n\t\t\t    \t\t\t\t    <span class=\"section-title\">La vida es complicada cuando no tienes las herramientas necesarias<\/span>\n\t\t\t\t\t\t\t\t\t\t\t\t\t\t\t\t    <h1>HISTORIAS EN V\u00cdDEO\n<\/h1>\n\t\t\t\t\t\t\t\t\t\t\t\t    <p>Como parte de la campa\u00f1a Vivir sin limitaciones, hemos viajado por Europa para reunirnos con adultos que viven con <a href=\"https:\/\/pku.biomarin.com\/es-es\/liveunlimited\/que-es-la-pku\/\">PKU<\/a> y para escuchar las historias de sus experiencias, los desaf\u00edos a los que se enfrentan y las acciones que les gustar\u00eda que se pusieran en pr\u00e1ctica para mejorar la atenci\u00f3n.<\/p>\n<p>Estas historias se han desarrollado con la participaci\u00f3n de los seis grupos de pacientes y sus asociados: ESPKU, AMMeC y Cometa A.S.M.M.E (Padua) (Italia), Les Feux Follets (Francia), Svenska PKU-f\u00f6reningen (Suecia), PKU Aile Derne\u011fi (Turqu\u00eda), y FEEMH (Espa\u00f1a).<\/p>\n\t\t\t\t\t\t\t\t\n                <p class=\"inline-buttons\">\n                                                        <\/p>\n\t\t\t\t\t\t\t<\/div>\n\t\t<\/div>\n\t<\/div>\n<\/div>\n\n\n<div id=\"acf-block-654a165d6add4\" class=\"block boxed-content boxed-content-white\">\n\t<div class=\"wrapper\">\n\t\t<div class=\"inner-wrapper\">\n\t\t\t<div class=\"box\">\n\t\t\t\t\t\t\t\t\n<div id=\"acf-block-654a165d6b3a9\" class=\"image-text-block content-align-center bottom-border\">\n            <div class=\"image-block medium\">\n            <figure>\n                <div class=\"image image-rounded\">\n                    <img decoding=\"async\" class=\"\" src=\"https:\/\/pku.biomarin.com\/es-es\/liveunlimited\/wp-content\/uploads\/sites\/17\/2023\/11\/Eva-572x390-1.png?v=0.74\" alt=\"\" \/>                <\/div>\n            <\/figure>\n        <\/div>\n        <div class=\"content-block\">\n                            <p><em>\u00abMi sensaci\u00f3n es que, cuanto mayor me hago, menos atenci\u00f3n recibo. Cada vez es m\u00e1s dif\u00edcil saber qu\u00e9 suceder\u00e1 a continuaci\u00f3n. \u00bfQui\u00e9n va a ser mi m\u00e9dico? \u00bfQui\u00e9n me va a atender? \u00bfQui\u00e9n tiene los resultados de mis an\u00e1lisis de sangre? Me parece todo confuso en general. Entre los 18 a\u00f1os y los 20 a\u00f1os que tengo ahora, me segu\u00edan tratando como paciente infantil, aunque t\u00e9cnicamente ya era adulta, y creo que esto demuestra que en realidad no hab\u00eda nadie para recibirme; la sensaci\u00f3n era que dejaba a un m\u00e9dico, pero no hab\u00eda un m\u00e9dico siguiente para m\u00ed\u00bb.<\/em><\/p>\n                                            <p><a class=\"button button-arrow\" href=\"https:\/\/pku.biomarin.com\/es-es\/liveunlimited\/eva\/\" target=\"_self\"> Mira la historia de Eva<\/a><\/p>\n                        <\/div>\n<\/div>\n\n<div id=\"acf-block-654a165d6b438\" class=\"image-text-block content-align-center bottom-border\">\n            <div class=\"image-block medium\">\n            <figure>\n                <div class=\"image image-rounded\">\n                    <img decoding=\"async\" class=\"\" src=\"https:\/\/pku.biomarin.com\/es-es\/liveunlimited\/wp-content\/uploads\/sites\/17\/2023\/11\/Lal-572x390-1.png?v=0.74\" alt=\"\" \/>                <\/div>\n            <\/figure>\n        <\/div>\n        <div class=\"content-block\">\n                            <p><em>\u00abHay aproximadamente 10 000 pacientes con PKU en Turqu\u00eda y solo 50 m\u00e9dicos especialistas en metabolismo para atenderlos\u00bb, dice Lal. \u00abEso supone un gran problema: faltan m\u00e9dicos y faltan centros especializados en metabolismo\u00bb.<\/em><\/p>\n                                            <p><a class=\"button button-arrow\" href=\"https:\/\/pku.biomarin.com\/es-es\/liveunlimited\/lal\/\" target=\"_self\"> Mira la historia de Lal<\/a><\/p>\n                        <\/div>\n<\/div>\n\n<div id=\"acf-block-654a165d6b30a\" class=\"image-text-block content-align-center bottom-border\">\n            <div class=\"image-block medium\">\n            <figure>\n                <div class=\"image image-rounded\">\n                    <img decoding=\"async\" class=\"\" src=\"https:\/\/pku.biomarin.com\/es-es\/liveunlimited\/wp-content\/uploads\/sites\/17\/2023\/11\/Antoine-572x390-1.png?v=0.74\" alt=\"\" \/>                <\/div>\n            <\/figure>\n        <\/div>\n        <div class=\"content-block\">\n                            <p><em>\u00abLa PKU es una enfermedad grave, porque si no se detecta en el momento del parto, las consecuencias son enormemente graves. Puede provocar una minusval\u00eda f\u00edsica o mental.\u00bb<\/em><\/p>\n                                            <p><a class=\"button button-arrow\" href=\"https:\/\/pku.biomarin.com\/es-es\/liveunlimited\/antoine\/\" target=\"_self\"> Mira la historia de Antoine<\/a><\/p>\n                        <\/div>\n<\/div>\n\n<div id=\"acf-block-654a165d6b26a\" class=\"image-text-block content-align-center bottom-border\">\n            <div class=\"image-block medium\">\n            <figure>\n                <div class=\"image image-rounded\">\n                    <img decoding=\"async\" class=\"\" src=\"https:\/\/pku.biomarin.com\/es-es\/liveunlimited\/wp-content\/uploads\/sites\/17\/2024\/05\/nico-small-v2.jpg?v=0.74\" alt=\"\" \/>                <\/div>\n            <\/figure>\n        <\/div>\n        <div class=\"content-block\">\n                            <p><em>\u00abLa PKU no es una enfermedad de la infancia. El motivo por el que se la trata como una enfermedad de la infancia es que no se tiene en cuenta a los adultos en absoluto. Los adultos se hacen una prueba en sangre por punci\u00f3n una vez al a\u00f1o y durante el resto del a\u00f1o no saben nada de su estado\u00bb.<\/em><\/p>\n                                            <p><a class=\"button button-arrow\" href=\"https:\/\/pku.biomarin.com\/es-es\/liveunlimited\/nicolo\/\" target=\"_self\"> Mira la historia de Nicol\u00f2<\/a><\/p>\n                        <\/div>\n<\/div>\n\n<div id=\"acf-block-654a165d6b1c6\" class=\"image-text-block content-align-center bottom-border\">\n            <div class=\"image-block medium\">\n            <figure>\n                <div class=\"image image-rounded\">\n                    <img decoding=\"async\" class=\"\" src=\"https:\/\/pku.biomarin.com\/es-es\/liveunlimited\/wp-content\/uploads\/sites\/17\/2023\/11\/Raquel-572x390-1.png?v=0.74\" alt=\"\" \/>                <\/div>\n            <\/figure>\n        <\/div>\n        <div class=\"content-block\">\n                            <p><em>\u00abLa PKU es un trastorno grave y, si no la tratas desde el principio, puede tener consecuencias. Necesitas seguir un tratamiento estricto. Mi deseo es poder ser una referencia para generaciones m\u00e1s j\u00f3venes con PKU y que estas aprendan de mi experiencia.\u00bb<\/em><\/p>\n                                            <p><a class=\"button button-arrow\" href=\"https:\/\/pku.biomarin.com\/es-es\/liveunlimited\/raquel\/\" target=\"_self\">Mira la historia de Raquel<\/a><\/p>\n                        <\/div>\n<\/div>\n\t\t\t<\/div>\n\t\t<\/div>\n\t<\/div>\n<\/div>","protected":false},"excerpt":{"rendered":"","protected":false},"author":2,"featured_media":0,"parent":0,"menu_order":0,"comment_status":"closed","ping_status":"closed","template":"","meta":{"_acf_changed":false,"inline_featured_image":false,"footnotes":""},"class_list":["post-57","page","type-page","status-publish","hentry"],"acf":[],"yoast_head":"<!-- This site is optimized with the Yoast SEO plugin v27.4 - https:\/\/yoast.com\/product\/yoast-seo-wordpress\/ -->\n<title>Historias en v\u00eddeo | Live Unlimited PKU<\/title>\n<meta name=\"description\" content=\"Como parte de la campa\u00f1a Live Unlimited PKU, viajamos por toda Europa para conocer a adultos que viven con PKU y escuchar historias de sus experiencias.\" \/>\n<meta name=\"robots\" content=\"index, follow, max-snippet:-1, max-image-preview:large, max-video-preview:-1\" \/>\n<link rel=\"canonical\" href=\"https:\/\/pku.biomarin.com\/es-es\/liveunlimited\/historias-en-video\/\" \/>\n<meta property=\"og:locale\" content=\"es_ES\" \/>\n<meta property=\"og:type\" content=\"article\" \/>\n<meta property=\"og:title\" content=\"Historias en v\u00eddeo | Live Unlimited PKU\" \/>\n<meta property=\"og:description\" content=\"Como parte de la campa\u00f1a Live Unlimited PKU, viajamos por toda Europa para conocer a adultos que viven con PKU y escuchar historias de sus experiencias.\" \/>\n<meta property=\"og:url\" content=\"https:\/\/pku.biomarin.com\/es-es\/liveunlimited\/historias-en-video\/\" \/>\n<meta property=\"og:site_name\" content=\"BioMarin Live Unlimited ES-ES\" \/>\n<meta property=\"article:modified_time\" content=\"2024-12-07T21:30:49+00:00\" \/>\n<meta name=\"twitter:card\" content=\"summary_large_image\" \/>\n<script type=\"application\/ld+json\" class=\"yoast-schema-graph\">{\"@context\":\"https:\\\/\\\/schema.org\",\"@graph\":[{\"@type\":\"WebPage\",\"@id\":\"https:\\\/\\\/pku.biomarin.com\\\/es-es\\\/liveunlimited\\\/historias-en-video\\\/\",\"url\":\"https:\\\/\\\/pku.biomarin.com\\\/es-es\\\/liveunlimited\\\/historias-en-video\\\/\",\"name\":\"Historias en v\u00eddeo | Live Unlimited PKU\",\"isPartOf\":{\"@id\":\"https:\\\/\\\/pku.biomarin.com\\\/es-es\\\/liveunlimited\\\/#website\"},\"datePublished\":\"2023-11-06T10:46:14+00:00\",\"dateModified\":\"2024-12-07T21:30:49+00:00\",\"description\":\"Como parte de la campa\u00f1a Live Unlimited PKU, viajamos por toda Europa para conocer a adultos que viven con PKU y escuchar historias de sus experiencias.\",\"breadcrumb\":{\"@id\":\"https:\\\/\\\/pku.biomarin.com\\\/es-es\\\/liveunlimited\\\/historias-en-video\\\/#breadcrumb\"},\"inLanguage\":\"es\",\"potentialAction\":[{\"@type\":\"ReadAction\",\"target\":[\"https:\\\/\\\/pku.biomarin.com\\\/es-es\\\/liveunlimited\\\/historias-en-video\\\/\"]}]},{\"@type\":\"BreadcrumbList\",\"@id\":\"https:\\\/\\\/pku.biomarin.com\\\/es-es\\\/liveunlimited\\\/historias-en-video\\\/#breadcrumb\",\"itemListElement\":[{\"@type\":\"ListItem\",\"position\":1,\"name\":\"Home\",\"item\":\"https:\\\/\\\/pku.biomarin.com\\\/es-es\\\/liveunlimited\\\/\"},{\"@type\":\"ListItem\",\"position\":2,\"name\":\"Historias en v\u00eddeo\"}]},{\"@type\":\"WebSite\",\"@id\":\"https:\\\/\\\/pku.biomarin.com\\\/es-es\\\/liveunlimited\\\/#website\",\"url\":\"https:\\\/\\\/pku.biomarin.com\\\/es-es\\\/liveunlimited\\\/\",\"name\":\"BioMarin Live Unlimited ES-ES\",\"description\":\"\",\"potentialAction\":[{\"@type\":\"SearchAction\",\"target\":{\"@type\":\"EntryPoint\",\"urlTemplate\":\"https:\\\/\\\/pku.biomarin.com\\\/es-es\\\/liveunlimited\\\/?s={search_term_string}\"},\"query-input\":{\"@type\":\"PropertyValueSpecification\",\"valueRequired\":true,\"valueName\":\"search_term_string\"}}],\"inLanguage\":\"es\"}]}<\/script>\n<!-- \/ Yoast SEO plugin. -->","yoast_head_json":{"title":"Historias en v\u00eddeo | Live Unlimited PKU","description":"Como parte de la campa\u00f1a Live Unlimited PKU, viajamos por toda Europa para conocer a adultos que viven con PKU y escuchar historias de sus experiencias.","robots":{"index":"index","follow":"follow","max-snippet":"max-snippet:-1","max-image-preview":"max-image-preview:large","max-video-preview":"max-video-preview:-1"},"canonical":"https:\/\/pku.biomarin.com\/es-es\/liveunlimited\/historias-en-video\/","og_locale":"es_ES","og_type":"article","og_title":"Historias en v\u00eddeo | Live Unlimited PKU","og_description":"Como parte de la campa\u00f1a Live Unlimited PKU, viajamos por toda Europa para conocer a adultos que viven con PKU y escuchar historias de sus experiencias.","og_url":"https:\/\/pku.biomarin.com\/es-es\/liveunlimited\/historias-en-video\/","og_site_name":"BioMarin Live Unlimited ES-ES","article_modified_time":"2024-12-07T21:30:49+00:00","twitter_card":"summary_large_image","schema":{"@context":"https:\/\/schema.org","@graph":[{"@type":"WebPage","@id":"https:\/\/pku.biomarin.com\/es-es\/liveunlimited\/historias-en-video\/","url":"https:\/\/pku.biomarin.com\/es-es\/liveunlimited\/historias-en-video\/","name":"Historias en v\u00eddeo | Live Unlimited PKU","isPartOf":{"@id":"https:\/\/pku.biomarin.com\/es-es\/liveunlimited\/#website"},"datePublished":"2023-11-06T10:46:14+00:00","dateModified":"2024-12-07T21:30:49+00:00","description":"Como parte de la campa\u00f1a Live Unlimited PKU, viajamos por toda Europa para conocer a adultos que viven con PKU y escuchar historias de sus experiencias.","breadcrumb":{"@id":"https:\/\/pku.biomarin.com\/es-es\/liveunlimited\/historias-en-video\/#breadcrumb"},"inLanguage":"es","potentialAction":[{"@type":"ReadAction","target":["https:\/\/pku.biomarin.com\/es-es\/liveunlimited\/historias-en-video\/"]}]},{"@type":"BreadcrumbList","@id":"https:\/\/pku.biomarin.com\/es-es\/liveunlimited\/historias-en-video\/#breadcrumb","itemListElement":[{"@type":"ListItem","position":1,"name":"Home","item":"https:\/\/pku.biomarin.com\/es-es\/liveunlimited\/"},{"@type":"ListItem","position":2,"name":"Historias en v\u00eddeo"}]},{"@type":"WebSite","@id":"https:\/\/pku.biomarin.com\/es-es\/liveunlimited\/#website","url":"https:\/\/pku.biomarin.com\/es-es\/liveunlimited\/","name":"BioMarin Live Unlimited ES-ES","description":"","potentialAction":[{"@type":"SearchAction","target":{"@type":"EntryPoint","urlTemplate":"https:\/\/pku.biomarin.com\/es-es\/liveunlimited\/?s={search_term_string}"},"query-input":{"@type":"PropertyValueSpecification","valueRequired":true,"valueName":"search_term_string"}}],"inLanguage":"es"}]}},"_links":{"self":[{"href":"https:\/\/pku.biomarin.com\/es-es\/liveunlimited\/wp-json\/wp\/v2\/pages\/57","targetHints":{"allow":["GET"]}}],"collection":[{"href":"https:\/\/pku.biomarin.com\/es-es\/liveunlimited\/wp-json\/wp\/v2\/pages"}],"about":[{"href":"https:\/\/pku.biomarin.com\/es-es\/liveunlimited\/wp-json\/wp\/v2\/types\/page"}],"author":[{"embeddable":true,"href":"https:\/\/pku.biomarin.com\/es-es\/liveunlimited\/wp-json\/wp\/v2\/users\/2"}],"replies":[{"embeddable":true,"href":"https:\/\/pku.biomarin.com\/es-es\/liveunlimited\/wp-json\/wp\/v2\/comments?post=57"}],"version-history":[{"count":70,"href":"https:\/\/pku.biomarin.com\/es-es\/liveunlimited\/wp-json\/wp\/v2\/pages\/57\/revisions"}],"predecessor-version":[{"id":1516,"href":"https:\/\/pku.biomarin.com\/es-es\/liveunlimited\/wp-json\/wp\/v2\/pages\/57\/revisions\/1516"}],"wp:attachment":[{"href":"https:\/\/pku.biomarin.com\/es-es\/liveunlimited\/wp-json\/wp\/v2\/media?parent=57"}],"curies":[{"name":"wp","href":"https:\/\/api.w.org\/{rel}","templated":true}]}}