{"id":55,"date":"2023-11-06T10:45:50","date_gmt":"2023-11-06T10:45:50","guid":{"rendered":"https:\/\/liveunlimitedpku-dev-001.azurewebsites.net\/es-es\/?page_id=55"},"modified":"2024-12-07T21:29:29","modified_gmt":"2024-12-07T21:29:29","slug":"que-puede-hacer-usted","status":"publish","type":"page","link":"https:\/\/pku.biomarin.com\/es-es\/liveunlimited\/que-puede-hacer-usted\/","title":{"rendered":"\u00bfQu\u00e9 puede hacer usted?"},"content":{"rendered":"<div id=\"acf-block-654a10d2ac6e4\" class=\"hero hero-no-overlay\">\n            <div class=\"hero-background-image hero-background-image-desktop\" style=\"background-image: url(https:\/\/pku.biomarin.com\/es-es\/liveunlimited\/wp-content\/uploads\/sites\/17\/2023\/11\/tup.png?v=0.74);\"><\/div>\n\t    <div class=\"hero-background-image hero-background-image-mobile\" style=\"background-image: url(https:\/\/pku.biomarin.com\/es-es\/liveunlimited\/wp-content\/uploads\/sites\/17\/2023\/11\/Tupperware.png?v=0.74);\"><\/div>\n    \t<div class=\"overlay\"><\/div>\n\t<div class=\"wrapper\">\n\t\t<div class=\"inner-wrapper\">\n\t\t\t<div class=\"hero-content\">\n\t\t\t    \t\t\t\t    <span class=\"section-title\">La vida es complicada cuando no tienes las herramientas necesarias<\/span>\n\t\t\t\t\t\t\t\t\t\t\t\t\t\t\t\t    <h1>\u00bfQU\u00c9 PUEDE HACER USTED?\n<\/h1>\n\t\t\t\t\t\t\t\t\t\t\t\t\n                <p class=\"inline-buttons\">\n                                                        <\/p>\n\t\t\t\t\t\t\t<\/div>\n\t\t<\/div>\n\t<\/div>\n<\/div>\n\n\n<div id=\"acf-block-654a10d2acb11\" class=\"block accordion\">\n\t<div class=\"wrapper\">\n\t\t<div class=\"inner-wrapper\">\n\t\t                                                                                <div class=\"accordion-item\">\n                        <div class=\"accordion-title\">\n                            <div class=\"accordion-trigger\">\n                                <span><\/span>\n                                <span><\/span>\n                            <\/div>\n                            <h2>\u00bfC\u00f3mo puedo apoyar la campa\u00f1a Vivir sin limitaciones en los medios sociales?\n<\/h2>\n                        <\/div>\n                        <div class=\"accordion-content\">\n                                                            <p>Puede hacerlo de la siguiente manera:<\/p>\n<ul>\n<li>Enviando tuits a las autoridades responsables locales sobre la campa\u00f1a y la PKU.<\/li>\n<li>Compartiendo y dando \u00abme gusta\u00bb (like) a los v\u00eddeos de nuestro canal de YouTube.<\/li>\n<li>Compartiendo el contenido de la campa\u00f1a en Facebook, Twitter e Instagram y retuiteando el contenido de otros miembros de la comunidad de la PKU.<\/li>\n<li>Compartiendo el v\u00ednculo a nuestro sitio web en sus propias publicaciones en los medios sociales.<\/li>\n<li>Descargue una versi\u00f3n firmada de nuestro cartel de campa\u00f1a <a href=\"https:\/\/pku.biomarin.com\/es-es\/liveunlimited\/\">aqu\u00ed<\/a><\/li>\n<\/ul>\n                                                    <\/div>\n                    <\/div>\n                                                                            <div class=\"accordion-item\">\n                        <div class=\"accordion-title\">\n                            <div class=\"accordion-trigger\">\n                                <span><\/span>\n                                <span><\/span>\n                            <\/div>\n                            <h2>\u00bfDe qu\u00e9 otras formas puedo ayudar?\n<\/h2>\n                        <\/div>\n                        <div class=\"accordion-content\">\n                                                            <p>Puede ayudar a concienciar sobre la campa\u00f1a <strong>Vivir sin limitaciones<\/strong> y la PKU de muchas otras formas. Por ejemplo, solicite una copia de nuestro paquete de campa\u00f1a aqu\u00ed y comparta el contenido con sus colegas profesionales por correo electr\u00f3nico, o saque el tema de la PKU en las cenas con amigos.<\/p>\n<p>Puede enviar un mensaje de correo electr\u00f3nico <a href=\"mailto:LiveunlimitedPKU@bmrn.com\">LiveunlimitedPKU@bmrn.com<\/a> si desea preguntar sobre c\u00f3mo participar de otras formas.<\/p>\n                                                    <\/div>\n                    <\/div>\n                                                                            <div class=\"accordion-item\">\n                        <div class=\"accordion-title\">\n                            <div class=\"accordion-trigger\">\n                                <span><\/span>\n                                <span><\/span>\n                            <\/div>\n                            <h2>\u00bfD\u00f3nde puedo obtener ayuda para mi familia o para alguien con PKU que conozco?\n<\/h2>\n                        <\/div>\n                        <div class=\"accordion-content\">\n                                                            <p>Si desea ayuda, apoyo u orientaci\u00f3n, la comunidad de grupos de pacientes de su pa\u00eds es la mejor opci\u00f3n para ello. Visite la p\u00e1gina Apoyo al paciente si desea informaci\u00f3n sobre estos grupos y el apoyo que ofrecen.<\/p>\n                                                    <\/div>\n                    <\/div>\n                                                                            <div class=\"accordion-item\">\n                        <div class=\"accordion-title\">\n                            <div class=\"accordion-trigger\">\n                                <span><\/span>\n                                <span><\/span>\n                            <\/div>\n                            <h2>\u00bfC\u00f3mo puedo recaudar fondos o hacer una donaci\u00f3n para las organizaciones ben\u00e9ficas implicadas?\n<\/h2>\n                        <\/div>\n                        <div class=\"accordion-content\">\n                                                            <p>La campa\u00f1a <strong>Vivir sin limitaciones<\/strong> no recauda donaciones ni fondos. No obstante, puede visitar los sitios web de las distintas organizaciones de pacientes para buscar informaci\u00f3n sobre c\u00f3mo puede recaudar fondos y apoyar sus actividades de otras formas. Encontrar\u00e1 sus datos en nuestra p\u00e1gina Apoyo al paciente.<\/p>\n                                                    <\/div>\n                    <\/div>\n                                                                            <div class=\"accordion-item\">\n                        <div class=\"accordion-title\">\n                            <div class=\"accordion-trigger\">\n                                <span><\/span>\n                                <span><\/span>\n                            <\/div>\n                            <h2>\u00bfD\u00f3nde puedo encontrar m\u00e1s informaci\u00f3n sobre la PKU?\n<\/h2>\n                        <\/div>\n                        <div class=\"accordion-content\">\n                                                            <p>Puede encontrar m\u00e1s informaci\u00f3n sobre la enfermedad en la p\u00e1gina Acerca de la PKU, o puede ponerse en contacto con su grupo de pacientes local, cuyos datos encontrar\u00e1 en nuestra p\u00e1gina Apoyo al paciente.<\/p>\n                                                    <\/div>\n                    <\/div>\n                            \t\t<\/div>\n\t<\/div>\n<\/div>","protected":false},"excerpt":{"rendered":"","protected":false},"author":2,"featured_media":0,"parent":0,"menu_order":0,"comment_status":"closed","ping_status":"closed","template":"","meta":{"_acf_changed":false,"inline_featured_image":false,"footnotes":""},"class_list":["post-55","page","type-page","status-publish","hentry"],"acf":[],"yoast_head":"<!-- This site is optimized with the Yoast SEO plugin v27.4 - https:\/\/yoast.com\/product\/yoast-seo-wordpress\/ -->\n<title>\u00bfQu\u00e9 puede hacer usted? | Live Unlimited PKU<\/title>\n<meta name=\"description\" content=\"Puedes ayudar a generar conciencia sobre la campa\u00f1a Vive sin l\u00edmites y la PKU de muchas maneras. Por ejemplo, comparte contenido con tus colegas por correo electr\u00f3nico o habla sobre la PKU durante una cena con amigos.\" \/>\n<meta name=\"robots\" content=\"index, follow, max-snippet:-1, max-image-preview:large, max-video-preview:-1\" \/>\n<link rel=\"canonical\" href=\"https:\/\/pku.biomarin.com\/es-es\/liveunlimited\/que-puede-hacer-usted\/\" \/>\n<meta property=\"og:locale\" content=\"es_ES\" \/>\n<meta property=\"og:type\" content=\"article\" \/>\n<meta property=\"og:title\" content=\"\u00bfQu\u00e9 puede hacer usted? | Live Unlimited PKU\" \/>\n<meta property=\"og:description\" content=\"Puedes ayudar a generar conciencia sobre la campa\u00f1a Vive sin l\u00edmites y la PKU de muchas maneras. Por ejemplo, comparte contenido con tus colegas por correo electr\u00f3nico o habla sobre la PKU durante una cena con amigos.\" \/>\n<meta property=\"og:url\" content=\"https:\/\/pku.biomarin.com\/es-es\/liveunlimited\/que-puede-hacer-usted\/\" \/>\n<meta property=\"og:site_name\" content=\"BioMarin Live Unlimited ES-ES\" \/>\n<meta property=\"article:modified_time\" content=\"2024-12-07T21:29:29+00:00\" \/>\n<meta name=\"twitter:card\" content=\"summary_large_image\" \/>\n<script type=\"application\/ld+json\" class=\"yoast-schema-graph\">{\"@context\":\"https:\\\/\\\/schema.org\",\"@graph\":[{\"@type\":\"WebPage\",\"@id\":\"https:\\\/\\\/pku.biomarin.com\\\/es-es\\\/liveunlimited\\\/que-puede-hacer-usted\\\/\",\"url\":\"https:\\\/\\\/pku.biomarin.com\\\/es-es\\\/liveunlimited\\\/que-puede-hacer-usted\\\/\",\"name\":\"\u00bfQu\u00e9 puede hacer usted? | Live Unlimited PKU\",\"isPartOf\":{\"@id\":\"https:\\\/\\\/pku.biomarin.com\\\/es-es\\\/liveunlimited\\\/#website\"},\"datePublished\":\"2023-11-06T10:45:50+00:00\",\"dateModified\":\"2024-12-07T21:29:29+00:00\",\"description\":\"Puedes ayudar a generar conciencia sobre la campa\u00f1a Vive sin l\u00edmites y la PKU de muchas maneras. Por ejemplo, comparte contenido con tus colegas por correo electr\u00f3nico o habla sobre la PKU durante una cena con amigos.\",\"breadcrumb\":{\"@id\":\"https:\\\/\\\/pku.biomarin.com\\\/es-es\\\/liveunlimited\\\/que-puede-hacer-usted\\\/#breadcrumb\"},\"inLanguage\":\"es\",\"potentialAction\":[{\"@type\":\"ReadAction\",\"target\":[\"https:\\\/\\\/pku.biomarin.com\\\/es-es\\\/liveunlimited\\\/que-puede-hacer-usted\\\/\"]}]},{\"@type\":\"BreadcrumbList\",\"@id\":\"https:\\\/\\\/pku.biomarin.com\\\/es-es\\\/liveunlimited\\\/que-puede-hacer-usted\\\/#breadcrumb\",\"itemListElement\":[{\"@type\":\"ListItem\",\"position\":1,\"name\":\"Home\",\"item\":\"https:\\\/\\\/pku.biomarin.com\\\/es-es\\\/liveunlimited\\\/\"},{\"@type\":\"ListItem\",\"position\":2,\"name\":\"\u00bfQu\u00e9 puede hacer usted?\"}]},{\"@type\":\"WebSite\",\"@id\":\"https:\\\/\\\/pku.biomarin.com\\\/es-es\\\/liveunlimited\\\/#website\",\"url\":\"https:\\\/\\\/pku.biomarin.com\\\/es-es\\\/liveunlimited\\\/\",\"name\":\"BioMarin Live Unlimited ES-ES\",\"description\":\"\",\"potentialAction\":[{\"@type\":\"SearchAction\",\"target\":{\"@type\":\"EntryPoint\",\"urlTemplate\":\"https:\\\/\\\/pku.biomarin.com\\\/es-es\\\/liveunlimited\\\/?s={search_term_string}\"},\"query-input\":{\"@type\":\"PropertyValueSpecification\",\"valueRequired\":true,\"valueName\":\"search_term_string\"}}],\"inLanguage\":\"es\"}]}<\/script>\n<!-- \/ Yoast SEO plugin. -->","yoast_head_json":{"title":"\u00bfQu\u00e9 puede hacer usted? | Live Unlimited PKU","description":"Puedes ayudar a generar conciencia sobre la campa\u00f1a Vive sin l\u00edmites y la PKU de muchas maneras. Por ejemplo, comparte contenido con tus colegas por correo electr\u00f3nico o habla sobre la PKU durante una cena con amigos.","robots":{"index":"index","follow":"follow","max-snippet":"max-snippet:-1","max-image-preview":"max-image-preview:large","max-video-preview":"max-video-preview:-1"},"canonical":"https:\/\/pku.biomarin.com\/es-es\/liveunlimited\/que-puede-hacer-usted\/","og_locale":"es_ES","og_type":"article","og_title":"\u00bfQu\u00e9 puede hacer usted? | Live Unlimited PKU","og_description":"Puedes ayudar a generar conciencia sobre la campa\u00f1a Vive sin l\u00edmites y la PKU de muchas maneras. Por ejemplo, comparte contenido con tus colegas por correo electr\u00f3nico o habla sobre la PKU durante una cena con amigos.","og_url":"https:\/\/pku.biomarin.com\/es-es\/liveunlimited\/que-puede-hacer-usted\/","og_site_name":"BioMarin Live Unlimited ES-ES","article_modified_time":"2024-12-07T21:29:29+00:00","twitter_card":"summary_large_image","schema":{"@context":"https:\/\/schema.org","@graph":[{"@type":"WebPage","@id":"https:\/\/pku.biomarin.com\/es-es\/liveunlimited\/que-puede-hacer-usted\/","url":"https:\/\/pku.biomarin.com\/es-es\/liveunlimited\/que-puede-hacer-usted\/","name":"\u00bfQu\u00e9 puede hacer usted? | Live Unlimited PKU","isPartOf":{"@id":"https:\/\/pku.biomarin.com\/es-es\/liveunlimited\/#website"},"datePublished":"2023-11-06T10:45:50+00:00","dateModified":"2024-12-07T21:29:29+00:00","description":"Puedes ayudar a generar conciencia sobre la campa\u00f1a Vive sin l\u00edmites y la PKU de muchas maneras. Por ejemplo, comparte contenido con tus colegas por correo electr\u00f3nico o habla sobre la PKU durante una cena con amigos.","breadcrumb":{"@id":"https:\/\/pku.biomarin.com\/es-es\/liveunlimited\/que-puede-hacer-usted\/#breadcrumb"},"inLanguage":"es","potentialAction":[{"@type":"ReadAction","target":["https:\/\/pku.biomarin.com\/es-es\/liveunlimited\/que-puede-hacer-usted\/"]}]},{"@type":"BreadcrumbList","@id":"https:\/\/pku.biomarin.com\/es-es\/liveunlimited\/que-puede-hacer-usted\/#breadcrumb","itemListElement":[{"@type":"ListItem","position":1,"name":"Home","item":"https:\/\/pku.biomarin.com\/es-es\/liveunlimited\/"},{"@type":"ListItem","position":2,"name":"\u00bfQu\u00e9 puede hacer usted?"}]},{"@type":"WebSite","@id":"https:\/\/pku.biomarin.com\/es-es\/liveunlimited\/#website","url":"https:\/\/pku.biomarin.com\/es-es\/liveunlimited\/","name":"BioMarin Live Unlimited ES-ES","description":"","potentialAction":[{"@type":"SearchAction","target":{"@type":"EntryPoint","urlTemplate":"https:\/\/pku.biomarin.com\/es-es\/liveunlimited\/?s={search_term_string}"},"query-input":{"@type":"PropertyValueSpecification","valueRequired":true,"valueName":"search_term_string"}}],"inLanguage":"es"}]}},"_links":{"self":[{"href":"https:\/\/pku.biomarin.com\/es-es\/liveunlimited\/wp-json\/wp\/v2\/pages\/55","targetHints":{"allow":["GET"]}}],"collection":[{"href":"https:\/\/pku.biomarin.com\/es-es\/liveunlimited\/wp-json\/wp\/v2\/pages"}],"about":[{"href":"https:\/\/pku.biomarin.com\/es-es\/liveunlimited\/wp-json\/wp\/v2\/types\/page"}],"author":[{"embeddable":true,"href":"https:\/\/pku.biomarin.com\/es-es\/liveunlimited\/wp-json\/wp\/v2\/users\/2"}],"replies":[{"embeddable":true,"href":"https:\/\/pku.biomarin.com\/es-es\/liveunlimited\/wp-json\/wp\/v2\/comments?post=55"}],"version-history":[{"count":33,"href":"https:\/\/pku.biomarin.com\/es-es\/liveunlimited\/wp-json\/wp\/v2\/pages\/55\/revisions"}],"predecessor-version":[{"id":1491,"href":"https:\/\/pku.biomarin.com\/es-es\/liveunlimited\/wp-json\/wp\/v2\/pages\/55\/revisions\/1491"}],"wp:attachment":[{"href":"https:\/\/pku.biomarin.com\/es-es\/liveunlimited\/wp-json\/wp\/v2\/media?parent=55"}],"curies":[{"name":"wp","href":"https:\/\/api.w.org\/{rel}","templated":true}]}}