{"id":540,"date":"2023-11-08T22:54:57","date_gmt":"2023-11-08T22:54:57","guid":{"rendered":"https:\/\/liveunlimitedpku-dev-001.azurewebsites.net\/es-es\/?page_id=540"},"modified":"2025-02-26T21:30:46","modified_gmt":"2025-02-26T21:30:46","slug":"lal","status":"publish","type":"page","link":"https:\/\/pku.biomarin.com\/es-es\/liveunlimited\/lal\/","title":{"rendered":"Lal"},"content":{"rendered":"<div id=\"acf-block-65524130b7069\" class=\"hero hero-no-overlay hero-large-first-para\">\n            <div class=\"hero-background-image hero-background-image-desktop\" style=\"background-image: url(https:\/\/pku.biomarin.com\/es-es\/liveunlimited\/wp-content\/uploads\/sites\/17\/2023\/11\/lal.jpg?v=0.74);\"><\/div>\n\t    <div class=\"hero-background-image hero-background-image-mobile\" style=\"background-image: url(https:\/\/pku.biomarin.com\/es-es\/liveunlimited\/wp-content\/uploads\/sites\/17\/2023\/11\/lal.jpg?v=0.74);\"><\/div>\n    \t<div class=\"overlay\"><\/div>\n\t<div class=\"wrapper\">\n\t\t<div class=\"inner-wrapper\">\n\t\t\t<div class=\"hero-content\">\n\t\t\t    \t\t\t\t    <span class=\"section-title\">La vida es complicada cuando no tienes las herramientas necesarias<\/span>\n\t\t\t\t\t\t\t\t\t\t\t\t\t\t\t\t    <h1>LAL\n\n<\/h1>\n\t\t\t\t\t\t\t\t\t\t\t\t    <p>Turqu\u00eda<\/p>\n<p>Crecer con PKU en Estambul en general ha sido \u00abuna suerte\u00bb, nos dice Lal. Aunque es variada y vibrante, \u00abcomo un gigantesco mundo en una peque\u00f1a ciudad\u00bb, los pacientes con PKU tienen muchas posibilidades de contactar con otros pacientes y recibir apoyo m\u00e9dico.<\/p>\n\t\t\t\t\t\t\t\t\n                <p class=\"inline-buttons\">\n                                                        <\/p>\n\t\t\t\t\t\t\t<\/div>\n\t\t<\/div>\n\t<\/div>\n<\/div>\n\n\n<div id=\"acf-block-65524130b73b5\" class=\"block next-previous block-tight-top\">\n    <div class=\"wrapper\">\n\t\t<div class=\"inner-wrapper\">\n            <div class=\"link link-prev\">\n                                    <p><a class=\"button button-text button-arrow button-arrow-left\" href=\"https:\/\/pku.biomarin.com\/es-es\/liveunlimited\/historias-en-video\/\" target=\"_self\">Volver a todas las historias en video<\/a><\/p>\n                            <\/div>\n            <div class=\"link link-next\">\n                            <\/div>\n\t\t<\/div>\n\t<\/div>\n<\/div>\n\n<div id=\"acf-block-65524130b758a\" class=\"block wrapped-content\">\n    <div class=\"wrapper\">\n        <div class=\"inner-wrapper\">\n                \n<div id=\"acf-block-65524130b7727\" class=\"block-wysiwyg\">\n            <h2>Sin embargo, muchos pacientes en Turqu\u00eda no son tan afortunados.<\/h2>\n<p><strong>\u00abLa mayor parte de la poblaci\u00f3n turca vive en el este\u00bb, dice Lal. \u201c[Para los pacientes con PKU que viven ah\u00ed] no hay suficientes recursos econ\u00f3micos y los pacientes no tienen suficientes servicios sanitarios\u00bb.<\/strong><\/p>\n<p>Aunque se dispone de apoyo cuando nace un beb\u00e9 con PKU, muchos pacientes tienden a abandonar la atenci\u00f3n m\u00e9dica en etapas posteriores de su vida y tienden a no recibir un seguimiento por sus m\u00e9dicos, explica Lal.<\/p>\n<p><strong>\u00abHay aproximadamente 10 000 pacientes con PKU en Turqu\u00eda y solo 50 m\u00e9dicos especialistas en metabolismo para atenderlos\u00bb, dice Lal. \u00abEso supone un gran problema: faltan m\u00e9dicos y faltan centros especializados en metabolismo\u00bb.<\/strong><\/p>\n<p>Lal controla su PKU mediante una dieta estricta, con la que su madre, Deniz, la ha ayudado durante toda su vida.<\/p>\n<p><strong>\u00abMi primer recuerdo de la PKU es de cuando yo ten\u00eda cuatro o cinco a\u00f1os y estaba de vacaciones con mis padres. Est\u00e1bamos cenando, y alguien hab\u00eda pedido arroz para m\u00ed. De alguna forma nos enteramos de que el arroz inclu\u00eda salsa de carne, pero ya era demasiado tarde. Recuerdo que mi madre entr\u00f3 en p\u00e1nico. Empez\u00f3 a gritar, y estaba realmente asustada\u00bb.<\/strong><\/p>\n<p>&nbsp;<\/p>\n    <\/div>\n        <\/div>\n    <\/div>\n<\/div>\n\n<div id=\"acf-block-65524130b8316\" class=\"block split-content equal-bias bottom-border\" data-muted-autoplay=\"false\">\n\t<div class=\"wrapper\">\n\t\t<div class=\"inner-wrapper\">\n\t\t                                                                <div class=\"content-block first-block\">\n                                                                                                <h3>\u00abNuestra asociaci\u00f3n de pacientes organizaba campamentos de verano con otros pacientes, pero yo no quer\u00eda ir, porque me afectaban de mala manera\u00bb.<\/h3>\n<p><em>\u00abLos pacientes eran muy negativos, odiaban sus dietas, y se odiaban a s\u00ed mismos. Se me acercaban y me dec\u00edan: \u201cTengo chocolate. \u00bfQuieres un poco?\u201d. No segu\u00edan la dieta y no les importaba\u00bb.<\/em><\/p>\n<p><em>\u00abEntiendo por supuesto desear comer cosas que uno no puede. Pero lo que no comprendo es c\u00f3mo puede alguien olvidarse de los efectos mentales de comer prote\u00ednas, ni entiendo comerlas para ser aceptado por los amigos, ni tampoco ir a un concierto y emborracharse\u00bb.<\/em><\/p>\n                                                                                    <\/div>\n                    \n                                            <div class=\"content-block second-block\">\n                                                                                                                                                                                                                                                                                    \n                                    \n                                                                                                                \n                                    \n                                    <figure>\n                                        <div class=\"image image-rounded\">\n                                                                                            <img decoding=\"async\" class=\"\" src=\"https:\/\/pku.biomarin.com\/es-es\/liveunlimited\/wp-content\/uploads\/sites\/17\/2023\/11\/Lal-002-768x512-1.jpg?v=0.74\" alt=\"\" \/>                                                                                    <\/div>\n                                                                            <\/figure>\n                                                                                    <\/div>\n                                                \t\t<\/div>\n\t<\/div>\n<\/div>\n\n<div id=\"acf-block-65524130b836a\" class=\"block wrapped-content\">\n    <div class=\"wrapper\">\n        <div class=\"inner-wrapper\">\n                \n<div id=\"acf-block-65524130b8396\" class=\"block-wysiwyg\">\n            <p>Aunque Lal tiene mucho apoyo de sus amigos, su familia, sus m\u00e9dicos y su red de pacientes con PKU, a veces aun as\u00ed se siente desanimada, especialmente si sus niveles de Phe est\u00e1n altos.<\/p>\n<p><strong>\u00abHe tenido problemas de concentraci\u00f3n, estaba cansada y no ten\u00eda ganas de hacer nada. Hubo un momento en que estaba realmente enfadada. Cuando tus niveles de Phe est\u00e1n altos, te estresas y te enfadas mucho. Realmente cambian tus emociones y tu concentraci\u00f3n\u00bb.<\/strong><\/p>\n<p>Sin embargo, en general Lal sabe que la PKU la ha hecho m\u00e1s fuerte.<strong> \u00abMi fuerza hoy se la debo a la PKU, porque cuando nac\u00ed aprend\u00ed c\u00f3mo hacer frente a las adversidades. Aprend\u00ed a quererme, a aceptarme, a cuidarme\u00bb.<\/strong><\/p>\n<p>Esto nunca es m\u00e1s cierto que cuando Lal est\u00e1 en su academia de danza. Su cara se ilumina cuando habla de teatro y danza.<\/p>\n    <\/div>\n        <\/div>\n    <\/div>\n<\/div>\n\n<div id=\"acf-block-65524130b8423\" class=\"block split-content equal-bias bottom-border\" data-muted-autoplay=\"false\">\n\t<div class=\"wrapper\">\n\t\t<div class=\"inner-wrapper\">\n\t\t                                                                <div class=\"content-block first-block\">\n                                                                                                                                                                                                                                                <div class=\"video-poster\">\n\t\t\t                            <a class=\"modal-video permitted\" href=\"https:\/\/player.vimeo.com\/video\/1035832160\" style=\"background-image: url(https:\/\/pku.biomarin.com\/es-es\/liveunlimited\/wp-content\/uploads\/sites\/17\/2023\/11\/2023-11-13-22h58m37s985-1500x844.png);\">Play<\/a>\n\t\t                            <\/div>\n                                    \n                                                                                                                    \n                                                                                                                \n\t\t                                                                            <\/div>\n                    \n                                            <div class=\"content-block second-block\">\n                                                                                                <h3>\u00abEl teatro y el escenario siempre formar\u00e1n parte de mi vida, porque es un momento realmente precioso cuando entregas una parte de ti al p\u00fablico. La danza es otra cosa para m\u00ed, me ayuda a superarme\u00bb.<\/h3>\n<p><strong>&lt; Mira la historia de Lal<\/strong><\/p>\n                                                                                    <\/div>\n                                                \t\t<\/div>\n\t<\/div>\n<\/div>\n\n<div id=\"acf-block-655241b39dd72\" class=\"block next-previous\">\n    <div class=\"wrapper\">\n\t\t<div class=\"inner-wrapper\">\n            <div class=\"link link-prev\">\n                                    <p><a class=\"button button-text button-arrow button-arrow-left\" href=\"https:\/\/pku.biomarin.com\/es-es\/liveunlimited\/eva\/\" target=\"_self\">Eva<\/a><\/p>\n                            <\/div>\n            <div class=\"link link-next\">\n                                    <p><a class=\"button button-text button-arrow\" href=\"https:\/\/pku.biomarin.com\/es-es\/liveunlimited\/antoine\/\" target=\"_self\">Antoine<\/a><\/p>\n                            <\/div>\n\t\t<\/div>\n\t<\/div>\n<\/div>","protected":false},"excerpt":{"rendered":"","protected":false},"author":2,"featured_media":0,"parent":0,"menu_order":0,"comment_status":"closed","ping_status":"closed","template":"","meta":{"_acf_changed":false,"inline_featured_image":false,"footnotes":""},"class_list":["post-540","page","type-page","status-publish","hentry"],"acf":[],"yoast_head":"<!-- This site is optimized with the Yoast SEO plugin v27.4 - https:\/\/yoast.com\/product\/yoast-seo-wordpress\/ -->\n<title>Lal - BioMarin Live Unlimited ES-ES<\/title>\n<meta name=\"robots\" content=\"index, follow, max-snippet:-1, max-image-preview:large, max-video-preview:-1\" \/>\n<link rel=\"canonical\" href=\"https:\/\/pku.biomarin.com\/es-es\/liveunlimited\/lal\/\" \/>\n<meta property=\"og:locale\" content=\"es_ES\" \/>\n<meta property=\"og:type\" content=\"article\" \/>\n<meta property=\"og:title\" content=\"Lal - BioMarin Live Unlimited ES-ES\" \/>\n<meta property=\"og:url\" content=\"https:\/\/pku.biomarin.com\/es-es\/liveunlimited\/lal\/\" \/>\n<meta property=\"og:site_name\" content=\"BioMarin Live Unlimited ES-ES\" \/>\n<meta property=\"article:modified_time\" content=\"2025-02-26T21:30:46+00:00\" \/>\n<meta name=\"twitter:card\" content=\"summary_large_image\" \/>\n<script type=\"application\/ld+json\" class=\"yoast-schema-graph\">{\"@context\":\"https:\\\/\\\/schema.org\",\"@graph\":[{\"@type\":\"WebPage\",\"@id\":\"https:\\\/\\\/pku.biomarin.com\\\/es-es\\\/liveunlimited\\\/lal\\\/\",\"url\":\"https:\\\/\\\/pku.biomarin.com\\\/es-es\\\/liveunlimited\\\/lal\\\/\",\"name\":\"Lal - BioMarin Live Unlimited ES-ES\",\"isPartOf\":{\"@id\":\"https:\\\/\\\/pku.biomarin.com\\\/es-es\\\/liveunlimited\\\/#website\"},\"datePublished\":\"2023-11-08T22:54:57+00:00\",\"dateModified\":\"2025-02-26T21:30:46+00:00\",\"breadcrumb\":{\"@id\":\"https:\\\/\\\/pku.biomarin.com\\\/es-es\\\/liveunlimited\\\/lal\\\/#breadcrumb\"},\"inLanguage\":\"es\",\"potentialAction\":[{\"@type\":\"ReadAction\",\"target\":[\"https:\\\/\\\/pku.biomarin.com\\\/es-es\\\/liveunlimited\\\/lal\\\/\"]}]},{\"@type\":\"BreadcrumbList\",\"@id\":\"https:\\\/\\\/pku.biomarin.com\\\/es-es\\\/liveunlimited\\\/lal\\\/#breadcrumb\",\"itemListElement\":[{\"@type\":\"ListItem\",\"position\":1,\"name\":\"Home\",\"item\":\"https:\\\/\\\/pku.biomarin.com\\\/es-es\\\/liveunlimited\\\/\"},{\"@type\":\"ListItem\",\"position\":2,\"name\":\"Lal\"}]},{\"@type\":\"WebSite\",\"@id\":\"https:\\\/\\\/pku.biomarin.com\\\/es-es\\\/liveunlimited\\\/#website\",\"url\":\"https:\\\/\\\/pku.biomarin.com\\\/es-es\\\/liveunlimited\\\/\",\"name\":\"BioMarin Live Unlimited ES-ES\",\"description\":\"\",\"potentialAction\":[{\"@type\":\"SearchAction\",\"target\":{\"@type\":\"EntryPoint\",\"urlTemplate\":\"https:\\\/\\\/pku.biomarin.com\\\/es-es\\\/liveunlimited\\\/?s={search_term_string}\"},\"query-input\":{\"@type\":\"PropertyValueSpecification\",\"valueRequired\":true,\"valueName\":\"search_term_string\"}}],\"inLanguage\":\"es\"}]}<\/script>\n<!-- \/ Yoast SEO plugin. -->","yoast_head_json":{"title":"Lal - BioMarin Live Unlimited ES-ES","robots":{"index":"index","follow":"follow","max-snippet":"max-snippet:-1","max-image-preview":"max-image-preview:large","max-video-preview":"max-video-preview:-1"},"canonical":"https:\/\/pku.biomarin.com\/es-es\/liveunlimited\/lal\/","og_locale":"es_ES","og_type":"article","og_title":"Lal - BioMarin Live Unlimited ES-ES","og_url":"https:\/\/pku.biomarin.com\/es-es\/liveunlimited\/lal\/","og_site_name":"BioMarin Live Unlimited ES-ES","article_modified_time":"2025-02-26T21:30:46+00:00","twitter_card":"summary_large_image","schema":{"@context":"https:\/\/schema.org","@graph":[{"@type":"WebPage","@id":"https:\/\/pku.biomarin.com\/es-es\/liveunlimited\/lal\/","url":"https:\/\/pku.biomarin.com\/es-es\/liveunlimited\/lal\/","name":"Lal - BioMarin Live Unlimited ES-ES","isPartOf":{"@id":"https:\/\/pku.biomarin.com\/es-es\/liveunlimited\/#website"},"datePublished":"2023-11-08T22:54:57+00:00","dateModified":"2025-02-26T21:30:46+00:00","breadcrumb":{"@id":"https:\/\/pku.biomarin.com\/es-es\/liveunlimited\/lal\/#breadcrumb"},"inLanguage":"es","potentialAction":[{"@type":"ReadAction","target":["https:\/\/pku.biomarin.com\/es-es\/liveunlimited\/lal\/"]}]},{"@type":"BreadcrumbList","@id":"https:\/\/pku.biomarin.com\/es-es\/liveunlimited\/lal\/#breadcrumb","itemListElement":[{"@type":"ListItem","position":1,"name":"Home","item":"https:\/\/pku.biomarin.com\/es-es\/liveunlimited\/"},{"@type":"ListItem","position":2,"name":"Lal"}]},{"@type":"WebSite","@id":"https:\/\/pku.biomarin.com\/es-es\/liveunlimited\/#website","url":"https:\/\/pku.biomarin.com\/es-es\/liveunlimited\/","name":"BioMarin Live Unlimited ES-ES","description":"","potentialAction":[{"@type":"SearchAction","target":{"@type":"EntryPoint","urlTemplate":"https:\/\/pku.biomarin.com\/es-es\/liveunlimited\/?s={search_term_string}"},"query-input":{"@type":"PropertyValueSpecification","valueRequired":true,"valueName":"search_term_string"}}],"inLanguage":"es"}]}},"_links":{"self":[{"href":"https:\/\/pku.biomarin.com\/es-es\/liveunlimited\/wp-json\/wp\/v2\/pages\/540","targetHints":{"allow":["GET"]}}],"collection":[{"href":"https:\/\/pku.biomarin.com\/es-es\/liveunlimited\/wp-json\/wp\/v2\/pages"}],"about":[{"href":"https:\/\/pku.biomarin.com\/es-es\/liveunlimited\/wp-json\/wp\/v2\/types\/page"}],"author":[{"embeddable":true,"href":"https:\/\/pku.biomarin.com\/es-es\/liveunlimited\/wp-json\/wp\/v2\/users\/2"}],"replies":[{"embeddable":true,"href":"https:\/\/pku.biomarin.com\/es-es\/liveunlimited\/wp-json\/wp\/v2\/comments?post=540"}],"version-history":[{"count":38,"href":"https:\/\/pku.biomarin.com\/es-es\/liveunlimited\/wp-json\/wp\/v2\/pages\/540\/revisions"}],"predecessor-version":[{"id":1528,"href":"https:\/\/pku.biomarin.com\/es-es\/liveunlimited\/wp-json\/wp\/v2\/pages\/540\/revisions\/1528"}],"wp:attachment":[{"href":"https:\/\/pku.biomarin.com\/es-es\/liveunlimited\/wp-json\/wp\/v2\/media?parent=540"}],"curies":[{"name":"wp","href":"https:\/\/api.w.org\/{rel}","templated":true}]}}