{"id":534,"date":"2023-11-08T22:53:38","date_gmt":"2023-11-08T22:53:38","guid":{"rendered":"https:\/\/liveunlimitedpku-dev-001.azurewebsites.net\/es-es\/?page_id=534"},"modified":"2025-02-26T21:31:05","modified_gmt":"2025-02-26T21:31:05","slug":"nicolo","status":"publish","type":"page","link":"https:\/\/pku.biomarin.com\/es-es\/liveunlimited\/nicolo\/","title":{"rendered":"Nicolo"},"content":{"rendered":"<div id=\"acf-block-655214fe71cc1\" class=\"hero hero-no-overlay hero-large-first-para\">\n            <div class=\"hero-background-image hero-background-image-desktop\" style=\"background-image: url(https:\/\/pku.biomarin.com\/es-es\/liveunlimited\/wp-content\/uploads\/sites\/17\/2024\/05\/nicolo-v4.jpg?v=0.74);\"><\/div>\n\t    <div class=\"hero-background-image hero-background-image-mobile\" style=\"background-image: url(https:\/\/pku.biomarin.com\/es-es\/liveunlimited\/wp-content\/uploads\/sites\/17\/2024\/05\/nicolo-v4.jpg?v=0.74);\"><\/div>\n    \t<div class=\"overlay\"><\/div>\n\t<div class=\"wrapper\">\n\t\t<div class=\"inner-wrapper\">\n\t\t\t<div class=\"hero-content\">\n\t\t\t    \t\t\t\t    <span class=\"section-title\">La vida es complicada cuando no tienes las herramientas necesarias<\/span>\n\t\t\t\t\t\t\t\t\t\t\t\t\t\t\t\t    <h1>NICOLO\n<\/h1>\n\t\t\t\t\t\t\t\t\t\t\t\t    <p>Italia<\/p>\n<p>A Nicol\u00f2 no le diagnosticaron PKU hasta los 18 meses de edad, algo inusual en los pacientes con PKU, dado que ahora la mayor\u00eda de ellos se detecta mediante el cribado neonatal, antes de que aparezcan los efectos nocivos de la enfermedad.<\/p>\n\t\t\t\t\t\t\t\t\n                <p class=\"inline-buttons\">\n                                                        <\/p>\n\t\t\t\t\t\t\t<\/div>\n\t\t<\/div>\n\t<\/div>\n<\/div>\n\n\n<div id=\"acf-block-655214fe71f68\" class=\"block next-previous block-tight-top\">\n    <div class=\"wrapper\">\n\t\t<div class=\"inner-wrapper\">\n            <div class=\"link link-prev\">\n                                    <p><a class=\"button button-text button-arrow button-arrow-left\" href=\"https:\/\/pku.biomarin.com\/es-es\/liveunlimited\/historias-en-video\/\" target=\"_self\">Volver a todas las historias en video<\/a><\/p>\n                            <\/div>\n            <div class=\"link link-next\">\n                            <\/div>\n\t\t<\/div>\n\t<\/div>\n<\/div>\n\n<div id=\"acf-block-655214fe7213a\" class=\"block wrapped-content\">\n    <div class=\"wrapper\">\n        <div class=\"inner-wrapper\">\n                \n<div id=\"acf-block-655214fe72282\" class=\"block-wysiwyg\">\n            <h2>\u00abIncluso sin un diagn\u00f3stico oficial de PKU, mi cuerpo mostraba los s\u00edntomas\u00bb<\/h2>\n<p><strong>\u00abPor ejemplo, cuando com\u00eda helado, mi cuerpo lo rechazaba. Cuando sal\u00eda del colegio y com\u00eda comida normal, ten\u00eda problemas de comportamiento; me sent\u00eda triste y me quejaba m\u00e1s\u00bb.<\/strong><\/p>\n<p>Los meses pasaban y Nicol\u00f2 no mejoraba, a pesar de que su madre y \u00e9l viajaron para ver a diversos m\u00e9dicos expertos en gen\u00e9tica de Italia en busca de respuestas. Durante todo este tiempo, Nicol\u00f2 experiment\u00f3 un intenso deterioro muscular y del habla y, con el tiempo, dej\u00f3 de poder caminar y de hablar, a pesar de recibir tratamiento rehabilitador. Fue finalmente su rehabilitador quien le recomend\u00f3 que acudiera a un centro m\u00e9dico pedi\u00e1trico de Florencia especializado en enfermedades raras, y all\u00ed finalmente se le diagnostic\u00f3 la PKU.<\/p>\n<p>Parte del peligro en los pacientes con un diagn\u00f3stico tard\u00edo es que la PKU no siempre da s\u00edntomas de inmediato, y esto significa que los ni\u00f1os pueden pasar a\u00f1os comiendo prote\u00ednas nocivas para ellos antes de presentar s\u00edntomas. Y en ese momento, puede ser demasiado tarde para el da\u00f1o cerebral.<\/p>\n<p>A pesar de que se le diagnostic\u00f3 la PKU de forma tard\u00eda, Nicol\u00f2 tuvo suerte.<\/p>\n<p><strong>\u00abMi experiencia fue muy distinta de la de otros pacientes con un diagn\u00f3stico tard\u00edo\u00bb, dice. \u00abAmigos m\u00edos de Europa y otros pacientes con un diagn\u00f3stico tard\u00edo han sufrido da\u00f1o cerebral permanente y problemas para caminar. Tuve mucha suerte de que mi cuerpo respondiera tan r\u00e1pido\u00bb.<\/strong><\/p>\n<p>Cuando se le diagn\u00f3stico la enfermedad, la madre y los abuelos de Nicol\u00f2 reaccionaron creando la asociaci\u00f3n de pacientes AMMEC y se pusieron en contacto con pacientes con PKU de toda Italia, Europa e incluso Canad\u00e1. Afortunadamente, esto significa que Nicol\u00f2 forma parte de una red de apoyo de pacientes que puede ser especialmente importante para viajar.<\/p>\n<p>Para los pacientes con PKU, viajar supone a menudo un obst\u00e1culo, dado que los servicios de apoyo disponibles en el extranjero son limitados y cualquier viaje requiere un esfuerzo sobrehumano para prepararlo, con consecuencias peligrosas si algo va mal, especialmente teniendo en cuenta que Nicol\u00f2 solo controla su PKU por medio de la dieta: \u00abNo puedo olvidarme de nada, es duro\u00bb.<\/p>\n<p>Otro aspecto de la vida de Nicol\u00f2 que \u00e9l no permite que le frene son los estudios.<\/p>\n<p>Como estudiante de derecho en la Universidad de Siena, Nicol\u00f2 est\u00e1 aprendiendo la legislaci\u00f3n europea. Espera poder usar sus conocimientos para provocar un cambio legislativo importante para la comunidad de las enfermedades raras.<\/p>\n    <\/div>\n        <\/div>\n    <\/div>\n<\/div>\n\n<div id=\"acf-block-655214fe72e82\" class=\"block split-content equal-bias bottom-border\" data-muted-autoplay=\"false\">\n\t<div class=\"wrapper\">\n\t\t<div class=\"inner-wrapper\">\n\t\t                                                                <div class=\"content-block first-block\">\n                                                                                                <h3>\u00abEs interesante combinar mi pasi\u00f3n por el derecho y mi pasi\u00f3n por los grupos sociales. Creo que es necesario que exista una legislaci\u00f3n com\u00fan para las personas con trastornos gen\u00e9ticos\u00bb.<\/h3>\n                                                                                    <\/div>\n                    \n                                            <div class=\"content-block second-block\">\n                                                                                                                                                                                                                                                                                    \n                                    \n                                                                                                                \n                                    \n                                    <figure>\n                                        <div class=\"image image-rounded\">\n                                                                                            <img decoding=\"async\" class=\"\" src=\"https:\/\/pku.biomarin.com\/es-es\/liveunlimited\/wp-content\/uploads\/sites\/17\/2023\/11\/Nicolo-06518-768x512-1.jpg?v=0.74\" alt=\"\" \/>                                                                                    <\/div>\n                                                                            <\/figure>\n                                                                                    <\/div>\n                                                \t\t<\/div>\n\t<\/div>\n<\/div>\n\n<div id=\"acf-block-655214fe72ed8\" class=\"block wrapped-content\">\n    <div class=\"wrapper\">\n        <div class=\"inner-wrapper\">\n                \n<div id=\"acf-block-655214fe72f0c\" class=\"block-wysiwyg\">\n            <p>Sin embargo, a pesar de su estricto seguimiento de la dieta para la PKU, sabe que la PKU afecta algo a sus estudios, especialmente si sus niveles de Phe est\u00e1n demasiado altos o bajos.<\/p>\n<p><strong>\u00abCuando los niveles est\u00e1n perfectos, estoy muy concentrado y hago bien mis tareas. Pero cuando los niveles est\u00e1n bajos o altos, es muy dif\u00edcil concentrarse\u00bb.<\/strong><\/p>\n<p>A pesar de todo, Nicol\u00f2 considera que la PKU es parte de \u00e9l y que con un buen control y el apoyo de los servicios m\u00e9dicos, los pacientes con PKU pueden vivir sus vidas plenamente.<\/p>\n<p>Esto es lo \u00fanico que no le genera timidez en su vida.<\/p>\n<p>Con toda su experiencia en los retos de la PKU, Nicol\u00f2 espera que aumente el inter\u00e9s por los trastornos gen\u00e9ticos raros en toda Europa y que se garantice a todas las personas un acceso igualitario a los servicios de apoyo.<\/p>\n<p><strong>\u00abSolo en Italia tenemos veinte regiones diferentes con distintas situaciones. En muchos pa\u00edses europeos es complicado para los pacientes\u00bb.<\/strong><\/p>\n<p>Una parte fundamental del reto para los pacientes con PKU es la desconexi\u00f3n entre los servicios infantiles y del adulto. Porque la PKU se considera generalmente una enfermedad de la infancia, muchos adolescentes se acercan a la edad adulta sin saber qu\u00e9 suceder\u00e1 a continuaci\u00f3n, precisamente en el momento m\u00e1s crucial para ellos.<\/p>\n<p><strong>\u00abLa PKU no es una enfermedad de la infancia. El motivo por el que se la trata como una enfermedad de la infancia es que no se tiene en cuenta a los adultos en absoluto. Los adultos se hacen una prueba en sangre por punci\u00f3n una vez al a\u00f1o y durante el resto del a\u00f1o no saben nada de su estado\u00bb.<\/strong><\/p>\n    <\/div>\n        <\/div>\n    <\/div>\n<\/div>\n\n<div id=\"acf-block-655214fe72fa0\" class=\"block split-content equal-bias bottom-border\" data-muted-autoplay=\"false\">\n\t<div class=\"wrapper\">\n\t\t<div class=\"inner-wrapper\">\n\t\t                                                                <div class=\"content-block first-block\">\n                                                                                                                                                                                                                                                <div class=\"video-poster\">\n\t\t\t                            <a class=\"modal-video permitted\" href=\"https:\/\/player.vimeo.com\/video\/1035832226\" style=\"background-image: url(https:\/\/pku.biomarin.com\/es-es\/liveunlimited\/wp-content\/uploads\/sites\/17\/2023\/11\/2023-11-13-12h32m24s837-1500x844.png);\">Play<\/a>\n\t\t                            <\/div>\n                                    \n                                                                                                                    \n                                                                                                                \n\t\t                                                                            <\/div>\n                    \n                                            <div class=\"content-block second-block\">\n                                                                                                <h3>Nicol\u00f2 cree que los adultos necesitan m\u00e1s servicios de apoyo social de sus m\u00e9dicos y un contacto regular con ellos.<\/h3>\n<p><em>\u00abSi podemos crear v\u00ednculos con los adultos y estos pueden ver a sus m\u00e9dicos m\u00e1s de una vez al a\u00f1o, podemos crear conexiones, y esto supone una enorme diferencia. Es muy dif\u00edcil controlar la PKU uno solo.\u00bb<\/em><\/p>\n<p><strong>&lt; Mira la historia de Nicol\u00f2<\/strong><\/p>\n                                                                                    <\/div>\n                                                \t\t<\/div>\n\t<\/div>\n<\/div>\n\n<div id=\"acf-block-655214fe72ff8\" class=\"block next-previous\">\n    <div class=\"wrapper\">\n\t\t<div class=\"inner-wrapper\">\n            <div class=\"link link-prev\">\n                                    <p><a class=\"button button-text button-arrow button-arrow-left\" href=\"https:\/\/pku.biomarin.com\/es-es\/liveunlimited\/antoine\/\" target=\"_self\">Antoine<\/a><\/p>\n                            <\/div>\n            <div class=\"link link-next\">\n                                    <p><a class=\"button button-text button-arrow\" href=\"https:\/\/pku.biomarin.com\/es-es\/liveunlimited\/raquel\/\" target=\"_self\">Raquel<\/a><\/p>\n                            <\/div>\n\t\t<\/div>\n\t<\/div>\n<\/div>","protected":false},"excerpt":{"rendered":"","protected":false},"author":2,"featured_media":0,"parent":0,"menu_order":0,"comment_status":"closed","ping_status":"closed","template":"","meta":{"_acf_changed":false,"inline_featured_image":false,"footnotes":""},"class_list":["post-534","page","type-page","status-publish","hentry"],"acf":[],"yoast_head":"<!-- This site is optimized with the Yoast SEO plugin v27.4 - https:\/\/yoast.com\/product\/yoast-seo-wordpress\/ -->\n<title>Nicolo - BioMarin Live Unlimited ES-ES<\/title>\n<meta name=\"robots\" content=\"index, follow, max-snippet:-1, max-image-preview:large, max-video-preview:-1\" \/>\n<link rel=\"canonical\" href=\"https:\/\/pku.biomarin.com\/es-es\/liveunlimited\/nicolo\/\" \/>\n<meta property=\"og:locale\" content=\"es_ES\" \/>\n<meta property=\"og:type\" content=\"article\" \/>\n<meta property=\"og:title\" content=\"Nicolo - BioMarin Live Unlimited ES-ES\" \/>\n<meta property=\"og:url\" content=\"https:\/\/pku.biomarin.com\/es-es\/liveunlimited\/nicolo\/\" \/>\n<meta property=\"og:site_name\" content=\"BioMarin Live Unlimited ES-ES\" \/>\n<meta property=\"article:modified_time\" content=\"2025-02-26T21:31:05+00:00\" \/>\n<meta name=\"twitter:card\" content=\"summary_large_image\" \/>\n<script type=\"application\/ld+json\" class=\"yoast-schema-graph\">{\"@context\":\"https:\\\/\\\/schema.org\",\"@graph\":[{\"@type\":\"WebPage\",\"@id\":\"https:\\\/\\\/pku.biomarin.com\\\/es-es\\\/liveunlimited\\\/nicolo\\\/\",\"url\":\"https:\\\/\\\/pku.biomarin.com\\\/es-es\\\/liveunlimited\\\/nicolo\\\/\",\"name\":\"Nicolo - BioMarin Live Unlimited ES-ES\",\"isPartOf\":{\"@id\":\"https:\\\/\\\/pku.biomarin.com\\\/es-es\\\/liveunlimited\\\/#website\"},\"datePublished\":\"2023-11-08T22:53:38+00:00\",\"dateModified\":\"2025-02-26T21:31:05+00:00\",\"breadcrumb\":{\"@id\":\"https:\\\/\\\/pku.biomarin.com\\\/es-es\\\/liveunlimited\\\/nicolo\\\/#breadcrumb\"},\"inLanguage\":\"es\",\"potentialAction\":[{\"@type\":\"ReadAction\",\"target\":[\"https:\\\/\\\/pku.biomarin.com\\\/es-es\\\/liveunlimited\\\/nicolo\\\/\"]}]},{\"@type\":\"BreadcrumbList\",\"@id\":\"https:\\\/\\\/pku.biomarin.com\\\/es-es\\\/liveunlimited\\\/nicolo\\\/#breadcrumb\",\"itemListElement\":[{\"@type\":\"ListItem\",\"position\":1,\"name\":\"Home\",\"item\":\"https:\\\/\\\/pku.biomarin.com\\\/es-es\\\/liveunlimited\\\/\"},{\"@type\":\"ListItem\",\"position\":2,\"name\":\"Nicolo\"}]},{\"@type\":\"WebSite\",\"@id\":\"https:\\\/\\\/pku.biomarin.com\\\/es-es\\\/liveunlimited\\\/#website\",\"url\":\"https:\\\/\\\/pku.biomarin.com\\\/es-es\\\/liveunlimited\\\/\",\"name\":\"BioMarin Live Unlimited ES-ES\",\"description\":\"\",\"potentialAction\":[{\"@type\":\"SearchAction\",\"target\":{\"@type\":\"EntryPoint\",\"urlTemplate\":\"https:\\\/\\\/pku.biomarin.com\\\/es-es\\\/liveunlimited\\\/?s={search_term_string}\"},\"query-input\":{\"@type\":\"PropertyValueSpecification\",\"valueRequired\":true,\"valueName\":\"search_term_string\"}}],\"inLanguage\":\"es\"}]}<\/script>\n<!-- \/ Yoast SEO plugin. -->","yoast_head_json":{"title":"Nicolo - BioMarin Live Unlimited ES-ES","robots":{"index":"index","follow":"follow","max-snippet":"max-snippet:-1","max-image-preview":"max-image-preview:large","max-video-preview":"max-video-preview:-1"},"canonical":"https:\/\/pku.biomarin.com\/es-es\/liveunlimited\/nicolo\/","og_locale":"es_ES","og_type":"article","og_title":"Nicolo - BioMarin Live Unlimited ES-ES","og_url":"https:\/\/pku.biomarin.com\/es-es\/liveunlimited\/nicolo\/","og_site_name":"BioMarin Live Unlimited ES-ES","article_modified_time":"2025-02-26T21:31:05+00:00","twitter_card":"summary_large_image","schema":{"@context":"https:\/\/schema.org","@graph":[{"@type":"WebPage","@id":"https:\/\/pku.biomarin.com\/es-es\/liveunlimited\/nicolo\/","url":"https:\/\/pku.biomarin.com\/es-es\/liveunlimited\/nicolo\/","name":"Nicolo - BioMarin Live Unlimited ES-ES","isPartOf":{"@id":"https:\/\/pku.biomarin.com\/es-es\/liveunlimited\/#website"},"datePublished":"2023-11-08T22:53:38+00:00","dateModified":"2025-02-26T21:31:05+00:00","breadcrumb":{"@id":"https:\/\/pku.biomarin.com\/es-es\/liveunlimited\/nicolo\/#breadcrumb"},"inLanguage":"es","potentialAction":[{"@type":"ReadAction","target":["https:\/\/pku.biomarin.com\/es-es\/liveunlimited\/nicolo\/"]}]},{"@type":"BreadcrumbList","@id":"https:\/\/pku.biomarin.com\/es-es\/liveunlimited\/nicolo\/#breadcrumb","itemListElement":[{"@type":"ListItem","position":1,"name":"Home","item":"https:\/\/pku.biomarin.com\/es-es\/liveunlimited\/"},{"@type":"ListItem","position":2,"name":"Nicolo"}]},{"@type":"WebSite","@id":"https:\/\/pku.biomarin.com\/es-es\/liveunlimited\/#website","url":"https:\/\/pku.biomarin.com\/es-es\/liveunlimited\/","name":"BioMarin Live Unlimited ES-ES","description":"","potentialAction":[{"@type":"SearchAction","target":{"@type":"EntryPoint","urlTemplate":"https:\/\/pku.biomarin.com\/es-es\/liveunlimited\/?s={search_term_string}"},"query-input":{"@type":"PropertyValueSpecification","valueRequired":true,"valueName":"search_term_string"}}],"inLanguage":"es"}]}},"_links":{"self":[{"href":"https:\/\/pku.biomarin.com\/es-es\/liveunlimited\/wp-json\/wp\/v2\/pages\/534","targetHints":{"allow":["GET"]}}],"collection":[{"href":"https:\/\/pku.biomarin.com\/es-es\/liveunlimited\/wp-json\/wp\/v2\/pages"}],"about":[{"href":"https:\/\/pku.biomarin.com\/es-es\/liveunlimited\/wp-json\/wp\/v2\/types\/page"}],"author":[{"embeddable":true,"href":"https:\/\/pku.biomarin.com\/es-es\/liveunlimited\/wp-json\/wp\/v2\/users\/2"}],"replies":[{"embeddable":true,"href":"https:\/\/pku.biomarin.com\/es-es\/liveunlimited\/wp-json\/wp\/v2\/comments?post=534"}],"version-history":[{"count":54,"href":"https:\/\/pku.biomarin.com\/es-es\/liveunlimited\/wp-json\/wp\/v2\/pages\/534\/revisions"}],"predecessor-version":[{"id":1538,"href":"https:\/\/pku.biomarin.com\/es-es\/liveunlimited\/wp-json\/wp\/v2\/pages\/534\/revisions\/1538"}],"wp:attachment":[{"href":"https:\/\/pku.biomarin.com\/es-es\/liveunlimited\/wp-json\/wp\/v2\/media?parent=534"}],"curies":[{"name":"wp","href":"https:\/\/api.w.org\/{rel}","templated":true}]}}