{"id":532,"date":"2023-11-08T22:52:58","date_gmt":"2023-11-08T22:52:58","guid":{"rendered":"https:\/\/liveunlimitedpku-dev-001.azurewebsites.net\/es-es\/?page_id=532"},"modified":"2025-02-26T21:29:44","modified_gmt":"2025-02-26T21:29:44","slug":"raquel","status":"publish","type":"page","link":"https:\/\/pku.biomarin.com\/es-es\/liveunlimited\/raquel\/","title":{"rendered":"Raquel"},"content":{"rendered":"<div id=\"acf-block-65520490af7c6\" class=\"hero hero-no-overlay hero-large-first-para\">\n            <div class=\"hero-background-image hero-background-image-desktop\" style=\"background-image: url(https:\/\/pku.biomarin.com\/es-es\/liveunlimited\/wp-content\/uploads\/sites\/17\/2023\/11\/raquel-header.jpg?v=0.74);\"><\/div>\n\t    <div class=\"hero-background-image hero-background-image-mobile\" style=\"background-image: url(https:\/\/pku.biomarin.com\/es-es\/liveunlimited\/wp-content\/uploads\/sites\/17\/2023\/11\/raquel-header.jpg?v=0.74);\"><\/div>\n    \t<div class=\"overlay\"><\/div>\n\t<div class=\"wrapper\">\n\t\t<div class=\"inner-wrapper\">\n\t\t\t<div class=\"hero-content\">\n\t\t\t    \t\t\t\t    <span class=\"section-title\">La vida es complicada cuando no tienes las herramientas necesarias<\/span>\n\t\t\t\t\t\t\t\t\t\t\t\t\t\t\t\t    <h1>RAQUEL\n<\/h1>\n\t\t\t\t\t\t\t\t\t\t\t\t    <p>Espa\u00f1a<\/p>\n<p>Raquel tiene una personalidad en\u00e9rgica. Es dif\u00edcil no sonre\u00edr y ser positivo a su lado. Agradece los cuidados que ha recibido de su m\u00e9dico de atenci\u00f3n primaria y la relaci\u00f3n que ha establecido con \u00e9l. No obstante, sigue firme en su convicci\u00f3n de que se requieren m\u00e1s herramientas para apoyar a los adultos con PKU.<\/p>\n\t\t\t\t\t\t\t\t\n                <p class=\"inline-buttons\">\n                                                        <\/p>\n\t\t\t\t\t\t\t<\/div>\n\t\t<\/div>\n\t<\/div>\n<\/div>\n\n\n<div id=\"acf-block-6552051332140\" class=\"block next-previous block-tight-top\">\n    <div class=\"wrapper\">\n\t\t<div class=\"inner-wrapper\">\n            <div class=\"link link-prev\">\n                                    <p><a class=\"button button-text button-arrow button-arrow-left\" href=\"https:\/\/pku.biomarin.com\/es-es\/liveunlimited\/historias-en-video\/\" target=\"_self\">Volver a todas las historias en video<\/a><\/p>\n                            <\/div>\n            <div class=\"link link-next\">\n                            <\/div>\n\t\t<\/div>\n\t<\/div>\n<\/div>\n\n<div id=\"acf-block-655206d94332a\" class=\"block wrapped-content\">\n    <div class=\"wrapper\">\n        <div class=\"inner-wrapper\">\n                \n<div id=\"acf-block-655206d943470\" class=\"block-wysiwyg\">\n            <h2>Al igual que la mayor\u00eda de los pacientes con PKU, fue atendida por un pediatra hasta el final de la tercera d\u00e9cada de la vida.<\/h2>\n<p><strong>\u201cEn Galicia, tenemos suerte porque tenemos un gran equipo\u201d<\/strong> afirma Raquel. \u201cPero cuando hice la transici\u00f3n de la unidad pedi\u00e1trica a la unidad para adultos ten\u00eda ya 27 a\u00f1os, porque no hab\u00eda suficientes pacientes para justificar la existencia de una unidad para adultos\u201d<\/p>\n<p>Raquel, que ahora tiene 33 a\u00f1os, no deja que su trastorno le impida vivir su vida de forma plena. <strong>Sus padres, su marido y sus amigos son su sistema de apoyo<\/strong>. Junto con sus aficiones, ellos act\u00faan como \u201calertas\u201d, como ella los llama, para cuando sus niveles de Phe en sangre est\u00e1n m\u00e1s altos de lo habitual y empiezan a aparecer los s\u00edntomas.<\/p>\n<p>\u201cPatino sobre ruedas, bailo y esto me sirve para comprobar mis niveles. S\u00e9 que hay un problema cuando dedico demasiado tiempo a aprender algo nuevo o a intentar una t\u00e9cnica que ya conozco. Mi madre tambi\u00e9n act\u00faa como alerta. Cuando me ve de mal humor, siempre me pregunta por mis niveles de Phe, igual que mi marido. <strong>\u00c9l siempre est\u00e1 pendiente de cu\u00e1ntas prote\u00ednas tomo, qu\u00e9 como cuando salimos y c\u00f3mo me siento\u201d<\/strong>, reconoce.<\/p>\n    <\/div>\n        <\/div>\n    <\/div>\n<\/div>\n\n<div id=\"acf-block-655206d94409a\" class=\"block split-content equal-bias content-reverse bottom-border\" data-muted-autoplay=\"false\">\n\t<div class=\"wrapper\">\n\t\t<div class=\"inner-wrapper\">\n\t\t                                                                <div class=\"content-block first-block\">\n                                                                                                                                                                                                                                                                                    \n                                    \n                                                                                                                \n                                    \n                                    <figure>\n                                        <div class=\"image image-rounded\">\n                                                                                            <img decoding=\"async\" class=\"\" src=\"https:\/\/pku.biomarin.com\/es-es\/liveunlimited\/wp-content\/uploads\/sites\/17\/2023\/11\/Raquel-07555-768x512-1.jpg?v=0.74\" alt=\"Photo of Raquel, arms folded against a white wall.\" \/>                                                                                    <\/div>\n                                                                            <\/figure>\n                                                                                    <\/div>\n                    \n                                            <div class=\"content-block second-block\">\n                                                                                                <h3>La opini\u00f3n del especialista<\/h3>\n<p>Por su parte, el <strong>Dr. \u00c1lvaro Hermida, de la Unidad de Enfermedades Metab\u00f3licas Cong\u00e9nitas de Santiago de Compostela (Galicia)<\/strong>, afirma convencido: \u201cLos especialistas necesitamos, tanto en el \u00e1rea de pediatr\u00eda como en el de adultos, <strong>personal cualificado y entrenado en el \u00e1mbito de la nutrici\u00f3n<\/strong>, ya que muchos de estos pacientes necesitan un seguimiento personalizado y hacer una adecuaci\u00f3n de sus recomendaciones diet\u00e9ticas en cada caso\u201d.<\/p>\n<p>Asimismo, este especialista recuerda que una de las principales comorbilidades que aparecen, sobre todo en la edad adulta como consecuencia de un mal control, son las <strong>alteraciones neurol\u00f3gicas<\/strong>. \u201cPara nosotros es esencial la existencia de <strong>tests espec\u00edficos<\/strong> capaces de detectar de forma precoz esas alteraciones neurol\u00f3gicas\u201d, se\u00f1ala.<\/p>\n<p>Otra de las herramientas m\u00e1s importantes que los especialistas necesitan, concluye el Dr. Hermida, es \u201c<strong>personal cualificado en la valoraci\u00f3n neurol\u00f3gica y neuropsicol\u00f3gica del paciente<\/strong>, principalmente en la edad adulta\u201d.<\/p>\n                                                                                    <\/div>\n                                                \t\t<\/div>\n\t<\/div>\n<\/div>\n\n<div id=\"acf-block-655206d9440f5\" class=\"block wrapped-content\">\n    <div class=\"wrapper\">\n        <div class=\"inner-wrapper\">\n                \n<div id=\"acf-block-655206d94411c\" class=\"block-wysiwyg\">\n            <h3>La importancia de un mayor apoyo para sobrellevar la PKU<\/h3>\n<p>En cuanto a los s\u00edntomas de la PKU, Raquel considera que la dificultad para concentrarse es lo que percibe en caso de tener los niveles altos. Sol\u00eda patinar en competiciones nacionales e internacionales y necesitas concentrarte para hacer la coreograf\u00eda y coordinarte con tu equipo. \u201cLos niveles de fenilalanina pueden dificultar esa tarea. Por eso tienes que estar alerta todos los d\u00edas. <strong>Necesitas conocerte a ti misma, saber cu\u00e1ndo empiezas a tener problemas de concentraci\u00f3n y controlar tus niveles<\/strong>\u201d, asegura.<\/p>\n<p>Habiendo aprendido las particularidades de la PKU y los peligros de consumir prote\u00ednas a una edad temprana, Raquel lleva controlando la enfermedad toda su vida. Por este motivo considera que es <strong>sumamente importante que todos los pacientes sean independientes y se conozcan realmente a s\u00ed mismos<\/strong>. Asimismo, desea un <strong>mayor apoyo del sistema sanitario y, en particular, una mejor comunicaci\u00f3n entre los profesionales sanitarios<\/strong>.<\/p>\n<p><strong>\u00abEn algunos lugares como Madrid, tienen dos centros de referencia y la mayor\u00eda de los pacientes tiene su m\u00e9dico de atenci\u00f3n primaria en el mismo lugar que su especialista, son compa\u00f1eros, por lo que hablan entre s\u00ed. En mi caso, tenemos acceso a un equipo y a una unidad que controla nuestra dieta y los resultados de nuestros an\u00e1lisis de sangre para asegurarse de que todo est\u00e1 bien. Pero mi m\u00e9dico de atenci\u00f3n primaria no est\u00e1 en Santiago. Si sucede algo, no tienen un protocolo. Tienen la informaci\u00f3n, pero simplemente no tienen la comunicaci\u00f3n\u00bb.<\/strong><\/p>\n    <\/div>\n        <\/div>\n    <\/div>\n<\/div>\n\n<div id=\"acf-block-655206d9441ac\" class=\"block split-content equal-bias bottom-border\" data-muted-autoplay=\"false\">\n\t<div class=\"wrapper\">\n\t\t<div class=\"inner-wrapper\">\n\t\t                                                                <div class=\"content-block first-block\">\n                                                                                                                                                                                                                                                <div class=\"video-poster\">\n\t\t\t                            <a class=\"modal-video permitted\" href=\"https:\/\/player.vimeo.com\/video\/1035832196\" style=\"background-image: url(https:\/\/pku.biomarin.com\/es-es\/liveunlimited\/wp-content\/uploads\/sites\/17\/2023\/11\/2023-11-13-11h45m26s007-1500x844.jpg);\">Play<\/a>\n\t\t                            <\/div>\n                                    \n                                                                                                                    \n                                                                                                                \n\t\t                                                                            <\/div>\n                    \n                                            <div class=\"content-block second-block\">\n                                                                                                <p>Mirando al futuro, Raquel se siente insegura, pero quiere que <strong>los pacientes m\u00e1s j\u00f3venes aprendan de su experiencia<\/strong>. \u201cCreo que una de las cosas que preocupa a los pacientes con PKU de mi edad es qu\u00e9 suceder\u00e1 en el futuro. En mi caso, formo parte de la primera generaci\u00f3n a la que se detect\u00f3 la enfermedad en el momento del nacimiento, as\u00ed que en estos momentos no hay informaci\u00f3n sobre una persona de 50 a\u00f1os tratada desde el nacimiento. Esto puede asustar, no sabemos qu\u00e9 esperar. La PKU es un trastorno grave y, si no la tratas desde el principio, puede tener consecuencias. Necesitas seguir un tratamiento estricto. <strong>Mi deseo es poder ser un paciente que pueda servir de referencia para generaciones m\u00e1s j\u00f3venes con PKU<\/strong>\u201d.<\/p>\n                                                                                    <\/div>\n                                                \t\t<\/div>\n\t<\/div>\n<\/div>\n\n<div id=\"acf-block-65520eeedc820\" class=\"block next-previous\">\n    <div class=\"wrapper\">\n\t\t<div class=\"inner-wrapper\">\n            <div class=\"link link-prev\">\n                                    <p><a class=\"button button-text button-arrow button-arrow-left\" href=\"https:\/\/pku.biomarin.com\/es-es\/liveunlimited\/nicolo\/\" target=\"_self\">Nicol\u00f2<\/a><\/p>\n                            <\/div>\n            <div class=\"link link-next\">\n                            <\/div>\n\t\t<\/div>\n\t<\/div>\n<\/div>","protected":false},"excerpt":{"rendered":"","protected":false},"author":2,"featured_media":0,"parent":0,"menu_order":0,"comment_status":"closed","ping_status":"closed","template":"","meta":{"_acf_changed":false,"inline_featured_image":false,"footnotes":""},"class_list":["post-532","page","type-page","status-publish","hentry"],"acf":[],"yoast_head":"<!-- This site is optimized with the Yoast SEO plugin v27.4 - https:\/\/yoast.com\/product\/yoast-seo-wordpress\/ -->\n<title>Raquel - BioMarin Live Unlimited ES-ES<\/title>\n<meta name=\"robots\" content=\"index, follow, max-snippet:-1, max-image-preview:large, max-video-preview:-1\" \/>\n<link rel=\"canonical\" href=\"https:\/\/pku.biomarin.com\/es-es\/liveunlimited\/raquel\/\" \/>\n<meta property=\"og:locale\" content=\"es_ES\" \/>\n<meta property=\"og:type\" content=\"article\" \/>\n<meta property=\"og:title\" content=\"Raquel - BioMarin Live Unlimited ES-ES\" \/>\n<meta property=\"og:url\" content=\"https:\/\/pku.biomarin.com\/es-es\/liveunlimited\/raquel\/\" \/>\n<meta property=\"og:site_name\" content=\"BioMarin Live Unlimited ES-ES\" \/>\n<meta property=\"article:modified_time\" content=\"2025-02-26T21:29:44+00:00\" \/>\n<meta name=\"twitter:card\" content=\"summary_large_image\" \/>\n<script type=\"application\/ld+json\" class=\"yoast-schema-graph\">{\"@context\":\"https:\\\/\\\/schema.org\",\"@graph\":[{\"@type\":\"WebPage\",\"@id\":\"https:\\\/\\\/pku.biomarin.com\\\/es-es\\\/liveunlimited\\\/raquel\\\/\",\"url\":\"https:\\\/\\\/pku.biomarin.com\\\/es-es\\\/liveunlimited\\\/raquel\\\/\",\"name\":\"Raquel - BioMarin Live Unlimited ES-ES\",\"isPartOf\":{\"@id\":\"https:\\\/\\\/pku.biomarin.com\\\/es-es\\\/liveunlimited\\\/#website\"},\"datePublished\":\"2023-11-08T22:52:58+00:00\",\"dateModified\":\"2025-02-26T21:29:44+00:00\",\"breadcrumb\":{\"@id\":\"https:\\\/\\\/pku.biomarin.com\\\/es-es\\\/liveunlimited\\\/raquel\\\/#breadcrumb\"},\"inLanguage\":\"es\",\"potentialAction\":[{\"@type\":\"ReadAction\",\"target\":[\"https:\\\/\\\/pku.biomarin.com\\\/es-es\\\/liveunlimited\\\/raquel\\\/\"]}]},{\"@type\":\"BreadcrumbList\",\"@id\":\"https:\\\/\\\/pku.biomarin.com\\\/es-es\\\/liveunlimited\\\/raquel\\\/#breadcrumb\",\"itemListElement\":[{\"@type\":\"ListItem\",\"position\":1,\"name\":\"Home\",\"item\":\"https:\\\/\\\/pku.biomarin.com\\\/es-es\\\/liveunlimited\\\/\"},{\"@type\":\"ListItem\",\"position\":2,\"name\":\"Raquel\"}]},{\"@type\":\"WebSite\",\"@id\":\"https:\\\/\\\/pku.biomarin.com\\\/es-es\\\/liveunlimited\\\/#website\",\"url\":\"https:\\\/\\\/pku.biomarin.com\\\/es-es\\\/liveunlimited\\\/\",\"name\":\"BioMarin Live Unlimited ES-ES\",\"description\":\"\",\"potentialAction\":[{\"@type\":\"SearchAction\",\"target\":{\"@type\":\"EntryPoint\",\"urlTemplate\":\"https:\\\/\\\/pku.biomarin.com\\\/es-es\\\/liveunlimited\\\/?s={search_term_string}\"},\"query-input\":{\"@type\":\"PropertyValueSpecification\",\"valueRequired\":true,\"valueName\":\"search_term_string\"}}],\"inLanguage\":\"es\"}]}<\/script>\n<!-- \/ Yoast SEO plugin. -->","yoast_head_json":{"title":"Raquel - BioMarin Live Unlimited ES-ES","robots":{"index":"index","follow":"follow","max-snippet":"max-snippet:-1","max-image-preview":"max-image-preview:large","max-video-preview":"max-video-preview:-1"},"canonical":"https:\/\/pku.biomarin.com\/es-es\/liveunlimited\/raquel\/","og_locale":"es_ES","og_type":"article","og_title":"Raquel - BioMarin Live Unlimited ES-ES","og_url":"https:\/\/pku.biomarin.com\/es-es\/liveunlimited\/raquel\/","og_site_name":"BioMarin Live Unlimited ES-ES","article_modified_time":"2025-02-26T21:29:44+00:00","twitter_card":"summary_large_image","schema":{"@context":"https:\/\/schema.org","@graph":[{"@type":"WebPage","@id":"https:\/\/pku.biomarin.com\/es-es\/liveunlimited\/raquel\/","url":"https:\/\/pku.biomarin.com\/es-es\/liveunlimited\/raquel\/","name":"Raquel - BioMarin Live Unlimited ES-ES","isPartOf":{"@id":"https:\/\/pku.biomarin.com\/es-es\/liveunlimited\/#website"},"datePublished":"2023-11-08T22:52:58+00:00","dateModified":"2025-02-26T21:29:44+00:00","breadcrumb":{"@id":"https:\/\/pku.biomarin.com\/es-es\/liveunlimited\/raquel\/#breadcrumb"},"inLanguage":"es","potentialAction":[{"@type":"ReadAction","target":["https:\/\/pku.biomarin.com\/es-es\/liveunlimited\/raquel\/"]}]},{"@type":"BreadcrumbList","@id":"https:\/\/pku.biomarin.com\/es-es\/liveunlimited\/raquel\/#breadcrumb","itemListElement":[{"@type":"ListItem","position":1,"name":"Home","item":"https:\/\/pku.biomarin.com\/es-es\/liveunlimited\/"},{"@type":"ListItem","position":2,"name":"Raquel"}]},{"@type":"WebSite","@id":"https:\/\/pku.biomarin.com\/es-es\/liveunlimited\/#website","url":"https:\/\/pku.biomarin.com\/es-es\/liveunlimited\/","name":"BioMarin Live Unlimited ES-ES","description":"","potentialAction":[{"@type":"SearchAction","target":{"@type":"EntryPoint","urlTemplate":"https:\/\/pku.biomarin.com\/es-es\/liveunlimited\/?s={search_term_string}"},"query-input":{"@type":"PropertyValueSpecification","valueRequired":true,"valueName":"search_term_string"}}],"inLanguage":"es"}]}},"_links":{"self":[{"href":"https:\/\/pku.biomarin.com\/es-es\/liveunlimited\/wp-json\/wp\/v2\/pages\/532","targetHints":{"allow":["GET"]}}],"collection":[{"href":"https:\/\/pku.biomarin.com\/es-es\/liveunlimited\/wp-json\/wp\/v2\/pages"}],"about":[{"href":"https:\/\/pku.biomarin.com\/es-es\/liveunlimited\/wp-json\/wp\/v2\/types\/page"}],"author":[{"embeddable":true,"href":"https:\/\/pku.biomarin.com\/es-es\/liveunlimited\/wp-json\/wp\/v2\/users\/2"}],"replies":[{"embeddable":true,"href":"https:\/\/pku.biomarin.com\/es-es\/liveunlimited\/wp-json\/wp\/v2\/comments?post=532"}],"version-history":[{"count":58,"href":"https:\/\/pku.biomarin.com\/es-es\/liveunlimited\/wp-json\/wp\/v2\/pages\/532\/revisions"}],"predecessor-version":[{"id":1525,"href":"https:\/\/pku.biomarin.com\/es-es\/liveunlimited\/wp-json\/wp\/v2\/pages\/532\/revisions\/1525"}],"wp:attachment":[{"href":"https:\/\/pku.biomarin.com\/es-es\/liveunlimited\/wp-json\/wp\/v2\/media?parent=532"}],"curies":[{"name":"wp","href":"https:\/\/api.w.org\/{rel}","templated":true}]}}