{"id":53,"date":"2023-11-06T10:45:33","date_gmt":"2023-11-06T10:45:33","guid":{"rendered":"https:\/\/liveunlimitedpku-dev-001.azurewebsites.net\/es-es\/?page_id=53"},"modified":"2024-12-07T21:29:50","modified_gmt":"2024-12-07T21:29:50","slug":"que-tiene-que-cambiar","status":"publish","type":"page","link":"https:\/\/pku.biomarin.com\/es-es\/liveunlimited\/que-tiene-que-cambiar\/","title":{"rendered":"\u00bfQu\u00e9 tiene que cambiar?"},"content":{"rendered":"<div id=\"acf-block-6548e1451705a\" class=\"hero hero-no-overlay\">\n            <div class=\"hero-background-image hero-background-image-desktop\" style=\"background-image: url(https:\/\/pku.biomarin.com\/es-es\/liveunlimited\/wp-content\/uploads\/sites\/17\/2023\/11\/notebookB.png?v=0.74);\"><\/div>\n\t    <div class=\"hero-background-image hero-background-image-mobile\" style=\"background-image: url(https:\/\/pku.biomarin.com\/es-es\/liveunlimited\/wp-content\/uploads\/sites\/17\/2023\/11\/Notebook.png?v=0.74);\"><\/div>\n    \t<div class=\"overlay\"><\/div>\n\t<div class=\"wrapper\">\n\t\t<div class=\"inner-wrapper\">\n\t\t\t<div class=\"hero-content\">\n\t\t\t    \t\t\t\t    <span class=\"section-title\">La vida es complicada cuando no tienes las herramientas necesarias<\/span>\n\t\t\t\t\t\t\t\t\t\t\t\t\t\t\t\t    <h1>\u00bfQU\u00c9 TIENE QUE CAMBIAR?\n<\/h1>\n\t\t\t\t\t\t\t\t\t\t\t\t    <p>Reclamamos una provisi\u00f3n uniforme de especialistas en metabolismo del adulto, dietistas y apoyo psicol\u00f3gico para todas las personas adultas con PKU de Europa.<\/p>\n\t\t\t\t\t\t\t\t\n                <p class=\"inline-buttons\">\n                                                        <\/p>\n\t\t\t\t\t\t\t<\/div>\n\t\t<\/div>\n\t<\/div>\n<\/div>\n\n\n<div id=\"acf-block-6548e145172db\" class=\"block wrapped-content block-tight-top\">\n    <div class=\"wrapper\">\n        <div class=\"inner-wrapper\">\n                \n<div id=\"acf-block-6548e1451742e\" class=\"block-wysiwyg\">\n            <h2>La PKU puede tener un impacto importante en la calidad de vida de una persona, pero debido a que el trastorno es raro y no muy conocido, en la actualidad no es una prioridad para las autoridades sanitarias europeas<sup>1<\/sup>.<\/h2>\n<p>Hemos alcanzado ahora una nueva era en la PKU, en la que los primeros adultos diagnosticados al nacer mediante la prueba del tal\u00f3n se enfrentan al reto de controlar su trastorno durante toda la vida adulta. Esto supone nuevos desaf\u00edos, y es urgente que encontremos formas de desarrollar la atenci\u00f3n y de dar apoyo a las necesidades de todas las personas que viven con PKU.<\/p>\n<p>Bas\u00e1ndose en las investigaciones y en las recomendaciones de 2015 de la Sociedad Europea para la Fenilcetonuria y los Trastornos Asociados Tratados como Fenilcetonuria (ESPKU, por sus siglas en ingl\u00e9s) y las directrices cl\u00ednicas europeas m\u00e1s recientes de 2017, la campa\u00f1a Vivir sin limitaciones reclama la mejora de aspectos espec\u00edficos de la atenci\u00f3n de los adultos con PKU para reflejar de manera adecuada la naturaleza de por vida del trastorno.<\/p>\n    <\/div>\n        <\/div>\n    <\/div>\n<\/div>\n\n<div id=\"acf-block-6548e14517613\" class=\"block boxed-content\">\n\t<div class=\"wrapper\">\n\t\t<div class=\"inner-wrapper\">\n\t\t\t<div class=\"box\">\n\t\t\t\t\t\t\t\t\n<div id=\"acf-block-6548e14517940\" class=\"image-text-block content-align-center bottom-border\">\n            <div class=\"image-block medium\">\n            <figure>\n                <div class=\"image image-rounded\">\n                    <img decoding=\"async\" class=\"\" src=\"https:\/\/pku.biomarin.com\/es-es\/liveunlimited\/wp-content\/uploads\/sites\/17\/2023\/11\/1.png?v=0.74\" alt=\"\" \/>                <\/div>\n            <\/figure>\n        <\/div>\n        <div class=\"content-block\">\n                    <h3>Mayor uniformidad de la atenci\u00f3n de los adultos con PKU en toda Europa\n<\/h3>\n                            <p>Las directrices europeas establecen normas claras para el tratamiento de la PKU. Donde no existan directrices nacionales, estas deben implementarse completamente para garantizar que las personas con PKU tengan acceso al apoyo y la atenci\u00f3n que requieren<sup>2<\/sup>.<\/p>\n                    <\/div>\n<\/div>\n\n<div id=\"acf-block-6548e145179eb\" class=\"image-text-block content-align-center bottom-border\">\n            <div class=\"image-block medium\">\n            <figure>\n                <div class=\"image image-rounded\">\n                    <img decoding=\"async\" class=\"\" src=\"https:\/\/pku.biomarin.com\/es-es\/liveunlimited\/wp-content\/uploads\/sites\/17\/2023\/11\/2b.png?v=0.74\" alt=\"\" \/>                <\/div>\n            <\/figure>\n        <\/div>\n        <div class=\"content-block\">\n                    <h3>Acceso regular a un equipo multidisciplinario de profesionales sanitarios\n<\/h3>\n                            <p>A pesar de los efectos neurol\u00f3gicos de la PKU y de la dieta sumamente restrictiva recomendada para controlar la Phe, los estudios han sugerido que <strong>solo el 12 % de los pacientes de Europa tiene acceso a un equipo multidisciplinario<\/strong> formado por m\u00e9dicos especialistas, nutricionistas, profesionales de enfermer\u00eda especializados, psic\u00f3logos y bioqu\u00edmicos cl\u00ednicos3.<\/p>\n                    <\/div>\n<\/div>\n\n<div id=\"acf-block-6548e14517a70\" class=\"image-text-block content-align-center\">\n            <div class=\"image-block medium\">\n            <figure>\n                <div class=\"image image-rounded\">\n                    <img decoding=\"async\" class=\"\" src=\"https:\/\/pku.biomarin.com\/es-es\/liveunlimited\/wp-content\/uploads\/sites\/17\/2023\/11\/3.png?v=0.74\" alt=\"\" \/>                <\/div>\n            <\/figure>\n        <\/div>\n        <div class=\"content-block\">\n                    <h3>Mejor apoyo para las personas en la transici\u00f3n de la atenci\u00f3n pedi\u00e1trica a la atenci\u00f3n adulta\n<\/h3>\n                            <p>Mientras que los ni\u00f1os con PKU suelen ver a un especialista una vez al mes, en general los adultos solo lo ven una vez al a\u00f1o o menos<sup>2,3<\/sup>.<\/p>\n<p>Despu\u00e9s de los 18 a\u00f1os de edad, muchas personas con PKU dejan de acudir a un especialista por completo, a menudo debido a la falta de apoyo que perciben de los m\u00e9dicos y a la apat\u00eda en relaci\u00f3n con la adhesi\u00f3n a la dieta<sup>4<\/sup>.<\/p>\n<p>Consideramos que la PKU se controla mejor garantizando un seguimiento regular durante toda la vida adulta, comenzando por un plan de atenci\u00f3n individual durante la transici\u00f3n de la atenci\u00f3n pedi\u00e1trica a la atenci\u00f3n adulta<sup>5<\/sup>.<\/p>\n                    <\/div>\n<\/div>\n\t\t\t<\/div>\n\t\t<\/div>\n\t<\/div>\n<\/div>\n\n<div id=\"acf-block-65b11164e6d51\" class=\"block wrapped-content\">\n    <div class=\"wrapper\">\n        <div class=\"inner-wrapper\">\n                \n<figure id=\"acf-block-65b11164e6f6b\">\n    <div class=\"image image-align-left\">\n                    <img decoding=\"async\" class=\"\" src=\"https:\/\/pku.biomarin.com\/es-es\/liveunlimited\/wp-content\/uploads\/sites\/17\/2024\/01\/anna-spratt-1900x1026.jpg\" alt=\"Girls desk at desk reading\" \/>            <\/div>\n    <\/figure>\n        <\/div>\n    <\/div>\n<\/div>\n\n<div id=\"acf-block-65b11164e6fb9\" class=\"block wrapped-content\">\n    <div class=\"wrapper\">\n        <div class=\"inner-wrapper\">\n                        <\/div>\n    <\/div>\n<\/div>\n\n<div id=\"acf-block-6548e14517de2\" class=\"block references\">\n    <div class=\"wrapper\">\n\t\t<div class=\"inner-wrapper\">\n\t\t    \t\t\t    <h4>Bibliograf\u00eda:\n<\/h4>\n\t\t\t\t\t\t                <ol>\n                                                                                                                        <li><span>PKU: Closing the Gaps in Care an ESPKU benchmark report on the management of phenylketonuria within EU healthcare economies.\n<\/span><\/li>\n                                                                                                                                                <li><span>Wegberg AMJ, MacDonald A, Ahring K, et al. The complete European guidelines on phenylketonuria: diagnosis and treatment. Orphanet J Rare Dis. 2017;12(1):162. Published 2017 Oct 12. doi:10.1186\/s13023-017-0685-2.\n<\/span><\/li>\n                                                                                                                                                <li><span>Blau et Al. Management of phenylketonuria in Europe: Survey results from 19 countries. Molecular Genetics and Metabolism 99 (2010) 109\u2013115\n<\/span><\/li>\n                                                                                                                                                <li><span>Thomas J et Al. Strategies for Successful Long-Term Engagement of Adults With Phenylalanine Hydroxylase Deficiency Returning to the Clinic Journal of Inborn Errors of Metabolism &amp; Screening 2017, Volume 5: 1\u20139, 2017\n<\/span><\/li>\n                                                                                                                                                <li><span>Cazzorla C et Al. Living with phenylketonuria in adulthood: The PKU ATTITUDE study. Molecular Genetics and Metabolism Reports 16 (2018) 39\u201345\n<\/span><\/li>\n                                                            <\/ol>\n\t\t\t\t\t<\/div>\n\t<\/div>\n<\/div>","protected":false},"excerpt":{"rendered":"","protected":false},"author":2,"featured_media":0,"parent":0,"menu_order":0,"comment_status":"closed","ping_status":"closed","template":"","meta":{"_acf_changed":false,"inline_featured_image":false,"footnotes":""},"class_list":["post-53","page","type-page","status-publish","hentry"],"acf":[],"yoast_head":"<!-- This site is optimized with the Yoast SEO plugin v27.4 - https:\/\/yoast.com\/product\/yoast-seo-wordpress\/ -->\n<title>\u00bfQu\u00e9 tiene que cambiar? | Live Unlimited PKU<\/title>\n<meta name=\"description\" content=\"Necesitamos urgentemente encontrar formas de evolucionar la atenci\u00f3n y apoyar las necesidades de todas las personas que viven con PKU.\" \/>\n<meta name=\"robots\" content=\"index, follow, max-snippet:-1, max-image-preview:large, max-video-preview:-1\" \/>\n<link rel=\"canonical\" href=\"https:\/\/pku.biomarin.com\/es-es\/liveunlimited\/que-tiene-que-cambiar\/\" \/>\n<meta property=\"og:locale\" content=\"es_ES\" \/>\n<meta property=\"og:type\" content=\"article\" \/>\n<meta property=\"og:title\" content=\"\u00bfQu\u00e9 tiene que cambiar? | Live Unlimited PKU\" \/>\n<meta property=\"og:description\" content=\"Necesitamos urgentemente encontrar formas de evolucionar la atenci\u00f3n y apoyar las necesidades de todas las personas que viven con PKU.\" \/>\n<meta property=\"og:url\" content=\"https:\/\/pku.biomarin.com\/es-es\/liveunlimited\/que-tiene-que-cambiar\/\" \/>\n<meta property=\"og:site_name\" content=\"BioMarin Live Unlimited ES-ES\" \/>\n<meta property=\"article:modified_time\" content=\"2024-12-07T21:29:50+00:00\" \/>\n<meta name=\"twitter:card\" content=\"summary_large_image\" \/>\n<script type=\"application\/ld+json\" class=\"yoast-schema-graph\">{\"@context\":\"https:\\\/\\\/schema.org\",\"@graph\":[{\"@type\":\"WebPage\",\"@id\":\"https:\\\/\\\/pku.biomarin.com\\\/es-es\\\/liveunlimited\\\/que-tiene-que-cambiar\\\/\",\"url\":\"https:\\\/\\\/pku.biomarin.com\\\/es-es\\\/liveunlimited\\\/que-tiene-que-cambiar\\\/\",\"name\":\"\u00bfQu\u00e9 tiene que cambiar? | Live Unlimited PKU\",\"isPartOf\":{\"@id\":\"https:\\\/\\\/pku.biomarin.com\\\/es-es\\\/liveunlimited\\\/#website\"},\"datePublished\":\"2023-11-06T10:45:33+00:00\",\"dateModified\":\"2024-12-07T21:29:50+00:00\",\"description\":\"Necesitamos urgentemente encontrar formas de evolucionar la atenci\u00f3n y apoyar las necesidades de todas las personas que viven con PKU.\",\"breadcrumb\":{\"@id\":\"https:\\\/\\\/pku.biomarin.com\\\/es-es\\\/liveunlimited\\\/que-tiene-que-cambiar\\\/#breadcrumb\"},\"inLanguage\":\"es\",\"potentialAction\":[{\"@type\":\"ReadAction\",\"target\":[\"https:\\\/\\\/pku.biomarin.com\\\/es-es\\\/liveunlimited\\\/que-tiene-que-cambiar\\\/\"]}]},{\"@type\":\"BreadcrumbList\",\"@id\":\"https:\\\/\\\/pku.biomarin.com\\\/es-es\\\/liveunlimited\\\/que-tiene-que-cambiar\\\/#breadcrumb\",\"itemListElement\":[{\"@type\":\"ListItem\",\"position\":1,\"name\":\"Home\",\"item\":\"https:\\\/\\\/pku.biomarin.com\\\/es-es\\\/liveunlimited\\\/\"},{\"@type\":\"ListItem\",\"position\":2,\"name\":\"\u00bfQu\u00e9 tiene que cambiar?\"}]},{\"@type\":\"WebSite\",\"@id\":\"https:\\\/\\\/pku.biomarin.com\\\/es-es\\\/liveunlimited\\\/#website\",\"url\":\"https:\\\/\\\/pku.biomarin.com\\\/es-es\\\/liveunlimited\\\/\",\"name\":\"BioMarin Live Unlimited ES-ES\",\"description\":\"\",\"potentialAction\":[{\"@type\":\"SearchAction\",\"target\":{\"@type\":\"EntryPoint\",\"urlTemplate\":\"https:\\\/\\\/pku.biomarin.com\\\/es-es\\\/liveunlimited\\\/?s={search_term_string}\"},\"query-input\":{\"@type\":\"PropertyValueSpecification\",\"valueRequired\":true,\"valueName\":\"search_term_string\"}}],\"inLanguage\":\"es\"}]}<\/script>\n<!-- \/ Yoast SEO plugin. -->","yoast_head_json":{"title":"\u00bfQu\u00e9 tiene que cambiar? | Live Unlimited PKU","description":"Necesitamos urgentemente encontrar formas de evolucionar la atenci\u00f3n y apoyar las necesidades de todas las personas que viven con PKU.","robots":{"index":"index","follow":"follow","max-snippet":"max-snippet:-1","max-image-preview":"max-image-preview:large","max-video-preview":"max-video-preview:-1"},"canonical":"https:\/\/pku.biomarin.com\/es-es\/liveunlimited\/que-tiene-que-cambiar\/","og_locale":"es_ES","og_type":"article","og_title":"\u00bfQu\u00e9 tiene que cambiar? | Live Unlimited PKU","og_description":"Necesitamos urgentemente encontrar formas de evolucionar la atenci\u00f3n y apoyar las necesidades de todas las personas que viven con PKU.","og_url":"https:\/\/pku.biomarin.com\/es-es\/liveunlimited\/que-tiene-que-cambiar\/","og_site_name":"BioMarin Live Unlimited ES-ES","article_modified_time":"2024-12-07T21:29:50+00:00","twitter_card":"summary_large_image","schema":{"@context":"https:\/\/schema.org","@graph":[{"@type":"WebPage","@id":"https:\/\/pku.biomarin.com\/es-es\/liveunlimited\/que-tiene-que-cambiar\/","url":"https:\/\/pku.biomarin.com\/es-es\/liveunlimited\/que-tiene-que-cambiar\/","name":"\u00bfQu\u00e9 tiene que cambiar? | Live Unlimited PKU","isPartOf":{"@id":"https:\/\/pku.biomarin.com\/es-es\/liveunlimited\/#website"},"datePublished":"2023-11-06T10:45:33+00:00","dateModified":"2024-12-07T21:29:50+00:00","description":"Necesitamos urgentemente encontrar formas de evolucionar la atenci\u00f3n y apoyar las necesidades de todas las personas que viven con PKU.","breadcrumb":{"@id":"https:\/\/pku.biomarin.com\/es-es\/liveunlimited\/que-tiene-que-cambiar\/#breadcrumb"},"inLanguage":"es","potentialAction":[{"@type":"ReadAction","target":["https:\/\/pku.biomarin.com\/es-es\/liveunlimited\/que-tiene-que-cambiar\/"]}]},{"@type":"BreadcrumbList","@id":"https:\/\/pku.biomarin.com\/es-es\/liveunlimited\/que-tiene-que-cambiar\/#breadcrumb","itemListElement":[{"@type":"ListItem","position":1,"name":"Home","item":"https:\/\/pku.biomarin.com\/es-es\/liveunlimited\/"},{"@type":"ListItem","position":2,"name":"\u00bfQu\u00e9 tiene que cambiar?"}]},{"@type":"WebSite","@id":"https:\/\/pku.biomarin.com\/es-es\/liveunlimited\/#website","url":"https:\/\/pku.biomarin.com\/es-es\/liveunlimited\/","name":"BioMarin Live Unlimited ES-ES","description":"","potentialAction":[{"@type":"SearchAction","target":{"@type":"EntryPoint","urlTemplate":"https:\/\/pku.biomarin.com\/es-es\/liveunlimited\/?s={search_term_string}"},"query-input":{"@type":"PropertyValueSpecification","valueRequired":true,"valueName":"search_term_string"}}],"inLanguage":"es"}]}},"_links":{"self":[{"href":"https:\/\/pku.biomarin.com\/es-es\/liveunlimited\/wp-json\/wp\/v2\/pages\/53","targetHints":{"allow":["GET"]}}],"collection":[{"href":"https:\/\/pku.biomarin.com\/es-es\/liveunlimited\/wp-json\/wp\/v2\/pages"}],"about":[{"href":"https:\/\/pku.biomarin.com\/es-es\/liveunlimited\/wp-json\/wp\/v2\/types\/page"}],"author":[{"embeddable":true,"href":"https:\/\/pku.biomarin.com\/es-es\/liveunlimited\/wp-json\/wp\/v2\/users\/2"}],"replies":[{"embeddable":true,"href":"https:\/\/pku.biomarin.com\/es-es\/liveunlimited\/wp-json\/wp\/v2\/comments?post=53"}],"version-history":[{"count":49,"href":"https:\/\/pku.biomarin.com\/es-es\/liveunlimited\/wp-json\/wp\/v2\/pages\/53\/revisions"}],"predecessor-version":[{"id":1513,"href":"https:\/\/pku.biomarin.com\/es-es\/liveunlimited\/wp-json\/wp\/v2\/pages\/53\/revisions\/1513"}],"wp:attachment":[{"href":"https:\/\/pku.biomarin.com\/es-es\/liveunlimited\/wp-json\/wp\/v2\/media?parent=53"}],"curies":[{"name":"wp","href":"https:\/\/api.w.org\/{rel}","templated":true}]}}