{"id":51,"date":"2023-11-06T10:45:02","date_gmt":"2023-11-06T10:45:02","guid":{"rendered":"https:\/\/liveunlimitedpku-dev-001.azurewebsites.net\/es-es\/?page_id=51"},"modified":"2024-12-07T21:28:29","modified_gmt":"2024-12-07T21:28:29","slug":"que-es-la-pku","status":"publish","type":"page","link":"https:\/\/pku.biomarin.com\/es-es\/liveunlimited\/que-es-la-pku\/","title":{"rendered":"\u00bfQu\u00e9 es la PKU?"},"content":{"rendered":"<div id=\"acf-block-6548d8e803832\" class=\"hero hero-no-overlay hero-large-first-para\">\n            <div class=\"hero-background-image hero-background-image-desktop\" style=\"background-image: url(https:\/\/pku.biomarin.com\/es-es\/liveunlimited\/wp-content\/uploads\/sites\/17\/2023\/11\/tup.png?v=0.74);\"><\/div>\n\t    <div class=\"hero-background-image hero-background-image-mobile\" style=\"background-image: url(https:\/\/pku.biomarin.com\/es-es\/liveunlimited\/wp-content\/uploads\/sites\/17\/2023\/11\/Tupperware.png?v=0.74);\"><\/div>\n    \t<div class=\"overlay\"><\/div>\n\t<div class=\"wrapper\">\n\t\t<div class=\"inner-wrapper\">\n\t\t\t<div class=\"hero-content\">\n\t\t\t    \t\t\t\t    <span class=\"section-title\">La vida es complicada cuando no tienes las herramientas necesarias<\/span>\n\t\t\t\t\t\t\t\t\t\t\t\t\t\t\t\t    <h1>\u00bfQU\u00c9 ES LA PKU?\n<\/h1>\n\t\t\t\t\t\t\t\t\t\t\t\t    <p>\u00a1Solo 1 de cada 10 personas encuestadas conoc\u00eda la PKU!<sup>12<\/sup><\/p>\n<p>La fenilcetonuria (PKU) es un trastorno metab\u00f3lico raro de por vida que limita la capacidad de la persona de degradar las prote\u00ednas, lo cual puede causar efectos t\u00f3xicos acumulativos en el cerebro<sup>1<\/sup>.<\/p>\n<p>Si se tiene PKU, los alimentos que se ingieren afectan directamente al modo en que funciona el cerebro.<\/p>\n\t\t\t\t\t\t\t\t\n                <p class=\"inline-buttons\">\n                                                        <\/p>\n\t\t\t\t\t\t\t<\/div>\n\t\t<\/div>\n\t<\/div>\n<\/div>\n\n\n<div id=\"acf-block-6548ddf13e044\" class=\"block split-content equal-bias\" data-muted-autoplay=\"false\">\n\t<div class=\"wrapper\">\n\t\t<div class=\"inner-wrapper\">\n\t\t                                                                <div class=\"content-block first-block\">\n                                                                                                                                                                                                                                                                                    \n                                    \n                                                                                                                \n                                    \n                                    <figure>\n                                        <div class=\"image image-rounded\">\n                                                                                            <img decoding=\"async\" class=\"\" src=\"https:\/\/pku.biomarin.com\/es-es\/liveunlimited\/wp-content\/uploads\/sites\/17\/2023\/11\/Foodyoueat.png?v=0.74\" alt=\"Photo of green veg on dark kitchen surface\" \/>                                                                                    <\/div>\n                                                                            <\/figure>\n                                                                                    <\/div>\n                    \n                                            <div class=\"content-block second-block\">\n                                                                                                <p>Las personas con PKU tienen un problema con la enzima fenilalanina-hidroxilasa (PAH), y por ello no pueden degradar completamente un amino\u00e1cido llamado fenilalanina (Phe), presente en todos los alimentos que contienen prote\u00ednas (p. ej., nueces, carne, huevos y productos l\u00e1cteos) y en edulcorantes como el aspartamo<sup>1<\/sup>.<\/p>\n<p>Si se consumen demasiadas prote\u00ednas, se acumulan niveles altos de Phe en la sangre y se altera el equilibrio de los neurotransmisores, e incluso puede producirse un da\u00f1o f\u00edsico en el propio cerebro. Esto puede provocar s\u00edntomas neurol\u00f3gicos tales como problemas de memoria y atenci\u00f3n, depresi\u00f3n y ansiedad<sup>2<\/sup>.<\/p>\n                                                                                    <\/div>\n                                                \t\t<\/div>\n\t<\/div>\n<\/div>\n\n<div id=\"acf-block-6548ddf13e102\" class=\"block split-content equal-bias bg-band bg-band-primary\" data-muted-autoplay=\"false\">\n\t<div class=\"wrapper\">\n\t\t<div class=\"inner-wrapper\">\n\t\t                                                                <div class=\"content-block first-block\">\n                                                                                                <h2>La prueba del tal\u00f3n en el reci\u00e9n nacido permite hacer un cribado de este trastorno, que afecta a aproximadamente 1 de cada 10 000 personas en Europa<sup>1,3<\/sup>.<\/h2>\n                                                                                    <\/div>\n                    \n                                            <div class=\"content-block second-block\">\n                                                                                                                                                                                                                                                                                    \n                                    \n                                                                                                                \n                                    \n                                    <figure>\n                                        <div class=\"image image-rounded\">\n                                                                                            <img decoding=\"async\" class=\"\" src=\"https:\/\/pku.biomarin.com\/es-es\/liveunlimited\/wp-content\/uploads\/sites\/17\/2024\/02\/baby-foot.jpg?v=0.74\" alt=\"new-born heel prick test\" \/>                                                                                    <\/div>\n                                                                            <\/figure>\n                                                                                    <\/div>\n                                                \t\t<\/div>\n\t<\/div>\n<\/div>\n\n<div id=\"acf-block-6548ddf13e2e5\" class=\"block wrapped-content block-tight-top\">\n    <div class=\"wrapper\">\n        <div class=\"inner-wrapper\">\n                \n<div id=\"acf-block-6548ddf13e44a\" class=\"block-wysiwyg\">\n            <h3>La PKU es una enfermedad hereditaria autos\u00f3mica recesiva. Esto significa que, si ambos progenitores son portadores del gen de la PKU, su hijo tiene una probabilidad de 1 entre 4 de tener PKU<sup>4<\/sup>. En casi todos los pa\u00edses europeos se realiza un cribado del trastorno mediante la prueba del tal\u00f3n en el reci\u00e9n nacido, pero la concienciaci\u00f3n general sobre la PKU sigue siendo baja.<\/h3>\n    <\/div>\n        <\/div>\n    <\/div>\n<\/div>\n\n<div id=\"acf-block-6548ddf13e4fd\" class=\"block split-content equal-bias\" data-muted-autoplay=\"false\">\n\t<div class=\"wrapper\">\n\t\t<div class=\"inner-wrapper\">\n\t\t                                                                <div class=\"content-block first-block\">\n                                                                                                <h2>Actualmente no existe ninguna cura para la PKU, y el tratamiento debe ser de por vida.<\/h2>\n<p>Hasta hace bastante poco, los m\u00e9dicos pensaban que la PKU era una afecci\u00f3n que se superaba una vez que el cerebro terminaba de desarrollarse en la adolescencia. Sin embargo, ahora sabemos que los niveles altos de Phe en sangre siguen causando da\u00f1os a cualquier edad, por lo que el trastorno se tiene que tratar de por vida<sup>5<\/sup>.<\/p>\n<p>Se requiere una dieta muy limitada y\/o tratamiento m\u00e9dico para mantener controlados los niveles de Phe, pero esto puede suponer una carga enorme para los adultos, que afecta a la calidad de vida y a las relaciones personales y que contribuye al desarrollo de ansiedad, estr\u00e9s y depresi\u00f3n<sup>6,7<\/sup>.<\/p>\n                                                                                    <\/div>\n                    \n                                            <div class=\"content-block second-block\">\n                                                                                                                                                                                                                                                                                    \n                                    \n                                                                                                                \n                                    \n                                    <figure>\n                                        <div class=\"image image-rounded\">\n                                                                                            <img decoding=\"async\" class=\"\" src=\"https:\/\/pku.biomarin.com\/es-es\/liveunlimited\/wp-content\/uploads\/sites\/17\/2023\/11\/AdobeStock_428548283-scaled-1-1900x1266.jpeg\" alt=\"Woman reading product label in grocery store\" \/>                                                                                    <\/div>\n                                                                            <\/figure>\n                                                                                    <\/div>\n                                                \t\t<\/div>\n\t<\/div>\n<\/div>\n\n<div id=\"acf-block-6582ff8310609\" class=\"block split-content equal-bias bg-band bg-band-primary\" data-muted-autoplay=\"false\">\n\t<div class=\"wrapper\">\n\t\t<div class=\"inner-wrapper\">\n\t\t                                                                <div class=\"content-block first-block\">\n                                                                                                <h2>El impacto de la PKU no tratada o mal controlada puede ser importante.<\/h2>\n                                                                                    <\/div>\n                    \n                                            <div class=\"content-block second-block\">\n                                                                                                <p>Niveles altos o inestables de Phe en sangre pueden provocar<sup>8,9<\/sup>:<\/p>\n<ul>\n<li><strong>Procesamiento lento de la informaci\u00f3n<\/strong><\/li>\n<li><strong>Problemas de comportamiento o sociales<\/strong><\/li>\n<li><strong>Discapacidad intelectual<\/strong><\/li>\n<li><strong>Problemas con la memoria<\/strong><\/li>\n<li><strong>Convulsiones y temblores. Inatenci\u00f3n<\/strong><\/li>\n<li><strong>Ansiedad, depresi\u00f3n e irritabilidad<\/strong><\/li>\n<\/ul>\n<p>Las personas con PKU tambi\u00e9n se enfrentan a numerosos problemas f\u00edsicos concomitantes, tales como obesidad, insuficiencia renal con hipertensi\u00f3n y osteoporosis<sup>10<\/sup>.<\/p>\n                                                                                    <\/div>\n                                                \t\t<\/div>\n\t<\/div>\n<\/div>\n\n<div id=\"acf-block-6582fc1798f20\" class=\"block wrapped-content block-tight-top\">\n    <div class=\"wrapper\">\n        <div class=\"inner-wrapper\">\n                \n<div id=\"acf-block-6582fd84e0f26\" class=\"block-wysiwyg\">\n            <h2>Los adultos con PKU a menudo se enfrentan a un ciclo dif\u00edcil de control de la dieta.<\/h2>\n    <\/div>\n        <\/div>\n    <\/div>\n<\/div>\n\n<div id=\"acf-block-6582fd84e1b41\" class=\"block split-content equal-bias bottom-border\" data-muted-autoplay=\"false\">\n\t<div class=\"wrapper\">\n\t\t<div class=\"inner-wrapper\">\n\t\t                                                                <div class=\"content-block first-block\">\n                                                                                                <p>La adhesi\u00f3n a la dieta necesaria para controlar los niveles de Phe requiere una planificaci\u00f3n meticulosa. Pero los efectos neurocognitivos de la propia PKU pueden hacer que esto sea a\u00fan m\u00e1s dif\u00edcil. Y esto se agrava todav\u00eda m\u00e1s por la baja adhesi\u00f3n a la dieta, lo cual crea un c\u00edrculo vicioso para los pacientes con PKU<sup>7,9<\/sup>.<\/p>\n<p>Despu\u00e9s de los 18 a\u00f1os de edad, es frecuente que las personas con PKU reduzcan el control de su trastorno. Esto probablemente se deba a diversos factores, tales como estilos de vida ocupados, dificultades para encontrar alimentos adecuados para la PKU al socializar y un menor n\u00famero de centros especializados para los adultos<sup>11<\/sup>.<\/p>\n<p>Aunque las personas con PKU puedan seguir estrictamente la dieta, esto puede tener un impacto negativo en otras \u00e1reas de sus vidas, de manera que el 34 % refiere dificultades en las relaciones con los amigos, familiares y parejas, y el 44 % experimenta exclusi\u00f3n social<sup>7<\/sup>.<\/p>\n                                                                                    <\/div>\n                    \n                                            <div class=\"content-block second-block\">\n                                                                                                                                                                                                                                                                                    \n                                    \n                                                                                                                \n                                    \n                                    <figure>\n                                        <div class=\"image image-rounded\">\n                                                                                            <img decoding=\"async\" class=\"\" src=\"https:\/\/pku.biomarin.com\/es-es\/liveunlimited\/wp-content\/uploads\/sites\/17\/2023\/12\/hannah-olinger-NXiIVnzBwZ8-unsplash-B.png?v=0.74\" alt=\"\" \/>                                                                                    <\/div>\n                                                                            <\/figure>\n                                                                                    <\/div>\n                                                \t\t<\/div>\n\t<\/div>\n<\/div>\n\n<div id=\"acf-block-6548ddf13e901\" class=\"block references\">\n    <div class=\"wrapper\">\n\t\t<div class=\"inner-wrapper\">\n\t\t    \t\t\t    <h4>Bibliograf\u00eda:\n<\/h4>\n\t\t\t\t\t\t                <ol>\n                                                                                                                        <li><span>Wegberg AMJ, MacDonald A, Ahring K, et al. The complete European guidelines on phenylketonuria: diagnosis and treatment. Orphanet J Rare Dis. 2017;12(1):162. Published 2017 Oct 12. doi:10.1186\/s13023-017-0685-2.\n<\/span><\/li>\n                                                                                                                                                <li><span>Bilder DA et Al. Systematic Review and Meta-Analysis of Neuropsychiatric Symptoms and Executive Functioning in Adults With Phenylketonuria. Dev Neuropsychol. 2016 May-Jun;41(4):245-260.\n<\/span><\/li>\n                                                                                                                                                <li><span>Pitt, J. Newborn Screening. Clin Biochem Rev. 2010 May; 31(2): 57\u201368.\n<\/span><\/li>\n                                                                                                                                                <li><span>NORD. 2019. Phenylketonuria. Available at: https:\/\/rarediseases.org\/rare-diseases\/phenylketonuria\/ Last accessed April 2019\n<\/span><\/li>\n                                                                                                                                                <li><span>Berry et Al. Newborn screening 50 years later: access issues faced by adults with PKU. Genetics in Medicine volume 15, pages591\u2013599 (2013)\n<\/span><\/li>\n                                                                                                                                                <li><span>Al Hafid N, Christodoulou J. Phenylketonuria: a review of current and future treatments. Transl Pediatr. 2015;4(4):304\u2013317. doi:10.3978\/j.issn.2224-4336.2015.10.07\n<\/span><\/li>\n                                                                                                                                                <li><span>Ford, S. et Al. Living with Phenylketonuria: Lessons from the PKU community. Molecular Genetics and Metabolism Report. 2018\n<\/span><\/li>\n                                                                                                                                                <li><span>BioMarin Pharmaceuticals. 2017.Phe In The Brain | PKU. Phenylketonuria (PKU) Information [ONLINE]. Available at: www.pku.com\/about-pku\/phe-in-the-brain . Last accessed: April 2019\n<\/span><\/li>\n                                                                                                                                                <li><span>BioMarin Pharmaceuticals. 2019. PKU. [ONLINE] Available at: www.biomarin.com\/patients\/ diseases\/pku Last accessed: April 2019\n<\/span><\/li>\n                                                                                                                                                <li><span>Burton, B., Jones, K., Cederbaum, S., Rohr, F., Waisbren, S., Irwin, D., Kim, G., Lilienstein, J., Alvarez, I., Jurecki, E. and Levy, H. (2018). Prevalence of comorbid conditions among adult patients diagnosed with phenylketonuria. Molecular Genetics and Metabolism, 125(3), pp.228-234.\n<\/span><\/li>\n                                                                                                                                                <li><span>Cazzorla C et Al. Living with phenylketonuria in adulthood: The PKU ATTITUDE study. Molecular Genetics and Metabolism Reports 16 (2018) 39\u201345\n<\/span><\/li>\n                                                                                                                                                <li><span>BioMarin encarg\u00f3 a la empresa encuestadora Alligator que realizara una encuesta en l\u00ednea de seis preguntas entre muestras representativas a nivel nacional del Reino Unido, Francia, Alemania, Italia, Espa\u00f1a, Suecia, los Pa\u00edses Bajos y Turqu\u00eda, con un total de 4.151 encuestados en total. * La encuesta se complet\u00f3 entre el 1 y el 6 de junio de 2019. Se pidi\u00f3 a los encuestados que calificaran seis hitos de la vida en una escala de 5 puntos, desde \u00abnada estresante\u00bb a \u00abextremadamente\u00bb estresante. N\u00famero total de encuestados con una condici\u00f3n de salud subyacente: 1,932. Un total de 130 pacientes con PKU se recogieron por separado en asociaci\u00f3n con grupos de pacientes en Italia, Suecia, Espa\u00f1a, Turqu\u00eda y los Pa\u00edses Bajos.\n<\/span><\/li>\n                                                            <\/ol>\n\t\t\t\t\t<\/div>\n\t<\/div>\n<\/div>","protected":false},"excerpt":{"rendered":"","protected":false},"author":2,"featured_media":0,"parent":0,"menu_order":0,"comment_status":"closed","ping_status":"closed","template":"","meta":{"_acf_changed":false,"inline_featured_image":false,"footnotes":""},"class_list":["post-51","page","type-page","status-publish","hentry"],"acf":[],"yoast_head":"<!-- This site is optimized with the Yoast SEO plugin v27.4 - https:\/\/yoast.com\/product\/yoast-seo-wordpress\/ -->\n<title>Que es la PKU? | Live Unlimited PKU<\/title>\n<meta name=\"description\" content=\"En el caso de la PKU, los alimentos que se ingieren pueden afectar el funcionamiento del cerebro. Actualmente no existe cura para la PKU y el tratamiento de la enfermedad debe durar toda la vida.\" \/>\n<meta name=\"robots\" content=\"index, follow, max-snippet:-1, max-image-preview:large, max-video-preview:-1\" \/>\n<link rel=\"canonical\" href=\"https:\/\/pku.biomarin.com\/es-es\/liveunlimited\/que-es-la-pku\/\" \/>\n<meta property=\"og:locale\" content=\"es_ES\" \/>\n<meta property=\"og:type\" content=\"article\" \/>\n<meta property=\"og:title\" content=\"Que es la PKU? | Live Unlimited PKU\" \/>\n<meta property=\"og:description\" content=\"En el caso de la PKU, los alimentos que se ingieren pueden afectar el funcionamiento del cerebro. Actualmente no existe cura para la PKU y el tratamiento de la enfermedad debe durar toda la vida.\" \/>\n<meta property=\"og:url\" content=\"https:\/\/pku.biomarin.com\/es-es\/liveunlimited\/que-es-la-pku\/\" \/>\n<meta property=\"og:site_name\" content=\"BioMarin Live Unlimited ES-ES\" \/>\n<meta property=\"article:modified_time\" content=\"2024-12-07T21:28:29+00:00\" \/>\n<meta name=\"twitter:card\" content=\"summary_large_image\" \/>\n<script type=\"application\/ld+json\" class=\"yoast-schema-graph\">{\"@context\":\"https:\\\/\\\/schema.org\",\"@graph\":[{\"@type\":\"WebPage\",\"@id\":\"https:\\\/\\\/pku.biomarin.com\\\/es-es\\\/liveunlimited\\\/que-es-la-pku\\\/\",\"url\":\"https:\\\/\\\/pku.biomarin.com\\\/es-es\\\/liveunlimited\\\/que-es-la-pku\\\/\",\"name\":\"Que es la PKU? | Live Unlimited PKU\",\"isPartOf\":{\"@id\":\"https:\\\/\\\/pku.biomarin.com\\\/es-es\\\/liveunlimited\\\/#website\"},\"datePublished\":\"2023-11-06T10:45:02+00:00\",\"dateModified\":\"2024-12-07T21:28:29+00:00\",\"description\":\"En el caso de la PKU, los alimentos que se ingieren pueden afectar el funcionamiento del cerebro. Actualmente no existe cura para la PKU y el tratamiento de la enfermedad debe durar toda la vida.\",\"breadcrumb\":{\"@id\":\"https:\\\/\\\/pku.biomarin.com\\\/es-es\\\/liveunlimited\\\/que-es-la-pku\\\/#breadcrumb\"},\"inLanguage\":\"es\",\"potentialAction\":[{\"@type\":\"ReadAction\",\"target\":[\"https:\\\/\\\/pku.biomarin.com\\\/es-es\\\/liveunlimited\\\/que-es-la-pku\\\/\"]}]},{\"@type\":\"BreadcrumbList\",\"@id\":\"https:\\\/\\\/pku.biomarin.com\\\/es-es\\\/liveunlimited\\\/que-es-la-pku\\\/#breadcrumb\",\"itemListElement\":[{\"@type\":\"ListItem\",\"position\":1,\"name\":\"Home\",\"item\":\"https:\\\/\\\/pku.biomarin.com\\\/es-es\\\/liveunlimited\\\/\"},{\"@type\":\"ListItem\",\"position\":2,\"name\":\"\u00bfQu\u00e9 es la PKU?\"}]},{\"@type\":\"WebSite\",\"@id\":\"https:\\\/\\\/pku.biomarin.com\\\/es-es\\\/liveunlimited\\\/#website\",\"url\":\"https:\\\/\\\/pku.biomarin.com\\\/es-es\\\/liveunlimited\\\/\",\"name\":\"BioMarin Live Unlimited ES-ES\",\"description\":\"\",\"potentialAction\":[{\"@type\":\"SearchAction\",\"target\":{\"@type\":\"EntryPoint\",\"urlTemplate\":\"https:\\\/\\\/pku.biomarin.com\\\/es-es\\\/liveunlimited\\\/?s={search_term_string}\"},\"query-input\":{\"@type\":\"PropertyValueSpecification\",\"valueRequired\":true,\"valueName\":\"search_term_string\"}}],\"inLanguage\":\"es\"}]}<\/script>\n<!-- \/ Yoast SEO plugin. -->","yoast_head_json":{"title":"Que es la PKU? | Live Unlimited PKU","description":"En el caso de la PKU, los alimentos que se ingieren pueden afectar el funcionamiento del cerebro. Actualmente no existe cura para la PKU y el tratamiento de la enfermedad debe durar toda la vida.","robots":{"index":"index","follow":"follow","max-snippet":"max-snippet:-1","max-image-preview":"max-image-preview:large","max-video-preview":"max-video-preview:-1"},"canonical":"https:\/\/pku.biomarin.com\/es-es\/liveunlimited\/que-es-la-pku\/","og_locale":"es_ES","og_type":"article","og_title":"Que es la PKU? | Live Unlimited PKU","og_description":"En el caso de la PKU, los alimentos que se ingieren pueden afectar el funcionamiento del cerebro. Actualmente no existe cura para la PKU y el tratamiento de la enfermedad debe durar toda la vida.","og_url":"https:\/\/pku.biomarin.com\/es-es\/liveunlimited\/que-es-la-pku\/","og_site_name":"BioMarin Live Unlimited ES-ES","article_modified_time":"2024-12-07T21:28:29+00:00","twitter_card":"summary_large_image","schema":{"@context":"https:\/\/schema.org","@graph":[{"@type":"WebPage","@id":"https:\/\/pku.biomarin.com\/es-es\/liveunlimited\/que-es-la-pku\/","url":"https:\/\/pku.biomarin.com\/es-es\/liveunlimited\/que-es-la-pku\/","name":"Que es la PKU? | Live Unlimited PKU","isPartOf":{"@id":"https:\/\/pku.biomarin.com\/es-es\/liveunlimited\/#website"},"datePublished":"2023-11-06T10:45:02+00:00","dateModified":"2024-12-07T21:28:29+00:00","description":"En el caso de la PKU, los alimentos que se ingieren pueden afectar el funcionamiento del cerebro. Actualmente no existe cura para la PKU y el tratamiento de la enfermedad debe durar toda la vida.","breadcrumb":{"@id":"https:\/\/pku.biomarin.com\/es-es\/liveunlimited\/que-es-la-pku\/#breadcrumb"},"inLanguage":"es","potentialAction":[{"@type":"ReadAction","target":["https:\/\/pku.biomarin.com\/es-es\/liveunlimited\/que-es-la-pku\/"]}]},{"@type":"BreadcrumbList","@id":"https:\/\/pku.biomarin.com\/es-es\/liveunlimited\/que-es-la-pku\/#breadcrumb","itemListElement":[{"@type":"ListItem","position":1,"name":"Home","item":"https:\/\/pku.biomarin.com\/es-es\/liveunlimited\/"},{"@type":"ListItem","position":2,"name":"\u00bfQu\u00e9 es la PKU?"}]},{"@type":"WebSite","@id":"https:\/\/pku.biomarin.com\/es-es\/liveunlimited\/#website","url":"https:\/\/pku.biomarin.com\/es-es\/liveunlimited\/","name":"BioMarin Live Unlimited ES-ES","description":"","potentialAction":[{"@type":"SearchAction","target":{"@type":"EntryPoint","urlTemplate":"https:\/\/pku.biomarin.com\/es-es\/liveunlimited\/?s={search_term_string}"},"query-input":{"@type":"PropertyValueSpecification","valueRequired":true,"valueName":"search_term_string"}}],"inLanguage":"es"}]}},"_links":{"self":[{"href":"https:\/\/pku.biomarin.com\/es-es\/liveunlimited\/wp-json\/wp\/v2\/pages\/51","targetHints":{"allow":["GET"]}}],"collection":[{"href":"https:\/\/pku.biomarin.com\/es-es\/liveunlimited\/wp-json\/wp\/v2\/pages"}],"about":[{"href":"https:\/\/pku.biomarin.com\/es-es\/liveunlimited\/wp-json\/wp\/v2\/types\/page"}],"author":[{"embeddable":true,"href":"https:\/\/pku.biomarin.com\/es-es\/liveunlimited\/wp-json\/wp\/v2\/users\/2"}],"replies":[{"embeddable":true,"href":"https:\/\/pku.biomarin.com\/es-es\/liveunlimited\/wp-json\/wp\/v2\/comments?post=51"}],"version-history":[{"count":111,"href":"https:\/\/pku.biomarin.com\/es-es\/liveunlimited\/wp-json\/wp\/v2\/pages\/51\/revisions"}],"predecessor-version":[{"id":1512,"href":"https:\/\/pku.biomarin.com\/es-es\/liveunlimited\/wp-json\/wp\/v2\/pages\/51\/revisions\/1512"}],"wp:attachment":[{"href":"https:\/\/pku.biomarin.com\/es-es\/liveunlimited\/wp-json\/wp\/v2\/media?parent=51"}],"curies":[{"name":"wp","href":"https:\/\/api.w.org\/{rel}","templated":true}]}}