{"id":78,"date":"2023-02-22T12:22:09","date_gmt":"2023-02-22T12:22:09","guid":{"rendered":"https:\/\/pku.biomarin.com\/de-de\/?page_id=78"},"modified":"2025-02-11T13:24:17","modified_gmt":"2025-02-11T13:24:17","slug":"materialien-und-organisationen","status":"publish","type":"page","link":"https:\/\/pku.biomarin.com\/de-de\/materialien-und-organisationen\/","title":{"rendered":"Materialien &amp; Organisationen"},"content":{"rendered":"<div id=\"acf-block-65565d89b0d73\" class=\"hero\">\n            <div class=\"hero-background-image hero-background-image-desktop\" style=\"background-image: url(https:\/\/pku.biomarin.com\/de-de\/wp-content\/uploads\/sites\/12\/2023\/03\/Group-110-scaled-e1678703759379-2000x435.jpg);\"><\/div>\n\t    <div class=\"hero-background-image hero-background-image-mobile\" style=\"background-image: url(https:\/\/pku.biomarin.com\/de-de\/wp-content\/uploads\/sites\/12\/2023\/02\/pku-balloon-hero-mobile-830x800.jpg);\"><\/div>\n    \t<div class=\"overlay\"><\/div>\n\t<div class=\"wrapper\">\n\t\t<div class=\"inner-wrapper\">\n\t\t\t<div class=\"hero-content\">\n\t\t\t    \t\t\t\t\t\t\t\t\t\t\t\t    <h1>Materialien &amp; Organisationen\n<\/h1>\n\t\t\t\t\t\t\t\t\t\t\t\t\n                <p class=\"inline-buttons\">\n                                                        <\/p>\n\t\t\t\t\t\t\t<\/div>\n\t\t<\/div>\n\t<\/div>\n<\/div>\n\n\n<div id=\"acf-block-65565f5db8fed\" class=\"block wrapped-content\">\n    <div class=\"wrapper\">\n        <div class=\"inner-wrapper\">\n                \n<div id=\"acf-block-65565f5db920f\" class=\"block-wysiwyg\">\n            <h2>Die folgenden Internetseiten k\u00f6nnen Ihnen helfen, selbst in der PKU-Gemeinschaft aktiv zu werden<\/h2>\n    <\/div>\n        <\/div>\n    <\/div>\n<\/div>\n\n<div id=\"acf-block-6516dcb19839a\" class=\"block boxed-content top-border boxed-content-white\">\n\t<div class=\"wrapper\">\n\t\t<div class=\"inner-wrapper\">\n\t\t\t<div class=\"box\">\n\t\t\t\t\t\t\t\t\n<div id=\"acf-block-6516dcb19a46f\" class=\"image-text-block bottom-border\">\n            <div class=\"image-block medium\">\n            <figure>\n                <div class=\"image image-rounded\">\n                    <img decoding=\"async\" class=\"\" src=\"https:\/\/pku.biomarin.com\/de-de\/wp-content\/uploads\/sites\/12\/2024\/01\/ESPKU_Logo_blog.webp?v=0.85\" alt=\"\" \/>                <\/div>\n            <\/figure>\n        <\/div>\n        <div class=\"content-block\">\n                    <h3>European Society for Phenylketonuria and Allied Disorders Treated as Phenylketonuria (ESPKU)\n<\/h3>\n                            <p>Die EPSKU ist der Dachverband von rund 41 nationalen und regionalen Gesellschaften aus 31 L\u00e4ndern. Sie wurde von Eltern gegr\u00fcndet und hat es sich zum Ziel gesetzt, die Lebensqualit\u00e4t von Personen mit PKU zu verbessern.<\/p>\n                                            <p><a class=\"button button-external\" href=\"https:\/\/www.espku.org\/\" target=\"_blank\">Weiter zur Seite<\/a><\/p>\n                        <\/div>\n<\/div>\n\t\t\t<\/div>\n\t\t<\/div>\n\t<\/div>\n<\/div>","protected":false},"excerpt":{"rendered":"","protected":false},"author":3,"featured_media":0,"parent":0,"menu_order":0,"comment_status":"closed","ping_status":"closed","template":"","meta":{"_acf_changed":false,"inline_featured_image":false,"footnotes":""},"class_list":["post-78","page","type-page","status-publish","hentry"],"acf":[],"yoast_head":"<!-- This site is optimized with the Yoast SEO plugin v27.1.1 - https:\/\/yoast.com\/product\/yoast-seo-wordpress\/ -->\n<title>Materialien &amp; Organisationen - BioMarin PKU DSE Patient DE-DE<\/title>\n<meta name=\"description\" content=\"Laden Sie PKU-Ressourcen herunter, schauen Sie sich Videos an, nutzen Sie interaktive Tools und h\u00f6ren Sie von Menschen, die mit PKU leben. Durchsuchen Sie die vollst\u00e4ndige Ressourcenbibliothek. Entdecken Sie Live- und virtuelle Veranstaltungen.\" \/>\n<meta name=\"robots\" content=\"index, follow, max-snippet:-1, max-image-preview:large, max-video-preview:-1\" \/>\n<link rel=\"canonical\" href=\"https:\/\/pku.biomarin.com\/de-de\/materialien-und-organisationen\/\" \/>\n<meta property=\"og:locale\" content=\"de_DE\" \/>\n<meta property=\"og:type\" content=\"article\" \/>\n<meta property=\"og:title\" content=\"Materialien &amp; Organisationen - BioMarin PKU DSE Patient DE-DE\" \/>\n<meta property=\"og:description\" content=\"Laden Sie PKU-Ressourcen herunter, schauen Sie sich Videos an, nutzen Sie interaktive Tools und h\u00f6ren Sie von Menschen, die mit PKU leben. Durchsuchen Sie die vollst\u00e4ndige Ressourcenbibliothek. Entdecken Sie Live- und virtuelle Veranstaltungen.\" \/>\n<meta property=\"og:url\" content=\"https:\/\/pku.biomarin.com\/de-de\/materialien-und-organisationen\/\" \/>\n<meta property=\"og:site_name\" content=\"BioMarin PKU DSE Patient DE-DE\" \/>\n<meta property=\"article:modified_time\" content=\"2025-02-11T13:24:17+00:00\" \/>\n<meta name=\"twitter:card\" content=\"summary_large_image\" \/>\n<script type=\"application\/ld+json\" class=\"yoast-schema-graph\">{\"@context\":\"https:\/\/schema.org\",\"@graph\":[{\"@type\":\"WebPage\",\"@id\":\"https:\/\/pku.biomarin.com\/de-de\/materialien-und-organisationen\/\",\"url\":\"https:\/\/pku.biomarin.com\/de-de\/materialien-und-organisationen\/\",\"name\":\"Materialien &amp; Organisationen - BioMarin PKU DSE Patient DE-DE\",\"isPartOf\":{\"@id\":\"https:\/\/pku.biomarin.com\/de-de\/#website\"},\"datePublished\":\"2023-02-22T12:22:09+00:00\",\"dateModified\":\"2025-02-11T13:24:17+00:00\",\"description\":\"Laden Sie PKU-Ressourcen herunter, schauen Sie sich Videos an, nutzen Sie interaktive Tools und h\u00f6ren Sie von Menschen, die mit PKU leben. Durchsuchen Sie die vollst\u00e4ndige Ressourcenbibliothek. Entdecken Sie Live- und virtuelle Veranstaltungen.\",\"breadcrumb\":{\"@id\":\"https:\/\/pku.biomarin.com\/de-de\/materialien-und-organisationen\/#breadcrumb\"},\"inLanguage\":\"de\",\"potentialAction\":[{\"@type\":\"ReadAction\",\"target\":[\"https:\/\/pku.biomarin.com\/de-de\/materialien-und-organisationen\/\"]}]},{\"@type\":\"BreadcrumbList\",\"@id\":\"https:\/\/pku.biomarin.com\/de-de\/materialien-und-organisationen\/#breadcrumb\",\"itemListElement\":[{\"@type\":\"ListItem\",\"position\":1,\"name\":\"Home\",\"item\":\"https:\/\/pku.biomarin.com\/de-de\/\"},{\"@type\":\"ListItem\",\"position\":2,\"name\":\"Materialien &amp; Organisationen\"}]},{\"@type\":\"WebSite\",\"@id\":\"https:\/\/pku.biomarin.com\/de-de\/#website\",\"url\":\"https:\/\/pku.biomarin.com\/de-de\/\",\"name\":\"BioMarin PKU DSE Patient DE-DE\",\"description\":\"\",\"potentialAction\":[{\"@type\":\"SearchAction\",\"target\":{\"@type\":\"EntryPoint\",\"urlTemplate\":\"https:\/\/pku.biomarin.com\/de-de\/?s={search_term_string}\"},\"query-input\":{\"@type\":\"PropertyValueSpecification\",\"valueRequired\":true,\"valueName\":\"search_term_string\"}}],\"inLanguage\":\"de\"}]}<\/script>\n<!-- \/ Yoast SEO plugin. -->","yoast_head_json":{"title":"Materialien &amp; Organisationen - BioMarin PKU DSE Patient DE-DE","description":"Laden Sie PKU-Ressourcen herunter, schauen Sie sich Videos an, nutzen Sie interaktive Tools und h\u00f6ren Sie von Menschen, die mit PKU leben. Durchsuchen Sie die vollst\u00e4ndige Ressourcenbibliothek. Entdecken Sie Live- und virtuelle Veranstaltungen.","robots":{"index":"index","follow":"follow","max-snippet":"max-snippet:-1","max-image-preview":"max-image-preview:large","max-video-preview":"max-video-preview:-1"},"canonical":"https:\/\/pku.biomarin.com\/de-de\/materialien-und-organisationen\/","og_locale":"de_DE","og_type":"article","og_title":"Materialien &amp; Organisationen - BioMarin PKU DSE Patient DE-DE","og_description":"Laden Sie PKU-Ressourcen herunter, schauen Sie sich Videos an, nutzen Sie interaktive Tools und h\u00f6ren Sie von Menschen, die mit PKU leben. Durchsuchen Sie die vollst\u00e4ndige Ressourcenbibliothek. Entdecken Sie Live- und virtuelle Veranstaltungen.","og_url":"https:\/\/pku.biomarin.com\/de-de\/materialien-und-organisationen\/","og_site_name":"BioMarin PKU DSE Patient DE-DE","article_modified_time":"2025-02-11T13:24:17+00:00","twitter_card":"summary_large_image","schema":{"@context":"https:\/\/schema.org","@graph":[{"@type":"WebPage","@id":"https:\/\/pku.biomarin.com\/de-de\/materialien-und-organisationen\/","url":"https:\/\/pku.biomarin.com\/de-de\/materialien-und-organisationen\/","name":"Materialien &amp; Organisationen - BioMarin PKU DSE Patient DE-DE","isPartOf":{"@id":"https:\/\/pku.biomarin.com\/de-de\/#website"},"datePublished":"2023-02-22T12:22:09+00:00","dateModified":"2025-02-11T13:24:17+00:00","description":"Laden Sie PKU-Ressourcen herunter, schauen Sie sich Videos an, nutzen Sie interaktive Tools und h\u00f6ren Sie von Menschen, die mit PKU leben. Durchsuchen Sie die vollst\u00e4ndige Ressourcenbibliothek. Entdecken Sie Live- und virtuelle Veranstaltungen.","breadcrumb":{"@id":"https:\/\/pku.biomarin.com\/de-de\/materialien-und-organisationen\/#breadcrumb"},"inLanguage":"de","potentialAction":[{"@type":"ReadAction","target":["https:\/\/pku.biomarin.com\/de-de\/materialien-und-organisationen\/"]}]},{"@type":"BreadcrumbList","@id":"https:\/\/pku.biomarin.com\/de-de\/materialien-und-organisationen\/#breadcrumb","itemListElement":[{"@type":"ListItem","position":1,"name":"Home","item":"https:\/\/pku.biomarin.com\/de-de\/"},{"@type":"ListItem","position":2,"name":"Materialien &amp; Organisationen"}]},{"@type":"WebSite","@id":"https:\/\/pku.biomarin.com\/de-de\/#website","url":"https:\/\/pku.biomarin.com\/de-de\/","name":"BioMarin PKU DSE Patient DE-DE","description":"","potentialAction":[{"@type":"SearchAction","target":{"@type":"EntryPoint","urlTemplate":"https:\/\/pku.biomarin.com\/de-de\/?s={search_term_string}"},"query-input":{"@type":"PropertyValueSpecification","valueRequired":true,"valueName":"search_term_string"}}],"inLanguage":"de"}]}},"_links":{"self":[{"href":"https:\/\/pku.biomarin.com\/de-de\/wp-json\/wp\/v2\/pages\/78","targetHints":{"allow":["GET"]}}],"collection":[{"href":"https:\/\/pku.biomarin.com\/de-de\/wp-json\/wp\/v2\/pages"}],"about":[{"href":"https:\/\/pku.biomarin.com\/de-de\/wp-json\/wp\/v2\/types\/page"}],"author":[{"embeddable":true,"href":"https:\/\/pku.biomarin.com\/de-de\/wp-json\/wp\/v2\/users\/3"}],"replies":[{"embeddable":true,"href":"https:\/\/pku.biomarin.com\/de-de\/wp-json\/wp\/v2\/comments?post=78"}],"version-history":[{"count":131,"href":"https:\/\/pku.biomarin.com\/de-de\/wp-json\/wp\/v2\/pages\/78\/revisions"}],"predecessor-version":[{"id":4715,"href":"https:\/\/pku.biomarin.com\/de-de\/wp-json\/wp\/v2\/pages\/78\/revisions\/4715"}],"wp:attachment":[{"href":"https:\/\/pku.biomarin.com\/de-de\/wp-json\/wp\/v2\/media?parent=78"}],"curies":[{"name":"wp","href":"https:\/\/api.w.org\/{rel}","templated":true}]}}