{"id":7,"date":"2023-02-21T15:01:53","date_gmt":"2023-02-21T15:01:53","guid":{"rendered":"https:\/\/pku.biomarin.com\/de-de\/?page_id=7"},"modified":"2026-02-05T11:48:37","modified_gmt":"2026-02-05T11:48:37","slug":"home","status":"publish","type":"page","link":"https:\/\/pku.biomarin.com\/de-de\/","title":{"rendered":"Informationen zu Phenylketonurie (PKU)"},"content":{"rendered":"<div id=\"acf-block-63f4dce110c66\" class=\"hero hero-blue hero-large-first-para\">\n            <div class=\"hero-background-image hero-background-image-desktop\" style=\"background-image: url(https:\/\/pku.biomarin.com\/de-de\/wp-content\/uploads\/sites\/12\/2026\/02\/PKUcom-home-comp-OW-e1701971756513.jpg?v=0.85);\"><\/div>\n\t    <div class=\"hero-background-image hero-background-image-mobile\" style=\"background-image: url(https:\/\/pku.biomarin.com\/de-de\/wp-content\/uploads\/sites\/12\/2026\/02\/pku-balloon-hero-mobile-830x800.jpg);\"><\/div>\n    \t<div class=\"overlay\"><\/div>\n\t<div class=\"wrapper\">\n\t\t<div class=\"inner-wrapper\">\n\t\t\t<div class=\"hero-content\">\n\t\t\t    \t\t\t\t\t\t\t\t\t\t\t\t    <h1>DENKEN SIE DARAN\n<\/h1>\n\t\t\t\t\t\t\t\t\t\t\t\t    <p>Bei der PKU geht es nicht nur um Ern\u00e4hrung. Es geht um Ihr Gehirn.<\/p>\n<p>Eine unkontrollierte PKU kann Ihre F\u00e4higkeit zum Denken, F\u00fchlen und Handeln beeintr\u00e4chtigen. Doch die Auswirkungen eines erh\u00f6hten oder instabilen Phe-Blutspiegels lassen sich unter Kontrolle bringen <strong>Es gibt noch mehr, das Sie tun k\u00f6nnen.<\/strong><\/p>\n\t\t\t\t\t\t\t\t\n                <p class=\"inline-buttons\">\n                    \t\t\t\t        <a class=\"button button-arrow\" href=\"https:\/\/pku.biomarin.com\/de-de\/symptomtagebuch\/\" target=\"_self\">\u00dcberpr\u00fcfen Sie zun\u00e4chst Ihre Symptome<\/a>\t\t\t\t                                        <\/p>\n\t\t\t\t\t\t\t<\/div>\n\t\t<\/div>\n\t<\/div>\n<\/div>\n\n\n<div id=\"acf-block-64f8e38aee895\" class=\"block cards cards-3-col\">\n\t<div class=\"wrapper\">\n\t\t<div class=\"inner-wrapper\">\n\t\t\t<div class=\"cards-title\">\n\t\t\t    \t\t\t\t\t\t\t<\/div>\n\t\t\t<div class=\"cards-wrapper\">\n\t\t\t    \n<div id=\"acf-block-64f8e38af07e2\" class=\"card card-fixed-button\" data-muted-autoplay=\"false\">\n    \t    \n\n                    <img decoding=\"async\" class=\"card-image\" src=\"https:\/\/pku.biomarin.com\/de-de\/wp-content\/uploads\/sites\/12\/2024\/01\/Target_Kid.jpg?v=0.85\" alt=\"\" \/>        \n\t    <div class=\"card-content\">\n                            <h4>Kinder,<br \/>\nbei denen PKU diagnostiziert wurde\n<\/h4>\n        \n                                                                                                                                                                                                                                                                                    \n                                                                                        <\/div>\n                                <div class=\"card-actions\">\n                            \n                            <p><a class=\"button button-arrow\" href=\"https:\/\/pku.biomarin.com\/de-de\/ihr-kind-und-pku\/\" target=\"_self\">Mein Kind hat PKU<\/a><\/p>\n                                                                                    <\/div>\n<\/div>\n\n<div id=\"acf-block-64f8e38af08b3\" class=\"card card-fixed-button\" data-muted-autoplay=\"false\">\n    \t    \n\n                    <img decoding=\"async\" class=\"card-image\" src=\"https:\/\/pku.biomarin.com\/de-de\/wp-content\/uploads\/sites\/12\/2024\/01\/Target_Teen.jpg?v=0.85\" alt=\"\" \/>        \n\t    <div class=\"card-content\">\n                            <h4>Jugendliche,<br \/>\ndie mit PKU aufwachsen\n<\/h4>\n        \n                                                                                                                                                                                                                                                                                    \n                                                                                        <\/div>\n                                <div class=\"card-actions\">\n                            \n                            <p><a class=\"button button-arrow\" href=\"https:\/\/pku.biomarin.com\/de-de\/jugendliche\/\" target=\"_self\">Ich bin ein Teenager mit PKU<\/a><\/p>\n                                                                                    <\/div>\n<\/div>\n\n<div id=\"acf-block-64f8e38af0957\" class=\"card card-fixed-button\" data-muted-autoplay=\"false\">\n    \t    \n\n                    <img decoding=\"async\" class=\"card-image\" src=\"https:\/\/pku.biomarin.com\/de-de\/wp-content\/uploads\/sites\/12\/2024\/01\/Target_adult.jpg?v=0.85\" alt=\"\" \/>        \n\t    <div class=\"card-content\">\n                            <h4>Erwachsene,<br \/>\ndie mit PKU leben\n<\/h4>\n        \n                                                                                                                                                                                                                                                                                    \n                                                                                        <\/div>\n                                <div class=\"card-actions\">\n                            \n                            <p><a class=\"button button-arrow\" href=\"https:\/\/pku.biomarin.com\/de-de\/erwachsene\/\" target=\"_self\"> Ich bin ein(e) Erwachsene(r) mit PKU<\/a><\/p>\n                                                                                    <\/div>\n<\/div>\n\t\t\t<\/div>\n\t\t<\/div>\n\t<\/div>\n<\/div>\n\n<div id=\"acf-block-63f612da8f52d\" class=\"block wrapped-content block-tight-bottom\">\n    <div class=\"wrapper\">\n        <div class=\"inner-wrapper\">\n                \n<div id=\"acf-block-63f612da8f66e\" class=\"block-wysiwyg\">\n            <h2>\u00dcbernehmen Sie die Kontrolle \u00fcber Ihre PKU<\/h2>\n    <\/div>\n        <\/div>\n    <\/div>\n<\/div>\n\n<div id=\"acf-block-63f612da8f89a\" class=\"block cards cards-2-col block-tight-top block-tight-bottom\">\n\t<div class=\"wrapper\">\n\t\t<div class=\"inner-wrapper\">\n\t\t\t<div class=\"cards-title\">\n\t\t\t    \t\t\t\t\t\t\t<\/div>\n\t\t\t<div class=\"cards-wrapper\">\n\t\t\t    \n<div id=\"acf-block-63f612da8fdf8\" class=\"card card-fixed-button\" data-muted-autoplay=\"false\">\n    \t    \n\n                    <img decoding=\"async\" class=\"card-image\" src=\"https:\/\/pku.biomarin.com\/de-de\/wp-content\/uploads\/sites\/12\/2024\/01\/find_clinic-copyB.png?v=0.85\" alt=\"\" \/>        \n\t    <div class=\"card-content\">\n                            <h4>Beachten Sie Ihre Symptome\n<\/h4>\n        \n                                                                                                                                                                                                                                                                                    \n                                                                                        <\/div>\n                                <div class=\"card-actions\">\n                            \n                            <p><a class=\"button button-arrow\" href=\"https:\/\/pku.biomarin.com\/de-de\/symptomtagebuch\/\" target=\"_self\">Nutzen Sie das Symptomtagebuch<\/a><\/p>\n                                                                                    <\/div>\n<\/div>\n\n<div id=\"acf-block-63f612da8fe8a\" class=\"card card-fixed-button\" data-muted-autoplay=\"false\">\n    \t    \n\n                    <img decoding=\"async\" class=\"card-image\" src=\"https:\/\/pku.biomarin.com\/de-de\/wp-content\/uploads\/sites\/12\/2024\/01\/friendly_mealsB.png?v=0.85\" alt=\"\" \/>        \n\t    <div class=\"card-content\">\n                            <h4>Entdecken Sie Phe-arme Rezepte\n<\/h4>\n        \n                                                                                                                                                                                                                                                                                    \n                                                                                        <\/div>\n                                <div class=\"card-actions\">\n                            \n                            <p><a class=\"button button-arrow\" href=\"https:\/\/pku.biomarin.com\/de-de\/rezepte\/\" target=\"_self\">Speiseplan aufpeppen<\/a><\/p>\n                                                                                    <\/div>\n<\/div>\n\t\t\t<\/div>\n\t\t<\/div>\n\t<\/div>\n<\/div>\n\n<div id=\"acf-block-64f8e38aee895\" class=\"block cards cards-3-col block-zero-top block-zero-bottom\">\n\t<div class=\"wrapper\">\n\t\t<div class=\"inner-wrapper\">\n\t\t\t<div class=\"cards-title\">\n\t\t\t    \t\t\t\t    <h2>Symptome k\u00f6nnen unauf\u00e4llig sein\n\n<\/h2>\n\t\t\t\t\t\t\t\t\t\t\t\t    <h4>Ist Ihre PKU unter Kontrolle?<\/h4>\n\t\t\t\t\t\t\t<\/div>\n\t\t\t<div class=\"cards-wrapper\">\n\t\t\t    \n<div id=\"acf-block-64f8e38af07e2\" class=\"card card-fixed-button\" data-muted-autoplay=\"false\">\n    \t    \n\n                    <img decoding=\"async\" class=\"card-image\" src=\"https:\/\/pku.biomarin.com\/de-de\/wp-content\/uploads\/sites\/12\/2024\/02\/Adrian.png?v=0.85\" alt=\"\" \/>        \n\t    <div class=\"card-content\">\n                \n                                                                                                                                                                                                                                                                                    \n                                                                                        <\/div>\n                                <div class=\"card-actions\">\n                            \n                            <p><a class=\"button button-arrow\" href=\"https:\/\/pku.biomarin.com\/de-de\/beurteilung-der-pku\/\" target=\"_self\">Zum Fragebogen f\u00fcr Kinder<\/a><\/p>\n                                                                                    <\/div>\n<\/div>\n\n<div id=\"acf-block-64f8e38af08b3\" class=\"card card-fixed-button\" data-muted-autoplay=\"false\">\n    \t    \n\n                    <img decoding=\"async\" class=\"card-image\" src=\"https:\/\/pku.biomarin.com\/de-de\/wp-content\/uploads\/sites\/12\/2024\/02\/Briana.png?v=0.85\" alt=\"\" \/>        \n\t    <div class=\"card-content\">\n                \n                                                                                                                                                                                                                                                                                    \n                                                                                        <\/div>\n                                <div class=\"card-actions\">\n                            \n                            <p><a class=\"button button-arrow\" href=\"https:\/\/pku.biomarin.com\/de-de\/jugendliche-beurteilung-der-pku\/\" target=\"_self\">Zum Fragebogen f\u00fcr Jugendliche<\/a><\/p>\n                                                                                    <\/div>\n<\/div>\n\n<div id=\"acf-block-64f8e38af0957\" class=\"card card-fixed-button\" data-muted-autoplay=\"false\">\n    \t    \n\n                    <img decoding=\"async\" class=\"card-image\" src=\"https:\/\/pku.biomarin.com\/de-de\/wp-content\/uploads\/sites\/12\/2024\/02\/Kelly.png?v=0.85\" alt=\"\" \/>        \n\t    <div class=\"card-content\">\n                \n                                                                                                                                                                                                                                                                                    \n                                                                                        <\/div>\n                                <div class=\"card-actions\">\n                            \n                            <p><a class=\"button button-arrow\" href=\"https:\/\/pku.biomarin.com\/de-de\/erwachsene-beurteilung-der-pku\/\" target=\"_self\">Zum Fragebogen f\u00fcr Erwachsene<\/a><\/p>\n                                                                                    <\/div>\n<\/div>\n\t\t\t<\/div>\n\t\t<\/div>\n\t<\/div>\n<\/div>\n\n<div id=\"acf-block-66d4c8109fc45\" class=\"block boxed-content top-border block-tight-top block-tight-bottom boxed-content-no-bg\">\n\t<div class=\"wrapper\">\n\t\t<div class=\"inner-wrapper\">\n\t\t\t<div class=\"box\">\n\t\t\t\t\t\t\t\t\n<div id=\"acf-block-66d4c8109ff98\" class=\"image-text-block\">\n            <div class=\"image-block medium\">\n            <figure>\n                <div class=\"image image-rounded\">\n                    <img decoding=\"async\" class=\"\" src=\"https:\/\/pku.biomarin.com\/de-de\/wp-content\/uploads\/sites\/12\/2024\/01\/live-unlimited-pku.png?v=0.85\" alt=\"\" \/>                <\/div>\n            <\/figure>\n        <\/div>\n        <div class=\"content-block\">\n                    <h3>Live Unlimited\n<\/h3>\n                            <p>LiveUnlimited ist eine Website, die von BioMarin in Zusammenarbeit mit f\u00fchrenden europ\u00e4ischen Patientengruppen finanziert und entwickelt wurde, um Erwachsenen mit PKU den Zugang zu den multidisziplin\u00e4ren Tools und der Unterst\u00fctzung zu erleichtern, die sie zur Behandlung ihrer PKU ben\u00f6tigen.<\/p>\n                                            <p><a class=\"button button-external\" href=\"https:\/\/pku.biomarin.com\/de-de\/liveunlimited\/\" target=\"_blank\">Weiter zur Seite<\/a><\/p>\n                        <\/div>\n<\/div>\n\t\t\t<\/div>\n\t\t<\/div>\n\t<\/div>\n<\/div>","protected":false},"excerpt":{"rendered":"","protected":false},"author":3,"featured_media":0,"parent":0,"menu_order":0,"comment_status":"closed","ping_status":"closed","template":"","meta":{"_acf_changed":false,"inline_featured_image":false,"footnotes":""},"class_list":["post-7","page","type-page","status-publish","hentry"],"acf":[],"yoast_head":"<!-- This site is optimized with the Yoast SEO plugin v27.1.1 - https:\/\/yoast.com\/product\/yoast-seo-wordpress\/ -->\n<title>Informationen zu Phenylketonurie (PKU) | PKU<\/title>\n<meta name=\"description\" content=\"Pers\u00f6nliche Unterst\u00fctzung f\u00fcr Menschen mit Phenylketonurie (PKU). Erhalten Sie die neuesten Informationen \u00fcber die Krankheit, ihre Symptome und die Kontrolle des Phe-Spiegels im Blut.\" \/>\n<meta name=\"robots\" content=\"index, follow, max-snippet:-1, max-image-preview:large, max-video-preview:-1\" \/>\n<link rel=\"canonical\" href=\"https:\/\/pku.biomarin.com\/de-de\/\" \/>\n<meta property=\"og:locale\" content=\"de_DE\" \/>\n<meta property=\"og:type\" content=\"article\" \/>\n<meta property=\"og:title\" content=\"Informationen zu Phenylketonurie (PKU) | PKU\" \/>\n<meta property=\"og:description\" content=\"Pers\u00f6nliche Unterst\u00fctzung f\u00fcr Menschen mit Phenylketonurie (PKU). Erhalten Sie die neuesten Informationen \u00fcber die Krankheit, ihre Symptome und die Kontrolle des Phe-Spiegels im Blut.\" \/>\n<meta property=\"og:url\" content=\"https:\/\/pku.biomarin.com\/de-de\/\" \/>\n<meta property=\"og:site_name\" content=\"BioMarin PKU DSE Patient DE-DE\" \/>\n<meta property=\"article:modified_time\" content=\"2026-02-05T11:48:37+00:00\" \/>\n<meta name=\"twitter:card\" content=\"summary_large_image\" \/>\n<script type=\"application\/ld+json\" class=\"yoast-schema-graph\">{\"@context\":\"https:\/\/schema.org\",\"@graph\":[{\"@type\":\"WebPage\",\"@id\":\"https:\/\/pku.biomarin.com\/de-de\/\",\"url\":\"https:\/\/pku.biomarin.com\/de-de\/\",\"name\":\"Informationen zu Phenylketonurie (PKU) | PKU\",\"isPartOf\":{\"@id\":\"https:\/\/pku.biomarin.com\/de-de\/#website\"},\"datePublished\":\"2023-02-21T15:01:53+00:00\",\"dateModified\":\"2026-02-05T11:48:37+00:00\",\"description\":\"Pers\u00f6nliche Unterst\u00fctzung f\u00fcr Menschen mit Phenylketonurie (PKU). Erhalten Sie die neuesten Informationen \u00fcber die Krankheit, ihre Symptome und die Kontrolle des Phe-Spiegels im Blut.\",\"breadcrumb\":{\"@id\":\"https:\/\/pku.biomarin.com\/de-de\/#breadcrumb\"},\"inLanguage\":\"de\",\"potentialAction\":[{\"@type\":\"ReadAction\",\"target\":[\"https:\/\/pku.biomarin.com\/de-de\/\"]}]},{\"@type\":\"BreadcrumbList\",\"@id\":\"https:\/\/pku.biomarin.com\/de-de\/#breadcrumb\",\"itemListElement\":[{\"@type\":\"ListItem\",\"position\":1,\"name\":\"Home\",\"item\":\"https:\/\/pku.biomarin.com\/de-de\/\"},{\"@type\":\"ListItem\",\"position\":2,\"name\":\"Informationen zu Phenylketonurie (PKU)\"}]},{\"@type\":\"WebSite\",\"@id\":\"https:\/\/pku.biomarin.com\/de-de\/#website\",\"url\":\"https:\/\/pku.biomarin.com\/de-de\/\",\"name\":\"BioMarin PKU DSE Patient DE-DE\",\"description\":\"\",\"potentialAction\":[{\"@type\":\"SearchAction\",\"target\":{\"@type\":\"EntryPoint\",\"urlTemplate\":\"https:\/\/pku.biomarin.com\/de-de\/?s={search_term_string}\"},\"query-input\":{\"@type\":\"PropertyValueSpecification\",\"valueRequired\":true,\"valueName\":\"search_term_string\"}}],\"inLanguage\":\"de\"}]}<\/script>\n<!-- \/ Yoast SEO plugin. -->","yoast_head_json":{"title":"Informationen zu Phenylketonurie (PKU) | PKU","description":"Pers\u00f6nliche Unterst\u00fctzung f\u00fcr Menschen mit Phenylketonurie (PKU). Erhalten Sie die neuesten Informationen \u00fcber die Krankheit, ihre Symptome und die Kontrolle des Phe-Spiegels im Blut.","robots":{"index":"index","follow":"follow","max-snippet":"max-snippet:-1","max-image-preview":"max-image-preview:large","max-video-preview":"max-video-preview:-1"},"canonical":"https:\/\/pku.biomarin.com\/de-de\/","og_locale":"de_DE","og_type":"article","og_title":"Informationen zu Phenylketonurie (PKU) | PKU","og_description":"Pers\u00f6nliche Unterst\u00fctzung f\u00fcr Menschen mit Phenylketonurie (PKU). Erhalten Sie die neuesten Informationen \u00fcber die Krankheit, ihre Symptome und die Kontrolle des Phe-Spiegels im Blut.","og_url":"https:\/\/pku.biomarin.com\/de-de\/","og_site_name":"BioMarin PKU DSE Patient DE-DE","article_modified_time":"2026-02-05T11:48:37+00:00","twitter_card":"summary_large_image","schema":{"@context":"https:\/\/schema.org","@graph":[{"@type":"WebPage","@id":"https:\/\/pku.biomarin.com\/de-de\/","url":"https:\/\/pku.biomarin.com\/de-de\/","name":"Informationen zu Phenylketonurie (PKU) | PKU","isPartOf":{"@id":"https:\/\/pku.biomarin.com\/de-de\/#website"},"datePublished":"2023-02-21T15:01:53+00:00","dateModified":"2026-02-05T11:48:37+00:00","description":"Pers\u00f6nliche Unterst\u00fctzung f\u00fcr Menschen mit Phenylketonurie (PKU). Erhalten Sie die neuesten Informationen \u00fcber die Krankheit, ihre Symptome und die Kontrolle des Phe-Spiegels im Blut.","breadcrumb":{"@id":"https:\/\/pku.biomarin.com\/de-de\/#breadcrumb"},"inLanguage":"de","potentialAction":[{"@type":"ReadAction","target":["https:\/\/pku.biomarin.com\/de-de\/"]}]},{"@type":"BreadcrumbList","@id":"https:\/\/pku.biomarin.com\/de-de\/#breadcrumb","itemListElement":[{"@type":"ListItem","position":1,"name":"Home","item":"https:\/\/pku.biomarin.com\/de-de\/"},{"@type":"ListItem","position":2,"name":"Informationen zu Phenylketonurie (PKU)"}]},{"@type":"WebSite","@id":"https:\/\/pku.biomarin.com\/de-de\/#website","url":"https:\/\/pku.biomarin.com\/de-de\/","name":"BioMarin PKU DSE Patient DE-DE","description":"","potentialAction":[{"@type":"SearchAction","target":{"@type":"EntryPoint","urlTemplate":"https:\/\/pku.biomarin.com\/de-de\/?s={search_term_string}"},"query-input":{"@type":"PropertyValueSpecification","valueRequired":true,"valueName":"search_term_string"}}],"inLanguage":"de"}]}},"_links":{"self":[{"href":"https:\/\/pku.biomarin.com\/de-de\/wp-json\/wp\/v2\/pages\/7","targetHints":{"allow":["GET"]}}],"collection":[{"href":"https:\/\/pku.biomarin.com\/de-de\/wp-json\/wp\/v2\/pages"}],"about":[{"href":"https:\/\/pku.biomarin.com\/de-de\/wp-json\/wp\/v2\/types\/page"}],"author":[{"embeddable":true,"href":"https:\/\/pku.biomarin.com\/de-de\/wp-json\/wp\/v2\/users\/3"}],"replies":[{"embeddable":true,"href":"https:\/\/pku.biomarin.com\/de-de\/wp-json\/wp\/v2\/comments?post=7"}],"version-history":[{"count":223,"href":"https:\/\/pku.biomarin.com\/de-de\/wp-json\/wp\/v2\/pages\/7\/revisions"}],"predecessor-version":[{"id":4734,"href":"https:\/\/pku.biomarin.com\/de-de\/wp-json\/wp\/v2\/pages\/7\/revisions\/4734"}],"wp:attachment":[{"href":"https:\/\/pku.biomarin.com\/de-de\/wp-json\/wp\/v2\/media?parent=7"}],"curies":[{"name":"wp","href":"https:\/\/api.w.org\/{rel}","templated":true}]}}