{"id":62,"date":"2023-02-22T12:13:44","date_gmt":"2023-02-22T12:13:44","guid":{"rendered":"https:\/\/pku.biomarin.com\/de-de\/?page_id=62"},"modified":"2025-02-11T12:55:17","modified_gmt":"2025-02-11T12:55:17","slug":"wieder-in-die-spur-finden","status":"publish","type":"page","link":"https:\/\/pku.biomarin.com\/de-de\/wieder-in-die-spur-finden\/","title":{"rendered":"Wieder in die Spur finden"},"content":{"rendered":"<div id=\"acf-block-63fcac1f16989\" class=\"hero hero-no-overlay\">\n            <div class=\"hero-background-image hero-background-image-desktop\" style=\"background-image: url(https:\/\/pku.biomarin.com\/de-de\/wp-content\/uploads\/sites\/12\/2023\/03\/Group-110-scaled-e1678703759379-2000x435.jpg);\"><\/div>\n\t    <div class=\"hero-background-image hero-background-image-mobile\" style=\"background-image: url(https:\/\/pku.biomarin.com\/de-de\/wp-content\/uploads\/sites\/12\/2023\/02\/pku-balloon-hero-mobile-830x800.jpg);\"><\/div>\n    \t<div class=\"overlay\"><\/div>\n\t<div class=\"wrapper\">\n\t\t<div class=\"inner-wrapper\">\n\t\t\t<div class=\"hero-content\">\n\t\t\t    \t\t\t\t\t\t\t\t\t\t\t\t    <h1>Wieder in die Spur finden\n<\/h1>\n\t\t\t\t\t\t\t\t\t\t\t\t\n                <p class=\"inline-buttons\">\n                                                        <\/p>\n\t\t\t\t\t\t\t<\/div>\n\t\t<\/div>\n\t<\/div>\n<\/div>\n\n\n<div id=\"acf-block-63f7b598d30f5\" class=\"block wrapped-content block-tight-bottom\">\n    <div class=\"wrapper\">\n        <div class=\"inner-wrapper\">\n                \n<div id=\"acf-block-63f7b598d3297\" class=\"block-wysiwyg\">\n            <h2>Es geht nicht nur um eine Di\u00e4t. Es geht um den Schutz Ihres Gehirns.<\/h2>\n<p>Heute gibt es mehr M\u00f6glichkeiten zur Behandlung der PKU als je zuvor. Egal, wie lange Sie bereits keine Di\u00e4t mehr halten oder nicht mehr im PKU-Zentrum waren \u2013 viele Symptome eines hohen oder instabilen Phe-Blutspiegels k\u00f6nnen verbessert werden. Darum ist es so wichtig, die PKU lebenslang zu behandeln \u2013 Sie erhalten damit die Gesundheit und Konzentrationsf\u00e4higkeit Ihres Gehirns.<\/p>\n    <\/div>\n        <\/div>\n    <\/div>\n<\/div>\n\n<div id=\"acf-block-64ff10fb9cc99\" class=\"block wrapped-content block-tight-bottom\">\n    <div class=\"wrapper\">\n        <div class=\"inner-wrapper\">\n                \n<div id=\"acf-block-64ff10fb9ce47\" class=\"block-wysiwyg\">\n            <h2>Die Symptome eines erh\u00f6hten oder instabilen Phe-Blutspiegels k\u00f6nnen schwer zu erkennen sein<\/h2>\n<p>Ein erh\u00f6hter Phe-Blutspiegel kann das Denken, F\u00fchlen und die Interaktion einer Person mit anderen beeinflussen. Wenn der Phe-Spiegel erh\u00f6ht oder nicht unter Kontrolle ist, k\u00f6nnen bei Personen mit PKU Symptome auftreten, die sich schleichend entwickeln und dauerhafte Folgen f\u00fcr das Gehirn haben. M\u00f6gliche Symptome eines erh\u00f6hten oder instabilen Phe-Blutspiegels sind:<\/p>\n    <\/div>\n        <\/div>\n    <\/div>\n<\/div>\n\n<div id=\"acf-block-64ff10fb9f2cf\" class=\"block split-content equal-bias bottom-border block-tight-top\" data-muted-autoplay=\"false\">\n\t<div class=\"wrapper\">\n\t\t<div class=\"inner-wrapper\">\n\t\t                                                                <div class=\"content-block first-block\">\n                                                                                                <ul>\n<li><strong>Verhaltensauff\u00e4lligkeiten oder soziale Probleme <\/strong><\/li>\n<li><strong> Ged\u00e4chtnisprobleme <\/strong><\/li>\n<li><strong>\u201eBenebeltsein\u201c oder eine langsamere\u00a0Verarbeitung von Informationen<\/strong><\/li>\n<li><strong>Fehlende Aufmerksamkeit<\/strong><\/li>\n<\/ul>\n                                                                                    <\/div>\n                    \n                                            <div class=\"content-block second-block\">\n                                                                                                <ul>\n<li><strong>Schwierigkeiten beim Treffen von Entscheidungen, L\u00f6sen von Problemen und Planen von Dingen<\/strong><\/li>\n<li><strong>Depression<\/strong><\/li>\n<li><strong>Angst<\/strong><\/li>\n<li><strong>Reizbarkeit<\/strong><\/li>\n<\/ul>\n                                                                                    <\/div>\n                                                \t\t<\/div>\n\t<\/div>\n<\/div>\n\n<div id=\"acf-block-64ff10fb9f35b\" class=\"block wrapped-content\">\n    <div class=\"wrapper\">\n        <div class=\"inner-wrapper\">\n                \n<div id=\"acf-block-64ff10fb9f398\" class=\"block-wysiwyg\">\n            <h2>Entdecken Sie Ihre M\u00f6glichkeiten<\/h2>\n<p>In einem PKU-Zentrum erfahren Sie mehr \u00fcber die M\u00f6glichkeiten zur Behandlung Ihrer PKU. Ihr Behandlungsteam kann Ihnen dabei helfen, die Symptome eines erh\u00f6hten oder instabilen Phe-Blutspiegels zu erkennen und zu bestimmen, ob Ihre Symptome auf die PKU zur\u00fcckgehen.<\/p>\n<p>Ein offenes Gespr\u00e4ch mit einem PKU-Behandlungsteam hilft bei der Erstellung eines Behandlungsplans, der zu Ihrem Alltag passt. Sprechen Sie mit Ihrem Team offen und ehrlich \u00fcber Ihre Schwierigkeiten, damit es Ihnen besser helfen kann.<\/p>\n    <\/div>\n        <\/div>\n    <\/div>\n<\/div>\n\n<div id=\"acf-block-64ff10fb9f692\" class=\"block cards cards-2-col\">\n\t<div class=\"wrapper\">\n\t\t<div class=\"inner-wrapper\">\n\t\t\t<div class=\"cards-title\">\n\t\t\t    \t\t\t\t\t\t\t<\/div>\n\t\t\t<div class=\"cards-wrapper\">\n\t\t\t    \n<div id=\"acf-block-64ff10fba15e9\" class=\"card card-fixed-button\" data-muted-autoplay=\"false\">\n    \t    \n\n                    <img decoding=\"async\" class=\"card-image\" src=\"https:\/\/pku.biomarin.com\/de-de\/wp-content\/uploads\/sites\/12\/2024\/01\/tips.png?v=0.85\" alt=\"\" \/>        \n\t    <div class=\"card-content\">\n                            <h4>Holen Sie sich Hilfe und Unterst\u00fctzung f\u00fcr die Behandlung\n<\/h4>\n        \n                                                                                                                                                                                                                                                                                    \n                                                                                        <\/div>\n                                <div class=\"card-actions\">\n                            \n                            <p><a class=\"button button-arrow\" href=\"https:\/\/pku.biomarin.com\/de-de\/behandlung-der-pku\/\" target=\"_self\">Behandlung der PKU<\/a><\/p>\n                                                                                    <\/div>\n<\/div>\n\n<div id=\"acf-block-64ff10fba16b5\" class=\"card card-fixed-button\" data-muted-autoplay=\"false\">\n    \t    \n\n                    <img decoding=\"async\" class=\"card-image\" src=\"https:\/\/pku.biomarin.com\/de-de\/wp-content\/uploads\/sites\/12\/2024\/01\/Management.png?v=0.85\" alt=\"\" \/>        \n\t    <div class=\"card-content\">\n                            <h4>Holen Sie sich Hilfe und Unterst\u00fctzung beim Management\n<\/h4>\n        \n                                                                                                                                                                                                                                                                                    \n                                                                                        <\/div>\n                                <div class=\"card-actions\">\n                            \n                            <p><a class=\"button button-arrow\" href=\"https:\/\/pku.biomarin.com\/de-de\/materialien-und-organisationen\/\" target=\"_self\">PKU-Ressourcen anzeigen<\/a><\/p>\n                                                                                    <\/div>\n<\/div>\n\t\t\t<\/div>\n\t\t<\/div>\n\t<\/div>\n<\/div>","protected":false},"excerpt":{"rendered":"","protected":false},"author":3,"featured_media":0,"parent":0,"menu_order":0,"comment_status":"closed","ping_status":"closed","template":"","meta":{"_acf_changed":false,"inline_featured_image":false,"footnotes":""},"class_list":["post-62","page","type-page","status-publish","hentry"],"acf":[],"yoast_head":"<!-- This site is optimized with the Yoast SEO plugin v27.4 - https:\/\/yoast.com\/product\/yoast-seo-wordpress\/ -->\n<title>Wieder in die Spur finden - BioMarin PKU DSE Patient DE-DE<\/title>\n<meta name=\"description\" content=\"Kommen Sie mit der Behandlung von Phenylketonurie (PKU) wieder auf den richtigen Weg. Es gibt mehr M\u00f6glichkeiten als je zuvor, mit PKU umzugehen. Arbeiten Sie mit Ihrem Arzt zusammen, um alle verf\u00fcgbaren Optionen zur Behandlung Ihrer PKU zu pr\u00fcfen. Entdecken Sie Ihre M\u00f6glichkeiten. Helfen Sie, Symptome zu erkennen. Erstellen Sie einen Managementplan, der f\u00fcr Ihren Alltag funktioniert.\" \/>\n<meta name=\"robots\" content=\"index, follow, max-snippet:-1, max-image-preview:large, max-video-preview:-1\" \/>\n<link rel=\"canonical\" href=\"https:\/\/pku.biomarin.com\/de-de\/wieder-in-die-spur-finden\/\" \/>\n<meta property=\"og:locale\" content=\"de_DE\" \/>\n<meta property=\"og:type\" content=\"article\" \/>\n<meta property=\"og:title\" content=\"Wieder in die Spur finden - BioMarin PKU DSE Patient DE-DE\" \/>\n<meta property=\"og:description\" content=\"Kommen Sie mit der Behandlung von Phenylketonurie (PKU) wieder auf den richtigen Weg. Es gibt mehr M\u00f6glichkeiten als je zuvor, mit PKU umzugehen. Arbeiten Sie mit Ihrem Arzt zusammen, um alle verf\u00fcgbaren Optionen zur Behandlung Ihrer PKU zu pr\u00fcfen. Entdecken Sie Ihre M\u00f6glichkeiten. Helfen Sie, Symptome zu erkennen. Erstellen Sie einen Managementplan, der f\u00fcr Ihren Alltag funktioniert.\" \/>\n<meta property=\"og:url\" content=\"https:\/\/pku.biomarin.com\/de-de\/wieder-in-die-spur-finden\/\" \/>\n<meta property=\"og:site_name\" content=\"BioMarin PKU DSE Patient DE-DE\" \/>\n<meta property=\"article:modified_time\" content=\"2025-02-11T12:55:17+00:00\" \/>\n<meta name=\"twitter:card\" content=\"summary_large_image\" \/>\n<script type=\"application\/ld+json\" class=\"yoast-schema-graph\">{\"@context\":\"https:\\\/\\\/schema.org\",\"@graph\":[{\"@type\":\"WebPage\",\"@id\":\"https:\\\/\\\/pku.biomarin.com\\\/de-de\\\/wieder-in-die-spur-finden\\\/\",\"url\":\"https:\\\/\\\/pku.biomarin.com\\\/de-de\\\/wieder-in-die-spur-finden\\\/\",\"name\":\"Wieder in die Spur finden - BioMarin PKU DSE Patient DE-DE\",\"isPartOf\":{\"@id\":\"https:\\\/\\\/pku.biomarin.com\\\/de-de\\\/#website\"},\"datePublished\":\"2023-02-22T12:13:44+00:00\",\"dateModified\":\"2025-02-11T12:55:17+00:00\",\"description\":\"Kommen Sie mit der Behandlung von Phenylketonurie (PKU) wieder auf den richtigen Weg. Es gibt mehr M\u00f6glichkeiten als je zuvor, mit PKU umzugehen. Arbeiten Sie mit Ihrem Arzt zusammen, um alle verf\u00fcgbaren Optionen zur Behandlung Ihrer PKU zu pr\u00fcfen. Entdecken Sie Ihre M\u00f6glichkeiten. Helfen Sie, Symptome zu erkennen. Erstellen Sie einen Managementplan, der f\u00fcr Ihren Alltag funktioniert.\",\"breadcrumb\":{\"@id\":\"https:\\\/\\\/pku.biomarin.com\\\/de-de\\\/wieder-in-die-spur-finden\\\/#breadcrumb\"},\"inLanguage\":\"de\",\"potentialAction\":[{\"@type\":\"ReadAction\",\"target\":[\"https:\\\/\\\/pku.biomarin.com\\\/de-de\\\/wieder-in-die-spur-finden\\\/\"]}]},{\"@type\":\"BreadcrumbList\",\"@id\":\"https:\\\/\\\/pku.biomarin.com\\\/de-de\\\/wieder-in-die-spur-finden\\\/#breadcrumb\",\"itemListElement\":[{\"@type\":\"ListItem\",\"position\":1,\"name\":\"Home\",\"item\":\"https:\\\/\\\/pku.biomarin.com\\\/de-de\\\/\"},{\"@type\":\"ListItem\",\"position\":2,\"name\":\"Wieder in die Spur finden\"}]},{\"@type\":\"WebSite\",\"@id\":\"https:\\\/\\\/pku.biomarin.com\\\/de-de\\\/#website\",\"url\":\"https:\\\/\\\/pku.biomarin.com\\\/de-de\\\/\",\"name\":\"BioMarin PKU DSE Patient DE-DE\",\"description\":\"\",\"potentialAction\":[{\"@type\":\"SearchAction\",\"target\":{\"@type\":\"EntryPoint\",\"urlTemplate\":\"https:\\\/\\\/pku.biomarin.com\\\/de-de\\\/?s={search_term_string}\"},\"query-input\":{\"@type\":\"PropertyValueSpecification\",\"valueRequired\":true,\"valueName\":\"search_term_string\"}}],\"inLanguage\":\"de\"}]}<\/script>\n<!-- \/ Yoast SEO plugin. -->","yoast_head_json":{"title":"Wieder in die Spur finden - BioMarin PKU DSE Patient DE-DE","description":"Kommen Sie mit der Behandlung von Phenylketonurie (PKU) wieder auf den richtigen Weg. Es gibt mehr M\u00f6glichkeiten als je zuvor, mit PKU umzugehen. Arbeiten Sie mit Ihrem Arzt zusammen, um alle verf\u00fcgbaren Optionen zur Behandlung Ihrer PKU zu pr\u00fcfen. Entdecken Sie Ihre M\u00f6glichkeiten. Helfen Sie, Symptome zu erkennen. Erstellen Sie einen Managementplan, der f\u00fcr Ihren Alltag funktioniert.","robots":{"index":"index","follow":"follow","max-snippet":"max-snippet:-1","max-image-preview":"max-image-preview:large","max-video-preview":"max-video-preview:-1"},"canonical":"https:\/\/pku.biomarin.com\/de-de\/wieder-in-die-spur-finden\/","og_locale":"de_DE","og_type":"article","og_title":"Wieder in die Spur finden - BioMarin PKU DSE Patient DE-DE","og_description":"Kommen Sie mit der Behandlung von Phenylketonurie (PKU) wieder auf den richtigen Weg. Es gibt mehr M\u00f6glichkeiten als je zuvor, mit PKU umzugehen. Arbeiten Sie mit Ihrem Arzt zusammen, um alle verf\u00fcgbaren Optionen zur Behandlung Ihrer PKU zu pr\u00fcfen. Entdecken Sie Ihre M\u00f6glichkeiten. Helfen Sie, Symptome zu erkennen. Erstellen Sie einen Managementplan, der f\u00fcr Ihren Alltag funktioniert.","og_url":"https:\/\/pku.biomarin.com\/de-de\/wieder-in-die-spur-finden\/","og_site_name":"BioMarin PKU DSE Patient DE-DE","article_modified_time":"2025-02-11T12:55:17+00:00","twitter_card":"summary_large_image","schema":{"@context":"https:\/\/schema.org","@graph":[{"@type":"WebPage","@id":"https:\/\/pku.biomarin.com\/de-de\/wieder-in-die-spur-finden\/","url":"https:\/\/pku.biomarin.com\/de-de\/wieder-in-die-spur-finden\/","name":"Wieder in die Spur finden - BioMarin PKU DSE Patient DE-DE","isPartOf":{"@id":"https:\/\/pku.biomarin.com\/de-de\/#website"},"datePublished":"2023-02-22T12:13:44+00:00","dateModified":"2025-02-11T12:55:17+00:00","description":"Kommen Sie mit der Behandlung von Phenylketonurie (PKU) wieder auf den richtigen Weg. Es gibt mehr M\u00f6glichkeiten als je zuvor, mit PKU umzugehen. Arbeiten Sie mit Ihrem Arzt zusammen, um alle verf\u00fcgbaren Optionen zur Behandlung Ihrer PKU zu pr\u00fcfen. Entdecken Sie Ihre M\u00f6glichkeiten. Helfen Sie, Symptome zu erkennen. Erstellen Sie einen Managementplan, der f\u00fcr Ihren Alltag funktioniert.","breadcrumb":{"@id":"https:\/\/pku.biomarin.com\/de-de\/wieder-in-die-spur-finden\/#breadcrumb"},"inLanguage":"de","potentialAction":[{"@type":"ReadAction","target":["https:\/\/pku.biomarin.com\/de-de\/wieder-in-die-spur-finden\/"]}]},{"@type":"BreadcrumbList","@id":"https:\/\/pku.biomarin.com\/de-de\/wieder-in-die-spur-finden\/#breadcrumb","itemListElement":[{"@type":"ListItem","position":1,"name":"Home","item":"https:\/\/pku.biomarin.com\/de-de\/"},{"@type":"ListItem","position":2,"name":"Wieder in die Spur finden"}]},{"@type":"WebSite","@id":"https:\/\/pku.biomarin.com\/de-de\/#website","url":"https:\/\/pku.biomarin.com\/de-de\/","name":"BioMarin PKU DSE Patient DE-DE","description":"","potentialAction":[{"@type":"SearchAction","target":{"@type":"EntryPoint","urlTemplate":"https:\/\/pku.biomarin.com\/de-de\/?s={search_term_string}"},"query-input":{"@type":"PropertyValueSpecification","valueRequired":true,"valueName":"search_term_string"}}],"inLanguage":"de"}]}},"_links":{"self":[{"href":"https:\/\/pku.biomarin.com\/de-de\/wp-json\/wp\/v2\/pages\/62","targetHints":{"allow":["GET"]}}],"collection":[{"href":"https:\/\/pku.biomarin.com\/de-de\/wp-json\/wp\/v2\/pages"}],"about":[{"href":"https:\/\/pku.biomarin.com\/de-de\/wp-json\/wp\/v2\/types\/page"}],"author":[{"embeddable":true,"href":"https:\/\/pku.biomarin.com\/de-de\/wp-json\/wp\/v2\/users\/3"}],"replies":[{"embeddable":true,"href":"https:\/\/pku.biomarin.com\/de-de\/wp-json\/wp\/v2\/comments?post=62"}],"version-history":[{"count":130,"href":"https:\/\/pku.biomarin.com\/de-de\/wp-json\/wp\/v2\/pages\/62\/revisions"}],"predecessor-version":[{"id":4611,"href":"https:\/\/pku.biomarin.com\/de-de\/wp-json\/wp\/v2\/pages\/62\/revisions\/4611"}],"wp:attachment":[{"href":"https:\/\/pku.biomarin.com\/de-de\/wp-json\/wp\/v2\/media?parent=62"}],"curies":[{"name":"wp","href":"https:\/\/api.w.org\/{rel}","templated":true}]}}