{"id":60,"date":"2023-02-22T12:13:09","date_gmt":"2023-02-22T12:13:09","guid":{"rendered":"https:\/\/pku.biomarin.com\/de-de\/?page_id=60"},"modified":"2025-02-11T12:51:30","modified_gmt":"2025-02-11T12:51:30","slug":"leben-mit-pku","status":"publish","type":"page","link":"https:\/\/pku.biomarin.com\/de-de\/leben-mit-pku\/","title":{"rendered":"Leben mit PKU"},"content":{"rendered":"<div id=\"acf-block-65bd6771297e7\" class=\"hero\">\n            <div class=\"hero-background-image hero-background-image-desktop\" style=\"background-image: url(https:\/\/pku.biomarin.com\/de-de\/wp-content\/uploads\/sites\/12\/2023\/03\/Group-110-scaled-e1678703759379-2000x435.jpg);\"><\/div>\n\t    <div class=\"hero-background-image hero-background-image-mobile\" style=\"background-image: url(https:\/\/pku.biomarin.com\/de-de\/wp-content\/uploads\/sites\/12\/2023\/02\/pku-balloon-hero-mobile-830x800.jpg);\"><\/div>\n    \t<div class=\"overlay\"><\/div>\n\t<div class=\"wrapper\">\n\t\t<div class=\"inner-wrapper\">\n\t\t\t<div class=\"hero-content\">\n\t\t\t    \t\t\t\t\t\t\t\t\t\t\t\t    <h1>Leben mit PKU\n<\/h1>\n\t\t\t\t\t\t\t\t\t\t\t\t\n                <p class=\"inline-buttons\">\n                                                        <\/p>\n\t\t\t\t\t\t\t<\/div>\n\t\t<\/div>\n\t<\/div>\n<\/div>\n\n\n<div id=\"acf-block-63f7ad3036003\" class=\"block wrapped-content\">\n    <div class=\"wrapper\">\n        <div class=\"inner-wrapper\">\n                \n<div id=\"acf-block-63f7ad30360e8\" class=\"block-wysiwyg\">\n            <h2>Es ist nie zu sp\u00e4t, wieder mit der Behandlung zu beginnen.<\/h2>\n<p>Viele Ihrer Symptome k\u00f6nnen von hohen oder instabilen Phe-Spiegeln im Blut hervorgerufen werden. Doch Sie k\u00f6nnen Ihre Phe-Blutspiegel unter Kontrolle halten und das Beste aus Ihrem PKU-Behandlungsplan herausholen. Nehmen Sie beispielsweise Ihre PKU-Behandlung in einem PKU-Zentrum wieder auf.<\/p>\n<p>Wir wissen jetzt, dass PKU lebenslang behandelt werden muss, auch wenn Sie in der Vergangenheit vielleicht etwas anderes geh\u00f6rt haben. Darum ist es egal, wie lange Sie bereits keine Di\u00e4t mehr halten oder nicht mehr im PKU-Zentrum waren \u2013 Sie k\u00f6nnen eine Verbesserung Ihrer Symptome erfahren.<\/p>\n    <\/div>\n        <\/div>\n    <\/div>\n<\/div>\n\n<div id=\"acf-block-64fe6b4c4639a\" class=\"block call-to-action\">\n    <div class=\"wrapper\">\n\t\t<div class=\"inner-wrapper\">\n\t\t\t<div class=\"box\" style=\"\">\n\t\t\t\t<div class=\"overlay\"><\/div>\n\t\t\t\t<div class=\"cta-content\">\n\t\t\t\t    \t\t\t\t\t<div class=\"cta-content-main\">\n                        <div class=\"content-block\">\n\t\t\t\t\t        \t\t\t\t\t        \t\t\t\t\t\t        <h2 class=\"h3\">Wenn Freunde oder Kollegen Sie auf die PKU ansprechen \u2013 was sagen Sie?\n<\/h2>\n\t\t\t\t\t\t    \t\t\t\t\t\t    \t\t\t\t\t\t        <p>Es mag naheliegend sein, die PKU als ein Problem mit der Ern\u00e4hrung zu beschreiben, doch die PKU kann auch enorme Auswirkungen auf das Gehirn haben.<\/p>\n<p>Wenn das n\u00e4chste Mal jemand fragt, erz\u00e4hlen Sie, welche Auswirkungen die PKU auf Ihr Gehirn hat. So k\u00f6nnen andere besser verstehen, warum es so wichtig ist, darauf zu achten, was man isst.<\/p>\n\t\t\t\t\t\t    \t\t\t\t\t    <\/div>\n\t\t\t\t\t                                <div class=\"content-block\">\n                                <p><a class=\"button button-ghost button-arrow\" href=\"https:\/\/pku.biomarin.com\/de-de\/phe-im-gehirn\/\" target=\"_self\">Wie sich die PKU auf das Gehirn auswirkt<\/a><\/p>\n                            <\/div>\n\t\t\t\t\t                        <\/div>\n\t\t\t\t<\/div>\n\t\t\t<\/div>\n\t\t<\/div>\n\t<\/div>\n<\/div>\n\n<div id=\"acf-block-64fe6b4c4a4d2\" class=\"block split-content equal-bias bottom-border\" data-muted-autoplay=\"false\">\n\t<div class=\"wrapper\">\n\t\t<div class=\"inner-wrapper\">\n\t\t                                                                <div class=\"content-block first-block\">\n                                                                                                                                                                                                                                                                                    \n                                    \n                                                                                                                \n                                    \n                                    <figure>\n                                        <div class=\"image image-rounded\">\n                                                                                            <img decoding=\"async\" class=\"\" src=\"https:\/\/pku.biomarin.com\/de-de\/wp-content\/uploads\/sites\/12\/2024\/01\/head-side-450.png?v=0.85\" alt=\"\" \/>                                                                                    <\/div>\n                                                                            <\/figure>\n                                                                                    <\/div>\n                    \n                                            <div class=\"content-block second-block\">\n                                                                                                <h2>Denken Sie daran<\/h2>\n<p>Die Symptome einer PKU k\u00f6nnen schwierig zu erkennen sein und sich schleichend entwickeln. Und sie k\u00f6nnen ernsthafte Auswirkungen auf Ihr Gehirn haben. Darum sind Untersuchungen in einem PKU-Zentrum so wichtig.<\/p>\n<p>Wenn Sie sich in letzter Zeit benebelt, verwirrt oder \u00e4ngstlich f\u00fchlen, k\u00f6nnte es an erh\u00f6hten Phe-Werten liegen.<\/p>\n                                                                                    <\/div>\n                                                \t\t<\/div>\n\t<\/div>\n<\/div>\n\n<div id=\"acf-block-64fe6b4c46688\" class=\"block boxed-content boxed-content-white\">\n\t<div class=\"wrapper\">\n\t\t<div class=\"inner-wrapper\">\n\t\t\t<div class=\"box\">\n\t\t\t\t\t\t\t\t\n<div id=\"acf-block-64fe6b4c47e01\" class=\"image-text-block content-align-center\">\n            <div class=\"image-block medium\">\n            <figure>\n                <div class=\"image image-rounded\">\n                    <img decoding=\"async\" class=\"\" src=\"https:\/\/pku.biomarin.com\/de-de\/wp-content\/uploads\/sites\/12\/2023\/02\/pad_small.png?v=0.85\" alt=\"Pad\" \/>                <\/div>\n            <\/figure>\n        <\/div>\n        <div class=\"content-block\">\n                    <h3>Woher wissen Sie, ob es PKU ist?\n<\/h3>\n                                                    <p><a class=\"button button-arrow\" href=\"https:\/\/pku.biomarin.com\/de-de\/Symptomtagebuch\/\" target=\"_self\">Versuchen Sie es mit dem Symptomtagebuch<\/a><\/p>\n                        <\/div>\n<\/div>\n\t\t\t<\/div>\n\t\t<\/div>\n\t<\/div>\n<\/div>","protected":false},"excerpt":{"rendered":"","protected":false},"author":3,"featured_media":0,"parent":0,"menu_order":0,"comment_status":"closed","ping_status":"closed","template":"","meta":{"_acf_changed":false,"inline_featured_image":false,"footnotes":""},"class_list":["post-60","page","type-page","status-publish","hentry"],"acf":[],"yoast_head":"<!-- This site is optimized with the Yoast SEO plugin v27.1.1 - https:\/\/yoast.com\/product\/yoast-seo-wordpress\/ -->\n<title>Leben mit PKU - BioMarin PKU DSE Patient DE-DE<\/title>\n<meta name=\"description\" content=\"Erwachsene mit PKU. Pflege einer Phenylketonurie (PKU) als Erwachsener. Halten Sie Ihren Phenylalaninspiegel (Phe) im Blut unter Kontrolle und nutzen Sie Ihren PKU-Managementplan optimal. Starten Sie Ihr PKU-Management in einer PKU-Klinik neu. PKU muss lebenslang behandelt werden, was m\u00f6glicherweise anders ist als das, was Ihnen in der Vergangenheit gesagt wurde. Unabh\u00e4ngig davon, wie lange Sie keine Di\u00e4t mehr gemacht haben oder nicht in der Klinik waren, k\u00f6nnen Sie m\u00f6glicherweise eine Verbesserung Ihrer Symptome feststellen, wenn Sie zur PKU-Behandlung zur\u00fcckkehren. Finden Sie eine PKU-Klinik.\" \/>\n<meta name=\"robots\" content=\"index, follow, max-snippet:-1, max-image-preview:large, max-video-preview:-1\" \/>\n<link rel=\"canonical\" href=\"https:\/\/pku.biomarin.com\/de-de\/leben-mit-pku\/\" \/>\n<meta property=\"og:locale\" content=\"de_DE\" \/>\n<meta property=\"og:type\" content=\"article\" \/>\n<meta property=\"og:title\" content=\"Leben mit PKU - BioMarin PKU DSE Patient DE-DE\" \/>\n<meta property=\"og:description\" content=\"Erwachsene mit PKU. Pflege einer Phenylketonurie (PKU) als Erwachsener. Halten Sie Ihren Phenylalaninspiegel (Phe) im Blut unter Kontrolle und nutzen Sie Ihren PKU-Managementplan optimal. Starten Sie Ihr PKU-Management in einer PKU-Klinik neu. PKU muss lebenslang behandelt werden, was m\u00f6glicherweise anders ist als das, was Ihnen in der Vergangenheit gesagt wurde. Unabh\u00e4ngig davon, wie lange Sie keine Di\u00e4t mehr gemacht haben oder nicht in der Klinik waren, k\u00f6nnen Sie m\u00f6glicherweise eine Verbesserung Ihrer Symptome feststellen, wenn Sie zur PKU-Behandlung zur\u00fcckkehren. Finden Sie eine PKU-Klinik.\" \/>\n<meta property=\"og:url\" content=\"https:\/\/pku.biomarin.com\/de-de\/leben-mit-pku\/\" \/>\n<meta property=\"og:site_name\" content=\"BioMarin PKU DSE Patient DE-DE\" \/>\n<meta property=\"article:modified_time\" content=\"2025-02-11T12:51:30+00:00\" \/>\n<meta name=\"twitter:card\" content=\"summary_large_image\" \/>\n<script type=\"application\/ld+json\" class=\"yoast-schema-graph\">{\"@context\":\"https:\/\/schema.org\",\"@graph\":[{\"@type\":\"WebPage\",\"@id\":\"https:\/\/pku.biomarin.com\/de-de\/leben-mit-pku\/\",\"url\":\"https:\/\/pku.biomarin.com\/de-de\/leben-mit-pku\/\",\"name\":\"Leben mit PKU - BioMarin PKU DSE Patient DE-DE\",\"isPartOf\":{\"@id\":\"https:\/\/pku.biomarin.com\/de-de\/#website\"},\"datePublished\":\"2023-02-22T12:13:09+00:00\",\"dateModified\":\"2025-02-11T12:51:30+00:00\",\"description\":\"Erwachsene mit PKU. Pflege einer Phenylketonurie (PKU) als Erwachsener. Halten Sie Ihren Phenylalaninspiegel (Phe) im Blut unter Kontrolle und nutzen Sie Ihren PKU-Managementplan optimal. Starten Sie Ihr PKU-Management in einer PKU-Klinik neu. PKU muss lebenslang behandelt werden, was m\u00f6glicherweise anders ist als das, was Ihnen in der Vergangenheit gesagt wurde. Unabh\u00e4ngig davon, wie lange Sie keine Di\u00e4t mehr gemacht haben oder nicht in der Klinik waren, k\u00f6nnen Sie m\u00f6glicherweise eine Verbesserung Ihrer Symptome feststellen, wenn Sie zur PKU-Behandlung zur\u00fcckkehren. Finden Sie eine PKU-Klinik.\",\"breadcrumb\":{\"@id\":\"https:\/\/pku.biomarin.com\/de-de\/leben-mit-pku\/#breadcrumb\"},\"inLanguage\":\"de\",\"potentialAction\":[{\"@type\":\"ReadAction\",\"target\":[\"https:\/\/pku.biomarin.com\/de-de\/leben-mit-pku\/\"]}]},{\"@type\":\"BreadcrumbList\",\"@id\":\"https:\/\/pku.biomarin.com\/de-de\/leben-mit-pku\/#breadcrumb\",\"itemListElement\":[{\"@type\":\"ListItem\",\"position\":1,\"name\":\"Home\",\"item\":\"https:\/\/pku.biomarin.com\/de-de\/\"},{\"@type\":\"ListItem\",\"position\":2,\"name\":\"Leben mit PKU\"}]},{\"@type\":\"WebSite\",\"@id\":\"https:\/\/pku.biomarin.com\/de-de\/#website\",\"url\":\"https:\/\/pku.biomarin.com\/de-de\/\",\"name\":\"BioMarin PKU DSE Patient DE-DE\",\"description\":\"\",\"potentialAction\":[{\"@type\":\"SearchAction\",\"target\":{\"@type\":\"EntryPoint\",\"urlTemplate\":\"https:\/\/pku.biomarin.com\/de-de\/?s={search_term_string}\"},\"query-input\":{\"@type\":\"PropertyValueSpecification\",\"valueRequired\":true,\"valueName\":\"search_term_string\"}}],\"inLanguage\":\"de\"}]}<\/script>\n<!-- \/ Yoast SEO plugin. -->","yoast_head_json":{"title":"Leben mit PKU - BioMarin PKU DSE Patient DE-DE","description":"Erwachsene mit PKU. Pflege einer Phenylketonurie (PKU) als Erwachsener. Halten Sie Ihren Phenylalaninspiegel (Phe) im Blut unter Kontrolle und nutzen Sie Ihren PKU-Managementplan optimal. Starten Sie Ihr PKU-Management in einer PKU-Klinik neu. PKU muss lebenslang behandelt werden, was m\u00f6glicherweise anders ist als das, was Ihnen in der Vergangenheit gesagt wurde. Unabh\u00e4ngig davon, wie lange Sie keine Di\u00e4t mehr gemacht haben oder nicht in der Klinik waren, k\u00f6nnen Sie m\u00f6glicherweise eine Verbesserung Ihrer Symptome feststellen, wenn Sie zur PKU-Behandlung zur\u00fcckkehren. Finden Sie eine PKU-Klinik.","robots":{"index":"index","follow":"follow","max-snippet":"max-snippet:-1","max-image-preview":"max-image-preview:large","max-video-preview":"max-video-preview:-1"},"canonical":"https:\/\/pku.biomarin.com\/de-de\/leben-mit-pku\/","og_locale":"de_DE","og_type":"article","og_title":"Leben mit PKU - BioMarin PKU DSE Patient DE-DE","og_description":"Erwachsene mit PKU. Pflege einer Phenylketonurie (PKU) als Erwachsener. Halten Sie Ihren Phenylalaninspiegel (Phe) im Blut unter Kontrolle und nutzen Sie Ihren PKU-Managementplan optimal. Starten Sie Ihr PKU-Management in einer PKU-Klinik neu. PKU muss lebenslang behandelt werden, was m\u00f6glicherweise anders ist als das, was Ihnen in der Vergangenheit gesagt wurde. Unabh\u00e4ngig davon, wie lange Sie keine Di\u00e4t mehr gemacht haben oder nicht in der Klinik waren, k\u00f6nnen Sie m\u00f6glicherweise eine Verbesserung Ihrer Symptome feststellen, wenn Sie zur PKU-Behandlung zur\u00fcckkehren. Finden Sie eine PKU-Klinik.","og_url":"https:\/\/pku.biomarin.com\/de-de\/leben-mit-pku\/","og_site_name":"BioMarin PKU DSE Patient DE-DE","article_modified_time":"2025-02-11T12:51:30+00:00","twitter_card":"summary_large_image","schema":{"@context":"https:\/\/schema.org","@graph":[{"@type":"WebPage","@id":"https:\/\/pku.biomarin.com\/de-de\/leben-mit-pku\/","url":"https:\/\/pku.biomarin.com\/de-de\/leben-mit-pku\/","name":"Leben mit PKU - BioMarin PKU DSE Patient DE-DE","isPartOf":{"@id":"https:\/\/pku.biomarin.com\/de-de\/#website"},"datePublished":"2023-02-22T12:13:09+00:00","dateModified":"2025-02-11T12:51:30+00:00","description":"Erwachsene mit PKU. Pflege einer Phenylketonurie (PKU) als Erwachsener. Halten Sie Ihren Phenylalaninspiegel (Phe) im Blut unter Kontrolle und nutzen Sie Ihren PKU-Managementplan optimal. Starten Sie Ihr PKU-Management in einer PKU-Klinik neu. PKU muss lebenslang behandelt werden, was m\u00f6glicherweise anders ist als das, was Ihnen in der Vergangenheit gesagt wurde. Unabh\u00e4ngig davon, wie lange Sie keine Di\u00e4t mehr gemacht haben oder nicht in der Klinik waren, k\u00f6nnen Sie m\u00f6glicherweise eine Verbesserung Ihrer Symptome feststellen, wenn Sie zur PKU-Behandlung zur\u00fcckkehren. Finden Sie eine PKU-Klinik.","breadcrumb":{"@id":"https:\/\/pku.biomarin.com\/de-de\/leben-mit-pku\/#breadcrumb"},"inLanguage":"de","potentialAction":[{"@type":"ReadAction","target":["https:\/\/pku.biomarin.com\/de-de\/leben-mit-pku\/"]}]},{"@type":"BreadcrumbList","@id":"https:\/\/pku.biomarin.com\/de-de\/leben-mit-pku\/#breadcrumb","itemListElement":[{"@type":"ListItem","position":1,"name":"Home","item":"https:\/\/pku.biomarin.com\/de-de\/"},{"@type":"ListItem","position":2,"name":"Leben mit PKU"}]},{"@type":"WebSite","@id":"https:\/\/pku.biomarin.com\/de-de\/#website","url":"https:\/\/pku.biomarin.com\/de-de\/","name":"BioMarin PKU DSE Patient DE-DE","description":"","potentialAction":[{"@type":"SearchAction","target":{"@type":"EntryPoint","urlTemplate":"https:\/\/pku.biomarin.com\/de-de\/?s={search_term_string}"},"query-input":{"@type":"PropertyValueSpecification","valueRequired":true,"valueName":"search_term_string"}}],"inLanguage":"de"}]}},"_links":{"self":[{"href":"https:\/\/pku.biomarin.com\/de-de\/wp-json\/wp\/v2\/pages\/60","targetHints":{"allow":["GET"]}}],"collection":[{"href":"https:\/\/pku.biomarin.com\/de-de\/wp-json\/wp\/v2\/pages"}],"about":[{"href":"https:\/\/pku.biomarin.com\/de-de\/wp-json\/wp\/v2\/types\/page"}],"author":[{"embeddable":true,"href":"https:\/\/pku.biomarin.com\/de-de\/wp-json\/wp\/v2\/users\/3"}],"replies":[{"embeddable":true,"href":"https:\/\/pku.biomarin.com\/de-de\/wp-json\/wp\/v2\/comments?post=60"}],"version-history":[{"count":98,"href":"https:\/\/pku.biomarin.com\/de-de\/wp-json\/wp\/v2\/pages\/60\/revisions"}],"predecessor-version":[{"id":4612,"href":"https:\/\/pku.biomarin.com\/de-de\/wp-json\/wp\/v2\/pages\/60\/revisions\/4612"}],"wp:attachment":[{"href":"https:\/\/pku.biomarin.com\/de-de\/wp-json\/wp\/v2\/media?parent=60"}],"curies":[{"name":"wp","href":"https:\/\/api.w.org\/{rel}","templated":true}]}}