{"id":58,"date":"2023-02-22T12:12:32","date_gmt":"2023-02-22T12:12:32","guid":{"rendered":"https:\/\/pku.biomarin.com\/de-de\/?page_id=58"},"modified":"2025-02-11T12:49:35","modified_gmt":"2025-02-11T12:49:35","slug":"erwachsene","status":"publish","type":"page","link":"https:\/\/pku.biomarin.com\/de-de\/erwachsene\/","title":{"rendered":"Erwachsene"},"content":{"rendered":"<div id=\"acf-block-63f7a8bde0a3d\" class=\"hero hero-no-overlay\">\n            <div class=\"hero-background-image hero-background-image-desktop\" style=\"background-image: url(https:\/\/pku.biomarin.com\/de-de\/wp-content\/uploads\/sites\/12\/2023\/03\/Group-110-scaled-e1678703759379-2000x435.jpg);\"><\/div>\n\t    <div class=\"hero-background-image hero-background-image-mobile\" style=\"background-image: url(https:\/\/pku.biomarin.com\/de-de\/wp-content\/uploads\/sites\/12\/2023\/02\/pku-balloon-hero-mobile-830x800.jpg);\"><\/div>\n    \t<div class=\"overlay\"><\/div>\n\t<div class=\"wrapper\">\n\t\t<div class=\"inner-wrapper\">\n\t\t\t<div class=\"hero-content\">\n\t\t\t    \t\t\t\t\t\t\t\t\t\t\t\t    <h1>Erwachsene \n<\/h1>\n\t\t\t\t\t\t\t\t\t\t\t\t\n                <p class=\"inline-buttons\">\n                                                        <\/p>\n\t\t\t\t\t\t\t<\/div>\n\t\t<\/div>\n\t<\/div>\n<\/div>\n\n\n<div id=\"acf-block-63f7a8bde0bf1\" class=\"block wrapped-content\">\n    <div class=\"wrapper\">\n        <div class=\"inner-wrapper\">\n                \n<div id=\"acf-block-63f7a8bde0cfe\" class=\"block-wysiwyg\">\n            <h2>Ein gesundes Leben mit PKU erfordert lebenslange Behandlung<\/h2>\n<p>Selbst wenn man seit l\u00e4ngerem nicht mehr im PKU-Zentrum war oder die Krankheit seit einiger Zeit nicht mehr behandelt hat, k\u00f6nnen viele der Symptome von erh\u00f6hten oder instabilen Phe-Blutspiegeln verbessert werden. Sie k\u00f6nnen Ihre PKU-Behandlung mit jeder verf\u00fcgbaren M\u00f6glichkeit behandeln, die Ihre Phe-Blutspiegel niedrig und stabil h\u00e4lt.<\/p>\n    <\/div>\n        <\/div>\n    <\/div>\n<\/div>\n\n<div id=\"acf-block-63f7a8bde0eec\" class=\"block cards cards-2-col\">\n\t<div class=\"wrapper\">\n\t\t<div class=\"inner-wrapper\">\n\t\t\t<div class=\"cards-title\">\n\t\t\t    \t\t\t\t\t\t\t<\/div>\n\t\t\t<div class=\"cards-wrapper\">\n\t\t\t    \n<div id=\"acf-block-63f7a8bde135e\" class=\"card card-fixed-button\" data-muted-autoplay=\"false\">\n    \t    \n\n                    <img decoding=\"async\" class=\"card-image\" src=\"https:\/\/pku.biomarin.com\/de-de\/wp-content\/uploads\/sites\/12\/2024\/01\/CTAblock1_Adult1.jpg?v=0.85\" alt=\"\" \/>        \n\t    <div class=\"card-content\">\n                            <h4>Erfahren Sie, wie PKU-Symptome verbessert werden k\u00f6nnen\n<\/h4>\n        \n                                                                                                                                                                                                                                                                                    \n                                                                                        <\/div>\n                                <div class=\"card-actions\">\n                            \n                            <p><a class=\"button button-arrow\" href=\"https:\/\/pku.biomarin.com\/de-de\/leben-mit-pku\/\" target=\"_self\">Nehmen Sie Ihre PKU-Behandlung in die eigene Hand<\/a><\/p>\n                                                                                    <\/div>\n<\/div>\n\n<div id=\"acf-block-63f7a8bde13ef\" class=\"card card-fixed-button\" data-muted-autoplay=\"false\">\n    \t    \n\n                    <img decoding=\"async\" class=\"card-image\" src=\"https:\/\/pku.biomarin.com\/de-de\/wp-content\/uploads\/sites\/12\/2024\/01\/CTAblock1_Adult2.png?v=0.85\" alt=\"\" \/>        \n\t    <div class=\"card-content\">\n                            <h4>So erhalten Sie die Gesundheit und Konzentrationsf\u00e4higkeit Ihres Gehirns\n<\/h4>\n        \n                                                                                                                                                                                                                                                                                    \n                                                                                        <\/div>\n                                <div class=\"card-actions\">\n                            \n                            <p><a class=\"button button-arrow\" href=\"https:\/\/pku.biomarin.com\/de-de\/wieder-in-die-spur-finden\/\" target=\"_self\">Bleiben Sie mit kontrollierten Phe-Spiegeln im Blut in der Spur<\/a><\/p>\n                                                                                    <\/div>\n<\/div>\n\t\t\t<\/div>\n\t\t<\/div>\n\t<\/div>\n<\/div>\n\n<div id=\"acf-block-63f7a8bde352c\" class=\"block split-content equal-bias bottom-border\" data-muted-autoplay=\"false\">\n\t<div class=\"wrapper\">\n\t\t<div class=\"inner-wrapper\">\n\t\t                                                                <div class=\"content-block first-block\">\n                                                                                                <h2>\u201eManchmal ist es f\u00fcr Patienten schwierig zu erkennen, dass diese Symptome durch ihre PKU hervorgerufen werden.\u201c<\/h2>\n<p>Erfahren Sie, wie erh\u00f6hte Phe-Spiegel Ihr Denken, F\u00fchlen und Handeln beeinflussen &gt;<\/p>\n                                                                                    <\/div>\n                    \n                                            <div class=\"content-block second-block\">\n                                                                                                                                                                                                                                                <div class=\"video-poster\">\n\t\t\t                            <a class=\"modal-video permitted\" href=\"https:\/\/player.vimeo.com\/video\/665645380\" style=\"background-image: url(https:\/\/pku.biomarin.com\/de-de\/wp-content\/uploads\/sites\/12\/2024\/01\/vlcsnap-2023-09-11-01h52m48s652.png?v=0.85);\">Play<\/a>\n\t\t                            <\/div> \n                                    \n                                                                                                                    \n                                                                                                                                                   \n                                    \n\t\t                                                                            <\/div>\n                                                \t\t<\/div>\n\t<\/div>\n<\/div>\n\n<div id=\"acf-block-63f7abbd3e4e7\" class=\"block cards cards-3-col block-tight-top block-tight-bottom\">\n\t<div class=\"wrapper\">\n\t\t<div class=\"inner-wrapper\">\n\t\t\t<div class=\"cards-title\">\n\t\t\t    \t\t\t\t\t\t\t<\/div>\n\t\t\t<div class=\"cards-wrapper\">\n\t\t\t    \n<div id=\"acf-block-64fe670ba981a\" class=\"card card-fixed-button\" data-muted-autoplay=\"false\">\n    \t    \n\n                    <img decoding=\"async\" class=\"card-image\" src=\"https:\/\/pku.biomarin.com\/de-de\/wp-content\/uploads\/sites\/12\/2024\/02\/24-head.png?v=0.85\" alt=\"\" \/>        \n\t    <div class=\"card-content\">\n                            <h4>Erfahren Sie, wie PKU Ihr Denken, F\u00fchlen und Handeln beeinflussen kann\n<\/h4>\n        \n                                                                                                                                                                                                                                                                                    \n                                                                                        <\/div>\n                                <div class=\"card-actions\">\n                            \n                            <p><a class=\"button button-arrow\" href=\"https:\/\/pku.biomarin.com\/de-de\/phe-im-gehirn\/\" target=\"_self\">Mehr \u00fcber Phe erfahren<\/a><\/p>\n                                                                                    <\/div>\n<\/div>\n\n<div id=\"acf-block-63f7abbd3e8e9\" class=\"card card-fixed-button\" data-muted-autoplay=\"false\">\n    \t    \n\n                    <img decoding=\"async\" class=\"card-image\" src=\"https:\/\/pku.biomarin.com\/de-de\/wp-content\/uploads\/sites\/12\/2024\/02\/clipboard-B.png?v=0.85\" alt=\"\" \/>        \n\t    <div class=\"card-content\">\n                \n                                                                                                            <h4>Ist es PKU?<\/h4>\n                                                                                                                                                                                                                                                                        \n                                                                                        <\/div>\n                                <div class=\"card-actions\">\n                            \n                            <p><a class=\"button button-arrow\" href=\"https:\/\/pku.biomarin.com\/de-de\/Symptomtagebuch\/\" target=\"_self\">Symptomtagebuch <\/a><\/p>\n                                                                                    <\/div>\n<\/div>\n\n<div id=\"acf-block-65bd4f520aacd\" class=\"card card-fixed-button\" data-muted-autoplay=\"false\">\n    \t    \n\n                    <img decoding=\"async\" class=\"card-image\" src=\"https:\/\/pku.biomarin.com\/de-de\/wp-content\/uploads\/sites\/12\/2023\/04\/meet_families.png?v=0.85\" alt=\"Meet Other Families\" \/>        \n\t    <div class=\"card-content\">\n                            <h4>Ist Ihre PKU unter Kontrolle?\n<\/h4>\n        \n                                                                                                                                                                                                                                                                                    \n                                                                                        <\/div>\n                                <div class=\"card-actions\">\n                            \n                            <p><a class=\"button button-arrow\" href=\"https:\/\/pku.biomarin.com\/de-de\/erwachsene-beurteilung-der-pku\/\" target=\"_self\">Zum Fragebogen<\/a><\/p>\n                                                                                    <\/div>\n<\/div>\n\t\t\t<\/div>\n\t\t<\/div>\n\t<\/div>\n<\/div>","protected":false},"excerpt":{"rendered":"","protected":false},"author":3,"featured_media":0,"parent":0,"menu_order":0,"comment_status":"closed","ping_status":"closed","template":"","meta":{"_acf_changed":false,"inline_featured_image":false,"footnotes":""},"class_list":["post-58","page","type-page","status-publish","hentry"],"acf":[],"yoast_head":"<!-- This site is optimized with the Yoast SEO plugin v27.1.1 - https:\/\/yoast.com\/product\/yoast-seo-wordpress\/ -->\n<title>Erwachsene - BioMarin PKU DSE Patient DE-DE<\/title>\n<meta name=\"description\" content=\"Viele Symptome eines hohen oder instabilen Phenylalaninspiegels (Phe) im Blut k\u00f6nnen gebessert werden, selbst wenn Sie nicht in der Klinik oder au\u00dferhalb der Behandlung waren. Sie k\u00f6nnen Ihr Phenylketonurie-Management (PKU) verbessern, indem Sie die verf\u00fcgbaren Optionen zur Senkung Ihres Phe-Spiegels im Blut in Betracht ziehen.\" \/>\n<meta name=\"robots\" content=\"index, follow, max-snippet:-1, max-image-preview:large, max-video-preview:-1\" \/>\n<link rel=\"canonical\" href=\"https:\/\/pku.biomarin.com\/de-de\/erwachsene\/\" \/>\n<meta property=\"og:locale\" content=\"de_DE\" \/>\n<meta property=\"og:type\" content=\"article\" \/>\n<meta property=\"og:title\" content=\"Erwachsene - BioMarin PKU DSE Patient DE-DE\" \/>\n<meta property=\"og:description\" content=\"Viele Symptome eines hohen oder instabilen Phenylalaninspiegels (Phe) im Blut k\u00f6nnen gebessert werden, selbst wenn Sie nicht in der Klinik oder au\u00dferhalb der Behandlung waren. Sie k\u00f6nnen Ihr Phenylketonurie-Management (PKU) verbessern, indem Sie die verf\u00fcgbaren Optionen zur Senkung Ihres Phe-Spiegels im Blut in Betracht ziehen.\" \/>\n<meta property=\"og:url\" content=\"https:\/\/pku.biomarin.com\/de-de\/erwachsene\/\" \/>\n<meta property=\"og:site_name\" content=\"BioMarin PKU DSE Patient DE-DE\" \/>\n<meta property=\"article:modified_time\" content=\"2025-02-11T12:49:35+00:00\" \/>\n<meta name=\"twitter:card\" content=\"summary_large_image\" \/>\n<script type=\"application\/ld+json\" class=\"yoast-schema-graph\">{\"@context\":\"https:\/\/schema.org\",\"@graph\":[{\"@type\":\"WebPage\",\"@id\":\"https:\/\/pku.biomarin.com\/de-de\/erwachsene\/\",\"url\":\"https:\/\/pku.biomarin.com\/de-de\/erwachsene\/\",\"name\":\"Erwachsene - BioMarin PKU DSE Patient DE-DE\",\"isPartOf\":{\"@id\":\"https:\/\/pku.biomarin.com\/de-de\/#website\"},\"datePublished\":\"2023-02-22T12:12:32+00:00\",\"dateModified\":\"2025-02-11T12:49:35+00:00\",\"description\":\"Viele Symptome eines hohen oder instabilen Phenylalaninspiegels (Phe) im Blut k\u00f6nnen gebessert werden, selbst wenn Sie nicht in der Klinik oder au\u00dferhalb der Behandlung waren. Sie k\u00f6nnen Ihr Phenylketonurie-Management (PKU) verbessern, indem Sie die verf\u00fcgbaren Optionen zur Senkung Ihres Phe-Spiegels im Blut in Betracht ziehen.\",\"breadcrumb\":{\"@id\":\"https:\/\/pku.biomarin.com\/de-de\/erwachsene\/#breadcrumb\"},\"inLanguage\":\"de\",\"potentialAction\":[{\"@type\":\"ReadAction\",\"target\":[\"https:\/\/pku.biomarin.com\/de-de\/erwachsene\/\"]}]},{\"@type\":\"BreadcrumbList\",\"@id\":\"https:\/\/pku.biomarin.com\/de-de\/erwachsene\/#breadcrumb\",\"itemListElement\":[{\"@type\":\"ListItem\",\"position\":1,\"name\":\"Home\",\"item\":\"https:\/\/pku.biomarin.com\/de-de\/\"},{\"@type\":\"ListItem\",\"position\":2,\"name\":\"Erwachsene\"}]},{\"@type\":\"WebSite\",\"@id\":\"https:\/\/pku.biomarin.com\/de-de\/#website\",\"url\":\"https:\/\/pku.biomarin.com\/de-de\/\",\"name\":\"BioMarin PKU DSE Patient DE-DE\",\"description\":\"\",\"potentialAction\":[{\"@type\":\"SearchAction\",\"target\":{\"@type\":\"EntryPoint\",\"urlTemplate\":\"https:\/\/pku.biomarin.com\/de-de\/?s={search_term_string}\"},\"query-input\":{\"@type\":\"PropertyValueSpecification\",\"valueRequired\":true,\"valueName\":\"search_term_string\"}}],\"inLanguage\":\"de\"}]}<\/script>\n<!-- \/ Yoast SEO plugin. -->","yoast_head_json":{"title":"Erwachsene - BioMarin PKU DSE Patient DE-DE","description":"Viele Symptome eines hohen oder instabilen Phenylalaninspiegels (Phe) im Blut k\u00f6nnen gebessert werden, selbst wenn Sie nicht in der Klinik oder au\u00dferhalb der Behandlung waren. Sie k\u00f6nnen Ihr Phenylketonurie-Management (PKU) verbessern, indem Sie die verf\u00fcgbaren Optionen zur Senkung Ihres Phe-Spiegels im Blut in Betracht ziehen.","robots":{"index":"index","follow":"follow","max-snippet":"max-snippet:-1","max-image-preview":"max-image-preview:large","max-video-preview":"max-video-preview:-1"},"canonical":"https:\/\/pku.biomarin.com\/de-de\/erwachsene\/","og_locale":"de_DE","og_type":"article","og_title":"Erwachsene - BioMarin PKU DSE Patient DE-DE","og_description":"Viele Symptome eines hohen oder instabilen Phenylalaninspiegels (Phe) im Blut k\u00f6nnen gebessert werden, selbst wenn Sie nicht in der Klinik oder au\u00dferhalb der Behandlung waren. Sie k\u00f6nnen Ihr Phenylketonurie-Management (PKU) verbessern, indem Sie die verf\u00fcgbaren Optionen zur Senkung Ihres Phe-Spiegels im Blut in Betracht ziehen.","og_url":"https:\/\/pku.biomarin.com\/de-de\/erwachsene\/","og_site_name":"BioMarin PKU DSE Patient DE-DE","article_modified_time":"2025-02-11T12:49:35+00:00","twitter_card":"summary_large_image","schema":{"@context":"https:\/\/schema.org","@graph":[{"@type":"WebPage","@id":"https:\/\/pku.biomarin.com\/de-de\/erwachsene\/","url":"https:\/\/pku.biomarin.com\/de-de\/erwachsene\/","name":"Erwachsene - BioMarin PKU DSE Patient DE-DE","isPartOf":{"@id":"https:\/\/pku.biomarin.com\/de-de\/#website"},"datePublished":"2023-02-22T12:12:32+00:00","dateModified":"2025-02-11T12:49:35+00:00","description":"Viele Symptome eines hohen oder instabilen Phenylalaninspiegels (Phe) im Blut k\u00f6nnen gebessert werden, selbst wenn Sie nicht in der Klinik oder au\u00dferhalb der Behandlung waren. Sie k\u00f6nnen Ihr Phenylketonurie-Management (PKU) verbessern, indem Sie die verf\u00fcgbaren Optionen zur Senkung Ihres Phe-Spiegels im Blut in Betracht ziehen.","breadcrumb":{"@id":"https:\/\/pku.biomarin.com\/de-de\/erwachsene\/#breadcrumb"},"inLanguage":"de","potentialAction":[{"@type":"ReadAction","target":["https:\/\/pku.biomarin.com\/de-de\/erwachsene\/"]}]},{"@type":"BreadcrumbList","@id":"https:\/\/pku.biomarin.com\/de-de\/erwachsene\/#breadcrumb","itemListElement":[{"@type":"ListItem","position":1,"name":"Home","item":"https:\/\/pku.biomarin.com\/de-de\/"},{"@type":"ListItem","position":2,"name":"Erwachsene"}]},{"@type":"WebSite","@id":"https:\/\/pku.biomarin.com\/de-de\/#website","url":"https:\/\/pku.biomarin.com\/de-de\/","name":"BioMarin PKU DSE Patient DE-DE","description":"","potentialAction":[{"@type":"SearchAction","target":{"@type":"EntryPoint","urlTemplate":"https:\/\/pku.biomarin.com\/de-de\/?s={search_term_string}"},"query-input":{"@type":"PropertyValueSpecification","valueRequired":true,"valueName":"search_term_string"}}],"inLanguage":"de"}]}},"_links":{"self":[{"href":"https:\/\/pku.biomarin.com\/de-de\/wp-json\/wp\/v2\/pages\/58","targetHints":{"allow":["GET"]}}],"collection":[{"href":"https:\/\/pku.biomarin.com\/de-de\/wp-json\/wp\/v2\/pages"}],"about":[{"href":"https:\/\/pku.biomarin.com\/de-de\/wp-json\/wp\/v2\/types\/page"}],"author":[{"embeddable":true,"href":"https:\/\/pku.biomarin.com\/de-de\/wp-json\/wp\/v2\/users\/3"}],"replies":[{"embeddable":true,"href":"https:\/\/pku.biomarin.com\/de-de\/wp-json\/wp\/v2\/comments?post=58"}],"version-history":[{"count":100,"href":"https:\/\/pku.biomarin.com\/de-de\/wp-json\/wp\/v2\/pages\/58\/revisions"}],"predecessor-version":[{"id":4614,"href":"https:\/\/pku.biomarin.com\/de-de\/wp-json\/wp\/v2\/pages\/58\/revisions\/4614"}],"wp:attachment":[{"href":"https:\/\/pku.biomarin.com\/de-de\/wp-json\/wp\/v2\/media?parent=58"}],"curies":[{"name":"wp","href":"https:\/\/api.w.org\/{rel}","templated":true}]}}