{"id":56,"date":"2023-02-22T12:10:55","date_gmt":"2023-02-22T12:10:55","guid":{"rendered":"https:\/\/pku.biomarin.com\/de-de\/?page_id=56"},"modified":"2025-02-11T12:42:30","modified_gmt":"2025-02-11T12:42:30","slug":"die-pku-behandlung-durchhalten","status":"publish","type":"page","link":"https:\/\/pku.biomarin.com\/de-de\/die-pku-behandlung-durchhalten\/","title":{"rendered":"Die PKU-Behandlung durchhalten"},"content":{"rendered":"<div id=\"acf-block-63f7a405c125d\" class=\"hero hero-no-overlay\">\n            <div class=\"hero-background-image hero-background-image-desktop\" style=\"background-image: url(https:\/\/pku.biomarin.com\/de-de\/wp-content\/uploads\/sites\/12\/2023\/03\/Group-110-scaled-e1678703759379-2000x435.jpg);\"><\/div>\n\t    <div class=\"hero-background-image hero-background-image-mobile\" style=\"background-image: url(https:\/\/pku.biomarin.com\/de-de\/wp-content\/uploads\/sites\/12\/2023\/02\/pku-balloon-hero-mobile-830x800.jpg);\"><\/div>\n    \t<div class=\"overlay\"><\/div>\n\t<div class=\"wrapper\">\n\t\t<div class=\"inner-wrapper\">\n\t\t\t<div class=\"hero-content\">\n\t\t\t    \t\t\t\t\t\t\t\t\t\t\t\t    <h1>Die PKU-Behandlung durchhalten\n<\/h1>\n\t\t\t\t\t\t\t\t\t\t\t\t\n                <p class=\"inline-buttons\">\n                                                        <\/p>\n\t\t\t\t\t\t\t<\/div>\n\t\t<\/div>\n\t<\/div>\n<\/div>\n\n\n<div id=\"acf-block-63f7a405c1425\" class=\"block wrapped-content block-tight-bottom\">\n    <div class=\"wrapper\">\n        <div class=\"inner-wrapper\">\n                \n<div id=\"acf-block-63f7a405c151d\" class=\"block-wysiwyg\">\n            <h2>Was hat die PKU damit zu tun?<\/h2>\n    <\/div>\n        <\/div>\n    <\/div>\n<\/div>\n\n<div id=\"acf-block-63f7a405c3610\" class=\"block split-content equal-bias bottom-border block-tight-top block-tight-bottom\" data-muted-autoplay=\"false\">\n\t<div class=\"wrapper\">\n\t\t<div class=\"inner-wrapper\">\n\t\t                                                                <div class=\"content-block first-block\">\n                                                                                                                                                                                                                                                                                    \n                                    \n                                                                                                                \n                                    \n                                    <figure>\n                                        <div class=\"image image-rounded\">\n                                                                                            <img decoding=\"async\" class=\"\" src=\"https:\/\/pku.biomarin.com\/de-de\/wp-content\/uploads\/sites\/12\/2023\/02\/3.2_Desktop_MakeAPlan.jpg?v=0.85\" alt=\"\" \/>                                                                                    <\/div>\n                                                                            <\/figure>\n                                                                                    <\/div>\n                    \n                                            <div class=\"content-block second-block\">\n                                                                                                <h2>Erstelle einen Plan f\u00fcr deine PKU-Behandlung<\/h2>\n<p>Der erste Schritt in der PKU-Behandlung besteht darin zu verstehen, dass du dein Leben lang etwas gegen die PKU unternehmen musst. Du hast nur ein Gehirn, und unbehandelt kann die PKU bleibenden Schaden anrichten. Deshalb ist es so wichtig, Gewohnheiten zu entwickeln, mit denen du dich heute wohlf\u00fchlst \u2013 und die du auch noch beibehalten kannst, wenn du \u00e4lter wirst.<\/p>\n                                                                                    <\/div>\n                                                \t\t<\/div>\n\t<\/div>\n<\/div>\n\n<div id=\"acf-block-63f7a405c3675\" class=\"block wrapped-content block-tight-top block-tight-bottom\">\n    <div class=\"wrapper\">\n        <div class=\"inner-wrapper\">\n                \n<div id=\"acf-block-63f7a405c36ad\" class=\"block-wysiwyg\">\n            <h2>Wer kann helfen?<\/h2>\n<p>Wom\u00f6glich merkst du die Symptome eines erh\u00f6hten oder instabilen Phe-Blutspiegels selbst gar nicht \u2013 die Menschen in deinem Umfeld aber vielleicht schon. Versuche, mit deiner Familie und deinen Freunden \u00fcber deine PKU-Symptome zu sprechen. Mach deine Freunde zu einem Teil deines Behandlungsteams, indem du ihnen deine Symptome beschreibst und ihnen erkl\u00e4rst, warum die Behandlung deiner PKU so wichtig ist.<\/p>\n    <\/div>\n        <\/div>\n    <\/div>\n<\/div>\n\n<div id=\"acf-block-63f7a5b84acaf\" class=\"block cards cards-2-col block-tight-top block-tight-bottom\">\n\t<div class=\"wrapper\">\n\t\t<div class=\"inner-wrapper\">\n\t\t\t<div class=\"cards-title\">\n\t\t\t    \t\t\t\t\t\t\t<\/div>\n\t\t\t<div class=\"cards-wrapper\">\n\t\t\t    \n<div id=\"acf-block-63f7a5b84c8ad\" class=\"card card-fixed-button\" data-muted-autoplay=\"false\">\n    \t    \n\n                    <img decoding=\"async\" class=\"card-image\" src=\"https:\/\/pku.biomarin.com\/de-de\/wp-content\/uploads\/sites\/12\/2023\/04\/checklist.png?v=0.85\" alt=\"checklist\" \/>        \n\t    <div class=\"card-content\">\n                            <h4>Die Symptome treten nicht immer unmittelbar nach dem Verzehr von Proteinen auf\n<\/h4>\n        \n                                                                                                                                                                                                                                                                                    \n                                                                                        <\/div>\n                                <div class=\"card-actions\">\n                            \n                            <p><a class=\"button button-arrow\" href=\"https:\/\/pku.biomarin.com\/de-de\/symptomtagebuch\/\" target=\"_self\">Symptomtagebuch<\/a><\/p>\n                                                                                    <\/div>\n<\/div>\n\n<div id=\"acf-block-63f7a5b84c94a\" class=\"card card-fixed-button\" data-muted-autoplay=\"false\">\n    \t    \n\n                    <img decoding=\"async\" class=\"card-image\" src=\"https:\/\/pku.biomarin.com\/de-de\/wp-content\/uploads\/sites\/12\/2023\/04\/tips.png?v=0.85\" alt=\"Tips\" \/>        \n\t    <div class=\"card-content\">\n                            <h4>Tipps f\u00fcr das Gespr\u00e4ch mit deinem Behandlungsteam\n<\/h4>\n        \n                                                                                                                                                                                                                                                                                    \n                                                                                        <\/div>\n                                <div class=\"card-actions\">\n                            \n                            <p><a class=\"button button-download\" href=\"https:\/\/pku.biomarin.com\/de-de\/wp-content\/uploads\/sites\/12\/2024\/08\/73033161-BM-PKU_Doctor-Discussion-Guide-A4-AW.pdf?v=0.85\" target=\"_blank\">Gespr\u00e4chsleitfaden (En)<\/a><\/p>\n                                                                                    <\/div>\n<\/div>\n\t\t\t<\/div>\n\t\t<\/div>\n\t<\/div>\n<\/div>","protected":false},"excerpt":{"rendered":"","protected":false},"author":3,"featured_media":0,"parent":0,"menu_order":0,"comment_status":"closed","ping_status":"closed","template":"","meta":{"_acf_changed":false,"inline_featured_image":false,"footnotes":""},"class_list":["post-56","page","type-page","status-publish","hentry"],"acf":[],"yoast_head":"<!-- This site is optimized with the Yoast SEO plugin v27.4 - https:\/\/yoast.com\/product\/yoast-seo-wordpress\/ -->\n<title>Die PKU-Behandlung durchhalten - BioMarin PKU DSE Patient DE-DE<\/title>\n<meta name=\"description\" content=\"Eine unbehandelte Phenylketonurie (PKU) kann bleibende Sch\u00e4den verursachen. Deshalb ist es so wichtig, eine Routine zu entwickeln, mit der Sie sich jetzt wohl f\u00fchlen und die Sie auch im Alter beibehalten k\u00f6nnen. Sprechen Sie mit Freunden und Familie \u00fcber Ihre PKU-Symptome. Machen Sie Freunde zu einem Teil Ihres Pflegeteams. Teilen Sie Symptome. Helfen Sie ihnen zu verstehen, warum PKU-Management wichtig ist. Vernetzen Sie sich mit Menschen, die es verstehen.\" \/>\n<meta name=\"robots\" content=\"index, follow, max-snippet:-1, max-image-preview:large, max-video-preview:-1\" \/>\n<link rel=\"canonical\" href=\"https:\/\/pku.biomarin.com\/de-de\/die-pku-behandlung-durchhalten\/\" \/>\n<meta property=\"og:locale\" content=\"de_DE\" \/>\n<meta property=\"og:type\" content=\"article\" \/>\n<meta property=\"og:title\" content=\"Die PKU-Behandlung durchhalten - BioMarin PKU DSE Patient DE-DE\" \/>\n<meta property=\"og:description\" content=\"Eine unbehandelte Phenylketonurie (PKU) kann bleibende Sch\u00e4den verursachen. Deshalb ist es so wichtig, eine Routine zu entwickeln, mit der Sie sich jetzt wohl f\u00fchlen und die Sie auch im Alter beibehalten k\u00f6nnen. Sprechen Sie mit Freunden und Familie \u00fcber Ihre PKU-Symptome. Machen Sie Freunde zu einem Teil Ihres Pflegeteams. Teilen Sie Symptome. Helfen Sie ihnen zu verstehen, warum PKU-Management wichtig ist. Vernetzen Sie sich mit Menschen, die es verstehen.\" \/>\n<meta property=\"og:url\" content=\"https:\/\/pku.biomarin.com\/de-de\/die-pku-behandlung-durchhalten\/\" \/>\n<meta property=\"og:site_name\" content=\"BioMarin PKU DSE Patient DE-DE\" \/>\n<meta property=\"article:modified_time\" content=\"2025-02-11T12:42:30+00:00\" \/>\n<meta name=\"twitter:card\" content=\"summary_large_image\" \/>\n<script type=\"application\/ld+json\" class=\"yoast-schema-graph\">{\"@context\":\"https:\\\/\\\/schema.org\",\"@graph\":[{\"@type\":\"WebPage\",\"@id\":\"https:\\\/\\\/pku.biomarin.com\\\/de-de\\\/die-pku-behandlung-durchhalten\\\/\",\"url\":\"https:\\\/\\\/pku.biomarin.com\\\/de-de\\\/die-pku-behandlung-durchhalten\\\/\",\"name\":\"Die PKU-Behandlung durchhalten - BioMarin PKU DSE Patient DE-DE\",\"isPartOf\":{\"@id\":\"https:\\\/\\\/pku.biomarin.com\\\/de-de\\\/#website\"},\"datePublished\":\"2023-02-22T12:10:55+00:00\",\"dateModified\":\"2025-02-11T12:42:30+00:00\",\"description\":\"Eine unbehandelte Phenylketonurie (PKU) kann bleibende Sch\u00e4den verursachen. Deshalb ist es so wichtig, eine Routine zu entwickeln, mit der Sie sich jetzt wohl f\u00fchlen und die Sie auch im Alter beibehalten k\u00f6nnen. Sprechen Sie mit Freunden und Familie \u00fcber Ihre PKU-Symptome. Machen Sie Freunde zu einem Teil Ihres Pflegeteams. Teilen Sie Symptome. Helfen Sie ihnen zu verstehen, warum PKU-Management wichtig ist. Vernetzen Sie sich mit Menschen, die es verstehen.\",\"breadcrumb\":{\"@id\":\"https:\\\/\\\/pku.biomarin.com\\\/de-de\\\/die-pku-behandlung-durchhalten\\\/#breadcrumb\"},\"inLanguage\":\"de\",\"potentialAction\":[{\"@type\":\"ReadAction\",\"target\":[\"https:\\\/\\\/pku.biomarin.com\\\/de-de\\\/die-pku-behandlung-durchhalten\\\/\"]}]},{\"@type\":\"BreadcrumbList\",\"@id\":\"https:\\\/\\\/pku.biomarin.com\\\/de-de\\\/die-pku-behandlung-durchhalten\\\/#breadcrumb\",\"itemListElement\":[{\"@type\":\"ListItem\",\"position\":1,\"name\":\"Home\",\"item\":\"https:\\\/\\\/pku.biomarin.com\\\/de-de\\\/\"},{\"@type\":\"ListItem\",\"position\":2,\"name\":\"Die PKU-Behandlung durchhalten\"}]},{\"@type\":\"WebSite\",\"@id\":\"https:\\\/\\\/pku.biomarin.com\\\/de-de\\\/#website\",\"url\":\"https:\\\/\\\/pku.biomarin.com\\\/de-de\\\/\",\"name\":\"BioMarin PKU DSE Patient DE-DE\",\"description\":\"\",\"potentialAction\":[{\"@type\":\"SearchAction\",\"target\":{\"@type\":\"EntryPoint\",\"urlTemplate\":\"https:\\\/\\\/pku.biomarin.com\\\/de-de\\\/?s={search_term_string}\"},\"query-input\":{\"@type\":\"PropertyValueSpecification\",\"valueRequired\":true,\"valueName\":\"search_term_string\"}}],\"inLanguage\":\"de\"}]}<\/script>\n<!-- \/ Yoast SEO plugin. -->","yoast_head_json":{"title":"Die PKU-Behandlung durchhalten - BioMarin PKU DSE Patient DE-DE","description":"Eine unbehandelte Phenylketonurie (PKU) kann bleibende Sch\u00e4den verursachen. Deshalb ist es so wichtig, eine Routine zu entwickeln, mit der Sie sich jetzt wohl f\u00fchlen und die Sie auch im Alter beibehalten k\u00f6nnen. Sprechen Sie mit Freunden und Familie \u00fcber Ihre PKU-Symptome. Machen Sie Freunde zu einem Teil Ihres Pflegeteams. Teilen Sie Symptome. Helfen Sie ihnen zu verstehen, warum PKU-Management wichtig ist. Vernetzen Sie sich mit Menschen, die es verstehen.","robots":{"index":"index","follow":"follow","max-snippet":"max-snippet:-1","max-image-preview":"max-image-preview:large","max-video-preview":"max-video-preview:-1"},"canonical":"https:\/\/pku.biomarin.com\/de-de\/die-pku-behandlung-durchhalten\/","og_locale":"de_DE","og_type":"article","og_title":"Die PKU-Behandlung durchhalten - BioMarin PKU DSE Patient DE-DE","og_description":"Eine unbehandelte Phenylketonurie (PKU) kann bleibende Sch\u00e4den verursachen. Deshalb ist es so wichtig, eine Routine zu entwickeln, mit der Sie sich jetzt wohl f\u00fchlen und die Sie auch im Alter beibehalten k\u00f6nnen. Sprechen Sie mit Freunden und Familie \u00fcber Ihre PKU-Symptome. Machen Sie Freunde zu einem Teil Ihres Pflegeteams. Teilen Sie Symptome. Helfen Sie ihnen zu verstehen, warum PKU-Management wichtig ist. Vernetzen Sie sich mit Menschen, die es verstehen.","og_url":"https:\/\/pku.biomarin.com\/de-de\/die-pku-behandlung-durchhalten\/","og_site_name":"BioMarin PKU DSE Patient DE-DE","article_modified_time":"2025-02-11T12:42:30+00:00","twitter_card":"summary_large_image","schema":{"@context":"https:\/\/schema.org","@graph":[{"@type":"WebPage","@id":"https:\/\/pku.biomarin.com\/de-de\/die-pku-behandlung-durchhalten\/","url":"https:\/\/pku.biomarin.com\/de-de\/die-pku-behandlung-durchhalten\/","name":"Die PKU-Behandlung durchhalten - BioMarin PKU DSE Patient DE-DE","isPartOf":{"@id":"https:\/\/pku.biomarin.com\/de-de\/#website"},"datePublished":"2023-02-22T12:10:55+00:00","dateModified":"2025-02-11T12:42:30+00:00","description":"Eine unbehandelte Phenylketonurie (PKU) kann bleibende Sch\u00e4den verursachen. Deshalb ist es so wichtig, eine Routine zu entwickeln, mit der Sie sich jetzt wohl f\u00fchlen und die Sie auch im Alter beibehalten k\u00f6nnen. Sprechen Sie mit Freunden und Familie \u00fcber Ihre PKU-Symptome. Machen Sie Freunde zu einem Teil Ihres Pflegeteams. Teilen Sie Symptome. Helfen Sie ihnen zu verstehen, warum PKU-Management wichtig ist. Vernetzen Sie sich mit Menschen, die es verstehen.","breadcrumb":{"@id":"https:\/\/pku.biomarin.com\/de-de\/die-pku-behandlung-durchhalten\/#breadcrumb"},"inLanguage":"de","potentialAction":[{"@type":"ReadAction","target":["https:\/\/pku.biomarin.com\/de-de\/die-pku-behandlung-durchhalten\/"]}]},{"@type":"BreadcrumbList","@id":"https:\/\/pku.biomarin.com\/de-de\/die-pku-behandlung-durchhalten\/#breadcrumb","itemListElement":[{"@type":"ListItem","position":1,"name":"Home","item":"https:\/\/pku.biomarin.com\/de-de\/"},{"@type":"ListItem","position":2,"name":"Die PKU-Behandlung durchhalten"}]},{"@type":"WebSite","@id":"https:\/\/pku.biomarin.com\/de-de\/#website","url":"https:\/\/pku.biomarin.com\/de-de\/","name":"BioMarin PKU DSE Patient DE-DE","description":"","potentialAction":[{"@type":"SearchAction","target":{"@type":"EntryPoint","urlTemplate":"https:\/\/pku.biomarin.com\/de-de\/?s={search_term_string}"},"query-input":{"@type":"PropertyValueSpecification","valueRequired":true,"valueName":"search_term_string"}}],"inLanguage":"de"}]}},"_links":{"self":[{"href":"https:\/\/pku.biomarin.com\/de-de\/wp-json\/wp\/v2\/pages\/56","targetHints":{"allow":["GET"]}}],"collection":[{"href":"https:\/\/pku.biomarin.com\/de-de\/wp-json\/wp\/v2\/pages"}],"about":[{"href":"https:\/\/pku.biomarin.com\/de-de\/wp-json\/wp\/v2\/types\/page"}],"author":[{"embeddable":true,"href":"https:\/\/pku.biomarin.com\/de-de\/wp-json\/wp\/v2\/users\/3"}],"replies":[{"embeddable":true,"href":"https:\/\/pku.biomarin.com\/de-de\/wp-json\/wp\/v2\/comments?post=56"}],"version-history":[{"count":66,"href":"https:\/\/pku.biomarin.com\/de-de\/wp-json\/wp\/v2\/pages\/56\/revisions"}],"predecessor-version":[{"id":4603,"href":"https:\/\/pku.biomarin.com\/de-de\/wp-json\/wp\/v2\/pages\/56\/revisions\/4603"}],"wp:attachment":[{"href":"https:\/\/pku.biomarin.com\/de-de\/wp-json\/wp\/v2\/media?parent=56"}],"curies":[{"name":"wp","href":"https:\/\/api.w.org\/{rel}","templated":true}]}}