{"id":54,"date":"2023-02-22T12:10:17","date_gmt":"2023-02-22T12:10:17","guid":{"rendered":"https:\/\/pku.biomarin.com\/de-de\/?page_id=54"},"modified":"2025-02-11T12:42:12","modified_gmt":"2025-02-11T12:42:12","slug":"die-pku-selbst-in-die-hand-nehmen","status":"publish","type":"page","link":"https:\/\/pku.biomarin.com\/de-de\/die-pku-selbst-in-die-hand-nehmen\/","title":{"rendered":"Die PKU selbst in die Hand nehmen"},"content":{"rendered":"<div id=\"acf-block-63f79647dac98\" class=\"hero hero-no-overlay\">\n            <div class=\"hero-background-image hero-background-image-desktop\" style=\"background-image: url(https:\/\/pku.biomarin.com\/de-de\/wp-content\/uploads\/sites\/12\/2023\/03\/Group-110-scaled-e1678703759379-2000x435.jpg);\"><\/div>\n\t    <div class=\"hero-background-image hero-background-image-mobile\" style=\"background-image: url(https:\/\/pku.biomarin.com\/de-de\/wp-content\/uploads\/sites\/12\/2023\/02\/pku-balloon-hero-mobile-830x800.jpg);\"><\/div>\n    \t<div class=\"overlay\"><\/div>\n\t<div class=\"wrapper\">\n\t\t<div class=\"inner-wrapper\">\n\t\t\t<div class=\"hero-content\">\n\t\t\t    \t\t\t\t\t\t\t\t\t\t\t\t    <h1>Die PKU selbst in die Hand nehmen\n<\/h1>\n\t\t\t\t\t\t\t\t\t\t\t\t\n                <p class=\"inline-buttons\">\n                                                        <\/p>\n\t\t\t\t\t\t\t<\/div>\n\t\t<\/div>\n\t<\/div>\n<\/div>\n\n\n<div id=\"acf-block-63f79647dae3a\" class=\"block wrapped-content\">\n    <div class=\"wrapper\">\n        <div class=\"inner-wrapper\">\n                \n<div id=\"acf-block-63f79647dbefe\" class=\"block-wysiwyg\">\n            <h2>PKU zu haben, ist nicht einfach. Dein Behandlungsteam kann helfen.<\/h2>\n<p>Ein Leben mit PKU bringt viele Herausforderungen mit sich, und die PKU muss ein Leben lang behandelt werden. Aber denk immer daran: Du musst das nicht alleine schaffen. Dein Behandlungsteam kann dir Materialien und Unterst\u00fctzung bereitstellen und dir so die Behandlung deiner PKU erleichtern.<\/p>\n    <\/div>\n        <\/div>\n    <\/div>\n<\/div>\n\n<div id=\"acf-block-63f79647dc884\" class=\"block split-content equal-bias bottom-border block-tight-top block-tight-bottom\" data-muted-autoplay=\"false\">\n\t<div class=\"wrapper\">\n\t\t<div class=\"inner-wrapper\">\n\t\t                                                                <div class=\"content-block first-block\">\n                                                                                                                                                                                                                                                                                    \n                                    \n                                                                                                                \n                                    \n                                    <figure>\n                                        <div class=\"image image-rounded\">\n                                                                                            <img decoding=\"async\" class=\"\" src=\"https:\/\/pku.biomarin.com\/de-de\/wp-content\/uploads\/sites\/12\/2024\/01\/desktop_KeepInMind.jpg?v=0.85\" alt=\"\" \/>                                                                                    <\/div>\n                                                                            <\/figure>\n                                                                                    <\/div>\n                    \n                                            <div class=\"content-block second-block\">\n                                                                                                <h2>Denk daran<\/h2>\n<p><strong>Unbehandelt hat die PKU Auswirkungen auf dein Denken, F\u00fchlen und Handeln.<\/strong><\/p>\n<p>Ein erh\u00f6hter oder instabiler Phe-Blutspiegel kann dem Gehirn schaden und viele Bereiche des Alltags schwieriger machen, zum Beispiel den Aufbau von Beziehungen, die Planung f\u00fcr ein Ereignis oder eine Reise oder das Erledigen von Aufgaben zu Hause, auf Arbeit oder in der Schule.<\/p>\n                                                                                    <\/div>\n                                                \t\t<\/div>\n\t<\/div>\n<\/div>\n\n<div id=\"acf-block-63f79a65a539f\" class=\"block split-content equal-bias content-reverse bottom-border block-tight-top block-tight-bottom\" data-muted-autoplay=\"false\">\n\t<div class=\"wrapper\">\n\t\t<div class=\"inner-wrapper\">\n\t\t                                                                <div class=\"content-block first-block\">\n                                                                                                                                                                                                                                                                                    \n                                    \n                                                                                                                \n                                    \n                                    <figure>\n                                        <div class=\"image image-rounded\">\n                                                                                            <img decoding=\"async\" class=\"\" src=\"https:\/\/pku.biomarin.com\/de-de\/wp-content\/uploads\/sites\/12\/2024\/01\/istockphoto-863348696-612x612-1.jpg?v=0.85\" alt=\"\" \/>                                                                                    <\/div>\n                                                                            <\/figure>\n                                                                                    <\/div>\n                    \n                                            <div class=\"content-block second-block\">\n                                                                                                <h2>Suche das Gespr\u00e4ch<\/h2>\n<p>Am besten kannst du die Gesundheit und Konzentrationsf\u00e4higkeit deines Gehirns erhalten, indem du selbst die Kontrolle \u00fcber deine PKU-Behandlung \u00fcbernimmst. F\u00fchre ein offenes Gespr\u00e4ch mit deinem Behandlungsteam \u2013 das ist wichtig f\u00fcr deine lebenslange PKU-Behandlung.<\/p>\n<ul>\n<li><strong>Phe-arme Di\u00e4t einhalten<\/strong><\/li>\n<li><strong>Nahrungserg\u00e4nzungsmittel einnehmen<\/strong><\/li>\n<li><strong>Phe-Blutspiegel \u00fcberwachen<\/strong><\/li>\n<li><strong>Regelm\u00e4\u00dfige Kontrollen im PKU-Zentrum<\/strong><\/li>\n<\/ul>\n                                                                                    <\/div>\n                                                \t\t<\/div>\n\t<\/div>\n<\/div>\n\n<div id=\"acf-block-63f79d9521713\" class=\"block call-to-action block-tight-top block-tight-bottom\">\n    <div class=\"wrapper\">\n\t\t<div class=\"inner-wrapper\">\n\t\t\t<div class=\"box\" style=\"\">\n\t\t\t\t<div class=\"overlay\"><\/div>\n\t\t\t\t<div class=\"cta-content\">\n\t\t\t\t    \t\t\t\t\t<div class=\"cta-content-main\">\n                        <div class=\"content-block\">\n\t\t\t\t\t        \t\t\t\t\t        \t\t\t\t\t\t        <h2 class=\"h3\">Wenn dich Freunde oder Kollegen auf die PKU ansprechen \u2013 was sagst du?\n<\/h2>\n\t\t\t\t\t\t    \t\t\t\t\t\t    \t\t\t\t\t\t        <p>Es mag naheliegend sein, die PKU als ein Problem mit der Ern\u00e4hrung zu beschreiben, doch die PKU kann auch enorme Auswirkungen auf das Gehirn haben.<\/p>\n<p>Also versuche doch beim n\u00e4chsten Mal zu erkl\u00e4ren, welche Auswirkungen die PKU auf ein Gehirn hat, das sich noch entwickelt. So k\u00f6nnen andere besser verstehen, warum es so wichtig ist, darauf zu achten, was du isst.<\/p>\n\t\t\t\t\t\t    \t\t\t\t\t    <\/div>\n\t\t\t\t\t                                <div class=\"content-block\">\n                                <p><a class=\"button button-ghost button-arrow\" href=\"https:\/\/pku.biomarin.com\/de-de\/phe-im-gehirn\/\" target=\"_self\">Wie sich die PKU auf das Gehirn auswirkt<\/a><\/p>\n                            <\/div>\n\t\t\t\t\t                        <\/div>\n\t\t\t\t<\/div>\n\t\t\t<\/div>\n\t\t<\/div>\n\t<\/div>\n<\/div>\n\n<div id=\"acf-block-63f79d95230e0\" class=\"block cards cards-2-col block-zero-top block-tight-bottom\">\n\t<div class=\"wrapper\">\n\t\t<div class=\"inner-wrapper\">\n\t\t\t<div class=\"cards-title\">\n\t\t\t    \t\t\t\t\t\t\t<\/div>\n\t\t\t<div class=\"cards-wrapper\">\n\t\t\t    \n<div id=\"acf-block-63f79d952357c\" class=\"card card-fixed-button\" data-muted-autoplay=\"false\">\n    \t    \n\n                    <img decoding=\"async\" class=\"card-image\" src=\"https:\/\/pku.biomarin.com\/de-de\/wp-content\/uploads\/sites\/12\/2023\/04\/Management.png?v=0.85\" alt=\"Management\" \/>        \n\t    <div class=\"card-content\">\n                \n                                                                                                            <h4>Die Behandlung durchzuhalten, ist nicht einfach, aber es ist wichtig<\/h4>\n                                                                                                                                                                                                                                                                        \n                                                                                        <\/div>\n                                <div class=\"card-actions\">\n                            \n                            <p><a class=\"button button-arrow\" href=\"https:\/\/pku.biomarin.com\/de-de\/die-pku-behandlung-durchhalten\/\" target=\"_self\">Behandlungsplan entwickeln<\/a><\/p>\n                                                                                    <\/div>\n<\/div>\n\n<div id=\"acf-block-63f79d9523613\" class=\"card card-fixed-button\" data-muted-autoplay=\"false\">\n    \t    \n\n                    <img decoding=\"async\" class=\"card-image\" src=\"https:\/\/pku.biomarin.com\/de-de\/wp-content\/uploads\/sites\/12\/2023\/04\/Commitment.png?v=0.85\" alt=\"Commitment\" \/>        \n\t    <div class=\"card-content\">\n                \n                                                                                                            <h4>Die PKU erfordert lebenslanges Engagement f\u00fcr die Behandlung<\/h4>\n                                                                                                                                                                                                                                                                        \n                                                                                        <\/div>\n                                <div class=\"card-actions\">\n                            \n                            <p><a class=\"button button-arrow\" href=\"https:\/\/pku.biomarin.com\/de-de\/pku-leitlinien-und-standards\/\" target=\"_self\">Gehirn sch\u00fctzen<\/a><\/p>\n                                                                                    <\/div>\n<\/div>\n\t\t\t<\/div>\n\t\t<\/div>\n\t<\/div>\n<\/div>","protected":false},"excerpt":{"rendered":"","protected":false},"author":3,"featured_media":0,"parent":0,"menu_order":0,"comment_status":"closed","ping_status":"closed","template":"","meta":{"_acf_changed":false,"inline_featured_image":false,"footnotes":""},"class_list":["post-54","page","type-page","status-publish","hentry"],"acf":[],"yoast_head":"<!-- This site is optimized with the Yoast SEO plugin v27.4 - https:\/\/yoast.com\/product\/yoast-seo-wordpress\/ -->\n<title>Die PKU selbst in die Hand nehmen - BioMarin PKU DSE Patient DE-DE<\/title>\n<meta name=\"description\" content=\"Das Leben mit Phenylketonurie (PKU) bringt viele Herausforderungen mit sich und muss ein Leben lang behandelt werden. Sie k\u00f6nnen Ihre PKU mit den Ressourcen und der Unterst\u00fctzung Ihres Pflegeteams verwalten. Vernetzen Sie sich mit Menschen, die verstehen. Festhalten an einem PKU-Managementplan.\" \/>\n<meta name=\"robots\" content=\"index, follow, max-snippet:-1, max-image-preview:large, max-video-preview:-1\" \/>\n<link rel=\"canonical\" href=\"https:\/\/pku.biomarin.com\/de-de\/die-pku-selbst-in-die-hand-nehmen\/\" \/>\n<meta property=\"og:locale\" content=\"de_DE\" \/>\n<meta property=\"og:type\" content=\"article\" \/>\n<meta property=\"og:title\" content=\"Die PKU selbst in die Hand nehmen - BioMarin PKU DSE Patient DE-DE\" \/>\n<meta property=\"og:description\" content=\"Das Leben mit Phenylketonurie (PKU) bringt viele Herausforderungen mit sich und muss ein Leben lang behandelt werden. Sie k\u00f6nnen Ihre PKU mit den Ressourcen und der Unterst\u00fctzung Ihres Pflegeteams verwalten. Vernetzen Sie sich mit Menschen, die verstehen. Festhalten an einem PKU-Managementplan.\" \/>\n<meta property=\"og:url\" content=\"https:\/\/pku.biomarin.com\/de-de\/die-pku-selbst-in-die-hand-nehmen\/\" \/>\n<meta property=\"og:site_name\" content=\"BioMarin PKU DSE Patient DE-DE\" \/>\n<meta property=\"article:modified_time\" content=\"2025-02-11T12:42:12+00:00\" \/>\n<meta name=\"twitter:card\" content=\"summary_large_image\" \/>\n<script type=\"application\/ld+json\" class=\"yoast-schema-graph\">{\"@context\":\"https:\\\/\\\/schema.org\",\"@graph\":[{\"@type\":\"WebPage\",\"@id\":\"https:\\\/\\\/pku.biomarin.com\\\/de-de\\\/die-pku-selbst-in-die-hand-nehmen\\\/\",\"url\":\"https:\\\/\\\/pku.biomarin.com\\\/de-de\\\/die-pku-selbst-in-die-hand-nehmen\\\/\",\"name\":\"Die PKU selbst in die Hand nehmen - BioMarin PKU DSE Patient DE-DE\",\"isPartOf\":{\"@id\":\"https:\\\/\\\/pku.biomarin.com\\\/de-de\\\/#website\"},\"datePublished\":\"2023-02-22T12:10:17+00:00\",\"dateModified\":\"2025-02-11T12:42:12+00:00\",\"description\":\"Das Leben mit Phenylketonurie (PKU) bringt viele Herausforderungen mit sich und muss ein Leben lang behandelt werden. Sie k\u00f6nnen Ihre PKU mit den Ressourcen und der Unterst\u00fctzung Ihres Pflegeteams verwalten. Vernetzen Sie sich mit Menschen, die verstehen. Festhalten an einem PKU-Managementplan.\",\"breadcrumb\":{\"@id\":\"https:\\\/\\\/pku.biomarin.com\\\/de-de\\\/die-pku-selbst-in-die-hand-nehmen\\\/#breadcrumb\"},\"inLanguage\":\"de\",\"potentialAction\":[{\"@type\":\"ReadAction\",\"target\":[\"https:\\\/\\\/pku.biomarin.com\\\/de-de\\\/die-pku-selbst-in-die-hand-nehmen\\\/\"]}]},{\"@type\":\"BreadcrumbList\",\"@id\":\"https:\\\/\\\/pku.biomarin.com\\\/de-de\\\/die-pku-selbst-in-die-hand-nehmen\\\/#breadcrumb\",\"itemListElement\":[{\"@type\":\"ListItem\",\"position\":1,\"name\":\"Home\",\"item\":\"https:\\\/\\\/pku.biomarin.com\\\/de-de\\\/\"},{\"@type\":\"ListItem\",\"position\":2,\"name\":\"Die PKU selbst in die Hand nehmen\"}]},{\"@type\":\"WebSite\",\"@id\":\"https:\\\/\\\/pku.biomarin.com\\\/de-de\\\/#website\",\"url\":\"https:\\\/\\\/pku.biomarin.com\\\/de-de\\\/\",\"name\":\"BioMarin PKU DSE Patient DE-DE\",\"description\":\"\",\"potentialAction\":[{\"@type\":\"SearchAction\",\"target\":{\"@type\":\"EntryPoint\",\"urlTemplate\":\"https:\\\/\\\/pku.biomarin.com\\\/de-de\\\/?s={search_term_string}\"},\"query-input\":{\"@type\":\"PropertyValueSpecification\",\"valueRequired\":true,\"valueName\":\"search_term_string\"}}],\"inLanguage\":\"de\"}]}<\/script>\n<!-- \/ Yoast SEO plugin. -->","yoast_head_json":{"title":"Die PKU selbst in die Hand nehmen - BioMarin PKU DSE Patient DE-DE","description":"Das Leben mit Phenylketonurie (PKU) bringt viele Herausforderungen mit sich und muss ein Leben lang behandelt werden. Sie k\u00f6nnen Ihre PKU mit den Ressourcen und der Unterst\u00fctzung Ihres Pflegeteams verwalten. Vernetzen Sie sich mit Menschen, die verstehen. Festhalten an einem PKU-Managementplan.","robots":{"index":"index","follow":"follow","max-snippet":"max-snippet:-1","max-image-preview":"max-image-preview:large","max-video-preview":"max-video-preview:-1"},"canonical":"https:\/\/pku.biomarin.com\/de-de\/die-pku-selbst-in-die-hand-nehmen\/","og_locale":"de_DE","og_type":"article","og_title":"Die PKU selbst in die Hand nehmen - BioMarin PKU DSE Patient DE-DE","og_description":"Das Leben mit Phenylketonurie (PKU) bringt viele Herausforderungen mit sich und muss ein Leben lang behandelt werden. Sie k\u00f6nnen Ihre PKU mit den Ressourcen und der Unterst\u00fctzung Ihres Pflegeteams verwalten. Vernetzen Sie sich mit Menschen, die verstehen. Festhalten an einem PKU-Managementplan.","og_url":"https:\/\/pku.biomarin.com\/de-de\/die-pku-selbst-in-die-hand-nehmen\/","og_site_name":"BioMarin PKU DSE Patient DE-DE","article_modified_time":"2025-02-11T12:42:12+00:00","twitter_card":"summary_large_image","schema":{"@context":"https:\/\/schema.org","@graph":[{"@type":"WebPage","@id":"https:\/\/pku.biomarin.com\/de-de\/die-pku-selbst-in-die-hand-nehmen\/","url":"https:\/\/pku.biomarin.com\/de-de\/die-pku-selbst-in-die-hand-nehmen\/","name":"Die PKU selbst in die Hand nehmen - BioMarin PKU DSE Patient DE-DE","isPartOf":{"@id":"https:\/\/pku.biomarin.com\/de-de\/#website"},"datePublished":"2023-02-22T12:10:17+00:00","dateModified":"2025-02-11T12:42:12+00:00","description":"Das Leben mit Phenylketonurie (PKU) bringt viele Herausforderungen mit sich und muss ein Leben lang behandelt werden. Sie k\u00f6nnen Ihre PKU mit den Ressourcen und der Unterst\u00fctzung Ihres Pflegeteams verwalten. Vernetzen Sie sich mit Menschen, die verstehen. Festhalten an einem PKU-Managementplan.","breadcrumb":{"@id":"https:\/\/pku.biomarin.com\/de-de\/die-pku-selbst-in-die-hand-nehmen\/#breadcrumb"},"inLanguage":"de","potentialAction":[{"@type":"ReadAction","target":["https:\/\/pku.biomarin.com\/de-de\/die-pku-selbst-in-die-hand-nehmen\/"]}]},{"@type":"BreadcrumbList","@id":"https:\/\/pku.biomarin.com\/de-de\/die-pku-selbst-in-die-hand-nehmen\/#breadcrumb","itemListElement":[{"@type":"ListItem","position":1,"name":"Home","item":"https:\/\/pku.biomarin.com\/de-de\/"},{"@type":"ListItem","position":2,"name":"Die PKU selbst in die Hand nehmen"}]},{"@type":"WebSite","@id":"https:\/\/pku.biomarin.com\/de-de\/#website","url":"https:\/\/pku.biomarin.com\/de-de\/","name":"BioMarin PKU DSE Patient DE-DE","description":"","potentialAction":[{"@type":"SearchAction","target":{"@type":"EntryPoint","urlTemplate":"https:\/\/pku.biomarin.com\/de-de\/?s={search_term_string}"},"query-input":{"@type":"PropertyValueSpecification","valueRequired":true,"valueName":"search_term_string"}}],"inLanguage":"de"}]}},"_links":{"self":[{"href":"https:\/\/pku.biomarin.com\/de-de\/wp-json\/wp\/v2\/pages\/54","targetHints":{"allow":["GET"]}}],"collection":[{"href":"https:\/\/pku.biomarin.com\/de-de\/wp-json\/wp\/v2\/pages"}],"about":[{"href":"https:\/\/pku.biomarin.com\/de-de\/wp-json\/wp\/v2\/types\/page"}],"author":[{"embeddable":true,"href":"https:\/\/pku.biomarin.com\/de-de\/wp-json\/wp\/v2\/users\/3"}],"replies":[{"embeddable":true,"href":"https:\/\/pku.biomarin.com\/de-de\/wp-json\/wp\/v2\/comments?post=54"}],"version-history":[{"count":86,"href":"https:\/\/pku.biomarin.com\/de-de\/wp-json\/wp\/v2\/pages\/54\/revisions"}],"predecessor-version":[{"id":4606,"href":"https:\/\/pku.biomarin.com\/de-de\/wp-json\/wp\/v2\/pages\/54\/revisions\/4606"}],"wp:attachment":[{"href":"https:\/\/pku.biomarin.com\/de-de\/wp-json\/wp\/v2\/media?parent=54"}],"curies":[{"name":"wp","href":"https:\/\/api.w.org\/{rel}","templated":true}]}}