{"id":52,"date":"2023-02-22T12:09:39","date_gmt":"2023-02-22T12:09:39","guid":{"rendered":"https:\/\/pku.biomarin.com\/de-de\/?page_id=52"},"modified":"2025-02-11T12:51:03","modified_gmt":"2025-02-11T12:51:03","slug":"jugendliche","status":"publish","type":"page","link":"https:\/\/pku.biomarin.com\/de-de\/jugendliche\/","title":{"rendered":"Jugendliche"},"content":{"rendered":"<div id=\"acf-block-63f77b6d3a7ff\" class=\"hero hero-no-overlay\">\n            <div class=\"hero-background-image hero-background-image-desktop\" style=\"background-image: url(https:\/\/pku.biomarin.com\/de-de\/wp-content\/uploads\/sites\/12\/2023\/03\/Group-110-scaled-e1678703759379-2000x435.jpg);\"><\/div>\n\t    <div class=\"hero-background-image hero-background-image-mobile\" style=\"background-image: url(https:\/\/pku.biomarin.com\/de-de\/wp-content\/uploads\/sites\/12\/2023\/02\/pku-balloon-hero-mobile-830x800.jpg);\"><\/div>\n    \t<div class=\"overlay\"><\/div>\n\t<div class=\"wrapper\">\n\t\t<div class=\"inner-wrapper\">\n\t\t\t<div class=\"hero-content\">\n\t\t\t    \t\t\t\t\t\t\t\t\t\t\t\t    <h1>Jugendliche \n<\/h1>\n\t\t\t\t\t\t\t\t\t\t\t\t\n                <p class=\"inline-buttons\">\n                                                        <\/p>\n\t\t\t\t\t\t\t<\/div>\n\t\t<\/div>\n\t<\/div>\n<\/div>\n\n\n<div id=\"acf-block-63f77b6d3a9be\" class=\"block wrapped-content block-tight-bottom\">\n    <div class=\"wrapper\">\n        <div class=\"inner-wrapper\">\n                \n<div id=\"acf-block-63f77b6d3aac7\" class=\"block-wysiwyg\">\n            <h2>Entwickele gesunde Gewohnheiten, die dir den Alltag erleichtern.<\/h2>\n<p>Im Alltag mit PKU machen schon kleine Dinge einen gro\u00dfen Unterschied. Ganz egal, ob in der Schule, zu Hause oder auf Arbeit \u2013 einen Plan f\u00fcr die PKU-Behandlung zu haben, kann genau einen solchen Unterschied machen.<\/p>\n    <\/div>\n        <\/div>\n    <\/div>\n<\/div>\n\n<div id=\"acf-block-63f77b6d3c025\" class=\"block cards cards-2-col block-tight-top block-tight-bottom\">\n\t<div class=\"wrapper\">\n\t\t<div class=\"inner-wrapper\">\n\t\t\t<div class=\"cards-title\">\n\t\t\t    \t\t\t\t\t\t\t<\/div>\n\t\t\t<div class=\"cards-wrapper\">\n\t\t\t    \n<div id=\"acf-block-63f77b6d3c4f5\" class=\"card card-fixed-button\" data-muted-autoplay=\"false\">\n    \t    \n\n                    <img decoding=\"async\" class=\"card-image\" src=\"https:\/\/pku.biomarin.com\/de-de\/wp-content\/uploads\/sites\/12\/2023\/02\/3.0_Desktop_Block1.jpg?v=0.85\" alt=\"\" \/>        \n\t    <div class=\"card-content\">\n                            <h4>Erstelle einen Plan f\u00fcr die Behandlung deiner PKU\n<\/h4>\n        \n                                                                                                                                                                                                                                                                                    \n                                                                                        <\/div>\n                                <div class=\"card-actions\">\n                            \n                            <p><a class=\"button button-arrow\" href=\"https:\/\/pku.biomarin.com\/de-de\/die-pku-selbst-in-die-hand-nehmen\/\" target=\"_self\">Hilfsmittel zur Entwicklung deines PKU-Plans<\/a><\/p>\n                                                                                    <\/div>\n<\/div>\n\n<div id=\"acf-block-63f77b6d3c58b\" class=\"card card-fixed-button\" data-muted-autoplay=\"false\">\n    \t    \n\n                    <img decoding=\"async\" class=\"card-image\" src=\"https:\/\/pku.biomarin.com\/de-de\/wp-content\/uploads\/sites\/12\/2023\/02\/3.0_Desktop_Block2.jpg?v=0.85\" alt=\"\" \/>        \n\t    <div class=\"card-content\">\n                            <h4>Die PKU im Griff zu haben, bedeutet, den Phe-Blutspiegel unter Kontrolle zu halten\n<\/h4>\n        \n                                                                                                                                                                                                                                                                                    \n                                                                                        <\/div>\n                                <div class=\"card-actions\">\n                            \n                            <p><a class=\"button button-arrow\" href=\"https:\/\/pku.biomarin.com\/de-de\/die-pku-behandlung-durchhalten\/\" target=\"_self\">So h\u00e4ltst du deinen Phe-Blutspiegel im empfohlenen Bereich<\/a><\/p>\n                                                                                    <\/div>\n<\/div>\n\t\t\t<\/div>\n\t\t<\/div>\n\t<\/div>\n<\/div>\n\n<div id=\"acf-block-63f792c6623a7\" class=\"block split-content equal-bias\" data-muted-autoplay=\"false\">\n\t<div class=\"wrapper\">\n\t\t<div class=\"inner-wrapper\">\n\t\t                                                                <div class=\"content-block first-block\">\n                                                                                                                                                                                                                                                                                    \n                                    \n                                                                                                                \n                                    \n                                    <figure>\n                                        <div class=\"image image-rounded\">\n                                                                                            <img decoding=\"async\" class=\"\" src=\"https:\/\/pku.biomarin.com\/de-de\/wp-content\/uploads\/sites\/12\/2024\/01\/desktop_KeepInMind.jpg?v=0.85\" alt=\"\" \/>                                                                                    <\/div>\n                                                                            <\/figure>\n                                                                                    <\/div>\n                    \n                                            <div class=\"content-block second-block\">\n                                                                                                <h2>Denk daran<\/h2>\n<p>Du glaubst vielleicht, deine PKU unter Kontrolle zu haben, doch manchmal sind die Symptome eines erh\u00f6hten oder instabilen Phe-Blutspiegels nicht offensichtlich. Viele Menschen mit PKU erkennen die Symptome selbst gar nicht \u2013 die Menschen in ihrem Umfeld aber schon.<\/p>\n<p>Egal, ob du deine PKU \u201esp\u00fcrst\u201c oder nicht: Teil deines Plans sollte immer auch sein, zu \u00fcberwachen, wie viel Phe du zu dir nimmst, und regelm\u00e4\u00dfig zur Kontrolle in ein PKU-Zentrum zu gehen.<\/p>\n<h3>Jugendliche \u2013 Beurteilung der PKU<\/h3>\n                                                                                                                                                                                                                                                                                                                                                                                                                                                                        <p><a class=\"button button-arrow\" href=\"https:\/\/pku.biomarin.com\/de-de\/jugendliche-beurteilung-der-pku\/\" target=\"_self\">Zum Fragebogen<\/a><\/p>\n                                                                                                                        <\/div>\n                                                \t\t<\/div>\n\t<\/div>\n<\/div>","protected":false},"excerpt":{"rendered":"","protected":false},"author":3,"featured_media":0,"parent":0,"menu_order":0,"comment_status":"closed","ping_status":"closed","template":"","meta":{"_acf_changed":false,"inline_featured_image":false,"footnotes":""},"class_list":["post-52","page","type-page","status-publish","hentry"],"acf":[],"yoast_head":"<!-- This site is optimized with the Yoast SEO plugin v27.1.1 - https:\/\/yoast.com\/product\/yoast-seo-wordpress\/ -->\n<title>Jugendliche - BioMarin PKU DSE Patient DE-DE<\/title>\n<meta name=\"description\" content=\"Verbessern Sie die Symptome der Phenylketonurie (PKU). Erstellen Sie einen Plan f\u00fcr den Umgang mit PKU in der Schule, zu Hause oder am Arbeitsplatz. Beginnen Sie mit der Erstellung eines Plans f\u00fcr die Behandlung Ihrer PKU. Jugendliche mit PKU. Junge Erwachsene, die mit PKU leben. PKU-Veranstaltungen in meiner N\u00e4he. PKU-Bildungsveranstaltungen. College-Studenten und PKU.\" \/>\n<meta name=\"robots\" content=\"index, follow, max-snippet:-1, max-image-preview:large, max-video-preview:-1\" \/>\n<link rel=\"canonical\" href=\"https:\/\/pku.biomarin.com\/de-de\/jugendliche\/\" \/>\n<meta property=\"og:locale\" content=\"de_DE\" \/>\n<meta property=\"og:type\" content=\"article\" \/>\n<meta property=\"og:title\" content=\"Jugendliche - BioMarin PKU DSE Patient DE-DE\" \/>\n<meta property=\"og:description\" content=\"Verbessern Sie die Symptome der Phenylketonurie (PKU). Erstellen Sie einen Plan f\u00fcr den Umgang mit PKU in der Schule, zu Hause oder am Arbeitsplatz. Beginnen Sie mit der Erstellung eines Plans f\u00fcr die Behandlung Ihrer PKU. Jugendliche mit PKU. Junge Erwachsene, die mit PKU leben. PKU-Veranstaltungen in meiner N\u00e4he. PKU-Bildungsveranstaltungen. College-Studenten und PKU.\" \/>\n<meta property=\"og:url\" content=\"https:\/\/pku.biomarin.com\/de-de\/jugendliche\/\" \/>\n<meta property=\"og:site_name\" content=\"BioMarin PKU DSE Patient DE-DE\" \/>\n<meta property=\"article:modified_time\" content=\"2025-02-11T12:51:03+00:00\" \/>\n<meta name=\"twitter:card\" content=\"summary_large_image\" \/>\n<script type=\"application\/ld+json\" class=\"yoast-schema-graph\">{\"@context\":\"https:\/\/schema.org\",\"@graph\":[{\"@type\":\"WebPage\",\"@id\":\"https:\/\/pku.biomarin.com\/de-de\/jugendliche\/\",\"url\":\"https:\/\/pku.biomarin.com\/de-de\/jugendliche\/\",\"name\":\"Jugendliche - BioMarin PKU DSE Patient DE-DE\",\"isPartOf\":{\"@id\":\"https:\/\/pku.biomarin.com\/de-de\/#website\"},\"datePublished\":\"2023-02-22T12:09:39+00:00\",\"dateModified\":\"2025-02-11T12:51:03+00:00\",\"description\":\"Verbessern Sie die Symptome der Phenylketonurie (PKU). Erstellen Sie einen Plan f\u00fcr den Umgang mit PKU in der Schule, zu Hause oder am Arbeitsplatz. Beginnen Sie mit der Erstellung eines Plans f\u00fcr die Behandlung Ihrer PKU. Jugendliche mit PKU. Junge Erwachsene, die mit PKU leben. PKU-Veranstaltungen in meiner N\u00e4he. PKU-Bildungsveranstaltungen. College-Studenten und PKU.\",\"breadcrumb\":{\"@id\":\"https:\/\/pku.biomarin.com\/de-de\/jugendliche\/#breadcrumb\"},\"inLanguage\":\"de\",\"potentialAction\":[{\"@type\":\"ReadAction\",\"target\":[\"https:\/\/pku.biomarin.com\/de-de\/jugendliche\/\"]}]},{\"@type\":\"BreadcrumbList\",\"@id\":\"https:\/\/pku.biomarin.com\/de-de\/jugendliche\/#breadcrumb\",\"itemListElement\":[{\"@type\":\"ListItem\",\"position\":1,\"name\":\"Home\",\"item\":\"https:\/\/pku.biomarin.com\/de-de\/\"},{\"@type\":\"ListItem\",\"position\":2,\"name\":\"Jugendliche\"}]},{\"@type\":\"WebSite\",\"@id\":\"https:\/\/pku.biomarin.com\/de-de\/#website\",\"url\":\"https:\/\/pku.biomarin.com\/de-de\/\",\"name\":\"BioMarin PKU DSE Patient DE-DE\",\"description\":\"\",\"potentialAction\":[{\"@type\":\"SearchAction\",\"target\":{\"@type\":\"EntryPoint\",\"urlTemplate\":\"https:\/\/pku.biomarin.com\/de-de\/?s={search_term_string}\"},\"query-input\":{\"@type\":\"PropertyValueSpecification\",\"valueRequired\":true,\"valueName\":\"search_term_string\"}}],\"inLanguage\":\"de\"}]}<\/script>\n<!-- \/ Yoast SEO plugin. -->","yoast_head_json":{"title":"Jugendliche - BioMarin PKU DSE Patient DE-DE","description":"Verbessern Sie die Symptome der Phenylketonurie (PKU). Erstellen Sie einen Plan f\u00fcr den Umgang mit PKU in der Schule, zu Hause oder am Arbeitsplatz. Beginnen Sie mit der Erstellung eines Plans f\u00fcr die Behandlung Ihrer PKU. Jugendliche mit PKU. Junge Erwachsene, die mit PKU leben. PKU-Veranstaltungen in meiner N\u00e4he. PKU-Bildungsveranstaltungen. College-Studenten und PKU.","robots":{"index":"index","follow":"follow","max-snippet":"max-snippet:-1","max-image-preview":"max-image-preview:large","max-video-preview":"max-video-preview:-1"},"canonical":"https:\/\/pku.biomarin.com\/de-de\/jugendliche\/","og_locale":"de_DE","og_type":"article","og_title":"Jugendliche - BioMarin PKU DSE Patient DE-DE","og_description":"Verbessern Sie die Symptome der Phenylketonurie (PKU). Erstellen Sie einen Plan f\u00fcr den Umgang mit PKU in der Schule, zu Hause oder am Arbeitsplatz. Beginnen Sie mit der Erstellung eines Plans f\u00fcr die Behandlung Ihrer PKU. Jugendliche mit PKU. Junge Erwachsene, die mit PKU leben. PKU-Veranstaltungen in meiner N\u00e4he. PKU-Bildungsveranstaltungen. College-Studenten und PKU.","og_url":"https:\/\/pku.biomarin.com\/de-de\/jugendliche\/","og_site_name":"BioMarin PKU DSE Patient DE-DE","article_modified_time":"2025-02-11T12:51:03+00:00","twitter_card":"summary_large_image","schema":{"@context":"https:\/\/schema.org","@graph":[{"@type":"WebPage","@id":"https:\/\/pku.biomarin.com\/de-de\/jugendliche\/","url":"https:\/\/pku.biomarin.com\/de-de\/jugendliche\/","name":"Jugendliche - BioMarin PKU DSE Patient DE-DE","isPartOf":{"@id":"https:\/\/pku.biomarin.com\/de-de\/#website"},"datePublished":"2023-02-22T12:09:39+00:00","dateModified":"2025-02-11T12:51:03+00:00","description":"Verbessern Sie die Symptome der Phenylketonurie (PKU). Erstellen Sie einen Plan f\u00fcr den Umgang mit PKU in der Schule, zu Hause oder am Arbeitsplatz. Beginnen Sie mit der Erstellung eines Plans f\u00fcr die Behandlung Ihrer PKU. Jugendliche mit PKU. Junge Erwachsene, die mit PKU leben. PKU-Veranstaltungen in meiner N\u00e4he. PKU-Bildungsveranstaltungen. College-Studenten und PKU.","breadcrumb":{"@id":"https:\/\/pku.biomarin.com\/de-de\/jugendliche\/#breadcrumb"},"inLanguage":"de","potentialAction":[{"@type":"ReadAction","target":["https:\/\/pku.biomarin.com\/de-de\/jugendliche\/"]}]},{"@type":"BreadcrumbList","@id":"https:\/\/pku.biomarin.com\/de-de\/jugendliche\/#breadcrumb","itemListElement":[{"@type":"ListItem","position":1,"name":"Home","item":"https:\/\/pku.biomarin.com\/de-de\/"},{"@type":"ListItem","position":2,"name":"Jugendliche"}]},{"@type":"WebSite","@id":"https:\/\/pku.biomarin.com\/de-de\/#website","url":"https:\/\/pku.biomarin.com\/de-de\/","name":"BioMarin PKU DSE Patient DE-DE","description":"","potentialAction":[{"@type":"SearchAction","target":{"@type":"EntryPoint","urlTemplate":"https:\/\/pku.biomarin.com\/de-de\/?s={search_term_string}"},"query-input":{"@type":"PropertyValueSpecification","valueRequired":true,"valueName":"search_term_string"}}],"inLanguage":"de"}]}},"_links":{"self":[{"href":"https:\/\/pku.biomarin.com\/de-de\/wp-json\/wp\/v2\/pages\/52","targetHints":{"allow":["GET"]}}],"collection":[{"href":"https:\/\/pku.biomarin.com\/de-de\/wp-json\/wp\/v2\/pages"}],"about":[{"href":"https:\/\/pku.biomarin.com\/de-de\/wp-json\/wp\/v2\/types\/page"}],"author":[{"embeddable":true,"href":"https:\/\/pku.biomarin.com\/de-de\/wp-json\/wp\/v2\/users\/3"}],"replies":[{"embeddable":true,"href":"https:\/\/pku.biomarin.com\/de-de\/wp-json\/wp\/v2\/comments?post=52"}],"version-history":[{"count":117,"href":"https:\/\/pku.biomarin.com\/de-de\/wp-json\/wp\/v2\/pages\/52\/revisions"}],"predecessor-version":[{"id":4604,"href":"https:\/\/pku.biomarin.com\/de-de\/wp-json\/wp\/v2\/pages\/52\/revisions\/4604"}],"wp:attachment":[{"href":"https:\/\/pku.biomarin.com\/de-de\/wp-json\/wp\/v2\/media?parent=52"}],"curies":[{"name":"wp","href":"https:\/\/api.w.org\/{rel}","templated":true}]}}