{"id":50,"date":"2023-02-22T12:07:03","date_gmt":"2023-02-22T12:07:03","guid":{"rendered":"https:\/\/pku.biomarin.com\/de-de\/?page_id=50"},"modified":"2025-02-11T12:51:50","modified_gmt":"2025-02-11T12:51:50","slug":"lebenslange-behandlung-planen","status":"publish","type":"page","link":"https:\/\/pku.biomarin.com\/de-de\/lebenslange-behandlung-planen\/","title":{"rendered":"Lebenslange Behandlung planen"},"content":{"rendered":"<div id=\"acf-block-63f77379736bb\" class=\"hero hero-no-overlay\">\n            <div class=\"hero-background-image hero-background-image-desktop\" style=\"background-image: url(https:\/\/pku.biomarin.com\/de-de\/wp-content\/uploads\/sites\/12\/2023\/03\/Group-110-scaled-e1678703759379-2000x435.jpg);\"><\/div>\n\t    <div class=\"hero-background-image hero-background-image-mobile\" style=\"background-image: url(https:\/\/pku.biomarin.com\/de-de\/wp-content\/uploads\/sites\/12\/2023\/02\/pku-balloon-hero-mobile-830x800.jpg);\"><\/div>\n    \t<div class=\"overlay\"><\/div>\n\t<div class=\"wrapper\">\n\t\t<div class=\"inner-wrapper\">\n\t\t\t<div class=\"hero-content\">\n\t\t\t    \t\t\t\t\t\t\t\t\t\t\t\t    <h1>Lebenslange Behandlung planen\n<\/h1>\n\t\t\t\t\t\t\t\t\t\t\t\t\n                <p class=\"inline-buttons\">\n                                                        <\/p>\n\t\t\t\t\t\t\t<\/div>\n\t\t<\/div>\n\t<\/div>\n<\/div>\n\n\n<div id=\"acf-block-63f7737973844\" class=\"block wrapped-content block-tight-bottom\">\n    <div class=\"wrapper\">\n        <div class=\"inner-wrapper\">\n                \n<div id=\"acf-block-63f7737973936\" class=\"block-wysiwyg\">\n            <h2>Entwickeln Sie fr\u00fchzeitig gesunde Gewohnheiten, die die lebenslange PKU-Behandlung erleichtern.<\/h2>\n<p>Mit der Behandlung der PKU sollte so fr\u00fch wie m\u00f6glich im Leben eines Kindes begonnen werden. Holen Sie sich gleich zu Beginn der lebenslangen Behandlung Unterst\u00fctzung von einem PKU-Zentrum und f\u00fchren Sie regelm\u00e4\u00dfig offene Gespr\u00e4che. Das Behandlungsteam in Ihrem PKU-Zentrum wird Ihnen zeigen, welche Ma\u00dfnahmen zur Behandlung der PKU empfohlen werden.<\/p>\n    <\/div>\n        <\/div>\n    <\/div>\n<\/div>\n\n<div id=\"acf-block-63f77379752e4\" class=\"block split-content equal-bias bottom-border\" data-muted-autoplay=\"false\">\n\t<div class=\"wrapper\">\n\t\t<div class=\"inner-wrapper\">\n\t\t                                                                <div class=\"content-block first-block\">\n                                                                                                                                                                                                                                                                                    \n                                    \n                                                                                                                \n                                    \n                                    <figure>\n                                        <div class=\"image image-rounded\">\n                                                                                            <img decoding=\"async\" class=\"\" src=\"https:\/\/pku.biomarin.com\/de-de\/wp-content\/uploads\/sites\/12\/2023\/04\/Foodyoueat.png?v=0.85\" alt=\"Vegetables on a table top\" \/>                                                                                    <\/div>\n                                                                            <\/figure>\n                                                                                    <\/div>\n                    \n                                            <div class=\"content-block second-block\">\n                                                                                                <h3>Bei PKU hat das, was Sie essen, direkten Einfluss auf Ihr Denken und F\u00fchlen<\/h3>\n<p>Phe kommt in nahezu allen Lebensmitteln vor, die nat\u00fcrliche Eiwei\u00dfe enthalten. Ihr Behandlungsteam wird Ihnen dabei helfen zu ermitteln, wie viel Phe in Ihrer Nahrung enthalten sein sollte.<\/p>\n<p>Lernen Sie neue Methoden, f\u00fcr eine Person mit PKU zu kochen. Verleihen Sie Ihrem Phe-armen Speiseplan mit diesen Rezepten neue W\u00fcrze.<\/p>\n                                                                                                                                                                                                                                                                                                                                                                                                                                                                        <p><a class=\"button button-arrow\" href=\"https:\/\/pku.biomarin.com\/de-de\/rezepte\/\" target=\"_self\">Phe-arme Rezepte<\/a><\/p>\n                                                                                                                        <\/div>\n                                                \t\t<\/div>\n\t<\/div>\n<\/div>\n\n<div id=\"acf-block-642b1f77d6d9d\" class=\"block boxed-content top-border boxed-content-no-bg\">\n\t<div class=\"wrapper\">\n\t\t<div class=\"inner-wrapper\">\n\t\t\t<div class=\"box\">\n\t\t\t\t                    <h2>Bringen Sie Ihrem Kind bei, wie es seine PKU behandeln kann\n<\/h2>\n                \t\t\t\t\n<div id=\"acf-block-642b1f77d7112\" class=\"image-text-block content-align-bottom bottom-border\">\n            <div class=\"image-block medium\">\n            <figure>\n                <div class=\"image image-rounded\">\n                    <img decoding=\"async\" class=\"\" src=\"https:\/\/pku.biomarin.com\/de-de\/wp-content\/uploads\/sites\/12\/2023\/04\/step1_v2.png?v=0.85\" alt=\"Step 1\" \/>                <\/div>\n            <\/figure>\n        <\/div>\n        <div class=\"content-block\">\n                    <h3><strong>Ich mache, du schaust zu<\/strong>\n<\/h3>\n                            <ul>\n<li>Erkl\u00e4ren Sie alles, was Sie tun, und warum es wichtig ist<\/li>\n<li>F\u00fchren Sie die Reihenfolge der Handlungen vor und sorgen Sie daf\u00fcr, dass Ihr Kind Ihnen zusieht<\/li>\n<\/ul>\n                    <\/div>\n<\/div>\n\n<div id=\"acf-block-642b1f77d7185\" class=\"image-text-block content-align-bottom bottom-border\">\n            <div class=\"image-block medium\">\n            <figure>\n                <div class=\"image image-rounded\">\n                    <img decoding=\"async\" class=\"\" src=\"https:\/\/pku.biomarin.com\/de-de\/wp-content\/uploads\/sites\/12\/2023\/04\/step2_v2.png?v=0.85\" alt=\"Step 2\" \/>                <\/div>\n            <\/figure>\n        <\/div>\n        <div class=\"content-block\">\n                    <h3><strong>Ich mache, du hilfst<\/strong>\n<\/h3>\n                            <ul>\n<li>Arbeiten Sie mit Ihrem Kind zusammen und helfen Sie ihm, wenn es Hilfe braucht<\/li>\n<li>Stellen Sie Fragen, um zu \u00fcberpr\u00fcfen, ob Ihr Kind wei\u00df, warum ein bestimmter Ablauf wichtig ist<\/li>\n<\/ul>\n                    <\/div>\n<\/div>\n\n<div id=\"acf-block-642b1f77d71e3\" class=\"image-text-block content-align-bottom bottom-border\">\n            <div class=\"image-block medium\">\n            <figure>\n                <div class=\"image image-rounded\">\n                    <img decoding=\"async\" class=\"\" src=\"https:\/\/pku.biomarin.com\/de-de\/wp-content\/uploads\/sites\/12\/2023\/04\/step3_v2.png?v=0.85\" alt=\"Step 3\" \/>                <\/div>\n            <\/figure>\n        <\/div>\n        <div class=\"content-block\">\n                    <h3><strong>Du machst, ich helfe<\/strong>\n<\/h3>\n                            <ul>\n<li>Geben Sie kleine, erreichbare Ziele vor und versuchen Sie, das Erlernen der Gewohnheiten so zu gestalten, dass es Spa\u00df macht<\/li>\n<li>Greifen Sie bei Bedarf unterst\u00fctzend ein und erinnern Sie Ihr Kind, warum ein bestimmter Ablauf so wichtig ist<\/li>\n<\/ul>\n                    <\/div>\n<\/div>\n\n<div id=\"acf-block-642b1f77d725f\" class=\"image-text-block content-align-center bottom-border\">\n            <div class=\"image-block medium\">\n            <figure>\n                <div class=\"image image-rounded\">\n                    <img decoding=\"async\" class=\"\" src=\"https:\/\/pku.biomarin.com\/de-de\/wp-content\/uploads\/sites\/12\/2023\/04\/step4_v3.png?v=0.85\" alt=\"Step 4\" \/>                <\/div>\n            <\/figure>\n        <\/div>\n        <div class=\"content-block\">\n                    <h3><strong>Du machst, ich schaue zu<\/strong>\n<\/h3>\n                            <ul>\n<li>Legen Sie gr\u00f6\u00dfere Ziele f\u00fcr die Zukunft fest und geben Sie Ihrem Kind die M\u00f6glichkeit, die Abl\u00e4ufe in eigener Verantwortung durchzuf\u00fchren<\/li>\n<li>Helfen Sie bei Bedarf, aber versuchen Sie, nicht zu fr\u00fch einzugreifen. Fehler helfen Ihrem Kind dabei, zu lernen und sich auf seine Zukunft vorzubereiten<\/li>\n<\/ul>\n                    <\/div>\n<\/div>\n\t\t\t<\/div>\n\t\t<\/div>\n\t<\/div>\n<\/div>\n\n<div id=\"acf-block-64fe12511900d\" class=\"block split-content equal-bias bottom-border\" data-muted-autoplay=\"false\">\n\t<div class=\"wrapper\">\n\t\t<div class=\"inner-wrapper\">\n\t\t                                                                <div class=\"content-block first-block\">\n                                                                                                <h2>&#8222;Neugierig, wie es ist, mit PKU aufzuwachsen?&#8220;<\/h2>\n<p>Sind Sie neugierig, wie es ist, mit PKU aufzuwachsen? In diesem Video k\u00f6nnen Sie sich anschauen, wie eine Mutter und ihre Tochter diese Zeit erlebt haben.<\/p>\n                                                                                    <\/div>\n                    \n                                            <div class=\"content-block second-block\">\n                                                                                                                                                                                                                                                <div class=\"video-poster\">\n\t\t\t                            <a class=\"modal-video permitted\" href=\"https:\/\/player.vimeo.com\/video\/665588740\" style=\"background-image: url(https:\/\/pku.biomarin.com\/de-de\/wp-content\/uploads\/sites\/12\/2024\/02\/vlcsnap-2024-02-02-19h04m34s911.jpg?v=0.85);\">Play<\/a>\n\t\t                            <\/div> \n                                    \n                                                                                                                    \n                                                                                                                                                   \n                                    \n\t\t                                                                            <\/div>\n                                                \t\t<\/div>\n\t<\/div>\n<\/div>","protected":false},"excerpt":{"rendered":"","protected":false},"author":3,"featured_media":0,"parent":0,"menu_order":0,"comment_status":"closed","ping_status":"closed","template":"","meta":{"_acf_changed":false,"inline_featured_image":false,"footnotes":""},"class_list":["post-50","page","type-page","status-publish","hentry"],"acf":[],"yoast_head":"<!-- This site is optimized with the Yoast SEO plugin v27.4 - https:\/\/yoast.com\/product\/yoast-seo-wordpress\/ -->\n<title>Lebenslange Behandlung planen - BioMarin PKU DSE Patient DE-DE<\/title>\n<meta name=\"description\" content=\"Phenylketonurie (PKU) sollte so fr\u00fch wie m\u00f6glich im Leben eines Kindes behandelt werden. Beginnen Sie mit der Unterst\u00fctzung einer PKU-Klinik eine lebenslange Behandlung. Ihr klinisches Betreuungsteam zeigt Ihnen, wie Sie PKU am besten behandeln k\u00f6nnen. Bestimmen Sie, wie viel Phenylalanin (Phe) Teil Ihrer Ern\u00e4hrung sein sollte. Lernen Sie neue Wege, f\u00fcr eine Person mit PKU zu kochen. PKU-freundliche Rezepte.\" \/>\n<meta name=\"robots\" content=\"index, follow, max-snippet:-1, max-image-preview:large, max-video-preview:-1\" \/>\n<link rel=\"canonical\" href=\"https:\/\/pku.biomarin.com\/de-de\/lebenslange-behandlung-planen\/\" \/>\n<meta property=\"og:locale\" content=\"de_DE\" \/>\n<meta property=\"og:type\" content=\"article\" \/>\n<meta property=\"og:title\" content=\"Lebenslange Behandlung planen - BioMarin PKU DSE Patient DE-DE\" \/>\n<meta property=\"og:description\" content=\"Phenylketonurie (PKU) sollte so fr\u00fch wie m\u00f6glich im Leben eines Kindes behandelt werden. Beginnen Sie mit der Unterst\u00fctzung einer PKU-Klinik eine lebenslange Behandlung. Ihr klinisches Betreuungsteam zeigt Ihnen, wie Sie PKU am besten behandeln k\u00f6nnen. Bestimmen Sie, wie viel Phenylalanin (Phe) Teil Ihrer Ern\u00e4hrung sein sollte. Lernen Sie neue Wege, f\u00fcr eine Person mit PKU zu kochen. PKU-freundliche Rezepte.\" \/>\n<meta property=\"og:url\" content=\"https:\/\/pku.biomarin.com\/de-de\/lebenslange-behandlung-planen\/\" \/>\n<meta property=\"og:site_name\" content=\"BioMarin PKU DSE Patient DE-DE\" \/>\n<meta property=\"article:modified_time\" content=\"2025-02-11T12:51:50+00:00\" \/>\n<meta name=\"twitter:card\" content=\"summary_large_image\" \/>\n<script type=\"application\/ld+json\" class=\"yoast-schema-graph\">{\"@context\":\"https:\\\/\\\/schema.org\",\"@graph\":[{\"@type\":\"WebPage\",\"@id\":\"https:\\\/\\\/pku.biomarin.com\\\/de-de\\\/lebenslange-behandlung-planen\\\/\",\"url\":\"https:\\\/\\\/pku.biomarin.com\\\/de-de\\\/lebenslange-behandlung-planen\\\/\",\"name\":\"Lebenslange Behandlung planen - BioMarin PKU DSE Patient DE-DE\",\"isPartOf\":{\"@id\":\"https:\\\/\\\/pku.biomarin.com\\\/de-de\\\/#website\"},\"datePublished\":\"2023-02-22T12:07:03+00:00\",\"dateModified\":\"2025-02-11T12:51:50+00:00\",\"description\":\"Phenylketonurie (PKU) sollte so fr\u00fch wie m\u00f6glich im Leben eines Kindes behandelt werden. Beginnen Sie mit der Unterst\u00fctzung einer PKU-Klinik eine lebenslange Behandlung. Ihr klinisches Betreuungsteam zeigt Ihnen, wie Sie PKU am besten behandeln k\u00f6nnen. Bestimmen Sie, wie viel Phenylalanin (Phe) Teil Ihrer Ern\u00e4hrung sein sollte. Lernen Sie neue Wege, f\u00fcr eine Person mit PKU zu kochen. PKU-freundliche Rezepte.\",\"breadcrumb\":{\"@id\":\"https:\\\/\\\/pku.biomarin.com\\\/de-de\\\/lebenslange-behandlung-planen\\\/#breadcrumb\"},\"inLanguage\":\"de\",\"potentialAction\":[{\"@type\":\"ReadAction\",\"target\":[\"https:\\\/\\\/pku.biomarin.com\\\/de-de\\\/lebenslange-behandlung-planen\\\/\"]}]},{\"@type\":\"BreadcrumbList\",\"@id\":\"https:\\\/\\\/pku.biomarin.com\\\/de-de\\\/lebenslange-behandlung-planen\\\/#breadcrumb\",\"itemListElement\":[{\"@type\":\"ListItem\",\"position\":1,\"name\":\"Home\",\"item\":\"https:\\\/\\\/pku.biomarin.com\\\/de-de\\\/\"},{\"@type\":\"ListItem\",\"position\":2,\"name\":\"Lebenslange Behandlung planen\"}]},{\"@type\":\"WebSite\",\"@id\":\"https:\\\/\\\/pku.biomarin.com\\\/de-de\\\/#website\",\"url\":\"https:\\\/\\\/pku.biomarin.com\\\/de-de\\\/\",\"name\":\"BioMarin PKU DSE Patient DE-DE\",\"description\":\"\",\"potentialAction\":[{\"@type\":\"SearchAction\",\"target\":{\"@type\":\"EntryPoint\",\"urlTemplate\":\"https:\\\/\\\/pku.biomarin.com\\\/de-de\\\/?s={search_term_string}\"},\"query-input\":{\"@type\":\"PropertyValueSpecification\",\"valueRequired\":true,\"valueName\":\"search_term_string\"}}],\"inLanguage\":\"de\"}]}<\/script>\n<!-- \/ Yoast SEO plugin. -->","yoast_head_json":{"title":"Lebenslange Behandlung planen - BioMarin PKU DSE Patient DE-DE","description":"Phenylketonurie (PKU) sollte so fr\u00fch wie m\u00f6glich im Leben eines Kindes behandelt werden. Beginnen Sie mit der Unterst\u00fctzung einer PKU-Klinik eine lebenslange Behandlung. Ihr klinisches Betreuungsteam zeigt Ihnen, wie Sie PKU am besten behandeln k\u00f6nnen. Bestimmen Sie, wie viel Phenylalanin (Phe) Teil Ihrer Ern\u00e4hrung sein sollte. Lernen Sie neue Wege, f\u00fcr eine Person mit PKU zu kochen. PKU-freundliche Rezepte.","robots":{"index":"index","follow":"follow","max-snippet":"max-snippet:-1","max-image-preview":"max-image-preview:large","max-video-preview":"max-video-preview:-1"},"canonical":"https:\/\/pku.biomarin.com\/de-de\/lebenslange-behandlung-planen\/","og_locale":"de_DE","og_type":"article","og_title":"Lebenslange Behandlung planen - BioMarin PKU DSE Patient DE-DE","og_description":"Phenylketonurie (PKU) sollte so fr\u00fch wie m\u00f6glich im Leben eines Kindes behandelt werden. Beginnen Sie mit der Unterst\u00fctzung einer PKU-Klinik eine lebenslange Behandlung. Ihr klinisches Betreuungsteam zeigt Ihnen, wie Sie PKU am besten behandeln k\u00f6nnen. Bestimmen Sie, wie viel Phenylalanin (Phe) Teil Ihrer Ern\u00e4hrung sein sollte. Lernen Sie neue Wege, f\u00fcr eine Person mit PKU zu kochen. PKU-freundliche Rezepte.","og_url":"https:\/\/pku.biomarin.com\/de-de\/lebenslange-behandlung-planen\/","og_site_name":"BioMarin PKU DSE Patient DE-DE","article_modified_time":"2025-02-11T12:51:50+00:00","twitter_card":"summary_large_image","schema":{"@context":"https:\/\/schema.org","@graph":[{"@type":"WebPage","@id":"https:\/\/pku.biomarin.com\/de-de\/lebenslange-behandlung-planen\/","url":"https:\/\/pku.biomarin.com\/de-de\/lebenslange-behandlung-planen\/","name":"Lebenslange Behandlung planen - BioMarin PKU DSE Patient DE-DE","isPartOf":{"@id":"https:\/\/pku.biomarin.com\/de-de\/#website"},"datePublished":"2023-02-22T12:07:03+00:00","dateModified":"2025-02-11T12:51:50+00:00","description":"Phenylketonurie (PKU) sollte so fr\u00fch wie m\u00f6glich im Leben eines Kindes behandelt werden. Beginnen Sie mit der Unterst\u00fctzung einer PKU-Klinik eine lebenslange Behandlung. Ihr klinisches Betreuungsteam zeigt Ihnen, wie Sie PKU am besten behandeln k\u00f6nnen. Bestimmen Sie, wie viel Phenylalanin (Phe) Teil Ihrer Ern\u00e4hrung sein sollte. Lernen Sie neue Wege, f\u00fcr eine Person mit PKU zu kochen. PKU-freundliche Rezepte.","breadcrumb":{"@id":"https:\/\/pku.biomarin.com\/de-de\/lebenslange-behandlung-planen\/#breadcrumb"},"inLanguage":"de","potentialAction":[{"@type":"ReadAction","target":["https:\/\/pku.biomarin.com\/de-de\/lebenslange-behandlung-planen\/"]}]},{"@type":"BreadcrumbList","@id":"https:\/\/pku.biomarin.com\/de-de\/lebenslange-behandlung-planen\/#breadcrumb","itemListElement":[{"@type":"ListItem","position":1,"name":"Home","item":"https:\/\/pku.biomarin.com\/de-de\/"},{"@type":"ListItem","position":2,"name":"Lebenslange Behandlung planen"}]},{"@type":"WebSite","@id":"https:\/\/pku.biomarin.com\/de-de\/#website","url":"https:\/\/pku.biomarin.com\/de-de\/","name":"BioMarin PKU DSE Patient DE-DE","description":"","potentialAction":[{"@type":"SearchAction","target":{"@type":"EntryPoint","urlTemplate":"https:\/\/pku.biomarin.com\/de-de\/?s={search_term_string}"},"query-input":{"@type":"PropertyValueSpecification","valueRequired":true,"valueName":"search_term_string"}}],"inLanguage":"de"}]}},"_links":{"self":[{"href":"https:\/\/pku.biomarin.com\/de-de\/wp-json\/wp\/v2\/pages\/50","targetHints":{"allow":["GET"]}}],"collection":[{"href":"https:\/\/pku.biomarin.com\/de-de\/wp-json\/wp\/v2\/pages"}],"about":[{"href":"https:\/\/pku.biomarin.com\/de-de\/wp-json\/wp\/v2\/types\/page"}],"author":[{"embeddable":true,"href":"https:\/\/pku.biomarin.com\/de-de\/wp-json\/wp\/v2\/users\/3"}],"replies":[{"embeddable":true,"href":"https:\/\/pku.biomarin.com\/de-de\/wp-json\/wp\/v2\/comments?post=50"}],"version-history":[{"count":127,"href":"https:\/\/pku.biomarin.com\/de-de\/wp-json\/wp\/v2\/pages\/50\/revisions"}],"predecessor-version":[{"id":4602,"href":"https:\/\/pku.biomarin.com\/de-de\/wp-json\/wp\/v2\/pages\/50\/revisions\/4602"}],"wp:attachment":[{"href":"https:\/\/pku.biomarin.com\/de-de\/wp-json\/wp\/v2\/media?parent=50"}],"curies":[{"name":"wp","href":"https:\/\/api.w.org\/{rel}","templated":true}]}}