{"id":48,"date":"2023-02-22T12:06:27","date_gmt":"2023-02-22T12:06:27","guid":{"rendered":"https:\/\/pku.biomarin.com\/de-de\/?page_id=48"},"modified":"2025-02-11T13:23:32","modified_gmt":"2025-02-11T13:23:32","slug":"ihr-kind-und-pku","status":"publish","type":"page","link":"https:\/\/pku.biomarin.com\/de-de\/ihr-kind-und-pku\/","title":{"rendered":"Ihr Kind &amp; PKU"},"content":{"rendered":"<div id=\"acf-block-63f769755d300\" class=\"hero hero-no-overlay\">\n            <div class=\"hero-background-image hero-background-image-desktop\" style=\"background-image: url(https:\/\/pku.biomarin.com\/de-de\/wp-content\/uploads\/sites\/12\/2023\/03\/Group-110-scaled-e1678703759379-2000x435.jpg);\"><\/div>\n\t    <div class=\"hero-background-image hero-background-image-mobile\" style=\"background-image: url(https:\/\/pku.biomarin.com\/de-de\/wp-content\/uploads\/sites\/12\/2023\/02\/pku-balloon-hero-mobile-830x800.jpg);\"><\/div>\n    \t<div class=\"overlay\"><\/div>\n\t<div class=\"wrapper\">\n\t\t<div class=\"inner-wrapper\">\n\t\t\t<div class=\"hero-content\">\n\t\t\t    \t\t\t\t\t\t\t\t\t\t\t\t    <h1>Ihr Kind &amp; PKU\n<\/h1>\n\t\t\t\t\t\t\t\t\t\t\t\t\n                <p class=\"inline-buttons\">\n                                                        <\/p>\n\t\t\t\t\t\t\t<\/div>\n\t\t<\/div>\n\t<\/div>\n<\/div>\n\n\n<div id=\"acf-block-63f769755d4b4\" class=\"block wrapped-content\">\n    <div class=\"wrapper\">\n        <div class=\"inner-wrapper\">\n                \n<div id=\"acf-block-63f769755d596\" class=\"block-wysiwyg\">\n            <h2>Gesunde Routinen sind f\u00fcr Sie und Ihr Kind mit PKU gleicherma\u00dfen wichtig<\/h2>\n<p>Entwickeln Sie gesunde Gewohnheiten, w\u00e4hrend Ihr Kind noch klein ist, und seien Sie ihm ein Vorbild, von dem es lernen kann. So k\u00f6nnen Sie Ihrem Kind einfacher beibringen, wie es seine PKU am besten behandelt \u2013 denn sp\u00e4ter wird es diese Aufgabe selbst \u00fcbernehmen m\u00fcssen.<\/p>\n<h3>Legen Sie bei Ihrem Kind mit diesen 3 Schritten den Grundstein f\u00fcr eine erfolgreiche PKU-Behandlung<\/h3>\n<p>Gewohnheiten spielen in den drei Bereichen Wissen, F\u00e4higkeiten und Motivation eine entscheidende Rolle, denn <strong>fr\u00fchzeitig <\/strong> Gewohnheiten zu etablieren, hilft Ihnen und Ihrem Kind dabei, Probleme bei der Behandlung von vornherein zu vermeiden.<\/p>\n    <\/div>\n        <\/div>\n    <\/div>\n<\/div>\n\n<div id=\"acf-block-63f769755d732\" class=\"block cards cards-3-col\">\n\t<div class=\"wrapper\">\n\t\t<div class=\"inner-wrapper\">\n\t\t\t<div class=\"cards-title\">\n\t\t\t    \t\t\t\t\t\t\t<\/div>\n\t\t\t<div class=\"cards-wrapper\">\n\t\t\t    \n<div id=\"acf-block-63f769755db52\" class=\"card\" data-muted-autoplay=\"false\">\n    \t    \n\n                    <img decoding=\"async\" class=\"card-image\" src=\"https:\/\/pku.biomarin.com\/de-de\/wp-content\/uploads\/sites\/12\/2023\/02\/2.1_Desktop_ProvideKnowledge.jpg?v=0.85\" alt=\"\" \/>        \n\t    <div class=\"card-content\">\n                \n                                                                                                            <h4>1. Wissen vermitteln<\/h4>\n<p>Was zu tun ist und warum<\/p>\n                                                                                    <\/div>\n<\/div>\n\n<div id=\"acf-block-63f769755dbbb\" class=\"card\" data-muted-autoplay=\"false\">\n    \t    \n\n                    <img decoding=\"async\" class=\"card-image\" src=\"https:\/\/pku.biomarin.com\/de-de\/wp-content\/uploads\/sites\/12\/2023\/02\/2.1_Desktop_InspireDrive.jpg?v=0.85\" alt=\"\" \/>        \n\t    <div class=\"card-content\">\n                \n                                                                                                            <h4>2. Motivation wecken<\/h4>\n<p>Es tun wollen<\/p>\n                                                                                    <\/div>\n<\/div>\n\n<div id=\"acf-block-63f769755dc25\" class=\"card\" data-muted-autoplay=\"false\">\n    \t    \n\n                    <img decoding=\"async\" class=\"card-image\" src=\"https:\/\/pku.biomarin.com\/de-de\/wp-content\/uploads\/sites\/12\/2023\/02\/2.1_Desktop_TeachSkills.jpg?v=0.85\" alt=\"\" \/>        \n\t    <div class=\"card-content\">\n                \n                                                                                                            <h4>3. F\u00e4higkeiten vermitteln<\/h4>\n<p>Wie es zu tun ist<\/p>\n                                                                                    <\/div>\n<\/div>\n\t\t\t<\/div>\n\t\t<\/div>\n\t<\/div>\n<\/div>\n\n<div id=\"acf-block-63f76dcd9e7a7\" class=\"block split-content equal-bias bottom-border\" data-muted-autoplay=\"false\">\n\t<div class=\"wrapper\">\n\t\t<div class=\"inner-wrapper\">\n\t\t                                                                <div class=\"content-block first-block\">\n                                                                                                                                                                                                                                                                                    \n                                    \n                                                                                                                \n                                    \n                                    <figure>\n                                        <div class=\"image image-rounded\">\n                                                                                            <img decoding=\"async\" class=\"\" src=\"https:\/\/pku.biomarin.com\/de-de\/wp-content\/uploads\/sites\/12\/2023\/02\/2.1_Desktop_GetStarted.jpg?v=0.85\" alt=\"\" \/>                                                                                    <\/div>\n                                                                            <\/figure>\n                                                                                    <\/div>\n                    \n                                            <div class=\"content-block second-block\">\n                                                                                                <h2>Arbeiten Sie eng mit Ihrem PKU-Behandlungsteam zusammen<\/h2>\n<p>Ihr Behandlungsteam wird Ihnen dabei helfen zu ermitteln, was bei der PKU-Behandlung in Ihrem Fall am wichtigsten ist, denn das kann bei jedem anders sein. Legen Sie f\u00fcr sich und Ihre Familie den Grundstein f\u00fcr den Erfolg, indem Sie einen auf Ihre individuellen Bed\u00fcrfnisse abgestimmten PKU-Behandlungsplan entwickeln.<\/p>\n                                                                                                                                                                                                                                                                                                                                                                                                                                                                        <p><a class=\"button button-arrow\" href=\"https:\/\/pku.biomarin.com\/de-de\/lebenslange-behandlung-planen\/\" target=\"_self\">Fangen Sie noch heute mit diesen vier Schritten an<\/a><\/p>\n                                                                                                                        <\/div>\n                                                \t\t<\/div>\n\t<\/div>\n<\/div>\n\n<div id=\"acf-block-63f770e6b6b52\" class=\"block call-to-action block-tight-top block-tight-bottom\">\n    <div class=\"wrapper\">\n\t\t<div class=\"inner-wrapper\">\n\t\t\t<div class=\"box\" style=\"\">\n\t\t\t\t<div class=\"overlay\"><\/div>\n\t\t\t\t<div class=\"cta-content\">\n\t\t\t\t    \t\t\t\t\t<div class=\"cta-content-main\">\n                        <div class=\"content-block\">\n\t\t\t\t\t        \t\t\t\t\t        \t\t\t\t\t\t        <h2 class=\"h3\">Wenn Lehrer oder andere Eltern Sie auf die PKU ansprechen \u2013 was sagen Sie?\n<\/h2>\n\t\t\t\t\t\t    \t\t\t\t\t\t    \t\t\t\t\t\t        <p>Es mag naheliegend sein, die PKU als ein Problem mit der Ern\u00e4hrung zu beschreiben, doch die PKU kann auch enorme Auswirkungen auf das Gehirn haben.<\/p>\n<p>Also versuchen Sie doch beim n\u00e4chsten Mal zu erkl\u00e4ren, welche Auswirkungen die PKU auf ein Gehirn hat, das sich noch entwickelt. So k\u00f6nnen andere besser verstehen, warum es so wichtig ist, darauf zu achten, was Ihr Kind isst.<\/p>\n\t\t\t\t\t\t    \t\t\t\t\t    <\/div>\n\t\t\t\t\t                                <div class=\"content-block\">\n                                <p><a class=\"button button-ghost button-arrow\" href=\"https:\/\/pku.biomarin.com\/de-de\/phe-im-gehirn\/\" target=\"_self\">Wie sich die PKU auf das Gehirn auswirkt<\/a><\/p>\n                            <\/div>\n\t\t\t\t\t                        <\/div>\n\t\t\t\t<\/div>\n\t\t\t<\/div>\n\t\t<\/div>\n\t<\/div>\n<\/div>\n\n<div id=\"acf-block-63f770e6b6d8f\" class=\"block cards cards-2-col\">\n\t<div class=\"wrapper\">\n\t\t<div class=\"inner-wrapper\">\n\t\t\t<div class=\"cards-title\">\n\t\t\t    \t\t\t\t\t\t\t<\/div>\n\t\t\t<div class=\"cards-wrapper\">\n\t\t\t    \n<div id=\"acf-block-63f770e6b71a1\" class=\"card card-fixed-button\" data-muted-autoplay=\"false\">\n    \t    \n\n                    <img decoding=\"async\" class=\"card-image\" src=\"https:\/\/pku.biomarin.com\/de-de\/wp-content\/uploads\/sites\/12\/2024\/01\/future_plans.png?v=0.85\" alt=\"\" \/>        \n\t    <div class=\"card-content\">\n                            <h4>Die Zukunft mit PKU planen\n<\/h4>\n        \n                                                                                                                                                                                                                                                                                    \n                                                                                        <\/div>\n                                <div class=\"card-actions\">\n                            \n                            <p><a class=\"button button-arrow\" href=\"https:\/\/pku.biomarin.com\/de-de\/lebenslange-behandlung-planen\/\" target=\"_self\">Jetzt loslegen<\/a><\/p>\n                                                                                    <\/div>\n<\/div>\n\n<div id=\"acf-block-63f770e6b7224\" class=\"card card-fixed-button\" data-muted-autoplay=\"false\">\n    \t    \n\n                    <img decoding=\"async\" class=\"card-image\" src=\"https:\/\/pku.biomarin.com\/de-de\/wp-content\/uploads\/sites\/12\/2024\/01\/Commitment-1.png?v=0.85\" alt=\"\" \/>        \n\t    <div class=\"card-content\">\n                            <h4>Wie Sie Ihren Phe-Blutspiegel niedrig halten k\u00f6nnen\n<\/h4>\n        \n                                                                                                                                                                                                                                                                                    \n                                                                                        <\/div>\n                                <div class=\"card-actions\">\n                            \n                            <p><a class=\"button button-arrow\" href=\"https:\/\/pku.biomarin.com\/de-de\/behandlung-der-pku\/\" target=\"_self\">Behandlung der PKU<\/a><\/p>\n                                                                                    <\/div>\n<\/div>\n\t\t\t<\/div>\n\t\t<\/div>\n\t<\/div>\n<\/div>","protected":false},"excerpt":{"rendered":"","protected":false},"author":3,"featured_media":0,"parent":0,"menu_order":0,"comment_status":"closed","ping_status":"closed","template":"","meta":{"_acf_changed":false,"inline_featured_image":false,"footnotes":""},"class_list":["post-48","page","type-page","status-publish","hentry"],"acf":[],"yoast_head":"<!-- This site is optimized with the Yoast SEO plugin v27.4 - https:\/\/yoast.com\/product\/yoast-seo-wordpress\/ -->\n<title>Ihr Kind &amp; PKU - BioMarin PKU DSE Patient DE-DE<\/title>\n<meta name=\"description\" content=\"Beginnen Sie mit gesunden Routinen, w\u00e4hrend Ihr Kind klein ist, und lassen Sie es von Ihrem Beispiel lernen. Dies kann Ihnen dabei helfen, Ihrem Kind beizubringen, wie es am besten mit seiner Phenylketonurie (PKU) umgeht \u2013 denn das wird zu seiner Aufgabe, wenn es \u00e4lter wird. Gewohnheiten stehen im Mittelpunkt von Wissen, F\u00e4higkeiten und Antrieb, denn die fr\u00fchzeitige Bildung von Gewohnheiten kann Ihnen und Ihrem Kind dabei helfen, Herausforderungen sofort mit der Behandlung zu bew\u00e4ltigen.\" \/>\n<meta name=\"robots\" content=\"index, follow, max-snippet:-1, max-image-preview:large, max-video-preview:-1\" \/>\n<link rel=\"canonical\" href=\"https:\/\/pku.biomarin.com\/de-de\/ihr-kind-und-pku\/\" \/>\n<meta property=\"og:locale\" content=\"de_DE\" \/>\n<meta property=\"og:type\" content=\"article\" \/>\n<meta property=\"og:title\" content=\"Ihr Kind &amp; PKU - BioMarin PKU DSE Patient DE-DE\" \/>\n<meta property=\"og:description\" content=\"Beginnen Sie mit gesunden Routinen, w\u00e4hrend Ihr Kind klein ist, und lassen Sie es von Ihrem Beispiel lernen. Dies kann Ihnen dabei helfen, Ihrem Kind beizubringen, wie es am besten mit seiner Phenylketonurie (PKU) umgeht \u2013 denn das wird zu seiner Aufgabe, wenn es \u00e4lter wird. Gewohnheiten stehen im Mittelpunkt von Wissen, F\u00e4higkeiten und Antrieb, denn die fr\u00fchzeitige Bildung von Gewohnheiten kann Ihnen und Ihrem Kind dabei helfen, Herausforderungen sofort mit der Behandlung zu bew\u00e4ltigen.\" \/>\n<meta property=\"og:url\" content=\"https:\/\/pku.biomarin.com\/de-de\/ihr-kind-und-pku\/\" \/>\n<meta property=\"og:site_name\" content=\"BioMarin PKU DSE Patient DE-DE\" \/>\n<meta property=\"article:modified_time\" content=\"2025-02-11T13:23:32+00:00\" \/>\n<meta name=\"twitter:card\" content=\"summary_large_image\" \/>\n<script type=\"application\/ld+json\" class=\"yoast-schema-graph\">{\"@context\":\"https:\\\/\\\/schema.org\",\"@graph\":[{\"@type\":\"WebPage\",\"@id\":\"https:\\\/\\\/pku.biomarin.com\\\/de-de\\\/ihr-kind-und-pku\\\/\",\"url\":\"https:\\\/\\\/pku.biomarin.com\\\/de-de\\\/ihr-kind-und-pku\\\/\",\"name\":\"Ihr Kind &amp; PKU - BioMarin PKU DSE Patient DE-DE\",\"isPartOf\":{\"@id\":\"https:\\\/\\\/pku.biomarin.com\\\/de-de\\\/#website\"},\"datePublished\":\"2023-02-22T12:06:27+00:00\",\"dateModified\":\"2025-02-11T13:23:32+00:00\",\"description\":\"Beginnen Sie mit gesunden Routinen, w\u00e4hrend Ihr Kind klein ist, und lassen Sie es von Ihrem Beispiel lernen. Dies kann Ihnen dabei helfen, Ihrem Kind beizubringen, wie es am besten mit seiner Phenylketonurie (PKU) umgeht \u2013 denn das wird zu seiner Aufgabe, wenn es \u00e4lter wird. Gewohnheiten stehen im Mittelpunkt von Wissen, F\u00e4higkeiten und Antrieb, denn die fr\u00fchzeitige Bildung von Gewohnheiten kann Ihnen und Ihrem Kind dabei helfen, Herausforderungen sofort mit der Behandlung zu bew\u00e4ltigen.\",\"breadcrumb\":{\"@id\":\"https:\\\/\\\/pku.biomarin.com\\\/de-de\\\/ihr-kind-und-pku\\\/#breadcrumb\"},\"inLanguage\":\"de\",\"potentialAction\":[{\"@type\":\"ReadAction\",\"target\":[\"https:\\\/\\\/pku.biomarin.com\\\/de-de\\\/ihr-kind-und-pku\\\/\"]}]},{\"@type\":\"BreadcrumbList\",\"@id\":\"https:\\\/\\\/pku.biomarin.com\\\/de-de\\\/ihr-kind-und-pku\\\/#breadcrumb\",\"itemListElement\":[{\"@type\":\"ListItem\",\"position\":1,\"name\":\"Home\",\"item\":\"https:\\\/\\\/pku.biomarin.com\\\/de-de\\\/\"},{\"@type\":\"ListItem\",\"position\":2,\"name\":\"Ihr Kind &amp; PKU\"}]},{\"@type\":\"WebSite\",\"@id\":\"https:\\\/\\\/pku.biomarin.com\\\/de-de\\\/#website\",\"url\":\"https:\\\/\\\/pku.biomarin.com\\\/de-de\\\/\",\"name\":\"BioMarin PKU DSE Patient DE-DE\",\"description\":\"\",\"potentialAction\":[{\"@type\":\"SearchAction\",\"target\":{\"@type\":\"EntryPoint\",\"urlTemplate\":\"https:\\\/\\\/pku.biomarin.com\\\/de-de\\\/?s={search_term_string}\"},\"query-input\":{\"@type\":\"PropertyValueSpecification\",\"valueRequired\":true,\"valueName\":\"search_term_string\"}}],\"inLanguage\":\"de\"}]}<\/script>\n<!-- \/ Yoast SEO plugin. -->","yoast_head_json":{"title":"Ihr Kind &amp; PKU - BioMarin PKU DSE Patient DE-DE","description":"Beginnen Sie mit gesunden Routinen, w\u00e4hrend Ihr Kind klein ist, und lassen Sie es von Ihrem Beispiel lernen. Dies kann Ihnen dabei helfen, Ihrem Kind beizubringen, wie es am besten mit seiner Phenylketonurie (PKU) umgeht \u2013 denn das wird zu seiner Aufgabe, wenn es \u00e4lter wird. Gewohnheiten stehen im Mittelpunkt von Wissen, F\u00e4higkeiten und Antrieb, denn die fr\u00fchzeitige Bildung von Gewohnheiten kann Ihnen und Ihrem Kind dabei helfen, Herausforderungen sofort mit der Behandlung zu bew\u00e4ltigen.","robots":{"index":"index","follow":"follow","max-snippet":"max-snippet:-1","max-image-preview":"max-image-preview:large","max-video-preview":"max-video-preview:-1"},"canonical":"https:\/\/pku.biomarin.com\/de-de\/ihr-kind-und-pku\/","og_locale":"de_DE","og_type":"article","og_title":"Ihr Kind &amp; PKU - BioMarin PKU DSE Patient DE-DE","og_description":"Beginnen Sie mit gesunden Routinen, w\u00e4hrend Ihr Kind klein ist, und lassen Sie es von Ihrem Beispiel lernen. Dies kann Ihnen dabei helfen, Ihrem Kind beizubringen, wie es am besten mit seiner Phenylketonurie (PKU) umgeht \u2013 denn das wird zu seiner Aufgabe, wenn es \u00e4lter wird. Gewohnheiten stehen im Mittelpunkt von Wissen, F\u00e4higkeiten und Antrieb, denn die fr\u00fchzeitige Bildung von Gewohnheiten kann Ihnen und Ihrem Kind dabei helfen, Herausforderungen sofort mit der Behandlung zu bew\u00e4ltigen.","og_url":"https:\/\/pku.biomarin.com\/de-de\/ihr-kind-und-pku\/","og_site_name":"BioMarin PKU DSE Patient DE-DE","article_modified_time":"2025-02-11T13:23:32+00:00","twitter_card":"summary_large_image","schema":{"@context":"https:\/\/schema.org","@graph":[{"@type":"WebPage","@id":"https:\/\/pku.biomarin.com\/de-de\/ihr-kind-und-pku\/","url":"https:\/\/pku.biomarin.com\/de-de\/ihr-kind-und-pku\/","name":"Ihr Kind &amp; PKU - BioMarin PKU DSE Patient DE-DE","isPartOf":{"@id":"https:\/\/pku.biomarin.com\/de-de\/#website"},"datePublished":"2023-02-22T12:06:27+00:00","dateModified":"2025-02-11T13:23:32+00:00","description":"Beginnen Sie mit gesunden Routinen, w\u00e4hrend Ihr Kind klein ist, und lassen Sie es von Ihrem Beispiel lernen. Dies kann Ihnen dabei helfen, Ihrem Kind beizubringen, wie es am besten mit seiner Phenylketonurie (PKU) umgeht \u2013 denn das wird zu seiner Aufgabe, wenn es \u00e4lter wird. Gewohnheiten stehen im Mittelpunkt von Wissen, F\u00e4higkeiten und Antrieb, denn die fr\u00fchzeitige Bildung von Gewohnheiten kann Ihnen und Ihrem Kind dabei helfen, Herausforderungen sofort mit der Behandlung zu bew\u00e4ltigen.","breadcrumb":{"@id":"https:\/\/pku.biomarin.com\/de-de\/ihr-kind-und-pku\/#breadcrumb"},"inLanguage":"de","potentialAction":[{"@type":"ReadAction","target":["https:\/\/pku.biomarin.com\/de-de\/ihr-kind-und-pku\/"]}]},{"@type":"BreadcrumbList","@id":"https:\/\/pku.biomarin.com\/de-de\/ihr-kind-und-pku\/#breadcrumb","itemListElement":[{"@type":"ListItem","position":1,"name":"Home","item":"https:\/\/pku.biomarin.com\/de-de\/"},{"@type":"ListItem","position":2,"name":"Ihr Kind &amp; PKU"}]},{"@type":"WebSite","@id":"https:\/\/pku.biomarin.com\/de-de\/#website","url":"https:\/\/pku.biomarin.com\/de-de\/","name":"BioMarin PKU DSE Patient DE-DE","description":"","potentialAction":[{"@type":"SearchAction","target":{"@type":"EntryPoint","urlTemplate":"https:\/\/pku.biomarin.com\/de-de\/?s={search_term_string}"},"query-input":{"@type":"PropertyValueSpecification","valueRequired":true,"valueName":"search_term_string"}}],"inLanguage":"de"}]}},"_links":{"self":[{"href":"https:\/\/pku.biomarin.com\/de-de\/wp-json\/wp\/v2\/pages\/48","targetHints":{"allow":["GET"]}}],"collection":[{"href":"https:\/\/pku.biomarin.com\/de-de\/wp-json\/wp\/v2\/pages"}],"about":[{"href":"https:\/\/pku.biomarin.com\/de-de\/wp-json\/wp\/v2\/types\/page"}],"author":[{"embeddable":true,"href":"https:\/\/pku.biomarin.com\/de-de\/wp-json\/wp\/v2\/users\/3"}],"replies":[{"embeddable":true,"href":"https:\/\/pku.biomarin.com\/de-de\/wp-json\/wp\/v2\/comments?post=48"}],"version-history":[{"count":101,"href":"https:\/\/pku.biomarin.com\/de-de\/wp-json\/wp\/v2\/pages\/48\/revisions"}],"predecessor-version":[{"id":4714,"href":"https:\/\/pku.biomarin.com\/de-de\/wp-json\/wp\/v2\/pages\/48\/revisions\/4714"}],"wp:attachment":[{"href":"https:\/\/pku.biomarin.com\/de-de\/wp-json\/wp\/v2\/media?parent=48"}],"curies":[{"name":"wp","href":"https:\/\/api.w.org\/{rel}","templated":true}]}}