{"id":46,"date":"2023-02-22T12:05:48","date_gmt":"2023-02-22T12:05:48","guid":{"rendered":"https:\/\/pku.biomarin.com\/de-de\/?page_id=46"},"modified":"2025-02-11T13:22:44","modified_gmt":"2025-02-11T13:22:44","slug":"eltern-und-behandlungsteam","status":"publish","type":"page","link":"https:\/\/pku.biomarin.com\/de-de\/eltern-und-behandlungsteam\/","title":{"rendered":"Eltern &amp; Behandlungsteam"},"content":{"rendered":"<div id=\"acf-block-63f764fcaed81\" class=\"hero hero-no-overlay\">\n            <div class=\"hero-background-image hero-background-image-desktop\" style=\"background-image: url(https:\/\/pku.biomarin.com\/de-de\/wp-content\/uploads\/sites\/12\/2023\/03\/Group-110-scaled-e1678703759379-2000x435.jpg);\"><\/div>\n\t    <div class=\"hero-background-image hero-background-image-mobile\" style=\"background-image: url(https:\/\/pku.biomarin.com\/de-de\/wp-content\/uploads\/sites\/12\/2023\/02\/pku-balloon-hero-mobile-830x800.jpg);\"><\/div>\n    \t<div class=\"overlay\"><\/div>\n\t<div class=\"wrapper\">\n\t\t<div class=\"inner-wrapper\">\n\t\t\t<div class=\"hero-content\">\n\t\t\t    \t\t\t\t\t\t\t\t\t\t\t\t    <h1>Eltern &amp; Behandlungsteam\n<\/h1>\n\t\t\t\t\t\t\t\t\t\t\t\t\n                <p class=\"inline-buttons\">\n                                                        <\/p>\n\t\t\t\t\t\t\t<\/div>\n\t\t<\/div>\n\t<\/div>\n<\/div>\n\n\n<div id=\"acf-block-63f764fcaef11\" class=\"block wrapped-content block-tight-bottom\">\n    <div class=\"wrapper\">\n        <div class=\"inner-wrapper\">\n                \n<div id=\"acf-block-63f764fcaf002\" class=\"block-wysiwyg\">\n            <h2>Ein Gehirn, das sich noch in der Entwicklung befindet, muss unbedingt vor einem erh\u00f6hten Phe-Blutspiegel gesch\u00fctzt werden<\/h2>\n<p>Sie k\u00f6nnen Ihrem Kind helfen, die PKU unter Kontrolle zu halten, indem Sie auf eine Phe-arme Ern\u00e4hrung achten, andere Formen der Behandlung nutzen und regelm\u00e4\u00dfige Termine in einem PKU-Zentrum vereinbaren. Wenn der Phe-Blutspiegel auf einem angemessenen Niveau gehalten wird, k\u00f6nnen Kinder mit PKU ein gesundes Leben f\u00fchren. PKU-Experten empfehlen, innerhalb der ersten 10 Lebenstage mit der Behandlung zu beginnen und die Behandlung lebenslang fortzusetzen.<\/p>\n    <\/div>\n        <\/div>\n    <\/div>\n<\/div>\n\n<div id=\"acf-block-63f764fcaf1c9\" class=\"block cards cards-2-col block-tight-top block-tight-bottom\">\n\t<div class=\"wrapper\">\n\t\t<div class=\"inner-wrapper\">\n\t\t\t<div class=\"cards-title\">\n\t\t\t    \t\t\t\t\t\t\t<\/div>\n\t\t\t<div class=\"cards-wrapper\">\n\t\t\t    \n<div id=\"acf-block-63f764fcaf5c5\" class=\"card card-fixed-button\" data-muted-autoplay=\"false\">\n    \t    \n\n                    <img decoding=\"async\" class=\"card-image\" src=\"https:\/\/pku.biomarin.com\/de-de\/wp-content\/uploads\/sites\/12\/2023\/02\/CTAblock1_Kid1.jpg?v=0.85\" alt=\"\" \/>        \n\t    <div class=\"card-content\">\n                            <h4>Erfahren Sie, welche Behandlung f\u00fcr Kinder mit PKU empfohlen wird\n<\/h4>\n        \n                                                                                                                                                                                                                                                                                    \n                                                                                        <\/div>\n                                <div class=\"card-actions\">\n                            \n                            <p><a class=\"button button-arrow\" href=\"https:\/\/pku.biomarin.com\/de-de\/ihr-kind-und-pku\/\" target=\"_self\">Hilfe und Informationen zur PKU-Behandlung<\/a><\/p>\n                                                                                    <\/div>\n<\/div>\n\n<div id=\"acf-block-63f764fcaf643\" class=\"card card-fixed-button\" data-muted-autoplay=\"false\">\n    \t    \n\n                    <img decoding=\"async\" class=\"card-image\" src=\"https:\/\/pku.biomarin.com\/de-de\/wp-content\/uploads\/sites\/12\/2023\/02\/CTAblock1_Kid2.png?v=0.85\" alt=\"\" \/>        \n\t    <div class=\"card-content\">\n                            <h4>Holen Sie sich Unterst\u00fctzung bei der Behandlung der PKU im Alltag\n<\/h4>\n        \n                                                                                                                                                                                                                                                                                    \n                                                                                        <\/div>\n                                <div class=\"card-actions\">\n                            \n                            <p><a class=\"button button-arrow\" href=\"https:\/\/pku.biomarin.com\/de-de\/materialien-und-organisationen\/\" target=\"_self\">Materialien zur PKU-Behandlung herunterladen<\/a><\/p>\n                                                                                    <\/div>\n<\/div>\n\t\t\t<\/div>\n\t\t<\/div>\n\t<\/div>\n<\/div>\n\n<div id=\"acf-block-63f764fcb168d\" class=\"block split-content equal-bias bottom-border block-tight-top block-tight-bottom\" data-muted-autoplay=\"false\">\n\t<div class=\"wrapper\">\n\t\t<div class=\"inner-wrapper\">\n\t\t                                                                <div class=\"content-block first-block\">\n                                                                                                <h2>&#8222;Als ich von ihrer Krankheit erfahren habe, wusste ich nicht, was auf mich zukommt.&#8220;<\/h2>\n<p>So haben andere Familien mit PKU gelernt, wie<br \/>\nwichtig es ist, das Gehirn vor einem erh\u00f6hten Phe-<br \/>\nBlutspiegel zu sch\u00fctzen.<\/p>\n                                                                                    <\/div>\n                    \n                                            <div class=\"content-block second-block\">\n                                                                                                                                                                                                                                                <div class=\"video-poster\">\n\t\t\t                            <a class=\"modal-video permitted\" href=\"https:\/\/player.vimeo.com\/video\/665639841\" style=\"background-image: url(https:\/\/pku.biomarin.com\/de-de\/wp-content\/uploads\/sites\/12\/2023\/02\/joy-rvs.jpg?v=0.85);\">Play<\/a>\n\t\t                            <\/div> \n                                    \n                                                                                                                    \n                                                                                                                                                   \n                                    \n\t\t                                                                            <\/div>\n                                                \t\t<\/div>\n\t<\/div>\n<\/div>\n\n<div id=\"acf-block-63f7673f15677\" class=\"block cards cards-3-col block-tight-top\">\n\t<div class=\"wrapper\">\n\t\t<div class=\"inner-wrapper\">\n\t\t\t<div class=\"cards-title\">\n\t\t\t    \t\t\t\t\t\t\t<\/div>\n\t\t\t<div class=\"cards-wrapper\">\n\t\t\t    \n<div id=\"acf-block-64fa396d637fe\" class=\"card card-fixed-button\" data-muted-autoplay=\"false\">\n    \t    \n\n                    <img decoding=\"async\" class=\"card-image\" src=\"https:\/\/pku.biomarin.com\/de-de\/wp-content\/uploads\/sites\/12\/2024\/01\/doctor_icon_3.png?v=0.85\" alt=\"\" \/>        \n\t    <div class=\"card-content\">\n                            <h4>Wie Sie Ihren Phe-Blutspiegel niedrig halten k\u00f6nnen\n<\/h4>\n        \n                                                                                                                                                                                                                                                                                    \n                                                                                        <\/div>\n                                <div class=\"card-actions\">\n                            \n                            <p><a class=\"button button-arrow\" href=\"https:\/\/pku.biomarin.com\/de-de\/behandlung-der-pku\/\" target=\"_self\">Behandlung der PKU<\/a><\/p>\n                                                                                    <\/div>\n<\/div>\n\n<div id=\"acf-block-63f7673f15b2c\" class=\"card card-fixed-button\" data-muted-autoplay=\"false\">\n    \t    \n\n                    <img decoding=\"async\" class=\"card-image\" src=\"https:\/\/pku.biomarin.com\/de-de\/wp-content\/uploads\/sites\/12\/2024\/01\/friendly_meals.png?v=0.85\" alt=\"\" \/>        \n\t    <div class=\"card-content\">\n                            <h4>Verleihen Sie Ihrem PKU-Speiseplan mit k\u00f6stlichen Rezepten neue W\u00fcrze\n<\/h4>\n        \n                                                                                                                                                                                                                                                                                                                                                                                    \n                                                                                        <\/div>\n                                <div class=\"card-actions\">\n                            \n                            <p><a class=\"button button-arrow\" href=\"https:\/\/pku.biomarin.com\/de-de\/rezepte\/\" target=\"_self\">Phe-arme Rezepte entdecken<\/a><\/p>\n                                                                                    <\/div>\n<\/div>\n\n<div id=\"acf-block-65bcfbe9e0347\" class=\"card card-fixed-button\" data-muted-autoplay=\"false\">\n    \t    \n\n                    <img decoding=\"async\" class=\"card-image\" src=\"https:\/\/pku.biomarin.com\/de-de\/wp-content\/uploads\/sites\/12\/2023\/04\/meet_families.png?v=0.85\" alt=\"Meet Other Families\" \/>        \n\t    <div class=\"card-content\">\n                            <h4>Wie wirkt sich die PKU auf das Leben Ihres Kindes aus?\n<\/h4>\n        \n                                                                                                                                                                                                                                                                                    \n                                                                                        <\/div>\n                                <div class=\"card-actions\">\n                            \n                            <p><a class=\"button button-arrow\" href=\"https:\/\/pku.biomarin.com\/de-de\/beurteilung-der-pku\/\" target=\"_self\">zum Fragebogen<\/a><\/p>\n                                                                                    <\/div>\n<\/div>\n\t\t\t<\/div>\n\t\t<\/div>\n\t<\/div>\n<\/div>","protected":false},"excerpt":{"rendered":"","protected":false},"author":3,"featured_media":0,"parent":0,"menu_order":0,"comment_status":"closed","ping_status":"closed","template":"","meta":{"_acf_changed":false,"inline_featured_image":false,"footnotes":""},"class_list":["post-46","page","type-page","status-publish","hentry"],"acf":[],"yoast_head":"<!-- This site is optimized with the Yoast SEO plugin v27.4 - https:\/\/yoast.com\/product\/yoast-seo-wordpress\/ -->\n<title>Eltern &amp; Behandlungsteam - BioMarin PKU DSE Patient DE-DE<\/title>\n<meta name=\"description\" content=\"Sch\u00fctzen Sie ein sich entwickelndes Gehirn vor einem hohen Phenylalaninspiegel (Phe) im Blut. Helfen Sie Ihrem Angeh\u00f6rigen, mit Phenylketonurie (PKU) umzugehen, indem Sie eine Di\u00e4t mit niedrigem Phe-Gehalt und regelm\u00e4\u00dfige Besuche in einer PKU-Klinik einhalten. Bei richtiger Kontrolle des Phe-Spiegels im Blut kann ein Kind mit PKU ein gesundes Leben f\u00fchren. PKU-Experten empfehlen, mit der Behandlung bereits in der ersten Lebenswoche zu beginnen, alle verf\u00fcgbaren Optionen zu nutzen und die Behandlung ein Leben lang fortzusetzen.\" \/>\n<meta name=\"robots\" content=\"index, follow, max-snippet:-1, max-image-preview:large, max-video-preview:-1\" \/>\n<link rel=\"canonical\" href=\"https:\/\/pku.biomarin.com\/de-de\/eltern-und-behandlungsteam\/\" \/>\n<meta property=\"og:locale\" content=\"de_DE\" \/>\n<meta property=\"og:type\" content=\"article\" \/>\n<meta property=\"og:title\" content=\"Eltern &amp; Behandlungsteam - BioMarin PKU DSE Patient DE-DE\" \/>\n<meta property=\"og:description\" content=\"Sch\u00fctzen Sie ein sich entwickelndes Gehirn vor einem hohen Phenylalaninspiegel (Phe) im Blut. Helfen Sie Ihrem Angeh\u00f6rigen, mit Phenylketonurie (PKU) umzugehen, indem Sie eine Di\u00e4t mit niedrigem Phe-Gehalt und regelm\u00e4\u00dfige Besuche in einer PKU-Klinik einhalten. Bei richtiger Kontrolle des Phe-Spiegels im Blut kann ein Kind mit PKU ein gesundes Leben f\u00fchren. PKU-Experten empfehlen, mit der Behandlung bereits in der ersten Lebenswoche zu beginnen, alle verf\u00fcgbaren Optionen zu nutzen und die Behandlung ein Leben lang fortzusetzen.\" \/>\n<meta property=\"og:url\" content=\"https:\/\/pku.biomarin.com\/de-de\/eltern-und-behandlungsteam\/\" \/>\n<meta property=\"og:site_name\" content=\"BioMarin PKU DSE Patient DE-DE\" \/>\n<meta property=\"article:modified_time\" content=\"2025-02-11T13:22:44+00:00\" \/>\n<meta name=\"twitter:card\" content=\"summary_large_image\" \/>\n<script type=\"application\/ld+json\" class=\"yoast-schema-graph\">{\"@context\":\"https:\\\/\\\/schema.org\",\"@graph\":[{\"@type\":\"WebPage\",\"@id\":\"https:\\\/\\\/pku.biomarin.com\\\/de-de\\\/eltern-und-behandlungsteam\\\/\",\"url\":\"https:\\\/\\\/pku.biomarin.com\\\/de-de\\\/eltern-und-behandlungsteam\\\/\",\"name\":\"Eltern &amp; Behandlungsteam - BioMarin PKU DSE Patient DE-DE\",\"isPartOf\":{\"@id\":\"https:\\\/\\\/pku.biomarin.com\\\/de-de\\\/#website\"},\"datePublished\":\"2023-02-22T12:05:48+00:00\",\"dateModified\":\"2025-02-11T13:22:44+00:00\",\"description\":\"Sch\u00fctzen Sie ein sich entwickelndes Gehirn vor einem hohen Phenylalaninspiegel (Phe) im Blut. Helfen Sie Ihrem Angeh\u00f6rigen, mit Phenylketonurie (PKU) umzugehen, indem Sie eine Di\u00e4t mit niedrigem Phe-Gehalt und regelm\u00e4\u00dfige Besuche in einer PKU-Klinik einhalten. Bei richtiger Kontrolle des Phe-Spiegels im Blut kann ein Kind mit PKU ein gesundes Leben f\u00fchren. PKU-Experten empfehlen, mit der Behandlung bereits in der ersten Lebenswoche zu beginnen, alle verf\u00fcgbaren Optionen zu nutzen und die Behandlung ein Leben lang fortzusetzen.\",\"breadcrumb\":{\"@id\":\"https:\\\/\\\/pku.biomarin.com\\\/de-de\\\/eltern-und-behandlungsteam\\\/#breadcrumb\"},\"inLanguage\":\"de\",\"potentialAction\":[{\"@type\":\"ReadAction\",\"target\":[\"https:\\\/\\\/pku.biomarin.com\\\/de-de\\\/eltern-und-behandlungsteam\\\/\"]}]},{\"@type\":\"BreadcrumbList\",\"@id\":\"https:\\\/\\\/pku.biomarin.com\\\/de-de\\\/eltern-und-behandlungsteam\\\/#breadcrumb\",\"itemListElement\":[{\"@type\":\"ListItem\",\"position\":1,\"name\":\"Home\",\"item\":\"https:\\\/\\\/pku.biomarin.com\\\/de-de\\\/\"},{\"@type\":\"ListItem\",\"position\":2,\"name\":\"Eltern &amp; Behandlungsteam\"}]},{\"@type\":\"WebSite\",\"@id\":\"https:\\\/\\\/pku.biomarin.com\\\/de-de\\\/#website\",\"url\":\"https:\\\/\\\/pku.biomarin.com\\\/de-de\\\/\",\"name\":\"BioMarin PKU DSE Patient DE-DE\",\"description\":\"\",\"potentialAction\":[{\"@type\":\"SearchAction\",\"target\":{\"@type\":\"EntryPoint\",\"urlTemplate\":\"https:\\\/\\\/pku.biomarin.com\\\/de-de\\\/?s={search_term_string}\"},\"query-input\":{\"@type\":\"PropertyValueSpecification\",\"valueRequired\":true,\"valueName\":\"search_term_string\"}}],\"inLanguage\":\"de\"}]}<\/script>\n<!-- \/ Yoast SEO plugin. -->","yoast_head_json":{"title":"Eltern &amp; Behandlungsteam - BioMarin PKU DSE Patient DE-DE","description":"Sch\u00fctzen Sie ein sich entwickelndes Gehirn vor einem hohen Phenylalaninspiegel (Phe) im Blut. Helfen Sie Ihrem Angeh\u00f6rigen, mit Phenylketonurie (PKU) umzugehen, indem Sie eine Di\u00e4t mit niedrigem Phe-Gehalt und regelm\u00e4\u00dfige Besuche in einer PKU-Klinik einhalten. Bei richtiger Kontrolle des Phe-Spiegels im Blut kann ein Kind mit PKU ein gesundes Leben f\u00fchren. PKU-Experten empfehlen, mit der Behandlung bereits in der ersten Lebenswoche zu beginnen, alle verf\u00fcgbaren Optionen zu nutzen und die Behandlung ein Leben lang fortzusetzen.","robots":{"index":"index","follow":"follow","max-snippet":"max-snippet:-1","max-image-preview":"max-image-preview:large","max-video-preview":"max-video-preview:-1"},"canonical":"https:\/\/pku.biomarin.com\/de-de\/eltern-und-behandlungsteam\/","og_locale":"de_DE","og_type":"article","og_title":"Eltern &amp; Behandlungsteam - BioMarin PKU DSE Patient DE-DE","og_description":"Sch\u00fctzen Sie ein sich entwickelndes Gehirn vor einem hohen Phenylalaninspiegel (Phe) im Blut. Helfen Sie Ihrem Angeh\u00f6rigen, mit Phenylketonurie (PKU) umzugehen, indem Sie eine Di\u00e4t mit niedrigem Phe-Gehalt und regelm\u00e4\u00dfige Besuche in einer PKU-Klinik einhalten. Bei richtiger Kontrolle des Phe-Spiegels im Blut kann ein Kind mit PKU ein gesundes Leben f\u00fchren. PKU-Experten empfehlen, mit der Behandlung bereits in der ersten Lebenswoche zu beginnen, alle verf\u00fcgbaren Optionen zu nutzen und die Behandlung ein Leben lang fortzusetzen.","og_url":"https:\/\/pku.biomarin.com\/de-de\/eltern-und-behandlungsteam\/","og_site_name":"BioMarin PKU DSE Patient DE-DE","article_modified_time":"2025-02-11T13:22:44+00:00","twitter_card":"summary_large_image","schema":{"@context":"https:\/\/schema.org","@graph":[{"@type":"WebPage","@id":"https:\/\/pku.biomarin.com\/de-de\/eltern-und-behandlungsteam\/","url":"https:\/\/pku.biomarin.com\/de-de\/eltern-und-behandlungsteam\/","name":"Eltern &amp; Behandlungsteam - BioMarin PKU DSE Patient DE-DE","isPartOf":{"@id":"https:\/\/pku.biomarin.com\/de-de\/#website"},"datePublished":"2023-02-22T12:05:48+00:00","dateModified":"2025-02-11T13:22:44+00:00","description":"Sch\u00fctzen Sie ein sich entwickelndes Gehirn vor einem hohen Phenylalaninspiegel (Phe) im Blut. Helfen Sie Ihrem Angeh\u00f6rigen, mit Phenylketonurie (PKU) umzugehen, indem Sie eine Di\u00e4t mit niedrigem Phe-Gehalt und regelm\u00e4\u00dfige Besuche in einer PKU-Klinik einhalten. Bei richtiger Kontrolle des Phe-Spiegels im Blut kann ein Kind mit PKU ein gesundes Leben f\u00fchren. PKU-Experten empfehlen, mit der Behandlung bereits in der ersten Lebenswoche zu beginnen, alle verf\u00fcgbaren Optionen zu nutzen und die Behandlung ein Leben lang fortzusetzen.","breadcrumb":{"@id":"https:\/\/pku.biomarin.com\/de-de\/eltern-und-behandlungsteam\/#breadcrumb"},"inLanguage":"de","potentialAction":[{"@type":"ReadAction","target":["https:\/\/pku.biomarin.com\/de-de\/eltern-und-behandlungsteam\/"]}]},{"@type":"BreadcrumbList","@id":"https:\/\/pku.biomarin.com\/de-de\/eltern-und-behandlungsteam\/#breadcrumb","itemListElement":[{"@type":"ListItem","position":1,"name":"Home","item":"https:\/\/pku.biomarin.com\/de-de\/"},{"@type":"ListItem","position":2,"name":"Eltern &amp; Behandlungsteam"}]},{"@type":"WebSite","@id":"https:\/\/pku.biomarin.com\/de-de\/#website","url":"https:\/\/pku.biomarin.com\/de-de\/","name":"BioMarin PKU DSE Patient DE-DE","description":"","potentialAction":[{"@type":"SearchAction","target":{"@type":"EntryPoint","urlTemplate":"https:\/\/pku.biomarin.com\/de-de\/?s={search_term_string}"},"query-input":{"@type":"PropertyValueSpecification","valueRequired":true,"valueName":"search_term_string"}}],"inLanguage":"de"}]}},"_links":{"self":[{"href":"https:\/\/pku.biomarin.com\/de-de\/wp-json\/wp\/v2\/pages\/46","targetHints":{"allow":["GET"]}}],"collection":[{"href":"https:\/\/pku.biomarin.com\/de-de\/wp-json\/wp\/v2\/pages"}],"about":[{"href":"https:\/\/pku.biomarin.com\/de-de\/wp-json\/wp\/v2\/types\/page"}],"author":[{"embeddable":true,"href":"https:\/\/pku.biomarin.com\/de-de\/wp-json\/wp\/v2\/users\/3"}],"replies":[{"embeddable":true,"href":"https:\/\/pku.biomarin.com\/de-de\/wp-json\/wp\/v2\/comments?post=46"}],"version-history":[{"count":132,"href":"https:\/\/pku.biomarin.com\/de-de\/wp-json\/wp\/v2\/pages\/46\/revisions"}],"predecessor-version":[{"id":4713,"href":"https:\/\/pku.biomarin.com\/de-de\/wp-json\/wp\/v2\/pages\/46\/revisions\/4713"}],"wp:attachment":[{"href":"https:\/\/pku.biomarin.com\/de-de\/wp-json\/wp\/v2\/media?parent=46"}],"curies":[{"name":"wp","href":"https:\/\/api.w.org\/{rel}","templated":true}]}}