{"id":4560,"date":"2024-05-24T08:51:40","date_gmt":"2024-05-24T08:51:40","guid":{"rendered":"https:\/\/pku.biomarin.com\/de-de\/?page_id=4560"},"modified":"2025-11-16T20:47:32","modified_gmt":"2025-11-16T20:47:32","slug":"impressum","status":"publish","type":"page","link":"https:\/\/pku.biomarin.com\/de-de\/impressum\/","title":{"rendered":"Impressum"},"content":{"rendered":"<div id=\"acf-block-6650551cad08c\" class=\"block wrapped-content\">\n    <div class=\"wrapper\">\n        <div class=\"inner-wrapper\">\n                \n<div id=\"acf-block-6650551cad3c6\" class=\"block-wysiwyg\">\n            <h1>Impressum<\/h1>\n<h3>Herausgeber:<\/h3>\n<p>BioMarin Deutschland GmbH<br \/>\nWesterbachstra\u00dfe 28<br \/>\n61476 Kronberg (Ts.)<\/p>\n<p>Tel. +49 (0)6173 98 90 100<br \/>\nFax +49 (0)6173 98 90 109<br \/>\n<a href=\"http:\/\/www.biomarin.eu\">www.biomarin.eu<\/a><\/p>\n<p>Gesch\u00e4ftsf\u00fchrer: Richard Morris, Fabian F\u00fcllbier, Eric Davis, Brian Keogh<\/p>\n<p>Amtsgericht Frankfurt \u2013 Registergericht \u2013 HRB 95536<\/p>\n<p>Umsatzsteuernummer: DE293701259<\/p>\n<p>&nbsp;<\/p>\n<p>&nbsp;<\/p>\n<p>&nbsp;<\/p>\n    <\/div>\n        <\/div>\n    <\/div>\n<\/div>","protected":false},"excerpt":{"rendered":"","protected":false},"author":2,"featured_media":0,"parent":0,"menu_order":0,"comment_status":"closed","ping_status":"closed","template":"","meta":{"_acf_changed":false,"inline_featured_image":false,"footnotes":""},"class_list":["post-4560","page","type-page","status-publish","hentry"],"acf":[],"yoast_head":"<!-- This site is optimized with the Yoast SEO plugin v27.4 - https:\/\/yoast.com\/product\/yoast-seo-wordpress\/ -->\n<title>Impressum - BioMarin PKU DSE Patient DE-DE<\/title>\n<meta name=\"robots\" content=\"index, follow, max-snippet:-1, max-image-preview:large, max-video-preview:-1\" \/>\n<link rel=\"canonical\" href=\"https:\/\/pku.biomarin.com\/de-de\/impressum\/\" \/>\n<meta property=\"og:locale\" content=\"de_DE\" \/>\n<meta property=\"og:type\" content=\"article\" \/>\n<meta property=\"og:title\" content=\"Impressum - BioMarin PKU DSE Patient DE-DE\" \/>\n<meta property=\"og:url\" content=\"https:\/\/pku.biomarin.com\/de-de\/impressum\/\" \/>\n<meta property=\"og:site_name\" content=\"BioMarin PKU DSE Patient DE-DE\" \/>\n<meta property=\"article:modified_time\" content=\"2025-11-16T20:47:32+00:00\" \/>\n<meta name=\"twitter:card\" content=\"summary_large_image\" \/>\n<script type=\"application\/ld+json\" class=\"yoast-schema-graph\">{\"@context\":\"https:\\\/\\\/schema.org\",\"@graph\":[{\"@type\":\"WebPage\",\"@id\":\"https:\\\/\\\/pku.biomarin.com\\\/de-de\\\/impressum\\\/\",\"url\":\"https:\\\/\\\/pku.biomarin.com\\\/de-de\\\/impressum\\\/\",\"name\":\"Impressum - BioMarin PKU DSE Patient DE-DE\",\"isPartOf\":{\"@id\":\"https:\\\/\\\/pku.biomarin.com\\\/de-de\\\/#website\"},\"datePublished\":\"2024-05-24T08:51:40+00:00\",\"dateModified\":\"2025-11-16T20:47:32+00:00\",\"breadcrumb\":{\"@id\":\"https:\\\/\\\/pku.biomarin.com\\\/de-de\\\/impressum\\\/#breadcrumb\"},\"inLanguage\":\"de\",\"potentialAction\":[{\"@type\":\"ReadAction\",\"target\":[\"https:\\\/\\\/pku.biomarin.com\\\/de-de\\\/impressum\\\/\"]}]},{\"@type\":\"BreadcrumbList\",\"@id\":\"https:\\\/\\\/pku.biomarin.com\\\/de-de\\\/impressum\\\/#breadcrumb\",\"itemListElement\":[{\"@type\":\"ListItem\",\"position\":1,\"name\":\"Home\",\"item\":\"https:\\\/\\\/pku.biomarin.com\\\/de-de\\\/\"},{\"@type\":\"ListItem\",\"position\":2,\"name\":\"Impressum\"}]},{\"@type\":\"WebSite\",\"@id\":\"https:\\\/\\\/pku.biomarin.com\\\/de-de\\\/#website\",\"url\":\"https:\\\/\\\/pku.biomarin.com\\\/de-de\\\/\",\"name\":\"BioMarin PKU DSE Patient DE-DE\",\"description\":\"\",\"potentialAction\":[{\"@type\":\"SearchAction\",\"target\":{\"@type\":\"EntryPoint\",\"urlTemplate\":\"https:\\\/\\\/pku.biomarin.com\\\/de-de\\\/?s={search_term_string}\"},\"query-input\":{\"@type\":\"PropertyValueSpecification\",\"valueRequired\":true,\"valueName\":\"search_term_string\"}}],\"inLanguage\":\"de\"}]}<\/script>\n<!-- \/ Yoast SEO plugin. -->","yoast_head_json":{"title":"Impressum - BioMarin PKU DSE Patient DE-DE","robots":{"index":"index","follow":"follow","max-snippet":"max-snippet:-1","max-image-preview":"max-image-preview:large","max-video-preview":"max-video-preview:-1"},"canonical":"https:\/\/pku.biomarin.com\/de-de\/impressum\/","og_locale":"de_DE","og_type":"article","og_title":"Impressum - BioMarin PKU DSE Patient DE-DE","og_url":"https:\/\/pku.biomarin.com\/de-de\/impressum\/","og_site_name":"BioMarin PKU DSE Patient DE-DE","article_modified_time":"2025-11-16T20:47:32+00:00","twitter_card":"summary_large_image","schema":{"@context":"https:\/\/schema.org","@graph":[{"@type":"WebPage","@id":"https:\/\/pku.biomarin.com\/de-de\/impressum\/","url":"https:\/\/pku.biomarin.com\/de-de\/impressum\/","name":"Impressum - BioMarin PKU DSE Patient DE-DE","isPartOf":{"@id":"https:\/\/pku.biomarin.com\/de-de\/#website"},"datePublished":"2024-05-24T08:51:40+00:00","dateModified":"2025-11-16T20:47:32+00:00","breadcrumb":{"@id":"https:\/\/pku.biomarin.com\/de-de\/impressum\/#breadcrumb"},"inLanguage":"de","potentialAction":[{"@type":"ReadAction","target":["https:\/\/pku.biomarin.com\/de-de\/impressum\/"]}]},{"@type":"BreadcrumbList","@id":"https:\/\/pku.biomarin.com\/de-de\/impressum\/#breadcrumb","itemListElement":[{"@type":"ListItem","position":1,"name":"Home","item":"https:\/\/pku.biomarin.com\/de-de\/"},{"@type":"ListItem","position":2,"name":"Impressum"}]},{"@type":"WebSite","@id":"https:\/\/pku.biomarin.com\/de-de\/#website","url":"https:\/\/pku.biomarin.com\/de-de\/","name":"BioMarin PKU DSE Patient DE-DE","description":"","potentialAction":[{"@type":"SearchAction","target":{"@type":"EntryPoint","urlTemplate":"https:\/\/pku.biomarin.com\/de-de\/?s={search_term_string}"},"query-input":{"@type":"PropertyValueSpecification","valueRequired":true,"valueName":"search_term_string"}}],"inLanguage":"de"}]}},"_links":{"self":[{"href":"https:\/\/pku.biomarin.com\/de-de\/wp-json\/wp\/v2\/pages\/4560","targetHints":{"allow":["GET"]}}],"collection":[{"href":"https:\/\/pku.biomarin.com\/de-de\/wp-json\/wp\/v2\/pages"}],"about":[{"href":"https:\/\/pku.biomarin.com\/de-de\/wp-json\/wp\/v2\/types\/page"}],"author":[{"embeddable":true,"href":"https:\/\/pku.biomarin.com\/de-de\/wp-json\/wp\/v2\/users\/2"}],"replies":[{"embeddable":true,"href":"https:\/\/pku.biomarin.com\/de-de\/wp-json\/wp\/v2\/comments?post=4560"}],"version-history":[{"count":4,"href":"https:\/\/pku.biomarin.com\/de-de\/wp-json\/wp\/v2\/pages\/4560\/revisions"}],"predecessor-version":[{"id":4729,"href":"https:\/\/pku.biomarin.com\/de-de\/wp-json\/wp\/v2\/pages\/4560\/revisions\/4729"}],"wp:attachment":[{"href":"https:\/\/pku.biomarin.com\/de-de\/wp-json\/wp\/v2\/media?parent=4560"}],"curies":[{"name":"wp","href":"https:\/\/api.w.org\/{rel}","templated":true}]}}