{"id":40,"date":"2023-02-22T12:02:24","date_gmt":"2023-02-22T12:02:24","guid":{"rendered":"https:\/\/pku.biomarin.com\/de-de\/?page_id=40"},"modified":"2025-02-11T12:41:41","modified_gmt":"2025-02-11T12:41:41","slug":"behandlung-der-pku","status":"publish","type":"page","link":"https:\/\/pku.biomarin.com\/de-de\/behandlung-der-pku\/","title":{"rendered":"Behandlung der PKU"},"content":{"rendered":"<div id=\"acf-block-63f64ed07c407\" class=\"hero hero-no-overlay hero-large-first-para\">\n            <div class=\"hero-background-image hero-background-image-desktop\" style=\"background-image: url(https:\/\/pku.biomarin.com\/de-de\/wp-content\/uploads\/sites\/12\/2023\/03\/Group-110-scaled-e1678703759379-2000x435.jpg);\"><\/div>\n\t    <div class=\"hero-background-image hero-background-image-mobile\" style=\"background-image: url(https:\/\/pku.biomarin.com\/de-de\/wp-content\/uploads\/sites\/12\/2023\/02\/pku-balloon-hero-mobile-830x800.jpg);\"><\/div>\n    \t<div class=\"overlay\"><\/div>\n\t<div class=\"wrapper\">\n\t\t<div class=\"inner-wrapper\">\n\t\t\t<div class=\"hero-content\">\n\t\t\t    \t\t\t\t\t\t\t\t\t\t\t\t    <h1>Behandlung der PKU\n<\/h1>\n\t\t\t\t\t\t\t\t\t\t\t\t\n                <p class=\"inline-buttons\">\n                                                        <\/p>\n\t\t\t\t\t\t\t<\/div>\n\t\t<\/div>\n\t<\/div>\n<\/div>\n\n\n<div id=\"acf-block-63f64ed07c65e\" class=\"block wrapped-content block-tight-bottom\">\n    <div class=\"wrapper\">\n        <div class=\"inner-wrapper\">\n                \n<div id=\"acf-block-63f64ed07c7b8\" class=\"block-wysiwyg\">\n            <h2>Viele Symptome der PKU k\u00f6nnen Sie verhindern, indem Sie auf Ihre Ern\u00e4hrung achten<\/h2>\n<p>Es ist nicht leicht eine PKU-Di\u00e4t durchzuhalten, doch zum Schutz Ihres Gehirns ist sie unverzichtbar. Denn wenn sich Phe in Ihrem Gehirn in sch\u00e4dlichen Mengen anreichert, k\u00f6nnen k\u00f6rperliche Ver\u00e4nderungen die Folge sein, die zu St\u00f6rungen der Hirnfunktion und Verhaltensauff\u00e4lligkeiten f\u00fchren.<\/p>\n<p>Manche Symptome sind von bleibender Dauer, doch viele bessern sich, wenn der Phe-Blutspiegel wieder unter Kontrolle gebracht wird.<\/p>\n    <\/div>\n        <\/div>\n    <\/div>\n<\/div>\n\n<div id=\"acf-block-64fa16cce4087\" class=\"block split-content equal-bias\" data-muted-autoplay=\"false\">\n\t<div class=\"wrapper\">\n\t\t<div class=\"inner-wrapper\">\n\t\t                                                                <div class=\"content-block first-block\">\n                                                                                                                                                                                                                                                                                    \n                                    \n                                                                                                                \n                                    \n                                    <figure>\n                                        <div class=\"image image-rounded\">\n                                                                                            <img decoding=\"async\" class=\"\" src=\"https:\/\/pku.biomarin.com\/de-de\/wp-content\/uploads\/sites\/12\/2023\/04\/Foodyoueat.png?v=0.85\" alt=\"Vegetables on a table top\" \/>                                                                                    <\/div>\n                                                                            <\/figure>\n                                                                                    <\/div>\n                    \n                                            <div class=\"content-block second-block\">\n                                                                                                <h3>In der Vergangenheit haben Sie vielleicht etwas anderes geh\u00f6rt, doch heute sind sich Experten einig, dass die PKU lebenslang behandelt werden muss<\/h3>\n<p><strong>Fr\u00fchzeitig mit der PKU-Behandlung beginnen.<\/strong> Die PKU-Behandlung sollte innerhalb von 10 Tagen nach der Geburt begonnen werden.<\/p>\n<p><strong>PKU lebenslang behandeln.<\/strong> Die PKU ist eine lebenslange Erkrankung, die eine lebenslange Behandlung erfordert.<\/p>\n                                                                                    <\/div>\n                                                \t\t<\/div>\n\t<\/div>\n<\/div>\n\n<div id=\"acf-block-63f64ed07c808\" class=\"block wrapped-content block-tight-top\">\n    <div class=\"wrapper\">\n        <div class=\"inner-wrapper\">\n                \n<div id=\"acf-block-63f64ed07c831\" class=\"block-wysiwyg\">\n            <h2>Die Folgen eines erh\u00f6hten oder instabilen Phe-Blutspiegels lassen sich behandeln und die Symptome in einigen F\u00e4llen bessern<\/h2>\n    <\/div>\n        <\/div>\n    <\/div>\n<\/div>\n\n<div id=\"acf-block-63f75a01106ea\" class=\"block boxed-content block-tight-top block-tight-bottom boxed-content-alt\">\n\t<div class=\"wrapper\">\n\t\t<div class=\"inner-wrapper\">\n\t\t\t<div class=\"box\">\n\t\t\t\t\t\t\t\t\n<div id=\"acf-block-64fa1a1b55108\" class=\"image-text-block content-align-center bottom-border\">\n            <div class=\"image-block medium\">\n            <figure>\n                <div class=\"image image-rounded\">\n                    <img decoding=\"async\" class=\"\" src=\"https:\/\/pku.biomarin.com\/de-de\/wp-content\/uploads\/sites\/12\/2023\/03\/stopwatch-2.svg\" alt=\"Monitor PHU Levels icon\" \/>                <\/div>\n            <\/figure>\n        <\/div>\n        <div class=\"content-block\">\n                            <h4><strong>Beginnen Sie damit, Ihren Phe-Blutspiegel zu \u00fcberwachen<\/strong><\/h4>\n                                            <p><a class=\"button button-text button-arrow\" href=\"https:\/\/pku.biomarin.com\/de-de\/wp-content\/uploads\/sites\/12\/2024\/08\/73033161-BM-PKU-How-to-track-your-Phe-intake-download-A4-AW.pdf?v=0.85\" target=\"_blank\">Laden Sie sich das Informationsblatt zur Phe-\u00dcberwachung herunter und probieren Sie es aus<\/a><\/p>\n                        <\/div>\n<\/div>\n\n<div id=\"acf-block-63f75a0111ae8\" class=\"image-text-block content-align-center\">\n            <div class=\"image-block medium\">\n            <figure>\n                <div class=\"image image-rounded\">\n                    <img decoding=\"async\" class=\"\" src=\"https:\/\/pku.biomarin.com\/de-de\/wp-content\/uploads\/sites\/12\/2023\/03\/Speech-bubble-icon-2.svg\" alt=\"Speech bubble icon\" \/>                <\/div>\n            <\/figure>\n        <\/div>\n        <div class=\"content-block\">\n                            <h4><strong>F\u00fchren Sie ein offenes Gespr\u00e4ch mit Ihrem Behandlungsteam<\/strong><\/h4>\n                                            <p><a class=\"button button-text button-arrow\" href=\"https:\/\/pku.biomarin.com\/de-de\/wp-content\/uploads\/sites\/12\/2024\/08\/73033161-BM-PKU_Doctor-Discussion-Guide-A4-AW.pdf?v=0.85\" target=\"_blank\">Probieren Sie diesen Gespr\u00e4chsleitfaden aus, um die Unterhaltung mit Ihrem Arzt\/Ihrer \u00c4rztin effektiver zu gestalten<\/a><\/p>\n                        <\/div>\n<\/div>\n\t\t\t<\/div>\n\t\t<\/div>\n\t<\/div>\n<\/div>\n\n<div id=\"acf-block-64fa2c7e29ffc\" class=\"block call-to-action call-to-action-no-overlay block-tight-top\">\n    <div class=\"wrapper\">\n\t\t<div class=\"inner-wrapper\">\n\t\t\t<div class=\"box\" style=\"background-image: url(https:\/\/pku.biomarin.com\/de-de\/wp-content\/uploads\/sites\/12\/2024\/01\/1.3_Desktop_Callout.jpg?v=0.85);\">\n\t\t\t\t<div class=\"overlay\"><\/div>\n\t\t\t\t<div class=\"cta-content\">\n\t\t\t\t    \t\t\t\t\t<div class=\"cta-content-main\">\n                        <div class=\"content-block\">\n\t\t\t\t\t        \t\t\t\t\t        \t\t\t\t\t\t        <h2 class=\"h3\">Mit einer Phe-armen Ern\u00e4hrung und anderen Formen<br \/>\nder Behandlung k\u00f6nnen Sie Ihren Phe-Spiegel niedrig<br \/>\nund stabil halten\n<\/h2>\n\t\t\t\t\t\t    \t\t\t\t\t\t    \t\t\t\t\t\t        <p>Experten empfehlen, den Phe-Spiegel im Blut bei Kindern unter 12 Jahren<br \/>\nund Schwangeren zwischen 120 und 360 \u00b5mol\/l ( 2 &#8211; 6 mg\/dl ) und bei Personen<br \/>\n\u00fcber 12 Jahren zwischen 120 und 600 \u00b5mol\/l ( 2 &#8211; 10 mg\/dl) zu halten.<br \/>\nJede Person mit PKU ist anders. Ihr Behandlungsteam wird Ihnen helfen,<br \/>\nIhren pers\u00f6nlichen Zielbereich zu ermitteln.<\/p>\n\t\t\t\t\t\t    \t\t\t\t\t    <\/div>\n\t\t\t\t\t                        <\/div>\n\t\t\t\t<\/div>\n\t\t\t<\/div>\n\t\t<\/div>\n\t<\/div>\n<\/div>\n\n<div id=\"acf-block-64fa1c9de2896\" class=\"block boxed-content top-border block-tight-top boxed-content-white\">\n\t<div class=\"wrapper\">\n\t\t<div class=\"inner-wrapper\">\n\t\t\t<div class=\"box\">\n\t\t\t\t\t\t\t\t\n<div id=\"acf-block-64fa1c9de2975\" class=\"image-text-block content-align-center\">\n            <div class=\"image-block medium\">\n            <figure>\n                <div class=\"image image-rounded\">\n                    <img decoding=\"async\" class=\"\" src=\"https:\/\/pku.biomarin.com\/de-de\/wp-content\/uploads\/sites\/12\/2023\/03\/PKU_Iconsx12.png?v=0.85\" alt=\"\" \/>                <\/div>\n            <\/figure>\n        <\/div>\n        <div class=\"content-block\">\n                    <h3>Probieren Sie diese k\u00f6stlichen Phe-armen Rezepte\n<\/h3>\n                                                    <p><a class=\"button button-arrow\" href=\"https:\/\/pku.biomarin.com\/de-de\/rezepte\/\" target=\"_self\">Rezepte ansehen<\/a><\/p>\n                        <\/div>\n<\/div>\n\t\t\t<\/div>\n\t\t<\/div>\n\t<\/div>\n<\/div>","protected":false},"excerpt":{"rendered":"","protected":false},"author":3,"featured_media":0,"parent":0,"menu_order":0,"comment_status":"closed","ping_status":"closed","template":"","meta":{"_acf_changed":false,"inline_featured_image":false,"footnotes":""},"class_list":["post-40","page","type-page","status-publish","hentry"],"acf":[],"yoast_head":"<!-- This site is optimized with the Yoast SEO plugin v27.4 - https:\/\/yoast.com\/product\/yoast-seo-wordpress\/ -->\n<title>Behandlung der PKU - BioMarin PKU DSE Patient DE-DE<\/title>\n<meta name=\"description\" content=\"Eine Phenylketonurie (PKU)-Di\u00e4t ist wichtig, um Ihr Gehirn zu sch\u00fctzen. Das liegt daran, dass die toxische Ansammlung von Phenylalanin (Phe) im Gehirn k\u00f6rperliche Ver\u00e4nderungen verursachen kann, die zu intellektuellen und Verhaltensproblemen f\u00fchren k\u00f6nnen. Einige Symptome sind dauerhaft, aber viele k\u00f6nnen gebessert werden, wenn der Phe-Spiegel im Blut wieder unter Kontrolle kommt. Beginnen Sie fr\u00fchzeitig mit dem PKU-Management. Verwalten Sie PKU lebenslang. PKU ist eine lebenslange Erkrankung, die lebenslange Pflege erfordert. Beginnen Sie mit der \u00dcberwachung Ihres Phe-Spiegels im Blut. Besuchen Sie eine PKU-Klinik und sprechen Sie mit einem Pflegeteam. F\u00fchren Sie ein ehrliches Gespr\u00e4ch mit Ihrem Pflegeteam. Entwickeln Sie eine Routine, die das PKU-Management zu einem Teil Ihres Tages macht.\" \/>\n<meta name=\"robots\" content=\"index, follow, max-snippet:-1, max-image-preview:large, max-video-preview:-1\" \/>\n<link rel=\"canonical\" href=\"https:\/\/pku.biomarin.com\/de-de\/behandlung-der-pku\/\" \/>\n<meta property=\"og:locale\" content=\"de_DE\" \/>\n<meta property=\"og:type\" content=\"article\" \/>\n<meta property=\"og:title\" content=\"Behandlung der PKU - BioMarin PKU DSE Patient DE-DE\" \/>\n<meta property=\"og:description\" content=\"Eine Phenylketonurie (PKU)-Di\u00e4t ist wichtig, um Ihr Gehirn zu sch\u00fctzen. Das liegt daran, dass die toxische Ansammlung von Phenylalanin (Phe) im Gehirn k\u00f6rperliche Ver\u00e4nderungen verursachen kann, die zu intellektuellen und Verhaltensproblemen f\u00fchren k\u00f6nnen. Einige Symptome sind dauerhaft, aber viele k\u00f6nnen gebessert werden, wenn der Phe-Spiegel im Blut wieder unter Kontrolle kommt. Beginnen Sie fr\u00fchzeitig mit dem PKU-Management. Verwalten Sie PKU lebenslang. PKU ist eine lebenslange Erkrankung, die lebenslange Pflege erfordert. Beginnen Sie mit der \u00dcberwachung Ihres Phe-Spiegels im Blut. Besuchen Sie eine PKU-Klinik und sprechen Sie mit einem Pflegeteam. F\u00fchren Sie ein ehrliches Gespr\u00e4ch mit Ihrem Pflegeteam. Entwickeln Sie eine Routine, die das PKU-Management zu einem Teil Ihres Tages macht.\" \/>\n<meta property=\"og:url\" content=\"https:\/\/pku.biomarin.com\/de-de\/behandlung-der-pku\/\" \/>\n<meta property=\"og:site_name\" content=\"BioMarin PKU DSE Patient DE-DE\" \/>\n<meta property=\"article:modified_time\" content=\"2025-02-11T12:41:41+00:00\" \/>\n<meta name=\"twitter:card\" content=\"summary_large_image\" \/>\n<script type=\"application\/ld+json\" class=\"yoast-schema-graph\">{\"@context\":\"https:\\\/\\\/schema.org\",\"@graph\":[{\"@type\":\"WebPage\",\"@id\":\"https:\\\/\\\/pku.biomarin.com\\\/de-de\\\/behandlung-der-pku\\\/\",\"url\":\"https:\\\/\\\/pku.biomarin.com\\\/de-de\\\/behandlung-der-pku\\\/\",\"name\":\"Behandlung der PKU - BioMarin PKU DSE Patient DE-DE\",\"isPartOf\":{\"@id\":\"https:\\\/\\\/pku.biomarin.com\\\/de-de\\\/#website\"},\"datePublished\":\"2023-02-22T12:02:24+00:00\",\"dateModified\":\"2025-02-11T12:41:41+00:00\",\"description\":\"Eine Phenylketonurie (PKU)-Di\u00e4t ist wichtig, um Ihr Gehirn zu sch\u00fctzen. Das liegt daran, dass die toxische Ansammlung von Phenylalanin (Phe) im Gehirn k\u00f6rperliche Ver\u00e4nderungen verursachen kann, die zu intellektuellen und Verhaltensproblemen f\u00fchren k\u00f6nnen. Einige Symptome sind dauerhaft, aber viele k\u00f6nnen gebessert werden, wenn der Phe-Spiegel im Blut wieder unter Kontrolle kommt. Beginnen Sie fr\u00fchzeitig mit dem PKU-Management. Verwalten Sie PKU lebenslang. PKU ist eine lebenslange Erkrankung, die lebenslange Pflege erfordert. Beginnen Sie mit der \u00dcberwachung Ihres Phe-Spiegels im Blut. Besuchen Sie eine PKU-Klinik und sprechen Sie mit einem Pflegeteam. F\u00fchren Sie ein ehrliches Gespr\u00e4ch mit Ihrem Pflegeteam. Entwickeln Sie eine Routine, die das PKU-Management zu einem Teil Ihres Tages macht.\",\"breadcrumb\":{\"@id\":\"https:\\\/\\\/pku.biomarin.com\\\/de-de\\\/behandlung-der-pku\\\/#breadcrumb\"},\"inLanguage\":\"de\",\"potentialAction\":[{\"@type\":\"ReadAction\",\"target\":[\"https:\\\/\\\/pku.biomarin.com\\\/de-de\\\/behandlung-der-pku\\\/\"]}]},{\"@type\":\"BreadcrumbList\",\"@id\":\"https:\\\/\\\/pku.biomarin.com\\\/de-de\\\/behandlung-der-pku\\\/#breadcrumb\",\"itemListElement\":[{\"@type\":\"ListItem\",\"position\":1,\"name\":\"Home\",\"item\":\"https:\\\/\\\/pku.biomarin.com\\\/de-de\\\/\"},{\"@type\":\"ListItem\",\"position\":2,\"name\":\"Behandlung der PKU\"}]},{\"@type\":\"WebSite\",\"@id\":\"https:\\\/\\\/pku.biomarin.com\\\/de-de\\\/#website\",\"url\":\"https:\\\/\\\/pku.biomarin.com\\\/de-de\\\/\",\"name\":\"BioMarin PKU DSE Patient DE-DE\",\"description\":\"\",\"potentialAction\":[{\"@type\":\"SearchAction\",\"target\":{\"@type\":\"EntryPoint\",\"urlTemplate\":\"https:\\\/\\\/pku.biomarin.com\\\/de-de\\\/?s={search_term_string}\"},\"query-input\":{\"@type\":\"PropertyValueSpecification\",\"valueRequired\":true,\"valueName\":\"search_term_string\"}}],\"inLanguage\":\"de\"}]}<\/script>\n<!-- \/ Yoast SEO plugin. -->","yoast_head_json":{"title":"Behandlung der PKU - BioMarin PKU DSE Patient DE-DE","description":"Eine Phenylketonurie (PKU)-Di\u00e4t ist wichtig, um Ihr Gehirn zu sch\u00fctzen. Das liegt daran, dass die toxische Ansammlung von Phenylalanin (Phe) im Gehirn k\u00f6rperliche Ver\u00e4nderungen verursachen kann, die zu intellektuellen und Verhaltensproblemen f\u00fchren k\u00f6nnen. Einige Symptome sind dauerhaft, aber viele k\u00f6nnen gebessert werden, wenn der Phe-Spiegel im Blut wieder unter Kontrolle kommt. Beginnen Sie fr\u00fchzeitig mit dem PKU-Management. Verwalten Sie PKU lebenslang. PKU ist eine lebenslange Erkrankung, die lebenslange Pflege erfordert. Beginnen Sie mit der \u00dcberwachung Ihres Phe-Spiegels im Blut. Besuchen Sie eine PKU-Klinik und sprechen Sie mit einem Pflegeteam. F\u00fchren Sie ein ehrliches Gespr\u00e4ch mit Ihrem Pflegeteam. Entwickeln Sie eine Routine, die das PKU-Management zu einem Teil Ihres Tages macht.","robots":{"index":"index","follow":"follow","max-snippet":"max-snippet:-1","max-image-preview":"max-image-preview:large","max-video-preview":"max-video-preview:-1"},"canonical":"https:\/\/pku.biomarin.com\/de-de\/behandlung-der-pku\/","og_locale":"de_DE","og_type":"article","og_title":"Behandlung der PKU - BioMarin PKU DSE Patient DE-DE","og_description":"Eine Phenylketonurie (PKU)-Di\u00e4t ist wichtig, um Ihr Gehirn zu sch\u00fctzen. Das liegt daran, dass die toxische Ansammlung von Phenylalanin (Phe) im Gehirn k\u00f6rperliche Ver\u00e4nderungen verursachen kann, die zu intellektuellen und Verhaltensproblemen f\u00fchren k\u00f6nnen. Einige Symptome sind dauerhaft, aber viele k\u00f6nnen gebessert werden, wenn der Phe-Spiegel im Blut wieder unter Kontrolle kommt. Beginnen Sie fr\u00fchzeitig mit dem PKU-Management. Verwalten Sie PKU lebenslang. PKU ist eine lebenslange Erkrankung, die lebenslange Pflege erfordert. Beginnen Sie mit der \u00dcberwachung Ihres Phe-Spiegels im Blut. Besuchen Sie eine PKU-Klinik und sprechen Sie mit einem Pflegeteam. F\u00fchren Sie ein ehrliches Gespr\u00e4ch mit Ihrem Pflegeteam. Entwickeln Sie eine Routine, die das PKU-Management zu einem Teil Ihres Tages macht.","og_url":"https:\/\/pku.biomarin.com\/de-de\/behandlung-der-pku\/","og_site_name":"BioMarin PKU DSE Patient DE-DE","article_modified_time":"2025-02-11T12:41:41+00:00","twitter_card":"summary_large_image","schema":{"@context":"https:\/\/schema.org","@graph":[{"@type":"WebPage","@id":"https:\/\/pku.biomarin.com\/de-de\/behandlung-der-pku\/","url":"https:\/\/pku.biomarin.com\/de-de\/behandlung-der-pku\/","name":"Behandlung der PKU - BioMarin PKU DSE Patient DE-DE","isPartOf":{"@id":"https:\/\/pku.biomarin.com\/de-de\/#website"},"datePublished":"2023-02-22T12:02:24+00:00","dateModified":"2025-02-11T12:41:41+00:00","description":"Eine Phenylketonurie (PKU)-Di\u00e4t ist wichtig, um Ihr Gehirn zu sch\u00fctzen. Das liegt daran, dass die toxische Ansammlung von Phenylalanin (Phe) im Gehirn k\u00f6rperliche Ver\u00e4nderungen verursachen kann, die zu intellektuellen und Verhaltensproblemen f\u00fchren k\u00f6nnen. Einige Symptome sind dauerhaft, aber viele k\u00f6nnen gebessert werden, wenn der Phe-Spiegel im Blut wieder unter Kontrolle kommt. Beginnen Sie fr\u00fchzeitig mit dem PKU-Management. Verwalten Sie PKU lebenslang. PKU ist eine lebenslange Erkrankung, die lebenslange Pflege erfordert. Beginnen Sie mit der \u00dcberwachung Ihres Phe-Spiegels im Blut. Besuchen Sie eine PKU-Klinik und sprechen Sie mit einem Pflegeteam. F\u00fchren Sie ein ehrliches Gespr\u00e4ch mit Ihrem Pflegeteam. Entwickeln Sie eine Routine, die das PKU-Management zu einem Teil Ihres Tages macht.","breadcrumb":{"@id":"https:\/\/pku.biomarin.com\/de-de\/behandlung-der-pku\/#breadcrumb"},"inLanguage":"de","potentialAction":[{"@type":"ReadAction","target":["https:\/\/pku.biomarin.com\/de-de\/behandlung-der-pku\/"]}]},{"@type":"BreadcrumbList","@id":"https:\/\/pku.biomarin.com\/de-de\/behandlung-der-pku\/#breadcrumb","itemListElement":[{"@type":"ListItem","position":1,"name":"Home","item":"https:\/\/pku.biomarin.com\/de-de\/"},{"@type":"ListItem","position":2,"name":"Behandlung der PKU"}]},{"@type":"WebSite","@id":"https:\/\/pku.biomarin.com\/de-de\/#website","url":"https:\/\/pku.biomarin.com\/de-de\/","name":"BioMarin PKU DSE Patient DE-DE","description":"","potentialAction":[{"@type":"SearchAction","target":{"@type":"EntryPoint","urlTemplate":"https:\/\/pku.biomarin.com\/de-de\/?s={search_term_string}"},"query-input":{"@type":"PropertyValueSpecification","valueRequired":true,"valueName":"search_term_string"}}],"inLanguage":"de"}]}},"_links":{"self":[{"href":"https:\/\/pku.biomarin.com\/de-de\/wp-json\/wp\/v2\/pages\/40","targetHints":{"allow":["GET"]}}],"collection":[{"href":"https:\/\/pku.biomarin.com\/de-de\/wp-json\/wp\/v2\/pages"}],"about":[{"href":"https:\/\/pku.biomarin.com\/de-de\/wp-json\/wp\/v2\/types\/page"}],"author":[{"embeddable":true,"href":"https:\/\/pku.biomarin.com\/de-de\/wp-json\/wp\/v2\/users\/3"}],"replies":[{"embeddable":true,"href":"https:\/\/pku.biomarin.com\/de-de\/wp-json\/wp\/v2\/comments?post=40"}],"version-history":[{"count":164,"href":"https:\/\/pku.biomarin.com\/de-de\/wp-json\/wp\/v2\/pages\/40\/revisions"}],"predecessor-version":[{"id":4598,"href":"https:\/\/pku.biomarin.com\/de-de\/wp-json\/wp\/v2\/pages\/40\/revisions\/4598"}],"wp:attachment":[{"href":"https:\/\/pku.biomarin.com\/de-de\/wp-json\/wp\/v2\/media?parent=40"}],"curies":[{"name":"wp","href":"https:\/\/api.w.org\/{rel}","templated":true}]}}