{"id":38,"date":"2023-02-22T12:01:43","date_gmt":"2023-02-22T12:01:43","guid":{"rendered":"https:\/\/pku.biomarin.com\/de-de\/?page_id=38"},"modified":"2025-02-11T13:22:03","modified_gmt":"2025-02-11T13:22:03","slug":"phe-im-gehirn","status":"publish","type":"page","link":"https:\/\/pku.biomarin.com\/de-de\/phe-im-gehirn\/","title":{"rendered":"Phe im Gehirn"},"content":{"rendered":"<div id=\"acf-block-63f63e05b498c\" class=\"hero hero-no-overlay\">\n            <div class=\"hero-background-image hero-background-image-desktop\" style=\"background-image: url(https:\/\/pku.biomarin.com\/de-de\/wp-content\/uploads\/sites\/12\/2023\/03\/Group-110-scaled-e1678703759379-2000x435.jpg);\"><\/div>\n\t    <div class=\"hero-background-image hero-background-image-mobile\" style=\"background-image: url(https:\/\/pku.biomarin.com\/de-de\/wp-content\/uploads\/sites\/12\/2023\/02\/pku-balloon-hero-mobile-830x800.jpg);\"><\/div>\n    \t<div class=\"overlay\"><\/div>\n\t<div class=\"wrapper\">\n\t\t<div class=\"inner-wrapper\">\n\t\t\t<div class=\"hero-content\">\n\t\t\t    \t\t\t\t\t\t\t\t\t\t\t\t    <h1>Bei PKU hat das, was Sie essen, direkten Einfluss auf die Funktion Ihres Gehirns\n<\/h1>\n\t\t\t\t\t\t\t\t\t\t\t\t\n                <p class=\"inline-buttons\">\n                                                        <\/p>\n\t\t\t\t\t\t\t<\/div>\n\t\t<\/div>\n\t<\/div>\n<\/div>\n\n\n<div id=\"acf-block-6526b5c36becc\" class=\"block wrapped-content\">\n    <div class=\"wrapper\">\n        <div class=\"inner-wrapper\">\n                \n<div id=\"acf-block-6526b5c36c083\" class=\"block-wysiwyg\">\n            <h2>Was ist PKU?<\/h2>\n<p>PKU steht f\u00fcr Phenylketonurie, die auch als PAH-Mangel bekannt ist. Es handelt sich um eine seltene angeborene Erkrankung, von der in Europa rund 1 von 8.000 Personen betroffen ist. Personen mit PKU k\u00f6nnen die Aminos\u00e4ure Phenylalanin (Phe), die in fast allen nat\u00fcrlichen Eiwei\u00dfen enthalten ist, nicht richtig abbauen.<\/p>\n    <\/div>\n        <\/div>\n    <\/div>\n<\/div>\n\n<div id=\"acf-block-63f63e05b53b2\" class=\"block split-content equal-bias bottom-border block-tight-top block-tight-bottom\" data-muted-autoplay=\"false\">\n\t<div class=\"wrapper\">\n\t\t<div class=\"inner-wrapper\">\n\t\t                                                                <div class=\"content-block first-block\">\n                                                                                                                                                                                                                                                                                    \n                                    \n                                                                                                                \n                                    \n                                    <figure>\n                                        <div class=\"image image-rounded\">\n                                                                                            <img decoding=\"async\" class=\"\" src=\"https:\/\/pku.biomarin.com\/de-de\/wp-content\/uploads\/sites\/12\/2023\/07\/AdobeStock_428548283-1900x1267.jpeg\" alt=\"Woman looking at food labels\" \/>                                                                                    <\/div>\n                                                                            <\/figure>\n                                                                                    <\/div>\n                    \n                                            <div class=\"content-block second-block\">\n                                                                                                <h2>Die Ern\u00e4hrung hat Einfluss auf den Phe-Spiegel im Blut<\/h2>\n<p>Der Grund daf\u00fcr, dass Personen mit PKU Phe nicht abbauen k\u00f6nnen, liegt in einem Problem mit einem Enzym namens Phenylalaninhydroxylase (PAH). Die PAH spaltet Phe in eine andere Aminos\u00e4ure auf: das Tyrosin.<\/p>\n<p>Da Phe in vielen Lebensmitteln wie Fleisch, Fisch, Eiern, Milchprodukten, N\u00fcssen, Getreide und Bohnen enthalten ist, m\u00fcssen Personen mit PKU in der Regel eine spezielle Di\u00e4t einhalten.<\/p>\n                                                                                                                                                                                                                                                                                                                                                                                                                                                                        <p><a class=\"button button-text button-arrow\" href=\"https:\/\/pku.biomarin.com\/de-de\/behandlung-der-pku\/\" target=\"_self\">So k\u00f6nnen Sie einen erh\u00f6hten Phe-Blutspiegel verhindern<\/a><\/p>\n                                                                                                                        <\/div>\n                                                \t\t<\/div>\n\t<\/div>\n<\/div>\n\n<div id=\"acf-block-63f63e05b5559\" class=\"block wrapped-content block-tight-top block-tight-bottom\">\n    <div class=\"wrapper\">\n        <div class=\"inner-wrapper\">\n                \n<div id=\"acf-block-63f63e05b567a\" class=\"block-wysiwyg\">\n            <h2>Die PKU hat Auswirkungen auf das Gehirn.<\/h2>\n<p>Die Botenstoffe, mit deren Hilfe die Hirnzellen untereinander kommunizieren, werden Neurotransmitter genannt. Werden diese Neurotransmitter nicht in ausreichender Menge produziert, kann das Gehirn nicht richtig arbeiten. Ein erh\u00f6hter Phe-Spiegel im Blut kann die Produktion von Neurotransmittern wie Serotonin und Dopamin st\u00f6ren, die wichtig f\u00fcr die Stimmung, das Lernen, das Ged\u00e4chtnis und die Motivation sind.<\/p>\n<p>Phe bringt aber nicht nur die Neurotransmitter aus dem Gleichgewicht. Es kann auch selbst Schaden im Gehirn anrichten. Forscher glauben, dass diese Ver\u00e4nderungen hinter den Auswirkungen stecken, die ein erh\u00f6hter Phe-Blutspiegel auf das Denken, F\u00fchlen und Handeln hat.<\/p>\n    <\/div>\n        <\/div>\n    <\/div>\n<\/div>\n\n<div id=\"acf-block-63f643328f6ef\" class=\"block wrapped-content block-tight-top block-tight-bottom\">\n    <div class=\"wrapper\">\n        <div class=\"inner-wrapper\">\n                \n<div id=\"acf-block-63f64332907e8\" class=\"block-wysiwyg\">\n            <h3>Symptome eines erh\u00f6hten Phe-Blutspiegels<\/h3>\n<p>Wenn der Phe-Spiegel erh\u00f6ht oder nicht unter Kontrolle ist, k\u00f6nnen bei Personen mit PKU Symptome auftreten, die dauerhafte Folgen f\u00fcr das Gehirn haben. M\u00f6gliche Symptome eines erh\u00f6hten oder instabilen Phe-Blutspiegels sind:<\/p>\n    <\/div>\n        <\/div>\n    <\/div>\n<\/div>\n\n<div id=\"acf-block-63f64332908f7\" class=\"block split-content equal-bias bottom-border block-tight-top block-tight-bottom\" data-muted-autoplay=\"false\">\n\t<div class=\"wrapper\">\n\t\t<div class=\"inner-wrapper\">\n\t\t                                                                <div class=\"content-block first-block\">\n                                                                                                <ul>\n<li><strong>Gef\u00fchl des \u201eBenebeltseins\u201c oder einer langsameren Verarbeitung von Informationen<\/strong><\/li>\n<li><strong>Ged\u00e4chtnisprobleme<\/strong><\/li>\n<li><strong>Mangelnde Aufmerksamkeit<\/strong><\/li>\n<\/ul>\n                                                                                    <\/div>\n                    \n                                            <div class=\"content-block second-block\">\n                                                                                                <ul>\n<li><strong>Schwierigkeiten beim Treffen von Entscheidungen, L\u00f6sen von Problemen und Planen von Dingen<\/strong><\/li>\n<li><strong>Depression<\/strong><\/li>\n<li><strong>Angst<\/strong><\/li>\n<li><strong>Reizbarkeit<\/strong><\/li>\n<\/ul>\n                                                                                    <\/div>\n                                                \t\t<\/div>\n\t<\/div>\n<\/div>\n\n<div id=\"acf-block-63f64876741f3\" class=\"block cards cards-1-col block-tight-top block-tight-bottom\">\n\t<div class=\"wrapper\">\n\t\t<div class=\"inner-wrapper\">\n\t\t\t<div class=\"cards-title\">\n\t\t\t    \t\t\t\t\t\t\t<\/div>\n\t\t\t<div class=\"cards-wrapper\">\n\t\t\t    \n<div id=\"acf-block-63f6487674623\" class=\"card card-fixed-button\" data-muted-autoplay=\"false\">\n        <div class=\"card-content\">\n                \n                                                                                                            <h3>Nutzen Sie das Symptomtagebuch, um zu beurteilen, wie sich PKU auf Sie auswirken k\u00f6nnte<\/h3>\n                                                                                                                                                                                                                                                                        \n                                                                                        <\/div>\n                                <div class=\"card-actions\">\n                            \n                            <p><a class=\"button button-arrow\" href=\"https:\/\/pku.biomarin.com\/de-de\/symptomtagebuch\/\" target=\"_self\">\u00dcberpr\u00fcfen Sie Ihre Symptome<\/a><\/p>\n                                                                                    <\/div>\n<\/div>\n\t\t\t<\/div>\n\t\t<\/div>\n\t<\/div>\n<\/div>\n\n<div id=\"acf-block-63f6433290e20\" class=\"block wrapped-content block-tight-top block-tight-bottom\">\n    <div class=\"wrapper\">\n        <div class=\"inner-wrapper\">\n                \n<div id=\"acf-block-63f6433290e4e\" class=\"block-wysiwyg\">\n            <h2>Die PKU erfordert eine lebenslange Behandlung<\/h2>\n<p>Es ist sehr wichtig, fr\u00fch mit der Behandlung der PKU zu beginnen und die Ma\u00dfnahmen lebenslang fortzuf\u00fchren. In den meisten europ\u00e4ischen L\u00e4ndern werden Neugeborene kurz nach der Geburt im Rahmen des nationalen Neugeborenen-Screenings auf PKU getestet. PKU-Experten empfehlen, so fr\u00fch wie m\u00f6glich aktiv zu werden und innerhalb der ersten 10 Lebenstage mit der Behandlung zu beginnen. So kann das sich entwickelnde Gehirn des Neugeborenen vor den sch\u00e4dlichen Einfl\u00fcssen eines erh\u00f6hten oder instabilen Phe-Blutspiegels gesch\u00fctzt werden.<\/p>\n    <\/div>\n        <\/div>\n    <\/div>\n<\/div>\n\n<div id=\"acf-block-63f64876748e6\" class=\"block call-to-action call-to-action-no-overlay block-tight-top block-tight-bottom\">\n    <div class=\"wrapper\">\n\t\t<div class=\"inner-wrapper\">\n\t\t\t<div class=\"box\" style=\"background-image: url(https:\/\/pku.biomarin.com\/de-de\/wp-content\/uploads\/sites\/12\/2023\/03\/1.1_Desktop_Quote_Callout-1.png?v=0.85);\">\n\t\t\t\t<div class=\"overlay\"><\/div>\n\t\t\t\t<div class=\"cta-content\">\n\t\t\t\t    \t\t\t\t\t<div class=\"cta-content-main\">\n                        <div class=\"content-block\">\n\t\t\t\t\t        \t\t\t\t\t        \t\t\t\t\t\t        <h2 class=\"h3\">\u201cWenn ich noch einmal mit meinem 18-j\u00e4hrigen<br \/>\nSelbst sprechen k\u00f6nnte, dann w\u00fcrde ich sagen:<br \/>\nGeh zur\u00fcck in die Klinik\u201d\n<\/h2>\n\t\t\t\t\t\t    \t\t\t\t\t\t    \t\t\t\t\t\t        <p>&#8211; Wolfgang, lebt seit mehr als<br \/>\n40 Jahren mit PKU<\/p>\n\t\t\t\t\t\t    \t\t\t\t\t    <\/div>\n\t\t\t\t\t                        <\/div>\n\t\t\t\t<\/div>\n\t\t\t<\/div>\n\t\t<\/div>\n\t<\/div>\n<\/div>\n\n<div id=\"lower\" class=\"block wrapped-content block-tight-top block-tight-bottom\">\n    <div class=\"wrapper\">\n        <div class=\"inner-wrapper\">\n                \n<div id=\"acf-block-63f64876759dc\" class=\"block-wysiwyg\">\n            <h2>Es ist nie zu sp\u00e4t, zur Behandlung zur\u00fcckzukehren<\/h2>\n<p>Vor gar nicht allzu langer Zeit hielten Mediziner die PKU noch f\u00fcr eine Krankheit, die keine Auswirkungen mehr hat, wenn das Gehirn erst einmal voll entwickelt ist. Heute wissen wir jedoch, dass ein erh\u00f6hter Phe-Blutspiegel in jedem Entwicklungsstadium Schaden anrichten kann und die PKU lebenslang behandelt werden muss. Die Entwicklung des Gehirns ist nie vollst\u00e4ndig abgeschlossen. Selbst Personen, die viele Jahre nichts gegen ihre PKU unternommen haben, werden m\u00f6glicherweise eine Besserung ihrer Symptome feststellen, wenn sie zur Behandlung zur\u00fcckkehren. PKU-Experten empfehlen, alle zur Verf\u00fcgung stehenden M\u00f6glichkeiten zu nutzen, um erh\u00f6hte oder instabile Phe-Blutspiegel unter Kontrolle zu bringen.<\/p>\n    <\/div>\n        <\/div>\n    <\/div>\n<\/div>\n\n<div id=\"Managment-guidlines\" class=\"block boxed-content block-tight-top boxed-content-white\">\n\t<div class=\"wrapper\">\n\t\t<div class=\"inner-wrapper\">\n\t\t\t<div class=\"box\">\n\t\t\t\t\t\t\t\t\n<div id=\"acf-block-64f9cbc3bbb2e\" class=\"image-text-block content-align-center block-tight-top\">\n            <div class=\"image-block medium\">\n            <figure>\n                <div class=\"image image-rounded\">\n                    <img decoding=\"async\" class=\"\" src=\"https:\/\/pku.biomarin.com\/de-de\/wp-content\/uploads\/sites\/12\/2023\/02\/Routine@4x.png?v=0.85\" alt=\"Pen and Paper icon\" \/>                <\/div>\n            <\/figure>\n        <\/div>\n        <div class=\"content-block\">\n                    <h3>Diese Leitlinien werden zur PKU-Behandlung empfohlen.\n<\/h3>\n                                                    <p><a class=\"button button-arrow\" href=\"https:\/\/pku.biomarin.com\/de-de\/pku-leitlinien-und-standards\/\" target=\"_self\">Siehe Richtlinien<\/a><\/p>\n                        <\/div>\n<\/div>\n\t\t\t<\/div>\n\t\t<\/div>\n\t<\/div>\n<\/div>","protected":false},"excerpt":{"rendered":"","protected":false},"author":3,"featured_media":0,"parent":0,"menu_order":0,"comment_status":"closed","ping_status":"closed","template":"","meta":{"_acf_changed":false,"inline_featured_image":false,"footnotes":""},"class_list":["post-38","page","type-page","status-publish","hentry"],"acf":[],"yoast_head":"<!-- This site is optimized with the Yoast SEO plugin v27.4 - https:\/\/yoast.com\/product\/yoast-seo-wordpress\/ -->\n<title>Phe im Gehirn - BioMarin PKU DSE Patient DE-DE<\/title>\n<meta name=\"description\" content=\"Klassische Phenylketonurie (PKU). Was ist PKU? PKU ist die Abk\u00fcrzung f\u00fcr Phenylketonurie, auch bekannt als PAH-Mangel, eine seltene genetische Erkrankung, mit der in den Vereinigten Staaten jedes Jahr etwa 350 Babys geboren werden. Schwierigkeiten beim Abbau von Phenylalanin (Phe), einer Aminos\u00e4ure, die in Proteinen vorkommt. Phenylalaninhydroxylase (PAH). Tyrosin. Lebensmittel beeinflussen den Phe-Spiegel im Blut. Verhindern Sie hohe Phe-Werte im Blut. Lebenslanges Management.\" \/>\n<meta name=\"robots\" content=\"index, follow, max-snippet:-1, max-image-preview:large, max-video-preview:-1\" \/>\n<link rel=\"canonical\" href=\"https:\/\/pku.biomarin.com\/de-de\/phe-im-gehirn\/\" \/>\n<meta property=\"og:locale\" content=\"de_DE\" \/>\n<meta property=\"og:type\" content=\"article\" \/>\n<meta property=\"og:title\" content=\"Phe im Gehirn - BioMarin PKU DSE Patient DE-DE\" \/>\n<meta property=\"og:description\" content=\"Klassische Phenylketonurie (PKU). Was ist PKU? PKU ist die Abk\u00fcrzung f\u00fcr Phenylketonurie, auch bekannt als PAH-Mangel, eine seltene genetische Erkrankung, mit der in den Vereinigten Staaten jedes Jahr etwa 350 Babys geboren werden. Schwierigkeiten beim Abbau von Phenylalanin (Phe), einer Aminos\u00e4ure, die in Proteinen vorkommt. Phenylalaninhydroxylase (PAH). Tyrosin. Lebensmittel beeinflussen den Phe-Spiegel im Blut. Verhindern Sie hohe Phe-Werte im Blut. Lebenslanges Management.\" \/>\n<meta property=\"og:url\" content=\"https:\/\/pku.biomarin.com\/de-de\/phe-im-gehirn\/\" \/>\n<meta property=\"og:site_name\" content=\"BioMarin PKU DSE Patient DE-DE\" \/>\n<meta property=\"article:modified_time\" content=\"2025-02-11T13:22:03+00:00\" \/>\n<meta name=\"twitter:card\" content=\"summary_large_image\" \/>\n<script type=\"application\/ld+json\" class=\"yoast-schema-graph\">{\"@context\":\"https:\\\/\\\/schema.org\",\"@graph\":[{\"@type\":\"WebPage\",\"@id\":\"https:\\\/\\\/pku.biomarin.com\\\/de-de\\\/phe-im-gehirn\\\/\",\"url\":\"https:\\\/\\\/pku.biomarin.com\\\/de-de\\\/phe-im-gehirn\\\/\",\"name\":\"Phe im Gehirn - BioMarin PKU DSE Patient DE-DE\",\"isPartOf\":{\"@id\":\"https:\\\/\\\/pku.biomarin.com\\\/de-de\\\/#website\"},\"datePublished\":\"2023-02-22T12:01:43+00:00\",\"dateModified\":\"2025-02-11T13:22:03+00:00\",\"description\":\"Klassische Phenylketonurie (PKU). Was ist PKU? PKU ist die Abk\u00fcrzung f\u00fcr Phenylketonurie, auch bekannt als PAH-Mangel, eine seltene genetische Erkrankung, mit der in den Vereinigten Staaten jedes Jahr etwa 350 Babys geboren werden. Schwierigkeiten beim Abbau von Phenylalanin (Phe), einer Aminos\u00e4ure, die in Proteinen vorkommt. Phenylalaninhydroxylase (PAH). Tyrosin. Lebensmittel beeinflussen den Phe-Spiegel im Blut. Verhindern Sie hohe Phe-Werte im Blut. Lebenslanges Management.\",\"breadcrumb\":{\"@id\":\"https:\\\/\\\/pku.biomarin.com\\\/de-de\\\/phe-im-gehirn\\\/#breadcrumb\"},\"inLanguage\":\"de\",\"potentialAction\":[{\"@type\":\"ReadAction\",\"target\":[\"https:\\\/\\\/pku.biomarin.com\\\/de-de\\\/phe-im-gehirn\\\/\"]}]},{\"@type\":\"BreadcrumbList\",\"@id\":\"https:\\\/\\\/pku.biomarin.com\\\/de-de\\\/phe-im-gehirn\\\/#breadcrumb\",\"itemListElement\":[{\"@type\":\"ListItem\",\"position\":1,\"name\":\"Home\",\"item\":\"https:\\\/\\\/pku.biomarin.com\\\/de-de\\\/\"},{\"@type\":\"ListItem\",\"position\":2,\"name\":\"Phe im Gehirn\"}]},{\"@type\":\"WebSite\",\"@id\":\"https:\\\/\\\/pku.biomarin.com\\\/de-de\\\/#website\",\"url\":\"https:\\\/\\\/pku.biomarin.com\\\/de-de\\\/\",\"name\":\"BioMarin PKU DSE Patient DE-DE\",\"description\":\"\",\"potentialAction\":[{\"@type\":\"SearchAction\",\"target\":{\"@type\":\"EntryPoint\",\"urlTemplate\":\"https:\\\/\\\/pku.biomarin.com\\\/de-de\\\/?s={search_term_string}\"},\"query-input\":{\"@type\":\"PropertyValueSpecification\",\"valueRequired\":true,\"valueName\":\"search_term_string\"}}],\"inLanguage\":\"de\"}]}<\/script>\n<!-- \/ Yoast SEO plugin. -->","yoast_head_json":{"title":"Phe im Gehirn - BioMarin PKU DSE Patient DE-DE","description":"Klassische Phenylketonurie (PKU). Was ist PKU? PKU ist die Abk\u00fcrzung f\u00fcr Phenylketonurie, auch bekannt als PAH-Mangel, eine seltene genetische Erkrankung, mit der in den Vereinigten Staaten jedes Jahr etwa 350 Babys geboren werden. Schwierigkeiten beim Abbau von Phenylalanin (Phe), einer Aminos\u00e4ure, die in Proteinen vorkommt. Phenylalaninhydroxylase (PAH). Tyrosin. Lebensmittel beeinflussen den Phe-Spiegel im Blut. Verhindern Sie hohe Phe-Werte im Blut. Lebenslanges Management.","robots":{"index":"index","follow":"follow","max-snippet":"max-snippet:-1","max-image-preview":"max-image-preview:large","max-video-preview":"max-video-preview:-1"},"canonical":"https:\/\/pku.biomarin.com\/de-de\/phe-im-gehirn\/","og_locale":"de_DE","og_type":"article","og_title":"Phe im Gehirn - BioMarin PKU DSE Patient DE-DE","og_description":"Klassische Phenylketonurie (PKU). Was ist PKU? PKU ist die Abk\u00fcrzung f\u00fcr Phenylketonurie, auch bekannt als PAH-Mangel, eine seltene genetische Erkrankung, mit der in den Vereinigten Staaten jedes Jahr etwa 350 Babys geboren werden. Schwierigkeiten beim Abbau von Phenylalanin (Phe), einer Aminos\u00e4ure, die in Proteinen vorkommt. Phenylalaninhydroxylase (PAH). Tyrosin. Lebensmittel beeinflussen den Phe-Spiegel im Blut. Verhindern Sie hohe Phe-Werte im Blut. Lebenslanges Management.","og_url":"https:\/\/pku.biomarin.com\/de-de\/phe-im-gehirn\/","og_site_name":"BioMarin PKU DSE Patient DE-DE","article_modified_time":"2025-02-11T13:22:03+00:00","twitter_card":"summary_large_image","schema":{"@context":"https:\/\/schema.org","@graph":[{"@type":"WebPage","@id":"https:\/\/pku.biomarin.com\/de-de\/phe-im-gehirn\/","url":"https:\/\/pku.biomarin.com\/de-de\/phe-im-gehirn\/","name":"Phe im Gehirn - BioMarin PKU DSE Patient DE-DE","isPartOf":{"@id":"https:\/\/pku.biomarin.com\/de-de\/#website"},"datePublished":"2023-02-22T12:01:43+00:00","dateModified":"2025-02-11T13:22:03+00:00","description":"Klassische Phenylketonurie (PKU). Was ist PKU? PKU ist die Abk\u00fcrzung f\u00fcr Phenylketonurie, auch bekannt als PAH-Mangel, eine seltene genetische Erkrankung, mit der in den Vereinigten Staaten jedes Jahr etwa 350 Babys geboren werden. Schwierigkeiten beim Abbau von Phenylalanin (Phe), einer Aminos\u00e4ure, die in Proteinen vorkommt. Phenylalaninhydroxylase (PAH). Tyrosin. Lebensmittel beeinflussen den Phe-Spiegel im Blut. Verhindern Sie hohe Phe-Werte im Blut. Lebenslanges Management.","breadcrumb":{"@id":"https:\/\/pku.biomarin.com\/de-de\/phe-im-gehirn\/#breadcrumb"},"inLanguage":"de","potentialAction":[{"@type":"ReadAction","target":["https:\/\/pku.biomarin.com\/de-de\/phe-im-gehirn\/"]}]},{"@type":"BreadcrumbList","@id":"https:\/\/pku.biomarin.com\/de-de\/phe-im-gehirn\/#breadcrumb","itemListElement":[{"@type":"ListItem","position":1,"name":"Home","item":"https:\/\/pku.biomarin.com\/de-de\/"},{"@type":"ListItem","position":2,"name":"Phe im Gehirn"}]},{"@type":"WebSite","@id":"https:\/\/pku.biomarin.com\/de-de\/#website","url":"https:\/\/pku.biomarin.com\/de-de\/","name":"BioMarin PKU DSE Patient DE-DE","description":"","potentialAction":[{"@type":"SearchAction","target":{"@type":"EntryPoint","urlTemplate":"https:\/\/pku.biomarin.com\/de-de\/?s={search_term_string}"},"query-input":{"@type":"PropertyValueSpecification","valueRequired":true,"valueName":"search_term_string"}}],"inLanguage":"de"}]}},"_links":{"self":[{"href":"https:\/\/pku.biomarin.com\/de-de\/wp-json\/wp\/v2\/pages\/38","targetHints":{"allow":["GET"]}}],"collection":[{"href":"https:\/\/pku.biomarin.com\/de-de\/wp-json\/wp\/v2\/pages"}],"about":[{"href":"https:\/\/pku.biomarin.com\/de-de\/wp-json\/wp\/v2\/types\/page"}],"author":[{"embeddable":true,"href":"https:\/\/pku.biomarin.com\/de-de\/wp-json\/wp\/v2\/users\/3"}],"replies":[{"embeddable":true,"href":"https:\/\/pku.biomarin.com\/de-de\/wp-json\/wp\/v2\/comments?post=38"}],"version-history":[{"count":193,"href":"https:\/\/pku.biomarin.com\/de-de\/wp-json\/wp\/v2\/pages\/38\/revisions"}],"predecessor-version":[{"id":4712,"href":"https:\/\/pku.biomarin.com\/de-de\/wp-json\/wp\/v2\/pages\/38\/revisions\/4712"}],"wp:attachment":[{"href":"https:\/\/pku.biomarin.com\/de-de\/wp-json\/wp\/v2\/media?parent=38"}],"curies":[{"name":"wp","href":"https:\/\/api.w.org\/{rel}","templated":true}]}}