{"id":3668,"date":"2024-02-01T20:23:44","date_gmt":"2024-02-01T20:23:44","guid":{"rendered":"https:\/\/pku.biomarin.com\/de-de\/?page_id=3668"},"modified":"2025-02-28T20:51:51","modified_gmt":"2025-02-28T20:51:51","slug":"jugendliche-beurteilung-der-pku","status":"publish","type":"page","link":"https:\/\/pku.biomarin.com\/de-de\/jugendliche-beurteilung-der-pku\/","title":{"rendered":"Jugendliche &#8211; Beurteilung der PKU"},"content":{"rendered":"<div id=\"acf-block-65bbffb165a51\" class=\"hero\">\n            <div class=\"hero-background-image hero-background-image-desktop\" style=\"background-image: url(https:\/\/pku.biomarin.com\/de-de\/wp-content\/uploads\/sites\/12\/2023\/03\/Group-110-scaled-e1678703759379-2000x435.jpg);\"><\/div>\n\t    <div class=\"hero-background-image hero-background-image-mobile\" style=\"background-image: url(https:\/\/pku.biomarin.com\/de-de\/wp-content\/uploads\/sites\/12\/2023\/02\/pku-balloon-hero-mobile-830x800.jpg);\"><\/div>\n    \t<div class=\"overlay\"><\/div>\n\t<div class=\"wrapper\">\n\t\t<div class=\"inner-wrapper\">\n\t\t\t<div class=\"hero-content\">\n\t\t\t    \t\t\t\t\t\t\t\t\t\t\t\t    <h1>Beurteilung der PKU\n<\/h1>\n\t\t\t\t\t\t\t\t\t\t\t\t\n                <p class=\"inline-buttons\">\n                                                        <\/p>\n\t\t\t\t\t\t\t<\/div>\n\t\t<\/div>\n\t<\/div>\n<\/div>\n\n\n<div id=\"acf-block-65bbffb1667a0\" class=\"block split-content equal-bias bottom-border\" data-muted-autoplay=\"false\">\n\t<div class=\"wrapper\">\n\t\t<div class=\"inner-wrapper\">\n\t\t                                                                <div class=\"content-block first-block\">\n                                                                                                                                                                                                                                                                                    \n                                    \n                                                                                                                \n                                    \n                                    <figure>\n                                        <div class=\"image image-rounded\">\n                                                                                            <img decoding=\"async\" class=\"\" src=\"https:\/\/pku.biomarin.com\/de-de\/wp-content\/uploads\/sites\/12\/2024\/02\/Briana.png?v=0.85\" alt=\"\" \/>                                                                                    <\/div>\n                                                                            <\/figure>\n                                                                                    <\/div>\n                    \n                                            <div class=\"content-block second-block\">\n                                                                                                <h2>Jugendliche &#8211; Beurteilung der PKU<\/h2>\n<p>Zu hohe oder schwankende Phe-Spiegel k\u00f6nnen sich erheblich auf deine Stimmung und das Konzentrationsverm\u00f6gen auswirken. Oftmals kann es schwierig sein, diese Symptome bei sich selbst zu bemerken. Nutze dieses kurze Quiz, um dein Befinden zu beurteilen und herauszufinden, ob sich die PKU auf dein t\u00e4gliches Leben auswirkt.<\/p>\n<p>Die Ergebnisse kannst du als Grundlage f\u00fcr deine Gespr\u00e4che mit dem Betreuungsteam nutzen, um bestm\u00f6gliche Unterst\u00fctzung f\u00fcr dein t\u00e4gliches Leben mit der PKU zu erhalten.<\/p>\n                                                                                                                                                                                                                                                                                                                                                                                                                                                                        <p><a class=\"button button-download\" href=\"https:\/\/pku.biomarin.com\/de-de\/wp-content\/uploads\/sites\/12\/2024\/02\/Adolescents-Questionnaire-GER.pdf?v=0.62\" target=\"_blank\">Lade hier den Fragebogen runter<\/a><\/p>\n                                                                                                                        <\/div>\n                                                \t\t<\/div>\n\t<\/div>\n<\/div>","protected":false},"excerpt":{"rendered":"","protected":false},"author":3,"featured_media":0,"parent":0,"menu_order":0,"comment_status":"closed","ping_status":"closed","template":"","meta":{"_acf_changed":false,"inline_featured_image":false,"footnotes":""},"class_list":["post-3668","page","type-page","status-publish","hentry"],"acf":[],"yoast_head":"<!-- This site is optimized with the Yoast SEO plugin v27.1.1 - https:\/\/yoast.com\/product\/yoast-seo-wordpress\/ -->\n<title>Jugendliche - Beurteilung der PKU - BioMarin PKU DSE Patient DE-DE<\/title>\n<meta name=\"robots\" content=\"index, follow, max-snippet:-1, max-image-preview:large, max-video-preview:-1\" \/>\n<link rel=\"canonical\" href=\"https:\/\/pku.biomarin.com\/de-de\/jugendliche-beurteilung-der-pku\/\" \/>\n<meta property=\"og:locale\" content=\"de_DE\" \/>\n<meta property=\"og:type\" content=\"article\" \/>\n<meta property=\"og:title\" content=\"Jugendliche - Beurteilung der PKU - BioMarin PKU DSE Patient DE-DE\" \/>\n<meta property=\"og:url\" content=\"https:\/\/pku.biomarin.com\/de-de\/jugendliche-beurteilung-der-pku\/\" \/>\n<meta property=\"og:site_name\" content=\"BioMarin PKU DSE Patient DE-DE\" \/>\n<meta property=\"article:modified_time\" content=\"2025-02-28T20:51:51+00:00\" \/>\n<meta name=\"twitter:card\" content=\"summary_large_image\" \/>\n<script type=\"application\/ld+json\" class=\"yoast-schema-graph\">{\"@context\":\"https:\/\/schema.org\",\"@graph\":[{\"@type\":\"WebPage\",\"@id\":\"https:\/\/pku.biomarin.com\/de-de\/jugendliche-beurteilung-der-pku\/\",\"url\":\"https:\/\/pku.biomarin.com\/de-de\/jugendliche-beurteilung-der-pku\/\",\"name\":\"Jugendliche - Beurteilung der PKU - BioMarin PKU DSE Patient DE-DE\",\"isPartOf\":{\"@id\":\"https:\/\/pku.biomarin.com\/de-de\/#website\"},\"datePublished\":\"2024-02-01T20:23:44+00:00\",\"dateModified\":\"2025-02-28T20:51:51+00:00\",\"breadcrumb\":{\"@id\":\"https:\/\/pku.biomarin.com\/de-de\/jugendliche-beurteilung-der-pku\/#breadcrumb\"},\"inLanguage\":\"de\",\"potentialAction\":[{\"@type\":\"ReadAction\",\"target\":[\"https:\/\/pku.biomarin.com\/de-de\/jugendliche-beurteilung-der-pku\/\"]}]},{\"@type\":\"BreadcrumbList\",\"@id\":\"https:\/\/pku.biomarin.com\/de-de\/jugendliche-beurteilung-der-pku\/#breadcrumb\",\"itemListElement\":[{\"@type\":\"ListItem\",\"position\":1,\"name\":\"Home\",\"item\":\"https:\/\/pku.biomarin.com\/de-de\/\"},{\"@type\":\"ListItem\",\"position\":2,\"name\":\"Jugendliche &#8211; Beurteilung der PKU\"}]},{\"@type\":\"WebSite\",\"@id\":\"https:\/\/pku.biomarin.com\/de-de\/#website\",\"url\":\"https:\/\/pku.biomarin.com\/de-de\/\",\"name\":\"BioMarin PKU DSE Patient DE-DE\",\"description\":\"\",\"potentialAction\":[{\"@type\":\"SearchAction\",\"target\":{\"@type\":\"EntryPoint\",\"urlTemplate\":\"https:\/\/pku.biomarin.com\/de-de\/?s={search_term_string}\"},\"query-input\":{\"@type\":\"PropertyValueSpecification\",\"valueRequired\":true,\"valueName\":\"search_term_string\"}}],\"inLanguage\":\"de\"}]}<\/script>\n<!-- \/ Yoast SEO plugin. -->","yoast_head_json":{"title":"Jugendliche - Beurteilung der PKU - BioMarin PKU DSE Patient DE-DE","robots":{"index":"index","follow":"follow","max-snippet":"max-snippet:-1","max-image-preview":"max-image-preview:large","max-video-preview":"max-video-preview:-1"},"canonical":"https:\/\/pku.biomarin.com\/de-de\/jugendliche-beurteilung-der-pku\/","og_locale":"de_DE","og_type":"article","og_title":"Jugendliche - Beurteilung der PKU - BioMarin PKU DSE Patient DE-DE","og_url":"https:\/\/pku.biomarin.com\/de-de\/jugendliche-beurteilung-der-pku\/","og_site_name":"BioMarin PKU DSE Patient DE-DE","article_modified_time":"2025-02-28T20:51:51+00:00","twitter_card":"summary_large_image","schema":{"@context":"https:\/\/schema.org","@graph":[{"@type":"WebPage","@id":"https:\/\/pku.biomarin.com\/de-de\/jugendliche-beurteilung-der-pku\/","url":"https:\/\/pku.biomarin.com\/de-de\/jugendliche-beurteilung-der-pku\/","name":"Jugendliche - Beurteilung der PKU - BioMarin PKU DSE Patient DE-DE","isPartOf":{"@id":"https:\/\/pku.biomarin.com\/de-de\/#website"},"datePublished":"2024-02-01T20:23:44+00:00","dateModified":"2025-02-28T20:51:51+00:00","breadcrumb":{"@id":"https:\/\/pku.biomarin.com\/de-de\/jugendliche-beurteilung-der-pku\/#breadcrumb"},"inLanguage":"de","potentialAction":[{"@type":"ReadAction","target":["https:\/\/pku.biomarin.com\/de-de\/jugendliche-beurteilung-der-pku\/"]}]},{"@type":"BreadcrumbList","@id":"https:\/\/pku.biomarin.com\/de-de\/jugendliche-beurteilung-der-pku\/#breadcrumb","itemListElement":[{"@type":"ListItem","position":1,"name":"Home","item":"https:\/\/pku.biomarin.com\/de-de\/"},{"@type":"ListItem","position":2,"name":"Jugendliche &#8211; Beurteilung der PKU"}]},{"@type":"WebSite","@id":"https:\/\/pku.biomarin.com\/de-de\/#website","url":"https:\/\/pku.biomarin.com\/de-de\/","name":"BioMarin PKU DSE Patient DE-DE","description":"","potentialAction":[{"@type":"SearchAction","target":{"@type":"EntryPoint","urlTemplate":"https:\/\/pku.biomarin.com\/de-de\/?s={search_term_string}"},"query-input":{"@type":"PropertyValueSpecification","valueRequired":true,"valueName":"search_term_string"}}],"inLanguage":"de"}]}},"_links":{"self":[{"href":"https:\/\/pku.biomarin.com\/de-de\/wp-json\/wp\/v2\/pages\/3668","targetHints":{"allow":["GET"]}}],"collection":[{"href":"https:\/\/pku.biomarin.com\/de-de\/wp-json\/wp\/v2\/pages"}],"about":[{"href":"https:\/\/pku.biomarin.com\/de-de\/wp-json\/wp\/v2\/types\/page"}],"author":[{"embeddable":true,"href":"https:\/\/pku.biomarin.com\/de-de\/wp-json\/wp\/v2\/users\/3"}],"replies":[{"embeddable":true,"href":"https:\/\/pku.biomarin.com\/de-de\/wp-json\/wp\/v2\/comments?post=3668"}],"version-history":[{"count":15,"href":"https:\/\/pku.biomarin.com\/de-de\/wp-json\/wp\/v2\/pages\/3668\/revisions"}],"predecessor-version":[{"id":4721,"href":"https:\/\/pku.biomarin.com\/de-de\/wp-json\/wp\/v2\/pages\/3668\/revisions\/4721"}],"wp:attachment":[{"href":"https:\/\/pku.biomarin.com\/de-de\/wp-json\/wp\/v2\/media?parent=3668"}],"curies":[{"name":"wp","href":"https:\/\/api.w.org\/{rel}","templated":true}]}}