{"id":3647,"date":"2024-02-01T20:09:09","date_gmt":"2024-02-01T20:09:09","guid":{"rendered":"https:\/\/pku.biomarin.com\/de-de\/?page_id=3647"},"modified":"2025-02-28T20:52:34","modified_gmt":"2025-02-28T20:52:34","slug":"beurteilung-der-pku","status":"publish","type":"page","link":"https:\/\/pku.biomarin.com\/de-de\/beurteilung-der-pku\/","title":{"rendered":"Beurteilung der PKU"},"content":{"rendered":"<div id=\"acf-block-65bbfabdc3d5e\" class=\"hero\">\n            <div class=\"hero-background-image hero-background-image-desktop\" style=\"background-image: url(https:\/\/pku.biomarin.com\/de-de\/wp-content\/uploads\/sites\/12\/2023\/03\/Group-110-scaled-e1678703759379-2000x435.jpg);\"><\/div>\n\t    <div class=\"hero-background-image hero-background-image-mobile\" style=\"background-image: url(https:\/\/pku.biomarin.com\/de-de\/wp-content\/uploads\/sites\/12\/2023\/02\/pku-balloon-hero-mobile-830x800.jpg);\"><\/div>\n    \t<div class=\"overlay\"><\/div>\n\t<div class=\"wrapper\">\n\t\t<div class=\"inner-wrapper\">\n\t\t\t<div class=\"hero-content\">\n\t\t\t    \t\t\t\t\t\t\t\t\t\t\t\t    <h1>Beurteilung der PKU\n<\/h1>\n\t\t\t\t\t\t\t\t\t\t\t\t\n                <p class=\"inline-buttons\">\n                                                        <\/p>\n\t\t\t\t\t\t\t<\/div>\n\t\t<\/div>\n\t<\/div>\n<\/div>\n\n\n<div id=\"acf-block-65bbfbde84710\" class=\"block split-content equal-bias bottom-border\" data-muted-autoplay=\"false\">\n\t<div class=\"wrapper\">\n\t\t<div class=\"inner-wrapper\">\n\t\t                                                                <div class=\"content-block first-block\">\n                                                                                                                                                                                                                                                                                    \n                                    \n                                                                                                                \n                                    \n                                    <figure>\n                                        <div class=\"image image-rounded\">\n                                                                                            <img decoding=\"async\" class=\"\" src=\"https:\/\/pku.biomarin.com\/de-de\/wp-content\/uploads\/sites\/12\/2024\/02\/Adrian.png?v=0.85\" alt=\"\" \/>                                                                                    <\/div>\n                                                                            <\/figure>\n                                                                                    <\/div>\n                    \n                                            <div class=\"content-block second-block\">\n                                                                                                <h2>Kinder &#8211; Beurteilung der PKU<\/h2>\n<p>Trotz bester Bem\u00fchungen innerhalb Ihrer Familie kann es noch immer Phasen geben, in denen sich \u00fcberm\u00e4\u00dfig hohe oder schwankende Phe-Spiegel auf die Stimmung und das Konzentrationsverm\u00f6gen Ihres Kindes auswirken.<\/p>\n<p>Nutzen Sie unseren Fragebogen, um das Befinden Ihres Kindes besser deuten zu k\u00f6nnen, und verwenden Sie die Ergebnisse und Tipps als Grundlage f\u00fcr die Gespr\u00e4che mit Ihrem PKU-Team.<\/p>\n                                                                                                                                                                                                                                                                                                                                                                                                                                                                        <p><a class=\"button button-download\" href=\"https:\/\/pku.biomarin.com\/de-de\/wp-content\/uploads\/sites\/12\/2024\/02\/Children-Questionnaire-GER.pdf?v=0.62\" target=\"_blank\">Laden Sie hier den Fragebogen runter<\/a><\/p>\n                                                                                                                        <\/div>\n                                                \t\t<\/div>\n\t<\/div>\n<\/div>","protected":false},"excerpt":{"rendered":"","protected":false},"author":3,"featured_media":0,"parent":0,"menu_order":0,"comment_status":"closed","ping_status":"closed","template":"","meta":{"_acf_changed":false,"inline_featured_image":false,"footnotes":""},"class_list":["post-3647","page","type-page","status-publish","hentry"],"acf":[],"yoast_head":"<!-- This site is optimized with the Yoast SEO plugin v27.1.1 - https:\/\/yoast.com\/product\/yoast-seo-wordpress\/ -->\n<title>Beurteilung der PKU - BioMarin PKU DSE Patient DE-DE<\/title>\n<meta name=\"robots\" content=\"index, follow, max-snippet:-1, max-image-preview:large, max-video-preview:-1\" \/>\n<link rel=\"canonical\" href=\"https:\/\/pku.biomarin.com\/de-de\/beurteilung-der-pku\/\" \/>\n<meta property=\"og:locale\" content=\"de_DE\" \/>\n<meta property=\"og:type\" content=\"article\" \/>\n<meta property=\"og:title\" content=\"Beurteilung der PKU - BioMarin PKU DSE Patient DE-DE\" \/>\n<meta property=\"og:url\" content=\"https:\/\/pku.biomarin.com\/de-de\/beurteilung-der-pku\/\" \/>\n<meta property=\"og:site_name\" content=\"BioMarin PKU DSE Patient DE-DE\" \/>\n<meta property=\"article:modified_time\" content=\"2025-02-28T20:52:34+00:00\" \/>\n<meta name=\"twitter:card\" content=\"summary_large_image\" \/>\n<script type=\"application\/ld+json\" class=\"yoast-schema-graph\">{\"@context\":\"https:\/\/schema.org\",\"@graph\":[{\"@type\":\"WebPage\",\"@id\":\"https:\/\/pku.biomarin.com\/de-de\/beurteilung-der-pku\/\",\"url\":\"https:\/\/pku.biomarin.com\/de-de\/beurteilung-der-pku\/\",\"name\":\"Beurteilung der PKU - BioMarin PKU DSE Patient DE-DE\",\"isPartOf\":{\"@id\":\"https:\/\/pku.biomarin.com\/de-de\/#website\"},\"datePublished\":\"2024-02-01T20:09:09+00:00\",\"dateModified\":\"2025-02-28T20:52:34+00:00\",\"breadcrumb\":{\"@id\":\"https:\/\/pku.biomarin.com\/de-de\/beurteilung-der-pku\/#breadcrumb\"},\"inLanguage\":\"de\",\"potentialAction\":[{\"@type\":\"ReadAction\",\"target\":[\"https:\/\/pku.biomarin.com\/de-de\/beurteilung-der-pku\/\"]}]},{\"@type\":\"BreadcrumbList\",\"@id\":\"https:\/\/pku.biomarin.com\/de-de\/beurteilung-der-pku\/#breadcrumb\",\"itemListElement\":[{\"@type\":\"ListItem\",\"position\":1,\"name\":\"Home\",\"item\":\"https:\/\/pku.biomarin.com\/de-de\/\"},{\"@type\":\"ListItem\",\"position\":2,\"name\":\"Beurteilung der PKU\"}]},{\"@type\":\"WebSite\",\"@id\":\"https:\/\/pku.biomarin.com\/de-de\/#website\",\"url\":\"https:\/\/pku.biomarin.com\/de-de\/\",\"name\":\"BioMarin PKU DSE Patient DE-DE\",\"description\":\"\",\"potentialAction\":[{\"@type\":\"SearchAction\",\"target\":{\"@type\":\"EntryPoint\",\"urlTemplate\":\"https:\/\/pku.biomarin.com\/de-de\/?s={search_term_string}\"},\"query-input\":{\"@type\":\"PropertyValueSpecification\",\"valueRequired\":true,\"valueName\":\"search_term_string\"}}],\"inLanguage\":\"de\"}]}<\/script>\n<!-- \/ Yoast SEO plugin. -->","yoast_head_json":{"title":"Beurteilung der PKU - BioMarin PKU DSE Patient DE-DE","robots":{"index":"index","follow":"follow","max-snippet":"max-snippet:-1","max-image-preview":"max-image-preview:large","max-video-preview":"max-video-preview:-1"},"canonical":"https:\/\/pku.biomarin.com\/de-de\/beurteilung-der-pku\/","og_locale":"de_DE","og_type":"article","og_title":"Beurteilung der PKU - BioMarin PKU DSE Patient DE-DE","og_url":"https:\/\/pku.biomarin.com\/de-de\/beurteilung-der-pku\/","og_site_name":"BioMarin PKU DSE Patient DE-DE","article_modified_time":"2025-02-28T20:52:34+00:00","twitter_card":"summary_large_image","schema":{"@context":"https:\/\/schema.org","@graph":[{"@type":"WebPage","@id":"https:\/\/pku.biomarin.com\/de-de\/beurteilung-der-pku\/","url":"https:\/\/pku.biomarin.com\/de-de\/beurteilung-der-pku\/","name":"Beurteilung der PKU - BioMarin PKU DSE Patient DE-DE","isPartOf":{"@id":"https:\/\/pku.biomarin.com\/de-de\/#website"},"datePublished":"2024-02-01T20:09:09+00:00","dateModified":"2025-02-28T20:52:34+00:00","breadcrumb":{"@id":"https:\/\/pku.biomarin.com\/de-de\/beurteilung-der-pku\/#breadcrumb"},"inLanguage":"de","potentialAction":[{"@type":"ReadAction","target":["https:\/\/pku.biomarin.com\/de-de\/beurteilung-der-pku\/"]}]},{"@type":"BreadcrumbList","@id":"https:\/\/pku.biomarin.com\/de-de\/beurteilung-der-pku\/#breadcrumb","itemListElement":[{"@type":"ListItem","position":1,"name":"Home","item":"https:\/\/pku.biomarin.com\/de-de\/"},{"@type":"ListItem","position":2,"name":"Beurteilung der PKU"}]},{"@type":"WebSite","@id":"https:\/\/pku.biomarin.com\/de-de\/#website","url":"https:\/\/pku.biomarin.com\/de-de\/","name":"BioMarin PKU DSE Patient DE-DE","description":"","potentialAction":[{"@type":"SearchAction","target":{"@type":"EntryPoint","urlTemplate":"https:\/\/pku.biomarin.com\/de-de\/?s={search_term_string}"},"query-input":{"@type":"PropertyValueSpecification","valueRequired":true,"valueName":"search_term_string"}}],"inLanguage":"de"}]}},"_links":{"self":[{"href":"https:\/\/pku.biomarin.com\/de-de\/wp-json\/wp\/v2\/pages\/3647","targetHints":{"allow":["GET"]}}],"collection":[{"href":"https:\/\/pku.biomarin.com\/de-de\/wp-json\/wp\/v2\/pages"}],"about":[{"href":"https:\/\/pku.biomarin.com\/de-de\/wp-json\/wp\/v2\/types\/page"}],"author":[{"embeddable":true,"href":"https:\/\/pku.biomarin.com\/de-de\/wp-json\/wp\/v2\/users\/3"}],"replies":[{"embeddable":true,"href":"https:\/\/pku.biomarin.com\/de-de\/wp-json\/wp\/v2\/comments?post=3647"}],"version-history":[{"count":24,"href":"https:\/\/pku.biomarin.com\/de-de\/wp-json\/wp\/v2\/pages\/3647\/revisions"}],"predecessor-version":[{"id":4722,"href":"https:\/\/pku.biomarin.com\/de-de\/wp-json\/wp\/v2\/pages\/3647\/revisions\/4722"}],"wp:attachment":[{"href":"https:\/\/pku.biomarin.com\/de-de\/wp-json\/wp\/v2\/media?parent=3647"}],"curies":[{"name":"wp","href":"https:\/\/api.w.org\/{rel}","templated":true}]}}