{"id":1542,"date":"2023-02-24T18:18:34","date_gmt":"2023-02-24T18:18:34","guid":{"rendered":"https:\/\/pku.biomarin.com\/de-de\/?page_id=1542"},"modified":"2024-02-05T00:08:25","modified_gmt":"2024-02-05T00:08:25","slug":"perfektes-weissbrot","status":"publish","type":"page","link":"https:\/\/pku.biomarin.com\/de-de\/rezepte\/perfektes-weissbrot\/","title":{"rendered":"Perfektes Wei\u00dfbrot"},"content":{"rendered":"<div id=\"acf-block-63f7f410efc9e\" class=\"hero\">\n            <div class=\"hero-background-image hero-background-image-desktop\" style=\"background-image: url(https:\/\/pku.biomarin.com\/de-de\/wp-content\/uploads\/sites\/12\/2023\/03\/Group-110-scaled-e1678703759379-2000x435.jpg);\"><\/div>\n\t    <div class=\"hero-background-image hero-background-image-mobile\" style=\"background-image: url(https:\/\/pku.biomarin.com\/de-de\/wp-content\/uploads\/sites\/12\/2023\/02\/pku-balloon-hero-mobile-830x800.jpg);\"><\/div>\n    \t<div class=\"overlay\"><\/div>\n\t<div class=\"wrapper\">\n\t\t<div class=\"inner-wrapper\">\n\t\t\t<div class=\"hero-content\">\n\t\t\t    \t\t\t\t\t\t\t\t\t\t\t\t    <h1>Perfektes Wei\u00dfbrot\n<\/h1>\n\t\t\t\t\t\t\t\t\t\t\t\t\n                <p class=\"inline-buttons\">\n                                                        <\/p>\n\t\t\t\t\t\t\t<\/div>\n\t\t<\/div>\n\t<\/div>\n<\/div>\n\n\n<div id=\"constant\" class=\"block wrapped-content\">\n    <div class=\"wrapper\">\n        <div class=\"inner-wrapper\">\n                \n<div id=\"acf-block-63f7f410eff67\" class=\"block-wysiwyg\">\n            <h3>Schauen Sie sich die folgenden Informationen an, um eine k\u00f6stliche Mahlzeit zu finden, die Sie zu Hause zubereiten k\u00f6nnen.<\/h3>\n    <\/div>\n        <\/div>\n    <\/div>\n<\/div>\n\n<div id=\"nutr-info-IMG\" class=\"block split-content equal-bias content-align-top bottom-border block-tight-top block-tight-bottom\" data-muted-autoplay=\"false\">\n\t<div class=\"wrapper\">\n\t\t<div class=\"inner-wrapper\">\n\t\t                                                                <div class=\"content-block first-block\">\n                                                                                                <h3>N\u00e4hrwertangaben pro Portion<br \/>\nPhe (mg):12<\/h3>\n<p>Portionsgr\u00f6\u00dfe: 1 Scheibe (Rezept ergibt 1 Laib)<br \/>\nBrennwert (kcal): 176,1<br \/>\nEiwei\u00df (g): 0,3<br \/>\nFett (g): 7,1<\/p>\n                                                                                    <\/div>\n                    \n                                            <div class=\"content-block second-block\">\n                                                                                                                                                                                                                                                                                    \n                                    \n                                                                                                                \n                                    \n                                    <figure>\n                                        <div class=\"image image-rounded\">\n                                                                                            <img decoding=\"async\" class=\"\" src=\"https:\/\/pku.biomarin.com\/de-de\/wp-content\/uploads\/sites\/12\/2023\/02\/4.0_Desktop_Perfect_Loaf_Bread.jpg?v=0.85\" alt=\"\" \/>                                                                                    <\/div>\n                                                                                    <figcaption>Zutaten\n\n2 EL Raps\u00f6l\n2 EL Honig\n75 ml Wasser\n300 g Weizenst\u00e4rke\n2 EL ballaststoffreiches Inulin-Pulver\n1\u00bd TL Trockenhefe\n\u00bd TL Meersalz\n\u00bd TL Knoblauchsalz\n4 EL Raps\u00f6l (zus\u00e4tzlich f\u00fcr die Arbeitsfl\u00e4che)\n\n<\/figcaption>\n                                                                            <\/figure>\n                                                                                    <\/div>\n                                                \t\t<\/div>\n\t<\/div>\n<\/div>\n\n<div id=\"Ingred-Instr\" class=\"block split-content equal-bias content-align-top bottom-border block-tight-top block-tight-bottom\" data-muted-autoplay=\"false\">\n\t<div class=\"wrapper\">\n\t\t<div class=\"inner-wrapper\">\n\t\t                                                                <div class=\"content-block first-block\">\n                                                                                                <h3>Zutaten<\/h3>\n<ul>\n<li>2 EL Raps\u00f6l<\/li>\n<li>2 EL Honig<\/li>\n<li>75 ml Wasser<\/li>\n<li>300 g Weizenst\u00e4rke<\/li>\n<li>2 EL ballaststoffreiches Inulin-Pulver<\/li>\n<li>1\u00bd TL Trockenhefe<\/li>\n<li>\u00bd TL Meersalz<\/li>\n<li>\u00bd TL Knoblauchsalz<\/li>\n<li>4 EL Raps\u00f6l (zus\u00e4tzlich f\u00fcr die Arbeitsfl\u00e4che)<\/li>\n<\/ul>\n                                                                                    <\/div>\n                    \n                                            <div class=\"content-block second-block\">\n                                                                                                <h3>Zubereitung<\/h3>\n<p><em>Hinweis: Bei diesem Rezept wird der Teig in einer Brotbackmaschine zubereitet. Falls Sie keine Brotbackmaschine haben, kann der Teig auch in einer Sch\u00fcssel hergestellt werden. Bitte lassen Sie ihn in diesem Fall 60\u201390 Minuten bei <\/em>30\u201335 \u00b0C<em> gehen.<\/em><\/p>\n<ol>\n<li>Die ersten 3 Zutaten in die vorgew\u00e4rmte Form der Brotbackmaschine geben.<\/li>\n<li>St\u00e4rke, Inulin-Pulver, Hefe und die beiden Sorten Salz in einer Sch\u00fcssel miteinander vermengen und dann in die Brotbackmaschine geben.<\/li>\n<li>Teigprogramm starten (normalerweise 1\u20131\u00bd Stunden Kneten und Ruhen).<\/li>\n<li>Wenn das Programm fertig ist, Teig auf die ge\u00f6lte Arbeitsfl\u00e4che geben. Mit einem Teigschaber oder -spatel das \u00d6l auf dem Brotteig verteilen und dann von Hand falten.<\/li>\n<li>Nach einer Minute Kneten den Teig in die H\u00e4nde nehmen und einen Ball formen. Wenn der Teig relativ glatt ist, diesen in eine Kastenform geben, die zuvor mit Trennspray eingespr\u00fcht wurde.<\/li>\n<li>In den warmen Backofen stellen (f\u00fcr einige Minuten einschalten und dann wieder ausschalten) und 15\u201320 Minuten gehen lassen.<\/li>\n<li>Brot im Backofen lassen und auf 190 \u00b0C einstellen. 30\u201340 Minuten backen. Die Temperatur im Inneren sollte bei 90 \u00b0C liegen. Die Kruste sollte goldbraun sein.<\/li>\n<li>Aus der Form st\u00fcrzen und auf einem Gitter vollst\u00e4ndig abk\u00fchlen lassen. In einen gro\u00dfen Ziplock-Beutel geben und bei Ihrem \u00f6rtlichen B\u00e4cker schneiden lassen. Einzelne Scheiben oder den gesamten Laib bis zum Verzehr einfrieren.<\/li>\n<\/ol>\n                                                                                    <\/div>\n                                                \t\t<\/div>\n\t<\/div>\n<\/div>\n\n<div id=\"constant\" class=\"block wrapped-content block-tight-top block-tight-bottom\">\n    <div class=\"wrapper\">\n        <div class=\"inner-wrapper\">\n                \n<div id=\"acf-block-63f7f410f0996\" class=\"block-wysiwyg\">\n            <p>N\u00e4hrwertinformationen, einschlie\u00dflich Phenylalanin (Phe)-Werte, werden mithilfe der Metabolic Pro-Datenbank gesch\u00e4tzt, die von Genetic Metabolic Dietitians International (GMDI) erstellt und gepflegt wird.<br \/>\n<em><br \/>\nKonsultieren Sie immer Ihren Ern\u00e4hrungsberater, bevor Sie \u00c4nderungen an Ihrer Ern\u00e4hrung vornehmen.<\/em><\/p>\n    <\/div>\n        <\/div>\n    <\/div>\n<\/div>\n\n<div id=\"Nxt-Pre\" class=\"block next-previous block-tight-top block-tight-bottom\">\n    <div class=\"wrapper\">\n\t\t<div class=\"inner-wrapper\">\n            <div class=\"link link-prev\">\n                                    <p><a class=\"button button-text button-arrow button-arrow-left\" href=\"https:\/\/pku.biomarin.com\/de-de\/recipes\/einfache-griechische-sauce\/\" target=\"_self\">Einfache griechische Sauce<\/a><\/p>\n                            <\/div>\n            <div class=\"link link-next\">\n                                    <p><a class=\"button button-text button-arrow\" href=\"https:\/\/pku.biomarin.com\/de-de\/recipes\/salattaschen-mit-pastinake-und-shiitake\/\" target=\"_self\">Salattaschen mit Pastinake und Shiitake<\/a><\/p>\n                            <\/div>\n\t\t<\/div>\n\t<\/div>\n<\/div>","protected":false},"excerpt":{"rendered":"","protected":false},"author":3,"featured_media":0,"parent":68,"menu_order":0,"comment_status":"closed","ping_status":"closed","template":"","meta":{"_acf_changed":false,"inline_featured_image":false,"footnotes":""},"class_list":["post-1542","page","type-page","status-publish","hentry"],"acf":[],"yoast_head":"<!-- This site is optimized with the Yoast SEO plugin v27.4 - https:\/\/yoast.com\/product\/yoast-seo-wordpress\/ -->\n<title>Perfektes Wei\u00dfbrot - BioMarin PKU DSE Patient DE-DE<\/title>\n<meta name=\"robots\" content=\"index, follow, max-snippet:-1, max-image-preview:large, max-video-preview:-1\" \/>\n<link rel=\"canonical\" href=\"https:\/\/pku.biomarin.com\/de-de\/rezepte\/perfektes-weissbrot\/\" \/>\n<meta property=\"og:locale\" content=\"de_DE\" \/>\n<meta property=\"og:type\" content=\"article\" \/>\n<meta property=\"og:title\" content=\"Perfektes Wei\u00dfbrot - BioMarin PKU DSE Patient DE-DE\" \/>\n<meta property=\"og:url\" content=\"https:\/\/pku.biomarin.com\/de-de\/rezepte\/perfektes-weissbrot\/\" \/>\n<meta property=\"og:site_name\" content=\"BioMarin PKU DSE Patient DE-DE\" \/>\n<meta property=\"article:modified_time\" content=\"2024-02-05T00:08:25+00:00\" \/>\n<meta name=\"twitter:card\" content=\"summary_large_image\" \/>\n<script type=\"application\/ld+json\" class=\"yoast-schema-graph\">{\"@context\":\"https:\\\/\\\/schema.org\",\"@graph\":[{\"@type\":\"WebPage\",\"@id\":\"https:\\\/\\\/pku.biomarin.com\\\/de-de\\\/rezepte\\\/perfektes-weissbrot\\\/\",\"url\":\"https:\\\/\\\/pku.biomarin.com\\\/de-de\\\/rezepte\\\/perfektes-weissbrot\\\/\",\"name\":\"Perfektes Wei\u00dfbrot - BioMarin PKU DSE Patient DE-DE\",\"isPartOf\":{\"@id\":\"https:\\\/\\\/pku.biomarin.com\\\/de-de\\\/#website\"},\"datePublished\":\"2023-02-24T18:18:34+00:00\",\"dateModified\":\"2024-02-05T00:08:25+00:00\",\"breadcrumb\":{\"@id\":\"https:\\\/\\\/pku.biomarin.com\\\/de-de\\\/rezepte\\\/perfektes-weissbrot\\\/#breadcrumb\"},\"inLanguage\":\"de\",\"potentialAction\":[{\"@type\":\"ReadAction\",\"target\":[\"https:\\\/\\\/pku.biomarin.com\\\/de-de\\\/rezepte\\\/perfektes-weissbrot\\\/\"]}]},{\"@type\":\"BreadcrumbList\",\"@id\":\"https:\\\/\\\/pku.biomarin.com\\\/de-de\\\/rezepte\\\/perfektes-weissbrot\\\/#breadcrumb\",\"itemListElement\":[{\"@type\":\"ListItem\",\"position\":1,\"name\":\"Home\",\"item\":\"https:\\\/\\\/pku.biomarin.com\\\/de-de\\\/\"},{\"@type\":\"ListItem\",\"position\":2,\"name\":\"Rezepte\",\"item\":\"https:\\\/\\\/pku.biomarin.com\\\/de-de\\\/rezepte\\\/\"},{\"@type\":\"ListItem\",\"position\":3,\"name\":\"Perfektes Wei\u00dfbrot\"}]},{\"@type\":\"WebSite\",\"@id\":\"https:\\\/\\\/pku.biomarin.com\\\/de-de\\\/#website\",\"url\":\"https:\\\/\\\/pku.biomarin.com\\\/de-de\\\/\",\"name\":\"BioMarin PKU DSE Patient DE-DE\",\"description\":\"\",\"potentialAction\":[{\"@type\":\"SearchAction\",\"target\":{\"@type\":\"EntryPoint\",\"urlTemplate\":\"https:\\\/\\\/pku.biomarin.com\\\/de-de\\\/?s={search_term_string}\"},\"query-input\":{\"@type\":\"PropertyValueSpecification\",\"valueRequired\":true,\"valueName\":\"search_term_string\"}}],\"inLanguage\":\"de\"}]}<\/script>\n<!-- \/ Yoast SEO plugin. -->","yoast_head_json":{"title":"Perfektes Wei\u00dfbrot - BioMarin PKU DSE Patient DE-DE","robots":{"index":"index","follow":"follow","max-snippet":"max-snippet:-1","max-image-preview":"max-image-preview:large","max-video-preview":"max-video-preview:-1"},"canonical":"https:\/\/pku.biomarin.com\/de-de\/rezepte\/perfektes-weissbrot\/","og_locale":"de_DE","og_type":"article","og_title":"Perfektes Wei\u00dfbrot - BioMarin PKU DSE Patient DE-DE","og_url":"https:\/\/pku.biomarin.com\/de-de\/rezepte\/perfektes-weissbrot\/","og_site_name":"BioMarin PKU DSE Patient DE-DE","article_modified_time":"2024-02-05T00:08:25+00:00","twitter_card":"summary_large_image","schema":{"@context":"https:\/\/schema.org","@graph":[{"@type":"WebPage","@id":"https:\/\/pku.biomarin.com\/de-de\/rezepte\/perfektes-weissbrot\/","url":"https:\/\/pku.biomarin.com\/de-de\/rezepte\/perfektes-weissbrot\/","name":"Perfektes Wei\u00dfbrot - BioMarin PKU DSE Patient DE-DE","isPartOf":{"@id":"https:\/\/pku.biomarin.com\/de-de\/#website"},"datePublished":"2023-02-24T18:18:34+00:00","dateModified":"2024-02-05T00:08:25+00:00","breadcrumb":{"@id":"https:\/\/pku.biomarin.com\/de-de\/rezepte\/perfektes-weissbrot\/#breadcrumb"},"inLanguage":"de","potentialAction":[{"@type":"ReadAction","target":["https:\/\/pku.biomarin.com\/de-de\/rezepte\/perfektes-weissbrot\/"]}]},{"@type":"BreadcrumbList","@id":"https:\/\/pku.biomarin.com\/de-de\/rezepte\/perfektes-weissbrot\/#breadcrumb","itemListElement":[{"@type":"ListItem","position":1,"name":"Home","item":"https:\/\/pku.biomarin.com\/de-de\/"},{"@type":"ListItem","position":2,"name":"Rezepte","item":"https:\/\/pku.biomarin.com\/de-de\/rezepte\/"},{"@type":"ListItem","position":3,"name":"Perfektes Wei\u00dfbrot"}]},{"@type":"WebSite","@id":"https:\/\/pku.biomarin.com\/de-de\/#website","url":"https:\/\/pku.biomarin.com\/de-de\/","name":"BioMarin PKU DSE Patient DE-DE","description":"","potentialAction":[{"@type":"SearchAction","target":{"@type":"EntryPoint","urlTemplate":"https:\/\/pku.biomarin.com\/de-de\/?s={search_term_string}"},"query-input":{"@type":"PropertyValueSpecification","valueRequired":true,"valueName":"search_term_string"}}],"inLanguage":"de"}]}},"_links":{"self":[{"href":"https:\/\/pku.biomarin.com\/de-de\/wp-json\/wp\/v2\/pages\/1542","targetHints":{"allow":["GET"]}}],"collection":[{"href":"https:\/\/pku.biomarin.com\/de-de\/wp-json\/wp\/v2\/pages"}],"about":[{"href":"https:\/\/pku.biomarin.com\/de-de\/wp-json\/wp\/v2\/types\/page"}],"author":[{"embeddable":true,"href":"https:\/\/pku.biomarin.com\/de-de\/wp-json\/wp\/v2\/users\/3"}],"replies":[{"embeddable":true,"href":"https:\/\/pku.biomarin.com\/de-de\/wp-json\/wp\/v2\/comments?post=1542"}],"version-history":[{"count":22,"href":"https:\/\/pku.biomarin.com\/de-de\/wp-json\/wp\/v2\/pages\/1542\/revisions"}],"predecessor-version":[{"id":4508,"href":"https:\/\/pku.biomarin.com\/de-de\/wp-json\/wp\/v2\/pages\/1542\/revisions\/4508"}],"up":[{"embeddable":true,"href":"https:\/\/pku.biomarin.com\/de-de\/wp-json\/wp\/v2\/pages\/68"}],"wp:attachment":[{"href":"https:\/\/pku.biomarin.com\/de-de\/wp-json\/wp\/v2\/media?parent=1542"}],"curies":[{"name":"wp","href":"https:\/\/api.w.org\/{rel}","templated":true}]}}