{"id":1516,"date":"2023-02-24T18:14:17","date_gmt":"2023-02-24T18:14:17","guid":{"rendered":"https:\/\/pku.biomarin.com\/de-de\/?page_id=1516"},"modified":"2024-02-04T23:24:36","modified_gmt":"2024-02-04T23:24:36","slug":"herzfoermige-pfannkuchen-mit-brombeer-ahorn-sirup","status":"publish","type":"page","link":"https:\/\/pku.biomarin.com\/de-de\/rezepte\/herzfoermige-pfannkuchen-mit-brombeer-ahorn-sirup\/","title":{"rendered":"Herzf\u00f6rmige Pfannkuchen mit Brombeer-Ahorn-Sirup"},"content":{"rendered":"<div id=\"acf-block-63f7f410efc9e\" class=\"hero\">\n            <div class=\"hero-background-image hero-background-image-desktop\" style=\"background-image: url(https:\/\/pku.biomarin.com\/de-de\/wp-content\/uploads\/sites\/12\/2023\/03\/Group-110-scaled-e1678703759379-2000x435.jpg);\"><\/div>\n\t    <div class=\"hero-background-image hero-background-image-mobile\" style=\"background-image: url(https:\/\/pku.biomarin.com\/de-de\/wp-content\/uploads\/sites\/12\/2023\/02\/pku-balloon-hero-mobile-830x800.jpg);\"><\/div>\n    \t<div class=\"overlay\"><\/div>\n\t<div class=\"wrapper\">\n\t\t<div class=\"inner-wrapper\">\n\t\t\t<div class=\"hero-content\">\n\t\t\t    \t\t\t\t\t\t\t\t\t\t\t\t    <h1>Herzf\u00f6rmige Pfannkuchen mit Brombeer-Ahorn-Sirup\n<\/h1>\n\t\t\t\t\t\t\t\t\t\t\t\t\n                <p class=\"inline-buttons\">\n                                                        <\/p>\n\t\t\t\t\t\t\t<\/div>\n\t\t<\/div>\n\t<\/div>\n<\/div>\n\n\n<div id=\"constant\" class=\"block wrapped-content\">\n    <div class=\"wrapper\">\n        <div class=\"inner-wrapper\">\n                \n<div id=\"acf-block-63f7f410eff67\" class=\"block-wysiwyg\">\n            <h3>Schauen Sie sich die folgenden Informationen an, um eine k\u00f6stliche Mahlzeit zu finden, die Sie zu Hause zubereiten k\u00f6nnen.<\/h3>\n    <\/div>\n        <\/div>\n    <\/div>\n<\/div>\n\n<div id=\"nutr-info-IMG\" class=\"block split-content equal-bias content-align-top bottom-border block-tight-top block-tight-bottom\" data-muted-autoplay=\"false\">\n\t<div class=\"wrapper\">\n\t\t<div class=\"inner-wrapper\">\n\t\t                                                                <div class=\"content-block first-block\">\n                                                                                                <h3>N\u00e4hrwertangaben pro Portion<br \/>\nPhe (mg):87<\/h3>\n<p>Portionsgr\u00f6\u00dfe: 2 (10 cm gro\u00dfe) Pfannkuchen<br \/>\nBrennwert (kcal): 333,5<br \/>\nEiwei\u00df (g): 1,8<br \/>\nFett (g): 12<\/p>\n                                                                                    <\/div>\n                    \n                                            <div class=\"content-block second-block\">\n                                                                                                                                                                                                                                                                                    \n                                    \n                                                                                                                \n                                    \n                                    <figure>\n                                        <div class=\"image image-rounded\">\n                                                                                            <img decoding=\"async\" class=\"\" src=\"https:\/\/pku.biomarin.com\/de-de\/wp-content\/uploads\/sites\/12\/2023\/02\/5.2_Desktop_Heart-shaped_Pancakes_with_Maple_Blackberry_Syrup.jpg?v=0.85\" alt=\"\" \/>                                                                                    <\/div>\n                                                                            <\/figure>\n                                                                                    <\/div>\n                                                \t\t<\/div>\n\t<\/div>\n<\/div>\n\n<div id=\"Ingred-Instr\" class=\"block split-content equal-bias content-align-top bottom-border\" data-muted-autoplay=\"false\">\n\t<div class=\"wrapper\">\n\t\t<div class=\"inner-wrapper\">\n\t\t                                                                <div class=\"content-block first-block\">\n                                                                                                <h3>Zutaten<\/h3>\n<p><strong>F\u00fcr die Pfannkuchen<\/strong><\/p>\n<ul>\n<li>480 g Weizenmehl<\/li>\n<li>30 g Maisst\u00e4rke<\/li>\n<li>\u00bd TL Backpulver<\/li>\n<li>\u00bd TL Salz<\/li>\n<li>1 EL \u00d6l<\/li>\n<li>6\u20138 EL Wasser<\/li>\n<li>2 TL \u00d6l zum Ausbacken der Pfannkuchen<\/li>\n<\/ul>\n<p><strong>F\u00fcr den Sirup<\/strong><\/p>\n<ul>\n<li>25 g Brombeeren<\/li>\n<li>1 TL Vanilleextrakt<\/li>\n<li>4 EL Ahornsirup<\/li>\n<\/ul>\n                                                                                    <\/div>\n                    \n                                            <div class=\"content-block second-block\">\n                                                                                                <h3>Zubereitung<\/h3>\n<ol>\n<li>Brombeeren, Vanilleextrakt und Ahornsirup p\u00fcrieren. Sirup in einen kleinen Topf geben, zum Kochen bringen und bei niedriger bis mittlerer Hitze etwa 3 Minuten k\u00f6cheln lassen.<\/li>\n<li>Mehl, Maisst\u00e4rke, Backpulver und Salz miteinander vermischen. \u00d6l und Wasser hinzugeben und zu Pfannkuchenteig verarbeiten.<\/li>\n<li>Etwas \u00d6l in eine Pfanne geben und auf mittlerer Stufe erhitzen.<\/li>\n<li>Herzf\u00f6rmige Pl\u00e4tzchenform leicht ein\u00f6len.<\/li>\n<li>Pl\u00e4tzchenform in die Pfanne setzen und \u00bc des Teigs in die Form geben. 2 Minuten ausbacken, dann die Pl\u00e4tzchenform abheben und beiseitelegen.<\/li>\n<li>Pfannkuchen wenden und eine weitere Minute ausbacken. Mit dem restlichen Teig ebenso verfahren.<\/li>\n<li>Wenn Sie auf die Pl\u00e4tzchenform verzichten und einfach einen runden Pfannkuchen zubereiten wollen, geben Sie den Teig direkt in die Pfanne, neigen die Pfanne einmal kurz im Kreis, um den Teig darin zu verteilen und backen den Pfannkuchen 2 Minuten aus. Dann wenden Sie ihn und backen ihn eine weitere Minute.<\/li>\n<li>Sirup darauf verteilen.<\/li>\n<\/ol>\n                                                                                    <\/div>\n                                                \t\t<\/div>\n\t<\/div>\n<\/div>\n\n<div id=\"constant\" class=\"block wrapped-content block-tight-top block-tight-bottom\">\n    <div class=\"wrapper\">\n        <div class=\"inner-wrapper\">\n                \n<div id=\"acf-block-63f7f410f0996\" class=\"block-wysiwyg\">\n            <p>N\u00e4hrwertinformationen, einschlie\u00dflich Phenylalanin (Phe)-Werte, werden mithilfe der Metabolic Pro-Datenbank gesch\u00e4tzt, die von Genetic Metabolic Dietitians International (GMDI) erstellt und gepflegt wird.<br \/>\n<em><br \/>\nKonsultieren Sie immer Ihren Ern\u00e4hrungsberater, bevor Sie \u00c4nderungen an Ihrer Ern\u00e4hrung vornehmen.<\/em><\/p>\n    <\/div>\n        <\/div>\n    <\/div>\n<\/div>\n\n<div id=\"Nxt-Pre\" class=\"block next-previous block-tight-top block-tight-bottom\">\n    <div class=\"wrapper\">\n\t\t<div class=\"inner-wrapper\">\n            <div class=\"link link-prev\">\n                                    <p><a class=\"button button-text button-arrow button-arrow-left\" href=\"https:\/\/pku.biomarin.com\/de-de\/recipes\/scones-mit-sonnengetrockneten-tomaten\/\" target=\"_self\">Scones mit sonnengetrockneten Tomaten<\/a><\/p>\n                            <\/div>\n            <div class=\"link link-next\">\n                                    <p><a class=\"button button-text button-arrow\" href=\"https:\/\/pku.biomarin.com\/de-de\/recipes\/scones-mit-dreierlei-zesten\/\" target=\"_self\">Scones mit dreierlei Zesten<\/a><\/p>\n                            <\/div>\n\t\t<\/div>\n\t<\/div>\n<\/div>","protected":false},"excerpt":{"rendered":"","protected":false},"author":3,"featured_media":0,"parent":68,"menu_order":0,"comment_status":"closed","ping_status":"closed","template":"","meta":{"_acf_changed":false,"inline_featured_image":false,"footnotes":""},"class_list":["post-1516","page","type-page","status-publish","hentry"],"acf":[],"yoast_head":"<!-- This site is optimized with the Yoast SEO plugin v27.4 - https:\/\/yoast.com\/product\/yoast-seo-wordpress\/ -->\n<title>Herzf\u00f6rmige Pfannkuchen mit Brombeer-Ahorn-Sirup - BioMarin PKU DSE Patient DE-DE<\/title>\n<meta name=\"robots\" content=\"index, follow, max-snippet:-1, max-image-preview:large, max-video-preview:-1\" \/>\n<link rel=\"canonical\" href=\"https:\/\/pku.biomarin.com\/de-de\/rezepte\/herzfoermige-pfannkuchen-mit-brombeer-ahorn-sirup\/\" \/>\n<meta property=\"og:locale\" content=\"de_DE\" \/>\n<meta property=\"og:type\" content=\"article\" \/>\n<meta property=\"og:title\" content=\"Herzf\u00f6rmige Pfannkuchen mit Brombeer-Ahorn-Sirup - BioMarin PKU DSE Patient DE-DE\" \/>\n<meta property=\"og:url\" content=\"https:\/\/pku.biomarin.com\/de-de\/rezepte\/herzfoermige-pfannkuchen-mit-brombeer-ahorn-sirup\/\" \/>\n<meta property=\"og:site_name\" content=\"BioMarin PKU DSE Patient DE-DE\" \/>\n<meta property=\"article:modified_time\" content=\"2024-02-04T23:24:36+00:00\" \/>\n<meta name=\"twitter:card\" content=\"summary_large_image\" \/>\n<script type=\"application\/ld+json\" class=\"yoast-schema-graph\">{\"@context\":\"https:\\\/\\\/schema.org\",\"@graph\":[{\"@type\":\"WebPage\",\"@id\":\"https:\\\/\\\/pku.biomarin.com\\\/de-de\\\/rezepte\\\/herzfoermige-pfannkuchen-mit-brombeer-ahorn-sirup\\\/\",\"url\":\"https:\\\/\\\/pku.biomarin.com\\\/de-de\\\/rezepte\\\/herzfoermige-pfannkuchen-mit-brombeer-ahorn-sirup\\\/\",\"name\":\"Herzf\u00f6rmige Pfannkuchen mit Brombeer-Ahorn-Sirup - BioMarin PKU DSE Patient DE-DE\",\"isPartOf\":{\"@id\":\"https:\\\/\\\/pku.biomarin.com\\\/de-de\\\/#website\"},\"datePublished\":\"2023-02-24T18:14:17+00:00\",\"dateModified\":\"2024-02-04T23:24:36+00:00\",\"breadcrumb\":{\"@id\":\"https:\\\/\\\/pku.biomarin.com\\\/de-de\\\/rezepte\\\/herzfoermige-pfannkuchen-mit-brombeer-ahorn-sirup\\\/#breadcrumb\"},\"inLanguage\":\"de\",\"potentialAction\":[{\"@type\":\"ReadAction\",\"target\":[\"https:\\\/\\\/pku.biomarin.com\\\/de-de\\\/rezepte\\\/herzfoermige-pfannkuchen-mit-brombeer-ahorn-sirup\\\/\"]}]},{\"@type\":\"BreadcrumbList\",\"@id\":\"https:\\\/\\\/pku.biomarin.com\\\/de-de\\\/rezepte\\\/herzfoermige-pfannkuchen-mit-brombeer-ahorn-sirup\\\/#breadcrumb\",\"itemListElement\":[{\"@type\":\"ListItem\",\"position\":1,\"name\":\"Home\",\"item\":\"https:\\\/\\\/pku.biomarin.com\\\/de-de\\\/\"},{\"@type\":\"ListItem\",\"position\":2,\"name\":\"Rezepte\",\"item\":\"https:\\\/\\\/pku.biomarin.com\\\/de-de\\\/rezepte\\\/\"},{\"@type\":\"ListItem\",\"position\":3,\"name\":\"Herzf\u00f6rmige Pfannkuchen mit Brombeer-Ahorn-Sirup\"}]},{\"@type\":\"WebSite\",\"@id\":\"https:\\\/\\\/pku.biomarin.com\\\/de-de\\\/#website\",\"url\":\"https:\\\/\\\/pku.biomarin.com\\\/de-de\\\/\",\"name\":\"BioMarin PKU DSE Patient DE-DE\",\"description\":\"\",\"potentialAction\":[{\"@type\":\"SearchAction\",\"target\":{\"@type\":\"EntryPoint\",\"urlTemplate\":\"https:\\\/\\\/pku.biomarin.com\\\/de-de\\\/?s={search_term_string}\"},\"query-input\":{\"@type\":\"PropertyValueSpecification\",\"valueRequired\":true,\"valueName\":\"search_term_string\"}}],\"inLanguage\":\"de\"}]}<\/script>\n<!-- \/ Yoast SEO plugin. -->","yoast_head_json":{"title":"Herzf\u00f6rmige Pfannkuchen mit Brombeer-Ahorn-Sirup - BioMarin PKU DSE Patient DE-DE","robots":{"index":"index","follow":"follow","max-snippet":"max-snippet:-1","max-image-preview":"max-image-preview:large","max-video-preview":"max-video-preview:-1"},"canonical":"https:\/\/pku.biomarin.com\/de-de\/rezepte\/herzfoermige-pfannkuchen-mit-brombeer-ahorn-sirup\/","og_locale":"de_DE","og_type":"article","og_title":"Herzf\u00f6rmige Pfannkuchen mit Brombeer-Ahorn-Sirup - BioMarin PKU DSE Patient DE-DE","og_url":"https:\/\/pku.biomarin.com\/de-de\/rezepte\/herzfoermige-pfannkuchen-mit-brombeer-ahorn-sirup\/","og_site_name":"BioMarin PKU DSE Patient DE-DE","article_modified_time":"2024-02-04T23:24:36+00:00","twitter_card":"summary_large_image","schema":{"@context":"https:\/\/schema.org","@graph":[{"@type":"WebPage","@id":"https:\/\/pku.biomarin.com\/de-de\/rezepte\/herzfoermige-pfannkuchen-mit-brombeer-ahorn-sirup\/","url":"https:\/\/pku.biomarin.com\/de-de\/rezepte\/herzfoermige-pfannkuchen-mit-brombeer-ahorn-sirup\/","name":"Herzf\u00f6rmige Pfannkuchen mit Brombeer-Ahorn-Sirup - BioMarin PKU DSE Patient DE-DE","isPartOf":{"@id":"https:\/\/pku.biomarin.com\/de-de\/#website"},"datePublished":"2023-02-24T18:14:17+00:00","dateModified":"2024-02-04T23:24:36+00:00","breadcrumb":{"@id":"https:\/\/pku.biomarin.com\/de-de\/rezepte\/herzfoermige-pfannkuchen-mit-brombeer-ahorn-sirup\/#breadcrumb"},"inLanguage":"de","potentialAction":[{"@type":"ReadAction","target":["https:\/\/pku.biomarin.com\/de-de\/rezepte\/herzfoermige-pfannkuchen-mit-brombeer-ahorn-sirup\/"]}]},{"@type":"BreadcrumbList","@id":"https:\/\/pku.biomarin.com\/de-de\/rezepte\/herzfoermige-pfannkuchen-mit-brombeer-ahorn-sirup\/#breadcrumb","itemListElement":[{"@type":"ListItem","position":1,"name":"Home","item":"https:\/\/pku.biomarin.com\/de-de\/"},{"@type":"ListItem","position":2,"name":"Rezepte","item":"https:\/\/pku.biomarin.com\/de-de\/rezepte\/"},{"@type":"ListItem","position":3,"name":"Herzf\u00f6rmige Pfannkuchen mit Brombeer-Ahorn-Sirup"}]},{"@type":"WebSite","@id":"https:\/\/pku.biomarin.com\/de-de\/#website","url":"https:\/\/pku.biomarin.com\/de-de\/","name":"BioMarin PKU DSE Patient DE-DE","description":"","potentialAction":[{"@type":"SearchAction","target":{"@type":"EntryPoint","urlTemplate":"https:\/\/pku.biomarin.com\/de-de\/?s={search_term_string}"},"query-input":{"@type":"PropertyValueSpecification","valueRequired":true,"valueName":"search_term_string"}}],"inLanguage":"de"}]}},"_links":{"self":[{"href":"https:\/\/pku.biomarin.com\/de-de\/wp-json\/wp\/v2\/pages\/1516","targetHints":{"allow":["GET"]}}],"collection":[{"href":"https:\/\/pku.biomarin.com\/de-de\/wp-json\/wp\/v2\/pages"}],"about":[{"href":"https:\/\/pku.biomarin.com\/de-de\/wp-json\/wp\/v2\/types\/page"}],"author":[{"embeddable":true,"href":"https:\/\/pku.biomarin.com\/de-de\/wp-json\/wp\/v2\/users\/3"}],"replies":[{"embeddable":true,"href":"https:\/\/pku.biomarin.com\/de-de\/wp-json\/wp\/v2\/comments?post=1516"}],"version-history":[{"count":20,"href":"https:\/\/pku.biomarin.com\/de-de\/wp-json\/wp\/v2\/pages\/1516\/revisions"}],"predecessor-version":[{"id":4440,"href":"https:\/\/pku.biomarin.com\/de-de\/wp-json\/wp\/v2\/pages\/1516\/revisions\/4440"}],"up":[{"embeddable":true,"href":"https:\/\/pku.biomarin.com\/de-de\/wp-json\/wp\/v2\/pages\/68"}],"wp:attachment":[{"href":"https:\/\/pku.biomarin.com\/de-de\/wp-json\/wp\/v2\/media?parent=1516"}],"curies":[{"name":"wp","href":"https:\/\/api.w.org\/{rel}","templated":true}]}}