{"id":1514,"date":"2023-02-24T18:13:58","date_gmt":"2023-02-24T18:13:58","guid":{"rendered":"https:\/\/pku.biomarin.com\/de-de\/?page_id=1514"},"modified":"2024-02-04T23:13:51","modified_gmt":"2024-02-04T23:13:51","slug":"suesse-pizza","status":"publish","type":"page","link":"https:\/\/pku.biomarin.com\/de-de\/rezepte\/suesse-pizza\/","title":{"rendered":"S\u00fc\u00dfe Pizza"},"content":{"rendered":"<div id=\"acf-block-63f7f410efc9e\" class=\"hero\">\n            <div class=\"hero-background-image hero-background-image-desktop\" style=\"background-image: url(https:\/\/pku.biomarin.com\/de-de\/wp-content\/uploads\/sites\/12\/2023\/03\/Group-110-scaled-e1678703759379-2000x435.jpg);\"><\/div>\n\t    <div class=\"hero-background-image hero-background-image-mobile\" style=\"background-image: url(https:\/\/pku.biomarin.com\/de-de\/wp-content\/uploads\/sites\/12\/2023\/02\/pku-balloon-hero-mobile-830x800.jpg);\"><\/div>\n    \t<div class=\"overlay\"><\/div>\n\t<div class=\"wrapper\">\n\t\t<div class=\"inner-wrapper\">\n\t\t\t<div class=\"hero-content\">\n\t\t\t    \t\t\t\t\t\t\t\t\t\t\t\t    <h1>S\u00fc\u00dfe Pizza\n<\/h1>\n\t\t\t\t\t\t\t\t\t\t\t\t\n                <p class=\"inline-buttons\">\n                                                        <\/p>\n\t\t\t\t\t\t\t<\/div>\n\t\t<\/div>\n\t<\/div>\n<\/div>\n\n\n<div id=\"constant\" class=\"block wrapped-content\">\n    <div class=\"wrapper\">\n        <div class=\"inner-wrapper\">\n                \n<div id=\"acf-block-63f7f410eff67\" class=\"block-wysiwyg\">\n            <h3>Schauen Sie sich die folgenden Informationen an, um eine k\u00f6stliche Mahlzeit zu finden, die Sie zu Hause zubereiten k\u00f6nnen.<\/h3>\n    <\/div>\n        <\/div>\n    <\/div>\n<\/div>\n\n<div id=\"nutr-info-IMG\" class=\"block split-content equal-bias content-align-top bottom-border block-tight-top block-tight-bottom\" data-muted-autoplay=\"false\">\n\t<div class=\"wrapper\">\n\t\t<div class=\"inner-wrapper\">\n\t\t                                                                <div class=\"content-block first-block\">\n                                                                                                <h3>N\u00e4hrwertangaben pro Portion<br \/>\nPhe (mg):26<\/h3>\n<p>Portionsgr\u00f6\u00dfe: 1 St\u00fcck (6 St\u00fccke pro Pizza)<br \/>\nBrennwert (kcal): 218,3<br \/>\nEiwei\u00df (g): 0,6<br \/>\nFett (g): 6,7<\/p>\n                                                                                    <\/div>\n                    \n                                            <div class=\"content-block second-block\">\n                                                                                                                                                                                                                                                                                    \n                                    \n                                                                                                                \n                                    \n                                    <figure>\n                                        <div class=\"image image-rounded\">\n                                                                                            <img decoding=\"async\" class=\"\" src=\"https:\/\/pku.biomarin.com\/de-de\/wp-content\/uploads\/sites\/12\/2023\/02\/5.2_Desktop_Desert_Pizza.jpg?v=0.85\" alt=\"\" \/>                                                                                    <\/div>\n                                                                            <\/figure>\n                                                                                    <\/div>\n                                                \t\t<\/div>\n\t<\/div>\n<\/div>\n\n<div id=\"Ingred-Instr\" class=\"block split-content equal-bias content-align-top bottom-border block-tight-top block-tight-bottom\" data-muted-autoplay=\"false\">\n\t<div class=\"wrapper\">\n\t\t<div class=\"inner-wrapper\">\n\t\t                                                                <div class=\"content-block first-block\">\n                                                                                                <h3>Zutaten<\/h3>\n<ul class=\"main-list\">\n<li>Eiwei\u00dfarmer Pizzateig<\/li>\n<li>2 EL Butter, geschmolzen<\/li>\n<li>32 g Zucker<\/li>\n<li>\u00bc TL Zimt, gemahlen<\/li>\n<li>1 gro\u00dfer Apfel, gesch\u00e4lt, entkernt und m\u00f6glichst d\u00fcnn geschnitten<\/li>\n<\/ul>\n                                                                                    <\/div>\n                    \n                                            <div class=\"content-block second-block\">\n                                                                                                <h3>Zubereitung<\/h3>\n<ol>\n<li>Einen Pizzastein auf der untersten Schiene in den Backofen schieben.<\/li>\n<li>Ofen auf 220 \u00b0C vorheizen.<\/li>\n<li>Den Teig f\u00fcr 1 Pizza zu einem ca. 30 cm gro\u00dfen Kreis ausrollen (am besten den Teig auf ein St\u00fcck Backpapier und dann auf ein Schneidbrett oder einen Pizzaheber legen, bevor die Sauce und der Belag darauf verteilt werden).<\/li>\n<li>Den Teig mit der geschmolzenen Butter bestreichen.<\/li>\n<li>Zucker und Zimt mischen und die H\u00e4lfte davon auf den mit Butter bestrichenen Teig streuen.<\/li>\n<li>Die Apfelscheiben darauf verteilen und dann mit dem restlichen Zucker und Zimt bestreuen.<\/li>\n<li>Pizza samt Backpapier auf den hei\u00dfen Stein geben und 10\u201315 Minuten backen (je nachdem, wie dick oder d\u00fcnn der Teig ist und wie viel Sauce und Belag verwendet werden kann die backzeit leicht variieren.)<\/li>\n<\/ol>\n                                                                                    <\/div>\n                                                \t\t<\/div>\n\t<\/div>\n<\/div>\n\n<div id=\"constant\" class=\"block wrapped-content block-tight-top block-tight-bottom\">\n    <div class=\"wrapper\">\n        <div class=\"inner-wrapper\">\n                \n<div id=\"acf-block-63f7f410f0996\" class=\"block-wysiwyg\">\n            <p>N\u00e4hrwertinformationen, einschlie\u00dflich Phenylalanin (Phe)-Werte, werden mithilfe der Metabolic Pro-Datenbank gesch\u00e4tzt, die von Genetic Metabolic Dietitians International (GMDI) erstellt und gepflegt wird.<br \/>\n<em><br \/>\nKonsultieren Sie immer Ihren Ern\u00e4hrungsberater, bevor Sie \u00c4nderungen an Ihrer Ern\u00e4hrung vornehmen.<\/em><\/p>\n    <\/div>\n        <\/div>\n    <\/div>\n<\/div>\n\n<div id=\"Nxt-Pre\" class=\"block next-previous block-tight-top block-tight-bottom\">\n    <div class=\"wrapper\">\n\t\t<div class=\"inner-wrapper\">\n            <div class=\"link link-prev\">\n                                    <p><a class=\"button button-text button-arrow button-arrow-left\" href=\"https:\/\/pku.biomarin.com\/de-de\/recipes\/pizzabroetchen-mit-kraeutern\/\" target=\"_self\">Pizzabr\u00f6tchen mit Kr\u00e4utern<\/a><\/p>\n                            <\/div>\n            <div class=\"link link-next\">\n                                    <p><a class=\"button button-text button-arrow\" href=\"https:\/\/pku.biomarin.com\/de-de\/recipes\/scones-mit-sonnengetrockneten-tomaten\/\" target=\"_self\">Scones mit sonnengetrockneten Tomaten<\/a><\/p>\n                            <\/div>\n\t\t<\/div>\n\t<\/div>\n<\/div>","protected":false},"excerpt":{"rendered":"","protected":false},"author":3,"featured_media":0,"parent":68,"menu_order":0,"comment_status":"closed","ping_status":"closed","template":"","meta":{"_acf_changed":false,"inline_featured_image":false,"footnotes":""},"class_list":["post-1514","page","type-page","status-publish","hentry"],"acf":[],"yoast_head":"<!-- This site is optimized with the Yoast SEO plugin v27.4 - https:\/\/yoast.com\/product\/yoast-seo-wordpress\/ -->\n<title>S\u00fc\u00dfe Pizza - BioMarin PKU DSE Patient DE-DE<\/title>\n<meta name=\"robots\" content=\"index, follow, max-snippet:-1, max-image-preview:large, max-video-preview:-1\" \/>\n<link rel=\"canonical\" href=\"https:\/\/pku.biomarin.com\/de-de\/rezepte\/suesse-pizza\/\" \/>\n<meta property=\"og:locale\" content=\"de_DE\" \/>\n<meta property=\"og:type\" content=\"article\" \/>\n<meta property=\"og:title\" content=\"S\u00fc\u00dfe Pizza - BioMarin PKU DSE Patient DE-DE\" \/>\n<meta property=\"og:url\" content=\"https:\/\/pku.biomarin.com\/de-de\/rezepte\/suesse-pizza\/\" \/>\n<meta property=\"og:site_name\" content=\"BioMarin PKU DSE Patient DE-DE\" \/>\n<meta property=\"article:modified_time\" content=\"2024-02-04T23:13:51+00:00\" \/>\n<meta name=\"twitter:card\" content=\"summary_large_image\" \/>\n<script type=\"application\/ld+json\" class=\"yoast-schema-graph\">{\"@context\":\"https:\\\/\\\/schema.org\",\"@graph\":[{\"@type\":\"WebPage\",\"@id\":\"https:\\\/\\\/pku.biomarin.com\\\/de-de\\\/rezepte\\\/suesse-pizza\\\/\",\"url\":\"https:\\\/\\\/pku.biomarin.com\\\/de-de\\\/rezepte\\\/suesse-pizza\\\/\",\"name\":\"S\u00fc\u00dfe Pizza - BioMarin PKU DSE Patient DE-DE\",\"isPartOf\":{\"@id\":\"https:\\\/\\\/pku.biomarin.com\\\/de-de\\\/#website\"},\"datePublished\":\"2023-02-24T18:13:58+00:00\",\"dateModified\":\"2024-02-04T23:13:51+00:00\",\"breadcrumb\":{\"@id\":\"https:\\\/\\\/pku.biomarin.com\\\/de-de\\\/rezepte\\\/suesse-pizza\\\/#breadcrumb\"},\"inLanguage\":\"de\",\"potentialAction\":[{\"@type\":\"ReadAction\",\"target\":[\"https:\\\/\\\/pku.biomarin.com\\\/de-de\\\/rezepte\\\/suesse-pizza\\\/\"]}]},{\"@type\":\"BreadcrumbList\",\"@id\":\"https:\\\/\\\/pku.biomarin.com\\\/de-de\\\/rezepte\\\/suesse-pizza\\\/#breadcrumb\",\"itemListElement\":[{\"@type\":\"ListItem\",\"position\":1,\"name\":\"Home\",\"item\":\"https:\\\/\\\/pku.biomarin.com\\\/de-de\\\/\"},{\"@type\":\"ListItem\",\"position\":2,\"name\":\"Rezepte\",\"item\":\"https:\\\/\\\/pku.biomarin.com\\\/de-de\\\/rezepte\\\/\"},{\"@type\":\"ListItem\",\"position\":3,\"name\":\"S\u00fc\u00dfe Pizza\"}]},{\"@type\":\"WebSite\",\"@id\":\"https:\\\/\\\/pku.biomarin.com\\\/de-de\\\/#website\",\"url\":\"https:\\\/\\\/pku.biomarin.com\\\/de-de\\\/\",\"name\":\"BioMarin PKU DSE Patient DE-DE\",\"description\":\"\",\"potentialAction\":[{\"@type\":\"SearchAction\",\"target\":{\"@type\":\"EntryPoint\",\"urlTemplate\":\"https:\\\/\\\/pku.biomarin.com\\\/de-de\\\/?s={search_term_string}\"},\"query-input\":{\"@type\":\"PropertyValueSpecification\",\"valueRequired\":true,\"valueName\":\"search_term_string\"}}],\"inLanguage\":\"de\"}]}<\/script>\n<!-- \/ Yoast SEO plugin. -->","yoast_head_json":{"title":"S\u00fc\u00dfe Pizza - BioMarin PKU DSE Patient DE-DE","robots":{"index":"index","follow":"follow","max-snippet":"max-snippet:-1","max-image-preview":"max-image-preview:large","max-video-preview":"max-video-preview:-1"},"canonical":"https:\/\/pku.biomarin.com\/de-de\/rezepte\/suesse-pizza\/","og_locale":"de_DE","og_type":"article","og_title":"S\u00fc\u00dfe Pizza - BioMarin PKU DSE Patient DE-DE","og_url":"https:\/\/pku.biomarin.com\/de-de\/rezepte\/suesse-pizza\/","og_site_name":"BioMarin PKU DSE Patient DE-DE","article_modified_time":"2024-02-04T23:13:51+00:00","twitter_card":"summary_large_image","schema":{"@context":"https:\/\/schema.org","@graph":[{"@type":"WebPage","@id":"https:\/\/pku.biomarin.com\/de-de\/rezepte\/suesse-pizza\/","url":"https:\/\/pku.biomarin.com\/de-de\/rezepte\/suesse-pizza\/","name":"S\u00fc\u00dfe Pizza - BioMarin PKU DSE Patient DE-DE","isPartOf":{"@id":"https:\/\/pku.biomarin.com\/de-de\/#website"},"datePublished":"2023-02-24T18:13:58+00:00","dateModified":"2024-02-04T23:13:51+00:00","breadcrumb":{"@id":"https:\/\/pku.biomarin.com\/de-de\/rezepte\/suesse-pizza\/#breadcrumb"},"inLanguage":"de","potentialAction":[{"@type":"ReadAction","target":["https:\/\/pku.biomarin.com\/de-de\/rezepte\/suesse-pizza\/"]}]},{"@type":"BreadcrumbList","@id":"https:\/\/pku.biomarin.com\/de-de\/rezepte\/suesse-pizza\/#breadcrumb","itemListElement":[{"@type":"ListItem","position":1,"name":"Home","item":"https:\/\/pku.biomarin.com\/de-de\/"},{"@type":"ListItem","position":2,"name":"Rezepte","item":"https:\/\/pku.biomarin.com\/de-de\/rezepte\/"},{"@type":"ListItem","position":3,"name":"S\u00fc\u00dfe Pizza"}]},{"@type":"WebSite","@id":"https:\/\/pku.biomarin.com\/de-de\/#website","url":"https:\/\/pku.biomarin.com\/de-de\/","name":"BioMarin PKU DSE Patient DE-DE","description":"","potentialAction":[{"@type":"SearchAction","target":{"@type":"EntryPoint","urlTemplate":"https:\/\/pku.biomarin.com\/de-de\/?s={search_term_string}"},"query-input":{"@type":"PropertyValueSpecification","valueRequired":true,"valueName":"search_term_string"}}],"inLanguage":"de"}]}},"_links":{"self":[{"href":"https:\/\/pku.biomarin.com\/de-de\/wp-json\/wp\/v2\/pages\/1514","targetHints":{"allow":["GET"]}}],"collection":[{"href":"https:\/\/pku.biomarin.com\/de-de\/wp-json\/wp\/v2\/pages"}],"about":[{"href":"https:\/\/pku.biomarin.com\/de-de\/wp-json\/wp\/v2\/types\/page"}],"author":[{"embeddable":true,"href":"https:\/\/pku.biomarin.com\/de-de\/wp-json\/wp\/v2\/users\/3"}],"replies":[{"embeddable":true,"href":"https:\/\/pku.biomarin.com\/de-de\/wp-json\/wp\/v2\/comments?post=1514"}],"version-history":[{"count":18,"href":"https:\/\/pku.biomarin.com\/de-de\/wp-json\/wp\/v2\/pages\/1514\/revisions"}],"predecessor-version":[{"id":4423,"href":"https:\/\/pku.biomarin.com\/de-de\/wp-json\/wp\/v2\/pages\/1514\/revisions\/4423"}],"up":[{"embeddable":true,"href":"https:\/\/pku.biomarin.com\/de-de\/wp-json\/wp\/v2\/pages\/68"}],"wp:attachment":[{"href":"https:\/\/pku.biomarin.com\/de-de\/wp-json\/wp\/v2\/media?parent=1514"}],"curies":[{"name":"wp","href":"https:\/\/api.w.org\/{rel}","templated":true}]}}