{"id":1508,"date":"2023-02-24T18:13:03","date_gmt":"2023-02-24T18:13:03","guid":{"rendered":"https:\/\/pku.biomarin.com\/de-de\/?page_id=1508"},"modified":"2024-02-04T23:05:37","modified_gmt":"2024-02-04T23:05:37","slug":"eiweissarme-fuellung","status":"publish","type":"page","link":"https:\/\/pku.biomarin.com\/de-de\/rezepte\/eiweissarme-fuellung\/","title":{"rendered":"Eiwei\u00dfarme F\u00fcllung"},"content":{"rendered":"<div id=\"acf-block-63f7f410efc9e\" class=\"hero\">\n            <div class=\"hero-background-image hero-background-image-desktop\" style=\"background-image: url(https:\/\/pku.biomarin.com\/de-de\/wp-content\/uploads\/sites\/12\/2023\/03\/Group-110-scaled-e1678703759379-2000x435.jpg);\"><\/div>\n\t    <div class=\"hero-background-image hero-background-image-mobile\" style=\"background-image: url(https:\/\/pku.biomarin.com\/de-de\/wp-content\/uploads\/sites\/12\/2023\/02\/pku-balloon-hero-mobile-830x800.jpg);\"><\/div>\n    \t<div class=\"overlay\"><\/div>\n\t<div class=\"wrapper\">\n\t\t<div class=\"inner-wrapper\">\n\t\t\t<div class=\"hero-content\">\n\t\t\t    \t\t\t\t\t\t\t\t\t\t\t\t    <h1>Eiwei\u00dfarme F\u00fcllung\n<\/h1>\n\t\t\t\t\t\t\t\t\t\t\t\t\n                <p class=\"inline-buttons\">\n                                                        <\/p>\n\t\t\t\t\t\t\t<\/div>\n\t\t<\/div>\n\t<\/div>\n<\/div>\n\n\n<div id=\"constant\" class=\"block wrapped-content\">\n    <div class=\"wrapper\">\n        <div class=\"inner-wrapper\">\n                \n<div id=\"acf-block-63f7f410eff67\" class=\"block-wysiwyg\">\n            <h3>Schauen Sie sich die folgenden Informationen an, um eine k\u00f6stliche Mahlzeit zu finden, die Sie zu Hause zubereiten k\u00f6nnen.<\/h3>\n    <\/div>\n        <\/div>\n    <\/div>\n<\/div>\n\n<div id=\"nutr-info-IMG\" class=\"block split-content equal-bias content-align-top bottom-border block-tight-top block-tight-bottom\" data-muted-autoplay=\"false\">\n\t<div class=\"wrapper\">\n\t\t<div class=\"inner-wrapper\">\n\t\t                                                                <div class=\"content-block first-block\">\n                                                                                                <h3>N\u00e4hrwertangaben pro Portion<br \/>\nPhe (mg):42.8<\/h3>\n<p>Portionen: 4<br \/>\nBrennwert (kcal): 297<br \/>\nEiwei\u00df (g): 1,3<br \/>\nFett (g): 11,8<\/p>\n                                                                                    <\/div>\n                    \n                                            <div class=\"content-block second-block\">\n                                                                                                                                                                                                                                                                                    \n                                    \n                                                                                                                \n                                    \n                                    <figure>\n                                        <div class=\"image image-rounded\">\n                                                                                            <img decoding=\"async\" class=\"\" src=\"https:\/\/pku.biomarin.com\/de-de\/wp-content\/uploads\/sites\/12\/2023\/02\/5.2_Desktop_Low-Protein_Stuffing.jpg?v=0.85\" alt=\"\" \/>                                                                                    <\/div>\n                                                                            <\/figure>\n                                                                                    <\/div>\n                                                \t\t<\/div>\n\t<\/div>\n<\/div>\n\n<div id=\"Ingred-Instr\" class=\"block split-content equal-bias content-align-top bottom-border block-tight-top block-tight-bottom\" data-muted-autoplay=\"false\">\n\t<div class=\"wrapper\">\n\t\t<div class=\"inner-wrapper\">\n\t\t                                                                <div class=\"content-block first-block\">\n                                                                                                <h3>Zutaten<\/h3>\n<ul>\n<li>2 eiwei\u00dfarme Br\u00f6tchen<\/li>\n<li>140 g gehackte Zwiebel<\/li>\n<li>~200 g gehackter Sellerie<\/li>\n<li>3 EL Butter<\/li>\n<li>200 ml Gem\u00fcsebr\u00fche<\/li>\n<li>1\u00bd TL Gefl\u00fcgelgew\u00fcrz<\/li>\n<\/ul>\n                                                                                    <\/div>\n                    \n                                            <div class=\"content-block second-block\">\n                                                                                                <h3>Zubereitung<\/h3>\n<ol>\n<li>Die Br\u00f6tchen mit einem Brotmesser in 2\u20133 cm dicke Scheiben schneiden.<\/li>\n<li>Auf ein Backblech legen und 2 Minuten im Ofen grillen.<\/li>\n<li>Brotscheiben wenden und weitere 2 Minuten grillen.<\/li>\n<li>Getoastetes Brot aus dem Ofen nehmen, in eine gro\u00dfe Sch\u00fcssel geben und abk\u00fchlen lassen.<\/li>\n<li>In der Zwischenzeit die Butter in einer mittelgro\u00dfen Pfanne bei mittlerer Hitze schmelzen lassen.<\/li>\n<li>Zwiebel und Sellerie hinzugeben und anschwitzen, bis die Zwiebel glasig und der Sellerie al dente ist.<\/li>\n<li>Vom Herd nehmen und abk\u00fchlen lassen.<\/li>\n<li>Die abgek\u00fchlten Brotscheiben mit den H\u00e4nden in kleine, mundgerechte St\u00fccke rei\u00dfen.<\/li>\n<li>Mit Gefl\u00fcgelgew\u00fcrz bestreuen und vermengen, bis das gesamte Brot damit bedeckt ist.<\/li>\n<li>Das angeschwitzte Gem\u00fcse zu dem gew\u00fcrzten Brot geben und vermengen.<\/li>\n<li>Gem\u00fcsebr\u00fche auf Brot und Gem\u00fcse tr\u00e4ufeln, bis es gleichm\u00e4\u00dfig damit bedeckt ist. Bei Bedarf zwischendurch umr\u00fchren.<\/li>\n<li>F\u00fcllung in eine Auflaufform geben, abdecken und im Ofen 30 Minuten bei 180 \u00b0C backen.<\/li>\n<\/ol>\n                                                                                    <\/div>\n                                                \t\t<\/div>\n\t<\/div>\n<\/div>\n\n<div id=\"constant\" class=\"block wrapped-content block-tight-top block-tight-bottom\">\n    <div class=\"wrapper\">\n        <div class=\"inner-wrapper\">\n                \n<div id=\"acf-block-63f7f410f0996\" class=\"block-wysiwyg\">\n            <p>N\u00e4hrwertinformationen, einschlie\u00dflich Phenylalanin (Phe)-Werte, werden mithilfe der Metabolic Pro-Datenbank gesch\u00e4tzt, die von Genetic Metabolic Dietitians International (GMDI) erstellt und gepflegt wird.<br \/>\n<em><br \/>\nKonsultieren Sie immer Ihren Ern\u00e4hrungsberater, bevor Sie \u00c4nderungen an Ihrer Ern\u00e4hrung vornehmen.<\/em><\/p>\n    <\/div>\n        <\/div>\n    <\/div>\n<\/div>\n\n<div id=\"Nxt-Pre\" class=\"block next-previous block-tight-top block-tight-bottom\">\n    <div class=\"wrapper\">\n\t\t<div class=\"inner-wrapper\">\n            <div class=\"link link-prev\">\n                                    <p><a class=\"button button-text button-arrow button-arrow-left\" href=\"https:\/\/pku.biomarin.com\/de-de\/recipes\/deftige-gemueseburger\/\" target=\"_self\">Deftige Gem\u00fcseburger<\/a><\/p>\n                            <\/div>\n            <div class=\"link link-next\">\n                                    <p><a class=\"button button-text button-arrow\" href=\"https:\/\/pku.biomarin.com\/de-de\/recipes\/pizzabroetchen-mit-kraeutern\/\" target=\"_self\">Pizzabr\u00f6tchen mit Kr\u00e4utern<\/a><\/p>\n                            <\/div>\n\t\t<\/div>\n\t<\/div>\n<\/div>","protected":false},"excerpt":{"rendered":"","protected":false},"author":3,"featured_media":0,"parent":68,"menu_order":0,"comment_status":"closed","ping_status":"closed","template":"","meta":{"_acf_changed":false,"inline_featured_image":false,"footnotes":""},"class_list":["post-1508","page","type-page","status-publish","hentry"],"acf":[],"yoast_head":"<!-- This site is optimized with the Yoast SEO plugin v27.4 - https:\/\/yoast.com\/product\/yoast-seo-wordpress\/ -->\n<title>Eiwei\u00dfarme F\u00fcllung - BioMarin PKU DSE Patient DE-DE<\/title>\n<meta name=\"robots\" content=\"index, follow, max-snippet:-1, max-image-preview:large, max-video-preview:-1\" \/>\n<link rel=\"canonical\" href=\"https:\/\/pku.biomarin.com\/de-de\/rezepte\/eiweissarme-fuellung\/\" \/>\n<meta property=\"og:locale\" content=\"de_DE\" \/>\n<meta property=\"og:type\" content=\"article\" \/>\n<meta property=\"og:title\" content=\"Eiwei\u00dfarme F\u00fcllung - BioMarin PKU DSE Patient DE-DE\" \/>\n<meta property=\"og:url\" content=\"https:\/\/pku.biomarin.com\/de-de\/rezepte\/eiweissarme-fuellung\/\" \/>\n<meta property=\"og:site_name\" content=\"BioMarin PKU DSE Patient DE-DE\" \/>\n<meta property=\"article:modified_time\" content=\"2024-02-04T23:05:37+00:00\" \/>\n<meta name=\"twitter:card\" content=\"summary_large_image\" \/>\n<script type=\"application\/ld+json\" class=\"yoast-schema-graph\">{\"@context\":\"https:\\\/\\\/schema.org\",\"@graph\":[{\"@type\":\"WebPage\",\"@id\":\"https:\\\/\\\/pku.biomarin.com\\\/de-de\\\/rezepte\\\/eiweissarme-fuellung\\\/\",\"url\":\"https:\\\/\\\/pku.biomarin.com\\\/de-de\\\/rezepte\\\/eiweissarme-fuellung\\\/\",\"name\":\"Eiwei\u00dfarme F\u00fcllung - BioMarin PKU DSE Patient DE-DE\",\"isPartOf\":{\"@id\":\"https:\\\/\\\/pku.biomarin.com\\\/de-de\\\/#website\"},\"datePublished\":\"2023-02-24T18:13:03+00:00\",\"dateModified\":\"2024-02-04T23:05:37+00:00\",\"breadcrumb\":{\"@id\":\"https:\\\/\\\/pku.biomarin.com\\\/de-de\\\/rezepte\\\/eiweissarme-fuellung\\\/#breadcrumb\"},\"inLanguage\":\"de\",\"potentialAction\":[{\"@type\":\"ReadAction\",\"target\":[\"https:\\\/\\\/pku.biomarin.com\\\/de-de\\\/rezepte\\\/eiweissarme-fuellung\\\/\"]}]},{\"@type\":\"BreadcrumbList\",\"@id\":\"https:\\\/\\\/pku.biomarin.com\\\/de-de\\\/rezepte\\\/eiweissarme-fuellung\\\/#breadcrumb\",\"itemListElement\":[{\"@type\":\"ListItem\",\"position\":1,\"name\":\"Home\",\"item\":\"https:\\\/\\\/pku.biomarin.com\\\/de-de\\\/\"},{\"@type\":\"ListItem\",\"position\":2,\"name\":\"Rezepte\",\"item\":\"https:\\\/\\\/pku.biomarin.com\\\/de-de\\\/rezepte\\\/\"},{\"@type\":\"ListItem\",\"position\":3,\"name\":\"Eiwei\u00dfarme F\u00fcllung\"}]},{\"@type\":\"WebSite\",\"@id\":\"https:\\\/\\\/pku.biomarin.com\\\/de-de\\\/#website\",\"url\":\"https:\\\/\\\/pku.biomarin.com\\\/de-de\\\/\",\"name\":\"BioMarin PKU DSE Patient DE-DE\",\"description\":\"\",\"potentialAction\":[{\"@type\":\"SearchAction\",\"target\":{\"@type\":\"EntryPoint\",\"urlTemplate\":\"https:\\\/\\\/pku.biomarin.com\\\/de-de\\\/?s={search_term_string}\"},\"query-input\":{\"@type\":\"PropertyValueSpecification\",\"valueRequired\":true,\"valueName\":\"search_term_string\"}}],\"inLanguage\":\"de\"}]}<\/script>\n<!-- \/ Yoast SEO plugin. -->","yoast_head_json":{"title":"Eiwei\u00dfarme F\u00fcllung - BioMarin PKU DSE Patient DE-DE","robots":{"index":"index","follow":"follow","max-snippet":"max-snippet:-1","max-image-preview":"max-image-preview:large","max-video-preview":"max-video-preview:-1"},"canonical":"https:\/\/pku.biomarin.com\/de-de\/rezepte\/eiweissarme-fuellung\/","og_locale":"de_DE","og_type":"article","og_title":"Eiwei\u00dfarme F\u00fcllung - BioMarin PKU DSE Patient DE-DE","og_url":"https:\/\/pku.biomarin.com\/de-de\/rezepte\/eiweissarme-fuellung\/","og_site_name":"BioMarin PKU DSE Patient DE-DE","article_modified_time":"2024-02-04T23:05:37+00:00","twitter_card":"summary_large_image","schema":{"@context":"https:\/\/schema.org","@graph":[{"@type":"WebPage","@id":"https:\/\/pku.biomarin.com\/de-de\/rezepte\/eiweissarme-fuellung\/","url":"https:\/\/pku.biomarin.com\/de-de\/rezepte\/eiweissarme-fuellung\/","name":"Eiwei\u00dfarme F\u00fcllung - BioMarin PKU DSE Patient DE-DE","isPartOf":{"@id":"https:\/\/pku.biomarin.com\/de-de\/#website"},"datePublished":"2023-02-24T18:13:03+00:00","dateModified":"2024-02-04T23:05:37+00:00","breadcrumb":{"@id":"https:\/\/pku.biomarin.com\/de-de\/rezepte\/eiweissarme-fuellung\/#breadcrumb"},"inLanguage":"de","potentialAction":[{"@type":"ReadAction","target":["https:\/\/pku.biomarin.com\/de-de\/rezepte\/eiweissarme-fuellung\/"]}]},{"@type":"BreadcrumbList","@id":"https:\/\/pku.biomarin.com\/de-de\/rezepte\/eiweissarme-fuellung\/#breadcrumb","itemListElement":[{"@type":"ListItem","position":1,"name":"Home","item":"https:\/\/pku.biomarin.com\/de-de\/"},{"@type":"ListItem","position":2,"name":"Rezepte","item":"https:\/\/pku.biomarin.com\/de-de\/rezepte\/"},{"@type":"ListItem","position":3,"name":"Eiwei\u00dfarme F\u00fcllung"}]},{"@type":"WebSite","@id":"https:\/\/pku.biomarin.com\/de-de\/#website","url":"https:\/\/pku.biomarin.com\/de-de\/","name":"BioMarin PKU DSE Patient DE-DE","description":"","potentialAction":[{"@type":"SearchAction","target":{"@type":"EntryPoint","urlTemplate":"https:\/\/pku.biomarin.com\/de-de\/?s={search_term_string}"},"query-input":{"@type":"PropertyValueSpecification","valueRequired":true,"valueName":"search_term_string"}}],"inLanguage":"de"}]}},"_links":{"self":[{"href":"https:\/\/pku.biomarin.com\/de-de\/wp-json\/wp\/v2\/pages\/1508","targetHints":{"allow":["GET"]}}],"collection":[{"href":"https:\/\/pku.biomarin.com\/de-de\/wp-json\/wp\/v2\/pages"}],"about":[{"href":"https:\/\/pku.biomarin.com\/de-de\/wp-json\/wp\/v2\/types\/page"}],"author":[{"embeddable":true,"href":"https:\/\/pku.biomarin.com\/de-de\/wp-json\/wp\/v2\/users\/3"}],"replies":[{"embeddable":true,"href":"https:\/\/pku.biomarin.com\/de-de\/wp-json\/wp\/v2\/comments?post=1508"}],"version-history":[{"count":18,"href":"https:\/\/pku.biomarin.com\/de-de\/wp-json\/wp\/v2\/pages\/1508\/revisions"}],"predecessor-version":[{"id":4410,"href":"https:\/\/pku.biomarin.com\/de-de\/wp-json\/wp\/v2\/pages\/1508\/revisions\/4410"}],"up":[{"embeddable":true,"href":"https:\/\/pku.biomarin.com\/de-de\/wp-json\/wp\/v2\/pages\/68"}],"wp:attachment":[{"href":"https:\/\/pku.biomarin.com\/de-de\/wp-json\/wp\/v2\/media?parent=1508"}],"curies":[{"name":"wp","href":"https:\/\/api.w.org\/{rel}","templated":true}]}}