{"id":534,"date":"2023-11-08T22:53:38","date_gmt":"2023-11-08T22:53:38","guid":{"rendered":"https:\/\/liveunlimitedpku-dev-001.azurewebsites.net\/de-de\/?page_id=534"},"modified":"2025-02-12T12:53:27","modified_gmt":"2025-02-12T12:53:27","slug":"nicolo","status":"publish","type":"page","link":"https:\/\/pku.biomarin.com\/de-de\/liveunlimited\/nicolo\/","title":{"rendered":"Nicolo"},"content":{"rendered":"<div id=\"acf-block-655214fe71cc1\" class=\"hero hero-no-overlay hero-large-first-para\">\n            <div class=\"hero-background-image hero-background-image-desktop\" style=\"background-image: url(https:\/\/pku.biomarin.com\/de-de\/liveunlimited\/wp-content\/uploads\/sites\/14\/2024\/05\/nicolo-v4.jpg?v=0.74);\"><\/div>\n\t    <div class=\"hero-background-image hero-background-image-mobile\" style=\"background-image: url(https:\/\/pku.biomarin.com\/de-de\/liveunlimited\/wp-content\/uploads\/sites\/14\/2024\/05\/nicolo-v4.jpg?v=0.74);\"><\/div>\n    \t<div class=\"overlay\"><\/div>\n\t<div class=\"wrapper\">\n\t\t<div class=\"inner-wrapper\">\n\t\t\t<div class=\"hero-content\">\n\t\t\t    \t\t\t\t    <span class=\"section-title\"> Das leben ist kompliziert, wenn man nicht \u00fcber die n\u00f6tigen hilfsmittel verf\u00fcgt<\/span>\n\t\t\t\t\t\t\t\t\t\t\t\t\t\t\t\t    <h1>NICOLO\n<\/h1>\n\t\t\t\t\t\t\t\t\t\t\t\t    <p>Italien<\/p>\n<p>PKU wurde bei Nicol\u00f2 erst im Alter von 18 Monaten diagnostiziert. Dies ist ungew\u00f6hnlich, da die Erkrankung heutzutage meist bereits beim Neugeborenenscreening entdeckt wird, also bevor gesundheitliche Beeintr\u00e4chtigungen und Sch\u00e4den auftreten.<\/p>\n\t\t\t\t\t\t\t\t\n                <p class=\"inline-buttons\">\n                                                        <\/p>\n\t\t\t\t\t\t\t<\/div>\n\t\t<\/div>\n\t<\/div>\n<\/div>\n\n\n<div id=\"acf-block-655214fe71f68\" class=\"block next-previous block-tight-top\">\n    <div class=\"wrapper\">\n\t\t<div class=\"inner-wrapper\">\n            <div class=\"link link-prev\">\n                                    <p><a class=\"button button-text button-arrow button-arrow-left\" href=\"https:\/\/pku.biomarin.com\/de-de\/liveunlimited\/videogeschichten\/\" target=\"_self\">Zur\u00fcck zu allen Videogeschichten<\/a><\/p>\n                            <\/div>\n            <div class=\"link link-next\">\n                            <\/div>\n\t\t<\/div>\n\t<\/div>\n<\/div>\n\n<div id=\"acf-block-655214fe7213a\" class=\"block wrapped-content\">\n    <div class=\"wrapper\">\n        <div class=\"inner-wrapper\">\n                \n<div id=\"acf-block-655214fe72282\" class=\"block-wysiwyg\">\n            <h2>Nicol\u00f2s Mutter konsultierte einen Experten f\u00fcr medizinische Genetik nach dem anderen \u2013 in ganz Italien<\/h2>\n<p>Sie war auf der Suche nach Antworten. Nicol\u00f2 hatte schwere Muskel- und Sprachprobleme, so dass er weder laufen noch sprechen konnte. Wegen der gesundheitlichen Beeintr\u00e4chtigungen und Entwicklungsst\u00f6rungen wurde er in Reha geschickt. Der Therapeut dort empfahl der Familie schlie\u00dflich ein p\u00e4diatrisches Gesundheitszentrum in Florenz, das sich auf seltene Erkrankungen spezialisiert hatte. Dort wurde endlich die PKU diagnostiziert.<\/p>\n<p>Wird die PKU sp\u00e4t diagnostiziert, kann es sein, dass das Gehirn durch den Proteinverzehr bis zur Diagnose bereits irreversibel gesch\u00e4digt wurde. Nicol\u00f2 hatte Gl\u00fcck \u2013 trotz sp\u00e4ter Diagnose.<\/p>\n<p><strong>\u201eIm Gegensatz zu anderen Patienten mit sp\u00e4ter Diagnose habe ich sehr viel Gl\u00fcck gehabt\u201c, sagt er. \u201eFreunde in ganz Europa und andere Patienten mit sp\u00e4ter Diagnose haben mir erz\u00e4hlt, dass sie bleibende Gehirnsch\u00e4den und Probleme beim Gehen haben.\u201d<\/strong><\/p>\n<p>Trotz seiner sp\u00e4ten Diagnose hatte Nicol\u00f2 Gl\u00fcck.<\/p>\n<p><strong>\u201eIm Gegensatz zu anderen Patienten mit sp\u00e4ter Diagnose habe ich ganz andere Erfahrungen gemacht\u201c<\/strong>, sagt er. <strong>\u201eFreunde in ganz Europa und andere Patienten mit sp\u00e4ter Diagnose haben mir erz\u00e4hlt, dass sie bleibende Gehirnsch\u00e4den und Probleme beim Gehen haben. Ich hatte sehr viel Gl\u00fcck, dass mein K\u00f6rper so schnell darauf reagierte.\u201c<\/strong><\/p>\n<p>Nach seiner PKU-Diagnose wurden Nicol\u00f2s Mutter und Gro\u00dfeltern aktiv: Siegr\u00fcndeten die Patientenvereinigung AMMEC und vernetzten Patienten mit PKU aus Italien, Europa und Kanada miteinander. So war Nicol\u00f2 gl\u00fccklicherweise sehr fr\u00fch in ein unterst\u00fctzendes Patientennetzwerk eingebunden. Das ist besonders auf Reisen \u00e4u\u00dferst hilfreich.<\/p>\n<p>Reisen ist f\u00fcr Patienten mit PKU keine Selbstverst\u00e4ndlichkeit. Dies ist immer mit gro\u00dfen Herausforderung verkn\u00fcpft. Daf\u00fcr gibt es mehrere Gr\u00fcnde: PKU-Patienten ben\u00f6tigen besonderes Essen, Aminos\u00e4uremischungen und ggf. weitere Unterst\u00fctzung wenn der Phe-Spiegel zu hoch wird. Jede Reise bedeutet einen unglaublichen Kraftakt und erfordert sehr viel Vorbereitung. Wenn irgendetwas vergessen oder \u00fcbersehen wird, kann dies verheerende Folgen haben. Vor allem, wenn die PKU ausschlie\u00dflich di\u00e4tetisch behandelt wird \u2013 wie bei Nicol\u00f2. <strong>\u201eDas ist ziemlich anstrengend.\u201c<\/strong><\/p>\n<p>Ein wichtiger Aspekt in Nicol\u00f2s Leben ist sein Studium. Als Jurastudent an der Universit\u00e4t Siena lernt Nicol\u00f2 viel \u00fcber Europ\u00e4isches Recht. Er hofft, sein Wissen f\u00fcr entscheidende Gesetzes\u00e4nderungen zugunsten von Menschen mit seltenen Erkrankungen einsetzen zu k\u00f6nnen.<\/p>\n    <\/div>\n        <\/div>\n    <\/div>\n<\/div>\n\n<div id=\"acf-block-655214fe72e82\" class=\"block split-content equal-bias bottom-border\" data-muted-autoplay=\"false\">\n\t<div class=\"wrapper\">\n\t\t<div class=\"inner-wrapper\">\n\t\t                                                                <div class=\"content-block first-block\">\n                                                                                                <h3>\u201eEs ist interessant, meine Leidenschaft f\u00fcr die Rechtswissenschaften mit meinem sozialen Engagement f\u00fcr bestimmte Gruppen zu verbinden. Meiner Meinung nach sollte es ein Gesetz f\u00fcr Menschen mit genetischen Erkrankungen geben.\u201d<\/h3>\n                                                                                    <\/div>\n                    \n                                            <div class=\"content-block second-block\">\n                                                                                                                                                                                                                                                                                    \n                                    \n                                                                                                                \n                                    \n                                    <figure>\n                                        <div class=\"image image-rounded\">\n                                                                                            <img decoding=\"async\" class=\"\" src=\"https:\/\/pku.biomarin.com\/de-de\/liveunlimited\/wp-content\/uploads\/sites\/14\/2023\/11\/Nicolo-06518-768x512-1.jpg?v=0.74\" alt=\"\" \/>                                                                                    <\/div>\n                                                                            <\/figure>\n                                                                                    <\/div>\n                                                \t\t<\/div>\n\t<\/div>\n<\/div>\n\n<div id=\"acf-block-655214fe72ed8\" class=\"block wrapped-content\">\n    <div class=\"wrapper\">\n        <div class=\"inner-wrapper\">\n                \n<div id=\"acf-block-655214fe72f0c\" class=\"block-wysiwyg\">\n            <p>Trotz strikter Einhaltung seiner Di\u00e4t, wei\u00df Nicol\u00f2, dass die PKU seine Studienleistung teilweise beeinflusst. Insbesondere dann, wenn sein Phe-Spiegel zu hoch oder zu niedrig ist. \u201eBei normalem Spiegel bin ich sehr konzentriert und erledige meine Aufgaben gut. Bei einem niedrigen oder hohen Spiegel habe ich jedoch Konzentrationsprobleme.\u201c<\/p>\n<p>Dennoch betrachtet Nicol\u00f2 die PKU als einen Teil von sich. Bei guter Behandlung und Unterst\u00fctzung durch medizinisches Fachpersonal k\u00f6nnen Patienten mit PKU ihr Leben voll und ganz genie\u00dfen.<\/p>\n<p>Auch Nicol\u00f2 genie\u00dft sein Leben.<\/p>\n<p>Aufgrund seiner Erfahrung mit der PKU ist Nicol\u00f2 zuversichtlich, dass die Aufmerksamkeit f\u00fcr seltene genetische Erkrankungen innerhalb Europas zunehmen wird. Und damit jeder Betroffene einen gleichwertigen Zugang zu entsprechenden Unterst\u00fctzungs- und Versorgungangeboten erh\u00e4lt. <strong>Allein in Italien gibt es 20 Regionen, in denen jeweils unterschiedliche Rahmenbedingungen bestehen. Das Leben von Patienten ist in vielen europ\u00e4ischen L\u00e4ndern beschwerlich<\/strong>. Eine gro\u00dfe Herausforderung f\u00fcr Patienten mit PKU ist der Wechsel vom Kinderarzt in die Erwachsenenmedizin. Da die PKU gr\u00f6\u00dftenteils immer noch als Kinderkrankheit betrachtet wird, werden viele Teenager erwachsen, ohne zu wissen wie es weitergeht. Und das in einer f\u00fcr sie sehr wichtigen Lebensphase.<\/p>\n<p><strong>Die PKU ist keine Kinderkrankheit. Trotzdem werden Erwachsene mit PKU nicht ad\u00e4quat behandelt. Nur einmal im Jahr untersuchen \u00c4rzte das Blut und bestimmen den Phe-Spiegel. Das restliche Jahr \u00fcber sind erwachsenen PKU-Patienten auf sich selbst gestellt.\u201c<\/strong><\/p>\n    <\/div>\n        <\/div>\n    <\/div>\n<\/div>\n\n<div id=\"acf-block-655214fe72fa0\" class=\"block split-content equal-bias bottom-border\" data-muted-autoplay=\"false\">\n\t<div class=\"wrapper\">\n\t\t<div class=\"inner-wrapper\">\n\t\t                                                                <div class=\"content-block first-block\">\n                                                                                                                                                                                                                                                <div class=\"video-poster\">\n\t\t\t                            <a class=\"modal-video permitted\" href=\"https:\/\/player.vimeo.com\/video\/1035832226\" style=\"background-image: url(https:\/\/pku.biomarin.com\/de-de\/liveunlimited\/wp-content\/uploads\/sites\/14\/2023\/11\/2023-11-13-12h32m24s837-1500x844.png);\">Play<\/a>\n\t\t                            <\/div>\n                                    \n                                                                                                                    \n                                                                                                                \n\t\t                                                                            <\/div>\n                    \n                                            <div class=\"content-block second-block\">\n                                                                                                <h3>Nicol\u00f2 ist \u00fcberzeugt, dass Erwachsene mehr soziale Unterst\u00fctzung durch ihre \u00c4rzte und regelm\u00e4\u00dfige Untersuchungstermine ben\u00f6tigen.<\/h3>\n<p><em>\u201eK\u00f6nnten erwachsene PKU-Patienten mehr als einmal j\u00e4hrlich ihre \u00c4rzte aufsuchen, w\u00fcrde sich der regelm\u00e4\u00dfige Kontakt und die entstehende Beziehung positiv auswirken. Denn es ist sehr schwer, PKU alleine zu managen.\u201c<\/em><\/p>\n                                                                                    <\/div>\n                                                \t\t<\/div>\n\t<\/div>\n<\/div>\n\n<div id=\"acf-block-655214fe72ff8\" class=\"block next-previous\">\n    <div class=\"wrapper\">\n\t\t<div class=\"inner-wrapper\">\n            <div class=\"link link-prev\">\n                                    <p><a class=\"button button-text button-arrow button-arrow-left\" href=\"https:\/\/pku.biomarin.com\/de-de\/liveunlimited\/antoine\/\" target=\"_self\">Antoine<\/a><\/p>\n                            <\/div>\n            <div class=\"link link-next\">\n                                    <p><a class=\"button button-text button-arrow\" href=\"https:\/\/pku.biomarin.com\/de-de\/liveunlimited\/lal\/\" target=\"_self\">Lal<\/a><\/p>\n                            <\/div>\n\t\t<\/div>\n\t<\/div>\n<\/div>","protected":false},"excerpt":{"rendered":"","protected":false},"author":2,"featured_media":0,"parent":0,"menu_order":0,"comment_status":"closed","ping_status":"closed","template":"","meta":{"_acf_changed":false,"inline_featured_image":false,"footnotes":""},"class_list":["post-534","page","type-page","status-publish","hentry"],"acf":[],"yoast_head":"<!-- This site is optimized with the Yoast SEO plugin v27.1.1 - https:\/\/yoast.com\/product\/yoast-seo-wordpress\/ -->\n<title>Nicolo - BioMarin Live Unlimited DE-DE<\/title>\n<meta name=\"robots\" content=\"index, follow, max-snippet:-1, max-image-preview:large, max-video-preview:-1\" \/>\n<link rel=\"canonical\" href=\"https:\/\/pku.biomarin.com\/de-de\/liveunlimited\/nicolo\/\" \/>\n<meta property=\"og:locale\" content=\"de_DE\" \/>\n<meta property=\"og:type\" content=\"article\" \/>\n<meta property=\"og:title\" content=\"Nicolo - BioMarin Live Unlimited DE-DE\" \/>\n<meta property=\"og:url\" content=\"https:\/\/pku.biomarin.com\/de-de\/liveunlimited\/nicolo\/\" \/>\n<meta property=\"og:site_name\" content=\"BioMarin Live Unlimited DE-DE\" \/>\n<meta property=\"article:modified_time\" content=\"2025-02-12T12:53:27+00:00\" \/>\n<meta name=\"twitter:card\" content=\"summary_large_image\" \/>\n<script type=\"application\/ld+json\" class=\"yoast-schema-graph\">{\"@context\":\"https:\/\/schema.org\",\"@graph\":[{\"@type\":\"WebPage\",\"@id\":\"https:\/\/pku.biomarin.com\/de-de\/liveunlimited\/nicolo\/\",\"url\":\"https:\/\/pku.biomarin.com\/de-de\/liveunlimited\/nicolo\/\",\"name\":\"Nicolo - BioMarin Live Unlimited DE-DE\",\"isPartOf\":{\"@id\":\"https:\/\/pku.biomarin.com\/de-de\/liveunlimited\/#website\"},\"datePublished\":\"2023-11-08T22:53:38+00:00\",\"dateModified\":\"2025-02-12T12:53:27+00:00\",\"breadcrumb\":{\"@id\":\"https:\/\/pku.biomarin.com\/de-de\/liveunlimited\/nicolo\/#breadcrumb\"},\"inLanguage\":\"de\",\"potentialAction\":[{\"@type\":\"ReadAction\",\"target\":[\"https:\/\/pku.biomarin.com\/de-de\/liveunlimited\/nicolo\/\"]}]},{\"@type\":\"BreadcrumbList\",\"@id\":\"https:\/\/pku.biomarin.com\/de-de\/liveunlimited\/nicolo\/#breadcrumb\",\"itemListElement\":[{\"@type\":\"ListItem\",\"position\":1,\"name\":\"Home\",\"item\":\"https:\/\/pku.biomarin.com\/de-de\/liveunlimited\/\"},{\"@type\":\"ListItem\",\"position\":2,\"name\":\"Nicolo\"}]},{\"@type\":\"WebSite\",\"@id\":\"https:\/\/pku.biomarin.com\/de-de\/liveunlimited\/#website\",\"url\":\"https:\/\/pku.biomarin.com\/de-de\/liveunlimited\/\",\"name\":\"BioMarin Live Unlimited DE-DE\",\"description\":\"\",\"potentialAction\":[{\"@type\":\"SearchAction\",\"target\":{\"@type\":\"EntryPoint\",\"urlTemplate\":\"https:\/\/pku.biomarin.com\/de-de\/liveunlimited\/?s={search_term_string}\"},\"query-input\":{\"@type\":\"PropertyValueSpecification\",\"valueRequired\":true,\"valueName\":\"search_term_string\"}}],\"inLanguage\":\"de\"}]}<\/script>\n<!-- \/ Yoast SEO plugin. -->","yoast_head_json":{"title":"Nicolo - BioMarin Live Unlimited DE-DE","robots":{"index":"index","follow":"follow","max-snippet":"max-snippet:-1","max-image-preview":"max-image-preview:large","max-video-preview":"max-video-preview:-1"},"canonical":"https:\/\/pku.biomarin.com\/de-de\/liveunlimited\/nicolo\/","og_locale":"de_DE","og_type":"article","og_title":"Nicolo - BioMarin Live Unlimited DE-DE","og_url":"https:\/\/pku.biomarin.com\/de-de\/liveunlimited\/nicolo\/","og_site_name":"BioMarin Live Unlimited DE-DE","article_modified_time":"2025-02-12T12:53:27+00:00","twitter_card":"summary_large_image","schema":{"@context":"https:\/\/schema.org","@graph":[{"@type":"WebPage","@id":"https:\/\/pku.biomarin.com\/de-de\/liveunlimited\/nicolo\/","url":"https:\/\/pku.biomarin.com\/de-de\/liveunlimited\/nicolo\/","name":"Nicolo - BioMarin Live Unlimited DE-DE","isPartOf":{"@id":"https:\/\/pku.biomarin.com\/de-de\/liveunlimited\/#website"},"datePublished":"2023-11-08T22:53:38+00:00","dateModified":"2025-02-12T12:53:27+00:00","breadcrumb":{"@id":"https:\/\/pku.biomarin.com\/de-de\/liveunlimited\/nicolo\/#breadcrumb"},"inLanguage":"de","potentialAction":[{"@type":"ReadAction","target":["https:\/\/pku.biomarin.com\/de-de\/liveunlimited\/nicolo\/"]}]},{"@type":"BreadcrumbList","@id":"https:\/\/pku.biomarin.com\/de-de\/liveunlimited\/nicolo\/#breadcrumb","itemListElement":[{"@type":"ListItem","position":1,"name":"Home","item":"https:\/\/pku.biomarin.com\/de-de\/liveunlimited\/"},{"@type":"ListItem","position":2,"name":"Nicolo"}]},{"@type":"WebSite","@id":"https:\/\/pku.biomarin.com\/de-de\/liveunlimited\/#website","url":"https:\/\/pku.biomarin.com\/de-de\/liveunlimited\/","name":"BioMarin Live Unlimited DE-DE","description":"","potentialAction":[{"@type":"SearchAction","target":{"@type":"EntryPoint","urlTemplate":"https:\/\/pku.biomarin.com\/de-de\/liveunlimited\/?s={search_term_string}"},"query-input":{"@type":"PropertyValueSpecification","valueRequired":true,"valueName":"search_term_string"}}],"inLanguage":"de"}]}},"_links":{"self":[{"href":"https:\/\/pku.biomarin.com\/de-de\/liveunlimited\/wp-json\/wp\/v2\/pages\/534","targetHints":{"allow":["GET"]}}],"collection":[{"href":"https:\/\/pku.biomarin.com\/de-de\/liveunlimited\/wp-json\/wp\/v2\/pages"}],"about":[{"href":"https:\/\/pku.biomarin.com\/de-de\/liveunlimited\/wp-json\/wp\/v2\/types\/page"}],"author":[{"embeddable":true,"href":"https:\/\/pku.biomarin.com\/de-de\/liveunlimited\/wp-json\/wp\/v2\/users\/2"}],"replies":[{"embeddable":true,"href":"https:\/\/pku.biomarin.com\/de-de\/liveunlimited\/wp-json\/wp\/v2\/comments?post=534"}],"version-history":[{"count":53,"href":"https:\/\/pku.biomarin.com\/de-de\/liveunlimited\/wp-json\/wp\/v2\/pages\/534\/revisions"}],"predecessor-version":[{"id":1524,"href":"https:\/\/pku.biomarin.com\/de-de\/liveunlimited\/wp-json\/wp\/v2\/pages\/534\/revisions\/1524"}],"wp:attachment":[{"href":"https:\/\/pku.biomarin.com\/de-de\/liveunlimited\/wp-json\/wp\/v2\/media?parent=534"}],"curies":[{"name":"wp","href":"https:\/\/api.w.org\/{rel}","templated":true}]}}