{"id":532,"date":"2023-11-08T22:52:58","date_gmt":"2023-11-08T22:52:58","guid":{"rendered":"https:\/\/liveunlimitedpku-dev-001.azurewebsites.net\/de-de\/?page_id=532"},"modified":"2025-02-12T12:52:32","modified_gmt":"2025-02-12T12:52:32","slug":"raquel","status":"publish","type":"page","link":"https:\/\/pku.biomarin.com\/de-de\/liveunlimited\/raquel\/","title":{"rendered":"Raquel"},"content":{"rendered":"<div id=\"acf-block-65520490af7c6\" class=\"hero hero-no-overlay hero-large-first-para\">\n            <div class=\"hero-background-image hero-background-image-desktop\" style=\"background-image: url(https:\/\/pku.biomarin.com\/de-de\/liveunlimited\/wp-content\/uploads\/sites\/14\/2023\/11\/raquel-header.jpg?v=0.74);\"><\/div>\n\t    <div class=\"hero-background-image hero-background-image-mobile\" style=\"background-image: url(https:\/\/pku.biomarin.com\/de-de\/liveunlimited\/wp-content\/uploads\/sites\/14\/2023\/11\/raquel-header.jpg?v=0.74);\"><\/div>\n    \t<div class=\"overlay\"><\/div>\n\t<div class=\"wrapper\">\n\t\t<div class=\"inner-wrapper\">\n\t\t\t<div class=\"hero-content\">\n\t\t\t    \t\t\t\t    <span class=\"section-title\"> Das leben ist kompliziert, wenn man nicht \u00fcber die n\u00f6tigen hilfsmittel verf\u00fcgt<\/span>\n\t\t\t\t\t\t\t\t\t\t\t\t\t\t\t\t    <h1>RAQUEL\n<\/h1>\n\t\t\t\t\t\t\t\t\t\t\t\t    <p>Spanien<\/p>\n<p>Raquel verf\u00fcgt \u00fcber eine lebhafte Pers\u00f6nlichkeit. Sie bringt alle in ihrer N\u00e4he zum L\u00e4cheln und verbreitet gute Laune. Obwohl sie sich als Patientin mit seltener Erkrankung mit dem oft schwierigen spanischen medizinischen Umfeld auseinanderzusetzen hat, ist sie dankbar f\u00fcr die Pflege durch ihren Hausarzt und die dadurch entstandene Beziehung. Dennoch ist sie felsenfest davon \u00fcberzeugt, dass zur Unterst\u00fctzung von Erwachsenen mit PKU mehr getan werden muss.<\/p>\n\t\t\t\t\t\t\t\t\n                <p class=\"inline-buttons\">\n                                                        <\/p>\n\t\t\t\t\t\t\t<\/div>\n\t\t<\/div>\n\t<\/div>\n<\/div>\n\n\n<div id=\"acf-block-6552051332140\" class=\"block next-previous block-tight-top\">\n    <div class=\"wrapper\">\n\t\t<div class=\"inner-wrapper\">\n            <div class=\"link link-prev\">\n                                    <p><a class=\"button button-text button-arrow button-arrow-left\" href=\"https:\/\/pku.biomarin.com\/de-de\/liveunlimited\/videogeschichten\/\" target=\"_self\">Zur\u00fcck zu allen Videogeschichten<\/a><\/p>\n                            <\/div>\n            <div class=\"link link-next\">\n                            <\/div>\n\t\t<\/div>\n\t<\/div>\n<\/div>\n\n<div id=\"acf-block-655206d94332a\" class=\"block wrapped-content\">\n    <div class=\"wrapper\">\n        <div class=\"inner-wrapper\">\n                \n<div id=\"acf-block-655206d943470\" class=\"block-wysiwyg\">\n            <h2>Wie die meisten Patienten mit PKU wurde sie bis Ende zwanzig von einem Kinderarzt betreut.<\/h2>\n<p><strong>\u201eWir hier in Galizien haben ein gro\u00dfartiges Team und daher Gl\u00fcck\u201d,<\/strong> sagt Raquel. <strong>\u201e<\/strong><strong>Als ich jedoch von der Kinderabteilung in die Abteilung f\u00fcr Erwachsene \u00fcberwiesen wurde, war ich 27, da es nicht genug Patienten gibt, die den Unterhalt einer Abteilung f\u00fcr Erwachsene rechtfertigen. Das Leben mit einer seltenen Stoffwechselerkrankung wie PKU ist nicht einfach, da \u00c4rzte und Gesundheitsdienstleister weder \u00fcber Erfahrung in der Behandlung der Krankheit noch \u00fcber entsprechende Informationen verf\u00fcgen. Mein Arzt nannte mich immer \u201adie Seltene\u2018, da sein einziges Wissen dar\u00fcber aus seinem Medizinstudium stammte. Wenn schon ein Arzt kaum etwas dar\u00fcber wei\u00df, wie soll dann eine Person ohne Medizinstudium dies in vollem Umfang verstehen?\u201c<\/strong><\/p>\n<p>Raquel ist jetzt 32, und ihr Zustand hindert sie nicht daran, ihr Leben voll und ganz zu genie\u00dfen. Ihre Eltern, ihr Ehemann und ihre Freunde unterst\u00fctzen sie. Sie dienen ihr, wie auch ihre Hobbies, als \u201aAlarmsignale\u2018, wie sie es nennt, wenn der PHE-Spiegel in ihrem Blut h\u00f6her als normal ist und die Symptome aufzutreten beginnen.<\/p>\n<p><strong>\u201eMit Rollschuh laufen \u00fcberpr\u00fcfe ich meinen Spiegel. Ein Problem ist dann f\u00fcr mich offensichtlich, wenn ich zu viel Zeit daf\u00fcr verwende, etwas Neues zu lernen oder eine bereits bekannte Technik ausprobiere. Meine Mutter dient mir auch als Alarmsignal f\u00fcr meine PKU. Wenn sie bei mir schlechte Laune bemerkt, erkundigt sie sich immer nach meinem Phe-Spiegel. Mein Ehemann macht es ebenfalls so. Er achtet immer genau auf meine eingenommene Proteinmenge und darauf, was ich esse, wenn wir ausgehen, und wie es mir geht.\u201c<\/strong><\/p>\n<p>Hinsichtlich der PKU-Symptome ist Raquel der Meinung, die Konzentrationsprobleme h\u00e4tten den gr\u00f6\u00dften Einfluss auf ihr Leben gehabt.<strong> \u201eEs \u00fcbernimmt dein Leben. Du bist nicht mehr du selbst. Dein Wutpegel ver\u00e4ndert sich ebenfalls, genauso wie dein Geruch. Fr\u00fcher habe ich an nationalen und internationalen Rollschuh-Wettbewerben teilgenommen. Um sich mit dem Team zu koordinieren, muss man sich konzentrieren. Aus diesem Grund muss man jeden Tag aufmerksam sein. Man muss sich selbst einsch\u00e4tzen k\u00f6nnen, wissen, wann man die Kontrolle verliert, und den Spiegel kontrollieren.\u201c<\/strong><\/p>\n    <\/div>\n        <\/div>\n    <\/div>\n<\/div>\n\n<div id=\"acf-block-655206d94409a\" class=\"block split-content equal-bias content-reverse bottom-border\" data-muted-autoplay=\"false\">\n\t<div class=\"wrapper\">\n\t\t<div class=\"inner-wrapper\">\n\t\t                                                                <div class=\"content-block first-block\">\n                                                                                                                                                                                                                                                                                    \n                                    \n                                                                                                                \n                                    \n                                    <figure>\n                                        <div class=\"image image-rounded\">\n                                                                                            <img decoding=\"async\" class=\"\" src=\"https:\/\/pku.biomarin.com\/de-de\/liveunlimited\/wp-content\/uploads\/sites\/14\/2023\/11\/Raquel-07555-768x512-1.jpg?v=0.74\" alt=\"Photo of Raquel, arms folded against a white wall.\" \/>                                                                                    <\/div>\n                                                                            <\/figure>\n                                                                                    <\/div>\n                    \n                                            <div class=\"content-block second-block\">\n                                                                                                <h3>Durch das Kennenlernen der Unberechenbarkeiten der PKU und der Gefahren, die die Einnahme von zu viel Protein in jungen Jahren bedeuten kann, konnte Raquel ihren Zustand ihr ganzes Leben lang kontrollieren.<\/h3>\n<p>Ihrer Meinung nach ist es daher f\u00fcr jeden Patienten au\u00dferordentlich wichtig, selbstst\u00e4ndig zu sein und sich selbst sehr gut zu kennen. Zus\u00e4tzlich erwartet sie mehr Unterst\u00fctzung durch das Gesundheitssystem und vor allem einen besseren Informationsaustausch zwischen Gesundheitsexperten.<\/p>\n                                                                                    <\/div>\n                                                \t\t<\/div>\n\t<\/div>\n<\/div>\n\n<div id=\"acf-block-655206d9440f5\" class=\"block wrapped-content\">\n    <div class=\"wrapper\">\n        <div class=\"inner-wrapper\">\n                \n<div id=\"acf-block-655206d94411c\" class=\"block-wysiwyg\">\n            <p><strong>\u201eIn einigen Orten wie Madrid gibt es zwei Referenzkliniken. Hausarzt und Facharzt der meisten Patienten praktizieren vor Ort und tauschen sich als Kollegen untereinander aus. In meinem Fall haben wir Zugang zu einem Team und einer Einrichtung, die sich um unsere Ern\u00e4hrungspl\u00e4ne und Blutwerte k\u00fcmmert und daf\u00fcr sorgt, dass alles in Ordnung ist. Jedoch praktiziert mein Hausarzt nicht in Santiago. Falls irgendwas passiert, verf\u00fcgen sie \u00fcber keinerlei Aufzeichnungen. Sie wissen zwar Bescheid, tauschen sich allerdings nicht untereinander aus.\u201c <\/strong><\/p>\n    <\/div>\n        <\/div>\n    <\/div>\n<\/div>\n\n<div id=\"acf-block-655206d9441ac\" class=\"block split-content equal-bias bottom-border\" data-muted-autoplay=\"false\">\n\t<div class=\"wrapper\">\n\t\t<div class=\"inner-wrapper\">\n\t\t                                                                <div class=\"content-block first-block\">\n                                                                                                                                                                                                                                                <div class=\"video-poster\">\n\t\t\t                            <a class=\"modal-video permitted\" href=\"https:\/\/player.vimeo.com\/video\/1035832196\" style=\"background-image: url(https:\/\/pku.biomarin.com\/de-de\/liveunlimited\/wp-content\/uploads\/sites\/14\/2023\/11\/2023-11-13-11h45m26s007-1500x844.jpg);\">Play<\/a>\n\t\t                            <\/div>\n                                    \n                                                                                                                    \n                                                                                                                \n\t\t                                                                            <\/div>\n                    \n                                            <div class=\"content-block second-block\">\n                                                                                                <h3>Mit Blick auf die Zukunft f\u00fchlt sich Raquel unsicher, doch m\u00f6chte sie j\u00fcngeren Patienten ihre Erfahrungen weitergeben.<\/h3>\n<p><em>\u201eMeiner Meinung nach machen sich die meisten Patienten mit PKU in meinem Alter Sorgen dar\u00fcber, wie ihre Zukunft aussieht. Ich geh\u00f6re zur ersten Generation, bei denen PKU bei der Geburt entdeckt wurde. Daher gibt es derzeit keine Informationen zu Personen im Alter ab 50 Jahren. Dies \u00e4ngstigt mich, da ich nicht wei\u00df, was auf mich zukommt. PKU ist eine schwerwiegende Erkrankung, die Folgen haben kann, wenn sie nicht von Anfang an behandelt wird.\u201c<\/em><\/p>\n                                                                                    <\/div>\n                                                \t\t<\/div>\n\t<\/div>\n<\/div>\n\n<div id=\"acf-block-65520eeedc820\" class=\"block next-previous\">\n    <div class=\"wrapper\">\n\t\t<div class=\"inner-wrapper\">\n            <div class=\"link link-prev\">\n                                    <p><a class=\"button button-text button-arrow button-arrow-left\" href=\"https:\/\/pku.biomarin.com\/de-de\/liveunlimited\/lal\/\" target=\"_self\">Lal<\/a><\/p>\n                            <\/div>\n            <div class=\"link link-next\">\n                                    <p><a class=\"button button-text button-arrow\" href=\"https:\/\/pku.biomarin.com\/de-de\/liveunlimited\/michelle\/\" target=\"_self\">Michelle<\/a><\/p>\n                            <\/div>\n\t\t<\/div>\n\t<\/div>\n<\/div>","protected":false},"excerpt":{"rendered":"","protected":false},"author":2,"featured_media":0,"parent":0,"menu_order":0,"comment_status":"closed","ping_status":"closed","template":"","meta":{"_acf_changed":false,"inline_featured_image":false,"footnotes":""},"class_list":["post-532","page","type-page","status-publish","hentry"],"acf":[],"yoast_head":"<!-- This site is optimized with the Yoast SEO plugin v27.1.1 - https:\/\/yoast.com\/product\/yoast-seo-wordpress\/ -->\n<title>Raquel - BioMarin Live Unlimited DE-DE<\/title>\n<meta name=\"robots\" content=\"index, follow, max-snippet:-1, max-image-preview:large, max-video-preview:-1\" \/>\n<link rel=\"canonical\" href=\"https:\/\/pku.biomarin.com\/de-de\/liveunlimited\/raquel\/\" \/>\n<meta property=\"og:locale\" content=\"de_DE\" \/>\n<meta property=\"og:type\" content=\"article\" \/>\n<meta property=\"og:title\" content=\"Raquel - BioMarin Live Unlimited DE-DE\" \/>\n<meta property=\"og:url\" content=\"https:\/\/pku.biomarin.com\/de-de\/liveunlimited\/raquel\/\" \/>\n<meta property=\"og:site_name\" content=\"BioMarin Live Unlimited DE-DE\" \/>\n<meta property=\"article:modified_time\" content=\"2025-02-12T12:52:32+00:00\" \/>\n<meta name=\"twitter:card\" content=\"summary_large_image\" \/>\n<script type=\"application\/ld+json\" class=\"yoast-schema-graph\">{\"@context\":\"https:\/\/schema.org\",\"@graph\":[{\"@type\":\"WebPage\",\"@id\":\"https:\/\/pku.biomarin.com\/de-de\/liveunlimited\/raquel\/\",\"url\":\"https:\/\/pku.biomarin.com\/de-de\/liveunlimited\/raquel\/\",\"name\":\"Raquel - BioMarin Live Unlimited DE-DE\",\"isPartOf\":{\"@id\":\"https:\/\/pku.biomarin.com\/de-de\/liveunlimited\/#website\"},\"datePublished\":\"2023-11-08T22:52:58+00:00\",\"dateModified\":\"2025-02-12T12:52:32+00:00\",\"breadcrumb\":{\"@id\":\"https:\/\/pku.biomarin.com\/de-de\/liveunlimited\/raquel\/#breadcrumb\"},\"inLanguage\":\"de\",\"potentialAction\":[{\"@type\":\"ReadAction\",\"target\":[\"https:\/\/pku.biomarin.com\/de-de\/liveunlimited\/raquel\/\"]}]},{\"@type\":\"BreadcrumbList\",\"@id\":\"https:\/\/pku.biomarin.com\/de-de\/liveunlimited\/raquel\/#breadcrumb\",\"itemListElement\":[{\"@type\":\"ListItem\",\"position\":1,\"name\":\"Home\",\"item\":\"https:\/\/pku.biomarin.com\/de-de\/liveunlimited\/\"},{\"@type\":\"ListItem\",\"position\":2,\"name\":\"Raquel\"}]},{\"@type\":\"WebSite\",\"@id\":\"https:\/\/pku.biomarin.com\/de-de\/liveunlimited\/#website\",\"url\":\"https:\/\/pku.biomarin.com\/de-de\/liveunlimited\/\",\"name\":\"BioMarin Live Unlimited DE-DE\",\"description\":\"\",\"potentialAction\":[{\"@type\":\"SearchAction\",\"target\":{\"@type\":\"EntryPoint\",\"urlTemplate\":\"https:\/\/pku.biomarin.com\/de-de\/liveunlimited\/?s={search_term_string}\"},\"query-input\":{\"@type\":\"PropertyValueSpecification\",\"valueRequired\":true,\"valueName\":\"search_term_string\"}}],\"inLanguage\":\"de\"}]}<\/script>\n<!-- \/ Yoast SEO plugin. -->","yoast_head_json":{"title":"Raquel - BioMarin Live Unlimited DE-DE","robots":{"index":"index","follow":"follow","max-snippet":"max-snippet:-1","max-image-preview":"max-image-preview:large","max-video-preview":"max-video-preview:-1"},"canonical":"https:\/\/pku.biomarin.com\/de-de\/liveunlimited\/raquel\/","og_locale":"de_DE","og_type":"article","og_title":"Raquel - BioMarin Live Unlimited DE-DE","og_url":"https:\/\/pku.biomarin.com\/de-de\/liveunlimited\/raquel\/","og_site_name":"BioMarin Live Unlimited DE-DE","article_modified_time":"2025-02-12T12:52:32+00:00","twitter_card":"summary_large_image","schema":{"@context":"https:\/\/schema.org","@graph":[{"@type":"WebPage","@id":"https:\/\/pku.biomarin.com\/de-de\/liveunlimited\/raquel\/","url":"https:\/\/pku.biomarin.com\/de-de\/liveunlimited\/raquel\/","name":"Raquel - BioMarin Live Unlimited DE-DE","isPartOf":{"@id":"https:\/\/pku.biomarin.com\/de-de\/liveunlimited\/#website"},"datePublished":"2023-11-08T22:52:58+00:00","dateModified":"2025-02-12T12:52:32+00:00","breadcrumb":{"@id":"https:\/\/pku.biomarin.com\/de-de\/liveunlimited\/raquel\/#breadcrumb"},"inLanguage":"de","potentialAction":[{"@type":"ReadAction","target":["https:\/\/pku.biomarin.com\/de-de\/liveunlimited\/raquel\/"]}]},{"@type":"BreadcrumbList","@id":"https:\/\/pku.biomarin.com\/de-de\/liveunlimited\/raquel\/#breadcrumb","itemListElement":[{"@type":"ListItem","position":1,"name":"Home","item":"https:\/\/pku.biomarin.com\/de-de\/liveunlimited\/"},{"@type":"ListItem","position":2,"name":"Raquel"}]},{"@type":"WebSite","@id":"https:\/\/pku.biomarin.com\/de-de\/liveunlimited\/#website","url":"https:\/\/pku.biomarin.com\/de-de\/liveunlimited\/","name":"BioMarin Live Unlimited DE-DE","description":"","potentialAction":[{"@type":"SearchAction","target":{"@type":"EntryPoint","urlTemplate":"https:\/\/pku.biomarin.com\/de-de\/liveunlimited\/?s={search_term_string}"},"query-input":{"@type":"PropertyValueSpecification","valueRequired":true,"valueName":"search_term_string"}}],"inLanguage":"de"}]}},"_links":{"self":[{"href":"https:\/\/pku.biomarin.com\/de-de\/liveunlimited\/wp-json\/wp\/v2\/pages\/532","targetHints":{"allow":["GET"]}}],"collection":[{"href":"https:\/\/pku.biomarin.com\/de-de\/liveunlimited\/wp-json\/wp\/v2\/pages"}],"about":[{"href":"https:\/\/pku.biomarin.com\/de-de\/liveunlimited\/wp-json\/wp\/v2\/types\/page"}],"author":[{"embeddable":true,"href":"https:\/\/pku.biomarin.com\/de-de\/liveunlimited\/wp-json\/wp\/v2\/users\/2"}],"replies":[{"embeddable":true,"href":"https:\/\/pku.biomarin.com\/de-de\/liveunlimited\/wp-json\/wp\/v2\/comments?post=532"}],"version-history":[{"count":58,"href":"https:\/\/pku.biomarin.com\/de-de\/liveunlimited\/wp-json\/wp\/v2\/pages\/532\/revisions"}],"predecessor-version":[{"id":1522,"href":"https:\/\/pku.biomarin.com\/de-de\/liveunlimited\/wp-json\/wp\/v2\/pages\/532\/revisions\/1522"}],"wp:attachment":[{"href":"https:\/\/pku.biomarin.com\/de-de\/liveunlimited\/wp-json\/wp\/v2\/media?parent=532"}],"curies":[{"name":"wp","href":"https:\/\/api.w.org\/{rel}","templated":true}]}}